{"id":145,"date":"2017-02-12T22:09:15","date_gmt":"2017-02-12T21:09:15","guid":{"rendered":"http:\/\/kd.myderma.de\/?page_id=145"},"modified":"2017-12-11T15:51:13","modified_gmt":"2017-12-11T14:51:13","slug":"hals","status":"publish","type":"page","link":"https:\/\/kirsten-derma.de\/ru\/scheja-podtjaschka\/","title":{"rendered":"\u0428\u0435\u044f"},"content":{"rendered":"<div id=\"post-2773\" class=\"post-2773 page type-page status-publish hentry\">\n<div class=\"entry-page-wrapper entry-content clearfix\">\n<div id=\"mtheme-pagebuilder-wrapper-2773\" class=\"mtheme-pagebuilder\">\n<div class=\"mtheme-supercell clearfix \">\n<div class=\"mtheme-cell-wrap\">\n<div id=\"mtheme-block-1\" class=\"mtheme-block mtheme-block-em_textbox span12 mtheme-first-cell \" data-width=\"12\">\n<div style=\"padding: 0 0 0;margin: 0 0 0;background-color: ;color: ;border-width:0px;border-color:#ffffff;border-style:solid;\">\n<h1>\u0428\u0435\u044f<\/h1>\n<\/div>\n<\/div>\n<\/div>\n<\/div>\n<div class=\"mtheme-modular-column\">\n<div class=\"mtheme-supercell clearfix  boxed-column divided-column\">\n<div class=\"column-setter first-column span6\">\n<div class=\"mtheme-cell-wrap\">\n<div id=\"mtheme-block-2\" class=\"mtheme-block mtheme-block-em_column_block span6 mtheme-first-cell \" data-width=\"6\">\n<div class=\"row clearfix\">\n<div class=\"mtheme-cell-wrap\">\n<div id=\"mtheme-block-3\" class=\"mtheme-block mtheme-block-em_hline span6 mtheme-first-cell \" data-width=\"6\">\n<div class=\"clearfix hline-common hline-single\" style=\"margin-top:10px;margin-bottom:10px;border-color:#EC3939;border-width:1px;\"><\/div>\n<\/div>\n<\/div>\n<\/div>\n<div class=\"row clearfix\">\n<div class=\"mtheme-cell-wrap\">\n<div id=\"mtheme-block-4\" class=\"mtheme-block mtheme-block-em_textbox span6 mtheme-first-cell \" data-width=\"6\">\n<div style=\"padding: 0 0 0;margin: 10px 0 20px;background-color: #ffffff;color: ;border-width:0px;border-color:#ffffff;border-style:solid;\">\n<h3><a href=\"https:\/\/kirsten-derma.de\/ru\/podtjaschka-schei\/\">\u0411\u0435\u0437\u043e\u043f\u0435\u0440\u0430\u0446\u0438\u043e\u043d\u043d\u0430\u044f \u043f\u043e\u0434\u0442\u044f\u0436\u043a\u0430 \u0448\u0435\u0438<\/a><\/h3>\n<\/div>\n<\/div>\n<\/div>\n<\/div>\n<div class=\"row clearfix\">\n<div class=\"mtheme-cell-wrap\">\n<div id=\"mtheme-block-5\" class=\"mtheme-block mtheme-block-em_singleimage span6 mtheme-first-cell \" data-width=\"6\">\n<div class=\"single-image-block none\" style=\"padding-top:0;padding-bottom:20px;text-align:center;\"><a target=\"_self\" href=\"https:\/\/kirsten-derma.de\/ru\/podtjaschka-schei\/\"><img wpfc-lazyload-disable=\"true\" decoding=\"async\" src=\"https:\/\/kirsten-derma.de\/wp-content\/uploads\/2017\/02\/halsstraffung-1.jpg\" alt=\"halsstraffung-berlin\"><\/a><\/div>\n<\/div>\n<\/div>\n<\/div>\n<div class=\"row clearfix\">\n<div class=\"mtheme-cell-wrap\">\n<div id=\"mtheme-block-6\" class=\"mtheme-block mtheme-block-em_textbox span6 mtheme-first-cell \" data-width=\"6\">\n<div style=\"padding: 0 0 0;margin: 0 0 0;background-color: ;color: ;border-width:0px;border-color:#ffffff;border-style:solid;\">\n<p>\u0421\u0430\u043c\u044b\u043c\u0438 \u0437\u043b\u043e\u0441\u0442\u043d\u044b\u043c\u0438 \u043f\u0440\u0435\u0434\u0430\u0442\u0435\u043b\u044f\u043c\u0438 \u043d\u0430\u0448\u0435\u0433\u043e \u0432\u043e\u0437\u0440\u0430\u0441\u0442\u0430 \u044f\u0432\u043b\u044f\u044e\u0442\u0441\u044f \u043d\u0430\u0448\u0438 \u0440\u0443\u043a\u0438 \u0438 \u0448\u0435\u044f. \u041a \u0441\u043e\u0436\u0430\u043b\u0435\u043d\u0438\u044e \u0441\u0443\u0449\u0435\u0441\u0442\u0432\u0443\u0435\u0442 \u043d\u0435 \u0442\u0430\u043a \u043c\u043d\u043e\u0433\u043e \u043e\u043f\u0435\u0440\u0430\u0446\u0438\u0439, \u043a\u043e\u0442\u043e\u0440\u044b\u0435 \u0432\u043e\u0437\u043c\u043e\u0436\u043d\u043e \u043f\u0440\u043e\u0432\u043e\u0434\u0438\u0442\u044c \u043d\u0430 \u0448\u0435\u0435 \u0441 \u0446\u0435\u043b\u044c\u044e \u043e\u043c\u043e\u043b\u043e\u0436\u0435\u043d\u0438\u044f\u2026<\/p>\n<\/div>\n<\/div>\n<\/div>\n<\/div>\n<div class=\"row clearfix\">\n<div class=\"mtheme-cell-wrap\">\n<div id=\"mtheme-block-7\" class=\"mtheme-block mtheme-block-em_button span6 mtheme-first-cell \" data-width=\"6\">\n<div class=\"button-shortcode button-shortcode-5a2d69c1097b6\" style=\"text-align:left;\"><a href=\"https:\/\/kirsten-derma.de\/ru\/podtjaschka-schei\/\" _self=\"\"><\/p>\n<div class=\"mtheme-button animated pulse animation-action\"><span class=\"button-icon\"><i class=\"feather-icon-fast-forward\"><\/i><\/span>\u0427\u0438\u0442\u0430\u0442\u044c \u0434\u0430\u043b\u0435\u0435<\/div>\n<p><\/a><\/div>\n<style>.button-shortcode-5a2d69c1097b6 .mtheme-button:after { background-color: #e2664c; }.button-shortcode-5a2d69c1097b6 .mtheme-button { border-color: #e2664c; color: #e2664c; }<\/style>\n<\/div>\n<\/div>\n<\/div>\n<\/div>\n<\/div><\/div>\n<div class=\"column-setter following-column span6\">\n<div class=\"mtheme-cell-wrap\">\n<div id=\"mtheme-block-8\" class=\"mtheme-block mtheme-block-em_column_block span6 mtheme-following-cell \" data-width=\"6\">\n<div class=\"row clearfix\">\n<div class=\"mtheme-cell-wrap\">\n<div id=\"mtheme-block-9\" class=\"mtheme-block mtheme-block-em_hline span6 mtheme-first-cell \" data-width=\"6\">\n<div class=\"clearfix hline-common hline-single\" style=\"margin-top:10px;margin-bottom:10px;border-color:#EC3939;border-width:1px;\"><\/div>\n<\/div>\n<\/div>\n<\/div>\n<div class=\"row clearfix\">\n<div class=\"mtheme-cell-wrap\">\n<div id=\"mtheme-block-10\" class=\"mtheme-block mtheme-block-em_textbox span6 mtheme-first-cell \" data-width=\"6\">\n<div style=\"padding: 0 0 0;margin: 10px 0 20px;background-color: #ffffff;color: ;border-width:0px;border-color:#ffffff;border-style:solid;\">\n<h3><a href=\"https:\/\/kirsten-derma.de\/ru\/korrekzija-dwojnogo-podborodka\/\">\u041a\u043e\u0440\u0440\u0435\u043a\u0446\u0438\u044f \u0434\u0432\u043e\u0439\u043d\u043e\u0433\u043e \u043f\u043e\u0434\u0431\u043e\u0440\u043e\u0434\u043a\u0430<\/a><\/h3>\n<\/div>\n<\/div>\n<\/div>\n<\/div>\n<div class=\"row clearfix\">\n<div class=\"mtheme-cell-wrap\">\n<div id=\"mtheme-block-11\" class=\"mtheme-block mtheme-block-em_singleimage span6 mtheme-first-cell \" data-width=\"6\">\n<div class=\"single-image-block none\" style=\"padding-top:0;padding-bottom:20px;text-align:center;\"><a target=\"_self\" href=\"https:\/\/kirsten-derma.de\/ru\/korrekzija-dwojnogo-podborodka\/\"><img wpfc-lazyload-disable=\"true\" decoding=\"async\" src=\"https:\/\/kirsten-derma.de\/wp-content\/uploads\/2017\/02\/doppelkinn-1.jpg\" alt=\"doppelkinn-entfernen-berlin\"><\/a><\/div>\n<\/div>\n<\/div>\n<\/div>\n<div class=\"row clearfix\">\n<div class=\"mtheme-cell-wrap\">\n<div id=\"mtheme-block-12\" class=\"mtheme-block mtheme-block-em_textbox span6 mtheme-first-cell \" data-width=\"6\">\n<div style=\"padding: 0 0 0;margin: 0 0 0;background-color: ;color: ;border-width:0px;border-color:#ffffff;border-style:solid;\">\n<p>\u041f\u0440\u0438\u0447\u0438\u043d\u044b \u0432\u043e\u0437\u043d\u0438\u043a\u043d\u043e\u0432\u0435\u043d\u0438\u044f \u0432\u0442\u043e\u0440\u043e\u0433\u043e \u043f\u043e\u0434\u0431\u043e\u0440\u043e\u0434\u043a\u0430 \u0440\u0430\u0437\u043b\u0438\u0447\u043d\u044b. \u0423 \u043d\u0435\u043a\u043e\u0442\u043e\u0440\u044b\u0445 \u044d\u0442\u043e \u043d\u0430\u0441\u043b\u0435\u0434\u0441\u0442\u0432\u0435\u043d\u043d\u043e\u0441\u0442\u044c, \u0443 \u0434\u0440\u0443\u0433\u0438\u0445 \u043f\u0440\u0438\u0447\u0438\u043d\u043e\u0439 \u044f\u0432\u043b\u044f\u0435\u0442\u0441\u044f \u0443\u0432\u0435\u043b\u0438\u0447\u0435\u043d\u0438\u0435 \u043c\u0430\u0441\u0441\u044b \u0442\u0435\u043b\u0430. \u0414\u043b\u044f \u043f\u0440\u0430\u0432\u0438\u043b\u044c\u043d\u043e\u0433\u043e \u0432\u044b\u0431\u043e\u0440\u0430 \u0442\u0435\u0440\u0430\u043f\u0435\u0432\u0442\u0438\u0447\u0435\u0441\u043a\u0438\u0445 \u043c\u0435\u0440\u043e\u043f\u0440\u0438\u044f\u0442\u0438\u0439\u2026<\/p>\n<\/div>\n<\/div>\n<\/div>\n<\/div>\n<div class=\"row clearfix\">\n<div class=\"mtheme-cell-wrap\">\n<div id=\"mtheme-block-13\" class=\"mtheme-block mtheme-block-em_button span6 mtheme-first-cell \" data-width=\"6\">\n<div class=\"button-shortcode button-shortcode-5a2d69c10ad03\" style=\"text-align:left;\"><a href=\"https:\/\/kirsten-derma.de\/ru\/korrekzija-dwojnogo-podborodka\/\" _self=\"\"><\/p>\n<div class=\"mtheme-button animated pulse animation-action\"><span class=\"button-icon\"><i class=\"feather-icon-fast-forward\"><\/i><\/span>\u0427\u0438\u0442\u0430\u0442\u044c \u0434\u0430\u043b\u0435\u0435<\/div>\n<p><\/a><\/div>\n<style>.button-shortcode-5a2d69c10ad03 .mtheme-button:after { background-color: #e2664c; }.button-shortcode-5a2d69c10ad03 .mtheme-button { border-color: #e2664c; color: #e2664c; }<\/style>\n<\/div>\n<\/div>\n<\/div>\n<\/div>\n<\/div><\/div>\n<\/div>\n<\/div>\n<div class=\"mtheme-modular-column\">\n<div class=\"mtheme-supercell clearfix  boxed-column divided-column\">\n<div class=\"column-setter first-column span6\">\n<div class=\"mtheme-cell-wrap\">\n<div id=\"mtheme-block-14\" class=\"mtheme-block mtheme-block-em_column_block span6 mtheme-first-cell \" data-width=\"6\">\n<div class=\"row clearfix\">\n<div class=\"mtheme-cell-wrap\">\n<div id=\"mtheme-block-15\" class=\"mtheme-block mtheme-block-em_hline span6 mtheme-first-cell \" data-width=\"6\">\n<div class=\"clearfix hline-common hline-single\" style=\"margin-top:30px;margin-bottom:10px;border-color:#EC3939;border-width:1px;\"><\/div>\n<\/div>\n<\/div>\n<\/div>\n<div class=\"row clearfix\">\n<div class=\"mtheme-cell-wrap\">\n<div id=\"mtheme-block-16\" class=\"mtheme-block mtheme-block-em_textbox span6 mtheme-first-cell \" data-width=\"6\">\n<div style=\"padding: 0 0 0;margin: 10px 0 20px;background-color: #ffffff;color: ;border-width:0px;border-color:#ffffff;border-style:solid;\">\n<div class=\"text_oben\">\n<h3><a href=\"https:\/\/kirsten-derma.de\/ru\/nitewoj-lifting-schei-berlin\/\">\u041d\u0438\u0442\u0435\u0432\u043e\u0439 \u043b\u0438\u0444\u0442\u0438\u043d\u0433 \u0448\u0435\u0438<\/a><\/h3>\n<\/div>\n<\/div>\n<\/div>\n<\/div>\n<\/div>\n<div class=\"row clearfix\">\n<div class=\"mtheme-cell-wrap\">\n<div id=\"mtheme-block-17\" class=\"mtheme-block mtheme-block-em_singleimage span6 mtheme-first-cell \" data-width=\"6\">\n<div class=\"single-image-block none\" style=\"padding-top:0;padding-bottom:20px;text-align:center;\"><a target=\"_self\" href=\"https:\/\/kirsten-derma.de\/ru\/nitewoj-lifting-schei-berlin\/\"><img wpfc-lazyload-disable=\"true\" decoding=\"async\" src=\"https:\/\/kirsten-derma.de\/wp-content\/uploads\/2017\/02\/hals-lifting-1.jpg\" alt=\"halsstraffung-berlin\"><\/a><\/div>\n<\/div>\n<\/div>\n<\/div>\n<div class=\"row clearfix\">\n<div class=\"mtheme-cell-wrap\">\n<div id=\"mtheme-block-18\" class=\"mtheme-block mtheme-block-em_textbox span6 mtheme-first-cell \" data-width=\"6\">\n<div style=\"padding: 0 0 0;margin: 0 0 0;background-color: ;color: ;border-width:0px;border-color:#ffffff;border-style:solid;\">\n<p>\u0423\u0436\u0435 \u043d\u0435\u0441\u043a\u043e\u043b\u044c\u043a\u043e \u043b\u0435\u0442 \u0432 \u043a\u043b\u0438\u043d\u0438\u043a\u0435 \u0434\u043e\u043a\u0442\u043e\u0440\u0430 \u041a\u0438\u0440\u0441\u0442\u0435\u043d\u0430 \u0441 \u0443\u0441\u043f\u0435\u0445\u043e\u043c \u043f\u0440\u0438\u043c\u0435\u043d\u044f\u044e\u0442\u0441\u044f \u0440\u0430\u0437\u043b\u0438\u0447\u043d\u044b\u0435 \u043c\u0435\u0442\u043e\u0434\u044b \u043f\u043e\u0434\u0442\u044f\u0436\u043a\u0438 \u0448\u0435\u0438: \u043a\u0430\u043a \u0445\u0438\u0440\u0443\u0440\u0433\u0438\u0447\u0435\u0441\u043a\u0438\u0435, \u0442\u0430\u043a \u0438 \u043d\u0435\u0445\u0438\u0440\u0443\u0440\u0433\u0438\u0447\u0435\u0441\u043a\u0438\u0435. \u0412 \u0441\u043e\u0447\u0435\u0442\u0430\u043d\u0438\u0438 \u0441 \u043b\u0438\u043f\u043e\u0441\u0430\u043a\u0446\u0438\u0435\u0439 \u043d\u0438\u0442\u0435\u0432\u0430\u044f \u043f\u043e\u0434\u0442\u044f\u0436\u043a\u0430 \u0448\u0435\u0438 \u043f\u043e\u0437\u0432\u043e\u043b\u044f\u0435\u0442&#8230;<\/p>\n<\/div>\n<\/div>\n<\/div>\n<\/div>\n<div class=\"row clearfix\">\n<div class=\"mtheme-cell-wrap\">\n<div id=\"mtheme-block-19\" class=\"mtheme-block mtheme-block-em_button span6 mtheme-first-cell \" data-width=\"6\">\n<div class=\"button-shortcode button-shortcode-5a2d69c10c353\" style=\"text-align:left;\"><a href=\"https:\/\/kirsten-derma.de\/ru\/nitewoj-lifting-schei-berlin\/\" _self=\"\"><\/p>\n<div class=\"mtheme-button animated pulse animation-action\"><span class=\"button-icon\"><i class=\"feather-icon-fast-forward\"><\/i><\/span>\u0427\u0438\u0442\u0430\u0442\u044c \u0434\u0430\u043b\u0435\u0435<\/div>\n<p><\/a><\/div>\n<style>.button-shortcode-5a2d69c10c353 .mtheme-button:after { background-color: #e2664c; }.button-shortcode-5a2d69c10c353 .mtheme-button { border-color: #e2664c; color: #e2664c; }<\/style>\n<\/div>\n<\/div>\n<\/div>\n<\/div>\n<\/div><\/div>\n<div class=\"column-setter following-column span6\">\n<div class=\"mtheme-cell-wrap\">\n<div id=\"mtheme-block-20\" class=\"mtheme-block mtheme-block-em_column_block span6 mtheme-following-cell \" data-width=\"6\">\n<div class=\"row clearfix\">\n<div class=\"mtheme-cell-wrap\">\n<div id=\"mtheme-block-21\" class=\"mtheme-block mtheme-block-em_hline span6 mtheme-first-cell \" data-width=\"6\">\n<div class=\"clearfix hline-common hline-single\" style=\"margin-top:30px;margin-bottom:10px;border-color:#EC3939;border-width:1px;\"><\/div>\n<\/div>\n<\/div>\n<\/div>\n<div class=\"row clearfix\">\n<div class=\"mtheme-cell-wrap\">\n<div id=\"mtheme-block-22\" class=\"mtheme-block mtheme-block-em_textbox span6 mtheme-first-cell \" data-width=\"6\">\n<div style=\"padding: 0 0 0;margin: 10px 0 20px;background-color: #ffffff;color: ;border-width:0px;border-color:#ffffff;border-style:solid;\">\n<h3 class=\"heading\"><a href=\"https:\/\/kirsten-derma.de\/ru\/verjuengung-des-dekolletes\/\">\u041e\u043c\u043e\u043b\u043e\u0436\u0435\u043d\u0438\u0435 \u0437\u043e\u043d\u044b \u0434\u0435\u043a\u043e\u043b\u044c\u0442\u0435<\/a><\/h3>\n<\/div>\n<\/div>\n<\/div>\n<\/div>\n<div class=\"row clearfix\">\n<div class=\"mtheme-cell-wrap\">\n<div id=\"mtheme-block-23\" class=\"mtheme-block mtheme-block-em_singleimage span6 mtheme-first-cell \" data-width=\"6\">\n<div class=\"single-image-block none\" style=\"padding-top:0;padding-bottom:20px;text-align:center;\"><a target=\"_self\" href=\"https:\/\/kirsten-derma.de\/ru\/verjuengung-des-dekolletes\/\"><img wpfc-lazyload-disable=\"true\" decoding=\"async\" src=\"https:\/\/kirsten-derma.de\/wp-content\/uploads\/2017\/02\/decollete-straffung-berlin.jpg\" alt=\"decollete-straffung-berlin\"><\/a><\/div>\n<\/div>\n<\/div>\n<\/div>\n<div class=\"row clearfix\">\n<div class=\"mtheme-cell-wrap\">\n<div id=\"mtheme-block-24\" class=\"mtheme-block mtheme-block-em_textbox span6 mtheme-first-cell \" data-width=\"6\">\n<div style=\"padding: 0 0 0;margin: 0 0 0;background-color: ;color: ;border-width:0px;border-color:#ffffff;border-style:solid;\">\n<p>\u041c\u043e\u043b\u043e\u0434\u043e\u0435 \u043f\u043e\u0434\u0442\u044f\u043d\u0443\u0442\u043e\u0435 \u0434\u0435\u043a\u043e\u043b\u044c\u0442\u0435 \u0432\u0441e\u0433\u0434\u0430 \u043f\u0440\u0438\u0442\u044f\u0433\u0438\u0432\u0430\u0435\u0442 \u0432\u0437\u0433\u043b\u044f\u0434. \u0412\u0435\u0440\u043d\u0443\u0442\u044c \u0431\u044b\u043b\u0443\u044e \u043a\u0440\u0430\u0441\u043e\u0442\u0443 \u043f\u043e\u043c\u043e\u0436\u0435\u0442 \u043a\u043e\u043c\u0431\u0438\u043d\u0430\u0446\u0438\u044f \u0444\u043e\u043a\u0443\u0441\u0438\u0440\u043e\u0432\u0430\u043d\u043d\u043e\u0433\u043e \u0443\u043b\u044c\u0442\u0440\u0430\u0437\u0432\u0443\u043a\u0430 \u0438 \u0440\u0430\u0437\u043b\u0438\u0447\u043d\u044b\u0445 \u043b\u0435\u0447\u0435\u0431\u043d\u044b\u0445 \u043f\u0440\u043e\u0446\u0435\u0434\u0443\u0440, \u0432\u043a\u043b\u044e\u0447\u0430\u044f \u0438\u043d\u044a\u0435\u043a\u0446\u0438\u043e\u043d\u043d\u044b\u0435&#8230;<\/p>\n<\/div>\n<\/div>\n<\/div>\n<\/div>\n<div class=\"row clearfix\">\n<div class=\"mtheme-cell-wrap\">\n<div id=\"mtheme-block-25\" class=\"mtheme-block mtheme-block-em_button span6 mtheme-first-cell \" data-width=\"6\">\n<div class=\"button-shortcode button-shortcode-5a2d69c10d8c0\" style=\"text-align:left;\"><a href=\"https:\/\/kirsten-derma.de\/ru\/verjuengung-des-dekolletes\/\" _self=\"\"><\/p>\n<div class=\"mtheme-button animated pulse animation-action\"><span class=\"button-icon\"><i class=\"feather-icon-fast-forward\"><\/i><\/span>\u0427\u0438\u0442\u0430\u0442\u044c \u0434\u0430\u043b\u0435\u0435<\/div>\n<p><\/a><\/div>\n<style>.button-shortcode-5a2d69c10d8c0 .mtheme-button:after { background-color: #e2664c; }.button-shortcode-5a2d69c10d8c0 .mtheme-button { border-color: #e2664c; color: #e2664c; }<\/style>\n<\/div>\n<\/div>\n<\/div>\n<\/div>\n<\/div><\/div>\n<\/div>\n<\/div>\n<\/div><\/div>\n<\/p><\/div>\n","protected":false},"excerpt":{"rendered":"<p>\u0428\u0435\u044f \u0411\u0435\u0437\u043e\u043f\u0435\u0440\u0430\u0446\u0438\u043e\u043d\u043d\u0430\u044f \u043f\u043e\u0434\u0442\u044f\u0436\u043a\u0430 \u0448\u0435\u0438 \u0421\u0430\u043c\u044b\u043c\u0438 \u0437\u043b\u043e\u0441\u0442\u043d\u044b\u043c\u0438 \u043f\u0440\u0435\u0434\u0430\u0442\u0435\u043b\u044f\u043c\u0438 \u043d\u0430\u0448\u0435\u0433\u043e \u0432\u043e\u0437\u0440\u0430\u0441\u0442\u0430 \u044f\u0432\u043b\u044f\u044e\u0442\u0441\u044f \u043d\u0430\u0448\u0438 \u0440\u0443\u043a\u0438 \u0438 \u0448\u0435\u044f. \u041a \u0441\u043e\u0436\u0430\u043b\u0435\u043d\u0438\u044e \u0441\u0443\u0449\u0435\u0441\u0442\u0432\u0443\u0435\u0442 \u043d\u0435 \u0442\u0430\u043a \u043c\u043d\u043e\u0433\u043e \u043e\u043f\u0435\u0440\u0430\u0446\u0438\u0439, \u043a\u043e\u0442\u043e\u0440\u044b\u0435 \u0432\u043e\u0437\u043c\u043e\u0436\u043d\u043e \u043f\u0440\u043e\u0432\u043e\u0434\u0438\u0442\u044c \u043d\u0430 \u0448\u0435\u0435 \u0441 \u0446\u0435\u043b\u044c\u044e \u043e\u043c\u043e\u043b\u043e\u0436\u0435\u043d\u0438\u044f\u2026 \u0427\u0438\u0442\u0430\u0442\u044c \u0434\u0430\u043b\u0435\u0435 \u041a\u043e\u0440\u0440\u0435\u043a\u0446\u0438\u044f \u0434\u0432\u043e\u0439\u043d\u043e\u0433\u043e \u043f\u043e\u0434\u0431\u043e\u0440\u043e\u0434\u043a\u0430 \u041f\u0440\u0438\u0447\u0438\u043d\u044b \u0432\u043e\u0437\u043d\u0438\u043a\u043d\u043e\u0432\u0435\u043d\u0438\u044f \u0432\u0442\u043e\u0440\u043e\u0433\u043e \u043f\u043e\u0434\u0431\u043e\u0440\u043e\u0434\u043a\u0430 \u0440\u0430\u0437\u043b\u0438\u0447\u043d\u044b. \u0423 \u043d\u0435\u043a\u043e\u0442\u043e\u0440\u044b\u0445 \u044d\u0442\u043e \u043d\u0430\u0441\u043b\u0435\u0434\u0441\u0442\u0432\u0435\u043d\u043d\u043e\u0441\u0442\u044c, \u0443 \u0434\u0440\u0443\u0433\u0438\u0445 \u043f\u0440\u0438\u0447\u0438\u043d\u043e\u0439 \u044f\u0432\u043b\u044f\u0435\u0442\u0441\u044f \u0443\u0432\u0435\u043b\u0438\u0447\u0435\u043d\u0438\u0435 \u043c\u0430\u0441\u0441\u044b \u0442\u0435\u043b\u0430. \u0414\u043b\u044f \u043f\u0440\u0430\u0432\u0438\u043b\u044c\u043d\u043e\u0433\u043e \u0432\u044b\u0431\u043e\u0440\u0430 \u0442\u0435\u0440\u0430\u043f\u0435\u0432\u0442\u0438\u0447\u0435\u0441\u043a\u0438\u0445 \u043c\u0435\u0440\u043e\u043f\u0440\u0438\u044f\u0442\u0438\u0439\u2026 \u0427\u0438\u0442\u0430\u0442\u044c \u0434\u0430\u043b\u0435\u0435 \u041d\u0438\u0442\u0435\u0432\u043e\u0439 \u043b\u0438\u0444\u0442\u0438\u043d\u0433 \u0448\u0435\u0438 \u0423\u0436\u0435 \u043d\u0435\u0441\u043a\u043e\u043b\u044c\u043a\u043e \u043b\u0435\u0442 \u0432 \u043a\u043b\u0438\u043d\u0438\u043a\u0435 \u0434\u043e\u043a\u0442\u043e\u0440\u0430 \u041a\u0438\u0440\u0441\u0442\u0435\u043d\u0430 \u0441 \u0443\u0441\u043f\u0435\u0445\u043e\u043c \u043f\u0440\u0438\u043c\u0435\u043d\u044f\u044e\u0442\u0441\u044f \u0440\u0430\u0437\u043b\u0438\u0447\u043d\u044b\u0435 \u043c\u0435\u0442\u043e\u0434\u044b \u043f\u043e\u0434\u0442\u044f\u0436\u043a\u0438 \u0448\u0435\u0438: \u043a\u0430\u043a \u0445\u0438\u0440\u0443\u0440\u0433\u0438\u0447\u0435\u0441\u043a\u0438\u0435, \u0442\u0430\u043a \u0438 \u043d\u0435\u0445\u0438\u0440\u0443\u0440\u0433\u0438\u0447\u0435\u0441\u043a\u0438\u0435. \u0412 [&hellip;]<\/p>\n","protected":false},"author":2,"featured_media":0,"parent":0,"menu_order":0,"comment_status":"closed","ping_status":"closed","template":"","meta":{"footnotes":""},"tags":[],"class_list":["post-145","page","type-page","status-publish","hentry"],"yoast_head":"<!-- This site is optimized with the Yoast SEO Premium plugin v22.5 (Yoast SEO v16.4) - https:\/\/yoast.com\/wordpress\/plugins\/seo\/ -->\n<title>Halsbehandlungen (Halsstraffung) - Kirsten-derma<\/title>\n<meta name=\"description\" content=\"Spezialist f\u00fcr Faltenunterspritzung, Faltenbehandlung, Hyalurons\u00e4ure und Botox\u00ae, Faltenbehandlung, seit \u00fcber 15 Jahren in Berlin am Ku&#039;damm. Sch\u00f6nheit mu\u00df nicht mit hohen Kosten verbunden sein. Jetzt informieren 030 236 212 92.\" \/>\n<meta name=\"robots\" content=\"index, follow, max-snippet:-1, max-image-preview:large, max-video-preview:-1\" \/>\n<link rel=\"canonical\" href=\"https:\/\/kirsten-derma.de\/hals-behandlung-berlin\/\" \/>\n<meta property=\"og:locale\" content=\"ru_RU\" \/>\n<meta property=\"og:type\" content=\"article\" \/>\n<meta property=\"og:title\" content=\"Halsbehandlungen (Halsstraffung) - Kirsten-derma\" \/>\n<meta property=\"og:description\" content=\"Spezialist f\u00fcr Faltenunterspritzung, Faltenbehandlung, Hyalurons\u00e4ure und Botox\u00ae, Faltenbehandlung, seit \u00fcber 15 Jahren in Berlin am Ku&#039;damm. Sch\u00f6nheit mu\u00df nicht mit hohen Kosten verbunden sein. Jetzt informieren 030 236 212 92.\" \/>\n<meta property=\"og:url\" content=\"https:\/\/kirsten-derma.de\/hals-behandlung-berlin\/\" \/>\n<meta property=\"og:site_name\" content=\"Praxis Juri Kirsten\" \/>\n<meta property=\"article:modified_time\" content=\"2017-12-11T14:51:13+00:00\" \/>\n<meta property=\"og:image\" content=\"https:\/\/kirsten-derma.de\/wp-content\/uploads\/2017\/02\/halsstraffung-1.jpg\" \/>\n<meta name=\"twitter:card\" content=\"summary\" \/>\n<script type=\"application\/ld+json\" class=\"yoast-schema-graph\">{\"@context\":\"https:\/\/schema.org\",\"@graph\":[{\"@type\":\"WebSite\",\"@id\":\"https:\/\/kirsten-derma.de\/#website\",\"url\":\"https:\/\/kirsten-derma.de\/\",\"name\":\"Praxis Juri Kirsten\",\"description\":\"Facharzt f\\u00fcr Dermatologie und Allergologie Juri Kirsten Berlin\",\"potentialAction\":[{\"@type\":\"SearchAction\",\"target\":\"https:\/\/kirsten-derma.de\/?s={search_term_string}\",\"query-input\":\"required name=search_term_string\"}],\"inLanguage\":\"ru-RU\"},{\"@type\":\"ImageObject\",\"@id\":\"https:\/\/kirsten-derma.de\/hals-behandlung-berlin\/#primaryimage\",\"inLanguage\":\"ru-RU\",\"url\":\"https:\/\/kirsten-derma.de\/wp-content\/uploads\/2017\/02\/halsstraffung-1.jpg\",\"contentUrl\":\"https:\/\/kirsten-derma.de\/wp-content\/uploads\/2017\/02\/halsstraffung-1.jpg\",\"width\":\"724\",\"height\":\"350\",\"caption\":\"halsstraffung-berlin\"},{\"@type\":\"WebPage\",\"@id\":\"https:\/\/kirsten-derma.de\/hals-behandlung-berlin\/#webpage\",\"url\":\"https:\/\/kirsten-derma.de\/hals-behandlung-berlin\/\",\"name\":\"Halsbehandlungen (Halsstraffung) - Kirsten-derma\",\"isPartOf\":{\"@id\":\"https:\/\/kirsten-derma.de\/#website\"},\"primaryImageOfPage\":{\"@id\":\"https:\/\/kirsten-derma.de\/hals-behandlung-berlin\/#primaryimage\"},\"datePublished\":\"2017-02-12T21:09:15+00:00\",\"dateModified\":\"2017-12-11T14:51:13+00:00\",\"description\":\"Spezialist f\\u00fcr Faltenunterspritzung, Faltenbehandlung, Hyalurons\\u00e4ure und Botox\\u00ae, Faltenbehandlung, seit \\u00fcber 15 Jahren in Berlin am Ku'damm. Sch\\u00f6nheit mu\\u00df nicht mit hohen Kosten verbunden sein. Jetzt informieren 030 236 212 92.\",\"breadcrumb\":{\"@id\":\"https:\/\/kirsten-derma.de\/hals-behandlung-berlin\/#breadcrumb\"},\"inLanguage\":\"ru-RU\",\"potentialAction\":[{\"@type\":\"ReadAction\",\"target\":[\"https:\/\/kirsten-derma.de\/hals-behandlung-berlin\/\"]}]},{\"@type\":\"BreadcrumbList\",\"@id\":\"https:\/\/kirsten-derma.de\/hals-behandlung-berlin\/#breadcrumb\",\"itemListElement\":[{\"@type\":\"ListItem\",\"position\":1,\"item\":{\"@type\":\"WebPage\",\"@id\":\"https:\/\/kirsten-derma.de\/\",\"url\":\"https:\/\/kirsten-derma.de\/\",\"name\":\"Startseite\"}},{\"@type\":\"ListItem\",\"position\":2,\"item\":{\"@id\":\"https:\/\/kirsten-derma.de\/hals-behandlung-berlin\/#webpage\"}}]}]}<\/script>\n<!-- \/ Yoast SEO Premium plugin. -->","_links":{"self":[{"href":"https:\/\/kirsten-derma.de\/ru\/wp-json\/wp\/v2\/pages\/145","targetHints":{"allow":["GET"]}}],"collection":[{"href":"https:\/\/kirsten-derma.de\/ru\/wp-json\/wp\/v2\/pages"}],"about":[{"href":"https:\/\/kirsten-derma.de\/ru\/wp-json\/wp\/v2\/types\/page"}],"author":[{"embeddable":true,"href":"https:\/\/kirsten-derma.de\/ru\/wp-json\/wp\/v2\/users\/2"}],"replies":[{"embeddable":true,"href":"https:\/\/kirsten-derma.de\/ru\/wp-json\/wp\/v2\/comments?post=145"}],"version-history":[{"count":0,"href":"https:\/\/kirsten-derma.de\/ru\/wp-json\/wp\/v2\/pages\/145\/revisions"}],"wp:attachment":[{"href":"https:\/\/kirsten-derma.de\/ru\/wp-json\/wp\/v2\/media?parent=145"}],"wp:term":[{"taxonomy":"post_tag","embeddable":true,"href":"https:\/\/kirsten-derma.de\/ru\/wp-json\/wp\/v2\/tags?post=145"}],"curies":[{"name":"wp","href":"https:\/\/api.w.org\/{rel}","templated":true}]}}