{"id":183,"date":"2017-02-12T22:25:02","date_gmt":"2017-02-12T21:25:02","guid":{"rendered":"http:\/\/kd.myderma.de\/?page_id=183"},"modified":"2019-09-05T18:40:51","modified_gmt":"2019-09-05T16:40:51","slug":"operative-behandlung-der-hyperhidrose-durch-die-absaugung-und-kuerretage-der-axillaeren-schweissdruesen-in-der-praxisklinik-juri-kirsten-in-berlin","status":"publish","type":"page","link":"https:\/\/kirsten-derma.de\/ru\/udalenie-potovyh-zhelez-lechenie-gipergidroza-podmyshechnyh-vpadin-povyshennoe_potootdelenie\/","title":{"rendered":"\u041e\u043f\u0435\u0440\u0430\u0442\u0438\u0432\u043d\u043e\u0435 \u043b\u0435\u0447\u0435\u043d\u0438\u0435 \u0433\u0438\u043f\u0435\u0440\u0433\u0438\u0434\u0440\u043e\u0437\u0430 \u0432 \u043a\u043b\u0438\u043d\u0438\u043a\u0435 \u042e\u0440\u0438\u044f \u041a\u0438\u0440\u0441\u0442\u0435\u043d\u0430 \u0432 \u0411\u0435\u0440\u043b\u0438\u043d\u0435"},"content":{"rendered":"<div id=\"udalenie-potovyh-zhelez-lechenie-gipergidroza-podmyshechnyh-vpadin-povyshennogo-potootdeleniya\" class=\"mod_article block\">\n<div class=\"ce_text haupttext block\">\n<h1 class=\"heading\">\u041e\u043f\u0435\u0440\u0430\u0442\u0438\u0432\u043d\u043e\u0435 \u043b\u0435\u0447\u0435\u043d\u0438\u0435 \u0433\u0438\u043f\u0435\u0440\u0433\u0438\u0434\u0440\u043e\u0437\u0430 \u0432 \u043a\u043b\u0438\u043d\u0438\u043a\u0435 \u042e\u0440\u0438\u044f \u041a\u0438\u0440\u0441\u0442\u0435\u043d\u0430 \u0432 \u0411\u0435\u0440\u043b\u0438\u043d\u0435<\/h1>\n<p><img wpfc-lazyload-disable=\"true\" loading=\"lazy\" decoding=\"async\" width=\"724\" height=\"350\" class=\"alignnone size-full wp-image-1980\" src=\"https:\/\/kirsten-derma.de\/wp-content\/uploads\/2017\/02\/schweissdruesen_op-1.jpg\" alt=\"schweissdruesen-op-berlin\" srcset=\"https:\/\/kirsten-derma.de\/wp-content\/uploads\/2017\/02\/schweissdruesen_op-1.jpg 724w, https:\/\/kirsten-derma.de\/wp-content\/uploads\/2017\/02\/schweissdruesen_op-1-300x145.jpg 300w\" sizes=\"auto, (max-width: 724px) 100vw, 724px\" \/><\/p>\n<p><strong>\u041e\u043f\u0435\u0440\u0430\u0442\u0438\u0432\u043d\u043e\u0435 \u043b\u0435\u0447\u0435\u043d\u0438\u0435 \u0433\u0438\u043f\u0435\u0440\u0433\u0438\u0434\u0440\u043e\u0437\u0430<\/strong><br \/>\n<strong>(\u0423\u0434\u0430\u043b\u0435\u043d\u0438\u0435 \u043f\u043e\u0442\u043e\u0432\u044b\u0445 \u0436\u0435\u043b\u0435\u0437 \u043f\u0440\u0438 \u0433\u0438\u043f\u0435\u0440\u0433\u0438\u0434\u0440\u043e\u0437\u0435)<\/strong><\/p>\n<p>\u041e\u043f\u0435\u0440\u0430\u0442\u0438\u0432\u043d\u043e\u0435 \u0443\u0434\u0430\u043b\u0435\u043d\u0438\u0435 \u043f\u043e\u0442\u043e\u0432\u044b\u0445 \u0436\u0435\u043b\u0435\u0437 \u0432\u00a0 \u043f\u043e\u0434\u043c\u044b\u0448\u0435\u0447\u043d\u044b\u0445 \u0432\u043f\u0430\u0434\u0438\u043d\u0430\u0445 -\u044d\u0442\u043e \u0445\u043e\u0440\u043e\u0448\u0430\u044f \u0430\u043b\u044c\u0442\u0435\u0440\u043d\u0430\u0442\u0438\u0432\u0430 \u043b\u0435\u0447\u0435\u043d\u0438\u044e \u0433\u0438\u043f\u0435\u0440\u0433\u0438\u0434\u0440\u043e\u0437\u0430 \u043f\u0440\u0438 \u043f\u043e\u043c\u043e\u0449\u0438 \u0431\u043e\u0442\u043e\u043a\u0441\u0430. \u0414\u0430\u043d\u043d\u044b\u0439 \u043c\u0435\u0442\u043e\u0434 \u043d\u0430\u0434\u043e\u043b\u0433\u043e \u0438\u0437\u0431\u0430\u0432\u0438\u0442 \u0432\u0430\u0441 \u043e\u0442 \u0438\u0437\u0431\u044b\u0442\u043e\u0447\u043d\u043e\u0433\u043e \u043f\u043e\u0442\u043e\u043e\u0442\u0434\u0435\u043b\u0435\u043d\u0438\u044f, \u0432\u0435\u0440\u043d\u0435\u0442 \u0432\u0430\u043c \u0443\u0432\u0435\u0440\u0435\u043d\u043d\u043e\u0441\u0442\u044c \u0432 \u0441\u0435\u0431\u0435 \u0438 \u044d\u0441\u0442\u0435\u0442\u0438\u0447\u0435\u0441\u043a\u0443\u044e \u043f\u0440\u0438\u0432\u043b\u0435\u043a\u0430\u0442\u0435\u043b\u044c\u043d\u043e\u0441\u0442\u044c.<\/p>\n<h3>\u041a\u0430\u043a \u043f\u0440\u043e\u0432\u043e\u0434\u0438\u0442\u0441\u044f \u043e\u043f\u0435\u0440\u0430\u0446\u0438\u044f?<\/h3>\n<p>\u0414\u043b\u044f \u043e\u043f\u0440\u0435\u0434\u0435\u043b\u0435\u043d\u0438\u044f \u043b\u043e\u043a\u0430\u043b\u0438\u0437\u0430\u0446\u0438\u0438 \u043f\u043e\u0442\u043e\u0432\u044b\u0445 \u0436\u0435\u043b\u0435\u0437 \u043f\u0435\u0440\u0435\u0434 \u043e\u043f\u0435\u0440\u0430\u0446\u0438\u0435\u0439 \u043f\u0440\u043e\u0432\u043e\u0434\u0438\u0442\u0441\u044f \u043f\u0440\u043e\u0431\u0430 \u041c\u0438\u043d\u043e\u0440\u0430, \u043a\u043e\u0442\u043e\u0440\u0430\u044f \u0434\u0430\u0435\u0442 \u0432\u043e\u0437\u043c\u043e\u0436\u043d\u043e\u0441\u0442\u044c \u043d\u0435 \u0442\u043e\u043b\u044c\u043a\u043e \u043b\u043e\u043a\u0430\u043b\u0438\u0437\u043e\u0432\u0430\u0442\u044c \u043d\u043e \u0438 \u043e\u043f\u0440\u0435\u0434\u0435\u043b\u0438\u0442\u044c \u043f\u043b\u043e\u0449\u0430\u0434\u044c \u0433\u0438\u043f\u0435\u0440\u0433\u0438\u0434\u0440\u043e\u0437\u0430. \u0427\u0430\u0449\u0435 \u0432\u0441\u0435\u0433\u043e \u043f\u0440\u0438\u043c\u0435\u043d\u044f\u0435\u0442\u0441\u044f \u043b\u043e\u043a\u0430\u043b\u044c\u043d\u043e\u0435 \u043e\u0431\u0435\u0437\u0431\u043e\u043b\u0438\u0432\u0430\u043d\u0438\u0435. \u041f\u043e \u0436\u0435\u043b\u0435\u043d\u0438\u044e \u043f\u0430\u0446\u0438\u0435\u043d\u0442\u0430 \u0432\u043e\u0437\u043c\u043e\u0436\u043d\u043e \u0442\u0430\u043a\u0436\u0435 \u0430\u043d\u0430\u043b\u0433\u043e-\u0441\u0435\u0434\u0438\u0440\u043e\u0432\u0430\u043d\u0438\u0435. \u041f\u0440\u0438 \u043f\u043e\u043c\u043e\u0449\u0438 \u0442\u043e\u043d\u043a\u043e\u0439 \u043a\u0430\u043d\u044e\u043b\u0438, \u043a\u043e\u0442\u043e\u0440\u0430\u044f \u0432\u0432\u043e\u0434\u0438\u0442\u0441\u044f \u0447\u0435\u0440\u0435\u0437 \u0442\u043e\u0447\u0435\u0447\u043d\u044b\u0435 \u043e\u0442\u0432\u0435\u0440\u0441\u0442\u0438\u044f, \u043f\u043e\u0434\u0430\u0435\u0442\u0441\u044f \u0436\u0438\u0434\u043a\u043e\u0441\u0442\u044c, \u0440\u0430\u0437\u0436\u0438\u0436\u0430\u044e\u0449\u0430\u044f \u0436\u0438\u0440\u043e\u0432\u044b\u0435 \u0441\u0442\u0440\u0443\u043a\u0442\u0443\u0440\u044b. \u041f\u0440\u0438 \u043f\u043e\u043c\u043e\u0449\u0438 \u0441\u043f\u0435\u0446\u0438\u0430\u043b\u044c\u043d\u043e\u0439 \u0442\u043e\u043d\u043a\u043e\u0439 \u043a\u0430\u043d\u044e\u043b\u0438\u00a0 \u0438 \u0432\u0430\u043a\u0443\u0443\u043c\u0430 \u043f\u0440\u043e\u0432\u043e\u0434\u0438\u0442\u0441\u044f \u0441\u043e\u0441\u043a\u0430\u0431\u043b\u0438\u0432\u0430\u043d\u0438\u0435 \u0438 \u0430\u0441\u043f\u0438\u0440\u0430\u0446\u0438\u044f \u043f\u043e\u0442\u043e\u0432\u044b\u0445 \u0436\u0435\u043b\u0435\u0437, \u043a\u043e\u0442\u043e\u0440\u044b\u0435 \u043f\u043b\u043e\u0442\u043d\u043e \u0441\u043e\u0435\u0434\u0438\u043d\u0435\u043d\u044b \u0441 \u043a\u043e\u0436\u0435\u0439. \u0421\u043b\u0435\u0434\u044b \u043f\u043e\u0441\u043b\u0435 \u0442\u0430\u043a\u043e\u0439 \u043e\u043f\u0435\u0440\u0430\u0446\u0438\u0438 \u043e\u0441\u0442\u0430\u044e\u0442\u0441\u044f \u043b\u0438\u0448\u044c \u043c\u0438\u043d\u0438\u043c\u0430\u043b\u044c\u043d\u044b\u0435. \u0421\u0442\u043e\u0438\u0442 \u0437\u0430\u043c\u0435\u0442\u0438\u0442\u044c, \u0447\u0442\u043e \u0441 \u043f\u043e\u043c\u043e\u0449\u044c\u044e \u044d\u0442\u043e\u0433\u043e \u043c\u0435\u0442\u043e\u0434\u0430 \u0443\u0434\u0430\u043b\u0435\u043d\u0438\u0435 \u0432\u0441\u0435\u0445 \u0436\u0435\u043b\u0435\u0437 \u043d\u0435\u0432\u043e\u0437\u043c\u043e\u0436\u043d\u043e. \u041f\u043e\u0442\u043e\u043e\u0442\u0434\u0435\u043b\u0435\u043d\u0438\u0435 \u0443\u043c\u0435\u043d\u044c\u0448\u0430\u0435\u0442\u0441\u044f, \u043d\u043e \u043f\u043e\u043b\u043d\u0430\u044f \u0441\u0443\u0445\u043e\u0441\u0442\u044c \u0432 \u043f\u043e\u0434\u043c\u044b\u0448\u0435\u0447\u043d\u044b\u0445 \u043e\u0431\u043b\u0430\u0441\u0442\u044f\u0445 \u043d\u0435 \u043c\u043e\u0436\u0435\u0442 \u0431\u044b\u0442\u044c \u0433\u0430\u0440\u0430\u043d\u0442\u0438\u0440\u043e\u0432\u0430\u043d\u0430.<br \/>\n\u0412 \u0440\u0435\u0437\u0443\u043b\u044c\u0442\u0430\u0442\u0435 \u0442\u0430\u043a\u043e\u0439 \u043e\u043f\u0435\u0440\u0430\u0446\u0438\u0438 \u0443\u0434\u0430\u043b\u044f\u044e\u0442\u0441\u044f \u043d\u0435 \u0442\u043e\u043b\u044c\u043a\u043e \u043f\u043e\u0442\u043e\u0432\u044b\u0435 \u0436\u0435\u043b\u0435\u0437\u044b, \u043d\u043e \u0438 \u043d\u0430\u0440\u0443\u0448\u0430\u0435\u0442\u0441\u044f \u0441\u0432\u044f\u0437\u044c \u043e\u0441\u0442\u0430\u0432\u0448\u0438\u0445\u0441\u044f \u043f\u043e\u0442\u043e\u0432\u044b\u0445 \u0436\u0435\u043b\u0435\u0437 \u0441 \u043d\u0435\u0440\u0432\u043d\u044b\u043c\u0438 \u043e\u043a\u043e\u043d\u0447\u0430\u043d\u0438\u044f\u043c\u0438.<\/p>\n<h3>\u041d\u0430\u0441\u043a\u043e\u043b\u044c\u043a\u043e \u0438\u043d\u0442\u0435\u043d\u0441\u0438\u0432\u043d\u044b \u0431\u043e\u043b\u0435\u0432\u044b\u0435 \u043e\u0449\u0443\u0449\u0435\u043d\u0438\u044f \u0432\u043e \u0432\u0440\u0435\u043c\u044f \u0438 \u043f\u043e\u0441\u043b\u0435 \u043e\u043f\u0435\u0440\u0430\u0446\u0438\u0438?<\/h3>\n<p>\u0412\u043e \u0432\u0440\u0435\u043c\u044f \u043e\u043f\u0435\u0440\u0430\u0446\u0438\u0438 \u0431\u043e\u043b\u0435\u0432\u044b\u0445 \u043e\u0449\u0443\u0449\u0435\u043d\u0438\u0439 \u043d\u0435\u0442, \u0445\u043e\u0442\u044f \u0432\u043e \u0432\u0440\u0435\u043c\u044f \u043f\u0440\u043e\u0432\u0435\u0434\u0435\u043d\u0438\u044f \u043c\u0435\u0441\u0442\u043d\u043e\u0439 \u0430\u043d\u0435\u0441\u0442\u0435\u0437\u0438\u0438 \u0432\u043e\u0437\u043c\u043e\u0436\u0435\u043d \u043d\u0435\u043a\u043e\u0442\u043e\u0440\u044b\u0439 \u0434\u0438\u0441\u043a\u043e\u043c\u0444\u043e\u0440\u0442. \u0412 \u043f\u043e\u0441\u043b\u0435\u043e\u043f\u0435\u0440\u0430\u0446\u0438\u043e\u043d\u043d\u043e\u043c \u043f\u0435\u0440\u0438\u043e\u0434\u0435 \u0431\u043e\u043b\u0435\u0432\u044b\u0435 \u043e\u0449\u0443\u0449\u0435\u043d\u0438\u044f \u0437\u0430\u0432\u0438\u0441\u044f\u0442 \u0432 \u043e\u0441\u043d\u043e\u0432\u043d\u043e\u043c \u043e\u0442 \u0438\u043d\u0434\u0438\u0432\u0438\u0434\u0443\u0430\u043b\u044c\u043d\u043e\u0439 \u0447\u0443\u0432\u0441\u0442\u0432\u0438\u0442\u0435\u043b\u044c\u043d\u043e\u0441\u0442\u0438 \u043f\u0430\u0446\u0438\u0435\u043d\u0442\u043e\u0432. \u0412 \u043b\u044e\u0431\u043e\u043c \u0441\u043b\u0443\u0447\u0430\u0435 \u0431\u043e\u043b\u0438 \u0441\u043d\u0438\u043c\u0430\u044e\u0442\u0441\u044f \u043e\u0431\u044b\u0447\u043d\u044b\u043c\u0438 \u0430\u043d\u0430\u043b\u044c\u0433\u0435\u0442\u0438\u043a\u0430\u043c\u0438. \u041d\u0430 \u0432\u0442\u043e\u0440\u043e\u0439 \u0434\u0435\u043d\u044c \u0432 \u043f\u043e\u043a\u043e\u0435 \u043e\u0431\u044b\u0447\u043d\u043e \u0431\u043e\u043b\u0435\u0439 \u0443\u0436\u0435 \u043d\u0435\u0442, \u043d\u043e \u043f\u0440\u0438 \u0430\u043a\u0442\u0438\u0432\u043d\u044b\u0445 \u0434\u0432\u0438\u0436\u0435\u043d\u0438\u044f\u0445 \u0440\u0443\u043a\u0430\u043c\u0438 \u0432\u043e\u0437\u043c\u043e\u0436\u0435\u043d \u0434\u0438\u0441\u043a\u043e\u043c\u0444\u043e\u0440\u0442.\u00a0 \u0427\u0435\u0440\u0435\u0437 3-4 \u0434\u043d\u044f \u0436\u0430\u043b\u043e\u0431\u044b \u043d\u0430 \u0431\u043e\u043b\u0438 \u043e\u0431\u044b\u0447\u043d\u043e \u043e\u0442\u0441\u0443\u0442\u0441\u0442\u0432\u0443\u044e\u0442.<\/p>\n<h3>\u041a\u0430\u043a\u0438\u0435 \u043f\u043e\u0431\u043e\u0447\u043d\u044b\u0435 \u044f\u0432\u043b\u0435\u043d\u0438\u044f \u043c\u043e\u0433\u0443\u0442 \u043d\u0430\u0431\u043b\u044e\u0434\u0430\u0442\u044c\u0441\u044f \u043f\u043e\u0441\u043b\u0435 \u0434\u0430\u043d\u043d\u043e\u0439 \u043e\u043f\u0435\u0440\u0430\u0446\u0438\u0438?<\/h3>\n<p>\u0423\u0434\u0430\u043b\u0435\u043d\u0438\u0435 \u043f\u043e\u0442\u043e\u0432\u044b\u0445 \u0436\u0435\u043b\u0435\u0437 \u0432 \u043f\u043e\u0434\u043c\u044b\u0448\u0435\u0447\u043d\u044b\u0445 \u0432\u043f\u0430\u0434\u0438\u043d\u0430\u0445 \u043d\u0435 \u0437\u0430\u0442\u0440\u0430\u0433\u0438\u0432\u0430\u0435\u0442 \u0433\u043b\u0443\u0431\u043e\u043a\u043e\u043b\u0435\u0436\u0430\u0449\u0438\u0435 \u043d\u0435\u0440\u0432\u044b. \u041f\u043e\u0441\u043b\u0435 \u043e\u043f\u0435\u0440\u0430\u0446\u0438\u0438 \u043d\u0430\u0431\u043b\u044e\u0434\u0430\u0435\u0442\u0441\u044f \u043e\u0442\u0435\u043a \u0438 \u0433\u0435\u043c\u0430\u0442\u043e\u043c\u044b, \u043a\u043e\u0442\u043e\u0440\u044b\u0435 \u043f\u0440\u0438\u0432\u043e\u0434\u044f\u0442 \u043a \u0432\u0440\u0435\u043c\u0435\u043d\u043d\u043e\u043c\u0443 \u043e\u0433\u0440\u0430\u043d\u0438\u0447\u0435\u043d\u0438\u044e \u0434\u0432\u0438\u0436\u0435\u043d\u0438\u0439 \u0432 \u043f\u043b\u0435\u0447\u0435\u0432\u043e\u043c \u043f\u043e\u044f\u0441\u0435.<\/p>\n<h3>\u041d\u0430 \u0447\u0442\u043e \u0441\u043b\u0435\u0434\u0443\u0435\u0442 \u043e\u0431\u0440\u0430\u0442\u0438\u0442\u044c \u0432\u043d\u0438\u043c\u0430\u043d\u0438\u0435 \u043f\u043e\u0441\u043b\u0435 \u043e\u043f\u0435\u0440\u0430\u0446\u0438\u0438?<\/h3>\n<p>\u041f\u043e\u0441\u043b\u0435\u00a0 \u043f\u0440\u043e\u0432\u0435\u0434\u0435\u043d\u043d\u043e\u0439 \u043e\u043f\u0435\u0440\u0430\u0446\u0438\u0438 \u043e\u0447\u0435\u043d\u044c \u0432\u0430\u0436\u043d\u043e \u0432 \u0442\u0435\u0447\u0435\u043d\u0438\u0435 4 \u043d\u0435\u0434\u0435\u043b\u044c \u043d\u043e\u0441\u0438\u0442\u044c \u043a\u043e\u043c\u043f\u0440\u0435\u0441\u0441\u0438\u043e\u043d\u043d\u043e\u0435 \u0431\u0435\u043b\u044c\u0435. \u0411\u043b\u0430\u0433\u043e\u0434\u0430\u0440\u044f \u043a\u043e\u043c\u043f\u0440\u0435\u0441\u0441\u0438\u043e\u043d\u043d\u043e\u043c\u0443 \u0434\u0430\u0432\u043b\u0435\u043d\u0438\u044e \u043c\u043e\u0436\u043d\u043e \u0443\u043c\u0435\u043d\u044c\u0448\u0438\u0442\u044c \u043e\u0442\u0435\u0447\u043d\u043e\u0441\u0442\u044c \u0442\u043a\u0430\u043d\u0435\u0439 \u0438 \u0433\u0435\u043c\u0430\u0442\u043e\u043c\u044b. \u0412\u043e\u0437\u0434\u0435\u0440\u0436\u0438\u0442\u0435\u0441\u044c \u043e\u0442 \u043f\u043e\u0441\u0435\u0449\u0435\u043d\u0438\u044f \u0441\u0430\u0443\u043d\u044b, \u0441\u043e\u043b\u044f\u0440\u0438\u044f \u0438 \u0431\u0430\u0441\u0441\u0435\u0439\u043d\u0430 \u043d\u0430 4 \u043d\u0435\u0434\u0435\u043b\u0438.<\/p>\n<p><img wpfc-lazyload-disable=\"true\" loading=\"lazy\" decoding=\"async\" title=\"Armbandage nach Schweissdruesenentfernung Praxisklinik Doktor Kirsten in Berlin\" src=\"https:\/\/kirsten-derma.de\/tl_files\/tiny_templates\/kirsten-derma\/Schweissdruesenentfernung\/Armbandage-nach-Schweissdruesenentfernung-Praxisklinik-Dr-Kirsten-in-Berlin.png\" alt=\"Armbandage nach Schweissdruesenentfernung Praxisklinik Doktor Kirsten in Berlin\" width=\"150\" height=\"340\" \/><\/p>\n<h3>\u041c\u043e\u0436\u0435\u0442 \u043b\u0438 \u0432\u043e\u0437\u043d\u0438\u043a\u043d\u0443\u0442\u044c \u043f\u043e\u0441\u043b\u0435 \u043e\u043f\u0435\u0440\u0430\u0446\u0438\u0438 \u043a\u043e\u043c\u043f\u0435\u043d\u0441\u0430\u0442\u043e\u0440\u043d\u043e\u0435 \u043f\u043e\u0442\u043e\u043e\u0442\u0434\u0435\u043b\u0435\u043d\u0438\u0435?<\/h3>\n<p>\u041f\u043e\u0441\u043b\u0435 \u043e\u043f\u0435\u0440\u0430\u0446\u0438\u0438 \u043f\u043e \u0443\u0434\u0430\u043b\u0435\u043d\u0438\u044e \u043f\u043e\u0434\u043c\u044b\u0448\u0435\u0447\u043d\u044b\u0445 \u043f\u043e\u0442\u043e\u0432\u044b\u0445 \u0436\u0435\u043b\u0435\u0437 \u043d\u0435 \u043f\u0440\u043e\u0438\u0441\u0445\u043e\u0434\u0438\u0442 \u043a\u043e\u043c\u043f\u0435\u043d\u0441\u0430\u0442\u043e\u0440\u043d\u043e\u0433\u043e \u043f\u043e\u0442\u043e\u043e\u0442\u0434\u0435\u043b\u0435\u043d\u0438\u0435 \u2013 \u044d\u0442\u043e \u043e\u0437\u043d\u0430\u0447\u0430\u0435\u0442, \u0447\u0442\u043e \u0432\u044b \u043d\u0435 \u043f\u043e\u0442\u0435\u0435\u0442\u0435 \u0432 \u0434\u0440\u0443\u0433\u0438\u0445 \u043c\u0435\u0441\u0442\u0430\u0445 \u0442\u0435\u043b\u0430.<\/p>\n<h3>\u041a\u0430\u043a\u043e\u0432\u0430 \u0432\u0435\u0440\u043e\u044f\u0442\u043d\u043e\u0441\u0442\u044c \u0443\u0441\u043f\u0435\u0445\u0430 \u043f\u043e\u0441\u043b\u0435 \u043e\u043f\u0435\u0440\u0430\u0446\u0438\u0438?<\/h3>\n<p>\u0420\u0435\u0437\u0443\u043b\u044c\u0442\u0430\u0442 \u043f\u043e\u0441\u043b\u0435 \u0434\u0430\u043d\u043d\u043e\u0439 \u043e\u043f\u0435\u0440\u0430\u0446\u0438\u0438 \u0445\u043e\u0440\u043e\u0448\u0438\u0439 \u0438 \u0441\u0442\u043e\u0439\u043a\u0438\u0439, \u043d\u043e \u043a\u0430\u043a \u043f\u043e\u043a\u0430\u0437\u044b\u0432\u0430\u0435\u0442 \u043c\u043d\u043e\u0433\u043e\u043b\u0435\u0442\u043d\u0438\u0439 \u043e\u043f\u044b\u0442, \u0443 18-20% \u043f\u0430\u0446\u0438\u0435\u043d\u0442\u043e\u0432 \u043f\u0440\u043e\u0438\u0441\u0445\u043e\u0434\u0438\u0442 \u0440\u0435\u0446\u0435\u0434\u0438\u0432. \u0412\u00a0 \u0434\u0430\u043d\u043d\u043e\u043c \u0441\u043b\u0443\u0447\u0430\u0435 \u043f\u0440\u043e\u0432\u043e\u0434\u0438\u0442\u0441\u044f \u043b\u0435\u0447\u0435\u043d\u0438\u0435 \u0434\u0440\u0443\u0433\u0438\u043c\u0438, \u0430\u043b\u044c\u0442\u0435\u0440\u043d\u0430\u0442\u0438\u0432\u043d\u044b\u043c\u0438 \u043c\u0435\u0442\u043e\u0434\u0430\u043c\u0438.<\/p>\n<h3>\u041a\u0430\u043a\u043e\u0432 \u043f\u0435\u0440\u0438\u043e\u0434 \u0440\u0435\u0430\u0431\u0438\u043b\u0438\u0442\u0430\u0446\u0438\u0438?<\/h3>\n<p>\u0415\u0441\u043b\u0438 \u0440\u0430\u0431\u043e\u0442\u0430 \u043d\u0435 \u0441\u0432\u044f\u0437\u0430\u043d\u0430 \u0441 \u0444\u0438\u0437\u0438\u0447\u0435\u0441\u043a\u0438\u043c\u0438 \u043d\u0430\u0433\u0440\u0443\u0437\u043a\u0430\u043c\u0438, \u0442\u043e \u043d\u0430 \u0432\u0442\u043e\u0440\u043e\u0439-\u0442\u0440\u0435\u0442\u0438\u0439 \u0434\u0435\u043d\u044c \u043f\u043e\u0441\u043b\u0435 \u043e\u043f\u0435\u0440\u0430\u0446\u0438\u0438 \u0432\u043f\u043e\u043b\u043d\u0435 \u043c\u043e\u0436\u043d\u043e \u043f\u0440\u0438\u0441\u0442\u0443\u043f\u0438\u0442\u044c \u043a \u0442\u0440\u0443\u0434\u0443. \u0415\u0441\u043b\u0438 \u0434\u0435\u044f\u0442\u0435\u043b\u044c\u043d\u043e\u0441\u0442\u044c \u0441\u0432\u044f\u0437\u0430\u043d\u0430 \u0441\u043e \u0437\u043d\u0430\u0447\u0438\u0442\u0435\u043b\u044c\u043d\u044b\u043c\u0438 \u0444\u0438\u0437\u0438\u0447\u0435\u0441\u043a\u0438\u043c\u0438 \u043d\u0430\u0433\u0440\u0443\u0437\u043a\u0430\u043c\u0438, \u0442\u043e \u0412\u0430\u043c \u043d\u0435\u043e\u0431\u0445\u043e\u0434\u0438\u043c\u043e \u043d\u0435 \u043c\u0435\u043d\u0435\u0435 \u0434\u0432\u0443\u0445 \u043d\u0435\u0434\u0435\u043b\u044c \u0434\u043b\u044f \u0432\u043e\u0441\u0441\u0442\u0430\u043d\u043e\u0432\u043b\u0435\u043d\u0438\u044f.<\/p>\n<\/div>\n<\/div>\n","protected":false},"excerpt":{"rendered":"<p>\u041e\u043f\u0435\u0440\u0430\u0442\u0438\u0432\u043d\u043e\u0435 \u043b\u0435\u0447\u0435\u043d\u0438\u0435 \u0433\u0438\u043f\u0435\u0440\u0433\u0438\u0434\u0440\u043e\u0437\u0430 \u0432 \u043a\u043b\u0438\u043d\u0438\u043a\u0435 \u042e\u0440\u0438\u044f \u041a\u0438\u0440\u0441\u0442\u0435\u043d\u0430 \u0432 \u0411\u0435\u0440\u043b\u0438\u043d\u0435 \u041e\u043f\u0435\u0440\u0430\u0442\u0438\u0432\u043d\u043e\u0435 \u043b\u0435\u0447\u0435\u043d\u0438\u0435 \u0433\u0438\u043f\u0435\u0440\u0433\u0438\u0434\u0440\u043e\u0437\u0430 (\u0423\u0434\u0430\u043b\u0435\u043d\u0438\u0435 \u043f\u043e\u0442\u043e\u0432\u044b\u0445 \u0436\u0435\u043b\u0435\u0437 \u043f\u0440\u0438 \u0433\u0438\u043f\u0435\u0440\u0433\u0438\u0434\u0440\u043e\u0437\u0435) \u041e\u043f\u0435\u0440\u0430\u0442\u0438\u0432\u043d\u043e\u0435 \u0443\u0434\u0430\u043b\u0435\u043d\u0438\u0435 \u043f\u043e\u0442\u043e\u0432\u044b\u0445 \u0436\u0435\u043b\u0435\u0437 \u0432\u00a0 \u043f\u043e\u0434\u043c\u044b\u0448\u0435\u0447\u043d\u044b\u0445 \u0432\u043f\u0430\u0434\u0438\u043d\u0430\u0445 -\u044d\u0442\u043e \u0445\u043e\u0440\u043e\u0448\u0430\u044f \u0430\u043b\u044c\u0442\u0435\u0440\u043d\u0430\u0442\u0438\u0432\u0430 \u043b\u0435\u0447\u0435\u043d\u0438\u044e \u0433\u0438\u043f\u0435\u0440\u0433\u0438\u0434\u0440\u043e\u0437\u0430 \u043f\u0440\u0438 \u043f\u043e\u043c\u043e\u0449\u0438 \u0431\u043e\u0442\u043e\u043a\u0441\u0430. \u0414\u0430\u043d\u043d\u044b\u0439 \u043c\u0435\u0442\u043e\u0434 \u043d\u0430\u0434\u043e\u043b\u0433\u043e \u0438\u0437\u0431\u0430\u0432\u0438\u0442 \u0432\u0430\u0441 \u043e\u0442 \u0438\u0437\u0431\u044b\u0442\u043e\u0447\u043d\u043e\u0433\u043e \u043f\u043e\u0442\u043e\u043e\u0442\u0434\u0435\u043b\u0435\u043d\u0438\u044f, \u0432\u0435\u0440\u043d\u0435\u0442 \u0432\u0430\u043c \u0443\u0432\u0435\u0440\u0435\u043d\u043d\u043e\u0441\u0442\u044c \u0432 \u0441\u0435\u0431\u0435 \u0438 \u044d\u0441\u0442\u0435\u0442\u0438\u0447\u0435\u0441\u043a\u0443\u044e \u043f\u0440\u0438\u0432\u043b\u0435\u043a\u0430\u0442\u0435\u043b\u044c\u043d\u043e\u0441\u0442\u044c. \u041a\u0430\u043a \u043f\u0440\u043e\u0432\u043e\u0434\u0438\u0442\u0441\u044f \u043e\u043f\u0435\u0440\u0430\u0446\u0438\u044f? \u0414\u043b\u044f \u043e\u043f\u0440\u0435\u0434\u0435\u043b\u0435\u043d\u0438\u044f \u043b\u043e\u043a\u0430\u043b\u0438\u0437\u0430\u0446\u0438\u0438 \u043f\u043e\u0442\u043e\u0432\u044b\u0445 \u0436\u0435\u043b\u0435\u0437 \u043f\u0435\u0440\u0435\u0434 \u043e\u043f\u0435\u0440\u0430\u0446\u0438\u0435\u0439 \u043f\u0440\u043e\u0432\u043e\u0434\u0438\u0442\u0441\u044f \u043f\u0440\u043e\u0431\u0430 \u041c\u0438\u043d\u043e\u0440\u0430, \u043a\u043e\u0442\u043e\u0440\u0430\u044f \u0434\u0430\u0435\u0442 \u0432\u043e\u0437\u043c\u043e\u0436\u043d\u043e\u0441\u0442\u044c \u043d\u0435 \u0442\u043e\u043b\u044c\u043a\u043e \u043b\u043e\u043a\u0430\u043b\u0438\u0437\u043e\u0432\u0430\u0442\u044c \u043d\u043e \u0438 \u043e\u043f\u0440\u0435\u0434\u0435\u043b\u0438\u0442\u044c \u043f\u043b\u043e\u0449\u0430\u0434\u044c \u0433\u0438\u043f\u0435\u0440\u0433\u0438\u0434\u0440\u043e\u0437\u0430. \u0427\u0430\u0449\u0435 \u0432\u0441\u0435\u0433\u043e \u043f\u0440\u0438\u043c\u0435\u043d\u044f\u0435\u0442\u0441\u044f \u043b\u043e\u043a\u0430\u043b\u044c\u043d\u043e\u0435 \u043e\u0431\u0435\u0437\u0431\u043e\u043b\u0438\u0432\u0430\u043d\u0438\u0435. \u041f\u043e \u0436\u0435\u043b\u0435\u043d\u0438\u044e \u043f\u0430\u0446\u0438\u0435\u043d\u0442\u0430 [&hellip;]<\/p>\n","protected":false},"author":2,"featured_media":0,"parent":0,"menu_order":0,"comment_status":"closed","ping_status":"closed","template":"","meta":{"footnotes":""},"tags":[],"class_list":["post-183","page","type-page","status-publish","hentry"],"yoast_head":"<!-- This site is optimized with the Yoast SEO Premium plugin v22.5 (Yoast SEO v16.4) - https:\/\/yoast.com\/wordpress\/plugins\/seo\/ -->\n<title>Entfernung der Schwei\u00dfdr\u00fcsen operativ in Berlin - Praxis Juri Kristen Berlin<\/title>\n<meta name=\"description\" content=\"Entfernung der Schwei\u00dfdr\u00fcsen Berlin. Operative Behandlung der Hyperhidrose durch die Entfernung der Schwei\u00dfdr\u00fcsen. Individuelle Beratung. Tel. 03023621292\" \/>\n<meta name=\"robots\" content=\"index, follow, max-snippet:-1, max-image-preview:large, max-video-preview:-1\" \/>\n<link rel=\"canonical\" href=\"https:\/\/kirsten-derma.de\/schweissdruesen-entfernung-absaugung-berlin\/\" \/>\n<meta property=\"og:locale\" content=\"ru_RU\" \/>\n<meta property=\"og:type\" content=\"article\" \/>\n<meta property=\"og:title\" content=\"Entfernung der Schwei\u00dfdr\u00fcsen operativ in Berlin - Praxis Juri Kristen Berlin\" \/>\n<meta property=\"og:description\" content=\"Entfernung der Schwei\u00dfdr\u00fcsen Berlin. Operative Behandlung der Hyperhidrose durch die Entfernung der Schwei\u00dfdr\u00fcsen. Individuelle Beratung. Tel. 03023621292\" \/>\n<meta property=\"og:url\" content=\"https:\/\/kirsten-derma.de\/schweissdruesen-entfernung-absaugung-berlin\/\" \/>\n<meta property=\"og:site_name\" content=\"Praxis Juri Kirsten\" \/>\n<meta property=\"article:modified_time\" content=\"2019-09-05T16:40:51+00:00\" \/>\n<meta property=\"og:image\" content=\"https:\/\/kirsten-derma.de\/wp-content\/uploads\/2017\/02\/schweissdruesen_op-1.jpg\" \/>\n<meta name=\"twitter:card\" content=\"summary\" \/>\n<script type=\"application\/ld+json\" class=\"yoast-schema-graph\">{\"@context\":\"https:\/\/schema.org\",\"@graph\":[{\"@type\":\"WebSite\",\"@id\":\"https:\/\/kirsten-derma.de\/#website\",\"url\":\"https:\/\/kirsten-derma.de\/\",\"name\":\"Praxis Juri Kirsten\",\"description\":\"Facharzt f\\u00fcr Dermatologie und Allergologie Juri Kirsten Berlin\",\"potentialAction\":[{\"@type\":\"SearchAction\",\"target\":\"https:\/\/kirsten-derma.de\/?s={search_term_string}\",\"query-input\":\"required name=search_term_string\"}],\"inLanguage\":\"ru-RU\"},{\"@type\":\"ImageObject\",\"@id\":\"https:\/\/kirsten-derma.de\/schweissdruesen-entfernung-absaugung-berlin\/#primaryimage\",\"inLanguage\":\"ru-RU\",\"url\":\"https:\/\/kirsten-derma.de\/wp-content\/uploads\/2017\/02\/schweissdruesen_op-1.jpg\",\"contentUrl\":\"https:\/\/kirsten-derma.de\/wp-content\/uploads\/2017\/02\/schweissdruesen_op-1.jpg\",\"width\":\"724\",\"height\":\"350\",\"caption\":\"schweissdruesen-op-berlin\"},{\"@type\":\"WebPage\",\"@id\":\"https:\/\/kirsten-derma.de\/schweissdruesen-entfernung-absaugung-berlin\/#webpage\",\"url\":\"https:\/\/kirsten-derma.de\/schweissdruesen-entfernung-absaugung-berlin\/\",\"name\":\"Entfernung der Schwei\\u00dfdr\\u00fcsen operativ in Berlin - Praxis Juri Kristen Berlin\",\"isPartOf\":{\"@id\":\"https:\/\/kirsten-derma.de\/#website\"},\"primaryImageOfPage\":{\"@id\":\"https:\/\/kirsten-derma.de\/schweissdruesen-entfernung-absaugung-berlin\/#primaryimage\"},\"datePublished\":\"2017-02-12T21:25:02+00:00\",\"dateModified\":\"2019-09-05T16:40:51+00:00\",\"description\":\"Entfernung der Schwei\\u00dfdr\\u00fcsen Berlin. Operative Behandlung der Hyperhidrose durch die Entfernung der Schwei\\u00dfdr\\u00fcsen. Individuelle Beratung. Tel. 03023621292\",\"breadcrumb\":{\"@id\":\"https:\/\/kirsten-derma.de\/schweissdruesen-entfernung-absaugung-berlin\/#breadcrumb\"},\"inLanguage\":\"ru-RU\",\"potentialAction\":[{\"@type\":\"ReadAction\",\"target\":[\"https:\/\/kirsten-derma.de\/schweissdruesen-entfernung-absaugung-berlin\/\"]}]},{\"@type\":\"BreadcrumbList\",\"@id\":\"https:\/\/kirsten-derma.de\/schweissdruesen-entfernung-absaugung-berlin\/#breadcrumb\",\"itemListElement\":[{\"@type\":\"ListItem\",\"position\":1,\"item\":{\"@type\":\"WebPage\",\"@id\":\"https:\/\/kirsten-derma.de\/\",\"url\":\"https:\/\/kirsten-derma.de\/\",\"name\":\"Startseite\"}},{\"@type\":\"ListItem\",\"position\":2,\"item\":{\"@id\":\"https:\/\/kirsten-derma.de\/schweissdruesen-entfernung-absaugung-berlin\/#webpage\"}}]}]}<\/script>\n<!-- \/ Yoast SEO Premium plugin. -->","_links":{"self":[{"href":"https:\/\/kirsten-derma.de\/ru\/wp-json\/wp\/v2\/pages\/183","targetHints":{"allow":["GET"]}}],"collection":[{"href":"https:\/\/kirsten-derma.de\/ru\/wp-json\/wp\/v2\/pages"}],"about":[{"href":"https:\/\/kirsten-derma.de\/ru\/wp-json\/wp\/v2\/types\/page"}],"author":[{"embeddable":true,"href":"https:\/\/kirsten-derma.de\/ru\/wp-json\/wp\/v2\/users\/2"}],"replies":[{"embeddable":true,"href":"https:\/\/kirsten-derma.de\/ru\/wp-json\/wp\/v2\/comments?post=183"}],"version-history":[{"count":0,"href":"https:\/\/kirsten-derma.de\/ru\/wp-json\/wp\/v2\/pages\/183\/revisions"}],"wp:attachment":[{"href":"https:\/\/kirsten-derma.de\/ru\/wp-json\/wp\/v2\/media?parent=183"}],"wp:term":[{"taxonomy":"post_tag","embeddable":true,"href":"https:\/\/kirsten-derma.de\/ru\/wp-json\/wp\/v2\/tags?post=183"}],"curies":[{"name":"wp","href":"https:\/\/api.w.org\/{rel}","templated":true}]}}