{"id":981,"date":"2017-02-19T11:28:46","date_gmt":"2017-02-19T10:28:46","guid":{"rendered":"http:\/\/kd.myderma.de\/?page_id=981"},"modified":"2017-02-19T11:28:46","modified_gmt":"2017-02-19T10:28:46","slug":"videos-2","status":"publish","type":"page","link":"https:\/\/kirsten-derma.de\/ru\/videofilmi\/","title":{"rendered":"Videos"},"content":{"rendered":"","protected":false},"excerpt":{"rendered":"","protected":false},"author":2,"featured_media":0,"parent":0,"menu_order":0,"comment_status":"closed","ping_status":"closed","template":"template-both-sidebar.php","meta":{"footnotes":""},"tags":[],"class_list":["post-981","page","type-page","status-publish","hentry"],"yoast_head":"<!-- This site is optimized with the Yoast SEO Premium plugin v22.5 (Yoast SEO v16.4) - https:\/\/yoast.com\/wordpress\/plugins\/seo\/ -->\n<title>\u0412\u0438\u0434\u0435\u043e\u0444\u0438\u043b\u044c\u043c\u044b \u043a\u043b\u0438\u043d\u0438\u043a\u0438 \u0434\u043e\u043a\u0442\u043e\u0440\u0430 \u042e\u0440\u0438\u044f \u041a\u0438\u0440\u0441\u0442\u0435\u043d\u0430. - \u041f\u043b\u0430\u0441\u0442\u0438\u0447\u0435\u0441\u043a\u0430\u044f \u0445\u0438\u0440\u0443\u0440\u0433\u0438\u044f | \u041a\u043e\u0441\u043c\u0435\u0442\u043e\u043b\u043e\u0433\u0438\u044f | \u0414\u0435\u0440\u043c\u0430\u0442\u043e\u043b\u043e\u0433\u0438\u044f | \u0410\u043b\u043b\u0435\u0440\u0433\u043e\u043b\u043e\u0433\u0438\u044f | \u042d\u0441\u0442\u0435\u0442\u0438\u0447\u0435\u0441\u043a\u0430\u044f \u043c\u0435\u0434\u0438\u0446\u0438\u043d\u0430 | \u0410\u043c\u0431\u0443\u043b\u0430\u0442\u043e\u0440\u043d\u044b\u0435 \u043e\u043f\u0435\u0440\u0430\u0446\u0438\u0438 | \u041b\u0430\u0437\u0435\u0440 | www.kirsten-derma.de<\/title>\n<meta name=\"description\" content=\"\u0414\u043e\u043a\u0442\u043e\u0440 \u042e\u0440\u0438\u0439 \u041a\u0438\u0440\u0441\u0442\u0435\u043d, \u0432\u0440\u0430\u0447 \u0434\u0435\u0440\u043c\u0430\u0442\u043e\u043b\u043e\u0433, \u043a\u043e\u0441\u043c\u0435\u0442\u0438\u0447\u0435\u0441\u043a\u0438\u0439 \u0445\u0438\u0440\u0443\u0440\u0433, \u0430\u043b\u043b\u0435\u0440\u0433\u043e\u043b\u043e\u0433, \u0447\u0430\u0441\u0442\u043d\u0430\u044f \u043a\u043b\u0438\u043d\u0438\u043a\u0430 \u043a\u043e\u0441\u043c\u0435\u0442\u0438\u0447\u0435\u0441\u043a\u043e\u0439 \u0445\u0438\u0440\u0443\u0440\u0433\u0438\u0438 \u0432 \u0411\u0435\u0440\u043b\u0438\u043d\u0435, \u043a\u043b\u0438\u043d\u0438\u043a\u0430 \u044d\u0441\u0442\u0435\u0442\u0438\u0447\u0435\u0441\u043a\u043e\u0439 \u043c\u0435\u0434\u0438\u0446\u0438\u043d\u044b \u0432 \u0446\u0435\u043d\u0442\u0440\u0435 \u0411\u0435\u0440\u043b\u0438\u043d\u0430, \u0441\u043f\u0435\u0446\u0438\u0430\u043b\u0438\u0437\u0430\u0446\u0438\u044f \u043a\u043b\u0438\u043d\u0438\u043a\u0438 \u0432 \u0411\u0435\u0440\u043b\u0438\u043d\u0435 \u043b\u0438\u043f\u043e\u0441\u0430\u043a\u0446\u0438\u044f, \u043b\u0435\u0447\u0435\u043d\u0438\u0435 \u043c\u043e\u0440\u0449\u0438\u043d \u0432 \u0411\u0435\u0440\u043b\u0438\u043d\u0435, \u0443\u0432\u0435\u043b\u0438\u0447\u0435\u043d\u0438\u0435 \u0433\u0443\u0431 \u0433\u0438\u0430\u043b\u0443\u0440\u043e\u043d\u043e\u0432\u043e\u0439 \u043a\u0438\u0441\u043b\u043e\u0442\u043e\u0439 \u043a\u043b\u0438\u043d\u0438\u043a\u0430 \u0432 \u0411\u0435\u0440\u043b\u0438\u043d\u0435, \u043f\u043b\u0430\u0437\u043c\u043e\u043b\u0438\u0444\u0442\u0438\u043d\u0433, \u0432\u0441\u0435 \u0432\u0438\u0434\u044b \u043d\u0435\u0445\u0438\u0440\u0443\u0440\u0433\u0438\u0447\u0435\u0441\u043a\u043e\u0433\u043e \u043b\u0438\u0444\u0442\u0438\u043d\u0433\u0430, \u043f\u043b\u0430\u0441\u0442\u0438\u043a\u0430 \u0432\u0435\u0440\u0445\u043d\u0438\u0445 \u0438 \u043d\u0438\u0436\u043d\u0438\u0445 \u0432\u0435\u043a \u0432 \u0411\u0435\u0440\u043b\u0438\u043d\u0435, \u043b\u0430\u0437\u0435\u0440 \u0444\u0440\u0430\u043a\u0441\u0435\u043b\u044c, \u0443\u0434\u0430\u043b\u0435\u043d\u0438\u0435 \u0432\u043e\u043b\u043e\u0441 \u043b\u0430\u0437\u0435\u0440\u043e\u043c, \u043b\u0430\u0437\u0435\u0440\u043d\u0430\u044f \u044d\u043f\u0438\u043b\u044f\u0446\u0438\u044f, \u0445\u0438\u043c\u0438\u0447\u0435\u0441\u043a\u0438\u0439 \u043f\u0438\u043b\u0438\u043d\u0433, \u043d\u0438\u0442\u0435\u0432\u0430\u044f \u043f\u043e\u0434\u0442\u044f\u0436\u043a\u0430 \u043b\u0438\u0446\u0430, \u043d\u0438\u0442\u0435\u0432\u043e\u0439 \u043b\u0438\u0444\u0442\u0438\u043d\u0433, \u0443\u043b\u044c\u0442\u0440\u0430\u0437\u0432\u0443\u043a\u043e\u0432\u043e\u0439 \u043b\u0438\u0444\u0442\u0438\u043d\u0433 \u043b\u0438\u0446\u0430 \u0410\u043b\u044c\u0442\u0435\u0440\u0430 \u0414\u043e\u0431\u043b\u043e Ulthera Doublo \u0432 \u0411\u0435\u0440\u043b\u0438\u043d\u0435.\" \/>\n<meta name=\"robots\" content=\"index, follow, max-snippet:-1, max-image-preview:large, max-video-preview:-1\" \/>\n<link rel=\"canonical\" href=\"https:\/\/kirsten-derma.de\/videos-kosmetische-behandlungen-praxisklinik-doktor-kirsten-berlin\/\" \/>\n<meta property=\"og:locale\" content=\"ru_RU\" \/>\n<meta property=\"og:type\" content=\"article\" \/>\n<meta property=\"og:title\" content=\"[:de]Videos von der Praxisklinik Herr Juri Kirsten in Berlin - Kirsten-derma [:ru]\u0412\u0438\u0434\u0435\u043e\u0444\u0438\u043b\u044c\u043c\u044b \u043a\u043b\u0438\u043d\u0438\u043a\u0438 \u0434\u043e\u043a\u0442\u043e\u0440\u0430 \u042e\u0440\u0438\u044f \u041a\u0438\u0440\u0441\u0442\u0435\u043d\u0430. - \u041f\u043b\u0430\u0441\u0442\u0438\u0447\u0435\u0441\u043a\u0430\u044f \u0445\u0438\u0440\u0443\u0440\u0433\u0438\u044f | \u041a\u043e\u0441\u043c\u0435\u0442\u043e\u043b\u043e\u0433\u0438\u044f | \u0414\u0435\u0440\u043c\u0430\u0442\u043e\u043b\u043e\u0433\u0438\u044f | \u0410\u043b\u043b\u0435\u0440\u0433\u043e\u043b\u043e\u0433\u0438\u044f | \u042d\u0441\u0442\u0435\u0442\u0438\u0447\u0435\u0441\u043a\u0430\u044f \u043c\u0435\u0434\u0438\u0446\u0438\u043d\u0430 | \u0410\u043c\u0431\u0443\u043b\u0430\u0442\u043e\u0440\u043d\u044b\u0435 \u043e\u043f\u0435\u0440\u0430\u0446\u0438\u0438 | \u041b\u0430\u0437\u0435\u0440 | www.kirsten-derma.de [:tr]Videolar modern estetik tibbi ve cerrahi kozmetik ile - Berlin-Uygulama muyane Doktor Juri Kirsten [:]\" \/>\n<meta property=\"og:description\" content=\"{:de}Herr Juri Kirsten in Berlin ist Facharzt f\u00fcr Dermatologie, kompetenter Facharzt, Behandlungsqualit\u00e4t auf hohem Niveau, informiert \u00fcber Sch\u00f6nheitsoperationen wie die Fettabsaugung in Berlin, Fettabsaugen, Eigenfetttransplantation, Faltenbehandlung in Berlin, Stammzellen, Plasmalifting, Facelifting ohne Skalpell, Fadenlifting, Faltenunterspritzung in Berlin, Facelifting in Berlin mit fokussiertem Ultraschall, Augenlidkorrekturen in Berlin, Schlupflider entfernen in Berlin, Tr\u00e4nens\u00e4cke operieren in Berlin, tr\u00e4nens\u00e4cke entfernen in Berlin, Fadenlifting in Berlin, Dehnungsstreifen entfernen laser, Schwangerschaftsstreifen entfernen Berlin. {:ru}\u0414\u043e\u043a\u0442\u043e\u0440 \u042e\u0440\u0438\u0439 \u041a\u0438\u0440\u0441\u0442\u0435\u043d, \u0432\u0440\u0430\u0447 \u0434\u0435\u0440\u043c\u0430\u0442\u043e\u043b\u043e\u0433, \u043a\u043e\u0441\u043c\u0435\u0442\u0438\u0447\u0435\u0441\u043a\u0438\u0439 \u0445\u0438\u0440\u0443\u0440\u0433, \u0430\u043b\u043b\u0435\u0440\u0433\u043e\u043b\u043e\u0433, \u0447\u0430\u0441\u0442\u043d\u0430\u044f \u043a\u043b\u0438\u043d\u0438\u043a\u0430 \u043a\u043e\u0441\u043c\u0435\u0442\u0438\u0447\u0435\u0441\u043a\u043e\u0439 \u0445\u0438\u0440\u0443\u0440\u0433\u0438\u0438 \u0432 \u0411\u0435\u0440\u043b\u0438\u043d\u0435, \u043a\u043b\u0438\u043d\u0438\u043a\u0430 \u044d\u0441\u0442\u0435\u0442\u0438\u0447\u0435\u0441\u043a\u043e\u0439 \u043c\u0435\u0434\u0438\u0446\u0438\u043d\u044b \u0432 \u0446\u0435\u043d\u0442\u0440\u0435 \u0411\u0435\u0440\u043b\u0438\u043d\u0430, \u0441\u043f\u0435\u0446\u0438\u0430\u043b\u0438\u0437\u0430\u0446\u0438\u044f \u043a\u043b\u0438\u043d\u0438\u043a\u0438 \u0432 \u0411\u0435\u0440\u043b\u0438\u043d\u0435 \u043b\u0438\u043f\u043e\u0441\u0430\u043a\u0446\u0438\u044f, \u043b\u0435\u0447\u0435\u043d\u0438\u0435 \u043c\u043e\u0440\u0449\u0438\u043d \u0432 \u0411\u0435\u0440\u043b\u0438\u043d\u0435, \u0443\u0432\u0435\u043b\u0438\u0447\u0435\u043d\u0438\u0435 \u0433\u0443\u0431 \u0433\u0438\u0430\u043b\u0443\u0440\u043e\u043d\u043e\u0432\u043e\u0439 \u043a\u0438\u0441\u043b\u043e\u0442\u043e\u0439 \u043a\u043b\u0438\u043d\u0438\u043a\u0430 \u0432 \u0411\u0435\u0440\u043b\u0438\u043d\u0435, \u043f\u043b\u0430\u0437\u043c\u043e\u043b\u0438\u0444\u0442\u0438\u043d\u0433, \u0432\u0441\u0435 \u0432\u0438\u0434\u044b \u043d\u0435\u0445\u0438\u0440\u0443\u0440\u0433\u0438\u0447\u0435\u0441\u043a\u043e\u0433\u043e \u043b\u0438\u0444\u0442\u0438\u043d\u0433\u0430, \u043f\u043b\u0430\u0441\u0442\u0438\u043a\u0430 \u0432\u0435\u0440\u0445\u043d\u0438\u0445 \u0438 \u043d\u0438\u0436\u043d\u0438\u0445 \u0432\u0435\u043a \u0432 \u0411\u0435\u0440\u043b\u0438\u043d\u0435, \u043b\u0430\u0437\u0435\u0440 \u0444\u0440\u0430\u043a\u0441\u0435\u043b\u044c, \u0443\u0434\u0430\u043b\u0435\u043d\u0438\u0435 \u0432\u043e\u043b\u043e\u0441 \u043b\u0430\u0437\u0435\u0440\u043e\u043c, \u043b\u0430\u0437\u0435\u0440\u043d\u0430\u044f \u044d\u043f\u0438\u043b\u044f\u0446\u0438\u044f, \u0445\u0438\u043c\u0438\u0447\u0435\u0441\u043a\u0438\u0439 \u043f\u0438\u043b\u0438\u043d\u0433, \u043d\u0438\u0442\u0435\u0432\u0430\u044f \u043f\u043e\u0434\u0442\u044f\u0436\u043a\u0430 \u043b\u0438\u0446\u0430, \u043d\u0438\u0442\u0435\u0432\u043e\u0439 \u043b\u0438\u0444\u0442\u0438\u043d\u0433, \u0443\u043b\u044c\u0442\u0440\u0430\u0437\u0432\u0443\u043a\u043e\u0432\u043e\u0439 \u043b\u0438\u0444\u0442\u0438\u043d\u0433 \u043b\u0438\u0446\u0430 \u0410\u043b\u044c\u0442\u0435\u0440\u0430 \u0414\u043e\u0431\u043b\u043e Ulthera Doublo \u0432 \u0411\u0435\u0440\u043b\u0438\u043d\u0435. {:tr}Dr. Juri Kirsten in Berlin ist Facharzt f\u00fcr Dermatologie, kompetenter Facharzt, Behandlungsqualit\u00e4t auf hohem Niveau, informiert \u00fcber Sch\u00f6nheitsoperationen wie die Fettabsaugung in Berlin, Fettabsaugen, Eigenfetttransplantation, Faltenbehandlung in Berlin, Stammzellen, Plasmalifting, Facelifting ohne Skalpell, Fadenlifting, Faltenunterspritzung in Berlin, Facelifting in Berlin mit fokussiertem Ultraschall, Augenlidkorrekturen in Berlin, Schlupflider entfernen in Berlin, Tr\u00e4nens\u00e4cke operieren in Berlin, tr\u00e4nens\u00e4cke entfernen in Berlin, Fadenlifting in Berlin, Dehnungsstreifen entfernen laser, Schwangerschaftsstreifen entfernen Berlin. {:}\" \/>\n<meta property=\"og:url\" content=\"https:\/\/kirsten-derma.de\/videos-kosmetische-behandlungen-praxisklinik-doktor-kirsten-berlin\/\" \/>\n<meta property=\"og:site_name\" content=\"Praxis Juri Kirsten\" \/>\n<meta name=\"twitter:card\" content=\"summary\" \/>\n<script type=\"application\/ld+json\" class=\"yoast-schema-graph\">{\"@context\":\"https:\/\/schema.org\",\"@graph\":[{\"@type\":\"WebSite\",\"@id\":\"https:\/\/kirsten-derma.de\/#website\",\"url\":\"https:\/\/kirsten-derma.de\/\",\"name\":\"Praxis Juri Kirsten\",\"description\":\"Facharzt f\\u00fcr Dermatologie und Allergologie Juri Kirsten Berlin\",\"potentialAction\":[{\"@type\":\"SearchAction\",\"target\":\"https:\/\/kirsten-derma.de\/?s={search_term_string}\",\"query-input\":\"required name=search_term_string\"}],\"inLanguage\":\"ru-RU\"},{\"@type\":\"WebPage\",\"@id\":\"https:\/\/kirsten-derma.de\/videos-kosmetische-behandlungen-praxisklinik-doktor-kirsten-berlin\/#webpage\",\"url\":\"https:\/\/kirsten-derma.de\/videos-kosmetische-behandlungen-praxisklinik-doktor-kirsten-berlin\/\",\"name\":\"[:de]Videos von der Praxisklinik Herr Juri Kirsten in Berlin - Kirsten-derma [:ru]\\u0412\\u0438\\u0434\\u0435\\u043e\\u0444\\u0438\\u043b\\u044c\\u043c\\u044b \\u043a\\u043b\\u0438\\u043d\\u0438\\u043a\\u0438 \\u0434\\u043e\\u043a\\u0442\\u043e\\u0440\\u0430 \\u042e\\u0440\\u0438\\u044f \\u041a\\u0438\\u0440\\u0441\\u0442\\u0435\\u043d\\u0430. - \\u041f\\u043b\\u0430\\u0441\\u0442\\u0438\\u0447\\u0435\\u0441\\u043a\\u0430\\u044f \\u0445\\u0438\\u0440\\u0443\\u0440\\u0433\\u0438\\u044f | \\u041a\\u043e\\u0441\\u043c\\u0435\\u0442\\u043e\\u043b\\u043e\\u0433\\u0438\\u044f | \\u0414\\u0435\\u0440\\u043c\\u0430\\u0442\\u043e\\u043b\\u043e\\u0433\\u0438\\u044f | \\u0410\\u043b\\u043b\\u0435\\u0440\\u0433\\u043e\\u043b\\u043e\\u0433\\u0438\\u044f | \\u042d\\u0441\\u0442\\u0435\\u0442\\u0438\\u0447\\u0435\\u0441\\u043a\\u0430\\u044f \\u043c\\u0435\\u0434\\u0438\\u0446\\u0438\\u043d\\u0430 | \\u0410\\u043c\\u0431\\u0443\\u043b\\u0430\\u0442\\u043e\\u0440\\u043d\\u044b\\u0435 \\u043e\\u043f\\u0435\\u0440\\u0430\\u0446\\u0438\\u0438 | \\u041b\\u0430\\u0437\\u0435\\u0440 | www.kirsten-derma.de [:tr]Videolar modern estetik tibbi ve cerrahi kozmetik ile - Berlin-Uygulama muyane Doktor Juri Kirsten [:]\",\"isPartOf\":{\"@id\":\"https:\/\/kirsten-derma.de\/#website\"},\"datePublished\":\"2017-02-19T10:28:46+00:00\",\"dateModified\":\"2017-02-19T10:28:46+00:00\",\"description\":\"{:de}Herr Juri Kirsten in Berlin ist Facharzt f\\u00fcr Dermatologie, kompetenter Facharzt, Behandlungsqualit\\u00e4t auf hohem Niveau, informiert \\u00fcber Sch\\u00f6nheitsoperationen wie die Fettabsaugung in Berlin, Fettabsaugen, Eigenfetttransplantation, Faltenbehandlung in Berlin, Stammzellen, Plasmalifting, Facelifting ohne Skalpell, Fadenlifting, Faltenunterspritzung in Berlin, Facelifting in Berlin mit fokussiertem Ultraschall, Augenlidkorrekturen in Berlin, Schlupflider entfernen in Berlin, Tr\\u00e4nens\\u00e4cke operieren in Berlin, tr\\u00e4nens\\u00e4cke entfernen in Berlin, Fadenlifting in Berlin, Dehnungsstreifen entfernen laser, Schwangerschaftsstreifen entfernen Berlin. {:ru}\\u0414\\u043e\\u043a\\u0442\\u043e\\u0440 \\u042e\\u0440\\u0438\\u0439 \\u041a\\u0438\\u0440\\u0441\\u0442\\u0435\\u043d, \\u0432\\u0440\\u0430\\u0447 \\u0434\\u0435\\u0440\\u043c\\u0430\\u0442\\u043e\\u043b\\u043e\\u0433, \\u043a\\u043e\\u0441\\u043c\\u0435\\u0442\\u0438\\u0447\\u0435\\u0441\\u043a\\u0438\\u0439 \\u0445\\u0438\\u0440\\u0443\\u0440\\u0433, \\u0430\\u043b\\u043b\\u0435\\u0440\\u0433\\u043e\\u043b\\u043e\\u0433, \\u0447\\u0430\\u0441\\u0442\\u043d\\u0430\\u044f \\u043a\\u043b\\u0438\\u043d\\u0438\\u043a\\u0430 \\u043a\\u043e\\u0441\\u043c\\u0435\\u0442\\u0438\\u0447\\u0435\\u0441\\u043a\\u043e\\u0439 \\u0445\\u0438\\u0440\\u0443\\u0440\\u0433\\u0438\\u0438 \\u0432 \\u0411\\u0435\\u0440\\u043b\\u0438\\u043d\\u0435, \\u043a\\u043b\\u0438\\u043d\\u0438\\u043a\\u0430 \\u044d\\u0441\\u0442\\u0435\\u0442\\u0438\\u0447\\u0435\\u0441\\u043a\\u043e\\u0439 \\u043c\\u0435\\u0434\\u0438\\u0446\\u0438\\u043d\\u044b \\u0432 \\u0446\\u0435\\u043d\\u0442\\u0440\\u0435 \\u0411\\u0435\\u0440\\u043b\\u0438\\u043d\\u0430, \\u0441\\u043f\\u0435\\u0446\\u0438\\u0430\\u043b\\u0438\\u0437\\u0430\\u0446\\u0438\\u044f \\u043a\\u043b\\u0438\\u043d\\u0438\\u043a\\u0438 \\u0432 \\u0411\\u0435\\u0440\\u043b\\u0438\\u043d\\u0435 \\u043b\\u0438\\u043f\\u043e\\u0441\\u0430\\u043a\\u0446\\u0438\\u044f, \\u043b\\u0435\\u0447\\u0435\\u043d\\u0438\\u0435 \\u043c\\u043e\\u0440\\u0449\\u0438\\u043d \\u0432 \\u0411\\u0435\\u0440\\u043b\\u0438\\u043d\\u0435, \\u0443\\u0432\\u0435\\u043b\\u0438\\u0447\\u0435\\u043d\\u0438\\u0435 \\u0433\\u0443\\u0431 \\u0433\\u0438\\u0430\\u043b\\u0443\\u0440\\u043e\\u043d\\u043e\\u0432\\u043e\\u0439 \\u043a\\u0438\\u0441\\u043b\\u043e\\u0442\\u043e\\u0439 \\u043a\\u043b\\u0438\\u043d\\u0438\\u043a\\u0430 \\u0432 \\u0411\\u0435\\u0440\\u043b\\u0438\\u043d\\u0435, \\u043f\\u043b\\u0430\\u0437\\u043c\\u043e\\u043b\\u0438\\u0444\\u0442\\u0438\\u043d\\u0433, \\u0432\\u0441\\u0435 \\u0432\\u0438\\u0434\\u044b \\u043d\\u0435\\u0445\\u0438\\u0440\\u0443\\u0440\\u0433\\u0438\\u0447\\u0435\\u0441\\u043a\\u043e\\u0433\\u043e \\u043b\\u0438\\u0444\\u0442\\u0438\\u043d\\u0433\\u0430, \\u043f\\u043b\\u0430\\u0441\\u0442\\u0438\\u043a\\u0430 \\u0432\\u0435\\u0440\\u0445\\u043d\\u0438\\u0445 \\u0438 \\u043d\\u0438\\u0436\\u043d\\u0438\\u0445 \\u0432\\u0435\\u043a \\u0432 \\u0411\\u0435\\u0440\\u043b\\u0438\\u043d\\u0435, \\u043b\\u0430\\u0437\\u0435\\u0440 \\u0444\\u0440\\u0430\\u043a\\u0441\\u0435\\u043b\\u044c, \\u0443\\u0434\\u0430\\u043b\\u0435\\u043d\\u0438\\u0435 \\u0432\\u043e\\u043b\\u043e\\u0441 \\u043b\\u0430\\u0437\\u0435\\u0440\\u043e\\u043c, \\u043b\\u0430\\u0437\\u0435\\u0440\\u043d\\u0430\\u044f \\u044d\\u043f\\u0438\\u043b\\u044f\\u0446\\u0438\\u044f, \\u0445\\u0438\\u043c\\u0438\\u0447\\u0435\\u0441\\u043a\\u0438\\u0439 \\u043f\\u0438\\u043b\\u0438\\u043d\\u0433, \\u043d\\u0438\\u0442\\u0435\\u0432\\u0430\\u044f \\u043f\\u043e\\u0434\\u0442\\u044f\\u0436\\u043a\\u0430 \\u043b\\u0438\\u0446\\u0430, \\u043d\\u0438\\u0442\\u0435\\u0432\\u043e\\u0439 \\u043b\\u0438\\u0444\\u0442\\u0438\\u043d\\u0433, \\u0443\\u043b\\u044c\\u0442\\u0440\\u0430\\u0437\\u0432\\u0443\\u043a\\u043e\\u0432\\u043e\\u0439 \\u043b\\u0438\\u0444\\u0442\\u0438\\u043d\\u0433 \\u043b\\u0438\\u0446\\u0430 \\u0410\\u043b\\u044c\\u0442\\u0435\\u0440\\u0430 \\u0414\\u043e\\u0431\\u043b\\u043e Ulthera Doublo \\u0432 \\u0411\\u0435\\u0440\\u043b\\u0438\\u043d\\u0435. {:tr}Dr. Juri Kirsten in Berlin ist Facharzt f\\u00fcr Dermatologie, kompetenter Facharzt, Behandlungsqualit\\u00e4t auf hohem Niveau, informiert \\u00fcber Sch\\u00f6nheitsoperationen wie die Fettabsaugung in Berlin, Fettabsaugen, Eigenfetttransplantation, Faltenbehandlung in Berlin, Stammzellen, Plasmalifting, Facelifting ohne Skalpell, Fadenlifting, Faltenunterspritzung in Berlin, Facelifting in Berlin mit fokussiertem Ultraschall, Augenlidkorrekturen in Berlin, Schlupflider entfernen in Berlin, Tr\\u00e4nens\\u00e4cke operieren in Berlin, tr\\u00e4nens\\u00e4cke entfernen in Berlin, Fadenlifting in Berlin, Dehnungsstreifen entfernen laser, Schwangerschaftsstreifen entfernen Berlin. {:}\",\"breadcrumb\":{\"@id\":\"https:\/\/kirsten-derma.de\/videos-kosmetische-behandlungen-praxisklinik-doktor-kirsten-berlin\/#breadcrumb\"},\"inLanguage\":\"ru-RU\",\"potentialAction\":[{\"@type\":\"ReadAction\",\"target\":[\"https:\/\/kirsten-derma.de\/videos-kosmetische-behandlungen-praxisklinik-doktor-kirsten-berlin\/\"]}]},{\"@type\":\"BreadcrumbList\",\"@id\":\"https:\/\/kirsten-derma.de\/videos-kosmetische-behandlungen-praxisklinik-doktor-kirsten-berlin\/#breadcrumb\",\"itemListElement\":[{\"@type\":\"ListItem\",\"position\":1,\"item\":{\"@type\":\"WebPage\",\"@id\":\"https:\/\/kirsten-derma.de\/\",\"url\":\"https:\/\/kirsten-derma.de\/\",\"name\":\"Startseite\"}},{\"@type\":\"ListItem\",\"position\":2,\"item\":{\"@id\":\"https:\/\/kirsten-derma.de\/videos-kosmetische-behandlungen-praxisklinik-doktor-kirsten-berlin\/#webpage\"}}]}]}<\/script>\n<!-- \/ Yoast SEO Premium plugin. -->","_links":{"self":[{"href":"https:\/\/kirsten-derma.de\/ru\/wp-json\/wp\/v2\/pages\/981","targetHints":{"allow":["GET"]}}],"collection":[{"href":"https:\/\/kirsten-derma.de\/ru\/wp-json\/wp\/v2\/pages"}],"about":[{"href":"https:\/\/kirsten-derma.de\/ru\/wp-json\/wp\/v2\/types\/page"}],"author":[{"embeddable":true,"href":"https:\/\/kirsten-derma.de\/ru\/wp-json\/wp\/v2\/users\/2"}],"replies":[{"embeddable":true,"href":"https:\/\/kirsten-derma.de\/ru\/wp-json\/wp\/v2\/comments?post=981"}],"version-history":[{"count":0,"href":"https:\/\/kirsten-derma.de\/ru\/wp-json\/wp\/v2\/pages\/981\/revisions"}],"wp:attachment":[{"href":"https:\/\/kirsten-derma.de\/ru\/wp-json\/wp\/v2\/media?parent=981"}],"wp:term":[{"taxonomy":"post_tag","embeddable":true,"href":"https:\/\/kirsten-derma.de\/ru\/wp-json\/wp\/v2\/tags?post=981"}],"curies":[{"name":"wp","href":"https:\/\/api.w.org\/{rel}","templated":true}]}}