{"id":107,"date":"2017-02-12T21:54:03","date_gmt":"2017-02-12T20:54:03","guid":{"rendered":"http:\/\/kd.myderma.de\/?page_id=107"},"modified":"2019-06-26T13:44:22","modified_gmt":"2019-06-26T11:44:22","slug":"%d0%bd%d0%b8%d1%82%d0%b5%d0%b2%d0%b0%d1%8f-%d0%bf%d0%be%d0%b4%d1%82%d1%8f%d0%b6%d0%ba%d0%b0-%d0%bb%d0%b8%d1%86%d0%b0-%d0%bd%d0%be%d0%b2%d0%be%d0%b3%d0%be-%d0%bf%d0%be%d0%ba%d0%be%d0%bb%d0%b5%d0%bd","status":"publish","type":"page","link":"https:\/\/kirsten-derma.de\/tr\/iplikgerdirmesi-silhoutte-yumusak-lift-berlin\/","title":{"rendered":"Bidirektionales resorbierbares Silhouette Soft\u2122 Fadenlifting in der Praxisklinik in Berlin"},"content":{"rendered":"<div id=\"gerdirmesi-silhoutte-yumusak-lift\" class=\"mod_article block\">\n<div class=\"ce_text haupttext block\">\n<h1 class=\"heading\">Emilebilir cift y\u00f6nl\u00fc siluet yumusak iplik gerdirmes uygulama klinigi Berlin<\/h1>\n<p><img wpfc-lazyload-disable=\"true\" loading=\"lazy\" decoding=\"async\" width=\"724\" height=\"350\" class=\"alignnone size-full wp-image-1911\" src=\"https:\/\/kirsten-derma.de\/wp-content\/uploads\/2017\/02\/soft_lifting-fadenlifting-berlin.jpg\" alt=\"Bidirektionales-resorbierbares-Silhouette-Soft-Fadenlifting \" srcset=\"https:\/\/kirsten-derma.de\/wp-content\/uploads\/2017\/02\/soft_lifting-fadenlifting-berlin.jpg 724w, https:\/\/kirsten-derma.de\/wp-content\/uploads\/2017\/02\/soft_lifting-fadenlifting-berlin-300x145.jpg 300w\" sizes=\"auto, (max-width: 724px) 100vw, 724px\" \/><\/p>\n<p>Esanlam: Laktik asit ipligi, Glikolik asit ipligi, Polilaktik asit ve glikolik asit dikisler, iplik gecirmek, c\u00f6z\u00fclen iplik germesi, Iplik germesi ile emilenen iplikler, destekleme germesi.<\/p>\n<h2>Genel<\/h2>\n<p>Y\u00fcz\u00fcn yaslanmasinda en \u00f6nemli ilk belirtileri tespit eden hastalarinin b\u00fcy\u00fck bakimi:<\/p>\n<ul>\n<li>Cilt elastikiyet kaybi ve kas tonusu, y\u00fcz b\u00f6lgelerde sarkma acar ve sonuc olarak, bulaniklik y\u00fcz hatlarini neden oldugu;<\/li>\n<li>Kirisikliklarin olusumunu, ince cizgiler ve oluklar.<\/li>\n<\/ul>\n<p>Bu belirtiler ileri yas ve menopoz ile birlikte daha da k\u00f6t\u00fcye gider, kolajen degradasyonu ile ve y\u00fczdeki dogal yag depolari, yani sira, yag dokusu d\u00fcs\u00fcr\u00fcc\u00fc ve y\u00fcz\u00fcn alt yarisinda ve bir cift cene de yol acar tombul yanaklar.<\/p>\n<p>Bu sorunlari c\u00f6zmek icin,modern y\u00f6ntemler vardir:Kayip yogunluk yerine olabilir(mesela Hyaluronik asit veya kendi ile yag)ve sarkan cilt-vekars b\u00f6lgeler ve ameliyatla hizlandirabilirsiniz (Y\u00fcz germesi) veya yardim ile invazif odaklanmis <a href=\"http:\/\/mesowelt.de\/produkte\/gerate\/hifu-doublo\/\" target=\"_blank\" rel=\"noopener noreferrer\">HiFi Ultraschall Doublo\u00ae<\/a> veya Ulthera\u00aeve sil\u00fcet yumusak\u2122 iplik germesiyle.<\/p>\n<p>Bug\u00fcne kadar sil\u00fcet yumusak iplik germesi USA, italya, fransa, rusya ve kurulan ispanya, bu nedenle \u00f6zellikle, oldugu icin &#8220;\u00f6gle prosed\u00fcr&#8221;oldugunu, hizli bir sekilde tedavi gercelestigini.<\/p>\n<p><img wpfc-lazyload-disable=\"true\" loading=\"lazy\" decoding=\"async\" title=\"Gerdirmesi Silhoutte yumu\u015fak Lift\" src=\"https:\/\/kirsten-derma.de\/tl_files\/tiny_templates\/kirsten-derma\/Facelifting%20ohne%20Skalpell\/Silhouette%20Soft%20Lift%20Faden%20Knoten.jpg\" alt=\"Gerdirmesi Silhoutte yumu\u015fak Lift\" width=\"185\" height=\"100\" \/><\/p>\n<p>Amactir,batan doku Y\u00fcz\u00fcn ve boynun k\u00fcc\u00fck bir konik biciminde ile saglanan ipliklerle kati yapilarini d\u00fczeltmek ve d\u00fczene girmesi icin.<\/p>\n<p>Siluet yumusagi\u2122 iplik germesi \u00f6zel bir y\u00f6ntemdir, iki etkilerini birlestirir:<\/p>\n<ul>\n<li>Bir ayri ve hemen gerdirme etki:kisa s\u00fcrede Doktor Kirsten ipligi yerlestirdiginde,sarkmis cilt parcalari tekrar gerdirilir;<\/li>\n<li>Dogal rejeneratif etkisi: C\u00f6z\u00fcn\u00fcrl\u00fck s\u00fcre boyunca ipligin temel bileseni uyarir, polilaktik asiti(polilaktik asit) dogal kolajen \u00fcretimi ve bu sekilde cilt dokusunu iyilestirilmesini elde edilir.<\/li>\n<\/ul>\n<p>Iplikerin bir kac ay sonra tamamen gitmesine ragmen,gerdirme etkisi kalir,doku bag dokusu icinde t\u00fcr\u00fc kuruldugu icin.<\/p>\n<h3>Siluet yumusak\u2122 germesi kimin icin endekslidir?<\/h3>\n<p>Siluet yumusak germe y\u00f6ntemi erkekler ve kadinlar icin idealdir hafif ve cild y\u00fcz\u00fcn orta siddet ile gevseklik,alaninda \u00f6zellikle:<\/p>\n<ul>\n<li class=\"ohne\"><img wpfc-lazyload-disable=\"true\" loading=\"lazy\" decoding=\"async\" title=\"Kaslar\" src=\"https:\/\/kirsten-derma.de\/tl_files\/tiny_templates\/kirsten-derma\/Facelifting%20ohne%20Skalpell\/fadenlifting1.jpg\" alt=\"Kaslar\" width=\"150\" height=\"150\" \/>\u00a0\u00a0 Kaslar,<\/li>\n<li class=\"ohne\"><img wpfc-lazyload-disable=\"true\" loading=\"lazy\" decoding=\"async\" title=\"Yanaklar,nazolabial kirisikliklar\" src=\"https:\/\/kirsten-derma.de\/tl_files\/tiny_templates\/kirsten-derma\/Facelifting%20ohne%20Skalpell\/fadenlifting2.jpg\" alt=\"Yanaklar,nazolabial kirisikliklar\" width=\"150\" height=\"126\" \/>\u00a0\u00a0 Yanaklar, nazolabial kirisikliklar,<\/li>\n<li class=\"ohne\"><img wpfc-lazyload-disable=\"true\" loading=\"lazy\" decoding=\"async\" title=\"Tombul yanaklar\" src=\"https:\/\/kirsten-derma.de\/tl_files\/tiny_templates\/kirsten-derma\/Facelifting%20ohne%20Skalpell\/fadenlifting3.jpg\" alt=\"Tombul yanaklar\" width=\"150\" height=\"126\" \/>\u00a0\u00a0 Tombul yanaklar,<\/li>\n<li class=\"ohne\"><img wpfc-lazyload-disable=\"true\" loading=\"lazy\" decoding=\"async\" title=\"Boyunda\" src=\"https:\/\/kirsten-derma.de\/tl_files\/tiny_templates\/kirsten-derma\/Facelifting%20ohne%20Skalpell\/fadenlifting4.jpg\" alt=\"Boyunda\" width=\"150\" height=\"126\" \/>\u00a0\u00a0 Boyunda.<\/li>\n<\/ul>\n<p>Bu teknoloji asagidaki hasta ilgilendirmektedir:<\/p>\n<ul>\n<li>Herhangi bir invaziv \u00f6nlemler yapmak isteyenler;<\/li>\n<li>Die keine invasiven Ma\u00dfnahmen vornehmen wollen;<\/li>\n<li>Hic bir zaman kesintilere gelemeyenler;<\/li>\n<li>Tedavi sonrasinda y\u00fczdeki degisiklikler istemeyenler;<\/li>\n<li>Biyoljik olarak parcalanabilen malzemeler tercih eden.<\/li>\n<\/ul>\n<h3>Siluet yumusak germesi icin kim uygun degildir?<\/h3>\n<p>Yumusak Siluet germesi her cilt tiplere uygundur. Kendi kendi dagilan iplikler Laktik asitinden klinik calismalarin bir parcasi olarak test edildi ve hicbir alerjik reaksiyonlar g\u00f6r\u00fcnmedi.<\/p>\n<p>Gerci, olanlar icin,y\u00fcksek bir alerjik potansiyele sahip olan ve birden fazla alerjenlere yanit verenler, veya herhangi bir alerji geciren, riskinizi gerektigi bilgiyi Bey Doktor Kirstene g\u00f6r\u00fcsmeniz de tavsiye veririz.<\/p>\n<p>Cildin Belirgin bir sarkmada \u00fccretsiz konusma da Bey Doktor Kirstenle \u00f6nemli dikkat verilmelidir.<\/p>\n<h3>Iplik gerdirmenin \u00f6n hazirmalari nasildir?<\/h3>\n<p>Iplik gerdimesinden sonra iki hafta Aspirin\u00aeiceren Ilaclar veya Vitaminler E preparatlar uzun s\u00fcre alinamamsi gerekiyor. Sancili durumunda alternativ olarak parasetamol alabilirsiniz. Tedaviden \u00f6nce alkol ve nikotin olan maddelerden uzak durunuz.<\/p>\n<h3>Hangi uyusturma kullanilir?<\/h3>\n<p>Bir lokal anestezik sadece ipligin ic ve cikis noktalarinda gereklidir.<\/p>\n<h3>Iplik germesi nasil geciyor?<\/h3>\n<p>Ilk basta oturan hastamizda cildin vekt\u00f6rleri isaretlenilir ve hasta ile konusulur.Lokal uyusturmasindan sonra steril ortamlarda Doktor Kirsten ipligi giris igneye deri alt dokuda yerlestirilir ve daha \u00f6nceden isaretlenmis noktadan yine cikar. Iplik koparilir ve deri altina sokulur. Iplikteki koni derialti dokusu istenilen yerde daha az oynayan cilt b\u00f6lgelerde alansal sabitlenilir. Germe etkisi hemen g\u00f6r\u00fclebilir ve bir bucuk veya 2 sene s\u00fcr\u00fcyor,ipligin tamamen gitmesine.Ipliklerin miktari hastalarin endikasyonlarina baglidir. Tedavi herzaman tekrarlanabilinir.<\/p>\n<h3>\u00d6zellikle m\u00fcdahaleden sonra nelere dikkat etmem gerekir?<\/h3>\n<p>Ilk g\u00fcnlerde cok sogutmak daha az Sisliklere neden olur ve Yaranin iyilesmesini daha cabuk hizlandirir. Yatarken Basinizin y\u00fcksek olmasi ve sirtinizda uzanmaniz iplik germesinden sonra ayni sekilde tavsiye edilir. Iplik germenin hemen ertesi G\u00fcn sonra dusch alabilirsiniz. \u00dcc hafta tedaviden sonra, herhangi bir baski tedavi edilen b\u00f6lgelere,ipiklerin yerlestirdigini. Ilk \u00dcc hafta da \u00f6zellikle hizli Y\u00fcz hareketleri tedavi edilen b\u00f6lgelerde birakiniz mesela, hizli agiz b\u00f6lgeye sallamaya, konusmak,esnemek, g\u00fclmek veya baska hareketler. Pipetle sakin icmeyiniz.<\/p>\n<h3>Spora tekrar nezaman basliyabilirim?<\/h3>\n<p>Iplik germeden sonra 4-5 Hafta spora gitmemelisiniz.<\/p>\n<h3>Iplik germenin riskleri nedir?<\/h3>\n<p>Genelde her ameliyat veya k\u00fcc\u00fck minimal invaziv m\u00fcdahale bazi riskler (ilac intoleransi,morarma,yara iyilesme bozukluklari,iltihaplar, Sislikler veya yara sorunlari). Bey Doktor Kirsten sizinle potansiyel riskleri bir danisma ve hazirlik sohbetinde anlatir.<\/p>\n<h3>Iplik germesi neyle kombinlenilenebilinir?<\/h3>\n<p>Diger Y\u00fcz genclestirme kombinasyonlar \u00f6nlemler gibi,kesirli-lazer-tedavisi,kimyasal peeling,plasma germesi kendi ile trombosit acisindan zengin plasma PRP,kendi yag tedavisi yag k\u00f6k h\u00fccreleri ile her zaman m\u00fcmk\u00fcnd\u00fcr.<\/p>\n<p>\u00d6zellikle tavsiye eden kombinasyon odaklanmis <a href=\"http:\/\/mesowelt.de\/produkte\/gerate\/hifu-doublo\/\" target=\"_blank\" rel=\"noopener noreferrer\">HiFu Ultraschall Doublo\u00ae<\/a> veya Ulthera\u00ae. B\u00f6ylece odaklanmis ultrason dalgalar bir germe karslarin derine ulasir, Cild y\u00fczeye zarar vermeden. Cilt Y\u00fcz\u00fcn Kolajen kati termal etkisinden odaklanan HiFu ultrason g\u00fcclendirir ve y\u00fcz\u00fc daha cok gerdirir.<\/p>\n<h3>Iplik germesini Y\u00fcz germesiyle degistirebilinir mi?<\/h3>\n<p>Iplik germesi y\u00fcz germesine yedek olarak kabul edilenemiyor: Cilt fazlaligi cok fazlaysa,Y\u00fcz germesi ameliyatsiz endeksli edilir.Iplik germesiyse yumusak Siluet iplikler y\u00fczdeki k\u00fcc\u00fck degisiklikler anlamina gelir ve boyun b\u00f6lgesi icin olur.Iplik germesi kiyaslanmayacak derecede daha az m\u00fcdahaleci,Y\u00fcz germesi bir isletme olarak,ve bu cok iyi sonuclara yol acar.<\/p>\n<p>T\u00fcm tedavi konseptleri size g\u00f6re yapiyoruz ve ayarliyoruz.severek Bey Doktor Kirsten, size zaman ayirip ve sizin isteklerinizi konusmak icin.bu tedavi sohbeti Doktor Kirsten ile herzaman <a href=\"https:\/\/kirsten-derma.de\/Ulasim.html\">Onlinetermin<\/a> veya telefonla bizim praximizda alabilirsiniz.<\/p>\n<\/div>\n<\/div>\n","protected":false},"excerpt":{"rendered":"<p>Emilebilir cift y\u00f6nl\u00fc siluet yumusak iplik gerdirmes uygulama klinigi Berlin Esanlam: Laktik asit ipligi, Glikolik asit ipligi, Polilaktik asit ve glikolik asit dikisler, iplik gecirmek, c\u00f6z\u00fclen iplik germesi, Iplik germesi ile emilenen iplikler, destekleme germesi. Genel Y\u00fcz\u00fcn yaslanmasinda en \u00f6nemli ilk belirtileri tespit eden hastalarinin b\u00fcy\u00fck bakimi: Cilt elastikiyet kaybi ve kas tonusu, y\u00fcz b\u00f6lgelerde sarkma acar ve sonuc olarak, bulaniklik y\u00fcz hatlarini neden oldugu; Kirisikliklarin olusumunu, ince cizgiler ve oluklar. Bu belirtiler ileri yas ve menopoz ile birlikte daha [&hellip;]<\/p>\n","protected":false},"author":2,"featured_media":0,"parent":0,"menu_order":0,"comment_status":"closed","ping_status":"closed","template":"","meta":{"footnotes":""},"tags":[],"class_list":["post-107","page","type-page","status-publish","hentry"],"yoast_head":"<!-- This site is optimized with the Yoast SEO Premium plugin v22.5 (Yoast SEO v16.4) - https:\/\/yoast.com\/wordpress\/plugins\/seo\/ -->\n<title>Fadenlifting Silhouette Soft\u2122 in Berlin, HiFi Ultraschall Doublo\u00ae, Ulthera\u00ae - Kirsten-derma<\/title>\n<meta name=\"description\" content=\"Herr Kirsten in Berlin ist Facharzt f\u00fcr Dermatologie, kompetenter Facharzt, Behandlungsqualit\u00e4t auf hohem Niveau, und informiert \u00fcber Sch\u00f6nheitsoperationen wie die Fettabsaugung, Fettabsaugen, Eigenfetttransplantation, Faltenbehandlung, Stammzellen, Plasmalifting, Facelifting ohne Skalpell, Fadenlifting und Faltenunterspritzung.\" \/>\n<meta name=\"robots\" content=\"index, follow, max-snippet:-1, max-image-preview:large, max-video-preview:-1\" \/>\n<link rel=\"canonical\" href=\"https:\/\/kirsten-derma.de\/fadenlifting_silhoutte_soft_lift-berlin\/\" \/>\n<meta property=\"og:locale\" content=\"tr_TR\" \/>\n<meta property=\"og:type\" content=\"article\" \/>\n<meta property=\"og:title\" content=\"Fadenlifting Silhouette Soft\u2122 in Berlin, HiFi Ultraschall Doublo\u00ae, Ulthera\u00ae - Kirsten-derma\" \/>\n<meta property=\"og:description\" content=\"Herr Kirsten in Berlin ist Facharzt f\u00fcr Dermatologie, kompetenter Facharzt, Behandlungsqualit\u00e4t auf hohem Niveau, und informiert \u00fcber Sch\u00f6nheitsoperationen wie die Fettabsaugung, Fettabsaugen, Eigenfetttransplantation, Faltenbehandlung, Stammzellen, Plasmalifting, Facelifting ohne Skalpell, Fadenlifting und Faltenunterspritzung.\" \/>\n<meta property=\"og:url\" content=\"https:\/\/kirsten-derma.de\/fadenlifting_silhoutte_soft_lift-berlin\/\" \/>\n<meta property=\"og:site_name\" content=\"Praxis Juri Kirsten\" \/>\n<meta property=\"article:modified_time\" content=\"2019-06-26T11:44:22+00:00\" \/>\n<meta property=\"og:image\" content=\"https:\/\/kirsten-derma.de\/wp-content\/uploads\/2017\/02\/soft_lifting-fadenlifting-berlin.jpg\" \/>\n<meta name=\"twitter:card\" content=\"summary\" \/>\n<meta name=\"twitter:label1\" content=\"Tahmini okuma s\u00fcresi\" \/>\n\t<meta name=\"twitter:data1\" content=\"5 dakika\" \/>\n<script type=\"application\/ld+json\" class=\"yoast-schema-graph\">{\"@context\":\"https:\/\/schema.org\",\"@graph\":[{\"@type\":\"WebSite\",\"@id\":\"https:\/\/kirsten-derma.de\/#website\",\"url\":\"https:\/\/kirsten-derma.de\/\",\"name\":\"Praxis Juri Kirsten\",\"description\":\"Facharzt f\\u00fcr Dermatologie und Allergologie Juri Kirsten Berlin\",\"potentialAction\":[{\"@type\":\"SearchAction\",\"target\":\"https:\/\/kirsten-derma.de\/?s={search_term_string}\",\"query-input\":\"required name=search_term_string\"}],\"inLanguage\":\"tr\"},{\"@type\":\"ImageObject\",\"@id\":\"https:\/\/kirsten-derma.de\/fadenlifting_silhoutte_soft_lift-berlin\/#primaryimage\",\"inLanguage\":\"tr\",\"url\":\"https:\/\/kirsten-derma.de\/wp-content\/uploads\/2017\/02\/soft_lifting-fadenlifting-berlin.jpg\",\"contentUrl\":\"https:\/\/kirsten-derma.de\/wp-content\/uploads\/2017\/02\/soft_lifting-fadenlifting-berlin.jpg\",\"width\":724,\"height\":350,\"caption\":\"Bidirektionales-resorbierbares-Silhouette-Soft-Fadenlifting\"},{\"@type\":\"WebPage\",\"@id\":\"https:\/\/kirsten-derma.de\/fadenlifting_silhoutte_soft_lift-berlin\/#webpage\",\"url\":\"https:\/\/kirsten-derma.de\/fadenlifting_silhoutte_soft_lift-berlin\/\",\"name\":\"Fadenlifting Silhouette Soft\\u2122 in Berlin, HiFi Ultraschall Doublo\\u00ae, Ulthera\\u00ae - Kirsten-derma\",\"isPartOf\":{\"@id\":\"https:\/\/kirsten-derma.de\/#website\"},\"primaryImageOfPage\":{\"@id\":\"https:\/\/kirsten-derma.de\/fadenlifting_silhoutte_soft_lift-berlin\/#primaryimage\"},\"datePublished\":\"2017-02-12T20:54:03+00:00\",\"dateModified\":\"2019-06-26T11:44:22+00:00\",\"description\":\"Herr Kirsten in Berlin ist Facharzt f\\u00fcr Dermatologie, kompetenter Facharzt, Behandlungsqualit\\u00e4t auf hohem Niveau, und informiert \\u00fcber Sch\\u00f6nheitsoperationen wie die Fettabsaugung, Fettabsaugen, Eigenfetttransplantation, Faltenbehandlung, Stammzellen, Plasmalifting, Facelifting ohne Skalpell, Fadenlifting und Faltenunterspritzung.\",\"breadcrumb\":{\"@id\":\"https:\/\/kirsten-derma.de\/fadenlifting_silhoutte_soft_lift-berlin\/#breadcrumb\"},\"inLanguage\":\"tr\",\"potentialAction\":[{\"@type\":\"ReadAction\",\"target\":[\"https:\/\/kirsten-derma.de\/fadenlifting_silhoutte_soft_lift-berlin\/\"]}]},{\"@type\":\"BreadcrumbList\",\"@id\":\"https:\/\/kirsten-derma.de\/fadenlifting_silhoutte_soft_lift-berlin\/#breadcrumb\",\"itemListElement\":[{\"@type\":\"ListItem\",\"position\":1,\"item\":{\"@type\":\"WebPage\",\"@id\":\"https:\/\/kirsten-derma.de\/\",\"url\":\"https:\/\/kirsten-derma.de\/\",\"name\":\"Startseite\"}},{\"@type\":\"ListItem\",\"position\":2,\"item\":{\"@id\":\"https:\/\/kirsten-derma.de\/fadenlifting_silhoutte_soft_lift-berlin\/#webpage\"}}]}]}<\/script>\n<!-- \/ Yoast SEO Premium plugin. -->","_links":{"self":[{"href":"https:\/\/kirsten-derma.de\/tr\/wp-json\/wp\/v2\/pages\/107","targetHints":{"allow":["GET"]}}],"collection":[{"href":"https:\/\/kirsten-derma.de\/tr\/wp-json\/wp\/v2\/pages"}],"about":[{"href":"https:\/\/kirsten-derma.de\/tr\/wp-json\/wp\/v2\/types\/page"}],"author":[{"embeddable":true,"href":"https:\/\/kirsten-derma.de\/tr\/wp-json\/wp\/v2\/users\/2"}],"replies":[{"embeddable":true,"href":"https:\/\/kirsten-derma.de\/tr\/wp-json\/wp\/v2\/comments?post=107"}],"version-history":[{"count":0,"href":"https:\/\/kirsten-derma.de\/tr\/wp-json\/wp\/v2\/pages\/107\/revisions"}],"wp:attachment":[{"href":"https:\/\/kirsten-derma.de\/tr\/wp-json\/wp\/v2\/media?parent=107"}],"wp:term":[{"taxonomy":"post_tag","embeddable":true,"href":"https:\/\/kirsten-derma.de\/tr\/wp-json\/wp\/v2\/tags?post=107"}],"curies":[{"name":"wp","href":"https:\/\/api.w.org\/{rel}","templated":true}]}}