{"id":124,"date":"2017-02-12T22:00:46","date_gmt":"2017-02-12T21:00:46","guid":{"rendered":"http:\/\/kd.myderma.de\/?page_id=124"},"modified":"2019-08-27T16:55:05","modified_gmt":"2019-08-27T14:55:05","slug":"chemisches-peeling-in-der-praxis-herr-juri-kirsten-in-berlin","status":"publish","type":"page","link":"https:\/\/kirsten-derma.de\/tr\/kimyasal-peeling-berlin\/","title":{"rendered":"Kimyasal peeling uygulama Doktor Kirsten"},"content":{"rendered":"<div id=\"kimyasal-peeling\" class=\"mod_article block\">\n<div class=\"ce_text haupttext block\">\n<h1 class=\"heading\">Kimyasal peeling uygulama Herr Juri Kirsten<\/h1>\n<p><img wpfc-lazyload-disable=\"true\" loading=\"lazy\" decoding=\"async\" width=\"724\" height=\"350\" class=\"alignnone size-full wp-image-1926\" src=\"https:\/\/kirsten-derma.de\/wp-content\/uploads\/2017\/02\/chemisches-peeling-berlin.jpg\" alt=\"chemisches-peeling-berlin\" srcset=\"https:\/\/kirsten-derma.de\/wp-content\/uploads\/2017\/02\/chemisches-peeling-berlin.jpg 724w, https:\/\/kirsten-derma.de\/wp-content\/uploads\/2017\/02\/chemisches-peeling-berlin-300x145.jpg 300w\" sizes=\"auto, (max-width: 724px) 100vw, 724px\" \/><\/p>\n<p>Tanidik Kelimeler: meyve asit peeling, TCA Peeling, Fenol-Peeling, Jessner Peeling, Trichloressig asiti, tibbi peeling, tedavi soyma.<\/p>\n<h2>Genel<\/h2>\n<p>Amerika Birlesik Devletlerinde kimyasal Peeling en tepesinde bulunmaktadir performans listenin tepesinde estetik yapan dermatologlar ve plastik cerrahlar.Botox\u00ae dan sonra ve Hyaluronik asit tedavileri kimyasal peelingler 3 siralama da yer aliyor.Soyulmalar cok sik y\u00fcz gerdirmesiyle birlestirlir, dolgu tedavileri ve Botox\u00ae ile.Berlin\u00edn merkezinde bizim uygulama doktor kirsten de biz meyve asidi soyma (AHA) ve Trichloressig asiti peeling (TCA) yardimiyla.<\/p>\n<h3>Hangi Peeling cesitleri vardir?<\/h3>\n<p>Etkin derinligine g\u00f6re farkli \u00fcc Tedavi cesitleri vardir: Y\u00fczeysel Peelingler, orta derin ve derin Peeling.Ovma maddelerin derinligine g\u00f6re endikasyonlarinlar degisir, etkin ve kesinti vardir.<\/p>\n<p><img wpfc-lazyload-disable=\"true\" loading=\"lazy\" decoding=\"async\" title=\"Cilt Peelings muyane Doktor Kirsten Berlinde\" src=\"https:\/\/kirsten-derma.de\/tl_files\/tiny_templates\/kirsten-derma\/Chemisches%20Peeling\/Haut%20Peelings%20in%20der%20Praxis%20Dr%20Kirsten%20Berlin.png\" alt=\"Cilt Peelings muyane Doktor Kirsten Berlinde\" width=\"250\" height=\"199\" \/><\/p>\n<h3>Y\u00fczeysel Peeling nedir?<\/h3>\n<p>Y\u00fczeysel soyulmalar coklu uygulamalar gerektiren (4 ile 6 Seans). Bunlar, deri ve yumusak fircalama y\u00fczeyinde hareket ediyor veya lunchtime soyulmalar denilir.Bu durumda madde soyma hangileridir meyve asiti peeling n\u00f6tralizasyonu ardindan cesitli artan konsentrasyonlarla, Salisilik asiti veya Glikolik asiti.Biz Berlin\u00b4de bizim uygulama Doktor Kirsten, glikolik asit ile peelingler agirliki kullanilir.Cildin ph\u00edn d\u00fcs\u00fcr\u00fclmesi ile bu tahrise neden olur.Etkinligi ve penetrasyon derinligi ve glikolik asiti \u00fczerinde kalis s\u00fcresi cilt ve asit konsantrasyonuna bagli olaraktir.Y\u00fczeysel Peelingler ayrik soyma tedaviden sonra iki ile \u00fcc g\u00fcnardindan hafif soymaya neden olur.Berlin Sch\u00f6nebergde bizim uygulama Doktor Kirsten icinde meyve asidi soyulmalar 2-3 hafta icinde bir kez uygulanabilinir ve bir iki veya \u00fcc kez haftada kullanilir.<\/p>\n<p>Endikasyonlar y\u00fczeysel Peeling vardir:Akne, hafif biraz telaffuz y\u00fczeysel hiperpigmentasyon veya genislemis g\u00f6zenekler, hafif kirisiklar. Hatta yagli cilte glikolik asit peeling yararlanabilir. Tedavi cilt yanigi benzeri kizariklik yapabilir, birkac saat sonra azalmaya basliyor.<\/p>\n<h3>Orta derin Peeling nedir?<\/h3>\n<p>Orta pratikte peelingler icin bizim uygulama klinikte Doktor Kirsten kullandigimiz madde Trichloressig asiti-TCA arasinda bir konsentrasyonda 20 ile 35 y\u00fczde%.B\u00f6ylece, cilt dogru siyrilir ve ince kirisikliklar ve yas isaretleri ortadan kaldirilir.Eger alti ila sekiz g\u00fcn disinda bir mola s\u00fcresi ile beklemeye hazir olunuz.<\/p>\n<p>Farkli y\u00fczeysel meyve asidi peeling icinde derin etkisi d\u00fcser, degisiklikler, daha iyi g\u00f6r\u00fclebilir, b\u00f6ylece.Bu y\u00f6ntem bir dezavantaji,ancak,bu konuda 7 ile 10 g\u00fcn s\u00fcrebilir, cildin yenilenmesi olabilmesi icin.<\/p>\n<p>Orta derin TCA Peeling derin cilt tabakalarina \u00fcyeligine alinir,Uv radyasona duyarlilik artisina yol acar.Bu nedenle,bu \u00f6nerilir,m\u00fcmk\u00fcn oldukca g\u00fcnesi \u00f6nlemek icin alti ile sekiz hafta soyma orta derin TCA peeling y\u00fcksek g\u00fcnes koruma fakt\u00f6r\u00fc ile ve s\u00fcrekli bir g\u00fcnes koruyucu kremi kullanmak.<\/p>\n<p>Orta derin peeling edikasyonlar bunlardir:belirgin, ama cok fazla derin olamayan derin kirisikliklar, pigment lekeleri, akne yaralar, sucicegi izleri.TCA Peeling cilt g\u00f6r\u00fcn\u00fcm\u00fcn\u00fc iyilestirir ve cilt tabakalarinin yenilenmesi ile bir s\u00fczme etksi yumusatma yapar. Sirk\u00fclasyon uyarilir, pembe ve boyun ve dekolte \u00fczerinde. Ama ayni elin arka bu sekilde canlandirmak olabilir.<\/p>\n<p>Agartma icerik maddelerin bir kombinasyonu ile pigment bozuklari tedavi etmek m\u00fcmk\u00fcnd\u00fcr.<\/p>\n<h3>Derin Peeling<\/h3>\n<p>Derin Peeling yardimiyla deri kolajen tabakasi asagi uzaklastirilabilir.Genel olarak,kulanim icin fenol kullanilir.Karaciger riski nedeniyle ve Kalp hasralari bu soyma y\u00f6ntemi bizim uygulamada uygulanilmaz.<\/p>\n<p><img wpfc-lazyload-disable=\"true\" loading=\"lazy\" decoding=\"async\" title=\"Sorular ve Cevaplar Kimyasal Peeling ugyulama muyanede Doktor Kirsten Berlinde\" src=\"https:\/\/kirsten-derma.de\/tl_files\/tiny_templates\/kirsten-derma\/Chemisches%20Peeling\/Fragen%20und%20Antworten%20Chemisches%20Peeling%20in%20der%20Praxis%20Dr%20Kirsten%20Berlin.jpg\" alt=\"Sorular ve Cevaplar Kimyasal Peeling ugyulama muyanede Doktor Kirsten Berlinde\" width=\"250\" height=\"343\" \/><\/p>\n<h3>Kendimi kimyasal Peeling icin nasil hazirlanmaliyim?<\/h3>\n<p>TCA-Peeling \u00f6zel olarak yapilmis kremler ile derinin tabi tutulmasini gerektirir, cilt ph degerini d\u00fcs\u00fcrmek ve \u00fcst azgin deri tabakasi asindirmak.B\u00f6ylece soyma peeling daha iyi, deri icine daha derin ve esit olarak girer.Cogu durumda, iki haftalik bir hazirlik asamasi yeterlidir.Tedavi bizim uygulama Doktor Kirsten Berlin-Sch\u00f6nebergde ambulant yapilir.Dikkat etmelisiniz ki, Tedaviden sonra siz araba kullanamasinizsiniz.<\/p>\n<h3>Anestetik gerekli midir?<\/h3>\n<p>Y\u00fczeysel Peeling meyve asiti ile anestetik gerekli degildir. TCA_peeling aksine olan agri kesici veya hatta sedasyon tavsiye edilir. Soyma maddelerin uygulanmasi sirasinda ,kisa vadeli olmalari yanik ve aci hisseceksiniz. TCA-Peelingden sonra cildiniz sicak olabilir ve kizara bilir.<\/p>\n<h3>Peeling den sonra nasil g\u00f6r\u00fcn\u00fcyorum ve insanlarin icine cikabilirmiyim?<\/h3>\n<p>Meyve asit Peelingden sonra siyin cildiniz biraz yorgun ve kizarmis olabilir.2-3 g\u00fcn sonra cildiniz soyulmaya baslar.Bu soyma s\u00fcrec ama normal g\u00fcn\u00fcn\u00fcz etkilemez.<\/p>\n<p>Ama bam baska cildiniz TCA-Peelingden sonra olur.TCA-Peeling cildiniz kizarmis ve tedavi edilen b\u00f6lge koyu olmaya baslar ve kepekleme de olabilir. Bu cildin s\u00fcreci 7 ile 10 g\u00fcn s\u00fcr\u00fcyor. Onun icin tavsiyemiz bu s\u00fcrec icin izin aliniz.<\/p>\n<h3>Tedaviden sonra neye dikkat etmem gerekir?<\/h3>\n<p>Herpes enfeksiyonu kapmissaniz eger,bunu Doktorunuzla danisin l\u00fctfen. Oda zaman icinde profilaktik tedavi size yapabilir.<\/p>\n<p>D\u00fczg\u00fcn bir yara iyilesme saglamak icin ve yan etkileri \u00f6nlemek icin,\u00f6nemlidir,sonrasi tedavi \u00f6nerileri takip etmek icin.Herg\u00fcn bizim tavsiye ettigimiz kremleri kullanmanizi. T\u00fcm tedavi konseptleri size g\u00f6re yapiyoruz ve ayarliyoruz.severek Bey Doktor Kirsten,size zaman ayirip ve sizin isteklerinizi konusmak icin.bu tedavi sohbeti Doktor Kirsten ile herzaman <a href=\"https:\/\/kirsten-derma.de\/Ulasim.html\">Onlinetermin<\/a> veya telefonla bizim praximizda alabilirsiniz.<\/p>\n<\/div>\n<\/div>\n","protected":false},"excerpt":{"rendered":"<p>Kimyasal peeling uygulama Herr Juri Kirsten Tanidik Kelimeler: meyve asit peeling, TCA Peeling, Fenol-Peeling, Jessner Peeling, Trichloressig asiti, tibbi peeling, tedavi soyma. Genel Amerika Birlesik Devletlerinde kimyasal Peeling en tepesinde bulunmaktadir performans listenin tepesinde estetik yapan dermatologlar ve plastik cerrahlar.Botox\u00ae dan sonra ve Hyaluronik asit tedavileri kimyasal peelingler 3 siralama da yer aliyor.Soyulmalar cok sik y\u00fcz gerdirmesiyle birlestirlir, dolgu tedavileri ve Botox\u00ae ile.Berlin\u00edn merkezinde bizim uygulama doktor kirsten de biz meyve asidi soyma (AHA) ve Trichloressig asiti peeling (TCA) yardimiyla. [&hellip;]<\/p>\n","protected":false},"author":2,"featured_media":0,"parent":0,"menu_order":0,"comment_status":"closed","ping_status":"closed","template":"","meta":{"footnotes":""},"tags":[],"class_list":["post-124","page","type-page","status-publish","hentry"],"yoast_head":"<!-- This site is optimized with the Yoast SEO Premium plugin v22.5 (Yoast SEO v16.4) - https:\/\/yoast.com\/wordpress\/plugins\/seo\/ -->\n<title>Chemisches Peeling Berlin versch. Tiefen mit Fruchts\u00e4ure. 03023621292<\/title>\n<meta name=\"description\" content=\"Chemisches Peeling Berlin. Oberfl\u00e4chliches, mitteltiefes und tiefes Peeling mit verschiedenen S\u00e4uren. Individuelle Beratung beim Arzt. Tel. 03023621292\" \/>\n<meta name=\"robots\" content=\"index, follow, max-snippet:-1, max-image-preview:large, max-video-preview:-1\" \/>\n<link rel=\"canonical\" href=\"https:\/\/kirsten-derma.de\/chemisches-peeling-fruchtsaeure-in-berlin\/\" \/>\n<meta property=\"og:locale\" content=\"tr_TR\" \/>\n<meta property=\"og:type\" content=\"article\" \/>\n<meta property=\"og:title\" content=\"Chemisches Peeling Berlin versch. Tiefen mit Fruchts\u00e4ure. 03023621292\" \/>\n<meta property=\"og:description\" content=\"Chemisches Peeling Berlin. Oberfl\u00e4chliches, mitteltiefes und tiefes Peeling mit verschiedenen S\u00e4uren. Individuelle Beratung beim Arzt. Tel. 03023621292\" \/>\n<meta property=\"og:url\" content=\"https:\/\/kirsten-derma.de\/chemisches-peeling-fruchtsaeure-in-berlin\/\" \/>\n<meta property=\"og:site_name\" content=\"Praxis Juri Kirsten\" \/>\n<meta property=\"article:modified_time\" content=\"2019-08-27T14:55:05+00:00\" \/>\n<meta property=\"og:image\" content=\"https:\/\/kirsten-derma.de\/wp-content\/uploads\/2019\/08\/chemisches-peeling-berlin-beim-arzt.jpg\" \/>\n<meta name=\"twitter:card\" content=\"summary\" \/>\n<meta name=\"twitter:label1\" content=\"Tahmini okuma s\u00fcresi\" \/>\n\t<meta name=\"twitter:data1\" content=\"4 dakika\" \/>\n<script type=\"application\/ld+json\" class=\"yoast-schema-graph\">{\"@context\":\"https:\/\/schema.org\",\"@graph\":[{\"@type\":\"WebSite\",\"@id\":\"https:\/\/kirsten-derma.de\/#website\",\"url\":\"https:\/\/kirsten-derma.de\/\",\"name\":\"Praxis Juri Kirsten\",\"description\":\"Facharzt f\\u00fcr Dermatologie und Allergologie Juri Kirsten Berlin\",\"potentialAction\":[{\"@type\":\"SearchAction\",\"target\":\"https:\/\/kirsten-derma.de\/?s={search_term_string}\",\"query-input\":\"required name=search_term_string\"}],\"inLanguage\":\"tr\"},{\"@type\":\"ImageObject\",\"@id\":\"https:\/\/kirsten-derma.de\/chemisches-peeling-fruchtsaeure-in-berlin\/#primaryimage\",\"inLanguage\":\"tr\",\"url\":\"https:\/\/kirsten-derma.de\/wp-content\/uploads\/2017\/02\/chemisches-peeling-berlin.jpg\",\"contentUrl\":\"https:\/\/kirsten-derma.de\/wp-content\/uploads\/2017\/02\/chemisches-peeling-berlin.jpg\",\"width\":\"724\",\"height\":\"350\",\"caption\":\"chemisches-peeling-berlin\"},{\"@type\":\"WebPage\",\"@id\":\"https:\/\/kirsten-derma.de\/chemisches-peeling-fruchtsaeure-in-berlin\/#webpage\",\"url\":\"https:\/\/kirsten-derma.de\/chemisches-peeling-fruchtsaeure-in-berlin\/\",\"name\":\"Chemisches Peeling Berlin versch. Tiefen mit Fruchts\\u00e4ure. 03023621292\",\"isPartOf\":{\"@id\":\"https:\/\/kirsten-derma.de\/#website\"},\"primaryImageOfPage\":{\"@id\":\"https:\/\/kirsten-derma.de\/chemisches-peeling-fruchtsaeure-in-berlin\/#primaryimage\"},\"datePublished\":\"2017-02-12T21:00:46+00:00\",\"dateModified\":\"2019-08-27T14:55:05+00:00\",\"description\":\"Chemisches Peeling Berlin. Oberfl\\u00e4chliches, mitteltiefes und tiefes Peeling mit verschiedenen S\\u00e4uren. Individuelle Beratung beim Arzt. Tel. 03023621292\",\"breadcrumb\":{\"@id\":\"https:\/\/kirsten-derma.de\/chemisches-peeling-fruchtsaeure-in-berlin\/#breadcrumb\"},\"inLanguage\":\"tr\",\"potentialAction\":[{\"@type\":\"ReadAction\",\"target\":[\"https:\/\/kirsten-derma.de\/chemisches-peeling-fruchtsaeure-in-berlin\/\"]}]},{\"@type\":\"BreadcrumbList\",\"@id\":\"https:\/\/kirsten-derma.de\/chemisches-peeling-fruchtsaeure-in-berlin\/#breadcrumb\",\"itemListElement\":[{\"@type\":\"ListItem\",\"position\":1,\"item\":{\"@type\":\"WebPage\",\"@id\":\"https:\/\/kirsten-derma.de\/\",\"url\":\"https:\/\/kirsten-derma.de\/\",\"name\":\"Startseite\"}},{\"@type\":\"ListItem\",\"position\":2,\"item\":{\"@id\":\"https:\/\/kirsten-derma.de\/chemisches-peeling-fruchtsaeure-in-berlin\/#webpage\"}}]}]}<\/script>\n<!-- \/ Yoast SEO Premium plugin. -->","_links":{"self":[{"href":"https:\/\/kirsten-derma.de\/tr\/wp-json\/wp\/v2\/pages\/124","targetHints":{"allow":["GET"]}}],"collection":[{"href":"https:\/\/kirsten-derma.de\/tr\/wp-json\/wp\/v2\/pages"}],"about":[{"href":"https:\/\/kirsten-derma.de\/tr\/wp-json\/wp\/v2\/types\/page"}],"author":[{"embeddable":true,"href":"https:\/\/kirsten-derma.de\/tr\/wp-json\/wp\/v2\/users\/2"}],"replies":[{"embeddable":true,"href":"https:\/\/kirsten-derma.de\/tr\/wp-json\/wp\/v2\/comments?post=124"}],"version-history":[{"count":0,"href":"https:\/\/kirsten-derma.de\/tr\/wp-json\/wp\/v2\/pages\/124\/revisions"}],"wp:attachment":[{"href":"https:\/\/kirsten-derma.de\/tr\/wp-json\/wp\/v2\/media?parent=124"}],"wp:term":[{"taxonomy":"post_tag","embeddable":true,"href":"https:\/\/kirsten-derma.de\/tr\/wp-json\/wp\/v2\/tags?post=124"}],"curies":[{"name":"wp","href":"https:\/\/api.w.org\/{rel}","templated":true}]}}