{"id":126,"date":"2017-02-12T22:01:43","date_gmt":"2017-02-12T21:01:43","guid":{"rendered":"http:\/\/kd.myderma.de\/?page_id=126"},"modified":"2019-07-25T10:14:54","modified_gmt":"2019-07-25T08:14:54","slug":"%d1%84%d1%80%d0%b0%d0%ba%d1%86%d0%b8%d0%be%d0%bd%d0%bd%d0%be%d0%b5-%d0%bb%d0%b0%d0%b7%d0%b5%d1%80%d0%bd%d0%be%d0%b5-%d0%be%d0%bc%d0%be%d0%bb%d0%be%d0%b6%d0%b5%d0%bd%d0%b8%d0%b5-%d0%b8-%d0%b2%d0%be","status":"publish","type":"page","link":"https:\/\/kirsten-derma.de\/tr\/lazerle-akne-izi-tedavisi-berlin\/","title":{"rendered":"Cildin Fraksiyonel CO2 Lazer Tedavisi uygulama Doktor Kirsten Juri Berlinde Kirisikliklarda, isik hasar g\u00f6ren ciltde, akne izleri ve atrofik yaralarda"},"content":{"rendered":"<div id=\"bild\" class=\"mod_article bild block\">\n<div class=\"ce_text haupttext block\">\n<h1 class=\"heading\">Cildin Fraksiyonel CO2 Lazer Tedavisi uygulama Herr Kirsten Juri Berlinde Kirisikliklarda, isik hasar g\u00f6ren ciltde, akne izleri ve atrofik yaralarda<\/h1>\n<p><img wpfc-lazyload-disable=\"true\" loading=\"lazy\" decoding=\"async\" width=\"724\" height=\"350\" class=\"alignnone size-full wp-image-1928\" src=\"https:\/\/kirsten-derma.de\/wp-content\/uploads\/2017\/02\/laserbehandlung-haut-berlin.jpg\" alt=\"laserbehandlung-gesicht-berlin\" srcset=\"https:\/\/kirsten-derma.de\/wp-content\/uploads\/2017\/02\/laserbehandlung-haut-berlin.jpg 724w, https:\/\/kirsten-derma.de\/wp-content\/uploads\/2017\/02\/laserbehandlung-haut-berlin-300x145.jpg 300w\" sizes=\"auto, (max-width: 724px) 100vw, 724px\" \/><\/p>\n<p>Tanidik Kelimeler: CO2 Lazer, Fraksiyonel Lazer, Lazer Peeling, Lazer Tedavisi, Yara tedavileri Lazer ile, Y\u00fcz genclestirmesi fraksiyonel Lazer ile, Lazer Tedavisi Y\u00fcz genclestirmesi ile, cilt genclestirme, Cilt gerdimesi Lazer ile, cilt yenileme.<\/p>\n<h2>Genel<\/h2>\n<p>Artik farkli Lazer y\u00f6ntemleri y\u00fcz\u00fcn estetik tedavi g\u00f6r\u00fcn\u00fcme, Boyun ve Dekolte icin vardir.Ablatif CO2 Lazer sistemler, pozisyonda olan, eri y\u00fczeyi kat kat tasimasi icin, tarihte alinmistir.Bey Doktor Juri Kirsten tecr\u00fcbeli bir cilt doktorudur, 1998 yilindan beri cesitli Lazer sistemleri ile ilgendigi.Fraksiyonel CO2 Lazer su anda en sik ve en pop\u00fcler kullanilan cihaz bizim uygualama ince cizgi tedaviler icin, cilt yenileme ve akne yara terapi tedavi kavrami olarak.<\/p>\n<h3>Fraksiyonel Lazer Tedavisi nedir?<\/h3>\n<p>Fraksiyonel Lazer Tedavi y\u00f6ntemi 2008 Profes\u00f6r Manfred Harvard Medical School Boston dan gelismistir.Iste k\u00fcc\u00fck delikler vardir(milimetrenin fraksiyonu)cilt y\u00fczeyinde lazer ile, normal g\u00f6zle kesinlikle g\u00f6r\u00fcnmez.Aralarinda saglam deri k\u00f6pr\u00fc kalir, \u00f6nemli \u00f6lc\u00fcde daha hizli iyilesme zamana ihtiyaci ve az yan etkiler s\u00f6z konu olur.<\/p>\n<p><img wpfc-lazyload-disable=\"true\" loading=\"lazy\" decoding=\"async\" title=\"Fraksiyonel Dagitma Lazerisiklar Fraksel CO2 Lazer muyane Doktor Kirsten Berlinde\" src=\"https:\/\/kirsten-derma.de\/tl_files\/tiny_templates\/kirsten-derma\/Fraktionierte%20Laserbehandlung\/Faraktionale%20Verteilung%20der%20Laserstrahlen%20Fraxel%20CO2%20Praxis%20Dr%20Kirsten%20in%20Berlin.png\" alt=\"Fraksiyonel Dagitma Lazerisiklar Fraksel CO2 Lazer muyane Doktor Kirsten Berlinde\" width=\"300\" height=\"200\" \/><\/p>\n<p>Bu Lazerle k\u00fcc\u00fck noktalar 70-150 cm boyunda, termo-silindir temsil ve mikroskobik termal (MTZ) b\u00f6lgesi denilir.<\/p>\n<p>Bu daha derin cilt katmanlarina girer ve cilt kurtarma s\u00fcrecleri aktive eder, yeni kolajen ve elastin olusumu ile sonuclanan.Parcalanmis Lazerlerin isi etkisi harcinde bu deri fibroblast \u00fcretimini uyarir (fibroblast-kollajen \u00fcreten bizim deri h\u00fccreleri).Bu y\u00f6ntemin avantaji, 5 g\u00fcn kadar kisa bir iyilesme zamandir.<\/p>\n<p>&#8220;Fraksiyonel&#8221;bu teknoloji olarak adlandirilir, c\u00fcnk\u00fc kolonlar doku ile cevrilidir, ki \u00f6nemli \u00f6lc\u00fcde iyilesme s\u00fcresini kisaltir.<\/p>\n<p><img wpfc-lazyload-disable=\"true\" loading=\"lazy\" decoding=\"async\" title=\"Lazer Fraksel CO2 Cilt ve Lazer etkisi muyane Doktor Juri Kirsten Berlinde\" src=\"https:\/\/kirsten-derma.de\/tl_files\/tiny_templates\/kirsten-derma\/Fraktionierte%20Laserbehandlung\/Laser%20Fraxel%20CO2%20Haut%20und%20die%20Laserwirkung%20Praxis%20Dr%20Kirsten%20in%20Berlin.jpg\" alt=\"Lazer Fraksel CO2 Cilt ve Lazer etkisi muyane Doktor Juri Kirsten Berlinde\" width=\"300\" height=\"290\" \/><\/p>\n<p>Penetrasyon derinligi ve sicaklik artirimi Fraksyionel CO2 Lazer Tedavisi.<\/p>\n<h3>Hangi yararlari ve etkileri, fraksiyonel Lazer tedavinin vardir?<\/h3>\n<p>Cilt Fraksiyonel Lazer Tedavisi zarar son derece k\u00fcc\u00fck oldugu icin ve saglam cilt k\u00f6pr\u00fcs\u00fcne sahip, bunun y\u00fczeysel bir tedavi icin bir kac g\u00fcn icinde kendine geliyor.Iki ya da \u00fcc yumusak ince cizgilerle prosed\u00fcrler ve kirisikilikalr gerdirirlir, pigment lekeleri ve ortadan ve diger lekeler ve cilt gerdirilir.Kolajen liflerinin noktasi gibi termal koag\u00fclasyon tarafindan, ayrica k\u00fcc\u00fclen denir, fraksiyonel CO2 Lazer kollajen-sarj uyarilir, bir baska yol acan, cilt potansiyel s\u00fcrekli d\u00fczene girer.<\/p>\n<h3>Bu endikasyonlar icin Lazer tedavisi fraksiyonel Lazer ile kullanilir?<\/h3>\n<p>Fraksiyonel Lazer Tedavisi cilt \u00fczerinde m\u00fckemmel sonuclar verir ve asagidaki edkiasyonlar icin kullanilan:<\/p>\n<ul>\n<li>Y\u00fcz, Boyun ve dekolte cildi d\u00fczene girmesi icin b\u00f6lgeler;<\/li>\n<li>Cilt genclestirmesi (cilt genclestirme)Y\u00fczde, Boyun, Dekolte ve el arkasi;<\/li>\n<li>kirisiklarin Azaltilmasi icin ve ince cizgilerin, Lazer ile derin kirisikliklar azalir;<\/li>\n<li>Fraksiyonel Lazer Tedavisi g\u00f6r\u00fcn\u00fcm gerilim artitir ve cilt yapisini;<\/li>\n<li>Cildi iyilestiri ve azaltir g\u00f6zenek olusturucularin;<\/li>\n<li>Lazer yeni kollajen olusumunu uyarir ve \u00fczerinde deri dolgunlastirir;<\/li>\n<li>Genc g\u00f6r\u00fcn\u00fcm\u00fc tekrar geri kazanmasi icin;<\/li>\n<li>D\u00fcz pigment bozukluklari parlatmasi;<\/li>\n<li>Kirisiklik Tedavisi, alansal b\u00f6lgerlerde Agiz cevresinde gibi, Boyun ve Dekolte gibi;<\/li>\n<li>Akne d\u00fczeltme veya Ameliyat izleri, Gebellik cizgiler ve catlaklara.<\/li>\n<\/ul>\n<h3>Lazer Tedaviden \u00f6nce neye dikkat etmem gerekir?<\/h3>\n<p>Bir Lazer Tedavisi basariyle yapilmasi icin, \u00f6nemli olan, krem ile bir \u00f6n tedavi yapilmasidir, size \u00f6nceden danisma randevuda Doktor Kirstenen \u00f6nerdigi.Doktor Kirsten l\u00fctfen bildirin, gecmiste herpes enfeksiyonu olup olmadigini.Bu durum olduysa, Tedaviden iki g\u00fcn \u00f6nce bir Herpes korunma baslamaniz gerekir.Tedaviden \u00f6nce zorunlu olarak s\u00f6z edilmelidir, ne bakim \u00fcr\u00fcnleri ve hangi ilac kullandiklari veya aliyor.\u00d6zellikle A vitamini, bir asit iceren ilaca ihtiyac, Minocycline ve doksisiklin tablet alinmasi dikkat edilmesi gerekir.Bundan baska, bu cok \u00f6nemlidir, Doktor Kirsten \u00f6nceki Lazer Tedavilerin veya kimyasal Peelings bilgilendirilmesi.<\/p>\n<h3>Bir Anestetik gerekli midir?<\/h3>\n<p>Cildin Fraksyionel Lazer Tedavisi lokal anestezi yapilmakatadir Doktor Kirsten \u00fcretilmis uyusuturma kremi ile.Cok Duyarli hastalarda, bu kombin ile analjeszik ile birabilirsiniz.<\/p>\n<p>Gelismis degisik Anestetik y\u00f6ntemler ile bizim uygulama Doktor Kirsten Berlin anestezi altinda onlari bulabilirsiniz.<\/p>\n<h3>Lazer Tedavisi nasil geciyor?<\/h3>\n<p>Belirlenen kalma s\u00fcresinden sonra yarim saat sonra olan uyusturma yipranir, cilt dezenfekte edilir ve ardindan fraksiyonel lazer ile islemden gecirildi.Lazer tedavisi sirasinda da hafif bir yanma ve sicaklik batma hissedersiniz.Tedavi 30-40 dakika s\u00fcre sonraki mesoporation ile.B\u00f6ylece, muamele edilen deri alansal sogutulacak ve kolajen-uyarici maddeler radyo dalgalar yardimiyla tanittir.\u00d6zel dokunakli maske tamamlar fraksiyonel Lazer Tedavisini.<\/p>\n<h3>Tedaviden sonra nasil g\u00f6r\u00fcn\u00fcyorum?<\/h3>\n<p>Hemen tedavi sonrasinda cildiniz kizarir ve sismeye baslar.Bu s\u00fcrec 4-6 G\u00fcn s\u00fcrer ve ikinci g\u00fcnden itibaren cildiniz soyulmaya baslar.Bazi durumlarda Kepekleme de olabilir.Bu s\u00fcrecde cok dikkat etmelisiniz c\u00fcnk\u00fc cildiniz cok hassas ve mikroplara karsi cok duyarlidir.Bu y\u00fczden bu s\u00fcrecde cok dinlenin ve ilk mikrop belirtilerde(Kepekleme-veya yaralarda)bizim uygulama klinikte l\u00fctfen kendinizi g\u00f6sterin.Bir hafta sonra cildinizin sisligi inmistir, ama hala kizarik olabilir, ve bu s\u00fcrec 2-3 hafta s\u00fcrebilir.<\/p>\n<h3>Lazer tedaviden sonra nasil hareket etmeliyim?<\/h3>\n<p>Lazer Tedaviden sonra Saune ya kesinlike gitmemelisiniz ve ayni zamanda solariumdan uzak durunuz 6 hafta ya yakin.Ayni zamanda g\u00fcnesden 6-8 hafta cikmamalisiniz.L\u00fctfen Cilt kremleri kokusu olmayan ve koruyucu malzemeler olmadan kullanin.Kremler y\u00fcksek g\u00fcnes koruma fakt\u00f6ru ile tavsiye ederiz.Eger asiri pigmentasyon tutku varsa, pigmentli kremler kullanin.<\/p>\n<h3>Kac seans yapmaliyim ve sonuc nekadar s\u00fcre kalicidir?<\/h3>\n<p>Genelde 2-3 Senas yeterlidir 2 ay ile aralikla.Bizim tavsiylerimizi takip edersiniz, sonuc 2 sene kalicidir.<\/p>\n<p>T\u00fcm tedavi konseptleri size g\u00f6re yapiyoruz ve ayarliyoruz.severek Bey Doktor Kirsten,size zaman ayirip ve sizin isteklerinizi konusmak icin.bu tedavi sohbeti Doktor Kirsten ile herzaman <a href=\"https:\/\/kirsten-derma.de\/Ulasim.html\">Onlinetermin<\/a> veya telefonla bizim praximizda alabilirsiniz<\/p>\n<\/div>\n<\/div>\n","protected":false},"excerpt":{"rendered":"<p>Cildin Fraksiyonel CO2 Lazer Tedavisi uygulama Herr Kirsten Juri Berlinde Kirisikliklarda, isik hasar g\u00f6ren ciltde, akne izleri ve atrofik yaralarda Tanidik Kelimeler: CO2 Lazer, Fraksiyonel Lazer, Lazer Peeling, Lazer Tedavisi, Yara tedavileri Lazer ile, Y\u00fcz genclestirmesi fraksiyonel Lazer ile, Lazer Tedavisi Y\u00fcz genclestirmesi ile, cilt genclestirme, Cilt gerdimesi Lazer ile, cilt yenileme. Genel Artik farkli Lazer y\u00f6ntemleri y\u00fcz\u00fcn estetik tedavi g\u00f6r\u00fcn\u00fcme, Boyun ve Dekolte icin vardir.Ablatif CO2 Lazer sistemler, pozisyonda olan, eri y\u00fczeyi kat kat tasimasi icin, tarihte alinmistir.Bey Doktor [&hellip;]<\/p>\n","protected":false},"author":2,"featured_media":0,"parent":0,"menu_order":0,"comment_status":"closed","ping_status":"closed","template":"","meta":{"footnotes":""},"tags":[],"class_list":["post-126","page","type-page","status-publish","hentry"],"yoast_head":"<!-- This site is optimized with the Yoast SEO Premium plugin v22.5 (Yoast SEO v16.4) - https:\/\/yoast.com\/wordpress\/plugins\/seo\/ -->\n<title>Laserbehandlung der Haut Berlin mit CO2 Laser beim Arzt Juri Kirsten<\/title>\n<meta name=\"description\" content=\"Laserbehandlung der Haut in Berlin. Fraktionierte Laserbehandlung der Haut um die Hautoberf\u00e4che und Struktur zu verbessern. Beim Arzt Juri Kirsten.\" \/>\n<meta name=\"robots\" content=\"index, follow, max-snippet:-1, max-image-preview:large, max-video-preview:-1\" \/>\n<link rel=\"canonical\" href=\"https:\/\/kirsten-derma.de\/laserbehandlung-haut-lasern-berlin\/\" \/>\n<meta property=\"og:locale\" content=\"tr_TR\" \/>\n<meta property=\"og:type\" content=\"article\" \/>\n<meta property=\"og:title\" content=\"Laserbehandlung der Haut Berlin mit CO2 Laser beim Arzt Juri Kirsten\" \/>\n<meta property=\"og:description\" content=\"Laserbehandlung der Haut in Berlin. Fraktionierte Laserbehandlung der Haut um die Hautoberf\u00e4che und Struktur zu verbessern. Beim Arzt Juri Kirsten.\" \/>\n<meta property=\"og:url\" content=\"https:\/\/kirsten-derma.de\/laserbehandlung-haut-lasern-berlin\/\" \/>\n<meta property=\"og:site_name\" content=\"Praxis Juri Kirsten\" \/>\n<meta property=\"article:modified_time\" content=\"2019-07-25T08:14:54+00:00\" \/>\n<meta property=\"og:image\" content=\"https:\/\/kirsten-derma.de\/wp-content\/uploads\/2019\/07\/laserbehandlung-haut-berlin.jpg\" \/>\n<meta name=\"twitter:card\" content=\"summary\" \/>\n<meta name=\"twitter:label1\" content=\"Tahmini okuma s\u00fcresi\" \/>\n\t<meta name=\"twitter:data1\" content=\"5 dakika\" \/>\n<script type=\"application\/ld+json\" class=\"yoast-schema-graph\">{\"@context\":\"https:\/\/schema.org\",\"@graph\":[{\"@type\":\"WebSite\",\"@id\":\"https:\/\/kirsten-derma.de\/#website\",\"url\":\"https:\/\/kirsten-derma.de\/\",\"name\":\"Praxis Juri Kirsten\",\"description\":\"Facharzt f\\u00fcr Dermatologie und Allergologie Juri Kirsten Berlin\",\"potentialAction\":[{\"@type\":\"SearchAction\",\"target\":\"https:\/\/kirsten-derma.de\/?s={search_term_string}\",\"query-input\":\"required name=search_term_string\"}],\"inLanguage\":\"tr\"},{\"@type\":\"ImageObject\",\"@id\":\"https:\/\/kirsten-derma.de\/laserbehandlung-haut-lasern-berlin\/#primaryimage\",\"inLanguage\":\"tr\",\"url\":\"https:\/\/kirsten-derma.de\/wp-content\/uploads\/2017\/02\/laserbehandlung-haut-berlin.jpg\",\"contentUrl\":\"https:\/\/kirsten-derma.de\/wp-content\/uploads\/2017\/02\/laserbehandlung-haut-berlin.jpg\",\"width\":\"724\",\"height\":\"350\",\"caption\":\"laserbehandlung-gesicht-berlin\"},{\"@type\":\"WebPage\",\"@id\":\"https:\/\/kirsten-derma.de\/laserbehandlung-haut-lasern-berlin\/#webpage\",\"url\":\"https:\/\/kirsten-derma.de\/laserbehandlung-haut-lasern-berlin\/\",\"name\":\"Laserbehandlung der Haut Berlin mit CO2 Laser beim Arzt Juri Kirsten\",\"isPartOf\":{\"@id\":\"https:\/\/kirsten-derma.de\/#website\"},\"primaryImageOfPage\":{\"@id\":\"https:\/\/kirsten-derma.de\/laserbehandlung-haut-lasern-berlin\/#primaryimage\"},\"datePublished\":\"2017-02-12T21:01:43+00:00\",\"dateModified\":\"2019-07-25T08:14:54+00:00\",\"description\":\"Laserbehandlung der Haut in Berlin. Fraktionierte Laserbehandlung der Haut um die Hautoberf\\u00e4che und Struktur zu verbessern. Beim Arzt Juri Kirsten.\",\"breadcrumb\":{\"@id\":\"https:\/\/kirsten-derma.de\/laserbehandlung-haut-lasern-berlin\/#breadcrumb\"},\"inLanguage\":\"tr\",\"potentialAction\":[{\"@type\":\"ReadAction\",\"target\":[\"https:\/\/kirsten-derma.de\/laserbehandlung-haut-lasern-berlin\/\"]}]},{\"@type\":\"BreadcrumbList\",\"@id\":\"https:\/\/kirsten-derma.de\/laserbehandlung-haut-lasern-berlin\/#breadcrumb\",\"itemListElement\":[{\"@type\":\"ListItem\",\"position\":1,\"item\":{\"@type\":\"WebPage\",\"@id\":\"https:\/\/kirsten-derma.de\/\",\"url\":\"https:\/\/kirsten-derma.de\/\",\"name\":\"Startseite\"}},{\"@type\":\"ListItem\",\"position\":2,\"item\":{\"@id\":\"https:\/\/kirsten-derma.de\/laserbehandlung-haut-lasern-berlin\/#webpage\"}}]}]}<\/script>\n<!-- \/ Yoast SEO Premium plugin. -->","_links":{"self":[{"href":"https:\/\/kirsten-derma.de\/tr\/wp-json\/wp\/v2\/pages\/126","targetHints":{"allow":["GET"]}}],"collection":[{"href":"https:\/\/kirsten-derma.de\/tr\/wp-json\/wp\/v2\/pages"}],"about":[{"href":"https:\/\/kirsten-derma.de\/tr\/wp-json\/wp\/v2\/types\/page"}],"author":[{"embeddable":true,"href":"https:\/\/kirsten-derma.de\/tr\/wp-json\/wp\/v2\/users\/2"}],"replies":[{"embeddable":true,"href":"https:\/\/kirsten-derma.de\/tr\/wp-json\/wp\/v2\/comments?post=126"}],"version-history":[{"count":0,"href":"https:\/\/kirsten-derma.de\/tr\/wp-json\/wp\/v2\/pages\/126\/revisions"}],"wp:attachment":[{"href":"https:\/\/kirsten-derma.de\/tr\/wp-json\/wp\/v2\/media?parent=126"}],"wp:term":[{"taxonomy":"post_tag","embeddable":true,"href":"https:\/\/kirsten-derma.de\/tr\/wp-json\/wp\/v2\/tags?post=126"}],"curies":[{"name":"wp","href":"https:\/\/api.w.org\/{rel}","templated":true}]}}