{"id":128,"date":"2017-02-12T22:03:16","date_gmt":"2017-02-12T21:03:16","guid":{"rendered":"http:\/\/kd.myderma.de\/?page_id=128"},"modified":"2019-08-21T11:46:55","modified_gmt":"2019-08-21T09:46:55","slug":"entfernung-von-erweiterten-aederchen-im-gesicht-mit-langgepulstem-nd-yag-laser-in-berlin","status":"publish","type":"page","link":"https:\/\/kirsten-derma.de\/tr\/yuzde-kilcal-damar-catlamasi-berlin\/","title":{"rendered":"Y\u00fczdeki kilcal genislemis damarlarin KTP Lazer ile alinmasi Berlin muyanemizde"},"content":{"rendered":"<div id=\"bild\" class=\"mod_article bild block\">\n<div class=\"ce_text haupttext block\">\n<h1 class=\"heading\">Y\u00fczdeki kilcal genislemis damarlarin KTP Lazer ile alinmasi Berlin muyanemizde<\/h1>\n<p><img wpfc-lazyload-disable=\"true\" loading=\"lazy\" decoding=\"async\" width=\"724\" height=\"350\" class=\"alignnone size-full wp-image-1930\" src=\"https:\/\/kirsten-derma.de\/wp-content\/uploads\/2017\/02\/rote-aederchen-im-gesicht.jpg\" alt=\"rote-aederchen-im-gesicht\" srcset=\"https:\/\/kirsten-derma.de\/wp-content\/uploads\/2017\/02\/rote-aederchen-im-gesicht.jpg 724w, https:\/\/kirsten-derma.de\/wp-content\/uploads\/2017\/02\/rote-aederchen-im-gesicht-300x145.jpg 300w\" sizes=\"auto, (max-width: 724px) 100vw, 724px\" \/><\/p>\n<p>Tanidik Kelimeler: Couperose, teleangiektasien, Rosacea, Y\u00fczdeki kilcal damarlarlarin alinmasi.<\/p>\n<p>Cilt degisiklikleri, Bu t\u00fcr burun gelismis damarlar gibi, Yanaklarda gibi, Boyun, iltihapli kirmizi d\u00fcg\u00fcmler ve k\u00fcc\u00fck kan lifleri kozmetik olarak rahatsiz edici, bircok hasta tarafindan kullanilmistir, bazen zihinsel stresli olarak algilanir.<\/p>\n<p>Adlandirilan vask\u00fcler lezyonlar deride ileri kan damarlarini g\u00f6stermektedir, ince deri dokusu ile kontur ve g\u00f6zle g\u00f6r\u00fclebilen.Karsisinda kilcal bu uzantilari Teleangiektasie adlandirilir.<\/p>\n<p><img wpfc-lazyload-disable=\"true\" loading=\"lazy\" decoding=\"async\" title=\"Kilcal Damarlar y\u00fczde resim Doktor Juri Kirsten Berlinde\" src=\"https:\/\/kirsten-derma.de\/tl_files\/tiny_templates\/kirsten-derma\/Aederchen%20im%20Gesicht\/Aederchen%20im%20Gesicht%20Schema%20Praxis%20Dr%20Juri%20Kirsten%20Berlin.jpg\" alt=\"Kilcal Damarlar y\u00fczde resim Doktor Juri Kirsten Berlinde\" width=\"320\" height=\"207\" \/><\/p>\n<p>Bir \u00f6zel Teleangiektasien formu, y\u00fczdede cikabilen, Bunlar, s\u00f6zde spinnenn\u00e4vi vardir(Vaevus araneus), kirmizimsi lekeler g\u00f6r\u00fcnd\u00fckleri, k\u00fcc\u00fck kirmizi damarlar ile cevrili, taninabilir.<\/p>\n<h3>Genislenmis damarlar nasil gelisiyor?<\/h3>\n<p>Couperose ana nedeni iyi kilcal damarlar asiri sirk\u00fclasyon oldugunu. Onlar artan baskisi altinda s\u00fcrekli. Kan birikir, sabit basinc damar duvarlarinin altinda olan elastikiyet yavas yavas t\u00fckenir ve bu k\u00fcc\u00fck kan damarlari sonunda uzatilacak, duvarlar sizdiriyor.Etkili olusturulmaktadir ve yeni kapiller olusur.<\/p>\n<p><img wpfc-lazyload-disable=\"true\" loading=\"lazy\" decoding=\"async\" title=\"Rosacea Y\u00fcz B\u00f6lgesinde Tedavisi Lazer ile muyanede Doktor juri Kirsten Berlinde\" src=\"https:\/\/kirsten-derma.de\/tl_files\/tiny_templates\/kirsten-derma\/Aederchen%20im%20Gesicht\/Couperose%20im%20Gesicht%20Behandlung%20mit%20Laser%20Praxis%20Dr%20Juri%20Kirsten%20in%20Berlin.jpg\" alt=\"Rosacea Y\u00fcz B\u00f6lgesinde Tedavisi Lazer ile muyanede Doktor juri Kirsten Berlinde\" width=\"350\" height=\"232\" \/><\/p>\n<h3>Kilcal damarlarinin nedeni nedir?<\/h3>\n<p>Uv-Isik bag dokusu Burun-ve Yanak B\u00f6lgesini gerginlestirir ve hatta t\u00fckete bilir.Sauna ziyaretleri, g\u00fccl\u00fc sicaklik dalgalanmalari, Alkol, Nikotin, Acili Yemekler, Kaffee, Sarap ve Siyah Cay damarlarin karsisnda kolaylastirir.<\/p>\n<p>D\u00fczenli cilt bakimli cok \u00f6nemlidir.Damarlarinin cogalmasina parf\u00fcm iceren etkiler olabilir, dolasim arttirici maddeler ve Alkol kozmetik \u00fcr\u00fcnlerde, Y\u00fczdeki damarlari daha cok cikartmasi.<\/p>\n<p>Uv-isin etkisi y\u00fcz\u00fcm\u00fcze yaz mevsiminde damarlari stresse sokup azdirabilir.<\/p>\n<h3>Kilcal Damarlar nasil tedavi edilebilir?<\/h3>\n<p>Kizariklar ve k\u00fcc\u00fck damar degisiklikleri Couperose gibi, Teleangiektasien, hemanjomlar, G\u00fcl cicegi yesil Lazer isigiyla (KTP Lazer) basariliyla alinabilinir.<\/p>\n<p><img wpfc-lazyload-disable=\"true\" loading=\"lazy\" decoding=\"async\" title=\"Couperose \u00f6nce\/Couperose sonra\" src=\"https:\/\/kirsten-derma.de\/tl_files\/tiny_templates\/kirsten-derma\/Aederchen%20im%20Gesicht\/Couperose-vorher-nacher-Tuerkisch.png\" alt=\"Couperose \u00f6nce\/Couperose sonra\" width=\"450\" height=\"163\" \/><\/p>\n<p>Y\u00fcksek enerjili yesil Lazer en iyi deri katmanlari gecer ve hemoglobin acar (kirmizi Kanboya)etkisini.Burada yesil isik sicakliga cevrilir ve istenmeyen Kan damarlari direk kasten terk edilir.<\/p>\n<h3>Kilcal damarlarinin Lazer tedavisi sancili mi?<\/h3>\n<p>KTP ile Lazer Tedavisi bir yesil isik ile yapilir ve hic acitmaz. Tedavi sirasinda hafif bir d\u00fcrtme hissedebilirsiniz, bir sogutma \u00f6nce-ve tedavi sonrasinda aci hisi dindiriyo.<\/p>\n<h3>Tedavi nekadar s\u00fcr\u00fcyor ve kac kere Lazer gerekiyor?<\/h3>\n<p>Tedavi s\u00fcresi tiptedir, sinirlandirma, Boy ve derinligi cilt degisiklikleri ve tedavi edilen cilt tipe baglidir. K\u00fcc\u00fck damarlar birkac darbelerle 1 ile 3 seansla issiz ve genelde hemen tedavi sonrasinda g\u00f6r\u00fcnmeyecektedir.B\u00fcy\u00fck damarlar icin veya alanlar bazen fazla tedaviler gerekebilir.<\/p>\n<p>Terapi b\u00f6lgeler birkac saat aralikla g\u00fcnes yanigi gibi hissedebilinir. Zaman zaman kabuklama neden olabilir, bazen de bu nedenler tedaviden sonra birkac g\u00fcn s\u00fcrebilir.<\/p>\n<h3>Y\u00fczdeki damarlar tedavi sonrasindan nelere dikkat etmem gerekir?<\/h3>\n<p>Tedavi s\u00fcresi 3-4 hafta s\u00fcresi ile krem y\u00fcksek uv isik fakt\u00f6rle kullanilmalidir ve direk g\u00fcnes isiga (solarium) \u00f6nlenmelidir.\u00d6nerimiz, soguk isikisiz aylarda tedaviyi yapilmasi. Lazer tedavisinden sonra 4 hafta couperose dan sonra g\u00fccl\u00fc bir sicaklama tedavi edilen b\u00f6lgelerde-mesela sauna ziyaretleri-\u00f6nlemlenmelidir.<\/p>\n<p>G\u00fcnes-ve Solarium bronzlasmis cilt KTP-Lazer tedavisine uygun degildir.<\/p>\n<h3>Bizim tavsiyelerimiz cilt bakimi Couperose icin?<\/h3>\n<p>Couperose de olan kozmetik \u00fcr\u00fcnlerinin icindeki maddeler dikkat etmek gerekir. Parf\u00fcml\u00fc \u00fcr\u00fcnler ucucu yaglar iceren, ince damarlarin asiri dolasimini tesvik eden. Alkol gibi aktiv maddeler, mineral yaglar ve silikon yaglari cilti ve , ayrica yagli kremler icin gecerli olan durumda.Bu, deri y\u00fczeyinde bir yalitim tabakasi olusturur ve deri dokusu isitildi.Kirmizi Damarlar daha belirgin olur. Nem kalici kremler bu y\u00fczden \u00f6zellikle tavsiye ediyoruz.Cilt derinin sakinlestirilmesi icin g\u00fcnl\u00fck sik sik sohuk bandajlar sarabilirsiniz, damarlarin daralmasi icin.Oda sicakligi at kuyrugu ile sikilastirlir, Siyah cayla, Arnika veya Atkestanesi t\u00fcr\u00fc bag dokusunu g\u00fcclendirir, ve b\u00f6ylece Couperose baska yayilmasina karsi \u00f6nler. Sohuk Jeler, Kampfer, nane veya okalipt\u00fcs icerir, Couperose tedavi gibi destekleyici \u00f6nlemlerin yapabilirsiniz tedaviye iyi gelebilir. Mekanik ve kimyasal peelings hem alansal cilt olmamali, Couperose dan etkilenen, yapilmamasi gerekir.<\/p>\n<p>Yesil ve su gecirmez makyaj Couperoseyi gizleyebilirsiniz.Bizim calisanlar sizi egitir, bu \u00f6zel makyaj nasil kullandigini. Varolan bir Couperose olan ne yapmaliyim?Kaffeden vazgeciniz, Siyah caydan ve alkoldan, hepsi damar degisiklikleri tesvik eder c\u00fcnk\u00fc.Nikotin da ayna zamanda damarlari daraltabilir ve kan tikanlikligi olusur ve damarlar patlar.Sauna ziyaretleri ve Buhar banyolar damar b\u00fcy\u00fctmesini ve y\u00fcz kizarikligi destekler ve bu y\u00fczden tavsiye etmiyoruz.<\/p>\n<h3>Damarlari nasil azaltabilir?<\/h3>\n<p>Couperose uyarimi ile kontrol altina alinabilir. Bunun icin bizim uygulama modern cihazlarimiz vardir bipolar radyo frekans cihaz Midas gibi sogutma fonksiyonla cilt y\u00fczeyinde kullanilir.<\/p>\n<p>PRP kombin ile (Platelet Rich Plasma) veya Plasma gerdirmesi adlandilir, fibroblast kendi uyarir, g\u00fcclendirir ve kollajen liflerin b\u00fcy\u00fcmesini uyarir, Kan dolasimini d\u00fczeltir ve kilcal tonus normalastirir.<\/p>\n<p>\u00d6zel yapilmis kremler \u00d6stradiol ile ve Progesteron kollajen liflerini g\u00fcclendirir ve cilt yaslanmasina karsi gelir.<\/p>\n<p>Bizim Berlin muyane Ilk danisma bir randevuz aliniz Doktor Juri Kirsten ile. T\u00fcm tedavikavramlar \u00f6zel hastalarimiza g\u00f6re yapilmistir.T\u00fcm tedavi konseptleri size g\u00f6re yapiyoruz ve ayarliyoruz.severek Bey Doktor Kirsten,size zaman ayirip ve sizin isteklerinizi konusmak icin.bu tedavi sohbeti Doktor Kirsten ile herzaman <a href=\"https:\/\/kirsten-derma.de\/Ulasim.html\">Onlinetermin<\/a> veya telefonla bizim praximizda alabilirsiniz.<\/p>\n<\/div>\n<\/div>\n","protected":false},"excerpt":{"rendered":"<p>Y\u00fczdeki kilcal genislemis damarlarin KTP Lazer ile alinmasi Berlin muyanemizde Tanidik Kelimeler: Couperose, teleangiektasien, Rosacea, Y\u00fczdeki kilcal damarlarlarin alinmasi. Cilt degisiklikleri, Bu t\u00fcr burun gelismis damarlar gibi, Yanaklarda gibi, Boyun, iltihapli kirmizi d\u00fcg\u00fcmler ve k\u00fcc\u00fck kan lifleri kozmetik olarak rahatsiz edici, bircok hasta tarafindan kullanilmistir, bazen zihinsel stresli olarak algilanir. Adlandirilan vask\u00fcler lezyonlar deride ileri kan damarlarini g\u00f6stermektedir, ince deri dokusu ile kontur ve g\u00f6zle g\u00f6r\u00fclebilen.Karsisinda kilcal bu uzantilari Teleangiektasie adlandirilir. Bir \u00f6zel Teleangiektasien formu, y\u00fczdede cikabilen, Bunlar, s\u00f6zde spinnenn\u00e4vi [&hellip;]<\/p>\n","protected":false},"author":2,"featured_media":0,"parent":0,"menu_order":0,"comment_status":"closed","ping_status":"closed","template":"","meta":{"footnotes":""},"tags":[],"class_list":["post-128","page","type-page","status-publish","hentry"],"yoast_head":"<!-- This site is optimized with the Yoast SEO Premium plugin v22.5 (Yoast SEO v16.4) - https:\/\/yoast.com\/wordpress\/plugins\/seo\/ -->\n<title>Entfernung von erweiterten \u00c4derchen\/ Couperose im Gesicht in Berlin.<\/title>\n<meta name=\"description\" content=\"Rote \u00c4derchen im Gesicht? Couperose Behandlung in Hautarztpraxis in Berlin \u25ba Couperose Laser \u25ba Mehr als 20 Jahre Erfahrung \u25ba Herr Juri Kirsten. Tel 23621292\" \/>\n<meta name=\"robots\" content=\"index, follow, max-snippet:-1, max-image-preview:large, max-video-preview:-1\" \/>\n<link rel=\"canonical\" href=\"https:\/\/kirsten-derma.de\/aederchen-gesicht-couperose-entfernen-berlin\/\" \/>\n<meta property=\"og:locale\" content=\"tr_TR\" \/>\n<meta property=\"og:type\" content=\"article\" \/>\n<meta property=\"og:title\" content=\"Entfernung von erweiterten \u00c4derchen\/ Couperose im Gesicht in Berlin.\" \/>\n<meta property=\"og:description\" content=\"Rote \u00c4derchen im Gesicht? Couperose Behandlung in Hautarztpraxis in Berlin \u25ba Couperose Laser \u25ba Mehr als 20 Jahre Erfahrung \u25ba Herr Juri Kirsten. Tel 23621292\" \/>\n<meta property=\"og:url\" content=\"https:\/\/kirsten-derma.de\/aederchen-gesicht-couperose-entfernen-berlin\/\" \/>\n<meta property=\"og:site_name\" content=\"Praxis Juri Kirsten\" \/>\n<meta property=\"article:modified_time\" content=\"2019-08-21T09:46:55+00:00\" \/>\n<meta property=\"og:image\" content=\"https:\/\/kirsten-derma.de\/wp-content\/uploads\/2019\/08\/rote-aederchen-im-gesicht-behandeln-lassen-Berlin.jpg\" \/>\n<meta name=\"twitter:card\" content=\"summary\" \/>\n<meta name=\"twitter:label1\" content=\"Tahmini okuma s\u00fcresi\" \/>\n\t<meta name=\"twitter:data1\" content=\"4 dakika\" \/>\n<script type=\"application\/ld+json\" class=\"yoast-schema-graph\">{\"@context\":\"https:\/\/schema.org\",\"@graph\":[{\"@type\":\"WebSite\",\"@id\":\"https:\/\/kirsten-derma.de\/#website\",\"url\":\"https:\/\/kirsten-derma.de\/\",\"name\":\"Praxis Juri Kirsten\",\"description\":\"Facharzt f\\u00fcr Dermatologie und Allergologie Juri Kirsten Berlin\",\"potentialAction\":[{\"@type\":\"SearchAction\",\"target\":\"https:\/\/kirsten-derma.de\/?s={search_term_string}\",\"query-input\":\"required name=search_term_string\"}],\"inLanguage\":\"tr\"},{\"@type\":\"ImageObject\",\"@id\":\"https:\/\/kirsten-derma.de\/aederchen-gesicht-couperose-entfernen-berlin\/#primaryimage\",\"inLanguage\":\"tr\",\"url\":\"https:\/\/kirsten-derma.de\/wp-content\/uploads\/2017\/02\/rote-aederchen-im-gesicht.jpg\",\"contentUrl\":\"https:\/\/kirsten-derma.de\/wp-content\/uploads\/2017\/02\/rote-aederchen-im-gesicht.jpg\",\"width\":\"724\",\"height\":\"350\",\"caption\":\"rote-aederchen-im-gesicht\"},{\"@type\":\"WebPage\",\"@id\":\"https:\/\/kirsten-derma.de\/aederchen-gesicht-couperose-entfernen-berlin\/#webpage\",\"url\":\"https:\/\/kirsten-derma.de\/aederchen-gesicht-couperose-entfernen-berlin\/\",\"name\":\"Entfernung von erweiterten \\u00c4derchen\/ Couperose im Gesicht in Berlin.\",\"isPartOf\":{\"@id\":\"https:\/\/kirsten-derma.de\/#website\"},\"primaryImageOfPage\":{\"@id\":\"https:\/\/kirsten-derma.de\/aederchen-gesicht-couperose-entfernen-berlin\/#primaryimage\"},\"datePublished\":\"2017-02-12T21:03:16+00:00\",\"dateModified\":\"2019-08-21T09:46:55+00:00\",\"description\":\"Rote \\u00c4derchen im Gesicht? Couperose Behandlung in Hautarztpraxis in Berlin \\u25ba Couperose Laser \\u25ba Mehr als 20 Jahre Erfahrung \\u25ba Herr Juri Kirsten. Tel 23621292\",\"breadcrumb\":{\"@id\":\"https:\/\/kirsten-derma.de\/aederchen-gesicht-couperose-entfernen-berlin\/#breadcrumb\"},\"inLanguage\":\"tr\",\"potentialAction\":[{\"@type\":\"ReadAction\",\"target\":[\"https:\/\/kirsten-derma.de\/aederchen-gesicht-couperose-entfernen-berlin\/\"]}]},{\"@type\":\"BreadcrumbList\",\"@id\":\"https:\/\/kirsten-derma.de\/aederchen-gesicht-couperose-entfernen-berlin\/#breadcrumb\",\"itemListElement\":[{\"@type\":\"ListItem\",\"position\":1,\"item\":{\"@type\":\"WebPage\",\"@id\":\"https:\/\/kirsten-derma.de\/\",\"url\":\"https:\/\/kirsten-derma.de\/\",\"name\":\"Startseite\"}},{\"@type\":\"ListItem\",\"position\":2,\"item\":{\"@id\":\"https:\/\/kirsten-derma.de\/aederchen-gesicht-couperose-entfernen-berlin\/#webpage\"}}]}]}<\/script>\n<!-- \/ Yoast SEO Premium plugin. -->","_links":{"self":[{"href":"https:\/\/kirsten-derma.de\/tr\/wp-json\/wp\/v2\/pages\/128","targetHints":{"allow":["GET"]}}],"collection":[{"href":"https:\/\/kirsten-derma.de\/tr\/wp-json\/wp\/v2\/pages"}],"about":[{"href":"https:\/\/kirsten-derma.de\/tr\/wp-json\/wp\/v2\/types\/page"}],"author":[{"embeddable":true,"href":"https:\/\/kirsten-derma.de\/tr\/wp-json\/wp\/v2\/users\/2"}],"replies":[{"embeddable":true,"href":"https:\/\/kirsten-derma.de\/tr\/wp-json\/wp\/v2\/comments?post=128"}],"version-history":[{"count":0,"href":"https:\/\/kirsten-derma.de\/tr\/wp-json\/wp\/v2\/pages\/128\/revisions"}],"wp:attachment":[{"href":"https:\/\/kirsten-derma.de\/tr\/wp-json\/wp\/v2\/media?parent=128"}],"wp:term":[{"taxonomy":"post_tag","embeddable":true,"href":"https:\/\/kirsten-derma.de\/tr\/wp-json\/wp\/v2\/tags?post=128"}],"curies":[{"name":"wp","href":"https:\/\/api.w.org\/{rel}","templated":true}]}}