{"id":132,"date":"2017-02-12T22:05:08","date_gmt":"2017-02-12T21:05:08","guid":{"rendered":"http:\/\/kd.myderma.de\/?page_id=132"},"modified":"2019-08-22T12:00:59","modified_gmt":"2019-08-22T10:00:59","slug":"mesotherapie-in-der-praxis-hr-juri-kirsten-in-berlin","status":"publish","type":"page","link":"https:\/\/kirsten-derma.de\/tr\/estetik-yuz-mezoterapisi-berlin\/","title":{"rendered":"Mesotherapie in der Praxis Herr Juri Kirsten in Berlin"},"content":{"rendered":"<div id=\"bild\" class=\"mod_article bild block\">\n<div class=\"ce_text haupttext block\">\n<h1 class=\"heading\">Berlin muyaene Herr Juri Kirsten Mezoterapi<\/h1>\n<p><img wpfc-lazyload-disable=\"true\" loading=\"lazy\" decoding=\"async\" width=\"724\" height=\"350\" class=\"alignnone size-full wp-image-1934\" src=\"https:\/\/kirsten-derma.de\/wp-content\/uploads\/2017\/02\/mesotherapie-berlin.jpg\" alt=\"mesotherapie-berlin\" srcset=\"https:\/\/kirsten-derma.de\/wp-content\/uploads\/2017\/02\/mesotherapie-berlin.jpg 724w, https:\/\/kirsten-derma.de\/wp-content\/uploads\/2017\/02\/mesotherapie-berlin-300x145.jpg 300w\" sizes=\"auto, (max-width: 724px) 100vw, 724px\" \/><\/p>\n<p>Tanidik Kelimeler: Mesolift, Cilt germesi sel\u00fclitlerde, Canlandirilmasi, Mesosac, Mesoglow, Mezobotox, Mesovital, Mezoterapi sel\u00fclitlerde.<\/p>\n<h2>Genel<\/h2>\n<p>Cilt genclestirmesinde Mezoterapi bir etkili y\u00f6ntemdir, bir genclesme ve parlama bir g\u00f6r\u00fcn\u00fcm icin.Mezoterapi kullanilir, cildin yaslanma belirtilerine mesela Kirisikliklar, Ciltsarkmasi, Kolajen eksikligi ciltde \u00f6nlemek icin.Mezoterapibaska estetik tedavilerle kombinlenebilirsiniz.Her hastada aktif maddeler secilmektedir mesela L-Carnitin, Enginarin ayiklamasi, Kafein, Vitaminler \u00f6zel bir kokteyl hazirlanilir.<\/p>\n<p>Bir baska tedavilerle bir \u00f6nemli bir cilt iyilesme g\u00f6r\u00fcn\u00fcyor, k\u00fcc\u00fck Kirisikliklar kaybolur, b\u00fcy\u00fck olanlar \u00f6nemli \u00f6lc\u00fcde azalir.<\/p>\n<h2>Mezoterapi nasil yapilir?<\/h2>\n<p>\u00dcretilmis Karisimlar, denilen Mezoterapi-kokteyller, cilde adlandirilan mikro-enjeksiyon yapilir.Bu enjeksiyonlar el ile yada \u00f6zel p\u00fcsk\u00fcrtme tabanca yardimiyla yapilir.<\/p>\n<p><img wpfc-lazyload-disable=\"true\" loading=\"lazy\" decoding=\"async\" class=\"aligncenter\" title=\"Mesoterapisi uygulama muyanesinde Doktor Juri Kirsten Berlinde-Siringa-tabancisi\" src=\"https:\/\/kirsten-derma.de\/tl_files\/tiny_templates\/kirsten-derma\/Mesotherapie\/MesoPist%20png.png\" alt=\"Mesoterapisi uygulama muyanesinde Doktor Juri Kirsten Berlinde-Siringa-tabancisi\" width=\"280\" height=\"205\" \/><\/p>\n<p>Bu p\u00fcsk\u00fcrtmeler bir cok ince igine ile yapilir, insanin kendi sac telli kada ince oldugu gibi.<\/p>\n<h2>Mesolift \/ Biolift<\/h2>\n<p>Bir cerrahi m\u00fcdahale gerekmeden bu m\u00fcmk\u00fcn olmalidir, Kirisikliklari d\u00fczeltmeyi ve cildi daha genc ve daha taze g\u00f6r\u00fcn\u00fcme.<\/p>\n<p><img wpfc-lazyload-disable=\"true\" loading=\"lazy\" decoding=\"async\" class=\"aligncenter\" title=\"Mesoterapisi Mesogermesi muyane Doktor Juri Kirsten Berlinde\" src=\"https:\/\/kirsten-derma.de\/tl_files\/tiny_templates\/kirsten-derma\/Mesotherapie\/Mesotherapie%20Mesolift%20in%20der%20Praxis%20Dr%20Juri%20Kirsten%20in%20Berlin.png\" alt=\"Mesoterapisi Mesogermesi muyane Doktor Juri Kirsten Berlinde\" width=\"380\" height=\"309\" \/><\/p>\n<p>Vitaminlerin yaninda ve Mineral karisimi ayni sekilde Hyaluronik asit ile orta cilt katina enjekte edilir. Ciltde bir yandan mikro tesvik edilir, fibroblastlar Kolajen \u00fcretmesine karsi uyarilir ve b\u00f6ylece bir genclesme s\u00fcresi basliyor. Ayni zamanda enjekte edilen Hyaluronik asit Jel veya C\u00f6z\u00fcm bir \u00fcstelik destek icin.<\/p>\n<h2>Mesocsel\u00fclit ve Lipoliz (Yag-alma-enjeksiyon)<\/h2>\n<p>Amac, olan yag depolari enjekte edilen yardimlariyla ilaclarla kaybetmeye.Bunun icin mini-enjeksiyonlar yag doksuna enejkte edilir.<\/p>\n<p><img wpfc-lazyload-disable=\"true\" loading=\"lazy\" decoding=\"async\" class=\"aligncenter\" title=\"Berlin muyaene Doktor Juri Kirsten Mesocsel\u00fclit ve Lipoliz (Yag-alma-enjeksiyon)\" src=\"https:\/\/kirsten-derma.de\/tl_files\/tiny_templates\/kirsten-derma\/Mesotherapie\/Mesotherapie%20Cellulite%20Behandlung%20in%20der%20Praxis%20Dr%20Juri%20Kirsten%20in%20Berlin.png\" alt=\"Berlin muyaene Doktor Juri Kirsten Mesocsel\u00fclit ve Lipoliz (Yag-alma-enjeksiyon)\" width=\"200\" height=\"319\" \/><\/p>\n<p>\u00d6zel bir Ilackarisimi yag h\u00fccre duvarina c\u00f6z\u00fcm\u00fcn\u00fc saglar, takibinde onun icin baglayici acil yag cikmasi ve bunu b\u00f6brege g\u00f6t\u00fcr\u00fcr, orda parcalanilir.<\/p>\n<h2>Mezosac<\/h2>\n<p>En cok endikasyonlar Mezoterapi icin sac hastaliklaridir, kayip olan veya g\u00fccl\u00fc bir zayiflama cilt dokusunda oldugunda. Kil derisine Vitaminler, kendi trombositler ile sunulan kan plasma PRP ile ve iltihap \u00f6nleyici malzemeler enjekte edildigi, sac d\u00f6k\u00fclmesi belirtileri g\u00f6rebilirsiniz ve hatta sac b\u00fcy\u00fcmesini tesvik edebilirsiniz.<\/p>\n<p><img wpfc-lazyload-disable=\"true\" loading=\"lazy\" decoding=\"async\" class=\"aligncenter\" title=\"Mesosac Mesoterapisi muyane Doktor Juri Kirsten Berlinde\" src=\"https:\/\/kirsten-derma.de\/tl_files\/tiny_templates\/kirsten-derma\/Mesotherapie\/Mesohaar%20Mesotherapie%20in%20der%20Praxis%20Dr%20Juri%20Kirsten%20in%20Berlin.png\" alt=\"Mesosac Mesoterapisi muyane Doktor Juri Kirsten Berlinde\" width=\"250\" height=\"333\" \/><\/p>\n<p>Mezoterapi diyet ortami enjeksiyonundan g\u00f6re mesela Dexpanthenol, organik silis, Vitaminler ve antiphlogistischen sunmak, nedeni, sac yapisi, gelistirilir.<\/p>\n<h2>Mezobotox<\/h2>\n<p>Y\u00fcz Kaslari, BoyunKaslari ve Dekolte Kirisikliklari gevsetmek icin, bir Mesobotox tedavisi yapilir. Bir Canlandirici Mesolift Karisimi k\u00fcc\u00fck miktarla Botulinum toksin ile kombinlenilir ve enjekte edilir, ama sadece bir kasa degildir, ancak cildin kas seridinin b\u00f6lgesine.<\/p>\n<p>Kullanilan Botox mimik Kirisikliklarin, mesela Alin veya Alin Kirisikliklari, G\u00f6zlerde, Agiz cevrenin kiriskliklari, Boyun ve Dekolte kirisikiklari. Mezobotox tedavi sonrasinda t\u00fcm y\u00fcz gevsetilir.<\/p>\n<h2>Mezoterapi hazirlamasinda neye dikkat etmem gerekir?<\/h2>\n<p>Mezoterapi cok hazirlik gerektirmez, ancak tavsiyemiz, Alkol ve \u00f6zel kan incelme ilaclar seansdan \u00f6nce birakilmasina mesela Aspirin\u00ae ve baska ASS-iceren Agir kesiciler, Marcumar, Ibuprofen ve Vitaminler E.<\/p>\n<h2>Enjeksiyonlar icin malzemeler<\/h2>\n<p>Dogal olarak cildin bag dokusu bilesen, h\u00fccre ici Matrix, Hyaluronik asiti insan organizmasinda da cikiyor.Bu enjeksiyonlar icin cogunlukla biokimyasal Hyaluron \u00fcretilir ve kullanilir, alerjensiz olan. Bun canlandirilan karisim ve yenilleyici maddeler(gibi organik Siliciumdioxid ve multivitamin kompleksi)h\u00fccre metabolizmasini uyarir. Homeopatik Maddeler MD-Tissue ve MD-Matrix kollajen arttirir ve elastin \u00fcretilir ve \u00f6nemli cilt durumunu iyilestiri.<\/p>\n<h2>Nekadar sik ve ne kadar s\u00fcre bu tedavi yapilmali?<\/h2>\n<p>Her Tedavi b\u00fcy\u00fckl\u00fcg\u00fcne g\u00f6re tedavi edilen b\u00f6lgeye bagli 20 ile 60 Dakika s\u00fcr\u00fcyor ve ambulant geciyor.<\/p>\n<h3>Tedavilerinin sikligi:<\/h3>\n<ul class=\"allgemein-li\">\n<li>Yogun Faz:1 Tedavi her iki Hafta da bir, iki Ay boyunca;<\/li>\n<li>Bakim Faz: 1 Tedavi her 1-3 Ay da bir.<\/li>\n<\/ul>\n<h2>Mezoterapi tedavisi sancili midir?<\/h2>\n<p>Bu enjeksionlar nerdeyse sancisizdir. Cok Hassas olan Hastalara tedaviden \u00f6nce bir uyusturucu krem s\u00fcr\u00fclebilinir.Ama bu sunum Doktor Juri Kirsten ile konusulmalidir.<\/p>\n<h2>Yan etkileri<\/h2>\n<p>Bu Mezoterapi bir risksiz tedavidir.Enjeksiyon sirasinda hafif sancilara veya Yanma neden olabilir, ama cok hafif ve hemen gecicidir. Ayni zamanda morarmalar, Sislikler ve kizarikliklar delinme b\u00f6lgesi cevresinde olabilir.Bu semptomlar ama kisa s\u00fcrede kaybolur.Hemtomlara karsi egimli olanlar tavsiyemiz, 2-3 G\u00fcn cildi sakin ve dinlemesine.Bu y\u00fczden kisa bir dinlenme tatil veya tedaviyi hafta sonu yapilmasina.<\/p>\n<h3>G\u00f6stermeye<\/h3>\n<ul class=\"allgemein-li-1\">\n<li>Allerjiler;<\/li>\n<li>Gebellik, Emzirme;<\/li>\n<li>Cilt iltihaplar, Ucuk-enfeksiyonlar.<\/li>\n<\/ul>\n<h2>Hangi baska estetik Tedavilerle Mezoterapisi kombinlenebilinir?<\/h2>\n<p>Danisma sohbet sirasinda Bizim muyane Berlinde size Doktor Juri Kirsten sizi t\u00fcm modern secenekleri Mezoterapi ile ilgili anlatacaktir.Gercekten Kiriskiklilarin d\u00fczelmesi istenilirse, Tedavi tek tek kirisikliklarin bir Genel kavram dahil olmali.Cercevede \u201eFull-Face-Approach\u201cdegisik t\u00fcrl\u00fc tedavi secenekleri y\u00fcz\u00fcn genclesmesi olabilir:HIFU ultrasonik Doublo gerdirmesi, gerdirmesi radyo dalgalarla, iplik gerdirmesi, kendi kan plasma-terapisi PRP ile, Kiriskliklar enjeksiyonu, Mikroneedling ve Botox\u00ae tedavileri.<\/p>\n<p>T\u00fcm Tedavi secenekleri sizin icin yapilmistir ve sizin isteklerinize g\u00f6re. Doktor Kirsten size severek zaman ayiriyor ve sizinle isteklerinizi ve sorunlarizi bir Mezoterapisi danismada konusacaktir.Isterseniz telefonla veya <a href=\"https:\/\/kirsten-derma.de\/Ulasim.html\">Onlinetermin<\/a> bizim Belinde olan muyaenemizde alabilirsiniz.<\/p>\n<\/div>\n<\/div>\n<div class=\"btn-pos\"><a href=\"https:\/\/kirsten-derma.de\/kontakt-praxisklinik-doktor-kirsten\/\">Anfrage senden<\/a><\/div>\n","protected":false},"excerpt":{"rendered":"<p>Berlin muyaene Herr Juri Kirsten Mezoterapi Tanidik Kelimeler: Mesolift, Cilt germesi sel\u00fclitlerde, Canlandirilmasi, Mesosac, Mesoglow, Mezobotox, Mesovital, Mezoterapi sel\u00fclitlerde. Genel Cilt genclestirmesinde Mezoterapi bir etkili y\u00f6ntemdir, bir genclesme ve parlama bir g\u00f6r\u00fcn\u00fcm icin.Mezoterapi kullanilir, cildin yaslanma belirtilerine mesela Kirisikliklar, Ciltsarkmasi, Kolajen eksikligi ciltde \u00f6nlemek icin.Mezoterapibaska estetik tedavilerle kombinlenebilirsiniz.Her hastada aktif maddeler secilmektedir mesela L-Carnitin, Enginarin ayiklamasi, Kafein, Vitaminler \u00f6zel bir kokteyl hazirlanilir. Bir baska tedavilerle bir \u00f6nemli bir cilt iyilesme g\u00f6r\u00fcn\u00fcyor, k\u00fcc\u00fck Kirisikliklar kaybolur, b\u00fcy\u00fck olanlar \u00f6nemli \u00f6lc\u00fcde azalir. Mezoterapi [&hellip;]<\/p>\n","protected":false},"author":2,"featured_media":0,"parent":0,"menu_order":0,"comment_status":"closed","ping_status":"closed","template":"","meta":{"footnotes":""},"tags":[],"class_list":["post-132","page","type-page","status-publish","hentry"],"yoast_head":"<!-- This site is optimized with the Yoast SEO Premium plugin v22.5 (Yoast SEO v16.4) - https:\/\/yoast.com\/wordpress\/plugins\/seo\/ -->\n<title>Mesotherapie Berlin - Mesolift, Mesohaar, Mesobotox, Lypolyse - beim Arzt<\/title>\n<meta name=\"description\" content=\"Mesotherapie f\u00fcr Gesicht und K\u00f6rper beim Hautarzt in Berlin. Mit biomimetischen Peptiden, Vitaminen, PRP, Hyaluron, Mesobotox und Skinbooster. Tel. 23621292\" \/>\n<meta name=\"robots\" content=\"index, follow, max-snippet:-1, max-image-preview:large, max-video-preview:-1\" \/>\n<link rel=\"canonical\" href=\"https:\/\/kirsten-derma.de\/mesotherapie-gesicht-behandlung-hautstraffung-berlin\/\" \/>\n<meta property=\"og:locale\" content=\"tr_TR\" \/>\n<meta property=\"og:type\" content=\"article\" \/>\n<meta property=\"og:title\" content=\"Mesotherapie Berlin - Mesolift, Mesohaar, Mesobotox, Lypolyse - beim Arzt\" \/>\n<meta property=\"og:description\" content=\"Mesotherapie f\u00fcr Gesicht und K\u00f6rper beim Hautarzt in Berlin. Mit biomimetischen Peptiden, Vitaminen, PRP, Hyaluron, Mesobotox und Skinbooster. Tel. 23621292\" \/>\n<meta property=\"og:url\" content=\"https:\/\/kirsten-derma.de\/mesotherapie-gesicht-behandlung-hautstraffung-berlin\/\" \/>\n<meta property=\"og:site_name\" content=\"Praxis Juri Kirsten\" \/>\n<meta property=\"article:modified_time\" content=\"2019-08-22T10:00:59+00:00\" \/>\n<meta property=\"og:image\" content=\"https:\/\/kirsten-derma.de\/wp-content\/uploads\/2019\/08\/mesotherapie-berlin.jpg\" \/>\n<meta name=\"twitter:card\" content=\"summary\" \/>\n<meta name=\"twitter:label1\" content=\"Tahmini okuma s\u00fcresi\" \/>\n\t<meta name=\"twitter:data1\" content=\"4 dakika\" \/>\n<script type=\"application\/ld+json\" class=\"yoast-schema-graph\">{\"@context\":\"https:\/\/schema.org\",\"@graph\":[{\"@type\":\"WebSite\",\"@id\":\"https:\/\/kirsten-derma.de\/#website\",\"url\":\"https:\/\/kirsten-derma.de\/\",\"name\":\"Praxis Juri Kirsten\",\"description\":\"Facharzt f\\u00fcr Dermatologie und Allergologie Juri Kirsten Berlin\",\"potentialAction\":[{\"@type\":\"SearchAction\",\"target\":\"https:\/\/kirsten-derma.de\/?s={search_term_string}\",\"query-input\":\"required name=search_term_string\"}],\"inLanguage\":\"tr\"},{\"@type\":\"ImageObject\",\"@id\":\"https:\/\/kirsten-derma.de\/mesotherapie-gesicht-behandlung-hautstraffung-berlin\/#primaryimage\",\"inLanguage\":\"tr\",\"url\":\"https:\/\/kirsten-derma.de\/wp-content\/uploads\/2017\/02\/mesotherapie-berlin.jpg\",\"contentUrl\":\"https:\/\/kirsten-derma.de\/wp-content\/uploads\/2017\/02\/mesotherapie-berlin.jpg\",\"width\":\"724\",\"height\":\"350\",\"caption\":\"mesotherapie-berlin\"},{\"@type\":\"WebPage\",\"@id\":\"https:\/\/kirsten-derma.de\/mesotherapie-gesicht-behandlung-hautstraffung-berlin\/#webpage\",\"url\":\"https:\/\/kirsten-derma.de\/mesotherapie-gesicht-behandlung-hautstraffung-berlin\/\",\"name\":\"Mesotherapie Berlin - Mesolift, Mesohaar, Mesobotox, Lypolyse - beim Arzt\",\"isPartOf\":{\"@id\":\"https:\/\/kirsten-derma.de\/#website\"},\"primaryImageOfPage\":{\"@id\":\"https:\/\/kirsten-derma.de\/mesotherapie-gesicht-behandlung-hautstraffung-berlin\/#primaryimage\"},\"datePublished\":\"2017-02-12T21:05:08+00:00\",\"dateModified\":\"2019-08-22T10:00:59+00:00\",\"description\":\"Mesotherapie f\\u00fcr Gesicht und K\\u00f6rper beim Hautarzt in Berlin. Mit biomimetischen Peptiden, Vitaminen, PRP, Hyaluron, Mesobotox und Skinbooster. Tel. 23621292\",\"breadcrumb\":{\"@id\":\"https:\/\/kirsten-derma.de\/mesotherapie-gesicht-behandlung-hautstraffung-berlin\/#breadcrumb\"},\"inLanguage\":\"tr\",\"potentialAction\":[{\"@type\":\"ReadAction\",\"target\":[\"https:\/\/kirsten-derma.de\/mesotherapie-gesicht-behandlung-hautstraffung-berlin\/\"]}]},{\"@type\":\"BreadcrumbList\",\"@id\":\"https:\/\/kirsten-derma.de\/mesotherapie-gesicht-behandlung-hautstraffung-berlin\/#breadcrumb\",\"itemListElement\":[{\"@type\":\"ListItem\",\"position\":1,\"item\":{\"@type\":\"WebPage\",\"@id\":\"https:\/\/kirsten-derma.de\/\",\"url\":\"https:\/\/kirsten-derma.de\/\",\"name\":\"Startseite\"}},{\"@type\":\"ListItem\",\"position\":2,\"item\":{\"@id\":\"https:\/\/kirsten-derma.de\/mesotherapie-gesicht-behandlung-hautstraffung-berlin\/#webpage\"}}]}]}<\/script>\n<!-- \/ Yoast SEO Premium plugin. -->","_links":{"self":[{"href":"https:\/\/kirsten-derma.de\/tr\/wp-json\/wp\/v2\/pages\/132","targetHints":{"allow":["GET"]}}],"collection":[{"href":"https:\/\/kirsten-derma.de\/tr\/wp-json\/wp\/v2\/pages"}],"about":[{"href":"https:\/\/kirsten-derma.de\/tr\/wp-json\/wp\/v2\/types\/page"}],"author":[{"embeddable":true,"href":"https:\/\/kirsten-derma.de\/tr\/wp-json\/wp\/v2\/users\/2"}],"replies":[{"embeddable":true,"href":"https:\/\/kirsten-derma.de\/tr\/wp-json\/wp\/v2\/comments?post=132"}],"version-history":[{"count":0,"href":"https:\/\/kirsten-derma.de\/tr\/wp-json\/wp\/v2\/pages\/132\/revisions"}],"wp:attachment":[{"href":"https:\/\/kirsten-derma.de\/tr\/wp-json\/wp\/v2\/media?parent=132"}],"wp:term":[{"taxonomy":"post_tag","embeddable":true,"href":"https:\/\/kirsten-derma.de\/tr\/wp-json\/wp\/v2\/tags?post=132"}],"curies":[{"name":"wp","href":"https:\/\/api.w.org\/{rel}","templated":true}]}}