{"id":145,"date":"2017-02-12T22:09:15","date_gmt":"2017-02-12T21:09:15","guid":{"rendered":"http:\/\/kd.myderma.de\/?page_id=145"},"modified":"2017-12-11T15:51:13","modified_gmt":"2017-12-11T14:51:13","slug":"hals","status":"publish","type":"page","link":"https:\/\/kirsten-derma.de\/tr\/boyun\/","title":{"rendered":"Boyun"},"content":{"rendered":"<div id=\"post-2773\" class=\"post-2773 page type-page status-private hentry\">\n<div class=\"entry-page-wrapper entry-content clearfix\">\n<div id=\"mtheme-pagebuilder-wrapper-2773\" class=\"mtheme-pagebuilder\">\n<div class=\"mtheme-supercell clearfix \">\n<div class=\"mtheme-cell-wrap\">\n<div id=\"mtheme-block-1\" class=\"mtheme-block mtheme-block-em_textbox span12 mtheme-first-cell \" data-width=\"12\">\n<div style=\"padding: 0 0 0;margin: 0 0 0;background-color: ;color: ;border-width:0px;border-color:#ffffff;border-style:solid;\">\n<h1>Boyun<\/h1>\n<\/div>\n<\/div>\n<\/div>\n<\/div>\n<div class=\"mtheme-modular-column\">\n<div class=\"mtheme-supercell clearfix  boxed-column divided-column\">\n<div class=\"column-setter first-column span6\">\n<div class=\"mtheme-cell-wrap\">\n<div id=\"mtheme-block-2\" class=\"mtheme-block mtheme-block-em_column_block span6 mtheme-first-cell \" data-width=\"6\">\n<div class=\"row clearfix\">\n<div class=\"mtheme-cell-wrap\">\n<div id=\"mtheme-block-3\" class=\"mtheme-block mtheme-block-em_hline span6 mtheme-first-cell \" data-width=\"6\">\n<div class=\"clearfix hline-common hline-single\" style=\"margin-top:10px;margin-bottom:10px;border-color:#EC3939;border-width:1px;\"><\/div>\n<\/div>\n<\/div>\n<\/div>\n<div class=\"row clearfix\">\n<div class=\"mtheme-cell-wrap\">\n<div id=\"mtheme-block-4\" class=\"mtheme-block mtheme-block-em_textbox span6 mtheme-first-cell \" data-width=\"6\">\n<div style=\"padding: 0 0 0;margin: 10px 0 20px;background-color: #ffffff;color: ;border-width:0px;border-color:#ffffff;border-style:solid;\">\n<h3><a href=\"https:\/\/kirsten-derma.de\/tr\/boyun-kirisikliklar-ultherapy-uygulamasi-berlin\/\">Ameliyatsiz Boyun germe<\/a><\/h3>\n<\/div>\n<\/div>\n<\/div>\n<\/div>\n<div class=\"row clearfix\">\n<div class=\"mtheme-cell-wrap\">\n<div id=\"mtheme-block-5\" class=\"mtheme-block mtheme-block-em_singleimage span6 mtheme-first-cell \" data-width=\"6\">\n<div class=\"single-image-block none\" style=\"padding-top:0;padding-bottom:20px;text-align:center;\"><a target=\"_self\" href=\"https:\/\/kirsten-derma.de\/tr\/boyun-kirisikliklar-ultherapy-uygulamasi-berlin\/\"><img wpfc-lazyload-disable=\"true\" decoding=\"async\" src=\"https:\/\/kirsten-derma.de\/wp-content\/uploads\/2017\/02\/halsstraffung-1.jpg\" alt=\"halsstraffung-berlin\"><\/a><\/div>\n<\/div>\n<\/div>\n<\/div>\n<div class=\"row clearfix\">\n<div class=\"mtheme-cell-wrap\">\n<div id=\"mtheme-block-6\" class=\"mtheme-block mtheme-block-em_textbox span6 mtheme-first-cell \" data-width=\"6\">\n<div style=\"padding: 0 0 0;margin: 0 0 0;background-color: ;color: ;border-width:0px;border-color:#ffffff;border-style:solid;\">\n<p>Boyun ve El arkasi insanin yasini ele verir.Insanin v\u00fccut b\u00f6lgesine ait en zor b\u00f6lgedir, herzaman iyi sonuclar bir ameliyat tedavisine olan. Biz hepimiz \u00fcnl\u00fc Hollywood yildizlarin sirlarini taniyoruz, segircilerinin g\u00f6zler \u00f6n\u00fcnde boyunu ince bir atkiyla saklamasi\u2026<\/p>\n<\/div>\n<\/div>\n<\/div>\n<\/div>\n<div class=\"row clearfix\">\n<div class=\"mtheme-cell-wrap\">\n<div id=\"mtheme-block-7\" class=\"mtheme-block mtheme-block-em_button span6 mtheme-first-cell \" data-width=\"6\">\n<div class=\"button-shortcode button-shortcode-5a2e924f79350\" style=\"text-align:left;\"><a href=\"https:\/\/kirsten-derma.de\/tr\/boyun-kirisikliklar-ultherapy-uygulamasi-berlin\/\" _self=\"\"><\/p>\n<div class=\"mtheme-button animated pulse animation-action\"><span class=\"button-icon\"><i class=\"feather-icon-fast-forward\"><\/i><\/span>Devam okuyunuz<\/div>\n<p><\/a><\/div>\n<style>.button-shortcode-5a2e924f79350 .mtheme-button:after { background-color: #e2664c; }.button-shortcode-5a2e924f79350 .mtheme-button { border-color: #e2664c; color: #e2664c; }<\/style>\n<\/div>\n<\/div>\n<\/div>\n<\/div>\n<\/div><\/div>\n<div class=\"column-setter following-column span6\">\n<div class=\"mtheme-cell-wrap\">\n<div id=\"mtheme-block-8\" class=\"mtheme-block mtheme-block-em_column_block span6 mtheme-following-cell \" data-width=\"6\">\n<div class=\"row clearfix\">\n<div class=\"mtheme-cell-wrap\">\n<div id=\"mtheme-block-9\" class=\"mtheme-block mtheme-block-em_hline span6 mtheme-first-cell \" data-width=\"6\">\n<div class=\"clearfix hline-common hline-single\" style=\"margin-top:10px;margin-bottom:10px;border-color:#EC3939;border-width:1px;\"><\/div>\n<\/div>\n<\/div>\n<\/div>\n<div class=\"row clearfix\">\n<div class=\"mtheme-cell-wrap\">\n<div id=\"mtheme-block-10\" class=\"mtheme-block mtheme-block-em_textbox span6 mtheme-first-cell \" data-width=\"6\">\n<div style=\"padding: 0 0 0;margin: 10px 0 20px;background-color: #ffffff;color: ;border-width:0px;border-color:#ffffff;border-style:solid;\">\n<h3><a href=\"https:\/\/kirsten-derma.de\/tr\/tombul-yanaklardan-ve-gidiktan-nasil-kurtulmak-berlin\/\">Gidik yok etme<\/a><\/h3>\n<\/div>\n<\/div>\n<\/div>\n<\/div>\n<div class=\"row clearfix\">\n<div class=\"mtheme-cell-wrap\">\n<div id=\"mtheme-block-11\" class=\"mtheme-block mtheme-block-em_singleimage span6 mtheme-first-cell \" data-width=\"6\">\n<div class=\"single-image-block none\" style=\"padding-top:0;padding-bottom:20px;text-align:center;\"><a target=\"_self\" href=\"https:\/\/kirsten-derma.de\/tr\/tombul-yanaklardan-ve-gidiktan-nasil-kurtulmak-berlin\/\"><img wpfc-lazyload-disable=\"true\" decoding=\"async\" src=\"https:\/\/kirsten-derma.de\/wp-content\/uploads\/2017\/02\/doppelkinn-1.jpg\" alt=\"doppelkinn-entfernen-berlin\"><\/a><\/div>\n<\/div>\n<\/div>\n<\/div>\n<div class=\"row clearfix\">\n<div class=\"mtheme-cell-wrap\">\n<div id=\"mtheme-block-12\" class=\"mtheme-block mtheme-block-em_textbox span6 mtheme-first-cell \" data-width=\"6\">\n<div style=\"padding: 0 0 0;margin: 0 0 0;background-color: ;color: ;border-width:0px;border-color:#ffffff;border-style:solid;\">\n<p>Genc olan Hastalarda fazla olan Yag birikimlerin alinmasi yeterlidir bir yag aldirma yardimiyla. Bu Yag aldirma Gidikta Bey Doktor Kirsten \u00f6zel yapilmis kan\u00fcller kullanilir, izin veriyor ki, Boyun b\u00f6gedeki cildi c\u00f6zmeye\u2026<\/p>\n<\/div>\n<\/div>\n<\/div>\n<\/div>\n<div class=\"row clearfix\">\n<div class=\"mtheme-cell-wrap\">\n<div id=\"mtheme-block-13\" class=\"mtheme-block mtheme-block-em_button span6 mtheme-first-cell \" data-width=\"6\">\n<div class=\"button-shortcode button-shortcode-5a2e924f7a1f4\" style=\"text-align:left;\"><a href=\"https:\/\/kirsten-derma.de\/tr\/tombul-yanaklardan-ve-gidiktan-nasil-kurtulmak-berlin\/\" _self=\"\"><\/p>\n<div class=\"mtheme-button animated pulse animation-action\"><span class=\"button-icon\"><i class=\"feather-icon-fast-forward\"><\/i><\/span>Devam okuyunuz<\/div>\n<p><\/a><\/div>\n<style>.button-shortcode-5a2e924f7a1f4 .mtheme-button:after { background-color: #e2664c; }.button-shortcode-5a2e924f7a1f4 .mtheme-button { border-color: #e2664c; color: #e2664c; }<\/style>\n<\/div>\n<\/div>\n<\/div>\n<\/div>\n<\/div><\/div>\n<\/div>\n<\/div>\n<div class=\"mtheme-modular-column\">\n<div class=\"mtheme-supercell clearfix  boxed-column divided-column\">\n<div class=\"column-setter first-column span6\">\n<div class=\"mtheme-cell-wrap\">\n<div id=\"mtheme-block-14\" class=\"mtheme-block mtheme-block-em_column_block span6 mtheme-first-cell \" data-width=\"6\">\n<div class=\"row clearfix\">\n<div class=\"mtheme-cell-wrap\">\n<div id=\"mtheme-block-15\" class=\"mtheme-block mtheme-block-em_hline span6 mtheme-first-cell \" data-width=\"6\">\n<div class=\"clearfix hline-common hline-single\" style=\"margin-top:30px;margin-bottom:10px;border-color:#EC3939;border-width:1px;\"><\/div>\n<\/div>\n<\/div>\n<\/div>\n<div class=\"row clearfix\">\n<div class=\"mtheme-cell-wrap\">\n<div id=\"mtheme-block-16\" class=\"mtheme-block mtheme-block-em_textbox span6 mtheme-first-cell \" data-width=\"6\">\n<div style=\"padding: 0 0 0;margin: 10px 0 20px;background-color: #ffffff;color: ;border-width:0px;border-color:#ffffff;border-style:solid;\">\n<div class=\"text_oben\">\n<h3 class=\"heading\"><a href=\"https:\/\/kirsten-derma.de\/halsstraffung-mit-aptos-faeden-praxisklinik-berlin\/\">Halsstraffung mit Aptos F\u00e4den<\/a><\/h3>\n<\/div>\n<\/div>\n<\/div>\n<\/div>\n<\/div>\n<div class=\"row clearfix\">\n<div class=\"mtheme-cell-wrap\">\n<div id=\"mtheme-block-17\" class=\"mtheme-block mtheme-block-em_singleimage span6 mtheme-first-cell \" data-width=\"6\">\n<div class=\"single-image-block none\" style=\"padding-top:0;padding-bottom:20px;text-align:center;\"><a target=\"_self\" href=\"https:\/\/kirsten-derma.de\/halsstraffung-mit-aptos-faeden-praxisklinik-berlin\/\"><img wpfc-lazyload-disable=\"true\" decoding=\"async\" src=\"https:\/\/kirsten-derma.de\/wp-content\/uploads\/2017\/02\/hals-lifting-1.jpg\" alt=\"halsstraffung-berlin\"><\/a><\/div>\n<\/div>\n<\/div>\n<\/div>\n<div class=\"row clearfix\">\n<div class=\"mtheme-cell-wrap\">\n<div id=\"mtheme-block-18\" class=\"mtheme-block mtheme-block-em_textbox span6 mtheme-first-cell \" data-width=\"6\">\n<div style=\"padding: 0 0 0;margin: 0 0 0;background-color: ;color: ;border-width:0px;border-color:#ffffff;border-style:solid;\">\n<p>Mit dem Alter verliert die Haut ihre jugendliche Elastizit\u00e4t, das gilt nat\u00fcrlich auch f\u00fcr die Halspartie sowohl bei Frauen als auch bei den M\u00e4nnern. Ebenso kann ein Gewichtsverlust dazu f\u00fchren, dass die Halsmuskeln und die Haut des Halses erschlaffen\u2026<\/p>\n<\/div>\n<\/div>\n<\/div>\n<\/div>\n<div class=\"row clearfix\">\n<div class=\"mtheme-cell-wrap\">\n<div id=\"mtheme-block-19\" class=\"mtheme-block mtheme-block-em_button span6 mtheme-first-cell \" data-width=\"6\">\n<div class=\"button-shortcode button-shortcode-5a2e924f7b097\" style=\"text-align:left;\"><a href=\"https:\/\/kirsten-derma.de\/halsstraffung-mit-aptos-faeden-praxisklinik-berlin\/\" _self=\"\"><\/p>\n<div class=\"mtheme-button animated pulse animation-action\"><span class=\"button-icon\"><i class=\"feather-icon-fast-forward\"><\/i><\/span>Devam okuyunuz<\/div>\n<p><\/a><\/div>\n<style>.button-shortcode-5a2e924f7b097 .mtheme-button:after { background-color: #e2664c; }.button-shortcode-5a2e924f7b097 .mtheme-button { border-color: #e2664c; color: #e2664c; }<\/style>\n<\/div>\n<\/div>\n<\/div>\n<\/div>\n<\/div><\/div>\n<div class=\"column-setter following-column span6\">\n<div class=\"mtheme-cell-wrap\">\n<div id=\"mtheme-block-20\" class=\"mtheme-block mtheme-block-em_column_block span6 mtheme-following-cell \" data-width=\"6\">\n<div class=\"row clearfix\">\n<div class=\"mtheme-cell-wrap\">\n<div id=\"mtheme-block-21\" class=\"mtheme-block mtheme-block-em_hline span6 mtheme-first-cell \" data-width=\"6\">\n<div class=\"clearfix hline-common hline-single\" style=\"margin-top:30px;margin-bottom:10px;border-color:#EC3939;border-width:1px;\"><\/div>\n<\/div>\n<\/div>\n<\/div>\n<div class=\"row clearfix\">\n<div class=\"mtheme-cell-wrap\">\n<div id=\"mtheme-block-22\" class=\"mtheme-block mtheme-block-em_textbox span6 mtheme-first-cell \" data-width=\"6\">\n<div style=\"padding: 0 0 0;margin: 10px 0 20px;background-color: #ffffff;color: ;border-width:0px;border-color:#ffffff;border-style:solid;\">\n<h3 class=\"heading\"><a href=\"https:\/\/kirsten-derma.de\/tr\/gergin-dekolte-tedavisi-berlin\/\">Dekoltenin Genclestirmesi<\/a><\/h3>\n<\/div>\n<\/div>\n<\/div>\n<\/div>\n<div class=\"row clearfix\">\n<div class=\"mtheme-cell-wrap\">\n<div id=\"mtheme-block-23\" class=\"mtheme-block mtheme-block-em_singleimage span6 mtheme-first-cell \" data-width=\"6\">\n<div class=\"single-image-block none\" style=\"padding-top:0;padding-bottom:20px;text-align:center;\"><a target=\"_self\" href=\"https:\/\/kirsten-derma.de\/tr\/gergin-dekolte-tedavisi-berlin\/\"><img wpfc-lazyload-disable=\"true\" decoding=\"async\" src=\"https:\/\/kirsten-derma.de\/wp-content\/uploads\/2017\/02\/decollete-straffung-berlin.jpg\" alt=\"decollete-straffung-berlin\"><\/a><\/div>\n<\/div>\n<\/div>\n<\/div>\n<div class=\"row clearfix\">\n<div class=\"mtheme-cell-wrap\">\n<div id=\"mtheme-block-24\" class=\"mtheme-block mtheme-block-em_textbox span6 mtheme-first-cell \" data-width=\"6\">\n<div style=\"padding: 0 0 0;margin: 0 0 0;background-color: ;color: ;border-width:0px;border-color:#ffffff;border-style:solid;\">\n<p>Bir d\u00fcz ve Gergin Dekolte herzaman t\u00fcm bakislari ceker. Kirisiksiz ve oldukca yaslanmis g\u00f6r\u00fcnen cilt Boyun ve Bogaz-ve Dekolte-B\u00f6lgede odaklanmis yardimiyla ultrasonterapisi ile veya\/ve kombinasyon s\u00fcreci fazla\u2026<\/p>\n<\/div>\n<\/div>\n<\/div>\n<\/div>\n<div class=\"row clearfix\">\n<div class=\"mtheme-cell-wrap\">\n<div id=\"mtheme-block-25\" class=\"mtheme-block mtheme-block-em_button span6 mtheme-first-cell \" data-width=\"6\">\n<div class=\"button-shortcode button-shortcode-5a2e924f7bf12\" style=\"text-align:left;\"><a href=\"https:\/\/kirsten-derma.de\/tr\/gergin-dekolte-tedavisi-berlin\/\" _self=\"\"><\/p>\n<div class=\"mtheme-button animated pulse animation-action\"><span class=\"button-icon\"><i class=\"feather-icon-fast-forward\"><\/i><\/span>Devam okuyunuz<\/div>\n<p><\/a><\/div>\n<style>.button-shortcode-5a2e924f7bf12 .mtheme-button:after { background-color: #e2664c; }.button-shortcode-5a2e924f7bf12 .mtheme-button { border-color: #e2664c; color: #e2664c; }<\/style>\n<\/div>\n<\/div>\n<\/div>\n<\/div>\n<\/div><\/div>\n<\/div>\n<\/div>\n<\/div><\/div>\n<\/p><\/div>\n","protected":false},"excerpt":{"rendered":"<p>Boyun Ameliyatsiz Boyun germe Boyun ve El arkasi insanin yasini ele verir.Insanin v\u00fccut b\u00f6lgesine ait en zor b\u00f6lgedir, herzaman iyi sonuclar bir ameliyat tedavisine olan. Biz hepimiz \u00fcnl\u00fc Hollywood yildizlarin sirlarini taniyoruz, segircilerinin g\u00f6zler \u00f6n\u00fcnde boyunu ince bir atkiyla saklamasi\u2026 Devam okuyunuz Gidik yok etme Genc olan Hastalarda fazla olan Yag birikimlerin alinmasi yeterlidir bir yag aldirma yardimiyla. Bu Yag aldirma Gidikta Bey Doktor Kirsten \u00f6zel yapilmis kan\u00fcller kullanilir, izin veriyor ki, Boyun b\u00f6gedeki cildi c\u00f6zmeye\u2026 Devam okuyunuz Halsstraffung mit [&hellip;]<\/p>\n","protected":false},"author":2,"featured_media":0,"parent":0,"menu_order":0,"comment_status":"closed","ping_status":"closed","template":"","meta":{"footnotes":""},"tags":[],"class_list":["post-145","page","type-page","status-publish","hentry"],"yoast_head":"<!-- This site is optimized with the Yoast SEO Premium plugin v22.5 (Yoast SEO v16.4) - https:\/\/yoast.com\/wordpress\/plugins\/seo\/ -->\n<title>Halsbehandlungen (Halsstraffung) - Kirsten-derma<\/title>\n<meta name=\"description\" content=\"Spezialist f\u00fcr Faltenunterspritzung, Faltenbehandlung, Hyalurons\u00e4ure und Botox\u00ae, Faltenbehandlung, seit \u00fcber 15 Jahren in Berlin am Ku&#039;damm. Sch\u00f6nheit mu\u00df nicht mit hohen Kosten verbunden sein. Jetzt informieren 030 236 212 92.\" \/>\n<meta name=\"robots\" content=\"index, follow, max-snippet:-1, max-image-preview:large, max-video-preview:-1\" \/>\n<link rel=\"canonical\" href=\"https:\/\/kirsten-derma.de\/hals-behandlung-berlin\/\" \/>\n<meta property=\"og:locale\" content=\"tr_TR\" \/>\n<meta property=\"og:type\" content=\"article\" \/>\n<meta property=\"og:title\" content=\"Halsbehandlungen (Halsstraffung) - Kirsten-derma\" \/>\n<meta property=\"og:description\" content=\"Spezialist f\u00fcr Faltenunterspritzung, Faltenbehandlung, Hyalurons\u00e4ure und Botox\u00ae, Faltenbehandlung, seit \u00fcber 15 Jahren in Berlin am Ku&#039;damm. Sch\u00f6nheit mu\u00df nicht mit hohen Kosten verbunden sein. Jetzt informieren 030 236 212 92.\" \/>\n<meta property=\"og:url\" content=\"https:\/\/kirsten-derma.de\/hals-behandlung-berlin\/\" \/>\n<meta property=\"og:site_name\" content=\"Praxis Juri Kirsten\" \/>\n<meta property=\"article:modified_time\" content=\"2017-12-11T14:51:13+00:00\" \/>\n<meta property=\"og:image\" content=\"https:\/\/kirsten-derma.de\/wp-content\/uploads\/2017\/02\/halsstraffung-1.jpg\" \/>\n<meta name=\"twitter:card\" content=\"summary\" \/>\n<meta name=\"twitter:label1\" content=\"Tahmini okuma s\u00fcresi\" \/>\n\t<meta name=\"twitter:data1\" content=\"1 dakika\" \/>\n<script type=\"application\/ld+json\" class=\"yoast-schema-graph\">{\"@context\":\"https:\/\/schema.org\",\"@graph\":[{\"@type\":\"WebSite\",\"@id\":\"https:\/\/kirsten-derma.de\/#website\",\"url\":\"https:\/\/kirsten-derma.de\/\",\"name\":\"Praxis Juri Kirsten\",\"description\":\"Facharzt f\\u00fcr Dermatologie und Allergologie Juri Kirsten Berlin\",\"potentialAction\":[{\"@type\":\"SearchAction\",\"target\":\"https:\/\/kirsten-derma.de\/?s={search_term_string}\",\"query-input\":\"required name=search_term_string\"}],\"inLanguage\":\"tr\"},{\"@type\":\"ImageObject\",\"@id\":\"https:\/\/kirsten-derma.de\/hals-behandlung-berlin\/#primaryimage\",\"inLanguage\":\"tr\",\"url\":\"https:\/\/kirsten-derma.de\/wp-content\/uploads\/2017\/02\/halsstraffung-1.jpg\",\"contentUrl\":\"https:\/\/kirsten-derma.de\/wp-content\/uploads\/2017\/02\/halsstraffung-1.jpg\",\"width\":\"724\",\"height\":\"350\",\"caption\":\"halsstraffung-berlin\"},{\"@type\":\"WebPage\",\"@id\":\"https:\/\/kirsten-derma.de\/hals-behandlung-berlin\/#webpage\",\"url\":\"https:\/\/kirsten-derma.de\/hals-behandlung-berlin\/\",\"name\":\"Halsbehandlungen (Halsstraffung) - Kirsten-derma\",\"isPartOf\":{\"@id\":\"https:\/\/kirsten-derma.de\/#website\"},\"primaryImageOfPage\":{\"@id\":\"https:\/\/kirsten-derma.de\/hals-behandlung-berlin\/#primaryimage\"},\"datePublished\":\"2017-02-12T21:09:15+00:00\",\"dateModified\":\"2017-12-11T14:51:13+00:00\",\"description\":\"Spezialist f\\u00fcr Faltenunterspritzung, Faltenbehandlung, Hyalurons\\u00e4ure und Botox\\u00ae, Faltenbehandlung, seit \\u00fcber 15 Jahren in Berlin am Ku'damm. Sch\\u00f6nheit mu\\u00df nicht mit hohen Kosten verbunden sein. Jetzt informieren 030 236 212 92.\",\"breadcrumb\":{\"@id\":\"https:\/\/kirsten-derma.de\/hals-behandlung-berlin\/#breadcrumb\"},\"inLanguage\":\"tr\",\"potentialAction\":[{\"@type\":\"ReadAction\",\"target\":[\"https:\/\/kirsten-derma.de\/hals-behandlung-berlin\/\"]}]},{\"@type\":\"BreadcrumbList\",\"@id\":\"https:\/\/kirsten-derma.de\/hals-behandlung-berlin\/#breadcrumb\",\"itemListElement\":[{\"@type\":\"ListItem\",\"position\":1,\"item\":{\"@type\":\"WebPage\",\"@id\":\"https:\/\/kirsten-derma.de\/\",\"url\":\"https:\/\/kirsten-derma.de\/\",\"name\":\"Startseite\"}},{\"@type\":\"ListItem\",\"position\":2,\"item\":{\"@id\":\"https:\/\/kirsten-derma.de\/hals-behandlung-berlin\/#webpage\"}}]}]}<\/script>\n<!-- \/ Yoast SEO Premium plugin. -->","_links":{"self":[{"href":"https:\/\/kirsten-derma.de\/tr\/wp-json\/wp\/v2\/pages\/145","targetHints":{"allow":["GET"]}}],"collection":[{"href":"https:\/\/kirsten-derma.de\/tr\/wp-json\/wp\/v2\/pages"}],"about":[{"href":"https:\/\/kirsten-derma.de\/tr\/wp-json\/wp\/v2\/types\/page"}],"author":[{"embeddable":true,"href":"https:\/\/kirsten-derma.de\/tr\/wp-json\/wp\/v2\/users\/2"}],"replies":[{"embeddable":true,"href":"https:\/\/kirsten-derma.de\/tr\/wp-json\/wp\/v2\/comments?post=145"}],"version-history":[{"count":0,"href":"https:\/\/kirsten-derma.de\/tr\/wp-json\/wp\/v2\/pages\/145\/revisions"}],"wp:attachment":[{"href":"https:\/\/kirsten-derma.de\/tr\/wp-json\/wp\/v2\/media?parent=145"}],"wp:term":[{"taxonomy":"post_tag","embeddable":true,"href":"https:\/\/kirsten-derma.de\/tr\/wp-json\/wp\/v2\/tags?post=145"}],"curies":[{"name":"wp","href":"https:\/\/api.w.org\/{rel}","templated":true}]}}