{"id":147,"date":"2017-02-12T22:10:10","date_gmt":"2017-02-12T21:10:10","guid":{"rendered":"http:\/\/kd.myderma.de\/?page_id=147"},"modified":"2019-06-26T13:52:01","modified_gmt":"2019-06-26T11:52:01","slug":"nichtoperative-halsstraffung","status":"publish","type":"page","link":"https:\/\/kirsten-derma.de\/tr\/boyun-kirisikliklar-ultherapy-uygulamasi-berlin\/","title":{"rendered":"Ameliyatsiz Boyun germe"},"content":{"rendered":"<div id=\"bild\" class=\"mod_article bild block\">\n<div class=\"ce_text haupttext block\">\n<h1 class=\"heading\">Ameliyatsiz Boyun germe<\/h1>\n<p><img wpfc-lazyload-disable=\"true\" loading=\"lazy\" decoding=\"async\" width=\"724\" height=\"350\" class=\"alignnone size-full wp-image-1940\" src=\"https:\/\/kirsten-derma.de\/wp-content\/uploads\/2017\/02\/halsstraffung-1.jpg\" alt=\"halsstraffung-berlin\" srcset=\"https:\/\/kirsten-derma.de\/wp-content\/uploads\/2017\/02\/halsstraffung-1.jpg 724w, https:\/\/kirsten-derma.de\/wp-content\/uploads\/2017\/02\/halsstraffung-1-300x145.jpg 300w\" sizes=\"auto, (max-width: 724px) 100vw, 724px\" \/><\/p>\n<p>Tanidik Kelimeler: Boyungermesi, Boyund\u00fczeltme, Nestersiz Boyun germesi, cerrahihisiz Boyun d\u00fczeltmesi.<\/p>\n<h2>Genel<\/h2>\n<p>Boyun ve El arkasi insanin yasini ele verir.Insanin v\u00fccut b\u00f6lgesine ait en zor b\u00f6lgedir, herzaman iyi sonuclar bir ameliyat tedavisine olan. Biz hepimiz \u00fcnl\u00fc Hollywood yildizlarin sirlarini taniyoruz, segircilerinin g\u00f6zler \u00f6n\u00fcnde boyunu ince bir atkiyla saklamasi. Bir Boyun d\u00fczeltmesinde temel fakt\u00f6rler Boyun d\u00fczeltmesinde yanlarina baglidir, burusuklari biraz d\u00fczeltir, Cilt dokusu ve Cilt kalitesi burada degismez.<\/p>\n<p>Bug\u00fcnlerde bir kac teknikler vardir ve terapi opsiyonlari, bu Boyun tedavisindeki delikleri kapatabilmesi icin.<\/p>\n<p>Her tedavi bir g\u00fczel teshisle baslar. Ayrica tedavi edilen Doktordan Boyun b\u00f6lgesinde anatomik yapilarini degisiklilerinin ayrintili bilgi gerektirir. Bizim uygulama muyanemizden sonra Berlinde bir bilgisayar kontroll\u00fc deri teshis sizlere yapilir, sizinle Doktor Kirsten bir \u00fccretsiz Danisma randevunda olan tedavi y\u00f6ntemleri konusacaktir, Boyun b\u00f6lgesine olan.<\/p>\n<h3>Hangi tedavi opsiyonlar cerrahisiz Boyun germede genc hastalarda vardir?<\/h3>\n<p>30 Yastan itibaren Boyundaki cilt yaslanmaya baslar. Ilk kirisikliklar g\u00fcne cikar, \u00f6zellikle olanlarda, g\u00fcnesin altinda yatanlar. Boyundaki Kaslar daha sikidir, cilt daha sarkmiyor.<\/p>\n<p>Bu Hastagruplarda bir uygun terapi cilsi canlandiri kendi mekanizmalari etkinlestirir ve kollajen asagilayici azalarak gerginlik geri getirir.<\/p>\n<p>Boyundaki cildi canlandirmak icin, b\u00fcy\u00fcme fakt\u00f6rleri aktive etmek icin, yeni cilt h\u00fccreleri (Fibroblastlar) uyarmasi icin, bir plasma germesi kendi trombositler Plasma ile PRP verilir. \u00dcc seans \u00fcc ile d\u00f6rt hafta aralikla gereklidir.<\/p>\n<p>Kaybolan Kollajenh\u00fccreleri Boyundaki ciltde bipolaren radyo dalagalar yardimciyla 4 seansda 2 Hafta aralikla tekrar yenililir.<\/p>\n<p><img wpfc-lazyload-disable=\"true\" loading=\"lazy\" decoding=\"async\" title=\"Midas Bi cihaz\u0131\" src=\"https:\/\/kirsten-derma.de\/tl_files\/tiny_templates\/kirsten-derma\/Halsstraffung\/Midas-bi-mit-rotem-schrift-TUR.png\" alt=\"Midas Bi cihaz\u0131\" width=\"500\" height=\"348\" \/><\/p>\n<p>B\u00f6yle bir tedavi rejimi sonrasi Boyundaki cilt b\u00f6lgesi tekrar esnek, dolgun ve d\u00fcz olur ve tekrar yeniden gerginlik kazanir.<\/p>\n<\/div>\n<\/div>\n<div id=\"ameliyatsiz-boyun-germe\" class=\"mod_article block\">\n<div class=\"ce_ytvideo videoklasse ce_video block\">\n<p><iframe loading=\"lazy\" title=\"Fabulous Aesthetics HIRONIC New Midas Face Lifting    Body shaper\" width=\"756\" height=\"425\" src=\"https:\/\/www.youtube.com\/embed\/HnJvzEPEv7w?feature=oembed\" frameborder=\"0\" allow=\"accelerometer; autoplay; encrypted-media; gyroscope; picture-in-picture\" allowfullscreen><\/iframe><\/p>\n<\/div>\n<div class=\"ce_text haupttext block\">\n<h3>Hangi cerrahisiz Boyungerme yasli hastalar icin y\u00f6ntemler vardir?<\/h3>\n<p>Bir Sarkma Boyun kasda varsa, \u00f6nemlidir, bu Kas h\u00fccreleri germesine.Bu arada HiFu (y\u00fcksek yogun odakli)ultrason teknik ile Doublo veya Ulthera, birlikte yardimiyla ultrason dalagalari ile hedeflenmis Kas y\u00fczeyinin TiZ (termal uyarilmis b\u00f6lge) yapilir. Sadece bir tedavi sonrasi, sadece 30 dakika s\u00fcren, Platysma lifler (Boyun Kaslar) tekrar iki Sene Tonusa getirlir.<\/p>\n<h3>Ameliyatsiz Boyun germesi ney ile kombinlenile bilinir?<\/h3>\n<p>Baska cilt genclestirme \u00f6nlemler kombinlelerle, mesela fraksyionel-Lazer tedavisiile, Silhouette Soft\u2122Iplik gerdirmesi, 3D Meso Iplik gerdirmesi, Plasma gerdirmesi kendi Trombosit Plasma PRP ile, herzaman m\u00fcmk\u00fcnd\u00fcr.<\/p>\n<h3>Ameliyatsiz Boyun germesi bir ameliyatli Boyun germesini degisebilir mi?<\/h3>\n<p>Nestersiz Boyun germesi bir yedek olarak bir Y\u00fcz germesi icin bakilmiyor:Cilt fazlalik coksa, bir Y\u00fcz germesi ameliyati yapilir. Ameliyatsiz Boyun germesi kiyaslanmayacak derecede daha az m\u00fcdahaleci, ameliyatli Y\u00fcz germesi olarak, ve cok iyi sonuclara neden oluyor.<\/p>\n<p>T\u00fcm Tedavi secenekleri sizin icin yapilmistir ve sizin isteklerinize g\u00f6re. Doktor Kirsten size severek zaman ayiriyor ve sizinle isteklerinizi ve sorunlarizi bir Mezoterapisi danismada konusacaktir.Isterseniz telefonla veya <a href=\"https:\/\/kirsten-derma.de\/Ulasim.html\">Onlinetermin<\/a> bizim Belinde olan muyaenemizde alabilirsiniz.<\/p>\n<\/div>\n<\/div>\n","protected":false},"excerpt":{"rendered":"<p>Ameliyatsiz Boyun germe Tanidik Kelimeler: Boyungermesi, Boyund\u00fczeltme, Nestersiz Boyun germesi, cerrahihisiz Boyun d\u00fczeltmesi. Genel Boyun ve El arkasi insanin yasini ele verir.Insanin v\u00fccut b\u00f6lgesine ait en zor b\u00f6lgedir, herzaman iyi sonuclar bir ameliyat tedavisine olan. Biz hepimiz \u00fcnl\u00fc Hollywood yildizlarin sirlarini taniyoruz, segircilerinin g\u00f6zler \u00f6n\u00fcnde boyunu ince bir atkiyla saklamasi. Bir Boyun d\u00fczeltmesinde temel fakt\u00f6rler Boyun d\u00fczeltmesinde yanlarina baglidir, burusuklari biraz d\u00fczeltir, Cilt dokusu ve Cilt kalitesi burada degismez. Bug\u00fcnlerde bir kac teknikler vardir ve terapi opsiyonlari, bu Boyun tedavisindeki [&hellip;]<\/p>\n","protected":false},"author":2,"featured_media":0,"parent":0,"menu_order":0,"comment_status":"closed","ping_status":"closed","template":"","meta":{"footnotes":""},"tags":[],"class_list":["post-147","page","type-page","status-publish","hentry"],"yoast_head":"<!-- This site is optimized with the Yoast SEO Premium plugin v22.5 (Yoast SEO v16.4) - https:\/\/yoast.com\/wordpress\/plugins\/seo\/ -->\n<title>Halsstraffung ohne OP bzw. nichtoperative Halsstraffung (mit Ultraschallwellen, Plasmalifting mit Plasma PRP) -Kirsten-derma<\/title>\n<meta name=\"description\" content=\"Herr Kirsten in Berlin ist Facharzt f\u00fcr Dermatologie, kompetenter Facharzt, Behandlungsqualit\u00e4t auf hohem Niveau, und informiert \u00fcber Sch\u00f6nheitsoperationen wie die Fettabsaugung, Fettabsaugen, Eigenfetttransplantation, Faltenbehandlung, Stammzellen, Plasmalifting, Facelifting ohne Skalpell, Fadenlifting und Faltenunterspritzung.\" \/>\n<meta name=\"robots\" content=\"index, follow, max-snippet:-1, max-image-preview:large, max-video-preview:-1\" \/>\n<link rel=\"canonical\" href=\"https:\/\/kirsten-derma.de\/nichtoperative_halsstraffung-ohne-op-berlin\/\" \/>\n<meta property=\"og:locale\" content=\"tr_TR\" \/>\n<meta property=\"og:type\" content=\"article\" \/>\n<meta property=\"og:title\" content=\"Halsstraffung ohne OP bzw. nichtoperative Halsstraffung (mit Ultraschallwellen, Plasmalifting mit Plasma PRP) -Kirsten-derma\" \/>\n<meta property=\"og:description\" content=\"Herr Kirsten in Berlin ist Facharzt f\u00fcr Dermatologie, kompetenter Facharzt, Behandlungsqualit\u00e4t auf hohem Niveau, und informiert \u00fcber Sch\u00f6nheitsoperationen wie die Fettabsaugung, Fettabsaugen, Eigenfetttransplantation, Faltenbehandlung, Stammzellen, Plasmalifting, Facelifting ohne Skalpell, Fadenlifting und Faltenunterspritzung.\" \/>\n<meta property=\"og:url\" content=\"https:\/\/kirsten-derma.de\/nichtoperative_halsstraffung-ohne-op-berlin\/\" \/>\n<meta property=\"og:site_name\" content=\"Praxis Juri Kirsten\" \/>\n<meta property=\"article:modified_time\" content=\"2019-06-26T11:52:01+00:00\" \/>\n<meta property=\"og:image\" content=\"https:\/\/kirsten-derma.de\/wp-content\/uploads\/2017\/02\/halsstraffung-1.jpg\" \/>\n<meta name=\"twitter:card\" content=\"summary\" \/>\n<meta name=\"twitter:label1\" content=\"Tahmini okuma s\u00fcresi\" \/>\n\t<meta name=\"twitter:data1\" content=\"2 dakika\" \/>\n<script type=\"application\/ld+json\" class=\"yoast-schema-graph\">{\"@context\":\"https:\/\/schema.org\",\"@graph\":[{\"@type\":\"WebSite\",\"@id\":\"https:\/\/kirsten-derma.de\/#website\",\"url\":\"https:\/\/kirsten-derma.de\/\",\"name\":\"Praxis Juri Kirsten\",\"description\":\"Facharzt f\\u00fcr Dermatologie und Allergologie Juri Kirsten Berlin\",\"potentialAction\":[{\"@type\":\"SearchAction\",\"target\":\"https:\/\/kirsten-derma.de\/?s={search_term_string}\",\"query-input\":\"required name=search_term_string\"}],\"inLanguage\":\"tr\"},{\"@type\":\"ImageObject\",\"@id\":\"https:\/\/kirsten-derma.de\/nichtoperative_halsstraffung-ohne-op-berlin\/#primaryimage\",\"inLanguage\":\"tr\",\"url\":\"https:\/\/kirsten-derma.de\/wp-content\/uploads\/2017\/02\/halsstraffung-1.jpg\",\"contentUrl\":\"https:\/\/kirsten-derma.de\/wp-content\/uploads\/2017\/02\/halsstraffung-1.jpg\",\"width\":\"724\",\"height\":\"350\",\"caption\":\"halsstraffung-berlin\"},{\"@type\":\"WebPage\",\"@id\":\"https:\/\/kirsten-derma.de\/nichtoperative_halsstraffung-ohne-op-berlin\/#webpage\",\"url\":\"https:\/\/kirsten-derma.de\/nichtoperative_halsstraffung-ohne-op-berlin\/\",\"name\":\"Halsstraffung ohne OP bzw. nichtoperative Halsstraffung (mit Ultraschallwellen, Plasmalifting mit Plasma PRP) -Kirsten-derma\",\"isPartOf\":{\"@id\":\"https:\/\/kirsten-derma.de\/#website\"},\"primaryImageOfPage\":{\"@id\":\"https:\/\/kirsten-derma.de\/nichtoperative_halsstraffung-ohne-op-berlin\/#primaryimage\"},\"datePublished\":\"2017-02-12T21:10:10+00:00\",\"dateModified\":\"2019-06-26T11:52:01+00:00\",\"description\":\"Herr Kirsten in Berlin ist Facharzt f\\u00fcr Dermatologie, kompetenter Facharzt, Behandlungsqualit\\u00e4t auf hohem Niveau, und informiert \\u00fcber Sch\\u00f6nheitsoperationen wie die Fettabsaugung, Fettabsaugen, Eigenfetttransplantation, Faltenbehandlung, Stammzellen, Plasmalifting, Facelifting ohne Skalpell, Fadenlifting und Faltenunterspritzung.\",\"breadcrumb\":{\"@id\":\"https:\/\/kirsten-derma.de\/nichtoperative_halsstraffung-ohne-op-berlin\/#breadcrumb\"},\"inLanguage\":\"tr\",\"potentialAction\":[{\"@type\":\"ReadAction\",\"target\":[\"https:\/\/kirsten-derma.de\/nichtoperative_halsstraffung-ohne-op-berlin\/\"]}]},{\"@type\":\"BreadcrumbList\",\"@id\":\"https:\/\/kirsten-derma.de\/nichtoperative_halsstraffung-ohne-op-berlin\/#breadcrumb\",\"itemListElement\":[{\"@type\":\"ListItem\",\"position\":1,\"item\":{\"@type\":\"WebPage\",\"@id\":\"https:\/\/kirsten-derma.de\/\",\"url\":\"https:\/\/kirsten-derma.de\/\",\"name\":\"Startseite\"}},{\"@type\":\"ListItem\",\"position\":2,\"item\":{\"@id\":\"https:\/\/kirsten-derma.de\/nichtoperative_halsstraffung-ohne-op-berlin\/#webpage\"}}]}]}<\/script>\n<!-- \/ Yoast SEO Premium plugin. -->","_links":{"self":[{"href":"https:\/\/kirsten-derma.de\/tr\/wp-json\/wp\/v2\/pages\/147","targetHints":{"allow":["GET"]}}],"collection":[{"href":"https:\/\/kirsten-derma.de\/tr\/wp-json\/wp\/v2\/pages"}],"about":[{"href":"https:\/\/kirsten-derma.de\/tr\/wp-json\/wp\/v2\/types\/page"}],"author":[{"embeddable":true,"href":"https:\/\/kirsten-derma.de\/tr\/wp-json\/wp\/v2\/users\/2"}],"replies":[{"embeddable":true,"href":"https:\/\/kirsten-derma.de\/tr\/wp-json\/wp\/v2\/comments?post=147"}],"version-history":[{"count":0,"href":"https:\/\/kirsten-derma.de\/tr\/wp-json\/wp\/v2\/pages\/147\/revisions"}],"wp:attachment":[{"href":"https:\/\/kirsten-derma.de\/tr\/wp-json\/wp\/v2\/media?parent=147"}],"wp:term":[{"taxonomy":"post_tag","embeddable":true,"href":"https:\/\/kirsten-derma.de\/tr\/wp-json\/wp\/v2\/tags?post=147"}],"curies":[{"name":"wp","href":"https:\/\/api.w.org\/{rel}","templated":true}]}}