{"id":149,"date":"2017-02-12T22:11:02","date_gmt":"2017-02-12T21:11:02","guid":{"rendered":"http:\/\/kd.myderma.de\/?page_id=149"},"modified":"2019-09-03T11:14:44","modified_gmt":"2019-09-03T09:14:44","slug":"doppelkinn-entfernenhaengebaeckchen-entfernen","status":"publish","type":"page","link":"https:\/\/kirsten-derma.de\/tr\/tombul-yanaklardan-ve-gidiktan-nasil-kurtulmak-berlin\/","title":{"rendered":"Gidik yok etme\/Tombul Yanaklar yok etme"},"content":{"rendered":"<div id=\"bild\" class=\"mod_article bild block\">\n<div class=\"ce_text haupttext block\">\n<h1 class=\"heading\">Gidik yok etme\/Tombul Yanaklar yok etme<\/h1>\n<p><img wpfc-lazyload-disable=\"true\" loading=\"lazy\" decoding=\"async\" width=\"724\" height=\"350\" class=\"alignnone size-full wp-image-1938\" src=\"https:\/\/kirsten-derma.de\/wp-content\/uploads\/2017\/02\/doppelkinn-1.jpg\" alt=\"doppelkinn-entfernen-berlin\" srcset=\"https:\/\/kirsten-derma.de\/wp-content\/uploads\/2017\/02\/doppelkinn-1.jpg 724w, https:\/\/kirsten-derma.de\/wp-content\/uploads\/2017\/02\/doppelkinn-1-300x145.jpg 300w\" sizes=\"auto, (max-width: 724px) 100vw, 724px\" \/><\/p>\n<h2>Genel<\/h2>\n<p>Gidigin nedenleri degisebilir: Bazen genetiktir nedenleri, digerlerinde Kilo alinmasi.<\/p>\n<p>Dogru terapi y\u00f6ntem secenegin bu soru \u00f6nemlidir, Ciltde sarkma var mi veya yok mu.Genc olan Hastalarda fazla olan Yag birikimleri gidigin neden olur, cilt ama genc ve esnek kalir.<\/p>\n<h3>Gidik genc Hastalarda nasil tedavi edilir?<\/h3>\n<p>Genc olan Hastalarda fazla olan Yag birikimlerin alinmasi yeterlidir bir yag aldirma yardimiyla. Bu Yag aldirma Gidikta Bey Doktor Kirsten \u00f6zel yapilmis kan\u00fcller kullanilir, izin veriyor ki, Boyun b\u00f6gedeki cildi c\u00f6zmeye. Bu zarif operasyonel teknolojisi sayesinde yeni der doku kendisi tarafindan cilde yapisir. Gidigin ameliyat alinma sonrasindan, poliklinik bizim muyanede Berlinde olan lokal anestezi altinda yapilan, bir hafta boyunca desteklemek icin bir boyun maske takilmali.<\/p>\n<p>\u00dcstelik yag h\u00fccreleri Platysma altinda (Boyun Kas) saklanan, Cene altinda k\u00fcc\u00fck bir kesme ile alinmali.<\/p>\n<h3>Gidik yasli olan Hastalarda nasil tedavi edilir?<\/h3>\n<p>Yasli insanlarda sik sik bir yag g\u00fcclendirme eslik eden Cilt sarkmasi. Bu durumda ek olarak yag aldirma Boyundaki cildin germesi yapilmali. Yaralar kulagin \u00f6n ve arka koyulur. Boyundaki Cilt germesiyle ayni zamanda ciltde bir germe Y\u00fcz\u00fcn alt b\u00f6lgesinde yapilir (Tombul Yanaklar). Yag aldirma Tombul yanaklarin ve Cene d\u00fczeltmesinde de cok yararlidir.<\/p>\n<h3>Cerrahi olamayan y\u00f6ntemler Y\u00fczcevresi d\u00fczeltmesi icin varmidir?<\/h3>\n<p>Bizim uygulama muyanede size bir sira yeni cihazlardan sunuyoruz, alt cene cizgisi tekrar kurmak icin, Y\u00fczcevreyi d\u00fczelten ve Yag birikimleri yani sira Ciltsarkmasi Cene b\u00f6lgesinde tedavi ede bilmek. Bir Mikro igneleme Radyo dalgali altin kaplamali igne yardimiyla, lokal anestezi altinda derin cilt h\u00fccrelerinde ve cildin altinda yapilan, k\u00fcc\u00fck yag depolari eritir ve cilt tekrar gerdirirlir.<\/p>\n<p><img wpfc-lazyload-disable=\"true\" loading=\"lazy\" decoding=\"async\" title=\"Secret ameliyatsiz Yagkaldirma\" src=\"https:\/\/kirsten-derma.de\/tl_files\/tiny_templates\/kirsten-derma\/Doppelkinn%20entfernen\/Secret%20nichtoperative%20Fettentfernung.jpg\" alt=\"Secret ameliyatsiz Yagkaldirma\" width=\"180\" height=\"308\" \/><\/p>\n<p>Daha iyi bir sivilastirilmis yag cikisi icin monopolar radyo dalgasi ardindan cihazi kullanilir.Iki ile \u00dcc Seans sonra Y\u00fczcrevresi tekrar kazanilir ve Tombul yanaklar kaldirilir.<\/p>\n<h3>Cene gidigi Yag-alma-siringi yardimi ile tedavi edilebilinir mi?<\/h3>\n<p>Bir Yag-aldirma-siringa veya Lipoliz k\u00fcc\u00fck olan yag depolari Cilt sarkma olmayan icin kullanilir.Ince olan kan\u00fcl ile Phosphatidylcholin ve Desoxychol asiti cene gidikdaki Yag dokusuna yapilir. H\u00fccre zarlari b\u00f6ylece dagilir ve Yag dokularinin yag h\u00fccreleri serbest birakilir. Yag h\u00fccre ceviremez dagilir. Ardindan cikis icin serbest birakilan yag icin bakilmali, aksi taktirde Yag asitleri hayatta kalan Yag h\u00fccrelerin hemen devam kabul edilir.Bunun icin bizde \u00f6zel monopolar radyo dalgali cihazimiz vardir. Bu Yag-aldirma-siringa iki ile d\u00f6rt hafta mesafe aralikla yapilir. Bir kisa s\u00fcren Sisilik ve kizarma bu s\u00fcreci birlikte tasir.<\/p>\n<p>T\u00fcm Tedavi secenekleri sizin icin yapilmistir ve sizin isteklerinize g\u00f6re. Doktor Kirsten size severek zaman ayiriyor ve sizinle isteklerinizi ve sorunlarizi bir Mezoterapisi danismada konusacaktir.Isterseniz telefonla veya <a href=\"https:\/\/kirsten-derma.de\/Ulasim.html\">Onlinetermin<\/a> bizim Belinde olan muyaenemizde alabilirsiniz.<\/p>\n<\/div>\n<\/div>\n","protected":false},"excerpt":{"rendered":"<p>Gidik yok etme\/Tombul Yanaklar yok etme Genel Gidigin nedenleri degisebilir: Bazen genetiktir nedenleri, digerlerinde Kilo alinmasi. Dogru terapi y\u00f6ntem secenegin bu soru \u00f6nemlidir, Ciltde sarkma var mi veya yok mu.Genc olan Hastalarda fazla olan Yag birikimleri gidigin neden olur, cilt ama genc ve esnek kalir. Gidik genc Hastalarda nasil tedavi edilir? Genc olan Hastalarda fazla olan Yag birikimlerin alinmasi yeterlidir bir yag aldirma yardimiyla. Bu Yag aldirma Gidikta Bey Doktor Kirsten \u00f6zel yapilmis kan\u00fcller kullanilir, izin veriyor ki, Boyun b\u00f6gedeki [&hellip;]<\/p>\n","protected":false},"author":2,"featured_media":0,"parent":0,"menu_order":0,"comment_status":"closed","ping_status":"closed","template":"","meta":{"footnotes":""},"tags":[],"class_list":["post-149","page","type-page","status-publish","hentry"],"yoast_head":"<!-- This site is optimized with the Yoast SEO Premium plugin v22.5 (Yoast SEO v16.4) - https:\/\/yoast.com\/wordpress\/plugins\/seo\/ -->\n<title>Doppelkinn entfernen Berlin. Verschiedene Behandlungsm\u00f6glichkeiten.<\/title>\n<meta name=\"description\" content=\"Doppelkinn entfernen Berlin. Verschiedene Behandlungsm\u00f6glichkeiten wie Microneedling, Radiofrequenzbehandlung, Fett-weg Spritze, Lipolyse. T. 03023621292\" \/>\n<meta name=\"robots\" content=\"index, follow, max-snippet:-1, max-image-preview:large, max-video-preview:-1\" \/>\n<link rel=\"canonical\" href=\"https:\/\/kirsten-derma.de\/doppelkinn-haengebaeckhen-entfernen-berlin\/\" \/>\n<meta property=\"og:locale\" content=\"tr_TR\" \/>\n<meta property=\"og:type\" content=\"article\" \/>\n<meta property=\"og:title\" content=\"Doppelkinn entfernen Berlin. Verschiedene Behandlungsm\u00f6glichkeiten.\" \/>\n<meta property=\"og:description\" content=\"Doppelkinn entfernen Berlin. Verschiedene Behandlungsm\u00f6glichkeiten wie Microneedling, Radiofrequenzbehandlung, Fett-weg Spritze, Lipolyse. T. 03023621292\" \/>\n<meta property=\"og:url\" content=\"https:\/\/kirsten-derma.de\/doppelkinn-haengebaeckhen-entfernen-berlin\/\" \/>\n<meta property=\"og:site_name\" content=\"Praxis Juri Kirsten\" \/>\n<meta property=\"article:modified_time\" content=\"2019-09-03T09:14:44+00:00\" \/>\n<meta property=\"og:image\" content=\"https:\/\/kirsten-derma.de\/wp-content\/uploads\/2019\/09\/Doppelkinn-entfernen-Berlin.jpg\" \/>\n<meta name=\"twitter:card\" content=\"summary\" \/>\n<meta name=\"twitter:label1\" content=\"Tahmini okuma s\u00fcresi\" \/>\n\t<meta name=\"twitter:data1\" content=\"2 dakika\" \/>\n<script type=\"application\/ld+json\" class=\"yoast-schema-graph\">{\"@context\":\"https:\/\/schema.org\",\"@graph\":[{\"@type\":\"WebSite\",\"@id\":\"https:\/\/kirsten-derma.de\/#website\",\"url\":\"https:\/\/kirsten-derma.de\/\",\"name\":\"Praxis Juri Kirsten\",\"description\":\"Facharzt f\\u00fcr Dermatologie und Allergologie Juri Kirsten Berlin\",\"potentialAction\":[{\"@type\":\"SearchAction\",\"target\":\"https:\/\/kirsten-derma.de\/?s={search_term_string}\",\"query-input\":\"required name=search_term_string\"}],\"inLanguage\":\"tr\"},{\"@type\":\"ImageObject\",\"@id\":\"https:\/\/kirsten-derma.de\/doppelkinn-haengebaeckhen-entfernen-berlin\/#primaryimage\",\"inLanguage\":\"tr\",\"url\":\"https:\/\/kirsten-derma.de\/wp-content\/uploads\/2017\/02\/doppelkinn-1.jpg\",\"contentUrl\":\"https:\/\/kirsten-derma.de\/wp-content\/uploads\/2017\/02\/doppelkinn-1.jpg\",\"width\":\"724\",\"height\":\"350\",\"caption\":\"doppelkinn-entfernen-berlin\"},{\"@type\":\"WebPage\",\"@id\":\"https:\/\/kirsten-derma.de\/doppelkinn-haengebaeckhen-entfernen-berlin\/#webpage\",\"url\":\"https:\/\/kirsten-derma.de\/doppelkinn-haengebaeckhen-entfernen-berlin\/\",\"name\":\"Doppelkinn entfernen Berlin. Verschiedene Behandlungsm\\u00f6glichkeiten.\",\"isPartOf\":{\"@id\":\"https:\/\/kirsten-derma.de\/#website\"},\"primaryImageOfPage\":{\"@id\":\"https:\/\/kirsten-derma.de\/doppelkinn-haengebaeckhen-entfernen-berlin\/#primaryimage\"},\"datePublished\":\"2017-02-12T21:11:02+00:00\",\"dateModified\":\"2019-09-03T09:14:44+00:00\",\"description\":\"Doppelkinn entfernen Berlin. Verschiedene Behandlungsm\\u00f6glichkeiten wie Microneedling, Radiofrequenzbehandlung, Fett-weg Spritze, Lipolyse. T. 03023621292\",\"breadcrumb\":{\"@id\":\"https:\/\/kirsten-derma.de\/doppelkinn-haengebaeckhen-entfernen-berlin\/#breadcrumb\"},\"inLanguage\":\"tr\",\"potentialAction\":[{\"@type\":\"ReadAction\",\"target\":[\"https:\/\/kirsten-derma.de\/doppelkinn-haengebaeckhen-entfernen-berlin\/\"]}]},{\"@type\":\"BreadcrumbList\",\"@id\":\"https:\/\/kirsten-derma.de\/doppelkinn-haengebaeckhen-entfernen-berlin\/#breadcrumb\",\"itemListElement\":[{\"@type\":\"ListItem\",\"position\":1,\"item\":{\"@type\":\"WebPage\",\"@id\":\"https:\/\/kirsten-derma.de\/\",\"url\":\"https:\/\/kirsten-derma.de\/\",\"name\":\"Startseite\"}},{\"@type\":\"ListItem\",\"position\":2,\"item\":{\"@id\":\"https:\/\/kirsten-derma.de\/doppelkinn-haengebaeckhen-entfernen-berlin\/#webpage\"}}]}]}<\/script>\n<!-- \/ Yoast SEO Premium plugin. -->","_links":{"self":[{"href":"https:\/\/kirsten-derma.de\/tr\/wp-json\/wp\/v2\/pages\/149","targetHints":{"allow":["GET"]}}],"collection":[{"href":"https:\/\/kirsten-derma.de\/tr\/wp-json\/wp\/v2\/pages"}],"about":[{"href":"https:\/\/kirsten-derma.de\/tr\/wp-json\/wp\/v2\/types\/page"}],"author":[{"embeddable":true,"href":"https:\/\/kirsten-derma.de\/tr\/wp-json\/wp\/v2\/users\/2"}],"replies":[{"embeddable":true,"href":"https:\/\/kirsten-derma.de\/tr\/wp-json\/wp\/v2\/comments?post=149"}],"version-history":[{"count":0,"href":"https:\/\/kirsten-derma.de\/tr\/wp-json\/wp\/v2\/pages\/149\/revisions"}],"wp:attachment":[{"href":"https:\/\/kirsten-derma.de\/tr\/wp-json\/wp\/v2\/media?parent=149"}],"wp:term":[{"taxonomy":"post_tag","embeddable":true,"href":"https:\/\/kirsten-derma.de\/tr\/wp-json\/wp\/v2\/tags?post=149"}],"curies":[{"name":"wp","href":"https:\/\/api.w.org\/{rel}","templated":true}]}}