{"id":153,"date":"2017-02-12T22:12:52","date_gmt":"2017-02-12T21:12:52","guid":{"rendered":"http:\/\/kd.myderma.de\/?page_id=153"},"modified":"2019-09-03T16:05:20","modified_gmt":"2019-09-03T14:05:20","slug":"verjuengung-des-dekolletes","status":"publish","type":"page","link":"https:\/\/kirsten-derma.de\/tr\/gergin-dekolte-tedavisi-berlin\/","title":{"rendered":"Dekoltenin Genclestirmesi"},"content":{"rendered":"<div id=\"bild\" class=\"mod_article bild block\">\n<div id=\"bild\" class=\"mod_article bild block\">\n<div class=\"ce_text haupttext block\">\n<h1 class=\"heading\">Dekoltenin Genclestirmesi<\/h1>\n<p><img wpfc-lazyload-disable=\"true\" loading=\"lazy\" decoding=\"async\" width=\"724\" height=\"350\" class=\"alignnone size-full wp-image-1945\" src=\"https:\/\/kirsten-derma.de\/wp-content\/uploads\/2017\/02\/decollete-straffung-berlin.jpg\" alt=\"decollete-straffung-berlin\" srcset=\"https:\/\/kirsten-derma.de\/wp-content\/uploads\/2017\/02\/decollete-straffung-berlin.jpg 724w, https:\/\/kirsten-derma.de\/wp-content\/uploads\/2017\/02\/decollete-straffung-berlin-300x145.jpg 300w\" sizes=\"auto, (max-width: 724px) 100vw, 724px\" \/><\/p>\n<p>Dekoltenin Gerdirmesi, Dekoltenin Gerdirme ve D\u00fczeltme, Dekoltenin burusmazi, Dekoltenin Ciltgenclestirmesi, Dekoltenin burusmamasi, Dekoltenin kirisikliklari.<\/p>\n<h2>Genel<\/h2>\n<p>Bir d\u00fcz ve Gergin Dekolte herzaman t\u00fcm bakislari ceker. Kirisiksiz ve oldukca yaslanmis g\u00f6r\u00fcnen cilt Boyun ve Bogaz-ve Dekolte-B\u00f6lgede odaklanmis yardimiyla ultrasonterapisi ile veya\/ve kombinasyon s\u00fcreci fazla olan Tedavisecenekleri canlanmis (canlandirildi)ve genclesme (genclesir) olusmak. Genel Ciltyaslanmag\u00f6r\u00fcn\u00fcmlerde soluk gibi, ince ve kuru Cilt ince Cizgi burusmalarda ve Kirisiklilar olusumu bir Tedavi y\u00fcksek frekansli Ultrason bir acikca taze, genc ve daha genc g\u00f6r\u00fcn\u00fcme olusur.<\/p>\n<h3>Nasil anliyorum, bir Dekolte-Kirisik-Tedavisi yapilmasi gerektigini?<\/h3>\n<p>Kirisiklik cizgiler G\u00f6g\u00fcslerin arasinda belirginesmeye baslarsa, En cok sabah uykudan sonra g\u00f6steren el b\u00f6lgede sikistirmakdan v\u00fccutda cikan, zamani gelmistir, bizim uygulama muyanede Berline gelmeye.<\/p>\n<h3>Dekolte Kirisikliklarin nedeni nedir?<\/h3>\n<p>Kirisikli Dekolte yasam tarzini yansitir iliskilendirilmesi Ciltkalitesini g\u00f6sterir.Azalan Altkatyagdokusu ve ciltde azaltilmis elastikiyet Dekoltenin Kirisiklik nedenleridir.Senelerinin G\u00fcneslenmesi ve g\u00fczel olmayan kat boyunca g\u00f6g\u00fcslerin \u00fcst\u00fcnde.Degisik olan g\u00f6g\u00fcslerdeki Cilt cizgisi ayakta ve uzanirken ayni zamanda Kirisiklarina neden olur.<\/p>\n<h3>Hangi Rutintedavileri vardir?<\/h3>\n<p>Genis b\u00f6lgelikli Alt enjeksiyonla Dekolte Hyaluronik asiti ile stabilize Mesoterapiy\u00f6ntemi yardimiyla ciltde hem depolama bir zaman icin uzatilabilir.Uyusturmadan sonra anestezik Krem ile Hyaluronik asit bir \u00f6zel Kan\u00fclle Dekolte-B\u00f6lgede enjekte edilir.Bu Etki Boyunda bir d\u00fcz ve dolgun yapar.Ama bu terapiler Y\u00f6ntemler degil nedensel ve yasli Ciltdokularini tedavi edilmez.Hangi Tedaviy\u00f6ntemleri Cilt yaslanmasi Dekolte_B\u00f6lgede giderir?Doublo\u00ae-Gerdirmesi, bir yeni Germe HiFu Ultrason (y\u00fcksek yogunluklu odaklanmis Ultrason)Dekoltenin Kirisikliklari ve G\u00f6g\u00fcsb\u00f6lgede bir seansla tamamen efektif tedavi edilir.Tedaviden sonra Doublo\u00ae ile Dekoltenin genclesmesi icin ve cizgilerin azalmasi icin.<\/p>\n<h3>HiFu Ultrason Doublo\u00ae ile nasil tedavi edilir?<\/h3>\n<p>Tedaviden \u00f6nce Cilt g\u00fczelce temizlenilir, sonra bir Ultrason jel s\u00fcr\u00fcl\u00fcr.Ardindan Bey Doktor Kirsten nir Ultrasonkafa sorunlu b\u00f6lgede kullanir, Monitorda bir resim g\u00f6sterir sonra.<\/p>\n<p><img wpfc-lazyload-disable=\"true\" loading=\"lazy\" decoding=\"async\" title=\"Dekoltenin Doublo M7 ie uygulama muyanesinde Doktor Kirsten \" src=\"https:\/\/kirsten-derma.de\/tl_files\/tiny_templates\/kirsten-derma\/Decollete%20verjuengung\/Dekollte%20Doublo%20mit%20M7%20Praxisklinik%20Dr%20Kirsten.jpg\" alt=\"Dekoltenin Doublo M7 ie uygulama muyanesinde Doktor Kirsten \" width=\"350\" height=\"290\" \/><\/p>\n<p>B\u00f6ylece Toplanmis Ultrasondalgalar tam sarkmis olan Dokuda verilir ve Cilt derisine girer, kollajen olusturma s\u00fcreci burada, Neocollagenesis burada denilir, uyarmak.Ortaya cikan Isigelisme bir s\u00fcrec icin, hafif Baski hissi veya Yanma yapabilir, aslinda g\u00f6sterir, Dogru b\u00f6lgede Ciltkatlarinda yasandigi.<\/p>\n<h3>Nekadar hizli Sonuclari g\u00f6rebilirim?<\/h3>\n<p>Bu Sonuc yaklasik 2 ile 4 Ay Tedaviden sonra g\u00f6r\u00fcn\u00fcr.Bukadar zaman ciltimize gerekir, yeni kollajenlifleri yeniden \u00fcretmek ve eskilerini yenilemeye.Dekoltenin cildi teker teker gerilir, g\u00fczel olmayan katboyunca G\u00f6g\u00fcslerde ameliyatsiz azalir.<\/p>\n<h3>Hangi baska y\u00f6ntemlerle HiFi Ultrason-Germe Doublo\u00aeile kombinlenile bilinir?<\/h3>\n<p>Bu genclesme s\u00fcresini daha efektif desteklemek icin, bu y\u00f6ntem fraksiyonel Lazer, Iplikgermesi, Plasmagermesi PRP, Radyofrekans-MikroIgneleme, Botox\u00ae, Peelings, Hyaluronik asiti, Mesoterapi ve Alt enjeksiyon kendi yag Yag h\u00fccre ile kombinlenile bilinir.<\/p>\n<h3>Bir HiFu Doublo\u00aeUltrason Germesi ile Yagh\u00fccreler Tedavi ile kombinlenile bilinir mi?<\/h3>\n<p>Yeniliyici \u00d6zellikleri k\u00f6k h\u00fccreleri kendi Yag ile, bizim uygulama muyanede Berlinde Doublo Lipo germesi ile ve Cilt genclesmei K\u00f6k h\u00fccreyle beraber kullanilir, Dekoltenin genclesmesi icin de yapilir.Yaslanmaya bagli G\u00f6r\u00fcn\u00fcsler Dekolte-B\u00f6lgede enjeksiyonlarla k\u00f6kh\u00fccreyle zenginlestirilmis kendi yag mesela bir karisim k\u00f6k h\u00fccreler kendi PRP Plasma azaltilir.Ciltde Kalici gelisme sonrasi icin Dekolte-B\u00f6lge ayni zamanda cilt hacim altinda artisindan, diger taraftan k\u00f6k h\u00fccreler tetiklenen Genclesmes\u00fcrecinden Derinh\u00fccrelerde.<\/p>\n<h3>Ultrason-Germe HiFu Doublo\u00aeile Etkisi nekadar kalicidir?<\/h3>\n<p>Germeetkisi genelde 1,5 ile 2 Yil kalicidir.Bu Yaslanmas\u00fcreci tekrarlanabilinir gerekirse.<\/p>\n<h3>Bir Dekolte-Kirisik-Tedavisi HiFu Ultrason-Germe Doublo\u00aeile fiyati nekadardir?<\/h3>\n<p>Bu Dekolte Terapisi yaklasik 30 ile 40 Dakkika s\u00fcrer.Bu Fiyatlar bir \u00fccretsiz danismada Bey Doktor Kirsten ile bizim uygulama muyanede Berlin konuslur.Ayni zamanda Boyun HiFu Ultrason Doublo\u00aetedavi edilirse, tedavi fiyati iki katina cikabilir.Bir uzun kalici etkisi elde etmek icin bir tekrarlanma 2 yil sonra tavsiye ederiz.<\/p>\n<p>Bir randevuz veya Termin ilk danisma icin bizim uygulama muyanede Juri Kirsten Berlinde aliniz.T\u00fcm Tedavi secenekleri sizin icin yapilmistir ve sizin isteklerinize g\u00f6re.Doktor Kirsten size severek zaman ayiriyor ve sizinle isteklerinizi ve sorunlarizi bir ter bez alinma danismada konusacaktir.Isterseniz telefonla veya <a href=\"https:\/\/kirsten-derma.de\/Ulasim.html\">Onlinetermin<\/a> bizim Belinde olan muyaenemizde alabilirsiniz.<\/p>\n<p>Daha fazla bu hafif Tedavi G\u00f6g\u00fcs ve Dekolte Plasmagermesi ile \u00f6grenmek icin burada.<\/p>\n<\/div>\n<\/div>\n<\/div>\n<div id=\"verjuengung_des_dekolletes\" class=\"mod_article block\"><\/div>\n","protected":false},"excerpt":{"rendered":"<p>Dekoltenin Genclestirmesi Dekoltenin Gerdirmesi, Dekoltenin Gerdirme ve D\u00fczeltme, Dekoltenin burusmazi, Dekoltenin Ciltgenclestirmesi, Dekoltenin burusmamasi, Dekoltenin kirisikliklari. Genel Bir d\u00fcz ve Gergin Dekolte herzaman t\u00fcm bakislari ceker. Kirisiksiz ve oldukca yaslanmis g\u00f6r\u00fcnen cilt Boyun ve Bogaz-ve Dekolte-B\u00f6lgede odaklanmis yardimiyla ultrasonterapisi ile veya\/ve kombinasyon s\u00fcreci fazla olan Tedavisecenekleri canlanmis (canlandirildi)ve genclesme (genclesir) olusmak. Genel Ciltyaslanmag\u00f6r\u00fcn\u00fcmlerde soluk gibi, ince ve kuru Cilt ince Cizgi burusmalarda ve Kirisiklilar olusumu bir Tedavi y\u00fcksek frekansli Ultrason bir acikca taze, genc ve daha genc g\u00f6r\u00fcn\u00fcme olusur. Nasil [&hellip;]<\/p>\n","protected":false},"author":2,"featured_media":0,"parent":0,"menu_order":0,"comment_status":"closed","ping_status":"closed","template":"","meta":{"footnotes":""},"tags":[],"class_list":["post-153","page","type-page","status-publish","hentry"],"yoast_head":"<!-- This site is optimized with the Yoast SEO Premium plugin v22.5 (Yoast SEO v16.4) - https:\/\/yoast.com\/wordpress\/plugins\/seo\/ -->\n<title>Verj\u00fcngung des Dekollet\u00e9s Berlin - Straffungdes Dekollet\u00e9s Berlin<\/title>\n<meta name=\"description\" content=\"Verj\u00fcngung des Dekollet\u00e9s Berlin - Straffungdes Dekollet\u00e9s Berlin. Verschiedene Technologien wie Hifu oder Microneedling. Telefon 03023621292\" \/>\n<meta name=\"robots\" content=\"index, follow, max-snippet:-1, max-image-preview:large, max-video-preview:-1\" \/>\n<link rel=\"canonical\" href=\"https:\/\/kirsten-derma.de\/verjuengung-lifting-decollete-berlin\/\" \/>\n<meta property=\"og:locale\" content=\"tr_TR\" \/>\n<meta property=\"og:type\" content=\"article\" \/>\n<meta property=\"og:title\" content=\"Verj\u00fcngung des Dekollet\u00e9s Berlin - Straffungdes Dekollet\u00e9s Berlin\" \/>\n<meta property=\"og:description\" content=\"Verj\u00fcngung des Dekollet\u00e9s Berlin - Straffungdes Dekollet\u00e9s Berlin. Verschiedene Technologien wie Hifu oder Microneedling. Telefon 03023621292\" \/>\n<meta property=\"og:url\" content=\"https:\/\/kirsten-derma.de\/verjuengung-lifting-decollete-berlin\/\" \/>\n<meta property=\"og:site_name\" content=\"Praxis Juri Kirsten\" \/>\n<meta property=\"article:modified_time\" content=\"2019-09-03T14:05:20+00:00\" \/>\n<meta property=\"og:image\" content=\"https:\/\/kirsten-derma.de\/wp-content\/uploads\/2019\/09\/decollete-straffung-berlin.jpg\" \/>\n<meta name=\"twitter:card\" content=\"summary\" \/>\n<meta name=\"twitter:label1\" content=\"Tahmini okuma s\u00fcresi\" \/>\n\t<meta name=\"twitter:data1\" content=\"3 dakika\" \/>\n<script type=\"application\/ld+json\" class=\"yoast-schema-graph\">{\"@context\":\"https:\/\/schema.org\",\"@graph\":[{\"@type\":\"WebSite\",\"@id\":\"https:\/\/kirsten-derma.de\/#website\",\"url\":\"https:\/\/kirsten-derma.de\/\",\"name\":\"Praxis Juri Kirsten\",\"description\":\"Facharzt f\\u00fcr Dermatologie und Allergologie Juri Kirsten Berlin\",\"potentialAction\":[{\"@type\":\"SearchAction\",\"target\":\"https:\/\/kirsten-derma.de\/?s={search_term_string}\",\"query-input\":\"required name=search_term_string\"}],\"inLanguage\":\"tr\"},{\"@type\":\"ImageObject\",\"@id\":\"https:\/\/kirsten-derma.de\/verjuengung-lifting-decollete-berlin\/#primaryimage\",\"inLanguage\":\"tr\",\"url\":\"https:\/\/kirsten-derma.de\/wp-content\/uploads\/2017\/02\/decollete-straffung-berlin.jpg\",\"contentUrl\":\"https:\/\/kirsten-derma.de\/wp-content\/uploads\/2017\/02\/decollete-straffung-berlin.jpg\",\"width\":\"724\",\"height\":\"350\",\"caption\":\"decollete-straffung-berlin\"},{\"@type\":\"WebPage\",\"@id\":\"https:\/\/kirsten-derma.de\/verjuengung-lifting-decollete-berlin\/#webpage\",\"url\":\"https:\/\/kirsten-derma.de\/verjuengung-lifting-decollete-berlin\/\",\"name\":\"Verj\\u00fcngung des Dekollet\\u00e9s Berlin - Straffungdes Dekollet\\u00e9s Berlin\",\"isPartOf\":{\"@id\":\"https:\/\/kirsten-derma.de\/#website\"},\"primaryImageOfPage\":{\"@id\":\"https:\/\/kirsten-derma.de\/verjuengung-lifting-decollete-berlin\/#primaryimage\"},\"datePublished\":\"2017-02-12T21:12:52+00:00\",\"dateModified\":\"2019-09-03T14:05:20+00:00\",\"description\":\"Verj\\u00fcngung des Dekollet\\u00e9s Berlin - Straffungdes Dekollet\\u00e9s Berlin. Verschiedene Technologien wie Hifu oder Microneedling. Telefon 03023621292\",\"breadcrumb\":{\"@id\":\"https:\/\/kirsten-derma.de\/verjuengung-lifting-decollete-berlin\/#breadcrumb\"},\"inLanguage\":\"tr\",\"potentialAction\":[{\"@type\":\"ReadAction\",\"target\":[\"https:\/\/kirsten-derma.de\/verjuengung-lifting-decollete-berlin\/\"]}]},{\"@type\":\"BreadcrumbList\",\"@id\":\"https:\/\/kirsten-derma.de\/verjuengung-lifting-decollete-berlin\/#breadcrumb\",\"itemListElement\":[{\"@type\":\"ListItem\",\"position\":1,\"item\":{\"@type\":\"WebPage\",\"@id\":\"https:\/\/kirsten-derma.de\/\",\"url\":\"https:\/\/kirsten-derma.de\/\",\"name\":\"Startseite\"}},{\"@type\":\"ListItem\",\"position\":2,\"item\":{\"@id\":\"https:\/\/kirsten-derma.de\/verjuengung-lifting-decollete-berlin\/#webpage\"}}]}]}<\/script>\n<!-- \/ Yoast SEO Premium plugin. -->","_links":{"self":[{"href":"https:\/\/kirsten-derma.de\/tr\/wp-json\/wp\/v2\/pages\/153","targetHints":{"allow":["GET"]}}],"collection":[{"href":"https:\/\/kirsten-derma.de\/tr\/wp-json\/wp\/v2\/pages"}],"about":[{"href":"https:\/\/kirsten-derma.de\/tr\/wp-json\/wp\/v2\/types\/page"}],"author":[{"embeddable":true,"href":"https:\/\/kirsten-derma.de\/tr\/wp-json\/wp\/v2\/users\/2"}],"replies":[{"embeddable":true,"href":"https:\/\/kirsten-derma.de\/tr\/wp-json\/wp\/v2\/comments?post=153"}],"version-history":[{"count":0,"href":"https:\/\/kirsten-derma.de\/tr\/wp-json\/wp\/v2\/pages\/153\/revisions"}],"wp:attachment":[{"href":"https:\/\/kirsten-derma.de\/tr\/wp-json\/wp\/v2\/media?parent=153"}],"wp:term":[{"taxonomy":"post_tag","embeddable":true,"href":"https:\/\/kirsten-derma.de\/tr\/wp-json\/wp\/v2\/tags?post=153"}],"curies":[{"name":"wp","href":"https:\/\/api.w.org\/{rel}","templated":true}]}}