{"id":163,"date":"2017-02-12T22:16:18","date_gmt":"2017-02-12T21:16:18","guid":{"rendered":"http:\/\/kd.myderma.de\/?page_id=163"},"modified":"2019-09-02T17:20:22","modified_gmt":"2019-09-02T15:20:22","slug":"handverjuengung","status":"publish","type":"page","link":"https:\/\/kirsten-derma.de\/tr\/el-genclestirme-berlin\/","title":{"rendered":"El genclestirme"},"content":{"rendered":"<h1 class=\"heading\">El genclestirme<\/h1>\n<p><img wpfc-lazyload-disable=\"true\" loading=\"lazy\" decoding=\"async\" width=\"724\" height=\"350\" class=\"alignnone size-full wp-image-1947\" src=\"https:\/\/kirsten-derma.de\/wp-content\/uploads\/2017\/02\/handverjungung-1.jpg\" alt=\"handverjungung-berlin\" srcset=\"https:\/\/kirsten-derma.de\/wp-content\/uploads\/2017\/02\/handverjungung-1.jpg 724w, https:\/\/kirsten-derma.de\/wp-content\/uploads\/2017\/02\/handverjungung-1-300x145.jpg 300w\" sizes=\"auto, (max-width: 724px) 100vw, 724px\" \/><\/p>\n<h1><\/h1>\n<p>Tanidik Kelimeler:El arkasindaki hacimi tekrar kazandirmak, El arka genclestirme, El arkasinda Peeling, el arkanin enjeksiyon arasina, el arkanin d\u00fczeltmesi.<\/p>\n<h2>Genel<\/h2>\n<p>Ellerimiz bizim kartvizitimizdir ve sahibi Hakkinda cok sey s\u00f6yleyebilir ve ne yazik ki yasimiz ile ilgili cok sey aciga verir!\u00d6zellikle cok ince olan ve sportik Insanlarda eller daha hizli yaslanir.Ellermizdeki cildimiz cok incedir ve neredeyse hic alt d\u00f6semesi yoktur.Cesitli dis etkiler y\u00fcz\u00fcnden mesela Sigara t\u00fcketmek, cok g\u00fcnes maruziyeti veya cok Solarium ziyaretleri El kemiklerimiz ve damarlar ve oldukca seffaf olmaya baslar.Pigment cilt deri Alanlar bu cilt g\u00f6r\u00fcn\u00fcme katkida bulunuyor.Ne yazik ki estetik Tedavileride ellerimiz hep arkada kaliyor.Bizim uygulama muyanede Doktor Kirsten Berlinde size cesitli y\u00f6ntemler el genclestirme tedavisine sunuyoruz.<\/p>\n<h3>El arkanin D\u00fczeltme y\u00f6ntemleri<\/h3>\n<p>Tedavi planin hazirlanmasinda Doktor Kirsten ilk olarak sizin cilt durumunuzu inceler.Bunu bilmek cok \u00f6nemlidir, sizin kendi ellerinizde ne eksik oldugu:D\u00f6seme altinda veya Nem, Kollajen veya Yag.Biyzim uygulama muyanede Berlinde cilt bilgisayar araciligi ile \u00f6lc\u00fcl\u00fcr ve ihtiyaclarina g\u00f6re gelistiren bir Tedaviplani yapilir.<\/p>\n<p>Bu asagidaki resimde ilerleyen yaslarda El arkasini Yasam boyunca takip edebilirsiniz.<\/p>\n<p>Siz ellerinizi nere siralarsiniz?<\/p>\n<p>Lokal anestezi altinda yapilir ve sonra \u00f6zel yardimiyla mikro-kan\u00fcller atravmatik aralarina enjekte edilir, b\u00f6ylece doldurulur.D\u00fcnyaca \u00fcnl\u00fc merkezlerinin yeni bilimsel yag transplantasyonu icin ve rejeneratif tip Prof.Sydney R.Coleman(USA) ve Prof.Kotaro Yoshimura (Japonya)onaylar, yag k\u00f6k h\u00fccreleri ADSC\u00b4s oynar(Yag elde edilen k\u00f6k h\u00fccreler), nakledilen icerdigi yag, \u00f6nemli bir rol aliyor, kendi yag artis yeni koymak degil sadece, ancak nakli alansal olarak konik s\u00fcrecler \u00fczerinde herkes tarafindan baslatilabilir ve destekler.Bir yag dayaniklik 5 yila kadar tutar, ama bir ile iki kez tekrarlanmali.<\/p>\n<p>Dolgu maddelerinin Kullanimi ile (Dolgumaddesi)Hyaluronik asiti veya Hidroksiapatit, anestetik sonrasi hemen bir dolgu yapilir.dolgunun doldurma dayanaklikligi 8-12 Ay s\u00fcrer.<\/p>\n<p>Pigment noktalar acisindan sadece onlarin masumiyetine g\u00f6re degerlendirilir ve daha sonra KTP Lazer ile, fraksyionel CO2 Lazer veya radyo cerrahi cihaz yardimiyla alinilir.Bizim elimizde cesitli Peeling y\u00f6ntemleri vardir, pigmentasyon bozuklari ve cilt dokusunu d\u00fczelten.<\/p>\n<p>Eksik olan Kollajen bipolar radyo dalgali cihaz yardimiyla adim adim bir kac seanslarda kazanilir.<\/p>\n<p>T\u00fcm el genclestirmey\u00f6ntemleri enjeksiyonlar kendi PRP(Trombosit zenginlestirilmis Plazma)desteklenilir.B\u00f6ylece kendilerini kendi b\u00fcy\u00fcme fakt\u00f6rlerini aktive ve fibroblastlar(Deri h\u00fccreleri)Stimuli Kollajen sentezi icin alinir.<\/p>\n<p>Yagin azaltmasi ile ve El kaslar bizim uygulama muyanede Berlinde enjeksioynlar kendi yag ile, kendi yag k\u00f6k h\u00fccreleri iceren, veya dolgu maddeleri ile d\u00fczeltilmis.\u00d6z\u00fcnde yag transplantasyonu icin kendi yag mini liposuction bir t\u00fcr elde edilir ve daha sonra \u00f6zel hazirlanilir.\u00d6zel bir prosed\u00fcr yardimiyla yag h\u00fccreleri konsantre edilir ve &#8220;Yikanir&#8221;.<\/p>\n<p>T\u00fcm Tedavi secenekleri sizin icin yapilmistir ve sizin isteklerinize g\u00f6re.Doktor Kirsten size severek zaman ayiriyor ve sizinle isteklerinizi ve sorunlarizi bir El genclestirmes danismada konusacaktir.Isterseniz telefonla veya <b><a href=\"https:\/\/kirsten-derma.de\/Ulasim.html\">Onlinetermin<\/a><\/b> bizim Belinde olan muyaenemizde alabilirsiniz.<\/p>\n","protected":false},"excerpt":{"rendered":"<p>El genclestirme Tanidik Kelimeler:El arkasindaki hacimi tekrar kazandirmak, El arka genclestirme, El arkasinda Peeling, el arkanin enjeksiyon arasina, el arkanin d\u00fczeltmesi. Genel Ellerimiz bizim kartvizitimizdir ve sahibi Hakkinda cok sey s\u00f6yleyebilir ve ne yazik ki yasimiz ile ilgili cok sey aciga verir!\u00d6zellikle cok ince olan ve sportik Insanlarda eller daha hizli yaslanir.Ellermizdeki cildimiz cok incedir ve neredeyse hic alt d\u00f6semesi yoktur.Cesitli dis etkiler y\u00fcz\u00fcnden mesela Sigara t\u00fcketmek, cok g\u00fcnes maruziyeti veya cok Solarium ziyaretleri El kemiklerimiz ve damarlar ve oldukca [&hellip;]<\/p>\n","protected":false},"author":2,"featured_media":0,"parent":0,"menu_order":0,"comment_status":"closed","ping_status":"closed","template":"","meta":{"footnotes":""},"tags":[],"class_list":["post-163","page","type-page","status-publish","hentry"],"yoast_head":"<!-- This site is optimized with the Yoast SEO Premium plugin v22.5 (Yoast SEO v16.4) - https:\/\/yoast.com\/wordpress\/plugins\/seo\/ -->\n<title>Handverj\u00fcngung Berlin (Peeling, Unterspritzung, Korrekturen) - J. Kirsten<\/title>\n<meta name=\"description\" content=\"Handverj\u00fcngung Berlin (Peeling, Unterspritzung, Korrekturen der Handr\u00fccken). Vereinbaren Sie eine individuelle Beratung. Praxis Kirsten. Tel. 03023621292\" \/>\n<meta name=\"robots\" content=\"index, follow, max-snippet:-1, max-image-preview:large, max-video-preview:-1\" \/>\n<link rel=\"canonical\" href=\"https:\/\/kirsten-derma.de\/handverjuengung-handruecken-unterspritzung-berlin\/\" \/>\n<meta property=\"og:locale\" content=\"tr_TR\" \/>\n<meta property=\"og:type\" content=\"article\" \/>\n<meta property=\"og:title\" content=\"Handverj\u00fcngung Berlin (Peeling, Unterspritzung, Korrekturen) - J. Kirsten\" \/>\n<meta property=\"og:description\" content=\"Handverj\u00fcngung Berlin (Peeling, Unterspritzung, Korrekturen der Handr\u00fccken). Vereinbaren Sie eine individuelle Beratung. Praxis Kirsten. Tel. 03023621292\" \/>\n<meta property=\"og:url\" content=\"https:\/\/kirsten-derma.de\/handverjuengung-handruecken-unterspritzung-berlin\/\" \/>\n<meta property=\"og:site_name\" content=\"Praxis Juri Kirsten\" \/>\n<meta property=\"article:modified_time\" content=\"2019-09-02T15:20:22+00:00\" \/>\n<meta property=\"og:image\" content=\"https:\/\/kirsten-derma.de\/wp-content\/uploads\/2019\/09\/Handverj\u00fcngung-Berlin.jpg\" \/>\n<meta name=\"twitter:card\" content=\"summary\" \/>\n<meta name=\"twitter:label1\" content=\"Tahmini okuma s\u00fcresi\" \/>\n\t<meta name=\"twitter:data1\" content=\"2 dakika\" \/>\n<script type=\"application\/ld+json\" class=\"yoast-schema-graph\">{\"@context\":\"https:\/\/schema.org\",\"@graph\":[{\"@type\":\"WebSite\",\"@id\":\"https:\/\/kirsten-derma.de\/#website\",\"url\":\"https:\/\/kirsten-derma.de\/\",\"name\":\"Praxis Juri Kirsten\",\"description\":\"Facharzt f\\u00fcr Dermatologie und Allergologie Juri Kirsten Berlin\",\"potentialAction\":[{\"@type\":\"SearchAction\",\"target\":\"https:\/\/kirsten-derma.de\/?s={search_term_string}\",\"query-input\":\"required name=search_term_string\"}],\"inLanguage\":\"tr\"},{\"@type\":\"ImageObject\",\"@id\":\"https:\/\/kirsten-derma.de\/handverjuengung-handruecken-unterspritzung-berlin\/#primaryimage\",\"inLanguage\":\"tr\",\"url\":\"https:\/\/kirsten-derma.de\/wp-content\/uploads\/2017\/02\/handverjungung-1.jpg\",\"contentUrl\":\"https:\/\/kirsten-derma.de\/wp-content\/uploads\/2017\/02\/handverjungung-1.jpg\",\"width\":\"724\",\"height\":\"350\",\"caption\":\"handverjungung-berlin\"},{\"@type\":\"WebPage\",\"@id\":\"https:\/\/kirsten-derma.de\/handverjuengung-handruecken-unterspritzung-berlin\/#webpage\",\"url\":\"https:\/\/kirsten-derma.de\/handverjuengung-handruecken-unterspritzung-berlin\/\",\"name\":\"Handverj\\u00fcngung Berlin (Peeling, Unterspritzung, Korrekturen) - J. Kirsten\",\"isPartOf\":{\"@id\":\"https:\/\/kirsten-derma.de\/#website\"},\"primaryImageOfPage\":{\"@id\":\"https:\/\/kirsten-derma.de\/handverjuengung-handruecken-unterspritzung-berlin\/#primaryimage\"},\"datePublished\":\"2017-02-12T21:16:18+00:00\",\"dateModified\":\"2019-09-02T15:20:22+00:00\",\"description\":\"Handverj\\u00fcngung Berlin (Peeling, Unterspritzung, Korrekturen der Handr\\u00fccken). Vereinbaren Sie eine individuelle Beratung. Praxis Kirsten. Tel. 03023621292\",\"breadcrumb\":{\"@id\":\"https:\/\/kirsten-derma.de\/handverjuengung-handruecken-unterspritzung-berlin\/#breadcrumb\"},\"inLanguage\":\"tr\",\"potentialAction\":[{\"@type\":\"ReadAction\",\"target\":[\"https:\/\/kirsten-derma.de\/handverjuengung-handruecken-unterspritzung-berlin\/\"]}]},{\"@type\":\"BreadcrumbList\",\"@id\":\"https:\/\/kirsten-derma.de\/handverjuengung-handruecken-unterspritzung-berlin\/#breadcrumb\",\"itemListElement\":[{\"@type\":\"ListItem\",\"position\":1,\"item\":{\"@type\":\"WebPage\",\"@id\":\"https:\/\/kirsten-derma.de\/\",\"url\":\"https:\/\/kirsten-derma.de\/\",\"name\":\"Startseite\"}},{\"@type\":\"ListItem\",\"position\":2,\"item\":{\"@id\":\"https:\/\/kirsten-derma.de\/handverjuengung-handruecken-unterspritzung-berlin\/#webpage\"}}]}]}<\/script>\n<!-- \/ Yoast SEO Premium plugin. -->","_links":{"self":[{"href":"https:\/\/kirsten-derma.de\/tr\/wp-json\/wp\/v2\/pages\/163","targetHints":{"allow":["GET"]}}],"collection":[{"href":"https:\/\/kirsten-derma.de\/tr\/wp-json\/wp\/v2\/pages"}],"about":[{"href":"https:\/\/kirsten-derma.de\/tr\/wp-json\/wp\/v2\/types\/page"}],"author":[{"embeddable":true,"href":"https:\/\/kirsten-derma.de\/tr\/wp-json\/wp\/v2\/users\/2"}],"replies":[{"embeddable":true,"href":"https:\/\/kirsten-derma.de\/tr\/wp-json\/wp\/v2\/comments?post=163"}],"version-history":[{"count":0,"href":"https:\/\/kirsten-derma.de\/tr\/wp-json\/wp\/v2\/pages\/163\/revisions"}],"wp:attachment":[{"href":"https:\/\/kirsten-derma.de\/tr\/wp-json\/wp\/v2\/media?parent=163"}],"wp:term":[{"taxonomy":"post_tag","embeddable":true,"href":"https:\/\/kirsten-derma.de\/tr\/wp-json\/wp\/v2\/tags?post=163"}],"curies":[{"name":"wp","href":"https:\/\/api.w.org\/{rel}","templated":true}]}}