{"id":167,"date":"2017-02-12T22:18:07","date_gmt":"2017-02-12T21:18:07","guid":{"rendered":"http:\/\/kd.myderma.de\/?page_id=167"},"modified":"2019-06-03T18:39:09","modified_gmt":"2019-06-03T16:39:09","slug":"koerper","status":"publish","type":"page","link":"https:\/\/kirsten-derma.de\/tr\/vucut\/","title":{"rendered":"V\u00fccut"},"content":{"rendered":"<div id=\"vucut\" class=\"mod_article block\">\n<div class=\"ce_text haupttext block\">\n<div class=\"box\">\n<div class=\"text_oben\">\n<h1>V\u00fccut<\/h1>\n<p><img wpfc-lazyload-disable=\"true\" loading=\"lazy\" decoding=\"async\" width=\"724\" height=\"350\" class=\"alignnone size-full wp-image-1951\" src=\"https:\/\/kirsten-derma.de\/wp-content\/uploads\/2017\/02\/koerper-behandlung-berlin.jpg\" alt=\"koerper-behandlung-berlin\" srcset=\"https:\/\/kirsten-derma.de\/wp-content\/uploads\/2017\/02\/koerper-behandlung-berlin.jpg 724w, https:\/\/kirsten-derma.de\/wp-content\/uploads\/2017\/02\/koerper-behandlung-berlin-300x145.jpg 300w\" sizes=\"auto, (max-width: 724px) 100vw, 724px\" \/><\/p>\n<p><a class=\"text1\" href=\"https:\/\/kirsten-derma.de\/yag-aldirma-berlin.html\">Yag Aldirma<\/a><a class=\"text2\" href=\"https:\/\/kirsten-derma.de\/fett-weg-spritze-berlin.html\">Yok-etme-Siringa<\/a><\/p>\n<\/div>\n<div class=\"view view-tenth\">\n<p><img wpfc-lazyload-disable=\"true\" loading=\"lazy\" decoding=\"async\" title=\"Yag Aldirma\" src=\"https:\/\/kirsten-derma.de\/tl_files\/tiny_templates\/kirsten-derma\/bilder_themen\/fettabsaugung.jpg\" alt=\"Yag Aldirma\" width=\"250\" height=\"134\" \/><\/p>\n<div class=\"mask\">\n<p>Liposuction (Yag Aldirma) ile v\u00fccut imaj\u0131 d\u00fczeltilir ve ideal bir model yapilabilinir. Yag Dokusu, Bir kere emilerek uzakla\u015ft\u0131r\u0131l, ve tekrar art\u0131k geri b\u00fcym\u00fcyor. \u00d6zellikle, kal\u00e7a, kar\u0131n, \u00fcst g\u00f6vde, uyluk ve \u00e7ene alt\u0131nda&#8230;<a class=\"info\" href=\"https:\/\/kirsten-derma.de\/yag-aldirma-berlin.html\">DEVAM OKUYUNUZ&#8230;<\/a><\/p>\n<\/div>\n<\/div>\n<div class=\"view2 view-tenth\">\n<p><img wpfc-lazyload-disable=\"true\" loading=\"lazy\" decoding=\"async\" title=\"Yag-yok-etme-Siringa\" src=\"https:\/\/kirsten-derma.de\/tl_files\/tiny_templates\/kirsten-derma\/bilder_themen\/fett-weg-spritze.jpg\" alt=\"Yag-yok-etme-Siringa\" width=\"250\" height=\"134\" \/><\/p>\n<div class=\"mask\">\n<p>Yag-yok-etme-Siringa bir operasyonel olmayan Y\u00f6ntem y\u00fczde ve v\u00fccutta k\u00fcc\u00fck yag birikimlerin eliminasyon. Bu 1995 Brezilyali Doktor Patricia Ritters ilk d\u00f6nd\u00fc. Kac Medya Araciligiyla bu y\u00f6ntem tanittildi&#8230;<a class=\"info\" href=\"https:\/\/kirsten-derma.de\/fett-weg-spritze-berlin.html\">DEVAM OKUYUNUZ&#8230;<\/a><\/p>\n<\/div>\n<\/div>\n<div class=\"text_oben\">\n<p><a class=\"text1\" href=\"https:\/\/kirsten-derma.de\/cryo-lipoliz-berlin.html\">Cryo Lipoliz<\/a><a class=\"text2\" href=\"https:\/\/kirsten-derma.de\/oberarmstraffung-fettabsaugung-lifting-berlin.html\">\u00dcst kol germesi<\/a><\/p>\n<\/div>\n<div class=\"view view-tenth\">\n<p><img wpfc-lazyload-disable=\"true\" loading=\"lazy\" decoding=\"async\" title=\"Cryo Lipoliz\" src=\"https:\/\/kirsten-derma.de\/tl_files\/tiny_templates\/kirsten-derma\/bilder_themen\/Kryolipolyse.jpg\" alt=\"Cryo Lipoliz\" width=\"250\" height=\"134\" \/><\/p>\n<div class=\"mask\">\n<p>Bu Cryolipolysis-Y\u00f6ntem cihaz-\u00dcreticilerden farkli adlandirilmistir ve bir marka olarak patentli edilir: Amerikan \u00dcretici Zeltiq CoolSculpting olarak pazarliyor, Korealiler bu Sogukterapiyi CoolShaping ve Cryolipo Yag Donma adlandiliriyor&#8230;.<\/p>\n<p><a class=\"info\" href=\"https:\/\/kirsten-derma.de\/cryo-lipoliz-berlin.html\">DEVAM OKUYUNUZ&#8230;<\/a><\/p>\n<\/div>\n<\/div>\n<div class=\"view2 view-tenth\">\n<p><img wpfc-lazyload-disable=\"true\" loading=\"lazy\" decoding=\"async\" title=\"\u00dcst kol germesi\" src=\"https:\/\/kirsten-derma.de\/tl_files\/tiny_templates\/kirsten-derma\/bilder_themen\/armstraffung.jpg\" alt=\"\u00dcst kol germesi\" width=\"250\" height=\"134\" \/><\/p>\n<div class=\"mask\">\n<p>Sarkmis ve fazla olan cilt \u00dcst kol kisimlarda yogun bir sorundur.Bazen sadece bir yag aldirma yeterlidir, istenilen Ciltdurumunu elde etmek icin, c\u00fcnk\u00fc Liposuction sonrasi deri yeterlidir.Ancak, cild yeterince&#8230;<\/p>\n<p><a class=\"info\" href=\"https:\/\/kirsten-derma.de\/oberarmstraffung-fettabsaugung-lifting-berlin.html\">DEVAM OKUYUNUZ&#8230;<\/a><\/p>\n<\/div>\n<\/div>\n<div class=\"text_oben\">\n<p><a class=\"text1\" href=\"https:\/\/kirsten-derma.de\/yara-tedavileri-berlin.html\">Yara tedavisi<\/a><a class=\"text2\" href=\"https:\/\/kirsten-derma.de\/dehnungsstreifen-schwangerschaftsstreifen-entfernen-berlin.html\">Catlaklar<\/a><\/p>\n<\/div>\n<div class=\"view view-tenth\">\n<p><img wpfc-lazyload-disable=\"true\" loading=\"lazy\" decoding=\"async\" title=\"Yara tedavisi\" src=\"https:\/\/kirsten-derma.de\/tl_files\/tiny_templates\/kirsten-derma\/bilder_themen\/narbenbehandlung.jpg\" alt=\"Yara tedavisi\" width=\"250\" height=\"134\" \/><\/p>\n<div class=\"mask\">\n<p>B\u00fcy\u00fcmenin sevinci ile, veya basit kapsamli artisin belirli bir v\u00fccut orani \u00fczerinde, genellikle s\u00f6zde olusumunu ile iliskilidir catlaklar veya yirtiklar ile baglidir.Bilimli alan onlar Striae gravidarum demek&#8230;<\/p>\n<p><a class=\"info\" href=\"https:\/\/kirsten-derma.de\/yara-tedavileri-berlin.html\">DEVAM OKUYUNUZ&#8230;<\/a><\/p>\n<\/div>\n<\/div>\n<div class=\"view2 view-tenth\">\n<p><img wpfc-lazyload-disable=\"true\" loading=\"lazy\" decoding=\"async\" title=\"Gebellik catlaklar ve yirtiklarin tedavisi\" src=\"https:\/\/kirsten-derma.de\/tl_files\/tiny_templates\/kirsten-derma\/bilder_themen\/Schwangerschaftsstreifen%20Behandlung%20Praxis%20dr%20Kirsten%20in%20Berlin%20Titelbild.jpg\" alt=\"Gebellik catlaklar ve yirtiklarin tedavisi\" width=\"250\" height=\"134\" \/><\/p>\n<div class=\"mask\">\n<p>B\u00fcy\u00fcmenin sevinci ile, veya basit kapsamli artisin belirli bir v\u00fccut orani \u00fczerinde, genellikle s\u00f6zde olusumunu ile iliskilidir catlaklar veya yirtiklar ile baglidir.Bilimli alan onlar Striae gravidarum demek&#8230;<\/p>\n<p><a class=\"info\" href=\"https:\/\/kirsten-derma.de\/dehnungsstreifen-schwangerschaftsstreifen-entfernen-berlin.html\">DEVAM OKUYUNUZ&#8230;<\/a><\/p>\n<\/div>\n<\/div>\n<div class=\"text_oben\">\n<p><a class=\"text1\">Hiperhidroz<\/a><a class=\"text2\" href=\"https:\/\/kirsten-derma.de\/terleme-tedavisi-icin-estetik-ameliyatlar-berlin.html\">Operatif Ter bez alinmasi<\/a><\/p>\n<\/div>\n<div class=\"view view-tenth\"><img wpfc-lazyload-disable=\"true\" loading=\"lazy\" decoding=\"async\" title=\"I\u015flemde\" src=\"https:\/\/kirsten-derma.de\/tl_files\/tiny_templates\/kirsten-derma\/bilder_themen\/Im-Aufbau-tur.jpg\" alt=\"I\u015flemde\" width=\"250\" height=\"134\" \/><\/div>\n<div class=\"view2 view-tenth\">\n<p><img wpfc-lazyload-disable=\"true\" loading=\"lazy\" decoding=\"async\" title=\"Operatif Ter bez alinmasi\" src=\"https:\/\/kirsten-derma.de\/tl_files\/tiny_templates\/kirsten-derma\/bilder_themen\/schweissdruesen_op.jpg\" alt=\"Operatif Ter bez alinmasi\" width=\"250\" height=\"134\" \/><\/p>\n<div class=\"mask\">\n<p>Bir operatif Koltuk alti Ter Bez alinmasi s\u00fcrd\u00fcr\u00fclebilir bir alternatif saglar Botox\u00ae Tedavileri temsil eder.Bu Tedaviyle bir operatif m\u00fcdahale ile bizim uygualam muyane Hastalara y\u00f6ntemi sunuyoruz&#8230;<\/p>\n<p><a class=\"info\" href=\"https:\/\/kirsten-derma.de\/schwei%C3%9Fdr%C3%BCsen-entfernung-absaugung-berlin.html\">DEVAM OKUYUNUZ&#8230;<\/a><\/p>\n<\/div>\n<\/div>\n<div class=\"text_oben\">\n<p><a class=\"text1\" href=\"https:\/\/kirsten-derma.de\/asiri-terleme-hiperhidroz-tedavisi-berlin.html\">Hiperhidroz &#8211; Genel<\/a><a class=\"text2\" href=\"https:\/\/kirsten-derma.de\/hiperhidrozun-radio-dalgali-termo-terapisi.html\">Asiri Terlemenin Tedavisi<\/a><\/p>\n<\/div>\n<div class=\"view view-tenth\">\n<p><img wpfc-lazyload-disable=\"true\" loading=\"lazy\" decoding=\"async\" title=\"Hiperhidroz - Genel\" src=\"https:\/\/kirsten-derma.de\/tl_files\/tiny_templates\/kirsten-derma\/bilder_themen\/hyperhidrose_allgemein.jpg\" alt=\"Hiperhidroz - Genel\" width=\"250\" height=\"134\" \/><\/p>\n<div class=\"mask\">\n<p>Bir Insan 2 Milyonlarca Ter bezlerine sahiptir, cildin heryerinde var olmaktadir.\u00d6zellikle el iclerinde ve Ayak topuklarinda, Koltuk altinda ve alin kisimlarda bulunmaktadir.Terleme insanin v\u00fccudunda dogal bir&#8230;<\/p>\n<p><a class=\"info\" href=\"https:\/\/kirsten-derma.de\/asiri-terleme-hiperhidroz-tedavisi-berlin.html\">DEVAM OKUYUNUZ&#8230;<\/a><\/p>\n<\/div>\n<\/div>\n<div class=\"view2 view-tenth\">\n<p><img wpfc-lazyload-disable=\"true\" loading=\"lazy\" decoding=\"async\" title=\"Asiri Terlemenin Tedavisi\" src=\"https:\/\/kirsten-derma.de\/tl_files\/tiny_templates\/kirsten-derma\/bilder_themen\/schweissdruesen_radiofrequenz.jpg\" alt=\"Asiri Terlemenin Tedavisi\" width=\"250\" height=\"134\" \/><\/p>\n<div class=\"mask\">\n<p>Gecen Aylarda estetik tibbinda fraksiyonel radyo frekans. Mikro igneler-Sistemler oldukca fazla yer aliyor. Kirisikliklar, Ciltde Sarkmalar, G\u00f6zenek k\u00fcc\u00fcltmesi, Akne-ve Akne izleri-Tedavileri&#8230;<\/p>\n<p><a class=\"info\" href=\"https:\/\/kirsten-derma.de\/hiperhidrozun-radio-dalgali-termo-terapisi.html\">DEVAM OKUYUNUZ&#8230;<\/a><\/p>\n<\/div>\n<\/div>\n<\/div>\n<\/div>\n<\/div>\n","protected":false},"excerpt":{"rendered":"<p>V\u00fccut Yag AldirmaYok-etme-Siringa Liposuction (Yag Aldirma) ile v\u00fccut imaj\u0131 d\u00fczeltilir ve ideal bir model yapilabilinir. Yag Dokusu, Bir kere emilerek uzakla\u015ft\u0131r\u0131l, ve tekrar art\u0131k geri b\u00fcym\u00fcyor. \u00d6zellikle, kal\u00e7a, kar\u0131n, \u00fcst g\u00f6vde, uyluk ve \u00e7ene alt\u0131nda&#8230;DEVAM OKUYUNUZ&#8230; Yag-yok-etme-Siringa bir operasyonel olmayan Y\u00f6ntem y\u00fczde ve v\u00fccutta k\u00fcc\u00fck yag birikimlerin eliminasyon. Bu 1995 Brezilyali Doktor Patricia Ritters ilk d\u00f6nd\u00fc. Kac Medya Araciligiyla bu y\u00f6ntem tanittildi&#8230;DEVAM OKUYUNUZ&#8230; Cryo Lipoliz\u00dcst kol germesi Bu Cryolipolysis-Y\u00f6ntem cihaz-\u00dcreticilerden farkli adlandirilmistir ve bir marka olarak patentli edilir: Amerikan \u00dcretici [&hellip;]<\/p>\n","protected":false},"author":2,"featured_media":0,"parent":0,"menu_order":0,"comment_status":"closed","ping_status":"closed","template":"","meta":{"footnotes":""},"tags":[],"class_list":["post-167","page","type-page","status-publish","hentry"],"yoast_head":"<!-- This site is optimized with the Yoast SEO Premium plugin v22.5 (Yoast SEO v16.4) - https:\/\/yoast.com\/wordpress\/plugins\/seo\/ -->\n<title>K\u00f6rperbehandlungen - Kirsten-derma<\/title>\n<meta name=\"description\" content=\"Spezialist f\u00fcr Faltenunterspritzung, Faltenbehandlung, Hyalurons\u00e4ure und Botox\u00ae, Faltenbehandlung, seit \u00fcber 15 Jahren in Berlin am Ku&#039;damm. Sch\u00f6nheit mu\u00df nicht mit hohen Kosten verbunden sein. Jetzt informieren 030 236 212 92.\" \/>\n<meta name=\"robots\" content=\"index, follow, max-snippet:-1, max-image-preview:large, max-video-preview:-1\" \/>\n<link rel=\"canonical\" href=\"https:\/\/kirsten-derma.de\/koerper-behandlungen-klinik-berlin\/\" \/>\n<meta property=\"og:locale\" content=\"tr_TR\" \/>\n<meta property=\"og:type\" content=\"article\" \/>\n<meta property=\"og:title\" content=\"K\u00f6rperbehandlungen - Kirsten-derma\" \/>\n<meta property=\"og:description\" content=\"Spezialist f\u00fcr Faltenunterspritzung, Faltenbehandlung, Hyalurons\u00e4ure und Botox\u00ae, Faltenbehandlung, seit \u00fcber 15 Jahren in Berlin am Ku&#039;damm. Sch\u00f6nheit mu\u00df nicht mit hohen Kosten verbunden sein. Jetzt informieren 030 236 212 92.\" \/>\n<meta property=\"og:url\" content=\"https:\/\/kirsten-derma.de\/koerper-behandlungen-klinik-berlin\/\" \/>\n<meta property=\"og:site_name\" content=\"Praxis Juri Kirsten\" \/>\n<meta property=\"article:modified_time\" content=\"2019-06-03T16:39:09+00:00\" \/>\n<meta property=\"og:image\" content=\"https:\/\/kirsten-derma.de\/wp-content\/uploads\/2017\/02\/dehnungsstreifen-behandlung-berlin.jpg\" \/>\n<meta name=\"twitter:card\" content=\"summary\" \/>\n<meta name=\"twitter:label1\" content=\"Tahmini okuma s\u00fcresi\" \/>\n\t<meta name=\"twitter:data1\" content=\"2 dakika\" \/>\n<script type=\"application\/ld+json\" class=\"yoast-schema-graph\">{\"@context\":\"https:\/\/schema.org\",\"@graph\":[{\"@type\":\"WebSite\",\"@id\":\"https:\/\/kirsten-derma.de\/#website\",\"url\":\"https:\/\/kirsten-derma.de\/\",\"name\":\"Praxis Juri Kirsten\",\"description\":\"Facharzt f\\u00fcr Dermatologie und Allergologie Juri Kirsten Berlin\",\"potentialAction\":[{\"@type\":\"SearchAction\",\"target\":\"https:\/\/kirsten-derma.de\/?s={search_term_string}\",\"query-input\":\"required name=search_term_string\"}],\"inLanguage\":\"tr\"},{\"@type\":\"ImageObject\",\"@id\":\"https:\/\/kirsten-derma.de\/koerper-behandlungen-klinik-berlin\/#primaryimage\",\"inLanguage\":\"tr\",\"url\":\"https:\/\/kirsten-derma.de\/wp-content\/uploads\/2017\/02\/koerper-behandlung-berlin.jpg\",\"contentUrl\":\"https:\/\/kirsten-derma.de\/wp-content\/uploads\/2017\/02\/koerper-behandlung-berlin.jpg\",\"width\":\"724\",\"height\":\"350\",\"caption\":\"koerper-behandlung-berlin\"},{\"@type\":\"WebPage\",\"@id\":\"https:\/\/kirsten-derma.de\/koerper-behandlungen-klinik-berlin\/#webpage\",\"url\":\"https:\/\/kirsten-derma.de\/koerper-behandlungen-klinik-berlin\/\",\"name\":\"K\\u00f6rperbehandlungen - Kirsten-derma\",\"isPartOf\":{\"@id\":\"https:\/\/kirsten-derma.de\/#website\"},\"primaryImageOfPage\":{\"@id\":\"https:\/\/kirsten-derma.de\/koerper-behandlungen-klinik-berlin\/#primaryimage\"},\"datePublished\":\"2017-02-12T21:18:07+00:00\",\"dateModified\":\"2019-06-03T16:39:09+00:00\",\"description\":\"Spezialist f\\u00fcr Faltenunterspritzung, Faltenbehandlung, Hyalurons\\u00e4ure und Botox\\u00ae, Faltenbehandlung, seit \\u00fcber 15 Jahren in Berlin am Ku'damm. Sch\\u00f6nheit mu\\u00df nicht mit hohen Kosten verbunden sein. Jetzt informieren 030 236 212 92.\",\"breadcrumb\":{\"@id\":\"https:\/\/kirsten-derma.de\/koerper-behandlungen-klinik-berlin\/#breadcrumb\"},\"inLanguage\":\"tr\",\"potentialAction\":[{\"@type\":\"ReadAction\",\"target\":[\"https:\/\/kirsten-derma.de\/koerper-behandlungen-klinik-berlin\/\"]}]},{\"@type\":\"BreadcrumbList\",\"@id\":\"https:\/\/kirsten-derma.de\/koerper-behandlungen-klinik-berlin\/#breadcrumb\",\"itemListElement\":[{\"@type\":\"ListItem\",\"position\":1,\"item\":{\"@type\":\"WebPage\",\"@id\":\"https:\/\/kirsten-derma.de\/\",\"url\":\"https:\/\/kirsten-derma.de\/\",\"name\":\"Startseite\"}},{\"@type\":\"ListItem\",\"position\":2,\"item\":{\"@id\":\"https:\/\/kirsten-derma.de\/koerper-behandlungen-klinik-berlin\/#webpage\"}}]}]}<\/script>\n<!-- \/ Yoast SEO Premium plugin. -->","_links":{"self":[{"href":"https:\/\/kirsten-derma.de\/tr\/wp-json\/wp\/v2\/pages\/167","targetHints":{"allow":["GET"]}}],"collection":[{"href":"https:\/\/kirsten-derma.de\/tr\/wp-json\/wp\/v2\/pages"}],"about":[{"href":"https:\/\/kirsten-derma.de\/tr\/wp-json\/wp\/v2\/types\/page"}],"author":[{"embeddable":true,"href":"https:\/\/kirsten-derma.de\/tr\/wp-json\/wp\/v2\/users\/2"}],"replies":[{"embeddable":true,"href":"https:\/\/kirsten-derma.de\/tr\/wp-json\/wp\/v2\/comments?post=167"}],"version-history":[{"count":0,"href":"https:\/\/kirsten-derma.de\/tr\/wp-json\/wp\/v2\/pages\/167\/revisions"}],"wp:attachment":[{"href":"https:\/\/kirsten-derma.de\/tr\/wp-json\/wp\/v2\/media?parent=167"}],"wp:term":[{"taxonomy":"post_tag","embeddable":true,"href":"https:\/\/kirsten-derma.de\/tr\/wp-json\/wp\/v2\/tags?post=167"}],"curies":[{"name":"wp","href":"https:\/\/api.w.org\/{rel}","templated":true}]}}