{"id":171,"date":"2017-02-12T22:19:49","date_gmt":"2017-02-12T21:19:49","guid":{"rendered":"http:\/\/kd.myderma.de\/?page_id=171"},"modified":"2019-06-24T12:30:55","modified_gmt":"2019-06-24T10:30:55","slug":"%d0%b8%d0%bd%d1%8a%d0%b5%d0%ba%d1%86%d0%b8%d0%be%d0%bd%d0%bd%d1%8b%d0%b9-%d0%bb%d0%b8%d0%bf%d0%be%d0%bb%d0%b8%d0%b7","status":"publish","type":"page","link":"https:\/\/kirsten-derma.de\/tr\/fazla-yaglardan-kurtaran-yontem-enjeksiyon-lipoliz-berlin\/","title":{"rendered":"Yok-etme-Siringa"},"content":{"rendered":"<div id=\"bild\" class=\"mod_article bild block\">\n<div class=\"ce_text haupttext block\">\n<h1 class=\"heading\">Yok-etme-Siringa<\/h1>\n<p><img wpfc-lazyload-disable=\"true\" loading=\"lazy\" decoding=\"async\" width=\"724\" height=\"350\" class=\"alignnone size-full wp-image-1956\" src=\"https:\/\/kirsten-derma.de\/wp-content\/uploads\/2017\/02\/fett-weg-spritze-berlin.jpg\" alt=\"Fett-Weg-Spritze-Berlin\" srcset=\"https:\/\/kirsten-derma.de\/wp-content\/uploads\/2017\/02\/fett-weg-spritze-berlin.jpg 724w, https:\/\/kirsten-derma.de\/wp-content\/uploads\/2017\/02\/fett-weg-spritze-berlin-300x145.jpg 300w\" sizes=\"auto, (max-width: 724px) 100vw, 724px\" \/><\/p>\n<p>Tanidik Kelimeler: Lipoliz, Enjeksiyonlipoliz.<\/p>\n<h2>Genel<\/h2>\n<p>Yag-yok-etme-Siringa bir operasyonel olmayan Y\u00f6ntem y\u00fczde ve v\u00fccutta k\u00fcc\u00fck yag birikimlerin eliminasyon. Bu 1995 Brezilyali Doktor Patricia Ritters ilk d\u00f6nd\u00fc. Kac Medya Araciligiyla bu y\u00f6ntem tanittildi. Bey Doktor Kirsten bu Y\u00f6ntemi modife ve genisletti kombinasyonlarla baska aktif maddeler ve cihazlerle. 10 Yildan fazla enjeksiyonlipoliz bizim uygulama muyane Berlin Doktor Kirsten basariyla yapiliyor.<\/p>\n<h3>Yag-yok-etme-Siringa nasil caliyor?<\/h3>\n<p>Diger kimyasal aktif maddeler fosfatidilkolin PPC (soja fasulyesinden kazaniliyo ve kendi endojen fosfolipid icerir) ve deoksikolik asit DCA (safra asitlerine aittir) lokalize Yagdepolari cildin altina enjekte edilir.<\/p>\n<p><img wpfc-lazyload-disable=\"true\" decoding=\"async\" title=\"Yag H\u00fccreleri Yag yok etme \u00f6nceden uygulama muyanesinde Doktor Kirsten Berlinde. \" src=\"https:\/\/kirsten-derma.de\/tl_files\/tiny_templates\/kirsten-derma\/Fett%20weg%20Spritze\/Fettzellen-vor-der-Lipolyse-Praxisklinik-Dr-Kirsten-in-Berlin.png\" alt=\"Yag H\u00fccreleri Yag yok etme \u00f6nceden uygulama muyanesinde Doktor Kirsten Berlinde. \" width=\"300\" \/><\/p>\n<p>Kolesterolbloklar, h\u00fccre zarari (h\u00fccre cepesi) olusturulmustur, fosfatidilkolin PPC kararli olmak.<\/p>\n<p><img wpfc-lazyload-disable=\"true\" loading=\"lazy\" decoding=\"async\" title=\"Yag H\u00fccresi Yag yok etme enjeksiyondan sonra dagilmis H\u00fccre membran ile \" src=\"https:\/\/kirsten-derma.de\/tl_files\/tiny_templates\/kirsten-derma\/Fett%20weg%20Spritze\/Fettzelle-nach-Fett-weg-Spritze-mit-aufgeloesstem-Zellmembran.png\" alt=\"Yag H\u00fccresi Yag yok etme enjeksiyondan sonra dagilmis H\u00fccre membran ile \" width=\"300\" height=\"170\" \/><\/p>\n<p>Ve yag h\u00fccre ierigini vermek (Yag asitleri) \u00f6zgur birakir. Yag h\u00fccre geri d\u00f6nd\u00fcr\u00fclemez (geri kazanilmiyor) yok ediyor.<\/p>\n<p><img wpfc-lazyload-disable=\"true\" loading=\"lazy\" decoding=\"async\" title=\"Yag H\u00fccre Yag yok etme enjeksiyondan sonra dagilmis \" src=\"https:\/\/kirsten-derma.de\/tl_files\/tiny_templates\/kirsten-derma\/Fett%20weg%20Spritze\/Fettzelle-nach-Fett-weg-Spritze-aufgeloesst.png\" alt=\"Yag H\u00fccre Yag yok etme enjeksiyondan sonra dagilmis \" width=\"133\" height=\"140\" \/><\/p>\n<h3>Tedavisonucu yag-yok-etme-siringa ile<\/h3>\n<p>Yagyoketmesiringa- Enjeksiyonlar yag yastigi alansal gerceklesecek. Her hangi sanci azaltmak icin, siringalar cok ince kan\u00fcller ile bir g\u00f6r\u00fclen Resimdeki gibi, p\u00fcsk\u00fcrtmesi hicbir sanci vermemesi icin. Bir kac Dakkika sonra siskinlik basliyor, infiltre yag yastigi, bir haftaya kadar s\u00fcrebilir. Tam s\u00fcresi, sisligi azaltmasi icin ihtiyaci, tam olarak belirlenmedi, c\u00fcnk\u00fc vu cok bireysel oldugu icin. Bu Sislik bir kizariklik, sertlesme ve agriyan eslik eder. Yagin Tasimasini saglamak icin ve olan yeni kalan kayit yag h\u00fccrelerin tarafindan bunu \u00f6nlemek icin, bir monopolar radyo frekans kullanilir.<\/p>\n<\/div>\n<\/div>\n<div id=\"yag-heykel-traslg\" class=\"mod_article block\">\n<div class=\"ce_ytvideo videoklasse ce_video block\">\n<p><iframe loading=\"lazy\" title=\"Fabulous Aesthetics HIRONIC New Midas Hip and Breast Up    Painless Body Shaper\" width=\"756\" height=\"425\" src=\"https:\/\/www.youtube.com\/embed\/cWZWC9j38p8?feature=oembed\" frameborder=\"0\" allow=\"accelerometer; autoplay; encrypted-media; gyroscope; picture-in-picture\" allowfullscreen><\/iframe><\/p>\n<\/div>\n<div class=\"ce_text haupttext block\">\n<p>Bir Sonuc bitimi icin yag-yok-etme-siringalar Yagfazlaliklari daha ince olur, ve yag h\u00fccrelerin sayisi azaltilir.<\/p>\n<p><img wpfc-lazyload-disable=\"true\" loading=\"lazy\" decoding=\"async\" title=\"Yag H\u00fccre:Etap bosalmasi Yag yok etme enjeksiyon sonrasi uygulama muyanesinde Doktor Juri Kirsten Berlinde. \" src=\"https:\/\/kirsten-derma.de\/tl_files\/tiny_templates\/kirsten-derma\/Fett%20weg%20Spritze\/Fettzelle%20Etapen%20der%20Entleerung%20nach%20der%20Fett%20weg%20Spritze%20Praxis%20Dr%20Kirsten%20Berlin.png\" alt=\"Yag H\u00fccre:Etap bosalmasi Yag yok etme enjeksiyon sonrasi uygulama muyanesinde Doktor Juri Kirsten Berlinde. \" width=\"500\" height=\"153\" \/><\/p>\n<p>Hastalar fazla kiloyla veya sismanlikla (Sismanlik) bu y\u00f6ntem icin uygun degilerdir. Kilo vermek bu ilk sunum icin secenektir.<\/p>\n<h3>Hangi V\u00fccutb\u00f6lgeler icin yag-yok-etme-siringa uygundur?<\/h3>\n<p>Bu resimde g\u00f6rd\u00fcg\u00fcn\u00fcz gibi, \u00f6zellikle ideal b\u00f6lgeler yumusak V\u00fccutyagi karin, Y\u00fcz, alt bacaklarda ve kalcalarda uygundur.<\/p>\n<p><img wpfc-lazyload-disable=\"true\" loading=\"lazy\" decoding=\"async\" title=\"Yag yok etme enjeksiyonlar V\u00fccut B\u00f6lgeler. \" src=\"https:\/\/kirsten-derma.de\/tl_files\/tiny_templates\/kirsten-derma\/Fett%20weg%20Spritze\/Fettwegspritze%20Zonen.jpg\" alt=\"Yag yok etme enjeksiyonlar V\u00fccut B\u00f6lgeler. \" width=\"500\" height=\"312\" \/><\/p>\n<p>Diger V\u00fccutb\u00f6lgelerde mesela Gidik; G\u00f6z Torbalar; Yagbirikimler agiz cevresinde, erkek g\u00f6g\u00fcs, Bacak ve sirt b\u00f6lge, diz ve alt bacakdaki gibi, G\u00f6g\u00fcs-Karin-kalca b\u00f6lgedeki gibi; sel\u00fclit sorunlarda da ayni zamanda iyi sonuclar beklenebilinir.<\/p>\n<h3>Kac seans gereklidir?<\/h3>\n<p>Her Tedavi yaklasik 15 ile 20 Dakkika ve s\u00fcrer ve genelde muyanede olur. Genelde 2-4 Seans 4-6 hafta aralikla yeterlidir.<\/p>\n<h3>Hangi yan etkiler ve Komplikasyonlar cikabilir?<\/h3>\n<p>Yan etkiler ve Komplikasyonlar beklenilmez. Her diger enjeksioyndaki gibi ciltde hafif kizariklar olabilir.<\/p>\n<h3>Yag-yok-etme-siringa ile kendi v\u00fccudunu tedavi edilir mi?<\/h3>\n<p>Kesinlikle hayir. Ilacin dogal Lecitin soja fasulyeden olusmasina ragmen, bu rahip olmayan kimse zarar elinde neden olabilir. Bir yalnis enjeksiyon ile ciltde- veya Karsd\u00fcg\u00fcme (Cilt ve Kars \u00f6l\u00fcm\u00fcne sebep olur). Yag-yok-etme-siringa kesinlikle iyi ve tecr\u00fcbeli kontr\u00f6l altinda olan muyanede Doktordan olmasi gerekiyor. Dokular, Yagbirikimler, sarkmis cilt bilmeyenler icin m\u00fcmk\u00fcn degildir. T\u00fcm Tedavi secenekleri sizin icin yapilmistir ve sizin isteklerinize g\u00f6re.Doktor Kirsten size severek zaman ayiriyor ve sizinle isteklerinizi ve sorunlarizi bir yag-yok-etme-siringa ile danismada konusacaktir.Isterseniz telefonla veya <a href=\"https:\/\/kirsten-derma.de\/Ulasim.html\">Onlinetermin<\/a> bizim Belinde olan muyaenemizde alabilirsiniz.<\/p>\n<\/div>\n<\/div>\n","protected":false},"excerpt":{"rendered":"<p>Yok-etme-Siringa Tanidik Kelimeler: Lipoliz, Enjeksiyonlipoliz. Genel Yag-yok-etme-Siringa bir operasyonel olmayan Y\u00f6ntem y\u00fczde ve v\u00fccutta k\u00fcc\u00fck yag birikimlerin eliminasyon. Bu 1995 Brezilyali Doktor Patricia Ritters ilk d\u00f6nd\u00fc. Kac Medya Araciligiyla bu y\u00f6ntem tanittildi. Bey Doktor Kirsten bu Y\u00f6ntemi modife ve genisletti kombinasyonlarla baska aktif maddeler ve cihazlerle. 10 Yildan fazla enjeksiyonlipoliz bizim uygulama muyane Berlin Doktor Kirsten basariyla yapiliyor. Yag-yok-etme-Siringa nasil caliyor? Diger kimyasal aktif maddeler fosfatidilkolin PPC (soja fasulyesinden kazaniliyo ve kendi endojen fosfolipid icerir) ve deoksikolik asit DCA (safra [&hellip;]<\/p>\n","protected":false},"author":2,"featured_media":0,"parent":0,"menu_order":0,"comment_status":"closed","ping_status":"closed","template":"","meta":{"footnotes":""},"tags":[],"class_list":["post-171","page","type-page","status-publish","hentry"],"yoast_head":"<!-- This site is optimized with the Yoast SEO Premium plugin v22.5 (Yoast SEO v16.4) - https:\/\/yoast.com\/wordpress\/plugins\/seo\/ -->\n<title>Fett-weg-Spritze (Injektionen) Berlin - Lipo Spritze Berlin in Praxis Kirsten<\/title>\n<meta name=\"description\" content=\"Fett-weg-Spritze Berlin - nichtoperative Methode zur Beseitigung kleiner Fettansammlungen im Gesicht und am K\u00f6rper \u25ba Praxis Herr Juri Kirsten\" \/>\n<meta name=\"robots\" content=\"index, follow, max-snippet:-1, max-image-preview:large, max-video-preview:-1\" \/>\n<link rel=\"canonical\" href=\"https:\/\/kirsten-derma.de\/fett-weg-spritze-berlin\/\" \/>\n<meta property=\"og:locale\" content=\"tr_TR\" \/>\n<meta property=\"og:type\" content=\"article\" \/>\n<meta property=\"og:title\" content=\"Fett-weg-Spritze (Injektionen) Berlin - Lipo Spritze Berlin in Praxis Kirsten\" \/>\n<meta property=\"og:description\" content=\"Fett-weg-Spritze Berlin - nichtoperative Methode zur Beseitigung kleiner Fettansammlungen im Gesicht und am K\u00f6rper \u25ba Praxis Herr Juri Kirsten\" \/>\n<meta property=\"og:url\" content=\"https:\/\/kirsten-derma.de\/fett-weg-spritze-berlin\/\" \/>\n<meta property=\"og:site_name\" content=\"Praxis Juri Kirsten\" \/>\n<meta property=\"article:modified_time\" content=\"2019-06-24T10:30:55+00:00\" \/>\n<meta property=\"og:image\" content=\"https:\/\/kirsten-derma.de\/wp-content\/uploads\/2019\/06\/Fett-weg-Spritze-in-Berlin.jpg\" \/>\n<meta name=\"twitter:card\" content=\"summary\" \/>\n<meta name=\"twitter:label1\" content=\"Tahmini okuma s\u00fcresi\" \/>\n\t<meta name=\"twitter:data1\" content=\"2 dakika\" \/>\n<script type=\"application\/ld+json\" class=\"yoast-schema-graph\">{\"@context\":\"https:\/\/schema.org\",\"@graph\":[{\"@type\":\"WebSite\",\"@id\":\"https:\/\/kirsten-derma.de\/#website\",\"url\":\"https:\/\/kirsten-derma.de\/\",\"name\":\"Praxis Juri Kirsten\",\"description\":\"Facharzt f\\u00fcr Dermatologie und Allergologie Juri Kirsten Berlin\",\"potentialAction\":[{\"@type\":\"SearchAction\",\"target\":\"https:\/\/kirsten-derma.de\/?s={search_term_string}\",\"query-input\":\"required name=search_term_string\"}],\"inLanguage\":\"tr\"},{\"@type\":\"ImageObject\",\"@id\":\"https:\/\/kirsten-derma.de\/fett-weg-spritze-berlin\/#primaryimage\",\"inLanguage\":\"tr\",\"url\":\"https:\/\/kirsten-derma.de\/wp-content\/uploads\/2017\/02\/fett-weg-spritze-berlin.jpg\",\"contentUrl\":\"https:\/\/kirsten-derma.de\/wp-content\/uploads\/2017\/02\/fett-weg-spritze-berlin.jpg\",\"width\":\"724\",\"height\":\"350\",\"caption\":\"Fett-Weg-Spritze-Berlin\"},{\"@type\":\"WebPage\",\"@id\":\"https:\/\/kirsten-derma.de\/fett-weg-spritze-berlin\/#webpage\",\"url\":\"https:\/\/kirsten-derma.de\/fett-weg-spritze-berlin\/\",\"name\":\"Fett-weg-Spritze (Injektionen) Berlin - Lipo Spritze Berlin in Praxis Kirsten\",\"isPartOf\":{\"@id\":\"https:\/\/kirsten-derma.de\/#website\"},\"primaryImageOfPage\":{\"@id\":\"https:\/\/kirsten-derma.de\/fett-weg-spritze-berlin\/#primaryimage\"},\"datePublished\":\"2017-02-12T21:19:49+00:00\",\"dateModified\":\"2019-06-24T10:30:55+00:00\",\"description\":\"Fett-weg-Spritze Berlin - nichtoperative Methode zur Beseitigung kleiner Fettansammlungen im Gesicht und am K\\u00f6rper \\u25ba Praxis Herr Juri Kirsten\",\"breadcrumb\":{\"@id\":\"https:\/\/kirsten-derma.de\/fett-weg-spritze-berlin\/#breadcrumb\"},\"inLanguage\":\"tr\",\"potentialAction\":[{\"@type\":\"ReadAction\",\"target\":[\"https:\/\/kirsten-derma.de\/fett-weg-spritze-berlin\/\"]}]},{\"@type\":\"BreadcrumbList\",\"@id\":\"https:\/\/kirsten-derma.de\/fett-weg-spritze-berlin\/#breadcrumb\",\"itemListElement\":[{\"@type\":\"ListItem\",\"position\":1,\"item\":{\"@type\":\"WebPage\",\"@id\":\"https:\/\/kirsten-derma.de\/\",\"url\":\"https:\/\/kirsten-derma.de\/\",\"name\":\"Startseite\"}},{\"@type\":\"ListItem\",\"position\":2,\"item\":{\"@id\":\"https:\/\/kirsten-derma.de\/fett-weg-spritze-berlin\/#webpage\"}}]}]}<\/script>\n<!-- \/ Yoast SEO Premium plugin. -->","_links":{"self":[{"href":"https:\/\/kirsten-derma.de\/tr\/wp-json\/wp\/v2\/pages\/171","targetHints":{"allow":["GET"]}}],"collection":[{"href":"https:\/\/kirsten-derma.de\/tr\/wp-json\/wp\/v2\/pages"}],"about":[{"href":"https:\/\/kirsten-derma.de\/tr\/wp-json\/wp\/v2\/types\/page"}],"author":[{"embeddable":true,"href":"https:\/\/kirsten-derma.de\/tr\/wp-json\/wp\/v2\/users\/2"}],"replies":[{"embeddable":true,"href":"https:\/\/kirsten-derma.de\/tr\/wp-json\/wp\/v2\/comments?post=171"}],"version-history":[{"count":0,"href":"https:\/\/kirsten-derma.de\/tr\/wp-json\/wp\/v2\/pages\/171\/revisions"}],"wp:attachment":[{"href":"https:\/\/kirsten-derma.de\/tr\/wp-json\/wp\/v2\/media?parent=171"}],"wp:term":[{"taxonomy":"post_tag","embeddable":true,"href":"https:\/\/kirsten-derma.de\/tr\/wp-json\/wp\/v2\/tags?post=171"}],"curies":[{"name":"wp","href":"https:\/\/api.w.org\/{rel}","templated":true}]}}