{"id":175,"date":"2017-02-12T22:21:47","date_gmt":"2017-02-12T21:21:47","guid":{"rendered":"http:\/\/kd.myderma.de\/?page_id=175"},"modified":"2019-09-24T15:56:24","modified_gmt":"2019-09-24T13:56:24","slug":"narbenbehandlung-in-der-praxisklinik-doktor-kirsten-in-berlin","status":"publish","type":"page","link":"https:\/\/kirsten-derma.de\/tr\/yara-tedavileri-berlin\/","title":{"rendered":"Herr Kirstenin uygulama kliniginde Iz tedavileri Berlinde"},"content":{"rendered":"<div id=\"bild\" class=\"mod_article bild block\">\n<div class=\"ce_image hauptbild block\">\n<figure class=\"image_container\"><\/figure>\n<h1 class=\"heading\">Herr Kirstenin uygulama kliniginde Iz tedavileri Berlinde<\/h1>\n<p><img wpfc-lazyload-disable=\"true\" loading=\"lazy\" decoding=\"async\" width=\"724\" height=\"350\" class=\"alignnone size-full wp-image-1972\" src=\"https:\/\/kirsten-derma.de\/wp-content\/uploads\/2017\/02\/narbenbehandlung-berlin.jpg\" alt=\"narbenbehandlung-berlin\" srcset=\"https:\/\/kirsten-derma.de\/wp-content\/uploads\/2017\/02\/narbenbehandlung-berlin.jpg 724w, https:\/\/kirsten-derma.de\/wp-content\/uploads\/2017\/02\/narbenbehandlung-berlin-300x145.jpg 300w\" sizes=\"auto, (max-width: 724px) 100vw, 724px\" \/><\/p>\n<\/div>\n<\/div>\n<div id=\"yara_tedavisi\" class=\"mod_article block\">\n<div class=\"ce_text haupttext block\">\n<p>Tanidik Kelimeler: Izcogalma, Keloid tedavileri, Yanma izleri tedavisi.<\/p>\n<h2>Genel<\/h2>\n<p>Ameliyat sonrasi, kazalar ve yanmalarda veya Haslanmalar kalici izler birakabilir.Estetik haricindeki y\u00fckden izler ciltin esneme imkanini ve hareketi bozabilir.<\/p>\n<h3>Izlerin olusumunu<\/h3>\n<p>Cildimizi yaralar, bir kanama olur. Trombositler toplanir ve olusturulur, hizli kan durulmasina neden olur. Bu ikinci trombosit b\u00fcy\u00fcme fakt\u00f6rleri TGF-Beta-1, IGF-1, PDGF gibi olduguB<\/p>\n<p><img wpfc-lazyload-disable=\"true\" loading=\"lazy\" decoding=\"async\" title=\"B\u00fcy\u00fcme fakt\u00f6rleri\" src=\"https:\/\/kirsten-derma.de\/tl_files\/tiny_templates\/kirsten-derma\/Narbenbehandlung\/Growth%20Factor.jpg\" alt=\"B\u00fcy\u00fcme fakt\u00f6rleri\" width=\"500\" height=\"167\" \/><\/p>\n<p>Yayinlandi.Bu aktif maddeler, endojen baslatir, Kan damarlarinin b\u00fcy\u00fcmesini baslatmak, fibroblastlar aktive (bag dokusu h\u00fccreleri) ki kolajen sentezine yol acar.Yeni olusan kilcal ve yeni kolajen birlikte gran\u00fclasyon dokusu olusturma, hizli yara kapatma yol acar. Parallel, kertinositler vardir (Boynuz h\u00fccreleri) aktive eder, bir epitel ile yara neden (Cilt dokusunu kapsayan) kapalidir.Izleri yeniden ve onlarin olggunlasma 6-12 ay s\u00fcrebilir. Her sey sorunsuz giderse, bir normotrophe olusur (normal) Izler. Reklamin bir kusur icin yaranlanma \u00fczerinde ise ya da b\u00fcy\u00fcme fakt\u00f6rleri asirisi gergin lif olusturur,<\/p>\n<h3>Yara cesitleri<\/h3>\n<p><img wpfc-lazyload-disable=\"true\" loading=\"lazy\" decoding=\"async\" title=\"Taze normothrophe yaralar\" src=\"https:\/\/kirsten-derma.de\/tl_files\/tiny_templates\/kirsten-derma\/Narbenbehandlung\/Narbe%20normotrophisch-TUR.jpg\" alt=\"Taze normothrophe yaralar\" width=\"250\" height=\"245\" \/><\/p>\n<p>Taze normotrophe yaralar kirmizidir, hafif kabarik veya d\u00fcz.Hicbir tedaviye gerekmez, sadece bakim lazim.Yara kremler veya Silikon yapiskanlara da gerekmez!Normotrophe Yaralar kollajen iceren kozmetik veya kollajen polar maskelerle islatilir ve beklenilir, renk ve kendi ihtisami hem ger giderse.<\/p>\n<p>Olgun Normotrophe Yaralar dogrusaldir, incedir, Cilt seviyesi vardir ve Cilt rengi.<\/p>\n<p>Patoloji Yaraformlari yayilabilir, keloida kadar yaygin, derin pigmentasyon veya depigmented olabilir.<\/p>\n<p><img wpfc-lazyload-disable=\"true\" loading=\"lazy\" decoding=\"async\" title=\"Hipertrofik Yaralar\" src=\"https:\/\/kirsten-derma.de\/tl_files\/tiny_templates\/kirsten-derma\/Narbenbehandlung\/Narbe%20hypertrophisch-TUR.jpg\" alt=\"Hipertrofik Yaralar\" width=\"250\" height=\"248\" \/><\/p>\n<p>Hipertrofik Yaralar Yaralanma alansala sinirlidir, hiper veya hipopigmente ve sik olarak genc insanlarda cikar. Burada artmis kalin bir b\u00fcy\u00fcme g\u00f6steriyor, Yaralar kizarir, siki ve nerdeyse sert ve kasinma ile siklikla olur. Aksine hipertrofik Yaralar Keliodleri asan orjinal yara sinirlari ve ayrica b\u00fcy\u00fcyen t\u00fcm\u00f6r gibi.<\/p>\n<p><img wpfc-lazyload-disable=\"true\" loading=\"lazy\" decoding=\"async\" title=\"Yara Keloid\" src=\"https:\/\/kirsten-derma.de\/tl_files\/tiny_templates\/kirsten-derma\/Narbenbehandlung\/Narbe%20keloid-TUR.jpg\" alt=\"Yara Keloid\" width=\"250\" height=\"247\" \/><\/p>\n<p>Onlar g\u00fccl\u00fc olusturan ve genisletilmis Iltihab reaksiyon, hangi artirmis kollajen olusmunu tetikler. Bazi hastalar vardir, bu Keloid Yaralara egilimlidir.<\/p>\n<p><img wpfc-lazyload-disable=\"true\" loading=\"lazy\" decoding=\"async\" title=\"Atrofik Yaralar\" src=\"https:\/\/kirsten-derma.de\/tl_files\/tiny_templates\/kirsten-derma\/Narbenbehandlung\/Narbe%20atrophisch-TUR.jpg\" alt=\"Atrofik Yaralar\" width=\"250\" height=\"248\" \/><\/p>\n<p>Atrofik (hipertrofik) Yaralar gentik olarak cikabilir veya travmatik doku kaybi, iltihab s\u00fcrecler derin cilt dokularda (mesela Akne, Ucuk, Apseleri), ince olan ciltte ve yasla ilgili. Bir Yara bir bag dokusu bir sonucu olarak cevredeki cilt d\u00fczeyinin altinda d\u00fcserse, o zaman bir hipertrofik yra olarak adlandirilir. Agir hipertrofik Yaralar Atrofik yaralarda denilir. Bunlarda ama formuyla ve derinlige g\u00f6re degisebilir, d\u00fcz Yaralar Buz-izleri-Yaralar (derin delikler), Haddeleme Izleri (d\u00fcz, d\u00fcsm\u00fcs) ve Boxcar-Yaralar (krater formlu, delikli gibi).<\/p>\n<p>Depigmentasyon Yaralar ameliyat sonrasi, derin iltihablar, Lazer tedaviler ve Peelingler ile.Hiperpigmentasyon Yaralar koyu ciltlerde kasima sonrasinda cikabilir, agir UV-Isigi Hiperpigmentasyon ve kronik nedeniyle iltihablar.Akneyaralar, cogunlukla iltihab s\u00fcrecineden uzatma tarafindan sebep olan, asiri yara ayrimi olarak(hipertrofik Yaralar veya Keloidler)ve Atrofik Yaralar denilir.<\/p>\n<h3>Berlin muyanesinde Doktor Kirsten ile Yara tedavileri<\/h3>\n<p>Yara izleri daha az cekmek icin, tavsiyemiz, nekadar erken olursa bir Doktor yardimi almaya.Toplumsal iliskilerini l\u00fctfen takip etmeyiniz, bu sadece tedavisi icin yara &#8220;olgun&#8221;olmalidir. Nekadar Yara tedavi edilirse, okadar daha iyi sonuclar elde edebiliyoruz. Dikisler alma sonrasindan hemen sonra tedavi baslatilir.<\/p>\n<p>Bizim uygulama muyanemizde, Yara tedavisisinde uzmanlasmis olan, sizlere genis bir yelpazede sunan Yara tedavleri.<\/p>\n<p>Bir cerrahi yara d\u00fczeltme disinda, diger tedavi y\u00f6ntemleri sunuyoruz. Bir ilk Danismada uygulama muyanemizde Berlinde size Doktor Juri Kirsten sizi bilgilendirecektir, Sizin Yaralar bir Krioterapi, Mikro igneleme, Dermabrazyon, Lazertedavisi, Kendi yag terapisi Yag h\u00fccreler ile, Stanzexsion mesela Subcision, Fraksioynel Igne-radyodalgalar terapisi veya bir Peeling gerekli olup olmadigini.<\/p>\n<p>Mevcut olan cok sayida y\u00f6ntem bug\u00fcnlerde dogru bir reflexion anlanmli bir kullanim gereklidir ve tam bir planlama ve burada ayri ayri kombinasyonlari da kullanilacak olanlar.Bey Doktor Juri Kirsten asagidaki secimleri kriterlere g\u00f6re sececektir.<\/p>\n<h2>Cilt\u00f6rnek<\/h2>\n<p>Koyu cilt tiplerde (Tip 4-6) gerektigi ablatif Lazer veya Dermabrazyon ne, kimyasal Peeling ve Kryoterapikullanilir.Dikkatli kullanilan:Mikro igneleme, Intralezyon Kortikoidinjeksiyon ve Silikonokklusion mesela Silikonkompresyon.<\/p>\n<h2>Yara yaslar<\/h2>\n<p>Hipertrofik Yaralarda ve Keloidlerde Yara yasi cok \u00f6nemlidir.Yaralar, 1 senden az olanlar, ve hala cok kirmizi yaralar icin Kortikoidi uygun Intralezyonel enjeksiyonlar, bir Kiroterapi ve Silikonokklusion ile kombinlenebilinir.<\/p>\n<p>Yaralar 1 senden fazla olanlar, bu y\u00f6ntemler uygundur:Silikonokkulusion, Intralezyonel Enjeksiyon Kortikoiden ile, KTP Lazer veya Exzision ile bir sonra tedavisi ile.Burada Kortikoide, Fluorourasil veya Bleomycin yara kenarlari icine p\u00fcsk\u00fcrt\u00fclebilir, yerel enzim preparatlari ve yara terap\u00f6tikleri ile sogan \u00f6z\u00fc olarak uygulanabilinir.<\/p>\n<h2>Yaratipler ve Yara siddeti<\/h2>\n<p>Bireysel izleri bir Stanzexsision tarafindan cerrrahi olarak alabilirsiniz, y\u00fckseklik yumruk, bir Subcision ve\/veya bir dolgu implantasyonlari tedavi edilecek.Izler birden mikrodermabrazyon ile, kimyasal peeling, mikro igneleme veya fraksiyonel igne radyo dalgalar-terapi tedavi edilir.<\/p>\n<h2>Kesinti<\/h2>\n<p>Lazer gibi ablatif prosed\u00fcrler, kimyasal peeling veya Dermabrazyon bir iyi var, hizli basarisi, genellikle sadece bir seans gerekidir, ancak, basarisizlik s\u00fcresi genellikle 1 haftadan uzun oldugunu.Ablatifsiz prosed\u00fcr\u00fc mikro igneleme, igne-radyo dalgalar tedavisi ile, Mikrodermabrazyon yavas sonuclar getirecek (4-6 Ay sonra, bazen bile 1 sene sonra) ve bazen bir kac seans gereklidir, ama kesinti (Kesinti) 1 ile 2 G\u00fcn kisadir.<\/p>\n<p>T\u00fcm Tedavi secenekleri sizin icin yapilmistir ve sizin isteklerinize g\u00f6re. Doktor Kirsten size severek zaman ayiriyor ve sizinle isteklerinizi ve sorunlarizi bir Mezoterapisi danismada konusacaktir.Isterseniz telefonla veya <a href=\"https:\/\/kirsten-derma.de\/Ulasim.html\">Onlinetermin<\/a> bizim Belinde olan muyaenemizde alabilirsiniz.<\/p>\n<\/div>\n<\/div>\n","protected":false},"excerpt":{"rendered":"<p>Herr Kirstenin uygulama kliniginde Iz tedavileri Berlinde Tanidik Kelimeler: Izcogalma, Keloid tedavileri, Yanma izleri tedavisi. Genel Ameliyat sonrasi, kazalar ve yanmalarda veya Haslanmalar kalici izler birakabilir.Estetik haricindeki y\u00fckden izler ciltin esneme imkanini ve hareketi bozabilir. Izlerin olusumunu Cildimizi yaralar, bir kanama olur. Trombositler toplanir ve olusturulur, hizli kan durulmasina neden olur. Bu ikinci trombosit b\u00fcy\u00fcme fakt\u00f6rleri TGF-Beta-1, IGF-1, PDGF gibi olduguB Yayinlandi.Bu aktif maddeler, endojen baslatir, Kan damarlarinin b\u00fcy\u00fcmesini baslatmak, fibroblastlar aktive (bag dokusu h\u00fccreleri) ki kolajen sentezine yol acar.Yeni [&hellip;]<\/p>\n","protected":false},"author":2,"featured_media":0,"parent":0,"menu_order":0,"comment_status":"closed","ping_status":"closed","template":"","meta":{"footnotes":""},"tags":[261,259,263,262,257,260,258],"class_list":["post-175","page","type-page","status-publish","hentry","tag-behandlung-von-narben","tag-keloid-behandlung","tag-narben-behandeln-beim-arzt","tag-narben-entfernen-lassen","tag-narbenbehandlung-berlin","tag-verbrennungsnarben-behandlung","tag-wucherungsnarbe"],"yoast_head":"<!-- This site is optimized with the Yoast SEO Premium plugin v22.5 (Yoast SEO v16.4) - https:\/\/yoast.com\/wordpress\/plugins\/seo\/ -->\n<title>Narbenbehandlung Berlin, Narbenkorrektur, Microneedling, Laserbehan.<\/title>\n<meta name=\"description\" content=\"Narbenbehandlung Berlin, Narbenkorrektur, Microneedling, Laserbehandlung beim Arzt. Vereinbaren Sie eine individuelle Beratung. Tel. 03023621292\" \/>\n<meta name=\"robots\" content=\"index, follow, max-snippet:-1, max-image-preview:large, max-video-preview:-1\" \/>\n<link rel=\"canonical\" href=\"https:\/\/kirsten-derma.de\/ru\/letschenije-schramow-rubzov-klinika-doktor-kirsten-berlin\/\" \/>\n<meta property=\"og:locale\" content=\"tr_TR\" \/>\n<meta property=\"og:type\" content=\"article\" \/>\n<meta property=\"og:title\" content=\"Narbenbehandlung Berlin, Narbenkorrektur, Microneedling, Laserbehan.\" \/>\n<meta property=\"og:description\" content=\"Narbenbehandlung Berlin, Narbenkorrektur, Microneedling, Laserbehandlung beim Arzt. Vereinbaren Sie eine individuelle Beratung. Tel. 03023621292\" \/>\n<meta property=\"og:url\" content=\"https:\/\/kirsten-derma.de\/ru\/letschenije-schramow-rubzov-klinika-doktor-kirsten-berlin\/\" \/>\n<meta property=\"og:site_name\" content=\"Praxis Juri Kirsten\" \/>\n<meta property=\"article:modified_time\" content=\"2019-09-24T13:56:24+00:00\" \/>\n<meta property=\"og:image\" content=\"https:\/\/kirsten-derma.de\/wp-content\/uploads\/2019\/09\/Narbenbehandlung-Berlin-beim-Arzt.jpg\" \/>\n<meta name=\"twitter:card\" content=\"summary\" \/>\n<meta name=\"twitter:label1\" content=\"Tahmini okuma s\u00fcresi\" \/>\n\t<meta name=\"twitter:data1\" content=\"4 dakika\" \/>\n<script type=\"application\/ld+json\" class=\"yoast-schema-graph\">{\"@context\":\"https:\/\/schema.org\",\"@graph\":[{\"@type\":\"WebSite\",\"@id\":\"https:\/\/kirsten-derma.de\/#website\",\"url\":\"https:\/\/kirsten-derma.de\/\",\"name\":\"Praxis Juri Kirsten\",\"description\":\"Facharzt f\\u00fcr Dermatologie und Allergologie Juri Kirsten Berlin\",\"potentialAction\":[{\"@type\":\"SearchAction\",\"target\":\"https:\/\/kirsten-derma.de\/?s={search_term_string}\",\"query-input\":\"required name=search_term_string\"}],\"inLanguage\":\"tr\"},{\"@type\":\"ImageObject\",\"@id\":\"https:\/\/kirsten-derma.de\/ru\/letschenije-schramow-rubzov-klinika-doktor-kirsten-berlin\/#primaryimage\",\"inLanguage\":\"tr\",\"url\":\"https:\/\/kirsten-derma.de\/wp-content\/uploads\/2017\/02\/narbenbehandlung-berlin.jpg\",\"contentUrl\":\"https:\/\/kirsten-derma.de\/wp-content\/uploads\/2017\/02\/narbenbehandlung-berlin.jpg\",\"width\":\"724\",\"height\":\"350\",\"caption\":\"narbenbehandlung-berlin\"},{\"@type\":\"WebPage\",\"@id\":\"https:\/\/kirsten-derma.de\/ru\/letschenije-schramow-rubzov-klinika-doktor-kirsten-berlin\/#webpage\",\"url\":\"https:\/\/kirsten-derma.de\/ru\/letschenije-schramow-rubzov-klinika-doktor-kirsten-berlin\/\",\"name\":\"Narbenbehandlung Berlin, Narbenkorrektur, Microneedling, Laserbehan.\",\"isPartOf\":{\"@id\":\"https:\/\/kirsten-derma.de\/#website\"},\"primaryImageOfPage\":{\"@id\":\"https:\/\/kirsten-derma.de\/ru\/letschenije-schramow-rubzov-klinika-doktor-kirsten-berlin\/#primaryimage\"},\"datePublished\":\"2017-02-12T21:21:47+00:00\",\"dateModified\":\"2019-09-24T13:56:24+00:00\",\"description\":\"Narbenbehandlung Berlin, Narbenkorrektur, Microneedling, Laserbehandlung beim Arzt. Vereinbaren Sie eine individuelle Beratung. Tel. 03023621292\",\"breadcrumb\":{\"@id\":\"https:\/\/kirsten-derma.de\/ru\/letschenije-schramow-rubzov-klinika-doktor-kirsten-berlin\/#breadcrumb\"},\"inLanguage\":\"tr\",\"potentialAction\":[{\"@type\":\"ReadAction\",\"target\":[\"https:\/\/kirsten-derma.de\/ru\/letschenije-schramow-rubzov-klinika-doktor-kirsten-berlin\/\"]}]},{\"@type\":\"BreadcrumbList\",\"@id\":\"https:\/\/kirsten-derma.de\/ru\/letschenije-schramow-rubzov-klinika-doktor-kirsten-berlin\/#breadcrumb\",\"itemListElement\":[{\"@type\":\"ListItem\",\"position\":1,\"item\":{\"@type\":\"WebPage\",\"@id\":\"https:\/\/kirsten-derma.de\/\",\"url\":\"https:\/\/kirsten-derma.de\/\",\"name\":\"Startseite\"}},{\"@type\":\"ListItem\",\"position\":2,\"item\":{\"@id\":\"https:\/\/kirsten-derma.de\/ru\/letschenije-schramow-rubzov-klinika-doktor-kirsten-berlin\/#webpage\"}}]}]}<\/script>\n<!-- \/ Yoast SEO Premium plugin. -->","_links":{"self":[{"href":"https:\/\/kirsten-derma.de\/tr\/wp-json\/wp\/v2\/pages\/175","targetHints":{"allow":["GET"]}}],"collection":[{"href":"https:\/\/kirsten-derma.de\/tr\/wp-json\/wp\/v2\/pages"}],"about":[{"href":"https:\/\/kirsten-derma.de\/tr\/wp-json\/wp\/v2\/types\/page"}],"author":[{"embeddable":true,"href":"https:\/\/kirsten-derma.de\/tr\/wp-json\/wp\/v2\/users\/2"}],"replies":[{"embeddable":true,"href":"https:\/\/kirsten-derma.de\/tr\/wp-json\/wp\/v2\/comments?post=175"}],"version-history":[{"count":0,"href":"https:\/\/kirsten-derma.de\/tr\/wp-json\/wp\/v2\/pages\/175\/revisions"}],"wp:attachment":[{"href":"https:\/\/kirsten-derma.de\/tr\/wp-json\/wp\/v2\/media?parent=175"}],"wp:term":[{"taxonomy":"post_tag","embeddable":true,"href":"https:\/\/kirsten-derma.de\/tr\/wp-json\/wp\/v2\/tags?post=175"}],"curies":[{"name":"wp","href":"https:\/\/api.w.org\/{rel}","templated":true}]}}