{"id":177,"date":"2017-02-12T22:22:29","date_gmt":"2017-02-12T21:22:29","guid":{"rendered":"http:\/\/kd.myderma.de\/?page_id=177"},"modified":"2019-06-26T11:54:42","modified_gmt":"2019-06-26T09:54:42","slug":"behandlung-von-schwangerschaftsstreifen-und-dehnungsstreifen","status":"publish","type":"page","link":"https:\/\/kirsten-derma.de\/tr\/catlak-tedavisi-berlin\/","title":{"rendered":"Gebellik catlaklar ve yirtiklarin tedavisi"},"content":{"rendered":"<div id=\"bild\" class=\"mod_article bild block\">\n<h1 class=\"heading\">Gebellik catlaklar ve yirtiklarin tedavisi<\/h1>\n<p><img wpfc-lazyload-disable=\"true\" loading=\"lazy\" decoding=\"async\" width=\"724\" height=\"350\" class=\"alignnone size-full wp-image-1974\" src=\"https:\/\/kirsten-derma.de\/wp-content\/uploads\/2017\/02\/dehnungsstreifen-behandlung-berlin.jpg\" alt=\"dehnungsstreifen-behandlung-berlin\" srcset=\"https:\/\/kirsten-derma.de\/wp-content\/uploads\/2017\/02\/dehnungsstreifen-behandlung-berlin.jpg 724w, https:\/\/kirsten-derma.de\/wp-content\/uploads\/2017\/02\/dehnungsstreifen-behandlung-berlin-300x145.jpg 300w\" sizes=\"auto, (max-width: 724px) 100vw, 724px\" \/><\/p>\n<\/div>\n<div id=\"catlaklar\" class=\"mod_article block\">\n<div class=\"ce_text haupttext block\">\n<p>Tanidik Kelimeler: Catlaklarin yok etmesi, Gebellikcatlaklari yok etmek, Yirtiklarin tedavisi, Gebellikyirtiklari Lazer ile.<\/p>\n<p><a href=\"http:\/\/www.youtube.com\/watch?v=0Zj9rR8-0-I\" target=\"_blank\" rel=\"noopener noreferrer\"><img wpfc-lazyload-disable=\"true\" loading=\"lazy\" decoding=\"async\" title=\"Video Juri Kirsten Yirtik ve Catlaklar\" src=\"https:\/\/kirsten-derma.de\/tl_files\/tiny_templates\/kirsten-derma\/Dehnungsstreifen\/Video-Juri-Kirsten-Dehnungsstreifen-TUR.png\" alt=\"Video Juri Kirsten Yirtik ve Catlaklar\" width=\"340\" height=\"285\" \/><\/a><\/p>\n<h2>Genel<\/h2>\n<p>B\u00fcy\u00fcmenin sevinci ile, veya basit kapsamli artisin belirli bir v\u00fccut orani \u00fczerinde, genellikle s\u00f6zde olusumunu ile iliskilidir catlaklar veya yirtiklar ile baglidir.Bilimli alan onlar Striae gravidarum demek.<\/p>\n<p><img wpfc-lazyload-disable=\"true\" loading=\"lazy\" decoding=\"async\" title=\"Yirtik ve Ctalaklarin Tedavileri RF Mikro Igneleme Secret ile muyanede Doktor Kirsten Berlinde\" src=\"https:\/\/kirsten-derma.de\/tl_files\/tiny_templates\/kirsten-derma\/Dehnungsstreifen\/Behandlung%20Dehnungsstreifen%20mit%20RF%20Microneedling%20Secret%20in%20der%20Praxis%20Dr%20Kirsten%20Berlin.jpg\" alt=\"Yirtik ve Ctalaklarin Tedavileri RF Mikro Igneleme Secret ile muyanede Doktor Kirsten Berlinde\" width=\"270\" height=\"249\" \/><\/p>\n<p>V\u00fccut hizla b\u00fcy\u00fcyen, bu olabilir, belirli v\u00fccut b\u00f6l\u00fcmlerinde daha hizli kapsamli b\u00fcym\u00fcs olan, \u00fcstteki daha derini b\u00fcy\u00fcyebilir. Bu germe(bu nedenle adi-Esnemecatlaklar, Striae distensae).<\/p>\n<p>Esneme catlaklar sadece Gebellikde cimiyordur, bu belirti bir kortizon-terapisinde, Kilo alma veya b\u00fcy\u00fcme sirasinda hem Bayan ve Erkek de. V\u00fccut gelistirmede bile g\u00fccl\u00fc kaslar catlaklar denilir.<\/p>\n<p><img wpfc-lazyload-disable=\"true\" loading=\"lazy\" decoding=\"async\" title=\"V\u00fccut Gelistirmede Yirtiklar\" src=\"https:\/\/kirsten-derma.de\/tl_files\/tiny_templates\/kirsten-derma\/Dehnungsstreifen\/Dehnungsstreifen%20beim%20Bodybuilding.png\" alt=\"V\u00fccut Gelistirmede Yirtiklar\" width=\"270\" height=\"428\" \/><\/p>\n<h3>Catlaklarin nedeni?<\/h3>\n<p>Catlaklarin s\u00fcrecinde anlamanin m\u00fcmk\u00fcn\u00fc, eger cilt yapimi hakkinda biraz bilmek zorunda.Dermis Derin deri y\u00fczeyinde meshur kollajen tabakasi vardir-sorumludur, ciltin tombul, elastik ve genc g\u00f6r\u00fcnmesinde.<\/p>\n<p>Bu nedenle en kozmetik cilt problemlerine, mesela catlaklar , ama sadece yaralar yaslanmis cilt farkli degisik yaralamalar ve kolajen katindaki sorunlarla geri d\u00f6n\u00fcst\u00fcr\u00fclenilir.<\/p>\n<p><img wpfc-lazyload-disable=\"true\" loading=\"lazy\" decoding=\"async\" title=\"V\u00fccut Gelistirmede Yirtiklar\" src=\"https:\/\/kirsten-derma.de\/tl_files\/tiny_templates\/kirsten-derma\/Dehnungsstreifen\/Normale-Haut-vor-Dehnungsstreifen-Praxis-Dr-Juri-Kirsten-in-Berlin-TUR.png\" alt=\"V\u00fccut Gelistirmede Yirtiklar\" width=\"400\" height=\"219\" \/><\/p>\n<h3>Gebellikcatlaklarinin veya yirtiklarin nedenleri<\/h3>\n<p>Gebellikcatlaklarin veya yirtiklarinin nedenleri multi nedensel vardir ve cizgilerin olusumu gebellik sirasinda bircok fakt\u00f6re baglidir:<\/p>\n<ul>\n<li>zayif bag dokusu icin bir genetik degerlendirme;<\/li>\n<li>Asiri deri germe;<\/li>\n<li>Varolan kilolu veya ve g\u00fccl\u00fc bir kilo alma gebellik s\u00fcresinde;<\/li>\n<li>Hamilelik sirasinda hormon kortizol artisi, kollajen bozucu sonuclanan veya kollaje d\u00f6n\u00fcs\u00fcm icin deri ile sonuclanabilir.<\/li>\n<\/ul>\n<p>Asiri germe, neden olabilir, bu kollajenin parcalanmasi. \u00dcstde olan deri cilt katlar icerigi kaybeder ve d\u00fcser.B\u00f6ylece, yapi, degistirebilir ve doga cilt deri katlarinin ve tipik catlari g\u00f6r\u00fcyoruz.<\/p>\n<p><img wpfc-lazyload-disable=\"true\" loading=\"lazy\" decoding=\"async\" title=\"Resim Gebellikyirtiklar Tedavisi Resim muyane Doktor Juri Kirsten Berlinde\" src=\"https:\/\/kirsten-derma.de\/tl_files\/tiny_templates\/kirsten-derma\/Dehnungsstreifen\/Schema%20Schwangerschaftsstreifen%20Behandlung%20Schema%20Praxis%20Juri%20Kirsten%20in%20Berlin.png\" alt=\"Resim Gebellikyirtiklar Tedavisi Resim muyane Doktor Juri Kirsten Berlinde\" width=\"245\" height=\"200\" \/><\/p>\n<h3>Gebellikcatlaklar ve yirtiklarin tedavisi.<\/h3>\n<p>Gebellikcatlaklar ve yirtiklarin tedavisi \u00fcc temele dayalidir:<\/p>\n<p><img wpfc-lazyload-disable=\"true\" loading=\"lazy\" decoding=\"async\" title=\"3 Temel-Germe catlaklarinin Terapisi\" src=\"https:\/\/kirsten-derma.de\/tl_files\/tiny_templates\/kirsten-derma\/Dehnungsstreifen\/3-Saeulen-der-Therapie-von-Schwangerschaftsstreifen-und-Dehnungsstreifen-Praxis-Juri-Kirsten-in-Berlin-TUR.png\" alt=\"3 Temel-Germe catlaklarinin Terapisi\" width=\"500\" height=\"304\" \/><\/p>\n<ul>\n<li>Konsolidasyonun sadece \u00fcc Tedavi-y\u00f6ntemler terapi-sonucuna yol acar:<\/li>\n<li>Kollajen aciklari Dermiste telafi edilir;<\/li>\n<li>ve daha az g\u00f6r\u00fcn\u00fcr.<\/li>\n<\/ul>\n<h3>Fraksiyonel Lazer tedavisi<\/h3>\n<p>Lazer isiklari derin deri cilde direr ve cildin kurtarma s\u00fcrecini aktiflestirilir, yeni olusmunu Kollajen ve elastine yol acar.<\/p>\n<p><img wpfc-lazyload-disable=\"true\" loading=\"lazy\" decoding=\"async\" title=\"Fraksiyonel Lazer tedavisi\" src=\"https:\/\/kirsten-derma.de\/tl_files\/tiny_templates\/kirsten-derma\/Dehnungsstreifen\/Fraktionierte%20Laserbehandlung%20von%20Schwangerschaftsstreifen%20in%20der%20Praxis%20Dr%20Juri%20Kirsten%20in%20Berlin.png\" alt=\"Fraksiyonel Lazer tedavisi\" width=\"200\" height=\"472\" \/><\/p>\n<p>Aralarinda saglam deri k\u00f6pr\u00fcler kalir, \u00f6nemli \u00f6lc\u00fcde daha hizli kez sifalara ve az yan etkilere neden olur.<\/p>\n<h3>Mikro igineleme fraksiyonel radyo dalgalar Secret-RF cihaz ile<\/h3>\n<p>Son zamanlarda cok umut verici sonuclari olmustur Catlaklarin tedavisinde radyo dalgalar mikro igineleme ile-Secret RF Y\u00f6ntemi ile basarilir.<\/p>\n<h3>RF mikro igineleme nasil yapilir?<\/h3>\n<p>Radyo dalgali mikro igineleme bir modern, islemi son derece etkili yeniden yapilanma ve cildin yenilenmesi.Bu ultra-ince altin kaplama igneler derin deri icine cok \u00f6zel olan ve h\u00fccre tabakasina radyo frekansi yardimiyla bir isi nabizi verir.<\/p>\n<p>Deri y\u00fczeyinin igne kaynaklanan mikro yaralanmalar, g\u00fccl\u00fc bir tahris, v\u00fccudun kendi rejeneratif g\u00fccleri harekete gecirir.Muamele edilen y\u00fcz\u00fcndeki metabolizmasi normal durumda bir coklu hizlandirilmis.Fibroblast(Cilt h\u00fccreleri)\u00fcretilen b\u00fcy\u00fck miktarlarda bulunmaktadir ve cilt y\u00fczeyinin normal yoldan yenilemeye.<\/p>\n<p><img wpfc-lazyload-disable=\"true\" loading=\"lazy\" decoding=\"async\" title=\"Gebellikyirtiklarin tedavileri Mikro Igneleme RF Secret ile Doktor Juri Kirsten Berlin Sch\u00f6nebergde \" src=\"https:\/\/kirsten-derma.de\/tl_files\/tiny_templates\/kirsten-derma\/Dehnungsstreifen\/Behandlung%20von%20Schwangerschaftsstreifen%20mit%20Microneedling%20RF%20Secret%20Dr%20Juri%20Kirsten%20in%20Berlin%20Schoeneberg.png\" alt=\"Gebellikyirtiklarin tedavileri Mikro Igneleme RF Secret ile Doktor Juri Kirsten Berlin Sch\u00f6nebergde \" width=\"500\" height=\"310\" \/><\/p>\n<p>Isi darbesinin derin yasalari cilt eski kollajen yapilari patlatir ve v\u00fccudu zorlar, ayarlamak icin gecis kollajen tabakanin yeniden islemine koymak.<\/p>\n<p><img wpfc-lazyload-disable=\"true\" loading=\"lazy\" decoding=\"async\" title=\"Mikro Igneleme RF Secret Gebellikyirtiklarinin tedavileri muyane Doktor Juri Kirsten Berlinde\" src=\"https:\/\/kirsten-derma.de\/tl_files\/tiny_templates\/kirsten-derma\/Dehnungsstreifen\/Microneedling%20RF%20Secret%20Behandlung%20der%20Schwangerschaftstreifen%20Praxis%20Dr%20Juri%20Kirsten%20in%20Berlin.png\" alt=\"Mikro Igneleme RF Secret Gebellikyirtiklarinin tedavileri muyane Doktor Juri Kirsten Berlinde\" width=\"280\" height=\"378\" \/><\/p>\n<p>Daha fazla kolajen yapiyor cogunlukla tedavi bulunmamaktaydi \u00f6nce olarak \u00fcretilir.Yarali kollajen tabakasi kendi kendine iyilesme icin yogun uyarilir ve b\u00f6ylece ve yine kayip kollajen yapilara kadar.<\/p>\n<p>RF mikro igneleme tedavi olarak bu \u00f6zel etkin sayesinde, V\u00fccudun kendi bag dokusu taze olusturur ve b\u00f6ylece olusum kaynaginda istenmeyen sorun giderir.<\/p>\n<p>Bu nedenle, hastalarin sabir getirmek gerekir, RF mikro igneleme islevsel degil c\u00fcnk\u00fc, istenmeyen cikarilir ve yapay maddeler dolu eksikleri.Burada dogal bir s\u00fcrec vitese konulur, olan ilk etkisi genellikle 4-6 hafta sonra g\u00f6r\u00fcl\u00fcr. Tedavinin Son sonucu 10-12 Hafta sonra g\u00f6r\u00fcl\u00fcr.<\/p>\n<p>Optimum sonuclar catlaklarda 3-4 seans randevuzlar 4-6 hafta aralikla gerekli.Diger endikasyonlar, mesela yaralar genel cilt germeler, kirisik tedavisi ve cilt genclesmesi buna karsi, tedavi 2-3 seans ile basarili.<\/p>\n<p>Cesaret verici sonuclara ragmen cok dikkat etmek gerekir-c\u00fcnk\u00fc micro igineleme micro igineleme ile esit degildir.<\/p>\n<p>Harika bir deneyim gerektirir ve iyi ve g\u00fcvenilir bir uygulama cihaz mikro igneleme basarili ve g\u00fcvenli kullanilmasina. Kabul edilen bircok farkli fakt\u00f6r vardir ve sonunda tedavinin basari veya basarisizlik \u00fczerinde kalir. Tedavi yerinde deri has \u00f6zellikler de dahil olmak \u00fczere, gibi uygun lastik derin, ve radyo frekansi enerjisinin gerekli miktarda.<\/p>\n<h3>RF mikro igneleme ayni zamanda mikro igneleme degildir<\/h3>\n<p>Bu da cok \u00f6nemlidir, tedavi igneleme secenegi mikro gerceklestirilir. Bilinen bir mikro igneleme tedavi olarak adlandirilan bir cilt silindirle gerceklestirilir gibi, silindir igneleme \u00f6nceden belirlenmis bir derinlige sahip oldugu ve bu sadece cilt \u00fczerinde d\u00f6nd\u00fcr\u00fcl\u00fcr ve nedenleri cilt y\u00fczeyini k\u00fcc\u00fck mikro yaralanmalar neden olur. Radyo frekans RF Secret ile fraksyionel mikro igneleme icinde Doktor Juri Kirsten muyanesinde Berlin, tek tek tedavisi, ignelerin derinligi sirasinda ayarlanir ve cogu bile cesitli derin calisti. Saglamak icin bir yol, bu isi darbesi, oya radyo frekansi enerjisi verilmesi ie taburcu olur, her hedef tabakada geldiginde ve kollajen b\u00fcy\u00fcme ek bir uyarima neden olabilir.<\/p>\n<h3>Evde olan tedaviler<\/h3>\n<p>Kollajenliflerin onarim isleri desteklemek icin, evde olan tedaviler 0,25mm veya 0,5 mm Mesoroller ile haftada 1 Kez tavsiye edilir. Firma guanin fibroblast uyarici ampuller sizmak icin uygulanacak.<\/p>\n<p><img wpfc-lazyload-disable=\"true\" loading=\"lazy\" decoding=\"async\" title=\"Tedaviler Yirtiklarin Dermaroller ile evde\" src=\"https:\/\/kirsten-derma.de\/tl_files\/tiny_templates\/kirsten-derma\/Dehnungsstreifen\/Behandlung%20von%20Dehnungfsstreifen%20mit%20Dermaroller%20zuhause.png\" alt=\"Tedaviler Yirtiklarin Dermaroller ile evde\" width=\"480\" height=\"301\" \/><\/p>\n<p>Danisma sirasinda size Doktor Juri Kirsten catlaklarinin ve yirtiklarinin evde Mesoroller ile tedavisini size anlatacaktir.<\/p>\n<p>T\u00fcm Tedavi secenekleri sizin icin yapilmistir ve sizin isteklerinize g\u00f6re. Doktor Kirsten size severek zaman ayiriyor ve sizinle isteklerinizi ve sorunlarizi bir Mezoterapisi danismada konusacaktir.Isterseniz telefonla veya <a href=\"https:\/\/kirsten-derma.de\/Ulasim.html\">Onlinetermin<\/a> bizim Belinde olan muyaenemizde alabilirsiniz.<\/p>\n<\/div>\n<\/div>\n","protected":false},"excerpt":{"rendered":"<p>Gebellik catlaklar ve yirtiklarin tedavisi Tanidik Kelimeler: Catlaklarin yok etmesi, Gebellikcatlaklari yok etmek, Yirtiklarin tedavisi, Gebellikyirtiklari Lazer ile. Genel B\u00fcy\u00fcmenin sevinci ile, veya basit kapsamli artisin belirli bir v\u00fccut orani \u00fczerinde, genellikle s\u00f6zde olusumunu ile iliskilidir catlaklar veya yirtiklar ile baglidir.Bilimli alan onlar Striae gravidarum demek. V\u00fccut hizla b\u00fcy\u00fcyen, bu olabilir, belirli v\u00fccut b\u00f6l\u00fcmlerinde daha hizli kapsamli b\u00fcym\u00fcs olan, \u00fcstteki daha derini b\u00fcy\u00fcyebilir. Bu germe(bu nedenle adi-Esnemecatlaklar, Striae distensae). Esneme catlaklar sadece Gebellikde cimiyordur, bu belirti bir kortizon-terapisinde, Kilo alma [&hellip;]<\/p>\n","protected":false},"author":2,"featured_media":0,"parent":0,"menu_order":0,"comment_status":"closed","ping_status":"closed","template":"","meta":{"footnotes":""},"tags":[],"class_list":["post-177","page","type-page","status-publish","hentry"],"yoast_head":"<!-- This site is optimized with the Yoast SEO Premium plugin v22.5 (Yoast SEO v16.4) - https:\/\/yoast.com\/wordpress\/plugins\/seo\/ -->\n<title>Behandlung von Dehnungs- und Schwangerschaftsstreifen in Berlin<\/title>\n<meta name=\"description\" content=\"Dehnungsstreifen und Schwangerschaftsstreifen Behandlung in Berlin beim Arzt. Mittes Laser und\/oder Microneedling lassen sich fast alle Streifen behandeln.\" \/>\n<meta name=\"robots\" content=\"index, follow, max-snippet:-1, max-image-preview:large, max-video-preview:-1\" \/>\n<link rel=\"canonical\" href=\"https:\/\/kirsten-derma.de\/dehnungsstreifen-schwangerschaftsstreifen-entfernen-berlin\/\" \/>\n<meta property=\"og:locale\" content=\"tr_TR\" \/>\n<meta property=\"og:type\" content=\"article\" \/>\n<meta property=\"og:title\" content=\"Behandlung von Dehnungs- und Schwangerschaftsstreifen in Berlin\" \/>\n<meta property=\"og:description\" content=\"Dehnungsstreifen und Schwangerschaftsstreifen Behandlung in Berlin beim Arzt. Mittes Laser und\/oder Microneedling lassen sich fast alle Streifen behandeln.\" \/>\n<meta property=\"og:url\" content=\"https:\/\/kirsten-derma.de\/dehnungsstreifen-schwangerschaftsstreifen-entfernen-berlin\/\" \/>\n<meta property=\"og:site_name\" content=\"Praxis Juri Kirsten\" \/>\n<meta property=\"article:modified_time\" content=\"2019-06-26T09:54:42+00:00\" \/>\n<meta property=\"og:image\" content=\"https:\/\/kirsten-derma.de\/wp-content\/uploads\/2019\/06\/dehnungsstreifen-behandlung-berli-n.jpg\" \/>\n<meta name=\"twitter:card\" content=\"summary\" \/>\n<meta name=\"twitter:label1\" content=\"Tahmini okuma s\u00fcresi\" \/>\n\t<meta name=\"twitter:data1\" content=\"4 dakika\" \/>\n<script type=\"application\/ld+json\" class=\"yoast-schema-graph\">{\"@context\":\"https:\/\/schema.org\",\"@graph\":[{\"@type\":\"WebSite\",\"@id\":\"https:\/\/kirsten-derma.de\/#website\",\"url\":\"https:\/\/kirsten-derma.de\/\",\"name\":\"Praxis Juri Kirsten\",\"description\":\"Facharzt f\\u00fcr Dermatologie und Allergologie Juri Kirsten Berlin\",\"potentialAction\":[{\"@type\":\"SearchAction\",\"target\":\"https:\/\/kirsten-derma.de\/?s={search_term_string}\",\"query-input\":\"required name=search_term_string\"}],\"inLanguage\":\"tr\"},{\"@type\":\"ImageObject\",\"@id\":\"https:\/\/kirsten-derma.de\/dehnungsstreifen-schwangerschaftsstreifen-entfernen-berlin\/#primaryimage\",\"inLanguage\":\"tr\",\"url\":\"https:\/\/kirsten-derma.de\/wp-content\/uploads\/2017\/02\/dehnungsstreifen-behandlung-berlin.jpg\",\"contentUrl\":\"https:\/\/kirsten-derma.de\/wp-content\/uploads\/2017\/02\/dehnungsstreifen-behandlung-berlin.jpg\",\"width\":\"724\",\"height\":\"350\",\"caption\":\"dehnungsstreifen-behandlung-berlin\"},{\"@type\":\"WebPage\",\"@id\":\"https:\/\/kirsten-derma.de\/dehnungsstreifen-schwangerschaftsstreifen-entfernen-berlin\/#webpage\",\"url\":\"https:\/\/kirsten-derma.de\/dehnungsstreifen-schwangerschaftsstreifen-entfernen-berlin\/\",\"name\":\"Behandlung von Dehnungs- und Schwangerschaftsstreifen in Berlin\",\"isPartOf\":{\"@id\":\"https:\/\/kirsten-derma.de\/#website\"},\"primaryImageOfPage\":{\"@id\":\"https:\/\/kirsten-derma.de\/dehnungsstreifen-schwangerschaftsstreifen-entfernen-berlin\/#primaryimage\"},\"datePublished\":\"2017-02-12T21:22:29+00:00\",\"dateModified\":\"2019-06-26T09:54:42+00:00\",\"description\":\"Dehnungsstreifen und Schwangerschaftsstreifen Behandlung in Berlin beim Arzt. Mittes Laser und\/oder Microneedling lassen sich fast alle Streifen behandeln.\",\"breadcrumb\":{\"@id\":\"https:\/\/kirsten-derma.de\/dehnungsstreifen-schwangerschaftsstreifen-entfernen-berlin\/#breadcrumb\"},\"inLanguage\":\"tr\",\"potentialAction\":[{\"@type\":\"ReadAction\",\"target\":[\"https:\/\/kirsten-derma.de\/dehnungsstreifen-schwangerschaftsstreifen-entfernen-berlin\/\"]}]},{\"@type\":\"BreadcrumbList\",\"@id\":\"https:\/\/kirsten-derma.de\/dehnungsstreifen-schwangerschaftsstreifen-entfernen-berlin\/#breadcrumb\",\"itemListElement\":[{\"@type\":\"ListItem\",\"position\":1,\"item\":{\"@type\":\"WebPage\",\"@id\":\"https:\/\/kirsten-derma.de\/\",\"url\":\"https:\/\/kirsten-derma.de\/\",\"name\":\"Startseite\"}},{\"@type\":\"ListItem\",\"position\":2,\"item\":{\"@id\":\"https:\/\/kirsten-derma.de\/dehnungsstreifen-schwangerschaftsstreifen-entfernen-berlin\/#webpage\"}}]}]}<\/script>\n<!-- \/ Yoast SEO Premium plugin. -->","_links":{"self":[{"href":"https:\/\/kirsten-derma.de\/tr\/wp-json\/wp\/v2\/pages\/177","targetHints":{"allow":["GET"]}}],"collection":[{"href":"https:\/\/kirsten-derma.de\/tr\/wp-json\/wp\/v2\/pages"}],"about":[{"href":"https:\/\/kirsten-derma.de\/tr\/wp-json\/wp\/v2\/types\/page"}],"author":[{"embeddable":true,"href":"https:\/\/kirsten-derma.de\/tr\/wp-json\/wp\/v2\/users\/2"}],"replies":[{"embeddable":true,"href":"https:\/\/kirsten-derma.de\/tr\/wp-json\/wp\/v2\/comments?post=177"}],"version-history":[{"count":0,"href":"https:\/\/kirsten-derma.de\/tr\/wp-json\/wp\/v2\/pages\/177\/revisions"}],"wp:attachment":[{"href":"https:\/\/kirsten-derma.de\/tr\/wp-json\/wp\/v2\/media?parent=177"}],"wp:term":[{"taxonomy":"post_tag","embeddable":true,"href":"https:\/\/kirsten-derma.de\/tr\/wp-json\/wp\/v2\/tags?post=177"}],"curies":[{"name":"wp","href":"https:\/\/api.w.org\/{rel}","templated":true}]}}