{"id":179,"date":"2017-02-12T22:23:31","date_gmt":"2017-02-12T21:23:31","guid":{"rendered":"http:\/\/kd.myderma.de\/?page_id=179"},"modified":"2019-06-26T14:06:04","modified_gmt":"2019-06-26T12:06:04","slug":"behandlung-der-hyperhidrose-in-der-praxisklinik-doktor-kirsten-in-berlin","status":"publish","type":"page","link":"https:\/\/kirsten-derma.de\/tr\/deutsch-behandlung-der-hyperhidrose-in-der-praxisklinik-doktor-kirsten-in-berlin\/","title":{"rendered":"Hiperhidrozun Herr Kirsten uygulama muyanesinde Berlin tedavisi"},"content":{"rendered":"<div id=\"hiperhidroz-genel\" class=\"mod_article block\">\n<div class=\"ce_text haupttext block\">\n<h1 class=\"heading\">Hiperhidrozun Herr Kirsten uygulama muyanesinde Berlin tedavisi<\/h1>\n<p><img wpfc-lazyload-disable=\"true\" loading=\"lazy\" decoding=\"async\" width=\"724\" height=\"350\" class=\"alignnone size-full wp-image-1976\" src=\"https:\/\/kirsten-derma.de\/wp-content\/uploads\/2017\/02\/hyperhidrose_allgemein-1.jpg\" alt=\"hyperhidrose-berlin-allgemein\" srcset=\"https:\/\/kirsten-derma.de\/wp-content\/uploads\/2017\/02\/hyperhidrose_allgemein-1.jpg 724w, https:\/\/kirsten-derma.de\/wp-content\/uploads\/2017\/02\/hyperhidrose_allgemein-1-300x145.jpg 300w\" sizes=\"auto, (max-width: 724px) 100vw, 724px\" \/><\/p>\n<p>Tanidik Kelimeler: Ter bezin alinmasi, asiri terlemenin tedavisi, Koltuk altinda terleme, fazla olan Ter\u00fcretiminin terapisi.<\/p>\n<h2>Genel<\/h2>\n<p>Bir Insan 2 Milyonlarca Ter bezlerine sahiptir, cildin heryerinde var olmaktadir.\u00d6zellikle el iclerinde ve Ayak topuklarinda, Koltuk altinda ve alin kisimlarda bulunmaktadir.Terleme insanin v\u00fccudunda dogal bir islevdir ve isi dengesini kontrol etmektir.Aslinda Ter kokusuzdur, ama bakteriyel yerlesme ve terin bozulmasini bilinen hos olmayanv\u00fccut kokusu verebilir.Asiri terleme ile miktarina \u00fcretilen ter oldugunu isi kontrol\u00fc icin(termoregulasyon)\u00f6lc\u00fcs\u00fczce gereklidir.<\/p>\n<p>Tahmin edilen, Bu hiperhidroz altinda Almanyada 1-2% halkin aci cektigi.USA da yaklasik 4%altinda etkilenen ve daha fazla 17% bilgilenen, Asiri koltukalti Terleme rahatsiz, ama bu doktorla g\u00f6r\u00fcs\u00fclmelidigini olmamistir.<\/p>\n<h3>Hiperhidrozun nedenleri nedir?<\/h3>\n<p>Asiri terlemenin Nedenleri ikinci olarak farklilik, hasta ile ilgili Hiperhidroz (Tiroid hastaligi, Diyabet, hormonsal ve zihinsel hastaliklari)veya primer hiperhidroz, ter bezlerinin islev bozuklugu bir in yolunda oldugu.<\/p>\n<p><img wpfc-lazyload-disable=\"true\" loading=\"lazy\" decoding=\"async\" title=\"Ter Bezleri \" src=\"https:\/\/kirsten-derma.de\/tl_files\/tiny_templates\/kirsten-derma\/Hypergidrose\/Schweissdruese.png\" alt=\"Ter Bezleri \" width=\"250\" height=\"264\" \/><\/p>\n<p>Bu formda, bizim uygulama muyanede Berlin tedavi ettigimiz, ter \u00fcretimini asiyor 4-5 kez normal olan \u00fcretimi, hastanin g\u00fcnl\u00fck yasam b\u00fcy\u00fck \u00f6lc\u00fcde bozulmus.<\/p>\n<h3>Hangi tedavi y\u00f6ntemleri vardir?<\/h3>\n<p>Agir ve siddetli Terlemenin Tedavi y\u00f6ntemleri cesitleri vardir.Cesitli Antiperspiranlar (Ter durdurmasi)Al\u00fcminyum Klorid temeli, gecici daralan veya Ter bezlerinin tikanma y\u00fcr\u00fctme cikislarinda azaltma, kullanimda.Musluk suyu-iyontoforez Uzun Palmoplantar hiperhidroz icin tercih ortam olmustur(Ellerde Terleme ve Ayak topuklarda), Ama Koltukaltinda degil.<\/p>\n<p>Ikinci sik g\u00f6r\u00fclen Tedavi y\u00f6ntemleri Botulinum toksinin sicrama ardindan asetilkolin bir salma gelir(Nabiz transformat\u00f6r\u00fc Maddesi)durdurlur ve b\u00f6ylece bir engelleme Terl bezlerin sinir liflerin ulasir.Bu Tedavi opsiyonu etkilidir, ama pahali ve uzun s\u00fcreli degildir Devam Okuyunuz&#8230;<\/p>\n<p>En cok \u00fcc\u00fcnc\u00fc Y\u00f6ntem yapilan ameliyatli Ter bez alinmasi sayilir.Senelerdir, Geleneksel ek olarak klasik Terbez k\u00fcrtaji, bizim uygulama muyanede Doktor Kirsten Berlin ter bezleri emis k\u00fcrtaji \u00f6zel kan\u00fcller ile.Bu tekmik faydalidir, ancak cok caba ve hastanin sabira oldukca bir kesinti gerekir.Tekerr\u00fcr qoute, bizim tecr\u00fcbeye g\u00f6re, yaklasik 18-20% yer alir.Devam Okuyunuz\u2026<\/p>\n<p>Tedavinin Bir Yenilikci Y\u00f6ntemi Koltuk altlarinin radyo dalgali Termo terapisi(RFTT).Etki mekanizmasi gizli radyo dalgali-prosed\u00fcr\u00fc Bipolar RF enerji yardmiyla kaynagina dayali, Cilt derisine Ignelerle derinlige, tam Ter bezlerinin olduguna yapilir.Hissedilen Sicaklilik Ter bezlerinin tamamen bozmalidir.Devam Okuyunuz\u2026<\/p>\n<p>Asiri aktif ter bezlerinin kesin Lokalizasyonu icin Koltuk altlarinin tedaviden \u00f6nce bizim uygulama muyanede Berlinde bir iyot testi yapilir.<\/p>\n<p><img wpfc-lazyload-disable=\"true\" loading=\"lazy\" decoding=\"async\" title=\"Koltuk altlarindaki ter bezlerinin tedavisi \" src=\"https:\/\/kirsten-derma.de\/tl_files\/tiny_templates\/kirsten-derma\/Hypergidrose\/Hyperhidrose2.png\" alt=\"Koltuk altlarindaki ter bezlerinin tedavisi \" width=\"420\" height=\"139\" \/><\/p>\n<p>Bu nedenle Koltuk altlarinin koyulasmaina neden olur, asiri koyu mavi veya siyah g\u00f6sterir.Tedavi edilen b\u00f6lge cizilir.<\/p>\n<p><iframe loading=\"lazy\" title=\"Hyperhidrose RFTT Behandlung mit Radiofrequenz Thermo Therapie in Praxis Dr. Juri Kirsten in Berlin\" width=\"756\" height=\"425\" src=\"https:\/\/www.youtube.com\/embed\/IwpOYwUhOXQ?feature=oembed\" frameborder=\"0\" allow=\"accelerometer; autoplay; encrypted-media; gyroscope; picture-in-picture\" allowfullscreen><\/iframe><\/p>\n<\/div>\n<div class=\"ce_ytvideo videoklasse ce_video block\"><\/div>\n<div class=\"ce_text haupttext block\">\n<h3>Bizim \u00f6nerilerimiz Hiperhidroz-Hastalar icin<\/h3>\n<p>Bizim umudumuz, Tedaviden sonra bizim uygulama muyanede Berlinde Doktor Juri Kirsten sonunda az terlersiniz.G\u00fcnl\u00fck yasamda yardimci olmak icin asagida listelenen \u00f6neriler:<\/p>\n<ul>\n<li>Koltuk altlarindaki Killari azaltiniz;<\/li>\n<li>Plastikden hicbir dar olan giysi giymeyiniz.Pamuk ve ketenden tercih ediniz;<\/li>\n<li>Eger kiloluysaniz, kilo vermeye calisiniz. Az ve kolayca sindirlebilir yemek t\u00fcketiniz et veya balik, havuc veya kabak;<\/li>\n<li>Acili veya baharatli, Sogan ve sarimsak vazgeciniz;<\/li>\n<li>Dikkat ediniz, Alkol, kafein ve sigara t\u00fcketme ter bezlprodusyon destekler;<\/li>\n<li>Rahatlama teknikleri \u00f6greniniz mesela Yoga, Tai Chi, Qi Gong veya Otojen Egitimi;<\/li>\n<li>Bunu d\u00fcs\u00fcn\u00fcn ki, Bu Y\u00fcr\u00fcme gibi dayanaklilik spor, Bisiklet veya Y\u00fczme, veya baska Sauna ziyaretleri hareketleri Damarlar ve Ter bezlerin oldugu.B\u00f6ylece V\u00fccudun Isitoleransi egitilir ve ter bez \u00fcretimini azaltir.<\/li>\n<\/ul>\n<p>Bizim muyanede bir randevuz aliniz ve bir ilk sohbet icin arayiniz.T\u00fcm Tedavi secenekleri sizin icin yapilmistir ve sizin isteklerinize g\u00f6re.Doktor Kirsten size severek zaman ayiriyor ve sizinle isteklerinizi ve sorunlarizi bir El genclestirmes danismada konusacaktir.Isterseniz telefonla veya <a href=\"https:\/\/kirsten-derma.de\/Ulasim.html\">Onlinetermin<\/a> bizim Belinde olan muyaenemizde alabilirsiniz.<\/p>\n<\/div>\n<\/div>\n","protected":false},"excerpt":{"rendered":"<p>Hiperhidrozun Herr Kirsten uygulama muyanesinde Berlin tedavisi Tanidik Kelimeler: Ter bezin alinmasi, asiri terlemenin tedavisi, Koltuk altinda terleme, fazla olan Ter\u00fcretiminin terapisi. Genel Bir Insan 2 Milyonlarca Ter bezlerine sahiptir, cildin heryerinde var olmaktadir.\u00d6zellikle el iclerinde ve Ayak topuklarinda, Koltuk altinda ve alin kisimlarda bulunmaktadir.Terleme insanin v\u00fccudunda dogal bir islevdir ve isi dengesini kontrol etmektir.Aslinda Ter kokusuzdur, ama bakteriyel yerlesme ve terin bozulmasini bilinen hos olmayanv\u00fccut kokusu verebilir.Asiri terleme ile miktarina \u00fcretilen ter oldugunu isi kontrol\u00fc icin(termoregulasyon)\u00f6lc\u00fcs\u00fczce gereklidir. Tahmin edilen, [&hellip;]<\/p>\n","protected":false},"author":2,"featured_media":0,"parent":0,"menu_order":0,"comment_status":"closed","ping_status":"closed","template":"","meta":{"footnotes":""},"tags":[],"class_list":["post-179","page","type-page","status-publish","hentry"],"yoast_head":"<!-- This site is optimized with the Yoast SEO Premium plugin v22.5 (Yoast SEO v16.4) - https:\/\/yoast.com\/wordpress\/plugins\/seo\/ -->\n<title>Behandlung der Hyperhidrose (\u00dcberm\u00e4\u00dfiges Schwitzen), Anti-Schwei\u00df-Behandlung in Berlin mit Radiofrequenz-Thermotherapie (RFTT), Botox\u00ae - Kirsten-derma<\/title>\n<meta name=\"description\" content=\"Herr Juri Kirsten in Berlin ist Facharzt f\u00fcr Dermatologie, kompetenter Facharzt, Behandlungsqualit\u00e4t auf hohem Niveau, und informiert \u00fcber Sch\u00f6nheitsoperationen wie die Fettabsaugung, Fettabsaugen, Eigenfetttransplantation, Faltenbehandlung, Stammzellen, Plasmalifting, Facelifting ohne Skalpell, Fadenlifting und Faltenunterspritzung.\" \/>\n<meta name=\"robots\" content=\"index, follow, max-snippet:-1, max-image-preview:large, max-video-preview:-1\" \/>\n<link rel=\"canonical\" href=\"https:\/\/kirsten-derma.de\/hyperhidrose-schwitzen-allgemeine-information-berlin\/\" \/>\n<meta property=\"og:locale\" content=\"tr_TR\" \/>\n<meta property=\"og:type\" content=\"article\" \/>\n<meta property=\"og:title\" content=\"Behandlung der Hyperhidrose (\u00dcberm\u00e4\u00dfiges Schwitzen), Anti-Schwei\u00df-Behandlung in Berlin mit Radiofrequenz-Thermotherapie (RFTT), Botox\u00ae - Kirsten-derma\" \/>\n<meta property=\"og:description\" content=\"Herr Juri Kirsten in Berlin ist Facharzt f\u00fcr Dermatologie, kompetenter Facharzt, Behandlungsqualit\u00e4t auf hohem Niveau, und informiert \u00fcber Sch\u00f6nheitsoperationen wie die Fettabsaugung, Fettabsaugen, Eigenfetttransplantation, Faltenbehandlung, Stammzellen, Plasmalifting, Facelifting ohne Skalpell, Fadenlifting und Faltenunterspritzung.\" \/>\n<meta property=\"og:url\" content=\"https:\/\/kirsten-derma.de\/hyperhidrose-schwitzen-allgemeine-information-berlin\/\" \/>\n<meta property=\"og:site_name\" content=\"Praxis Juri Kirsten\" \/>\n<meta property=\"article:modified_time\" content=\"2019-06-26T12:06:04+00:00\" \/>\n<meta property=\"og:image\" content=\"https:\/\/kirsten-derma.de\/wp-content\/uploads\/2017\/02\/hyperhidrose_allgemein-1.jpg\" \/>\n<meta name=\"twitter:card\" content=\"summary\" \/>\n<meta name=\"twitter:label1\" content=\"Tahmini okuma s\u00fcresi\" \/>\n\t<meta name=\"twitter:data1\" content=\"3 dakika\" \/>\n<script type=\"application\/ld+json\" class=\"yoast-schema-graph\">{\"@context\":\"https:\/\/schema.org\",\"@graph\":[{\"@type\":\"WebSite\",\"@id\":\"https:\/\/kirsten-derma.de\/#website\",\"url\":\"https:\/\/kirsten-derma.de\/\",\"name\":\"Praxis Juri Kirsten\",\"description\":\"Facharzt f\\u00fcr Dermatologie und Allergologie Juri Kirsten Berlin\",\"potentialAction\":[{\"@type\":\"SearchAction\",\"target\":\"https:\/\/kirsten-derma.de\/?s={search_term_string}\",\"query-input\":\"required name=search_term_string\"}],\"inLanguage\":\"tr\"},{\"@type\":\"ImageObject\",\"@id\":\"https:\/\/kirsten-derma.de\/hyperhidrose-schwitzen-allgemeine-information-berlin\/#primaryimage\",\"inLanguage\":\"tr\",\"url\":\"https:\/\/kirsten-derma.de\/wp-content\/uploads\/2017\/02\/hyperhidrose_allgemein-1.jpg\",\"contentUrl\":\"https:\/\/kirsten-derma.de\/wp-content\/uploads\/2017\/02\/hyperhidrose_allgemein-1.jpg\",\"width\":\"724\",\"height\":\"350\",\"caption\":\"hyperhidrose-berlin-allgemein\"},{\"@type\":\"WebPage\",\"@id\":\"https:\/\/kirsten-derma.de\/hyperhidrose-schwitzen-allgemeine-information-berlin\/#webpage\",\"url\":\"https:\/\/kirsten-derma.de\/hyperhidrose-schwitzen-allgemeine-information-berlin\/\",\"name\":\"Behandlung der Hyperhidrose (\\u00dcberm\\u00e4\\u00dfiges Schwitzen), Anti-Schwei\\u00df-Behandlung in Berlin mit Radiofrequenz-Thermotherapie (RFTT), Botox\\u00ae - Kirsten-derma\",\"isPartOf\":{\"@id\":\"https:\/\/kirsten-derma.de\/#website\"},\"primaryImageOfPage\":{\"@id\":\"https:\/\/kirsten-derma.de\/hyperhidrose-schwitzen-allgemeine-information-berlin\/#primaryimage\"},\"datePublished\":\"2017-02-12T21:23:31+00:00\",\"dateModified\":\"2019-06-26T12:06:04+00:00\",\"description\":\"Herr Juri Kirsten in Berlin ist Facharzt f\\u00fcr Dermatologie, kompetenter Facharzt, Behandlungsqualit\\u00e4t auf hohem Niveau, und informiert \\u00fcber Sch\\u00f6nheitsoperationen wie die Fettabsaugung, Fettabsaugen, Eigenfetttransplantation, Faltenbehandlung, Stammzellen, Plasmalifting, Facelifting ohne Skalpell, Fadenlifting und Faltenunterspritzung.\",\"breadcrumb\":{\"@id\":\"https:\/\/kirsten-derma.de\/hyperhidrose-schwitzen-allgemeine-information-berlin\/#breadcrumb\"},\"inLanguage\":\"tr\",\"potentialAction\":[{\"@type\":\"ReadAction\",\"target\":[\"https:\/\/kirsten-derma.de\/hyperhidrose-schwitzen-allgemeine-information-berlin\/\"]}]},{\"@type\":\"BreadcrumbList\",\"@id\":\"https:\/\/kirsten-derma.de\/hyperhidrose-schwitzen-allgemeine-information-berlin\/#breadcrumb\",\"itemListElement\":[{\"@type\":\"ListItem\",\"position\":1,\"item\":{\"@type\":\"WebPage\",\"@id\":\"https:\/\/kirsten-derma.de\/\",\"url\":\"https:\/\/kirsten-derma.de\/\",\"name\":\"Startseite\"}},{\"@type\":\"ListItem\",\"position\":2,\"item\":{\"@id\":\"https:\/\/kirsten-derma.de\/hyperhidrose-schwitzen-allgemeine-information-berlin\/#webpage\"}}]}]}<\/script>\n<!-- \/ Yoast SEO Premium plugin. -->","_links":{"self":[{"href":"https:\/\/kirsten-derma.de\/tr\/wp-json\/wp\/v2\/pages\/179","targetHints":{"allow":["GET"]}}],"collection":[{"href":"https:\/\/kirsten-derma.de\/tr\/wp-json\/wp\/v2\/pages"}],"about":[{"href":"https:\/\/kirsten-derma.de\/tr\/wp-json\/wp\/v2\/types\/page"}],"author":[{"embeddable":true,"href":"https:\/\/kirsten-derma.de\/tr\/wp-json\/wp\/v2\/users\/2"}],"replies":[{"embeddable":true,"href":"https:\/\/kirsten-derma.de\/tr\/wp-json\/wp\/v2\/comments?post=179"}],"version-history":[{"count":0,"href":"https:\/\/kirsten-derma.de\/tr\/wp-json\/wp\/v2\/pages\/179\/revisions"}],"wp:attachment":[{"href":"https:\/\/kirsten-derma.de\/tr\/wp-json\/wp\/v2\/media?parent=179"}],"wp:term":[{"taxonomy":"post_tag","embeddable":true,"href":"https:\/\/kirsten-derma.de\/tr\/wp-json\/wp\/v2\/tags?post=179"}],"curies":[{"name":"wp","href":"https:\/\/api.w.org\/{rel}","templated":true}]}}