{"id":183,"date":"2017-02-12T22:25:02","date_gmt":"2017-02-12T21:25:02","guid":{"rendered":"http:\/\/kd.myderma.de\/?page_id=183"},"modified":"2019-09-05T18:40:51","modified_gmt":"2019-09-05T16:40:51","slug":"operative-behandlung-der-hyperhidrose-durch-die-absaugung-und-kuerretage-der-axillaeren-schweissdruesen-in-der-praxisklinik-juri-kirsten-in-berlin","status":"publish","type":"page","link":"https:\/\/kirsten-derma.de\/tr\/terleme-tedavisi-icin-estetik-ameliyatlar-berlin\/","title":{"rendered":"Hiperhidrosun operatif tedaviler Yag aldirma ve Koltuk altlarinin Ter bezlerinin K\u00fcrtaji Uygulama muyane Berlin Juri Kirsten"},"content":{"rendered":"<div id=\"operatif-ter-bez-alinmasi\" class=\"mod_article block\">\n<div class=\"ce_text haupttext block\">\n<h1 class=\"heading\">Hiperhidrosun operatif tedaviler Yag aldirma ve Koltuk altlarinin Ter bezlerinin K\u00fcrtaji Uygulama muyane Berlin Juri Kirsten<\/h1>\n<p><img wpfc-lazyload-disable=\"true\" loading=\"lazy\" decoding=\"async\" width=\"724\" height=\"350\" class=\"alignnone size-full wp-image-1980\" src=\"https:\/\/kirsten-derma.de\/wp-content\/uploads\/2017\/02\/schweissdruesen_op-1.jpg\" alt=\"schweissdruesen-op-berlin\" srcset=\"https:\/\/kirsten-derma.de\/wp-content\/uploads\/2017\/02\/schweissdruesen_op-1.jpg 724w, https:\/\/kirsten-derma.de\/wp-content\/uploads\/2017\/02\/schweissdruesen_op-1-300x145.jpg 300w\" sizes=\"auto, (max-width: 724px) 100vw, 724px\" \/><\/p>\n<p>Tanidik Kelimeler: Operatif Ter bez alinmasi, Ter bezlerinin Yag aldirmasi, Terlemeye ameliyat, ter bezlerinin alinmasi.<\/p>\n<h2>Genel<\/h2>\n<p>Bir operatif Koltuk alti Ter Bez alinmasi s\u00fcrd\u00fcr\u00fclebilir bir alternatif saglar Botox\u00ae Tedavileri temsil eder.Bu Tedaviyle bir operatif m\u00fcdahale ile bizim uygualam muyane Hastalara y\u00f6ntemi sunuyoruz, Hiperhidroza bu aciyi bizim uygulama muyanede Berlin semptinde etki bicimde tedavi etmeye.<\/p>\n<h3>Nasil tedavi edilir?<\/h3>\n<p>Dogru Lokalizasyon icin asiri aktif olan Ter bez ameliyatdan \u00f6nce Koltuk alti Ter bezlerinde Koltuk altlarinda bizim uygulama muyanede Berlinde bir Iyot Testi Min\u00f6r sonra yapilir. B\u00f6ylece aktif olan Ter bezlerinde bir koyulasma olur, asiri derecede koyu mavi veya siyah olana kadar.Ameliyat edilen cilt b\u00f6lge isaretlenilir.<\/p>\n<p>Bir az ayrintili olan ameliyat m\u00fcdahalesi, poliklinik gecen ve sadece 30 ile 40 Dakkika s\u00fcren, bir \u00f6zel Siskinlik (Tuzlu su C\u00f6zeltisi karisimi lokal anestetik ile)Koltuk alti b\u00f6lgeye enjekte edilir.Bekleme s\u00fcresi sonrasi 1 saat ile Hastalarin Koltuk altlari \u00f6zel ince bir emmekan\u00fcl b\u00fcy\u00fck payi ile alinilir.Bu Koltuk alti alinmada yag aldirma ile size lokal anestezi yapilir ve tedavi sirasinda hic bir sanci hissiniz hisetmiceksiniz.Bir uyku veya sakinlestirme de yapilanabilinir.<\/p>\n<h3>Yan etkiler olabilir mi?<\/h3>\n<p>Aksillerin Ter bezin Yag alinmasi derin olan sinirlere zarar vermez. Ama bu m\u00fcdahalede Sislikler ve Morarmalar cikabilir, Omuzlarda hareketsizlige 2-3 hafta ameliyatdan sonra neden olabilir.<\/p>\n<h3>Ameliyat sonrasi neye dikkat etmem gerekir?<\/h3>\n<p>En \u00f6nemlisi, Koltuk altlarindaki ter bezlerinin yag alinmasi sonrasi bizim uygulama muyanede Doktor Kirsten dikkat etmeniz gereken, d\u00fczenli olarak sikistirma ic camasiri tasimaniza.<\/p>\n<p><img wpfc-lazyload-disable=\"true\" loading=\"lazy\" decoding=\"async\" title=\"Hiperhidrozun tedavisi muyane Doktor kirsten Berlinde \" src=\"https:\/\/kirsten-derma.de\/tl_files\/tiny_templates\/kirsten-derma\/Schweissdruesenentfernung\/Armbandage-nach-Schweissdruesenentfernung-Praxisklinik-Dr-Kirsten-in-Berlin.png\" alt=\"Hiperhidrozun tedavisi muyane Doktor kirsten Berlinde \" width=\"150\" height=\"340\" \/><\/p>\n<p>Bu baskiyla hematomlar ve Siskinlikler azalir.Sauna ve solarium ve Y\u00fczme ziyaretler bu s\u00fcrecde 4 Hafta gitmemenize tavsiye ederiz.<\/p>\n<h3>Bu tedaviden sonra bu b\u00f6lgelerde asiri terleme olabilir mi?<\/h3>\n<p>Genelde asiri bir terleme olmamaidir-b\u00f6ylece tedavi edilen b\u00f6lgeler Ter bez miktarlari, ciltde dagilmasi, cok k\u00fcc\u00fck ve gereksizdir.<\/p>\n<h3>Koltuk altlarinin Ter bez yag alinmasi basari orani nekadar y\u00fcksektir?<\/h3>\n<p>Sonuclar cok y\u00fcksektir ve basariumut verici.Ama uzun yil tecr\u00fcbeyle yinelenme orani ameliyat sonrasi 18-20%.Bu durumda bir D\u00fczeltme-ameliyati veya baska tedaviy\u00f6ntemi alinabilinir.<\/p>\n<p>Bir randevuz veya Termin ilk danisma icin bizim uygulama muyanede Juri Kirsten Berlinde aliniz.T\u00fcm Tedavi secenekleri sizin icin yapilmistir ve sizin isteklerinize g\u00f6re.Doktor Kirsten size severek zaman ayiriyor ve sizinle isteklerinizi ve sorunlarizi bir ter bez alinma danismada konusacaktir.Isterseniz telefonla veya <a href=\"https:\/\/kirsten-derma.de\/Ulasim.html\">Onlinetermin<\/a> bizim Belinde olan muyaenemizde alabilirsiniz.<\/p>\n<\/div>\n<\/div>\n","protected":false},"excerpt":{"rendered":"<p>Hiperhidrosun operatif tedaviler Yag aldirma ve Koltuk altlarinin Ter bezlerinin K\u00fcrtaji Uygulama muyane Berlin Juri Kirsten Tanidik Kelimeler: Operatif Ter bez alinmasi, Ter bezlerinin Yag aldirmasi, Terlemeye ameliyat, ter bezlerinin alinmasi. Genel Bir operatif Koltuk alti Ter Bez alinmasi s\u00fcrd\u00fcr\u00fclebilir bir alternatif saglar Botox\u00ae Tedavileri temsil eder.Bu Tedaviyle bir operatif m\u00fcdahale ile bizim uygualam muyane Hastalara y\u00f6ntemi sunuyoruz, Hiperhidroza bu aciyi bizim uygulama muyanede Berlin semptinde etki bicimde tedavi etmeye. Nasil tedavi edilir? Dogru Lokalizasyon icin asiri aktif olan Ter [&hellip;]<\/p>\n","protected":false},"author":2,"featured_media":0,"parent":0,"menu_order":0,"comment_status":"closed","ping_status":"closed","template":"","meta":{"footnotes":""},"tags":[],"class_list":["post-183","page","type-page","status-publish","hentry"],"yoast_head":"<!-- This site is optimized with the Yoast SEO Premium plugin v22.5 (Yoast SEO v16.4) - https:\/\/yoast.com\/wordpress\/plugins\/seo\/ -->\n<title>Entfernung der Schwei\u00dfdr\u00fcsen operativ in Berlin - Praxis Juri Kristen Berlin<\/title>\n<meta name=\"description\" content=\"Entfernung der Schwei\u00dfdr\u00fcsen Berlin. Operative Behandlung der Hyperhidrose durch die Entfernung der Schwei\u00dfdr\u00fcsen. Individuelle Beratung. Tel. 03023621292\" \/>\n<meta name=\"robots\" content=\"index, follow, max-snippet:-1, max-image-preview:large, max-video-preview:-1\" \/>\n<link rel=\"canonical\" href=\"https:\/\/kirsten-derma.de\/schweissdruesen-entfernung-absaugung-berlin\/\" \/>\n<meta property=\"og:locale\" content=\"tr_TR\" \/>\n<meta property=\"og:type\" content=\"article\" \/>\n<meta property=\"og:title\" content=\"Entfernung der Schwei\u00dfdr\u00fcsen operativ in Berlin - Praxis Juri Kristen Berlin\" \/>\n<meta property=\"og:description\" content=\"Entfernung der Schwei\u00dfdr\u00fcsen Berlin. Operative Behandlung der Hyperhidrose durch die Entfernung der Schwei\u00dfdr\u00fcsen. Individuelle Beratung. Tel. 03023621292\" \/>\n<meta property=\"og:url\" content=\"https:\/\/kirsten-derma.de\/schweissdruesen-entfernung-absaugung-berlin\/\" \/>\n<meta property=\"og:site_name\" content=\"Praxis Juri Kirsten\" \/>\n<meta property=\"article:modified_time\" content=\"2019-09-05T16:40:51+00:00\" \/>\n<meta property=\"og:image\" content=\"https:\/\/kirsten-derma.de\/wp-content\/uploads\/2017\/02\/schweissdruesen_op-1.jpg\" \/>\n<meta name=\"twitter:card\" content=\"summary\" \/>\n<meta name=\"twitter:label1\" content=\"Tahmini okuma s\u00fcresi\" \/>\n\t<meta name=\"twitter:data1\" content=\"2 dakika\" \/>\n<script type=\"application\/ld+json\" class=\"yoast-schema-graph\">{\"@context\":\"https:\/\/schema.org\",\"@graph\":[{\"@type\":\"WebSite\",\"@id\":\"https:\/\/kirsten-derma.de\/#website\",\"url\":\"https:\/\/kirsten-derma.de\/\",\"name\":\"Praxis Juri Kirsten\",\"description\":\"Facharzt f\\u00fcr Dermatologie und Allergologie Juri Kirsten Berlin\",\"potentialAction\":[{\"@type\":\"SearchAction\",\"target\":\"https:\/\/kirsten-derma.de\/?s={search_term_string}\",\"query-input\":\"required name=search_term_string\"}],\"inLanguage\":\"tr\"},{\"@type\":\"ImageObject\",\"@id\":\"https:\/\/kirsten-derma.de\/schweissdruesen-entfernung-absaugung-berlin\/#primaryimage\",\"inLanguage\":\"tr\",\"url\":\"https:\/\/kirsten-derma.de\/wp-content\/uploads\/2017\/02\/schweissdruesen_op-1.jpg\",\"contentUrl\":\"https:\/\/kirsten-derma.de\/wp-content\/uploads\/2017\/02\/schweissdruesen_op-1.jpg\",\"width\":\"724\",\"height\":\"350\",\"caption\":\"schweissdruesen-op-berlin\"},{\"@type\":\"WebPage\",\"@id\":\"https:\/\/kirsten-derma.de\/schweissdruesen-entfernung-absaugung-berlin\/#webpage\",\"url\":\"https:\/\/kirsten-derma.de\/schweissdruesen-entfernung-absaugung-berlin\/\",\"name\":\"Entfernung der Schwei\\u00dfdr\\u00fcsen operativ in Berlin - Praxis Juri Kristen Berlin\",\"isPartOf\":{\"@id\":\"https:\/\/kirsten-derma.de\/#website\"},\"primaryImageOfPage\":{\"@id\":\"https:\/\/kirsten-derma.de\/schweissdruesen-entfernung-absaugung-berlin\/#primaryimage\"},\"datePublished\":\"2017-02-12T21:25:02+00:00\",\"dateModified\":\"2019-09-05T16:40:51+00:00\",\"description\":\"Entfernung der Schwei\\u00dfdr\\u00fcsen Berlin. Operative Behandlung der Hyperhidrose durch die Entfernung der Schwei\\u00dfdr\\u00fcsen. Individuelle Beratung. Tel. 03023621292\",\"breadcrumb\":{\"@id\":\"https:\/\/kirsten-derma.de\/schweissdruesen-entfernung-absaugung-berlin\/#breadcrumb\"},\"inLanguage\":\"tr\",\"potentialAction\":[{\"@type\":\"ReadAction\",\"target\":[\"https:\/\/kirsten-derma.de\/schweissdruesen-entfernung-absaugung-berlin\/\"]}]},{\"@type\":\"BreadcrumbList\",\"@id\":\"https:\/\/kirsten-derma.de\/schweissdruesen-entfernung-absaugung-berlin\/#breadcrumb\",\"itemListElement\":[{\"@type\":\"ListItem\",\"position\":1,\"item\":{\"@type\":\"WebPage\",\"@id\":\"https:\/\/kirsten-derma.de\/\",\"url\":\"https:\/\/kirsten-derma.de\/\",\"name\":\"Startseite\"}},{\"@type\":\"ListItem\",\"position\":2,\"item\":{\"@id\":\"https:\/\/kirsten-derma.de\/schweissdruesen-entfernung-absaugung-berlin\/#webpage\"}}]}]}<\/script>\n<!-- \/ Yoast SEO Premium plugin. -->","_links":{"self":[{"href":"https:\/\/kirsten-derma.de\/tr\/wp-json\/wp\/v2\/pages\/183","targetHints":{"allow":["GET"]}}],"collection":[{"href":"https:\/\/kirsten-derma.de\/tr\/wp-json\/wp\/v2\/pages"}],"about":[{"href":"https:\/\/kirsten-derma.de\/tr\/wp-json\/wp\/v2\/types\/page"}],"author":[{"embeddable":true,"href":"https:\/\/kirsten-derma.de\/tr\/wp-json\/wp\/v2\/users\/2"}],"replies":[{"embeddable":true,"href":"https:\/\/kirsten-derma.de\/tr\/wp-json\/wp\/v2\/comments?post=183"}],"version-history":[{"count":0,"href":"https:\/\/kirsten-derma.de\/tr\/wp-json\/wp\/v2\/pages\/183\/revisions"}],"wp:attachment":[{"href":"https:\/\/kirsten-derma.de\/tr\/wp-json\/wp\/v2\/media?parent=183"}],"wp:term":[{"taxonomy":"post_tag","embeddable":true,"href":"https:\/\/kirsten-derma.de\/tr\/wp-json\/wp\/v2\/tags?post=183"}],"curies":[{"name":"wp","href":"https:\/\/api.w.org\/{rel}","templated":true}]}}