{"id":185,"date":"2017-02-12T22:26:05","date_gmt":"2017-02-12T21:26:05","guid":{"rendered":"http:\/\/kd.myderma.de\/?page_id=185"},"modified":"2019-08-26T17:56:51","modified_gmt":"2019-08-26T15:56:51","slug":"behandlung-der-hyperhidrose-mit-radiofrequenz-thermotherapie-rftt-in-der-praxisklinik-juri-kirsten-in-berlin","status":"publish","type":"page","link":"https:\/\/kirsten-derma.de\/tr\/hiperhidrozun-radio-dalgali-termo-terapisi\/","title":{"rendered":"Hiperhidrozun radio dalgali-Termo terapisi (RFTT) ile tedavisi bizim ugulama muyanede Juri Kirsten Berlinde"},"content":{"rendered":"<div id=\"hiperhidrozun-terapisi\" class=\"mod_article block\">\n<div class=\"ce_text haupttext block\">\n<h1 class=\"heading\">Hiperhidrozun radio dalgali-Termo terapisi (RFTT) ile tedavisi bizim ugulama muyanede Juri Kirsten Berlinde<\/h1>\n<p><img wpfc-lazyload-disable=\"true\" loading=\"lazy\" decoding=\"async\" width=\"724\" height=\"350\" class=\"alignnone size-full wp-image-1983\" src=\"https:\/\/kirsten-derma.de\/wp-content\/uploads\/2017\/02\/schweissdruesen_radiofrequenz-1.jpg\" alt=\"schweissdruesen-radiofrequenz\" srcset=\"https:\/\/kirsten-derma.de\/wp-content\/uploads\/2017\/02\/schweissdruesen_radiofrequenz-1.jpg 724w, https:\/\/kirsten-derma.de\/wp-content\/uploads\/2017\/02\/schweissdruesen_radiofrequenz-1-300x145.jpg 300w\" sizes=\"auto, (max-width: 724px) 100vw, 724px\" \/><\/p>\n<p>Tanidik Kelimeler: Asiri Terlemenin Tedavisi, ameliyatsiz Hiperhidroz tedavisi, Ter bezlerinin tedavi ameliyati.<\/p>\n<h2>Genel<\/h2>\n<p>Gecen Aylarda estetik tibbinda fraksiyonel radyo frekans. Mikro igneler-Sistemler oldukca fazla yer aliyor. Kirisikliklar, Ciltde Sarkmalar, G\u00f6zenek k\u00fcc\u00fcltmesi, Akne-ve Akne izleri-Tedavileri, Boyun ve Dekolte-Germesi, Yirtiklar en cok Endikasyonlari bu modern Teknoloji icin. Bizim uygulama muyanede Berlin bu modern ameliyatsiz y\u00f6ntem bu Hiperhidroz tedavisinde basariyla yapilir.<\/p>\n<h3>Mikro-Ignelemede fraksiyonel RF Sistemi ile Etkilemesi nasildir?<\/h3>\n<p>Etkili mekanizma Mikro-Ignelemede-Radyo-Frekans s\u00fcrecinde beslemesi iki kutupluya dayali Radyofrekans-Enerjisi ile ince olan Igne yardimiyla derinin altinda, tam, Ter Bezlerinin oldugu yerde.<\/p>\n<p><img wpfc-lazyload-disable=\"true\" loading=\"lazy\" decoding=\"async\" title=\"Hiperhidrozun radio dalgali-Termo terapisi (RFTT) ile tedavisi bizim ugulama muyanede Juri Kirsten Berlinde\" src=\"https:\/\/kirsten-derma.de\/tl_files\/tiny_templates\/kirsten-derma\/Schweissdruesenentfernung\/Schweissdrusenbehandlung-vorher-nachher-sauber_TUR.png\" alt=\"Hiperhidrozun radio dalgali-Termo terapisi (RFTT) ile tedavisi bizim ugulama muyanede Juri Kirsten Berlinde\" width=\"500\" height=\"266\" \/><\/p>\n<p>Cikan Isi Ter Bezlerini tamamen tersinmez bozar.<\/p>\n<h3>Ter bez tedavisi radyodalgali frekans-Termoterapisi ile nasil yapilir?<\/h3>\n<p>Tam olan yerellestirme fazla olan aktif Terbez Tedaviden \u00f6nce aksillerin Terbezlerin Koltuk altlarinda bizim uygulama muyanede Berlinde Nisasta iyod\u00fcr Minor yapilir. B\u00f6ylece aktif Ter bezlerin koyulasmasina neden olur, oldukca koyu, mavi veya siyah olur. Tedavi edilen Cilt b\u00f6lgesi Doktor Kirstenden cizilir, dezenfekte ve bir siringiyla uyusturulur.Altin kaplamali Igneler bir ritim ile Milisaniye, ayni Damga y\u00f6ntemi gibi, El yardimiyla cilt derisine yerlestirilir ve ayni zamanda hemen cikarilir. Igneler Derialtina girdiyse, bir kac Milisaniye bir Radyofrekansnabiz olur, bir Isietkisini elde etmek icin ve Terbezin Sinirlar eslikte pihtilasmaya baslar.<\/p>\n<h3>Deri y\u00fczeyide mi zarar g\u00f6r\u00fcr?<\/h3>\n<p>Olasiligi, direk derin Derialtina ve alt deriya kadar calismaya, Deri y\u00fczeyini zarar vermeden, Mikro-Ignelemede RF Secret Gecikme s\u00fcresi ile radyo frekans ayarlanilir. Yerlesme sirasinda ciltde Igneler sohuk kalir.<\/p>\n<h3>Radyo frekans-Termoterapi ile aci verir mi?<\/h3>\n<p>Bu nedeniyle, Ter bezin Bozma bir cok y\u00fcksek Enerji gereklidir, Bey Doktor Kirsten tedavi edilen b\u00f6lgeyi bir Igne ile yerel uyusturmali. Bunun icin bu Tedavi sanci ve aci vermez.<\/p>\n<h3>Tedaviden sonra Cilt nasil g\u00f6r\u00fcn\u00fcr?<\/h3>\n<p>Invaziv Tedavide gibi burdada bir kac yan etkileri vardir mesela Kizarikliklar, Baskihissi, Sislikler ve puanli Kepekolusumu. T\u00fcm bu Yan etkiler ama bir kac saat sonra veya cok hassas Hastalarda bir kac g\u00fcnde mesela 2 ile 3 G\u00fcn sonra tamamen kaybolur. Tedavi edilen b\u00f6lgeler Hematomlardan genelde korunur ve Hareket alanlar genelde zarar g\u00f6rmez.<\/p>\n<h3>Nekadar sik tedavi edilir?<\/h3>\n<p>4 ile 6 Hafta arasi Tedavi bizim uygulama muyanede Doktor Kirsten Berlinde ayni sekilde tekrarlanabilinir.<\/p>\n<h3>Kac seans bir Basaritedavi icin gereklidir?<\/h3>\n<p>Tedavi D\u00f6ng\u00fcs\u00fc tamamlanilir, Iy\u00f6d-g\u00fcc-Testi cok iyi sonuclar verdikten sonra. Bunun icin 2 ile 3 Seans gerekli. Nadir olaylarda d\u00f6rt seansda tedavinin m\u00fckemmel sonucu icin gerekli olabiir.<\/p>\n<h3>Radyofrekans-Termoterapisinde hangi yan etkiler olabilir?<\/h3>\n<p>Bazi Yan etkileri Bizim Hastalar bizim uygulama muyanede Berlinde aksine hatda cok begeniliyor: 30% Hastalar Kildan kurtuluyor Koltuk altlarinda. T\u00fcm Tedavi edenler Rahatsiz edici Kokusundan hafifleniyorlar ve rahat ediyorlar (Osmidrosis), c\u00fcnk\u00fc Apokrin Ter Bezleri onlarda bozuluyor.<\/p>\n<h3>Radyo dalgali-Termoterapi ile kim tedavi edilemez?<\/h3>\n<p>Bu Tedaviyi kim g\u00f6rmemesi lazim Mikro-Igneli fraksiyonel RF Secret ile: Gebellik, Emzirme veya Pihtilasma.<\/p>\n<h3>Ameliyatsiz Tedavi Hiperhidroz Radyodalgali Termo-terapisi kalici mi?<\/h3>\n<p>Yeni ameliyatsiz Terapi aksillerin Hiperhidroz fraksyionel yardimiyla Mikroigne Sistemi ile RF Secret yenillikci Tedaviopsiyonu temsil eder, bir son derece y\u00fcksek Alternatif diger Terapiy\u00f6ntemlerden sunulan.Tam olarak Hastalarimizin m\u00fckemmel sonuclar ve cok memnuniyetle kalirlar.<\/p>\n<p>Bir randevuz veya Termin ilk danisma icin bizim uygulama muyanede Juri Kirsten Berlinde aliniz. T\u00fcm Tedavi secenekleri sizin icin yapilmistir ve sizin isteklerinize g\u00f6re. Doktor Kirsten size severek zaman ayiriyor ve sizinle isteklerinizi ve sorunlarizi bir ter bez alinma danismada konusacaktir. Isterseniz telefonla veya <a href=\"https:\/\/kirsten-derma.de\/Ulasim.html\">Onlinetermin<\/a> bizim Belinde olan muyaenemizde alabilirsiniz.<\/p>\n<\/div>\n<\/div>\n","protected":false},"excerpt":{"rendered":"<p>Hiperhidrozun radio dalgali-Termo terapisi (RFTT) ile tedavisi bizim ugulama muyanede Juri Kirsten Berlinde Tanidik Kelimeler: Asiri Terlemenin Tedavisi, ameliyatsiz Hiperhidroz tedavisi, Ter bezlerinin tedavi ameliyati. Genel Gecen Aylarda estetik tibbinda fraksiyonel radyo frekans. Mikro igneler-Sistemler oldukca fazla yer aliyor. Kirisikliklar, Ciltde Sarkmalar, G\u00f6zenek k\u00fcc\u00fcltmesi, Akne-ve Akne izleri-Tedavileri, Boyun ve Dekolte-Germesi, Yirtiklar en cok Endikasyonlari bu modern Teknoloji icin. Bizim uygulama muyanede Berlin bu modern ameliyatsiz y\u00f6ntem bu Hiperhidroz tedavisinde basariyla yapilir. Mikro-Ignelemede fraksiyonel RF Sistemi ile Etkilemesi nasildir? Etkili mekanizma [&hellip;]<\/p>\n","protected":false},"author":2,"featured_media":0,"parent":0,"menu_order":0,"comment_status":"closed","ping_status":"closed","template":"","meta":{"footnotes":""},"tags":[],"class_list":["post-185","page","type-page","status-publish","hentry"],"yoast_head":"<!-- This site is optimized with the Yoast SEO Premium plugin v22.5 (Yoast SEO v16.4) - https:\/\/yoast.com\/wordpress\/plugins\/seo\/ -->\n<title>Entfernung der Schwei\u00dfdr\u00fcsen mit Radiofrequenz-Thermotherapie Berlin<\/title>\n<meta name=\"description\" content=\"Entfernung der Schwei\u00dfdr\u00fcsen mit Radiofrequenz-Thermotherapie (RFTT) Berlin. \u00dcberm\u00e4\u00dfges Schwitzen l\u00e4sst sich mit Radiofrequenz Therapie behandeln.\" \/>\n<meta name=\"robots\" content=\"index, follow, max-snippet:-1, max-image-preview:large, max-video-preview:-1\" \/>\n<link rel=\"canonical\" href=\"https:\/\/kirsten-derma.de\/schweissdruesen-entfernung-radiofrequenz-berlin\/\" \/>\n<meta property=\"og:locale\" content=\"tr_TR\" \/>\n<meta property=\"og:type\" content=\"article\" \/>\n<meta property=\"og:title\" content=\"Entfernung der Schwei\u00dfdr\u00fcsen mit Radiofrequenz-Thermotherapie Berlin\" \/>\n<meta property=\"og:description\" content=\"Entfernung der Schwei\u00dfdr\u00fcsen mit Radiofrequenz-Thermotherapie (RFTT) Berlin. \u00dcberm\u00e4\u00dfges Schwitzen l\u00e4sst sich mit Radiofrequenz Therapie behandeln.\" \/>\n<meta property=\"og:url\" content=\"https:\/\/kirsten-derma.de\/schweissdruesen-entfernung-radiofrequenz-berlin\/\" \/>\n<meta property=\"og:site_name\" content=\"Praxis Juri Kirsten\" \/>\n<meta property=\"article:modified_time\" content=\"2019-08-26T15:56:51+00:00\" \/>\n<meta property=\"og:image\" content=\"https:\/\/kirsten-derma.de\/wp-content\/uploads\/2019\/08\/Sweissdruesenbehandlung-mit-Radiofrequenz-therapie.jpg\" \/>\n<meta name=\"twitter:card\" content=\"summary\" \/>\n<meta name=\"twitter:label1\" content=\"Tahmini okuma s\u00fcresi\" \/>\n\t<meta name=\"twitter:data1\" content=\"3 dakika\" \/>\n<script type=\"application\/ld+json\" class=\"yoast-schema-graph\">{\"@context\":\"https:\/\/schema.org\",\"@graph\":[{\"@type\":\"WebSite\",\"@id\":\"https:\/\/kirsten-derma.de\/#website\",\"url\":\"https:\/\/kirsten-derma.de\/\",\"name\":\"Praxis Juri Kirsten\",\"description\":\"Facharzt f\\u00fcr Dermatologie und Allergologie Juri Kirsten Berlin\",\"potentialAction\":[{\"@type\":\"SearchAction\",\"target\":\"https:\/\/kirsten-derma.de\/?s={search_term_string}\",\"query-input\":\"required name=search_term_string\"}],\"inLanguage\":\"tr\"},{\"@type\":\"ImageObject\",\"@id\":\"https:\/\/kirsten-derma.de\/schweissdruesen-entfernung-radiofrequenz-berlin\/#primaryimage\",\"inLanguage\":\"tr\",\"url\":\"https:\/\/kirsten-derma.de\/wp-content\/uploads\/2017\/02\/schweissdruesen_radiofrequenz-1.jpg\",\"contentUrl\":\"https:\/\/kirsten-derma.de\/wp-content\/uploads\/2017\/02\/schweissdruesen_radiofrequenz-1.jpg\",\"width\":\"724\",\"height\":\"350\",\"caption\":\"schweissdruesen-radiofrequenz\"},{\"@type\":\"WebPage\",\"@id\":\"https:\/\/kirsten-derma.de\/schweissdruesen-entfernung-radiofrequenz-berlin\/#webpage\",\"url\":\"https:\/\/kirsten-derma.de\/schweissdruesen-entfernung-radiofrequenz-berlin\/\",\"name\":\"Entfernung der Schwei\\u00dfdr\\u00fcsen mit Radiofrequenz-Thermotherapie Berlin\",\"isPartOf\":{\"@id\":\"https:\/\/kirsten-derma.de\/#website\"},\"primaryImageOfPage\":{\"@id\":\"https:\/\/kirsten-derma.de\/schweissdruesen-entfernung-radiofrequenz-berlin\/#primaryimage\"},\"datePublished\":\"2017-02-12T21:26:05+00:00\",\"dateModified\":\"2019-08-26T15:56:51+00:00\",\"description\":\"Entfernung der Schwei\\u00dfdr\\u00fcsen mit Radiofrequenz-Thermotherapie (RFTT) Berlin. \\u00dcberm\\u00e4\\u00dfges Schwitzen l\\u00e4sst sich mit Radiofrequenz Therapie behandeln.\",\"breadcrumb\":{\"@id\":\"https:\/\/kirsten-derma.de\/schweissdruesen-entfernung-radiofrequenz-berlin\/#breadcrumb\"},\"inLanguage\":\"tr\",\"potentialAction\":[{\"@type\":\"ReadAction\",\"target\":[\"https:\/\/kirsten-derma.de\/schweissdruesen-entfernung-radiofrequenz-berlin\/\"]}]},{\"@type\":\"BreadcrumbList\",\"@id\":\"https:\/\/kirsten-derma.de\/schweissdruesen-entfernung-radiofrequenz-berlin\/#breadcrumb\",\"itemListElement\":[{\"@type\":\"ListItem\",\"position\":1,\"item\":{\"@type\":\"WebPage\",\"@id\":\"https:\/\/kirsten-derma.de\/\",\"url\":\"https:\/\/kirsten-derma.de\/\",\"name\":\"Startseite\"}},{\"@type\":\"ListItem\",\"position\":2,\"item\":{\"@id\":\"https:\/\/kirsten-derma.de\/schweissdruesen-entfernung-radiofrequenz-berlin\/#webpage\"}}]}]}<\/script>\n<!-- \/ Yoast SEO Premium plugin. -->","_links":{"self":[{"href":"https:\/\/kirsten-derma.de\/tr\/wp-json\/wp\/v2\/pages\/185","targetHints":{"allow":["GET"]}}],"collection":[{"href":"https:\/\/kirsten-derma.de\/tr\/wp-json\/wp\/v2\/pages"}],"about":[{"href":"https:\/\/kirsten-derma.de\/tr\/wp-json\/wp\/v2\/types\/page"}],"author":[{"embeddable":true,"href":"https:\/\/kirsten-derma.de\/tr\/wp-json\/wp\/v2\/users\/2"}],"replies":[{"embeddable":true,"href":"https:\/\/kirsten-derma.de\/tr\/wp-json\/wp\/v2\/comments?post=185"}],"version-history":[{"count":0,"href":"https:\/\/kirsten-derma.de\/tr\/wp-json\/wp\/v2\/pages\/185\/revisions"}],"wp:attachment":[{"href":"https:\/\/kirsten-derma.de\/tr\/wp-json\/wp\/v2\/media?parent=185"}],"wp:term":[{"taxonomy":"post_tag","embeddable":true,"href":"https:\/\/kirsten-derma.de\/tr\/wp-json\/wp\/v2\/tags?post=185"}],"curies":[{"name":"wp","href":"https:\/\/api.w.org\/{rel}","templated":true}]}}