{"id":32,"date":"2017-02-12T15:11:21","date_gmt":"2017-02-12T14:11:21","guid":{"rendered":"http:\/\/kd.myderma.de\/?page_id=32"},"modified":"2021-06-13T18:05:53","modified_gmt":"2021-06-13T16:05:53","slug":"computergesteurte-hautanalyse","status":"publish","type":"page","link":"https:\/\/kirsten-derma.de\/tr\/cilt-analizi-ve-bilgisayar-berlin\/","title":{"rendered":"Computergesteurte Hautanalyse"},"content":{"rendered":"<div class=\"ce_text haupttext block\">\n<h1 class=\"heading\">Bilgisayar kontroll\u00fc cilt analizi<\/h1>\n<p><img wpfc-lazyload-disable=\"true\" loading=\"lazy\" decoding=\"async\" width=\"724\" height=\"350\" class=\"alignnone size-full wp-image-1868\" src=\"https:\/\/kirsten-derma.de\/wp-content\/uploads\/2017\/02\/praxis-klinik-dr-juri-kirsten-hautdiagnostik-1.jpg\" alt=\"hautanalyse-berlin\" srcset=\"https:\/\/kirsten-derma.de\/wp-content\/uploads\/2017\/02\/praxis-klinik-dr-juri-kirsten-hautdiagnostik-1.jpg 724w, https:\/\/kirsten-derma.de\/wp-content\/uploads\/2017\/02\/praxis-klinik-dr-juri-kirsten-hautdiagnostik-1-300x145.jpg 300w\" sizes=\"auto, (max-width: 724px) 100vw, 724px\" \/><\/p>\n<p>Tandik kelimeler: Cilt Tani, computer cilt analizi, cilt \u00f6lc\u00fcm\u00fc.<\/p>\n<h2>Genel<\/h2>\n<p>Hayat boyunca cildimiz s\u00fcrekli kendini yeniler. Ama Yasa bagimli s\u00fcrecler kollejen degradasyonu gibi,elastin liflerde azaltma, Ki\u015finin kendi hyaluronik asit kayibi ve cilt lipidlerin bozulmas\u0131, B\u00fct\u00fcn bu Fakt\u00f6rler cildimizi yans\u0131tmaktad\u0131r. Biz,cilt uzmanlari olarak,\u00f6zel yardimlarla \u00f6zel cilt tan\u0131 cihazlarla sizin cilt deri sorunlarinizi tespit ediyoruz ve ve zaman\u0131nda gerekli tedbirleri alabiliyoruz.<\/p>\n<p><img wpfc-lazyload-disable=\"true\" loading=\"lazy\" decoding=\"async\" title=\"Cihaz cilt analizi icin uygulama muyanesinde Berlin Urania yakininda \" src=\"https:\/\/kirsten-derma.de\/tl_files\/tiny_templates\/kirsten-derma\/Computergesteuerte%20Hautanalyse\/Geraet%20zur%20Hautanalyse%20Praxis%20Dr%20Kirsten%20in%20Berlin%20an%20der%20Urania.jpg\" alt=\"Cihaz cilt analizi icin uygulama muyanesinde Berlin Urania yakininda \" width=\"210\" height=\"251\" \/><\/p>\n<p>Bildigimiz zaman, cildinize ne gerekiyor ve sizin sorununuzun ne oldugunu,bir tedavi plan\u0131 olu\u015fturulabilir,nedensel bir tedavi m\u00fcmk\u00fcn oldu\u011fu da ozaman belli olur.<\/p>\n<\/div>\n<div class=\"ce_image block\">\n<figure class=\"image_container\"><a href=\"http:\/\/www.youtube.com\/watch?v=iBvOdT5X3hc&amp;feature=youtu.be\" target=\"_blank\" rel=\"noopener noreferrer\"> <img wpfc-lazyload-disable=\"true\" loading=\"lazy\" decoding=\"async\" title=\"Cihaz cilt analizi icin uygulama muyanesinde Berlin Urania yakininda.\" src=\"https:\/\/kirsten-derma.de\/system\/html\/video_hautanalyse-TUR-176bb12e.png\" alt=\"Cihaz cilt analizi icin uygulama muyanesinde Berlin Urania yakininda.\" width=\"340\" height=\"285\" \/> <\/a><\/figure>\n<\/div>\n<div class=\"ce_text haupttext block\">\n<h3>Bit cilt analizide ne \u00f6lc\u00fcl\u00fcr?<\/h3>\n<p>Analizde, bizim uyguladigimiz Praxisde Doktor Kirsten Berlinde yapiyoruz, cildin \u00f6zel kriterlerini arastiriyoruz.Olur ki isik hasari, bazen G\u00f6zle tespit edilemiyor, Pigment bozuklari, d\u00fczensiz cilt ve kirisiklar, G\u00f6zeneklerin b\u00fcy\u00fckl\u00fcg\u00fc, Damar uzantilari, Nem ve yag icerigi, deri \u0131s\u0131s\u0131 ve cilt elastikiyeti.<\/p>\n<h3>Neden bir cilt analizi gerekiyor?<\/h3>\n<p>Bir cilt analizi cilt tani icin \u00f6nemli bir s\u00fcrectir. Dogru tani olmadan d\u00fczg\u00fcn tedavi edilemez.Bir danisma sohbetinde cilt analizinden sonra Bey Doktor Kirsten size uygun tedavi y\u00f6ntemlerinden ve bizim mevcut \u00f6nlemlerden bas edicektir.<\/p>\n<p><img wpfc-lazyload-disable=\"true\" loading=\"lazy\" decoding=\"async\" title=\"Cilt tani cilt analizinin cilt durumuna bagli uygulama muyanede Doktor Kirsten Berlinde.\" src=\"https:\/\/kirsten-derma.de\/tl_files\/tiny_templates\/kirsten-derma\/Computergesteuerte%20Hautanalyse\/Diagnose%20des%20Hautzustandes%20bei%20Hautanalyse%20in%20der%20Praxis%20Dr%20Kirsten%20in%20Berlin.png\" alt=\"Cilt tani cilt analizinin cilt durumuna bagli uygulama muyanede Doktor Kirsten Berlinde. \" width=\"500\" height=\"361\" \/><\/p>\n<p>Bu, \u00f6rnegin eger Bir perimenopozal a\u015famas\u0131nda bulunmaktaysa,size g\u00f6re kremler icinde progestron maddesi vard\u0131r ve \u00f6stradiol recetesi yazilir,sizin cildinizi kollajen a\u015fa\u011f\u0131lay\u0131c\u0131 korumak icin.<\/p>\n<p>Paralel tedaviler yapilmaktadir ve radyo dalgalarla ile ya da odaklanmis \u00f6nerilen ultrason \u00f6nerilir, bir yenilenme ve Kollajen ile Elastin tesvik edilir.Die PRP Plasmalifting-terapi Kendi kendine rejenerasyonunda cilt h\u00fccreleri yard\u0131mc\u0131 olur.<\/p>\n<p>Cilt ile baglantili olarak teshis hormonal de\u011fi\u015fimleri ve miktarlar\u0131 tespit edilebilir ve tedavinin ardindan sizin kan sonuclarinizla proffesyonel arkadaslarla bir hormon tedavisine karar verilebilir.<\/p>\n<p>Ne kadar cok Sizin cildiniz ile ilgili arastirirsak,o kadar daha iyi sizi tedavi edebilliriz.Sizin cildinizle bilgileriniz bizim icin cok degerli ve \u00f6zeldir.<\/p>\n<h3>Cilt analiz nasil yapilir?<\/h3>\n<p>Mit drei verschiedenen Lichtarten wird Ihr Gesicht fotografiert.<\/p>\n<p><img wpfc-lazyload-disable=\"true\" loading=\"lazy\" decoding=\"async\" title=\"Bilgisayarbakisi cilt analizi uygulamasi Doktor Kirsten Berlin Sch\u00f6neberg. \" src=\"https:\/\/kirsten-derma.de\/tl_files\/tiny_templates\/kirsten-derma\/Computergesteuerte%20Hautanalyse\/Bildschirmansicht%20Hautanalyse%20Praxis%20Dr%20Kirsten%20in%20Berlin%20Schoeneberg.png\" alt=\"Bilgisayarbakisi cilt analizi uygulamasi Doktor Kirsten Berlin Sch\u00f6neberg. \" width=\"500\" height=\"344\" \/><\/p>\n<p>Kayitlar bilgisayar programi ile yapilir ve g\u00f6sterilen grafik ve g\u00f6r\u00fcnt\u00fclerin yard\u0131m\u0131yla 3d ile yapilir.<\/p>\n<p><img wpfc-lazyload-disable=\"true\" loading=\"lazy\" decoding=\"async\" title=\"Sonuc 3D Bakisi cilt analizi uygulama muyanesinde Doktor Kirsten Berlin. \" src=\"https:\/\/kirsten-derma.de\/tl_files\/tiny_templates\/kirsten-derma\/Computergesteuerte%20Hautanalyse\/Ergebnis%203D%20Ansicht%20Hautanalyse%20Praxisklinik%20Dr%20Kirsten%20in%20Berlin.png\" alt=\"Sonuc 3D Bakisi cilt analizi uygulama muyanesinde Doktor Kirsten Berlin. \" width=\"500\" height=\"371\" \/><\/p>\n<p><img wpfc-lazyload-disable=\"true\" loading=\"lazy\" decoding=\"async\" title=\"Sonuc diyagram cilt analizi uygulama muyane Doktor Kirsten Uraniada.\" src=\"https:\/\/kirsten-derma.de\/tl_files\/tiny_templates\/kirsten-derma\/Computergesteuerte%20Hautanalyse\/Ergebnis%20Diagramm%20Hautanalyse%20Praxis%20Dr%20Kirsten%20an%20der%20Urania%20Berlin.png\" alt=\"Sonuc diyagram cilt analizi uygulama muyane Doktor Kirsten Uraniada. \" width=\"500\" height=\"336\" \/><\/p>\n<p>\u00d6zel sens\u00f6rler ilave ile \u00f6lcmek e\u015fitli cilt s\u0131cakl\u0131k gibi parametreleri, esneklik, nem, pigment icerigi, genis g\u00f6zenek, yag icerigi.<\/p>\n<p><img wpfc-lazyload-disable=\"true\" loading=\"lazy\" decoding=\"async\" title=\"Test sen\u00f6rleri cilt analizinde uygulama muyanede Doktor Kirsten Berlin Sch\u00f6nebergde. \" src=\"https:\/\/kirsten-derma.de\/tl_files\/tiny_templates\/kirsten-derma\/Computergesteuerte%20Hautanalyse\/Sensorentest%20bei%20Hautanalyse%20Praxis%20Dr%20Kirsten%20in%20Berlin%20Schoeneberg.png\" alt=\"Test sen\u00f6rleri cilt analizinde uygulama muyanede Doktor Kirsten Berlin Sch\u00f6nebergde. \" width=\"500\" height=\"359\" \/><\/p>\n<p>Cihazda saklanan verilere dayali sapmalar da yasa g\u00f6re olabilir o y\u00fczden her yasin cildi baska ve tespit edilmesi gerekiyor.<\/p>\n<p><img wpfc-lazyload-disable=\"true\" loading=\"lazy\" decoding=\"async\" title=\"Sonuc cilt dokusu cilt analizinde muyane Doktor Kirsten Berlinre. \" src=\"https:\/\/kirsten-derma.de\/tl_files\/tiny_templates\/kirsten-derma\/Computergesteuerte%20Hautanalyse\/Ergebnis%20Hautstruktur%20bei%20der%20Hautanalyse%20Praxis%20Dr%20Kirsten%20in%20Berlin.png\" alt=\"Sonuc cilt dokusu cilt analizinde muyane Doktor Kirsten Berlinre. \" width=\"500\" height=\"317\" \/><\/p>\n<p>Bu tedavi ve sohbet 20 ile 30 dakkika s\u00fcrebilir.<\/p>\n<h3>Kac kere cilt analizi yaptirmaliyim?<\/h3>\n<p>Bunuda d\u00fcs\u00fcnmelissiniz, bizim cildimiz dynamik bir organ oldugunu ve s\u00fcrekli kendini yeniledigini.bir s\u00fcr\u00fc dis ve ic fakt\u00f6rler cildimizi etkileyebilir: G\u00fcnes mazuyeti, dis sicaklik, hormonlar,kronoljik yaslanma s\u00fcrecleri. Bu nedenle \u00f6nerirmiz, bir cilt analizi bir veya iki kez senede yaptirmaya. T\u00fcm aritma prosesleri burda terzi isi gibi sayilir her m\u00fcsteriye g\u00f6re. Severek Bey Doktor Kirsten size zaman ayirabilir, sakin sizin isteklerinizi konusmaya ve hayallerinizi cildinizle ilgili konusmaya. Isterseniz <a href=\"https:\/\/kirsten-derma.de\/Ulasim.html\">Onlinetermin<\/a> veya telefonla bizim Praxis de alabilirsiniz ve sohbet icin bir randevu ayarliyabilirsiniz.<\/p>\n<div class=\"btn-pos\"><a href=\"https:\/\/kirsten-derma.de\/kontakt-praxisklinik-doktor-kirsten\/\">Anfrage senden<\/a><\/div>\n<\/div>\n","protected":false},"excerpt":{"rendered":"<p>Bilgisayar kontroll\u00fc cilt analizi Tandik kelimeler: Cilt Tani, computer cilt analizi, cilt \u00f6lc\u00fcm\u00fc. Genel Hayat boyunca cildimiz s\u00fcrekli kendini yeniler. Ama Yasa bagimli s\u00fcrecler kollejen degradasyonu gibi,elastin liflerde azaltma, Ki\u015finin kendi hyaluronik asit kayibi ve cilt lipidlerin bozulmas\u0131, B\u00fct\u00fcn bu Fakt\u00f6rler cildimizi yans\u0131tmaktad\u0131r. Biz,cilt uzmanlari olarak,\u00f6zel yardimlarla \u00f6zel cilt tan\u0131 cihazlarla sizin cilt deri sorunlarinizi tespit ediyoruz ve ve zaman\u0131nda gerekli tedbirleri alabiliyoruz. Bildigimiz zaman, cildinize ne gerekiyor ve sizin sorununuzun ne oldugunu,bir tedavi plan\u0131 olu\u015fturulabilir,nedensel bir tedavi m\u00fcmk\u00fcn oldu\u011fu [&hellip;]<\/p>\n","protected":false},"author":2,"featured_media":0,"parent":0,"menu_order":0,"comment_status":"closed","ping_status":"closed","template":"","meta":{"footnotes":""},"tags":[],"class_list":["post-32","page","type-page","status-publish","hentry"],"yoast_head":"<!-- This site is optimized with the Yoast SEO Premium plugin v22.5 (Yoast SEO v16.4) - https:\/\/yoast.com\/wordpress\/plugins\/seo\/ -->\n<title>Bilgisayar ile cilt analizi bizim uygulama muyanesinde Berlin semptinde - Berlin-Uygulama muyane Doktor Juri Kirsten Hautanalyse, Hautdiagnose mit Computer in Berlin - Kirsten-derma<\/title>\n<meta name=\"description\" content=\"Cilt analizi \u00fccretli midir veya Herhangi bir zarar\u0131 veya yan etkisi var m\u0131d\u0131r? Cilt analizinde ki\u015finin cilt tipi belirlenir. PC yard\u0131m\u0131 ile hastan\u0131n istatiksel olarak kayd\u0131 tutulur y\u00fcz\u00fcn estetik hali icin cok \u00f6nemlidir Berlin semptinde 30 senelik tecr\u00fcbesiyle,cilt doktoru olarak calismaktadir. Bu pencereden bakt\u0131\u011f\u0131n\u0131zda Berlin&#039;deki fiyatlar\u0131n olduk\u00e7a uygun ve ucuz estetik sunumyla oldu\u011funu fark edeceksiniz.\" \/>\n<meta name=\"robots\" content=\"index, follow, max-snippet:-1, max-image-preview:large, max-video-preview:-1\" \/>\n<link rel=\"canonical\" href=\"https:\/\/kirsten-derma.de\/hautanalyse-hautdiagnose-mit-computer-berlin\/\" \/>\n<meta property=\"og:locale\" content=\"tr_TR\" \/>\n<meta property=\"og:type\" content=\"article\" \/>\n<meta property=\"og:title\" content=\"[:de]Hautanalyse, Hautdiagnose mit Computer in Berlin - Praxis Juri Kirsten[:ru]\u041a\u043e\u043c\u043f\u044c\u044e\u0442\u0435\u0440\u043d\u044b\u0439 \u0430\u043d\u0430\u043b\u0438\u0437 \u043a\u043e\u0436\u0438 \u0432 \u0447\u0430\u0441\u0442\u043d\u043e\u0439 \u043a\u043b\u0438\u043d\u0438\u043a\u0435 \u0434\u043e\u043a\u0442\u043e\u0440\u0430 \u042e\u0440\u0438\u044f \u041a\u0438\u0440\u0441\u0442\u0435\u043d\u0430[:tr]Bilgisayar ile cilt analizi bizim uygulama muyanesinde Berlin semptinde - Berlin-Uygulama muyane Doktor Juri Kirsten Hautanalyse, Hautdiagnose mit Computer in Berlin - Kirsten-derma[:]\" \/>\n<meta property=\"og:description\" content=\"{:de}Eine Hautanalyse bzw. Hautmessung erm\u00f6glicht es ganz genau zu erfahren was f\u00fcr ein Hauttyp Sie sind und was die effektivsten Behandlungen f\u00fcr Sie w\u00e4ren.{:ru}\u041a\u043e\u043c\u043f\u044c\u044e\u0442\u0435\u0440\u043d\u044b\u0439 \u0430\u043d\u0430\u043b\u0438\u0437 \u043a\u043e\u0436\u0438 \u0432 \u0447\u0430\u0441\u0442\u043d\u043e\u0439 \u043a\u043b\u0438\u043d\u0438\u043a\u0435 \u0434\u043e\u043a\u0442\u043e\u0440\u0430 \u042e\u0440\u0438\u044f \u041a\u0438\u0440\u0441\u0442\u0435\u043d\u0430 \u0432 \u0446\u0435\u043d\u0442\u0440\u0435 \u0411\u0435\u0440\u043b\u0438\u043d\u0430 \u043f\u043e\u0437\u0432\u043e\u043b\u0438\u0442 \u0432\u0430\u043c \u0443\u0437\u043d\u0430\u0442\u044c \u0442\u043e\u0447\u043d\u044b\u0435 \u043f\u0430\u0440\u0430\u043c\u0435\u0442\u0440\u044b \u0432\u0430\u0448\u0435\u0439 \u043a\u043e\u0436\u044b. \u0417\u0430\u043f\u0438\u0441\u0438\u0432\u0430\u0439\u0442\u0435\u0441\u044c \u043d\u0430 \u043f\u0440\u0438\u0435\u043c!{:tr}Cilt analizi \u00fccretli midir veya Herhangi bir zarar\u0131 veya yan etkisi var m\u0131d\u0131r? Cilt analizinde ki\u015finin cilt tipi belirlenir. PC yard\u0131m\u0131 ile hastan\u0131n istatiksel olarak kayd\u0131 tutulur y\u00fcz\u00fcn estetik hali icin cok \u00f6nemlidir Berlin semptinde 30 senelik tecr\u00fcbesiyle,cilt doktoru olarak calismaktadir. Bu pencereden bakt\u0131\u011f\u0131n\u0131zda Berlin&#039;deki fiyatlar\u0131n olduk\u00e7a uygun ve ucuz estetik sunumyla oldu\u011funu fark edeceksiniz. {:}\" \/>\n<meta property=\"og:url\" content=\"https:\/\/kirsten-derma.de\/hautanalyse-hautdiagnose-mit-computer-berlin\/\" \/>\n<meta property=\"og:site_name\" content=\"Praxis Juri Kirsten\" \/>\n<meta property=\"article:modified_time\" content=\"2021-06-13T16:05:53+00:00\" \/>\n<meta property=\"og:image\" content=\"https:\/\/kirsten-derma.de\/wp-content\/uploads\/2019\/06\/hautanalyse-in-Praxis-Juri-Kirsten-in-Berlin-am-Wittenbergplatz.jpg\" \/>\n<meta name=\"twitter:card\" content=\"summary\" \/>\n<meta name=\"twitter:label1\" content=\"Tahmini okuma s\u00fcresi\" \/>\n\t<meta name=\"twitter:data1\" content=\"4 dakika\" \/>\n<script type=\"application\/ld+json\" class=\"yoast-schema-graph\">{\"@context\":\"https:\/\/schema.org\",\"@graph\":[{\"@type\":\"WebSite\",\"@id\":\"https:\/\/kirsten-derma.de\/#website\",\"url\":\"https:\/\/kirsten-derma.de\/\",\"name\":\"Praxis Juri Kirsten\",\"description\":\"Facharzt f\\u00fcr Dermatologie und Allergologie Juri Kirsten Berlin\",\"potentialAction\":[{\"@type\":\"SearchAction\",\"target\":\"https:\/\/kirsten-derma.de\/?s={search_term_string}\",\"query-input\":\"required name=search_term_string\"}],\"inLanguage\":\"tr\"},{\"@type\":\"ImageObject\",\"@id\":\"https:\/\/kirsten-derma.de\/hautanalyse-hautdiagnose-mit-computer-berlin\/#primaryimage\",\"inLanguage\":\"tr\",\"url\":\"https:\/\/kirsten-derma.de\/wp-content\/uploads\/2017\/02\/praxis-klinik-dr-juri-kirsten-hautdiagnostik-1.jpg\",\"contentUrl\":\"https:\/\/kirsten-derma.de\/wp-content\/uploads\/2017\/02\/praxis-klinik-dr-juri-kirsten-hautdiagnostik-1.jpg\",\"width\":724,\"height\":350,\"caption\":\"hautanalyse-berlin\"},{\"@type\":\"WebPage\",\"@id\":\"https:\/\/kirsten-derma.de\/hautanalyse-hautdiagnose-mit-computer-berlin\/#webpage\",\"url\":\"https:\/\/kirsten-derma.de\/hautanalyse-hautdiagnose-mit-computer-berlin\/\",\"name\":\"[:de]Hautanalyse, Hautdiagnose mit Computer in Berlin - Praxis Juri Kirsten[:ru]\\u041a\\u043e\\u043c\\u043f\\u044c\\u044e\\u0442\\u0435\\u0440\\u043d\\u044b\\u0439 \\u0430\\u043d\\u0430\\u043b\\u0438\\u0437 \\u043a\\u043e\\u0436\\u0438 \\u0432 \\u0447\\u0430\\u0441\\u0442\\u043d\\u043e\\u0439 \\u043a\\u043b\\u0438\\u043d\\u0438\\u043a\\u0435 \\u0434\\u043e\\u043a\\u0442\\u043e\\u0440\\u0430 \\u042e\\u0440\\u0438\\u044f \\u041a\\u0438\\u0440\\u0441\\u0442\\u0435\\u043d\\u0430[:tr]Bilgisayar ile cilt analizi bizim uygulama muyanesinde Berlin semptinde - Berlin-Uygulama muyane Doktor Juri Kirsten Hautanalyse, Hautdiagnose mit Computer in Berlin - Kirsten-derma[:]\",\"isPartOf\":{\"@id\":\"https:\/\/kirsten-derma.de\/#website\"},\"primaryImageOfPage\":{\"@id\":\"https:\/\/kirsten-derma.de\/hautanalyse-hautdiagnose-mit-computer-berlin\/#primaryimage\"},\"datePublished\":\"2017-02-12T14:11:21+00:00\",\"dateModified\":\"2021-06-13T16:05:53+00:00\",\"description\":\"{:de}Eine Hautanalyse bzw. Hautmessung erm\\u00f6glicht es ganz genau zu erfahren was f\\u00fcr ein Hauttyp Sie sind und was die effektivsten Behandlungen f\\u00fcr Sie w\\u00e4ren.{:ru}\\u041a\\u043e\\u043c\\u043f\\u044c\\u044e\\u0442\\u0435\\u0440\\u043d\\u044b\\u0439 \\u0430\\u043d\\u0430\\u043b\\u0438\\u0437 \\u043a\\u043e\\u0436\\u0438 \\u0432 \\u0447\\u0430\\u0441\\u0442\\u043d\\u043e\\u0439 \\u043a\\u043b\\u0438\\u043d\\u0438\\u043a\\u0435 \\u0434\\u043e\\u043a\\u0442\\u043e\\u0440\\u0430 \\u042e\\u0440\\u0438\\u044f \\u041a\\u0438\\u0440\\u0441\\u0442\\u0435\\u043d\\u0430 \\u0432 \\u0446\\u0435\\u043d\\u0442\\u0440\\u0435 \\u0411\\u0435\\u0440\\u043b\\u0438\\u043d\\u0430 \\u043f\\u043e\\u0437\\u0432\\u043e\\u043b\\u0438\\u0442 \\u0432\\u0430\\u043c \\u0443\\u0437\\u043d\\u0430\\u0442\\u044c \\u0442\\u043e\\u0447\\u043d\\u044b\\u0435 \\u043f\\u0430\\u0440\\u0430\\u043c\\u0435\\u0442\\u0440\\u044b \\u0432\\u0430\\u0448\\u0435\\u0439 \\u043a\\u043e\\u0436\\u044b. \\u0417\\u0430\\u043f\\u0438\\u0441\\u0438\\u0432\\u0430\\u0439\\u0442\\u0435\\u0441\\u044c \\u043d\\u0430 \\u043f\\u0440\\u0438\\u0435\\u043c!{:tr}Cilt analizi \\u00fccretli midir veya Herhangi bir zarar\\u0131 veya yan etkisi var m\\u0131d\\u0131r? Cilt analizinde ki\\u015finin cilt tipi belirlenir. PC yard\\u0131m\\u0131 ile hastan\\u0131n istatiksel olarak kayd\\u0131 tutulur y\\u00fcz\\u00fcn estetik hali icin cok \\u00f6nemlidir Berlin semptinde 30 senelik tecr\\u00fcbesiyle,cilt doktoru olarak calismaktadir. Bu pencereden bakt\\u0131\\u011f\\u0131n\\u0131zda Berlin'deki fiyatlar\\u0131n olduk\\u00e7a uygun ve ucuz estetik sunumyla oldu\\u011funu fark edeceksiniz. {:}\",\"breadcrumb\":{\"@id\":\"https:\/\/kirsten-derma.de\/hautanalyse-hautdiagnose-mit-computer-berlin\/#breadcrumb\"},\"inLanguage\":\"tr\",\"potentialAction\":[{\"@type\":\"ReadAction\",\"target\":[\"https:\/\/kirsten-derma.de\/hautanalyse-hautdiagnose-mit-computer-berlin\/\"]}]},{\"@type\":\"BreadcrumbList\",\"@id\":\"https:\/\/kirsten-derma.de\/hautanalyse-hautdiagnose-mit-computer-berlin\/#breadcrumb\",\"itemListElement\":[{\"@type\":\"ListItem\",\"position\":1,\"item\":{\"@type\":\"WebPage\",\"@id\":\"https:\/\/kirsten-derma.de\/\",\"url\":\"https:\/\/kirsten-derma.de\/\",\"name\":\"Startseite\"}},{\"@type\":\"ListItem\",\"position\":2,\"item\":{\"@id\":\"https:\/\/kirsten-derma.de\/hautanalyse-hautdiagnose-mit-computer-berlin\/#webpage\"}}]}]}<\/script>\n<!-- \/ Yoast SEO Premium plugin. -->","_links":{"self":[{"href":"https:\/\/kirsten-derma.de\/tr\/wp-json\/wp\/v2\/pages\/32","targetHints":{"allow":["GET"]}}],"collection":[{"href":"https:\/\/kirsten-derma.de\/tr\/wp-json\/wp\/v2\/pages"}],"about":[{"href":"https:\/\/kirsten-derma.de\/tr\/wp-json\/wp\/v2\/types\/page"}],"author":[{"embeddable":true,"href":"https:\/\/kirsten-derma.de\/tr\/wp-json\/wp\/v2\/users\/2"}],"replies":[{"embeddable":true,"href":"https:\/\/kirsten-derma.de\/tr\/wp-json\/wp\/v2\/comments?post=32"}],"version-history":[{"count":1,"href":"https:\/\/kirsten-derma.de\/tr\/wp-json\/wp\/v2\/pages\/32\/revisions"}],"predecessor-version":[{"id":4971,"href":"https:\/\/kirsten-derma.de\/tr\/wp-json\/wp\/v2\/pages\/32\/revisions\/4971"}],"wp:attachment":[{"href":"https:\/\/kirsten-derma.de\/tr\/wp-json\/wp\/v2\/media?parent=32"}],"wp:term":[{"taxonomy":"post_tag","embeddable":true,"href":"https:\/\/kirsten-derma.de\/tr\/wp-json\/wp\/v2\/tags?post=32"}],"curies":[{"name":"wp","href":"https:\/\/api.w.org\/{rel}","templated":true}]}}