{"id":3471,"date":"2018-10-11T19:21:32","date_gmt":"2018-10-11T17:21:32","guid":{"rendered":"https:\/\/kirsten-derma.de\/?page_id=3471"},"modified":"2019-09-19T15:55:03","modified_gmt":"2019-09-19T13:55:03","slug":"%d0%bf%d0%bb%d0%b0%d0%b7%d0%bc%d0%be%d0%bb%d0%b8%d1%84%d1%82%d0%b8%d0%bd%d0%b3-2","status":"publish","type":"page","link":"https:\/\/kirsten-derma.de\/tr\/prp-ile-yuz-genclestirme-berlin\/","title":{"rendered":"Plasma ile y\u00fcz genclestirme"},"content":{"rendered":"<div id=\"plasma-ile-yuz-genclestirme\" class=\"mod_article block\">\n<div class=\"ce_text haupttext block\">\n<h1 class=\"heading\">Plasma ile y\u00fcz genclestirme<\/h1>\n<p><img wpfc-lazyload-disable=\"true\" loading=\"lazy\" decoding=\"async\" width=\"724\" height=\"350\" class=\"alignnone size-full wp-image-1920\" src=\"https:\/\/kirsten-derma.de\/wp-content\/uploads\/2017\/02\/plasmalifting-2.jpg\" alt=\"Plasmalifting-prp\" srcset=\"https:\/\/kirsten-derma.de\/wp-content\/uploads\/2017\/02\/plasmalifting-2.jpg 724w, https:\/\/kirsten-derma.de\/wp-content\/uploads\/2017\/02\/plasmalifting-2-300x145.jpg 300w\" sizes=\"auto, (max-width: 724px) 100vw, 724px\" \/><\/p>\n<p>Tanidik Kelimeler:Drakula Germesi,Kendi kan terapi,PRP Plasma ile genclestirme.<\/p>\n<h2>Genel<\/h2>\n<p>Plasma ile genclestirme yenilikci y\u00f6ntem,v\u00fccut b\u00f6lgesinin tamir \u00f6zelliklerinin aktive edilmesine yardim eder.Kendi kan iceriginin t\u00fcm nedeniyle alerjik reaksiyonlar ve uyusmaz cikartilmisdir,yani %100 organik ve dogal.<\/p>\n<\/div>\n<div class=\"ce_ytvideo videoklasse ce_video block\">\n<p><iframe loading=\"lazy\" title=\"PRP - Herstellung, Vampirlifting, Draculalifting Berlin - (Archivvideo)\" width=\"756\" height=\"567\" src=\"https:\/\/www.youtube.com\/embed\/GdbcDvA9nx8?feature=oembed\" frameborder=\"0\" allow=\"accelerometer; autoplay; encrypted-media; gyroscope; picture-in-picture\" allowfullscreen><\/iframe><\/p>\n<\/div>\n<div class=\"ce_text haupttext block\">\n<h3>Plasma genclesmesi nedir?<\/h3>\n<p>Plasma genclesme metodu, Bizim uygulama klinigimizde Doktor Kirsten Berlin kullandigi ve teklif ettigi,kendi uygulanma trombosit acisindan zengin Plasma (PRP) Hastalarimiza.Enjeksiyonu PRP fibroblastlarin b\u00fcy\u00fcesini sagliyor-der h\u00fccreleri,kendi kolajen \u00fcretimi icin ve Elastins,ve cildimizdeki Hyaluronik asitine sorumlu oldugunu.Ayni zamanda bircok baska b\u00fcy\u00fcme fakt\u00f6reri giris ayarlanir.<\/p>\n<h3>Plasma genclesmesi nasil olur?<\/h3>\n<p>Yas ilerledikce fibroblast miktarin ve etkinlik azalir.Buna g\u00f6re de kollajen icerigini azaltilir,cildin elastins ve Hyaluronik asitini.Sonuc olarak Cildiniz elastikiyetini kaybeder ,ve daha az dolgun ve yavas yavas azalir.Kirisikliklar ve derin Cizgiler g\u00f6r\u00fcn\u00fcr.Plasma genclestirmesi veya ingilizce PRP(Platelet-Rich Plasma)hastanin kendi Plasma olan,kendi trombosit(trombosit)zenginlestirilmistir.Plazmadaki ilgili trombosit cok y\u00fcksek bir icerige sahip olan cesitli b\u00fcy\u00fcme fakt\u00e4rleri de icerik,h\u00fccre bl\u00fcnmesi,ve bag doku rejenerasyonu baslanmasi.B\u00fcy\u00fcme fakt\u00f6rlerinin cikarilmasi icin en iyi kaynagi trombositlerdir.Prpsu fakt\u00f6rler dahil edilmistir:<\/p>\n<p>Platelet-derived Growth Factors (PDGF)b\u00fcy\u00fcme fakt\u00f6rlerinin gruplari.Bu yaralanma sirasinda yayinlanilir,doku iyilesmesini tesvik etmek icin.<\/p>\n<p><strong>Platelet-derived Growth Factors (PDGF)<\/strong> b\u00fcy\u00fcme fakt\u00f6rlerinin gruplari.Bu yaralanma sirasinda yayinlanilir,doku iyilesmesini tesvik etmek icin.<\/p>\n<p><img loading=\"lazy\" decoding=\"async\" class=\"wp-image-2183 size-medium aligncenter\" src=\"https:\/\/kirsten-derma.de\/wp-content\/uploads\/2017\/02\/Platelet-derived-Growth-Factors-300x224.png\" alt=\"Platelet-derived-Growth-Factors\" width=\"300\" height=\"224\" srcset=\"https:\/\/kirsten-derma.de\/wp-content\/uploads\/2017\/02\/Platelet-derived-Growth-Factors-300x224.png 300w, https:\/\/kirsten-derma.de\/wp-content\/uploads\/2017\/02\/Platelet-derived-Growth-Factors.png 468w\" sizes=\"auto, (max-width: 300px) 100vw, 300px\" \/><\/p>\n<p><strong>TGF-beta-Transforming Growth Factor<\/strong>-transforme edici b\u00fcy\u00fcme fakt\u00f6r\u00fc.TGF h\u00fccre b\u00f6l\u00fcnmesi cok onemli bir rol alir.<\/p>\n<p><img loading=\"lazy\" decoding=\"async\" width=\"300\" height=\"224\" class=\"size-medium wp-image-2181 aligncenter\" src=\"https:\/\/kirsten-derma.de\/wp-content\/uploads\/2017\/02\/TGF-beta-Transforming-Growth-Factor-300x224.png\" alt=\"GF-beta-Transforming-Growth-Factor\" srcset=\"https:\/\/kirsten-derma.de\/wp-content\/uploads\/2017\/02\/TGF-beta-Transforming-Growth-Factor-300x224.png 300w, https:\/\/kirsten-derma.de\/wp-content\/uploads\/2017\/02\/TGF-beta-Transforming-Growth-Factor.png 468w\" sizes=\"auto, (max-width: 300px) 100vw, 300px\" \/><\/p>\n<p>&nbsp;<\/p>\n<p><strong>VEGF-Vask\u00fcler endotelyal b\u00fcy\u00fcme fakt\u00f6r\u00fc<\/strong>-\u00f6nemli bir sinyal molek\u00fcld\u00fcr,bu,etkili,yeni damarlarin olusumu ortaya cikariyor;<\/p>\n<p><img loading=\"lazy\" decoding=\"async\" width=\"300\" height=\"224\" class=\"size-medium wp-image-2186 aligncenter\" src=\"https:\/\/kirsten-derma.de\/wp-content\/uploads\/2017\/02\/Vampiere-Lifting-Growth-Factor-VEGF-PRP-300x224.png\" alt=\"Vampiere-Lifting-Growth-Factor-VEGF-PRP\" srcset=\"https:\/\/kirsten-derma.de\/wp-content\/uploads\/2017\/02\/Vampiere-Lifting-Growth-Factor-VEGF-PRP-300x224.png 300w, https:\/\/kirsten-derma.de\/wp-content\/uploads\/2017\/02\/Vampiere-Lifting-Growth-Factor-VEGF-PRP.png 468w\" sizes=\"auto, (max-width: 300px) 100vw, 300px\" \/><\/p>\n<p><strong>EGF-Epidermal Growth Factor <\/strong>-Epidermal b\u00fcy\u00fcme fakt\u00f6r\u00fc,bir sinyal molek\u00fcl\u00fc olarak h\u00fccre b\u00f6l\u00fcnme meydana getirilmesi.Bu h\u00fccre tiplerinin,cesitli olusumunu uyarir.<\/p>\n<p><img loading=\"lazy\" decoding=\"async\" width=\"300\" height=\"224\" class=\"size-medium wp-image-2188 aligncenter\" src=\"https:\/\/kirsten-derma.de\/wp-content\/uploads\/2017\/02\/Vampir-Lifting-Growth-Factor-EGF-PRP-300x224.png\" alt=\"Vampir-Lifting-Growth-Factor-EGF-PRP\" srcset=\"https:\/\/kirsten-derma.de\/wp-content\/uploads\/2017\/02\/Vampir-Lifting-Growth-Factor-EGF-PRP-300x224.png 300w, https:\/\/kirsten-derma.de\/wp-content\/uploads\/2017\/02\/Vampir-Lifting-Growth-Factor-EGF-PRP.png 468w\" sizes=\"auto, (max-width: 300px) 100vw, 300px\" \/><\/p>\n<p>&nbsp;<\/p>\n<p><strong>IGF-1-Insulin-\u00e4hnlicher Wachstumsfaktor<\/strong>(Ins\u00fclin benzeri b\u00fcy\u00fcme fakt\u00f6r\u00fc)yetenegi vardir,kas h\u00fccrelerinin b\u00fcy\u00fcmesini etkilemektir.<\/p>\n<p><img loading=\"lazy\" decoding=\"async\" width=\"300\" height=\"224\" class=\"size-medium wp-image-2190 aligncenter\" src=\"https:\/\/kirsten-derma.de\/wp-content\/uploads\/2017\/02\/Vampir-Lifting-Growth-Factor-IGF-1-Insulin-like-PRP-300x224.png\" alt=\"Vampir-Lifting-Growth-Factor-IGF-1-Insulin-like-PRP\" srcset=\"https:\/\/kirsten-derma.de\/wp-content\/uploads\/2017\/02\/Vampir-Lifting-Growth-Factor-IGF-1-Insulin-like-PRP-300x224.png 300w, https:\/\/kirsten-derma.de\/wp-content\/uploads\/2017\/02\/Vampir-Lifting-Growth-Factor-IGF-1-Insulin-like-PRP.png 468w\" sizes=\"auto, (max-width: 300px) 100vw, 300px\" \/><\/p>\n<p>Acikca,PRP hastanin Plasmadir,konsantrasyonu,trombositler icin 5-8 kat daha fazla olup,burada bahsedilen,normal kanda olan.Modern i-sistem teknolojisi saglar,1.200.00\/\u00b5l bahsedilen trombositlerin konsatrasyonu 1.200.000\/\u00b5lveya 1.770.000\/\u00b5l arttirmak icin.PRP konsantrasyonunda yetenekli,h\u00fccre ve doku rejenerasyonu baslatmak ve destleklemek icin.Bazi g\u00fczellik enstit\u00fctlerinde sunulan PRP sadece santrif\u00fcj kan adi altindadir.B\u00f6yle bir plazma germesi etkinligi cok s\u00fcphelidir.<\/p>\n<h3>PRP Plasma nasil kazaniliyor?<\/h3>\n<p>PRP Plazma kazanmak icin, hastanin kan damarindan kan alinir, ve bir kum saati biciminde, \u00f6zel olarak gelistirilmis t\u00fcplerinde monte edilir.Birkac d\u00f6nen toplantilar.Dogru PRP kazanmak icin titresimli santrif\u00fcj\u00f6r.<\/p>\n<h3>Plasma genclestirme tedavisi nasil yapilir?<\/h3>\n<p>Hastanin Trombosit acisindan zengin plasma PRP mezoterapi deriye benzer hastanin cildine cok ince kan\u00fcl yardim ile enjekte edilir.Deride milyonlarca trombosit aktive eder ve Fibrin ile reaksiyona (etkin,aga &#8220;Yapiskan&#8221;plasma,kan pihtilasma).Cilt fibrin zincirlerinde kurulur.Ayni zamanda b\u00fcy\u00fcme fakt\u00f6rlerin fibroblastlarin aktive eder, kolajen kendi \u00fcretimi,elastin ve hyaluronik asiti arttirir.K\u00fcc\u00fck Kirisikliklar ve Cizgiler d\u00fczeltilir,Cilt rengi daha parlar,Cilt daha elastik olur ve daha dolgun.Bu arada not veriyoz, PRP teknoloji k\u00f6k h\u00fccre tedavisi olmadigini.PRP tedavisi bir canlandirici ve genclestirme etksi vardir.Cildin yaaslanmasini yavas durdur ve g\u00fcnden g\u00fcne gencestirir.<\/p>\n<h3>Kimin icin bu Plasma genclestirmesi uygundur?<\/h3>\n<p>Bu Y\u00f6ntem her Cilt tiplere uygundur, her iki cins icindir ve her yas icin uygundur.<\/p>\n<p>En cok yapilan Plasma gerdirmesi:<\/p>\n<ul>\n<li>Cilt gerilme durumunun kaybi;<\/li>\n<li>tonus ve dolgu kaybi;<\/li>\n<li>Cildin ve y\u00fcz\u00fcn Kirisikliklar ve Cizgiler ,Boyun ve Dekolete;<\/li>\n<li>deri canlilik aza\u00f6masi;<\/li>\n<li>Isik zarar g\u00f6ren cilt;<\/li>\n<li>Kilo verme sonrasi cilt sarkmasi.<\/li>\n<\/ul>\n<h3>Berlindeki klinik Doktor Kirsten nezaman ilk sonuclari Plasma germesinden sonra g\u00f6rebilirim?<\/h3>\n<p>Hemen ilk seansdan sonra genclesme etkisini g\u00f6r\u00fcceksiniz.Hastalarin daha cok dein cizgilere sahip olan 3 seans gereklidir asaga yukari.Plasma genclestirmesi bir sonra etkisi cok iyidir:her seansdan sonra daha kalici ve daha genc g\u00f6r\u00fcn\u00fcme sahip olabilirsiniz.<\/p>\n<h3>Hangi yan etkileri beklemeliyim?<\/h3>\n<p>Seansdan sonra Berlindeki klinikde Doktor Kirstende cildiniz hafif sis ve kirmizi olabilir.Nokta benzeri olan morluklar da cikabilir.Ama bu cikan seyler bir kac saat veya bir g\u00fcn sonra gidiyor,ve sonrasinda da make up kullanabilirsiniz.<\/p>\n<h3>Plasma genclestirme kime uygulanmamasi lazim?<\/h3>\n<p>Bu hastalarda,bu hastaliklara sahip olanlar,Plasma genclestirme yapilmamasi lazim:<\/p>\n<p>Trombosit bozuklugu sendromu,kritik trombositopeni,hipofibrinojenemi,hemodinamik instabilite,septisemi,cilt arealler akut enfeksiyon hastaliklari, PRP enjekte edildigi yerde.<\/p>\n<h3>Bir tedavi PRP ile Sac hastaliklarinda tavsiye edilir mi?<\/h3>\n<p>Ilk seansdan sonra PRP germesinden klinik Doktor Kirsten Berlinde sac d\u00f6k\u00fclmesi azaliyor,sac k\u00f6k h\u00fccrelerin \u00f6lmesi duruluyor.Bir kac seanslarda PRP normale d\u00f6n\u00fcyor yag bezi islemi, basinizdaki kepekler azakiyor,Sac kalinligi cogaliyor.Resime g\u00f6re tedavi icin 2-8 seans gerekiyor.<\/p>\n<h3>PRP nekadar cok tedavi edilmesi lazim?<\/h3>\n<p>Genelde 3 PRP plasma germesi ile seansla Berlin deki Doktor Kirsten kinikte gereklidir,Hafta 1 3-4 haftada yeterlidir.Etki 1 ile 1,5 sene s\u00fcr\u00fcyor.<\/p>\n<h3>Hangi cilt b\u00f6lgelerde Plasma germesi yapilir?<\/h3>\n<p>En cok sevilen ve yapilan b\u00f6lgeler Y\u00fcz,Boyun,Dekolete,G\u00f6g\u00fcs ve eller.<\/p>\n<p><img wpfc-lazyload-disable=\"true\" loading=\"lazy\" decoding=\"async\" class=\"aligncenter\" title=\"PRP Endikasyonlar uygulama muyanesinde Juri Kirsten Berlinde \" src=\"https:\/\/kirsten-derma.de\/tl_files\/tiny_templates\/kirsten-derma\/Plasmalifting\/PRP-Indikationen-Praxisklinik-Dr-Kirsten-in-Berlin.png\" alt=\"PRP Endikasyonlar uygulama muyanesinde Juri Kirsten Berlinde \" width=\"360\" height=\"423\" \/><\/p>\n<p>Baska Cilt b\u00f6lgelerde de m\u00fcmk\u00fcnd\u00fcr mesela Karin,kalca,ic bacak yapilabilir.<\/p>\n<h3>Plasma germesi baska y\u00f6ntemlerle kombinlenebilinir mi?<\/h3>\n<p>Bir \u00fccretsiz danismada Doktor Kirten ile size uygun tedavi y\u00f6ntemlerimizi size s\u00f6ylicektir,bizim klinkte uyguladigimiz ve kombinledimiz y\u00f6ntemler,fraksiyonel lazer tedavisi, mikro igineleme, mikro idneleme radyo dalgalarla, radyo dalgalari midas ile kaldirma, iplik germesi, hyaluronik asiti ve botulinum toksini.T\u00fcm tedavi konseptleri size g\u00f6re yapiyoruz ve ayarliyoruz.severek Bey Doktor Kirsten,size zaman ayirip ve sizin isteklerinizi konusmak icin.bu tedavi sohbeti Doktor Kirsten ile herzaman <a href=\"https:\/\/kirsten-derma.de\/Ulasim.html\">Onlinetermin<\/a> veya telefonla bizim praximizda alabilirsiniz.<\/p>\n<div class=\"btn-pos\"><a href=\"https:\/\/kirsten-derma.de\/kontakt-praxisklinik-doktor-kirsten\/\">Anfrage senden<\/a><\/div>\n<\/div>\n<\/div>\n","protected":false},"excerpt":{"rendered":"<p>Plasma ile y\u00fcz genclestirme Tanidik Kelimeler:Drakula Germesi,Kendi kan terapi,PRP Plasma ile genclestirme. Genel Plasma ile genclestirme yenilikci y\u00f6ntem,v\u00fccut b\u00f6lgesinin tamir \u00f6zelliklerinin aktive edilmesine yardim eder.Kendi kan iceriginin t\u00fcm nedeniyle alerjik reaksiyonlar ve uyusmaz cikartilmisdir,yani %100 organik ve dogal. Plasma genclesmesi nedir? Plasma genclesme metodu, Bizim uygulama klinigimizde Doktor Kirsten Berlin kullandigi ve teklif ettigi,kendi uygulanma trombosit acisindan zengin Plasma (PRP) Hastalarimiza.Enjeksiyonu PRP fibroblastlarin b\u00fcy\u00fcesini sagliyor-der h\u00fccreleri,kendi kolajen \u00fcretimi icin ve Elastins,ve cildimizdeki Hyaluronik asitine sorumlu oldugunu.Ayni zamanda bircok baska b\u00fcy\u00fcme [&hellip;]<\/p>\n","protected":false},"author":2,"featured_media":0,"parent":0,"menu_order":0,"comment_status":"closed","ping_status":"closed","template":"","meta":{"footnotes":""},"tags":[242,241,243,240,126,245,133,244,123,155],"class_list":["post-3471","page","type-page","status-publish","hentry","tag-dracula-lifting-berlin","tag-draculalifting-berlin","tag-eigenbluttherapie","tag-plasmalifting-berlin","tag-prp-behandlung-berlin","tag-prp-behandlung-kosten","tag-prp-behandlung-kosten-berlin","tag-prp-gesicht","tag-vampir-lifting-berlin","tag-vampirlifting-berlin"],"yoast_head":"<!-- This site is optimized with the Yoast SEO Premium plugin v22.5 (Yoast SEO v16.4) - https:\/\/yoast.com\/wordpress\/plugins\/seo\/ -->\n<title>Plasmalifting | PRP | Vampir Lifting - beim Arzt in Berlin am Wittenbergplatz<\/title>\n<meta name=\"description\" content=\"Plasmalifting oder Eigenbluttherapie ist eine innovative Methode \u25ba100% biologisch und nat\u00fcrlich \u2713 PRP Plasmalifting im Zentrum von Berlin \u260e 03023621292\" \/>\n<meta name=\"robots\" content=\"index, follow, max-snippet:-1, max-image-preview:large, max-video-preview:-1\" \/>\n<link rel=\"canonical\" href=\"https:\/\/kirsten-derma.de\/ru\/plasmolifting-vampir-lifting-klinika-doktora-kirstena-berlin\/\" \/>\n<meta property=\"og:locale\" content=\"tr_TR\" \/>\n<meta property=\"og:type\" content=\"article\" \/>\n<meta property=\"og:title\" content=\"Plasmalifting | PRP | Vampir Lifting - beim Arzt in Berlin am Wittenbergplatz\" \/>\n<meta property=\"og:description\" content=\"Plasmalifting oder Eigenbluttherapie ist eine innovative Methode \u25ba100% biologisch und nat\u00fcrlich \u2713 PRP Plasmalifting im Zentrum von Berlin \u260e 03023621292\" \/>\n<meta property=\"og:url\" content=\"https:\/\/kirsten-derma.de\/ru\/plasmolifting-vampir-lifting-klinika-doktora-kirstena-berlin\/\" \/>\n<meta property=\"og:site_name\" content=\"Praxis Juri Kirsten\" \/>\n<meta property=\"article:modified_time\" content=\"2019-09-19T13:55:03+00:00\" \/>\n<meta property=\"og:image\" content=\"https:\/\/kirsten-derma.de\/wp-content\/uploads\/2019\/07\/prp-plasmalifting-vampirlifting-draculalifting-berlin.jpg\" \/>\n<meta name=\"twitter:card\" content=\"summary\" \/>\n<meta name=\"twitter:label1\" content=\"Tahmini okuma s\u00fcresi\" \/>\n\t<meta name=\"twitter:data1\" content=\"5 dakika\" \/>\n<script type=\"application\/ld+json\" class=\"yoast-schema-graph\">{\"@context\":\"https:\/\/schema.org\",\"@graph\":[{\"@type\":\"WebSite\",\"@id\":\"https:\/\/kirsten-derma.de\/#website\",\"url\":\"https:\/\/kirsten-derma.de\/\",\"name\":\"Praxis Juri Kirsten\",\"description\":\"Facharzt f\\u00fcr Dermatologie und Allergologie Juri Kirsten Berlin\",\"potentialAction\":[{\"@type\":\"SearchAction\",\"target\":\"https:\/\/kirsten-derma.de\/?s={search_term_string}\",\"query-input\":\"required name=search_term_string\"}],\"inLanguage\":\"tr\"},{\"@type\":\"ImageObject\",\"@id\":\"https:\/\/kirsten-derma.de\/ru\/plasmolifting-vampir-lifting-klinika-doktora-kirstena-berlin\/#primaryimage\",\"inLanguage\":\"tr\",\"url\":\"https:\/\/kirsten-derma.de\/wp-content\/uploads\/2017\/02\/plasmalifting-2.jpg\",\"contentUrl\":\"https:\/\/kirsten-derma.de\/wp-content\/uploads\/2017\/02\/plasmalifting-2.jpg\",\"width\":\"724\",\"height\":\"350\",\"caption\":\"Plasmalifting-prp\"},{\"@type\":\"WebPage\",\"@id\":\"https:\/\/kirsten-derma.de\/ru\/plasmolifting-vampir-lifting-klinika-doktora-kirstena-berlin\/#webpage\",\"url\":\"https:\/\/kirsten-derma.de\/ru\/plasmolifting-vampir-lifting-klinika-doktora-kirstena-berlin\/\",\"name\":\"Plasmalifting | PRP | Vampir Lifting - beim Arzt in Berlin am Wittenbergplatz\",\"isPartOf\":{\"@id\":\"https:\/\/kirsten-derma.de\/#website\"},\"primaryImageOfPage\":{\"@id\":\"https:\/\/kirsten-derma.de\/ru\/plasmolifting-vampir-lifting-klinika-doktora-kirstena-berlin\/#primaryimage\"},\"datePublished\":\"2018-10-11T17:21:32+00:00\",\"dateModified\":\"2019-09-19T13:55:03+00:00\",\"description\":\"Plasmalifting oder Eigenbluttherapie ist eine innovative Methode \\u25ba100% biologisch und nat\\u00fcrlich \\u2713 PRP Plasmalifting im Zentrum von Berlin \\u260e 03023621292\",\"breadcrumb\":{\"@id\":\"https:\/\/kirsten-derma.de\/ru\/plasmolifting-vampir-lifting-klinika-doktora-kirstena-berlin\/#breadcrumb\"},\"inLanguage\":\"tr\",\"potentialAction\":[{\"@type\":\"ReadAction\",\"target\":[\"https:\/\/kirsten-derma.de\/ru\/plasmolifting-vampir-lifting-klinika-doktora-kirstena-berlin\/\"]}]},{\"@type\":\"BreadcrumbList\",\"@id\":\"https:\/\/kirsten-derma.de\/ru\/plasmolifting-vampir-lifting-klinika-doktora-kirstena-berlin\/#breadcrumb\",\"itemListElement\":[{\"@type\":\"ListItem\",\"position\":1,\"item\":{\"@type\":\"WebPage\",\"@id\":\"https:\/\/kirsten-derma.de\/\",\"url\":\"https:\/\/kirsten-derma.de\/\",\"name\":\"Startseite\"}},{\"@type\":\"ListItem\",\"position\":2,\"item\":{\"@id\":\"https:\/\/kirsten-derma.de\/ru\/plasmolifting-vampir-lifting-klinika-doktora-kirstena-berlin\/#webpage\"}}]}]}<\/script>\n<!-- \/ Yoast SEO Premium plugin. -->","_links":{"self":[{"href":"https:\/\/kirsten-derma.de\/tr\/wp-json\/wp\/v2\/pages\/3471","targetHints":{"allow":["GET"]}}],"collection":[{"href":"https:\/\/kirsten-derma.de\/tr\/wp-json\/wp\/v2\/pages"}],"about":[{"href":"https:\/\/kirsten-derma.de\/tr\/wp-json\/wp\/v2\/types\/page"}],"author":[{"embeddable":true,"href":"https:\/\/kirsten-derma.de\/tr\/wp-json\/wp\/v2\/users\/2"}],"replies":[{"embeddable":true,"href":"https:\/\/kirsten-derma.de\/tr\/wp-json\/wp\/v2\/comments?post=3471"}],"version-history":[{"count":0,"href":"https:\/\/kirsten-derma.de\/tr\/wp-json\/wp\/v2\/pages\/3471\/revisions"}],"wp:attachment":[{"href":"https:\/\/kirsten-derma.de\/tr\/wp-json\/wp\/v2\/media?parent=3471"}],"wp:term":[{"taxonomy":"post_tag","embeddable":true,"href":"https:\/\/kirsten-derma.de\/tr\/wp-json\/wp\/v2\/tags?post=3471"}],"curies":[{"name":"wp","href":"https:\/\/api.w.org\/{rel}","templated":true}]}}