{"id":37,"date":"2017-02-12T15:15:36","date_gmt":"2017-02-12T14:15:36","guid":{"rendered":"http:\/\/kd.myderma.de\/?page_id=37"},"modified":"2024-04-27T15:52:43","modified_gmt":"2024-04-27T13:52:43","slug":"beratung","status":"publish","type":"page","link":"https:\/\/kirsten-derma.de\/tr\/deutsch-beratung\/","title":{"rendered":"Beratung"},"content":{"rendered":"<p class=\"qtranxs-available-languages-message qtranxs-available-languages-message-tr\">Sorry, this entry is only available in <a href=\"https:\/\/kirsten-derma.de\/de\/wp-json\/wp\/v2\/pages\/37\" class=\"qtranxs-available-language-link qtranxs-available-language-link-de\" title=\"Deutsch\">Deutsch<\/a> and <a href=\"https:\/\/kirsten-derma.de\/ru\/wp-json\/wp\/v2\/pages\/37\" class=\"qtranxs-available-language-link qtranxs-available-language-link-ru\" title=\"\u0420\u0443\u0441\u0441\u043a\u0438\u0439\">\u0420\u0443\u0441\u0441\u043a\u0438\u0439<\/a>.<\/p>","protected":false},"excerpt":{"rendered":"<p>Sorry, this entry is only available in Deutsch and \u0420\u0443\u0441\u0441\u043a\u0438\u0439.<\/p>\n","protected":false},"author":2,"featured_media":0,"parent":0,"menu_order":0,"comment_status":"closed","ping_status":"closed","template":"","meta":{"footnotes":""},"tags":[],"class_list":["post-37","page","type-page","status-publish","hentry"],"yoast_head":"<!-- This site is optimized with the Yoast SEO Premium plugin v22.5 (Yoast SEO v16.4) - https:\/\/yoast.com\/wordpress\/plugins\/seo\/ -->\n<title>Praxis Juri Kirsten<\/title>\n<meta name=\"robots\" content=\"index, follow, max-snippet:-1, max-image-preview:large, max-video-preview:-1\" \/>\n<link rel=\"canonical\" href=\"https:\/\/kirsten-derma.de\/beratung-kosmetische-medizin-berlin\/\" \/>\n<meta property=\"og:locale\" content=\"tr_TR\" \/>\n<meta property=\"og:type\" content=\"article\" \/>\n<meta property=\"og:title\" content=\"[:de]Beratung vor der Behandlung - individuelles Gespr\u00e4ch mit Herr Kirsten[:ru]\u041f\u0440\u043e\u0432\u0435\u0434\u0435\u043d\u0438\u0435 \u043a\u043e\u043d\u0441\u0443\u043b\u044c\u0442\u0430\u0446\u0438\u0438 \u0434\u043e \u043d\u0430\u0447\u0430\u043b\u0430 \u043f\u0440\u043e\u0446\u0435\u0434\u0443\u0440 - \u041f\u043b\u0430\u0441\u0442\u0438\u0447\u0435\u0441\u043a\u0430\u044f \u0445\u0438\u0440\u0443\u0440\u0433\u0438\u044f | \u041a\u043e\u0441\u043c\u0435\u0442\u043e\u043b\u043e\u0433\u0438\u044f | \u0414\u0435\u0440\u043c\u0430\u0442\u043e\u043b\u043e\u0433\u0438\u044f | \u0410\u043b\u043b\u0435\u0440\u0433\u043e\u043b\u043e\u0433\u0438\u044f | \u042d\u0441\u0442\u0435\u0442\u0438\u0447\u0435\u0441\u043a\u0430\u044f \u043c\u0435\u0434\u0438\u0446\u0438\u043d\u0430 | \u0410\u043c\u0431\u0443\u043b\u0430\u0442\u043e\u0440\u043d\u044b\u0435 \u043e\u043f\u0435\u0440\u0430\u0446\u0438\u0438 | \u041b\u0430\u0437\u0435\u0440 | www.kirsten-derma.de [:tr] [:]\" \/>\n<meta property=\"og:description\" content=\"{:de}Herr Juri Kirsten in Berlin ist Facharzt f\u00fcr Dermatologie, kompetenter Facharzt, Behandlungsqualit\u00e4t auf hohem Niveau, informiert \u00fcber Sch\u00f6nheitsoperationen wie die Fettabsaugung in Berlin, Fettabsaugen, Faltenbehandlung in Berlin, Plasmalifting, PRP, Facelifting ohne Skalpell, Fadenlifting, Faltenunterspritzung in Berlin, Facelifting in Berlin mit fokussiertem Ultraschall, HiFu, Augenlidkorrekturen in Berlin, Schlupflider entfernen in Berlin, Tr\u00e4nens\u00e4cke operieren in Berlin, tr\u00e4nens\u00e4cke entfernen in Berlin, Fadenlifting in Berlin, Dehnungsstreifen entfernen laser, Schwangerschaftsstreifen entfernen Berlin. {:ru}Dr. Juri Kirsten in Berlin ist Facharzt f\u00fcr Dermatologie, kompetenter Facharzt, Behandlungsqualit\u00e4t auf hohem Niveau, informiert \u00fcber Sch\u00f6nheitsoperationen wie die Fettabsaugung in Berlin, Fettabsaugen, Eigenfetttransplantation, Faltenbehandlung in Berlin, Stammzellen, Plasmalifting, Facelifting ohne Skalpell, Fadenlifting, Faltenunterspritzung in Berlin, Facelifting in Berlin mit fokussiertem Ultraschall, Augenlidkorrekturen in Berlin, Schlupflider entfernen in Berlin, Tr\u00e4nens\u00e4cke operieren in Berlin, tr\u00e4nens\u00e4cke entfernen in Berlin, Fadenlifting in Berlin, Dehnungsstreifen entfernen laser, Schwangerschaftsstreifen entfernen Berlin. Dr. Juri Kirsten in Berlin ist Facharzt f\u00fcr Dermatologie, kompetenter Facharzt, Behandlungsqualit\u00e4t auf hohem Niveau, informiert \u00fcber Sch\u00f6nheitsoperationen wie die Fettabsaugung in Berlin, Fettabsaugen, Eigenfetttransplantation, Faltenbehandlung in Berlin, Stammzellen, Plasmalifting, Facelifting ohne Skalpell, Fadenlifting, Faltenunterspritzung in Berlin, Facelifting in Berlin mit fokussiertem Ultraschall, Augenlidkorrekturen in Berlin, Schlupflider entfernen in Berlin, Tr\u00e4nens\u00e4cke operieren in Berlin, tr\u00e4nens\u00e4cke entfernen in Berlin, Fadenlifting in Berlin, Dehnungsstreifen entfernen laser, Schwangerschaftsstreifen entfernen Berlin. {:tr} {:}\" \/>\n<meta property=\"og:url\" content=\"https:\/\/kirsten-derma.de\/beratung-kosmetische-medizin-berlin\/\" \/>\n<meta property=\"og:site_name\" content=\"Praxis Juri Kirsten\" \/>\n<meta property=\"article:modified_time\" content=\"2024-04-27T13:52:43+00:00\" \/>\n<meta property=\"og:image\" content=\"https:\/\/kirsten-derma.de\/wp-content\/uploads\/2019\/07\/individuelle-beratung-in-der-praxis-juri-kirsten-berlin.jpg\" \/>\n<meta name=\"twitter:card\" content=\"summary\" \/>\n<meta name=\"twitter:label1\" content=\"Tahmini okuma s\u00fcresi\" \/>\n\t<meta name=\"twitter:data1\" content=\"2 dakika\" \/>\n<script type=\"application\/ld+json\" class=\"yoast-schema-graph\">{\"@context\":\"https:\/\/schema.org\",\"@graph\":[{\"@type\":\"WebSite\",\"@id\":\"https:\/\/kirsten-derma.de\/#website\",\"url\":\"https:\/\/kirsten-derma.de\/\",\"name\":\"Praxis Juri Kirsten\",\"description\":\"Facharzt f\\u00fcr Dermatologie und Allergologie Juri Kirsten Berlin\",\"potentialAction\":[{\"@type\":\"SearchAction\",\"target\":\"https:\/\/kirsten-derma.de\/?s={search_term_string}\",\"query-input\":\"required name=search_term_string\"}],\"inLanguage\":\"tr\"},{\"@type\":\"ImageObject\",\"@id\":\"https:\/\/kirsten-derma.de\/beratung-kosmetische-medizin-berlin\/#primaryimage\",\"inLanguage\":\"tr\",\"url\":\"https:\/\/kirsten-derma.de\/wp-content\/uploads\/2019\/07\/individuelle-beratung-in-der-praxis-juri-kirsten-berlin.jpg\",\"contentUrl\":\"https:\/\/kirsten-derma.de\/wp-content\/uploads\/2019\/07\/individuelle-beratung-in-der-praxis-juri-kirsten-berlin.jpg\",\"width\":724,\"height\":350},{\"@type\":\"WebPage\",\"@id\":\"https:\/\/kirsten-derma.de\/beratung-kosmetische-medizin-berlin\/#webpage\",\"url\":\"https:\/\/kirsten-derma.de\/beratung-kosmetische-medizin-berlin\/\",\"name\":\"[:de]Beratung vor der Behandlung - individuelles Gespr\\u00e4ch mit Herr Kirsten[:ru]\\u041f\\u0440\\u043e\\u0432\\u0435\\u0434\\u0435\\u043d\\u0438\\u0435 \\u043a\\u043e\\u043d\\u0441\\u0443\\u043b\\u044c\\u0442\\u0430\\u0446\\u0438\\u0438 \\u0434\\u043e \\u043d\\u0430\\u0447\\u0430\\u043b\\u0430 \\u043f\\u0440\\u043e\\u0446\\u0435\\u0434\\u0443\\u0440 - \\u041f\\u043b\\u0430\\u0441\\u0442\\u0438\\u0447\\u0435\\u0441\\u043a\\u0430\\u044f \\u0445\\u0438\\u0440\\u0443\\u0440\\u0433\\u0438\\u044f | \\u041a\\u043e\\u0441\\u043c\\u0435\\u0442\\u043e\\u043b\\u043e\\u0433\\u0438\\u044f | \\u0414\\u0435\\u0440\\u043c\\u0430\\u0442\\u043e\\u043b\\u043e\\u0433\\u0438\\u044f | \\u0410\\u043b\\u043b\\u0435\\u0440\\u0433\\u043e\\u043b\\u043e\\u0433\\u0438\\u044f | \\u042d\\u0441\\u0442\\u0435\\u0442\\u0438\\u0447\\u0435\\u0441\\u043a\\u0430\\u044f \\u043c\\u0435\\u0434\\u0438\\u0446\\u0438\\u043d\\u0430 | \\u0410\\u043c\\u0431\\u0443\\u043b\\u0430\\u0442\\u043e\\u0440\\u043d\\u044b\\u0435 \\u043e\\u043f\\u0435\\u0440\\u0430\\u0446\\u0438\\u0438 | \\u041b\\u0430\\u0437\\u0435\\u0440 | www.kirsten-derma.de [:tr] [:]\",\"isPartOf\":{\"@id\":\"https:\/\/kirsten-derma.de\/#website\"},\"primaryImageOfPage\":{\"@id\":\"https:\/\/kirsten-derma.de\/beratung-kosmetische-medizin-berlin\/#primaryimage\"},\"datePublished\":\"2017-02-12T14:15:36+00:00\",\"dateModified\":\"2024-04-27T13:52:43+00:00\",\"description\":\"{:de}Herr Juri Kirsten in Berlin ist Facharzt f\\u00fcr Dermatologie, kompetenter Facharzt, Behandlungsqualit\\u00e4t auf hohem Niveau, informiert \\u00fcber Sch\\u00f6nheitsoperationen wie die Fettabsaugung in Berlin, Fettabsaugen, Faltenbehandlung in Berlin, Plasmalifting, PRP, Facelifting ohne Skalpell, Fadenlifting, Faltenunterspritzung in Berlin, Facelifting in Berlin mit fokussiertem Ultraschall, HiFu, Augenlidkorrekturen in Berlin, Schlupflider entfernen in Berlin, Tr\\u00e4nens\\u00e4cke operieren in Berlin, tr\\u00e4nens\\u00e4cke entfernen in Berlin, Fadenlifting in Berlin, Dehnungsstreifen entfernen laser, Schwangerschaftsstreifen entfernen Berlin. {:ru}Dr. Juri Kirsten in Berlin ist Facharzt f\\u00fcr Dermatologie, kompetenter Facharzt, Behandlungsqualit\\u00e4t auf hohem Niveau, informiert \\u00fcber Sch\\u00f6nheitsoperationen wie die Fettabsaugung in Berlin, Fettabsaugen, Eigenfetttransplantation, Faltenbehandlung in Berlin, Stammzellen, Plasmalifting, Facelifting ohne Skalpell, Fadenlifting, Faltenunterspritzung in Berlin, Facelifting in Berlin mit fokussiertem Ultraschall, Augenlidkorrekturen in Berlin, Schlupflider entfernen in Berlin, Tr\\u00e4nens\\u00e4cke operieren in Berlin, tr\\u00e4nens\\u00e4cke entfernen in Berlin, Fadenlifting in Berlin, Dehnungsstreifen entfernen laser, Schwangerschaftsstreifen entfernen Berlin. Dr. Juri Kirsten in Berlin ist Facharzt f\\u00fcr Dermatologie, kompetenter Facharzt, Behandlungsqualit\\u00e4t auf hohem Niveau, informiert \\u00fcber Sch\\u00f6nheitsoperationen wie die Fettabsaugung in Berlin, Fettabsaugen, Eigenfetttransplantation, Faltenbehandlung in Berlin, Stammzellen, Plasmalifting, Facelifting ohne Skalpell, Fadenlifting, Faltenunterspritzung in Berlin, Facelifting in Berlin mit fokussiertem Ultraschall, Augenlidkorrekturen in Berlin, Schlupflider entfernen in Berlin, Tr\\u00e4nens\\u00e4cke operieren in Berlin, tr\\u00e4nens\\u00e4cke entfernen in Berlin, Fadenlifting in Berlin, Dehnungsstreifen entfernen laser, Schwangerschaftsstreifen entfernen Berlin. {:tr} {:}\",\"breadcrumb\":{\"@id\":\"https:\/\/kirsten-derma.de\/beratung-kosmetische-medizin-berlin\/#breadcrumb\"},\"inLanguage\":\"tr\",\"potentialAction\":[{\"@type\":\"ReadAction\",\"target\":[\"https:\/\/kirsten-derma.de\/beratung-kosmetische-medizin-berlin\/\"]}]},{\"@type\":\"BreadcrumbList\",\"@id\":\"https:\/\/kirsten-derma.de\/beratung-kosmetische-medizin-berlin\/#breadcrumb\",\"itemListElement\":[{\"@type\":\"ListItem\",\"position\":1,\"item\":{\"@type\":\"WebPage\",\"@id\":\"https:\/\/kirsten-derma.de\/\",\"url\":\"https:\/\/kirsten-derma.de\/\",\"name\":\"Startseite\"}},{\"@type\":\"ListItem\",\"position\":2,\"item\":{\"@id\":\"https:\/\/kirsten-derma.de\/beratung-kosmetische-medizin-berlin\/#webpage\"}}]}]}<\/script>\n<!-- \/ Yoast SEO Premium plugin. -->","_links":{"self":[{"href":"https:\/\/kirsten-derma.de\/tr\/wp-json\/wp\/v2\/pages\/37","targetHints":{"allow":["GET"]}}],"collection":[{"href":"https:\/\/kirsten-derma.de\/tr\/wp-json\/wp\/v2\/pages"}],"about":[{"href":"https:\/\/kirsten-derma.de\/tr\/wp-json\/wp\/v2\/types\/page"}],"author":[{"embeddable":true,"href":"https:\/\/kirsten-derma.de\/tr\/wp-json\/wp\/v2\/users\/2"}],"replies":[{"embeddable":true,"href":"https:\/\/kirsten-derma.de\/tr\/wp-json\/wp\/v2\/comments?post=37"}],"version-history":[{"count":0,"href":"https:\/\/kirsten-derma.de\/tr\/wp-json\/wp\/v2\/pages\/37\/revisions"}],"wp:attachment":[{"href":"https:\/\/kirsten-derma.de\/tr\/wp-json\/wp\/v2\/media?parent=37"}],"wp:term":[{"taxonomy":"post_tag","embeddable":true,"href":"https:\/\/kirsten-derma.de\/tr\/wp-json\/wp\/v2\/tags?post=37"}],"curies":[{"name":"wp","href":"https:\/\/api.w.org\/{rel}","templated":true}]}}