{"id":3738,"date":"2019-05-15T11:27:22","date_gmt":"2019-05-15T09:27:22","guid":{"rendered":"https:\/\/kirsten-derma.de\/?page_id=3738"},"modified":"2021-06-13T17:20:57","modified_gmt":"2021-06-13T15:20:57","slug":"vaginismus-behandlung-berlin","status":"publish","type":"page","link":"https:\/\/kirsten-derma.de\/tr\/deutsch-vaginismus-behandlung-berlin\/","title":{"rendered":"Berlin&#8217;de vajinismus tedavisi"},"content":{"rendered":"<h1>Berlin&#8217;de vajinismus tedavisi<\/h1>\n<p><img wpfc-lazyload-disable=\"true\" loading=\"lazy\" decoding=\"async\" class=\"alignnone wp-image-3757 size-full\" title=\"Berlin'de Vajinismus tedavi se\u00e7enekleri uygulamada Juri Kirsten\" src=\"https:\/\/kirsten-derma.de\/wp-content\/uploads\/2019\/05\/Vaginismus-Behandlungsm\u00f6glichkeiten-in-Berlin-in-Praxis-Juri-Kirsten-724.jpg\" alt=\"Berlin'de Vajinismus tedavi se\u00e7enekleri uygulamada Juri Kirsten\" width=\"724\" height=\"350\" srcset=\"https:\/\/kirsten-derma.de\/wp-content\/uploads\/2019\/05\/Vaginismus-Behandlungsm\u00f6glichkeiten-in-Berlin-in-Praxis-Juri-Kirsten-724.jpg 724w, https:\/\/kirsten-derma.de\/wp-content\/uploads\/2019\/05\/Vaginismus-Behandlungsm\u00f6glichkeiten-in-Berlin-in-Praxis-Juri-Kirsten-724-300x145.jpg 300w\" sizes=\"auto, (max-width: 724px) 100vw, 724px\" \/><\/p>\n<p>Hastalar s\u0131kl\u0131kla arar: <strong>vaginismus,\u00a0scheidenkrampf, vaginismus behandlung,\u00a0vaginismus therapie, vaginismus hilfe, hilfe bei vaginismus,\u00a0behandlung vaginismus,\u00a0vaginismus heilen,\u00a0dyspareunie behandlung, vaginismus symptome, vaginismus ursachen, therapie vaginismus, vaginismus \u00fcbungen, was tun bei vaginismus<\/strong><\/p>\n<p>&nbsp;<\/p>\n<p>Bu sayfa \u015fu anda yap\u0131m a\u015famas\u0131nda<\/p>\n","protected":false},"excerpt":{"rendered":"<p>Berlin&#8217;de vajinismus tedavisi Hastalar s\u0131kl\u0131kla arar: vaginismus,\u00a0scheidenkrampf, vaginismus behandlung,\u00a0vaginismus therapie, vaginismus hilfe, hilfe bei vaginismus,\u00a0behandlung vaginismus,\u00a0vaginismus heilen,\u00a0dyspareunie behandlung, vaginismus symptome, vaginismus ursachen, therapie vaginismus, vaginismus \u00fcbungen, was tun bei vaginismus &nbsp; Bu sayfa \u015fu anda yap\u0131m a\u015famas\u0131nda<\/p>\n","protected":false},"author":2,"featured_media":0,"parent":0,"menu_order":0,"comment_status":"closed","ping_status":"closed","template":"","meta":{"footnotes":""},"tags":[],"class_list":["post-3738","page","type-page","status-publish","hentry"],"yoast_head":"<!-- This site is optimized with the Yoast SEO Premium plugin v22.5 (Yoast SEO v16.4) - https:\/\/yoast.com\/wordpress\/plugins\/seo\/ -->\n<title>Vajinismus - pratikte vajinal spazm tedavisi Berlin uygulamada Juri KirstenVajinismus - pratikte vajinal spazm tedavisi Berlin uygulamada Juri Kirsten<\/title>\n<meta name=\"description\" content=\"Vajinal spazmlar\u0131 \/ vajinismusu tedavi etmenin basit yollar\u0131 vard\u0131r. Kons\u00fcltasyondaki tedavi se\u00e7enekleri hakk\u0131nda sizi bilgilendirmekten memnuniyet duyar\u0131z.Vajinal spazmlar\u0131 \/ vajinismusu tedavi etmenin basit yollar\u0131 vard\u0131r. Kons\u00fcltasyondaki tedavi se\u00e7enekleri hakk\u0131nda sizi bilgilendirmekten memnuniyet duyar\u0131z.\" \/>\n<meta name=\"robots\" content=\"index, follow, max-snippet:-1, max-image-preview:large, max-video-preview:-1\" \/>\n<link rel=\"canonical\" href=\"https:\/\/kirsten-derma.de\/vaginismus-behandlung-berlin\/\" \/>\n<meta property=\"og:locale\" content=\"tr_TR\" \/>\n<meta property=\"og:type\" content=\"article\" \/>\n<meta property=\"og:title\" content=\"[:de]Vaginismus Behandlung bzw. Scheidenkrampf Behandung in Berlin[:ru]\u041b\u0435\u0447\u0435\u043d\u0438\u0435 \u0432\u0430\u0433\u0438\u043d\u0438\u0437\u043c\u0430 \u0438 \u0432\u0430\u0433\u0438\u043d\u0430\u043b\u044c\u043d\u043e\u0433\u043e \u0441\u043f\u0430\u0437\u043c\u0430 \u0432 \u0411\u0435\u0440\u043b\u0438\u043d\u0435 \u0443 \u042e\u0440\u0438\u044f \u041a\u0438\u0440\u0441\u0442\u0435\u043d\u0430\u041b\u0435\u0447\u0435\u043d\u0438\u0435 \u0432\u0430\u0433\u0438\u043d\u0438\u0437\u043c\u0430 \u0438 \u0432\u0430\u0433\u0438\u043d\u0430\u043b\u044c\u043d\u043e\u0433\u043e \u0441\u043f\u0430\u0437\u043c\u0430 \u0432 \u0411\u0435\u0440\u043b\u0438\u043d\u0435 \u0443 \u042e\u0440\u0438\u044f \u041a\u0438\u0440\u0441\u0442\u0435\u043d\u0430[:tr]Vajinismus - pratikte vajinal spazm tedavisi Berlin uygulamada Juri KirstenVajinismus - pratikte vajinal spazm tedavisi Berlin uygulamada Juri Kirsten[:]\" \/>\n<meta property=\"og:description\" content=\"{:de}Scheidenkrampf Behandlung bzw. Vaginismus Behandlung in Berlin. Gerne kl\u00e4ren wir Sie \u00fcber die Behandlungsm\u00f6glichkeiten in einem Beratungsgespr\u00e4ch auf.{:ru}\u041b\u0435\u0447\u0435\u043d\u0438\u0435 \u0432\u0430\u0433\u0438\u043d\u0438\u0437\u043c\u0430 \/ \u0432\u0430\u0433\u0438\u043d\u0430\u043b\u044c\u043d\u044b\u0445 \u0441\u043f\u0430\u0437\u043c\u043e\u0432. \u041c\u044b \u0432\u043d\u0438\u043c\u0430\u0442\u0435\u043b\u044c\u043d\u043e \u043e\u0431\u0441\u0443\u0434\u0438\u043c \u0441 \u0432\u0430\u043c\u0438 \u0432\u0441\u0435 \u0432\u0430\u0440\u0438\u0430\u043d\u0442\u044b \u043b\u0435\u0447\u0435\u043d\u0438\u044f \u0432\u0430\u0433\u0438\u043d\u0438\u0437\u043c\u0430 \u0432\u043e \u0432\u0440\u0435\u043c\u044f \u043a\u043e\u043d\u0441\u0443\u043b\u044c\u0442\u0430\u0446\u0438\u0438 \u0432 \u043d\u0430\u0448\u0435\u0439 \u043a\u043b\u0438\u043d\u0438\u043a\u0435 \u0432 \u0411\u0435\u0440\u043b\u0438\u043d\u0435.\u041b\u0435\u0447\u0435\u043d\u0438\u0435 \u0432\u0430\u0433\u0438\u043d\u0438\u0437\u043c\u0430 \/ \u043b\u0435\u0447\u0435\u043d\u0438\u044f \u0432\u0430\u0433\u0438\u043d\u0430\u043b\u044c\u043d\u044b\u0445 \u0441\u043f\u0430\u0437\u043c\u043e\u0432. \u041c\u044b \u0441 \u0443\u0434\u043e\u0432\u043e\u043b\u044c\u0441\u0442\u0432\u0438\u0435\u043c \u043e\u0431\u0441\u0443\u0434\u0438\u043c \u0441 \u0432\u0430\u043c\u0438 \u0432\u0441\u0435 \u0432\u0430\u0440\u0438\u0430\u043d\u0442\u044b \u043b\u0435\u0447\u0435\u043d\u0438\u044f \u0432\u043e \u0432\u0440\u0435\u043c\u044f \u043a\u043e\u043d\u0441\u0443\u043b\u044c\u0442\u0430\u0446\u0438\u0438 \u0432 \u043d\u0430\u0448\u0435\u0439 \u043a\u043b\u0438\u043d\u0438\u043a\u0435 \u0432 \u0411\u0435\u0440\u043b\u0438\u043d\u0435.{:tr}Vajinal spazmlar\u0131 \/ vajinismusu tedavi etmenin basit yollar\u0131 vard\u0131r. Kons\u00fcltasyondaki tedavi se\u00e7enekleri hakk\u0131nda sizi bilgilendirmekten memnuniyet duyar\u0131z.Vajinal spazmlar\u0131 \/ vajinismusu tedavi etmenin basit yollar\u0131 vard\u0131r. Kons\u00fcltasyondaki tedavi se\u00e7enekleri hakk\u0131nda sizi bilgilendirmekten memnuniyet duyar\u0131z.{:}\" \/>\n<meta property=\"og:url\" content=\"https:\/\/kirsten-derma.de\/vaginismus-behandlung-berlin\/\" \/>\n<meta property=\"og:site_name\" content=\"Praxis Juri Kirsten\" \/>\n<meta property=\"article:modified_time\" content=\"2021-06-13T15:20:57+00:00\" \/>\n<meta property=\"og:image\" content=\"https:\/\/kirsten-derma.de\/wp-content\/uploads\/2019\/05\/Vaginismus-Behandlungsm\u00f6glichkeiten-in-Berlin-in-Praxis-Juri-Kirsten-724.jpg\" \/>\n<meta name=\"twitter:card\" content=\"summary\" \/>\n<meta name=\"twitter:label1\" content=\"Tahmini okuma s\u00fcresi\" \/>\n\t<meta name=\"twitter:data1\" content=\"8 dakika\" \/>\n<script type=\"application\/ld+json\" class=\"yoast-schema-graph\">{\"@context\":\"https:\/\/schema.org\",\"@graph\":[{\"@type\":\"WebSite\",\"@id\":\"https:\/\/kirsten-derma.de\/#website\",\"url\":\"https:\/\/kirsten-derma.de\/\",\"name\":\"Praxis Juri Kirsten\",\"description\":\"Facharzt f\\u00fcr Dermatologie und Allergologie Juri Kirsten Berlin\",\"potentialAction\":[{\"@type\":\"SearchAction\",\"target\":\"https:\/\/kirsten-derma.de\/?s={search_term_string}\",\"query-input\":\"required name=search_term_string\"}],\"inLanguage\":\"tr\"},{\"@type\":\"ImageObject\",\"@id\":\"https:\/\/kirsten-derma.de\/vaginismus-behandlung-berlin\/#primaryimage\",\"inLanguage\":\"tr\",\"url\":\"https:\/\/kirsten-derma.de\/wp-content\/uploads\/2019\/05\/Vaginismus-Behandlungsm\\u00f6glichkeiten-in-Berlin-in-Praxis-Juri-Kirsten-724.jpg\",\"contentUrl\":\"https:\/\/kirsten-derma.de\/wp-content\/uploads\/2019\/05\/Vaginismus-Behandlungsm\\u00f6glichkeiten-in-Berlin-in-Praxis-Juri-Kirsten-724.jpg\",\"width\":724,\"height\":350,\"caption\":\"Vaginismus Behandlungsm\\u00f6glichkeiten in Berlin in Praxis Juri Kirsten\"},{\"@type\":\"WebPage\",\"@id\":\"https:\/\/kirsten-derma.de\/vaginismus-behandlung-berlin\/#webpage\",\"url\":\"https:\/\/kirsten-derma.de\/vaginismus-behandlung-berlin\/\",\"name\":\"[:de]Vaginismus Behandlung bzw. Scheidenkrampf Behandung in Berlin[:ru]\\u041b\\u0435\\u0447\\u0435\\u043d\\u0438\\u0435 \\u0432\\u0430\\u0433\\u0438\\u043d\\u0438\\u0437\\u043c\\u0430 \\u0438 \\u0432\\u0430\\u0433\\u0438\\u043d\\u0430\\u043b\\u044c\\u043d\\u043e\\u0433\\u043e \\u0441\\u043f\\u0430\\u0437\\u043c\\u0430 \\u0432 \\u0411\\u0435\\u0440\\u043b\\u0438\\u043d\\u0435 \\u0443 \\u042e\\u0440\\u0438\\u044f \\u041a\\u0438\\u0440\\u0441\\u0442\\u0435\\u043d\\u0430\\u041b\\u0435\\u0447\\u0435\\u043d\\u0438\\u0435 \\u0432\\u0430\\u0433\\u0438\\u043d\\u0438\\u0437\\u043c\\u0430 \\u0438 \\u0432\\u0430\\u0433\\u0438\\u043d\\u0430\\u043b\\u044c\\u043d\\u043e\\u0433\\u043e \\u0441\\u043f\\u0430\\u0437\\u043c\\u0430 \\u0432 \\u0411\\u0435\\u0440\\u043b\\u0438\\u043d\\u0435 \\u0443 \\u042e\\u0440\\u0438\\u044f \\u041a\\u0438\\u0440\\u0441\\u0442\\u0435\\u043d\\u0430[:tr]Vajinismus - pratikte vajinal spazm tedavisi Berlin uygulamada Juri KirstenVajinismus - pratikte vajinal spazm tedavisi Berlin uygulamada Juri Kirsten[:]\",\"isPartOf\":{\"@id\":\"https:\/\/kirsten-derma.de\/#website\"},\"primaryImageOfPage\":{\"@id\":\"https:\/\/kirsten-derma.de\/vaginismus-behandlung-berlin\/#primaryimage\"},\"datePublished\":\"2019-05-15T09:27:22+00:00\",\"dateModified\":\"2021-06-13T15:20:57+00:00\",\"description\":\"{:de}Scheidenkrampf Behandlung bzw. Vaginismus Behandlung in Berlin. Gerne kl\\u00e4ren wir Sie \\u00fcber die Behandlungsm\\u00f6glichkeiten in einem Beratungsgespr\\u00e4ch auf.{:ru}\\u041b\\u0435\\u0447\\u0435\\u043d\\u0438\\u0435 \\u0432\\u0430\\u0433\\u0438\\u043d\\u0438\\u0437\\u043c\\u0430 \/ \\u0432\\u0430\\u0433\\u0438\\u043d\\u0430\\u043b\\u044c\\u043d\\u044b\\u0445 \\u0441\\u043f\\u0430\\u0437\\u043c\\u043e\\u0432. \\u041c\\u044b \\u0432\\u043d\\u0438\\u043c\\u0430\\u0442\\u0435\\u043b\\u044c\\u043d\\u043e \\u043e\\u0431\\u0441\\u0443\\u0434\\u0438\\u043c \\u0441 \\u0432\\u0430\\u043c\\u0438 \\u0432\\u0441\\u0435 \\u0432\\u0430\\u0440\\u0438\\u0430\\u043d\\u0442\\u044b \\u043b\\u0435\\u0447\\u0435\\u043d\\u0438\\u044f \\u0432\\u0430\\u0433\\u0438\\u043d\\u0438\\u0437\\u043c\\u0430 \\u0432\\u043e \\u0432\\u0440\\u0435\\u043c\\u044f \\u043a\\u043e\\u043d\\u0441\\u0443\\u043b\\u044c\\u0442\\u0430\\u0446\\u0438\\u0438 \\u0432 \\u043d\\u0430\\u0448\\u0435\\u0439 \\u043a\\u043b\\u0438\\u043d\\u0438\\u043a\\u0435 \\u0432 \\u0411\\u0435\\u0440\\u043b\\u0438\\u043d\\u0435.\\u041b\\u0435\\u0447\\u0435\\u043d\\u0438\\u0435 \\u0432\\u0430\\u0433\\u0438\\u043d\\u0438\\u0437\\u043c\\u0430 \/ \\u043b\\u0435\\u0447\\u0435\\u043d\\u0438\\u044f \\u0432\\u0430\\u0433\\u0438\\u043d\\u0430\\u043b\\u044c\\u043d\\u044b\\u0445 \\u0441\\u043f\\u0430\\u0437\\u043c\\u043e\\u0432. \\u041c\\u044b \\u0441 \\u0443\\u0434\\u043e\\u0432\\u043e\\u043b\\u044c\\u0441\\u0442\\u0432\\u0438\\u0435\\u043c \\u043e\\u0431\\u0441\\u0443\\u0434\\u0438\\u043c \\u0441 \\u0432\\u0430\\u043c\\u0438 \\u0432\\u0441\\u0435 \\u0432\\u0430\\u0440\\u0438\\u0430\\u043d\\u0442\\u044b \\u043b\\u0435\\u0447\\u0435\\u043d\\u0438\\u044f \\u0432\\u043e \\u0432\\u0440\\u0435\\u043c\\u044f \\u043a\\u043e\\u043d\\u0441\\u0443\\u043b\\u044c\\u0442\\u0430\\u0446\\u0438\\u0438 \\u0432 \\u043d\\u0430\\u0448\\u0435\\u0439 \\u043a\\u043b\\u0438\\u043d\\u0438\\u043a\\u0435 \\u0432 \\u0411\\u0435\\u0440\\u043b\\u0438\\u043d\\u0435.{:tr}Vajinal spazmlar\\u0131 \/ vajinismusu tedavi etmenin basit yollar\\u0131 vard\\u0131r. Kons\\u00fcltasyondaki tedavi se\\u00e7enekleri hakk\\u0131nda sizi bilgilendirmekten memnuniyet duyar\\u0131z.Vajinal spazmlar\\u0131 \/ vajinismusu tedavi etmenin basit yollar\\u0131 vard\\u0131r. Kons\\u00fcltasyondaki tedavi se\\u00e7enekleri hakk\\u0131nda sizi bilgilendirmekten memnuniyet duyar\\u0131z.{:}\",\"breadcrumb\":{\"@id\":\"https:\/\/kirsten-derma.de\/vaginismus-behandlung-berlin\/#breadcrumb\"},\"inLanguage\":\"tr\",\"potentialAction\":[{\"@type\":\"ReadAction\",\"target\":[\"https:\/\/kirsten-derma.de\/vaginismus-behandlung-berlin\/\"]}]},{\"@type\":\"BreadcrumbList\",\"@id\":\"https:\/\/kirsten-derma.de\/vaginismus-behandlung-berlin\/#breadcrumb\",\"itemListElement\":[{\"@type\":\"ListItem\",\"position\":1,\"item\":{\"@type\":\"WebPage\",\"@id\":\"https:\/\/kirsten-derma.de\/\",\"url\":\"https:\/\/kirsten-derma.de\/\",\"name\":\"Startseite\"}},{\"@type\":\"ListItem\",\"position\":2,\"item\":{\"@id\":\"https:\/\/kirsten-derma.de\/vaginismus-behandlung-berlin\/#webpage\"}}]}]}<\/script>\n<!-- \/ Yoast SEO Premium plugin. -->","_links":{"self":[{"href":"https:\/\/kirsten-derma.de\/tr\/wp-json\/wp\/v2\/pages\/3738","targetHints":{"allow":["GET"]}}],"collection":[{"href":"https:\/\/kirsten-derma.de\/tr\/wp-json\/wp\/v2\/pages"}],"about":[{"href":"https:\/\/kirsten-derma.de\/tr\/wp-json\/wp\/v2\/types\/page"}],"author":[{"embeddable":true,"href":"https:\/\/kirsten-derma.de\/tr\/wp-json\/wp\/v2\/users\/2"}],"replies":[{"embeddable":true,"href":"https:\/\/kirsten-derma.de\/tr\/wp-json\/wp\/v2\/comments?post=3738"}],"version-history":[{"count":3,"href":"https:\/\/kirsten-derma.de\/tr\/wp-json\/wp\/v2\/pages\/3738\/revisions"}],"predecessor-version":[{"id":4970,"href":"https:\/\/kirsten-derma.de\/tr\/wp-json\/wp\/v2\/pages\/3738\/revisions\/4970"}],"wp:attachment":[{"href":"https:\/\/kirsten-derma.de\/tr\/wp-json\/wp\/v2\/media?parent=3738"}],"wp:term":[{"taxonomy":"post_tag","embeddable":true,"href":"https:\/\/kirsten-derma.de\/tr\/wp-json\/wp\/v2\/tags?post=3738"}],"curies":[{"name":"wp","href":"https:\/\/api.w.org\/{rel}","templated":true}]}}