{"id":4036,"date":"2019-06-11T17:42:52","date_gmt":"2019-06-11T15:42:52","guid":{"rendered":"https:\/\/kirsten-derma.de\/?page_id=4036"},"modified":"2019-06-26T15:47:13","modified_gmt":"2019-06-26T13:47:13","slug":"%d1%80%d1%83%d1%81%d1%81%d0%ba%d0%b8%d0%b9-vorteile-von-stumpfen-kanuelen","status":"publish","type":"page","link":"https:\/\/kirsten-derma.de\/tr\/vorteile-von-stumpfen-kanuelen\/","title":{"rendered":"(Deutsch) Hyalurons\u00e4ure-Injektionen mit stumpfen Kan\u00fclen"},"content":{"rendered":"<p class=\"qtranxs-available-languages-message qtranxs-available-languages-message-tr\">Sorry, this entry is only available in <a href=\"https:\/\/kirsten-derma.de\/de\/wp-json\/wp\/v2\/pages\/4036\" class=\"qtranxs-available-language-link qtranxs-available-language-link-de\" title=\"Deutsch\">Deutsch<\/a> and <a href=\"https:\/\/kirsten-derma.de\/ru\/wp-json\/wp\/v2\/pages\/4036\" class=\"qtranxs-available-language-link qtranxs-available-language-link-ru\" title=\"\u0420\u0443\u0441\u0441\u043a\u0438\u0439\">\u0420\u0443\u0441\u0441\u043a\u0438\u0439<\/a>.<\/p>","protected":false},"excerpt":{"rendered":"<p>Sorry, this entry is only available in Deutsch and \u0420\u0443\u0441\u0441\u043a\u0438\u0439.<\/p>\n","protected":false},"author":2,"featured_media":0,"parent":0,"menu_order":0,"comment_status":"closed","ping_status":"closed","template":"","meta":{"footnotes":""},"tags":[],"class_list":["post-4036","page","type-page","status-publish","hentry"],"yoast_head":"<!-- This site is optimized with the Yoast SEO Premium plugin v22.5 (Yoast SEO v16.4) - https:\/\/yoast.com\/wordpress\/plugins\/seo\/ -->\n<title>Vorteile bei Hyalurons\u00e4ure-Injektionen durch stumpfe Kan\u00fclen in Berlin<\/title>\n<meta name=\"description\" content=\"Hyalurons\u00e4ure-Injektionen mit stumpfen bzw. antitraumatischen Kan\u00fclen haben gro\u00dfer Vorteil gegen\u00fcber der spitzen Nadeln. Herr Juri Kirsten ber\u00e4t Sie gern!\" \/>\n<meta name=\"robots\" content=\"index, follow, max-snippet:-1, max-image-preview:large, max-video-preview:-1\" \/>\n<link rel=\"canonical\" href=\"https:\/\/kirsten-derma.de\/vorteile-von-stumpfen-kanuelen\/\" \/>\n<meta property=\"og:locale\" content=\"tr_TR\" \/>\n<meta property=\"og:type\" content=\"article\" \/>\n<meta property=\"og:title\" content=\"Vorteile bei Hyalurons\u00e4ure-Injektionen durch stumpfe Kan\u00fclen in Berlin\" \/>\n<meta property=\"og:description\" content=\"Hyalurons\u00e4ure-Injektionen mit stumpfen bzw. antitraumatischen Kan\u00fclen haben gro\u00dfer Vorteil gegen\u00fcber der spitzen Nadeln. Herr Juri Kirsten ber\u00e4t Sie gern!\" \/>\n<meta property=\"og:url\" content=\"https:\/\/kirsten-derma.de\/vorteile-von-stumpfen-kanuelen\/\" \/>\n<meta property=\"og:site_name\" content=\"Praxis Juri Kirsten\" \/>\n<meta property=\"article:modified_time\" content=\"2019-06-26T13:47:13+00:00\" \/>\n<meta property=\"og:image\" content=\"https:\/\/kirsten-derma.de\/wp-content\/uploads\/2019\/06\/\u0418\u043d\u044a\u0435\u043a\u0446\u0438\u0438-\u0442\u0443\u043f\u044b\u043c\u0438-\u043a\u0430\u043d\u044e\u043b\u044f\u043c\u0438-\u0432-\u0411\u0435\u0440\u043b\u0438\u043d\u0435.jpg\" \/>\n<meta name=\"twitter:card\" content=\"summary\" \/>\n<meta name=\"twitter:label1\" content=\"Tahmini okuma s\u00fcresi\" \/>\n\t<meta name=\"twitter:data1\" content=\"4 dakika\" \/>\n<script type=\"application\/ld+json\" class=\"yoast-schema-graph\">{\"@context\":\"https:\/\/schema.org\",\"@graph\":[{\"@type\":\"WebSite\",\"@id\":\"https:\/\/kirsten-derma.de\/#website\",\"url\":\"https:\/\/kirsten-derma.de\/\",\"name\":\"Praxis Juri Kirsten\",\"description\":\"Facharzt f\\u00fcr Dermatologie und Allergologie Juri Kirsten Berlin\",\"potentialAction\":[{\"@type\":\"SearchAction\",\"target\":\"https:\/\/kirsten-derma.de\/?s={search_term_string}\",\"query-input\":\"required name=search_term_string\"}],\"inLanguage\":\"tr\"},{\"@type\":\"ImageObject\",\"@id\":\"https:\/\/kirsten-derma.de\/vorteile-von-stumpfen-kanuelen\/#primaryimage\",\"inLanguage\":\"tr\",\"url\":\"https:\/\/kirsten-derma.de\/wp-content\/uploads\/2019\/06\/\\u0418\\u043d\\u044a\\u0435\\u043a\\u0446\\u0438\\u0438-\\u0442\\u0443\\u043f\\u044b\\u043c\\u0438-\\u043a\\u0430\\u043d\\u044e\\u043b\\u044f\\u043c\\u0438-\\u0432-\\u0411\\u0435\\u0440\\u043b\\u0438\\u043d\\u0435.jpg\",\"contentUrl\":\"https:\/\/kirsten-derma.de\/wp-content\/uploads\/2019\/06\/\\u0418\\u043d\\u044a\\u0435\\u043a\\u0446\\u0438\\u0438-\\u0442\\u0443\\u043f\\u044b\\u043c\\u0438-\\u043a\\u0430\\u043d\\u044e\\u043b\\u044f\\u043c\\u0438-\\u0432-\\u0411\\u0435\\u0440\\u043b\\u0438\\u043d\\u0435.jpg\",\"width\":724,\"height\":350,\"caption\":\"\\u0418\\u043d\\u044a\\u0435\\u043a\\u0446\\u0438\\u0438 \\u0442\\u0443\\u043f\\u044b\\u043c\\u0438 \\u043a\\u0430\\u043d\\u044e\\u043b\\u044f\\u043c\\u0438 \\u0432 \\u0411\\u0435\\u0440\\u043b\\u0438\\u043d\\u0435\"},{\"@type\":\"WebPage\",\"@id\":\"https:\/\/kirsten-derma.de\/vorteile-von-stumpfen-kanuelen\/#webpage\",\"url\":\"https:\/\/kirsten-derma.de\/vorteile-von-stumpfen-kanuelen\/\",\"name\":\"Vorteile bei Hyalurons\\u00e4ure-Injektionen durch stumpfe Kan\\u00fclen in Berlin\",\"isPartOf\":{\"@id\":\"https:\/\/kirsten-derma.de\/#website\"},\"primaryImageOfPage\":{\"@id\":\"https:\/\/kirsten-derma.de\/vorteile-von-stumpfen-kanuelen\/#primaryimage\"},\"datePublished\":\"2019-06-11T15:42:52+00:00\",\"dateModified\":\"2019-06-26T13:47:13+00:00\",\"description\":\"Hyalurons\\u00e4ure-Injektionen mit stumpfen bzw. antitraumatischen Kan\\u00fclen haben gro\\u00dfer Vorteil gegen\\u00fcber der spitzen Nadeln. Herr Juri Kirsten ber\\u00e4t Sie gern!\",\"breadcrumb\":{\"@id\":\"https:\/\/kirsten-derma.de\/vorteile-von-stumpfen-kanuelen\/#breadcrumb\"},\"inLanguage\":\"tr\",\"potentialAction\":[{\"@type\":\"ReadAction\",\"target\":[\"https:\/\/kirsten-derma.de\/vorteile-von-stumpfen-kanuelen\/\"]}]},{\"@type\":\"BreadcrumbList\",\"@id\":\"https:\/\/kirsten-derma.de\/vorteile-von-stumpfen-kanuelen\/#breadcrumb\",\"itemListElement\":[{\"@type\":\"ListItem\",\"position\":1,\"item\":{\"@type\":\"WebPage\",\"@id\":\"https:\/\/kirsten-derma.de\/\",\"url\":\"https:\/\/kirsten-derma.de\/\",\"name\":\"Startseite\"}},{\"@type\":\"ListItem\",\"position\":2,\"item\":{\"@id\":\"https:\/\/kirsten-derma.de\/vorteile-von-stumpfen-kanuelen\/#webpage\"}}]}]}<\/script>\n<!-- \/ Yoast SEO Premium plugin. -->","_links":{"self":[{"href":"https:\/\/kirsten-derma.de\/tr\/wp-json\/wp\/v2\/pages\/4036","targetHints":{"allow":["GET"]}}],"collection":[{"href":"https:\/\/kirsten-derma.de\/tr\/wp-json\/wp\/v2\/pages"}],"about":[{"href":"https:\/\/kirsten-derma.de\/tr\/wp-json\/wp\/v2\/types\/page"}],"author":[{"embeddable":true,"href":"https:\/\/kirsten-derma.de\/tr\/wp-json\/wp\/v2\/users\/2"}],"replies":[{"embeddable":true,"href":"https:\/\/kirsten-derma.de\/tr\/wp-json\/wp\/v2\/comments?post=4036"}],"version-history":[{"count":0,"href":"https:\/\/kirsten-derma.de\/tr\/wp-json\/wp\/v2\/pages\/4036\/revisions"}],"wp:attachment":[{"href":"https:\/\/kirsten-derma.de\/tr\/wp-json\/wp\/v2\/media?parent=4036"}],"wp:term":[{"taxonomy":"post_tag","embeddable":true,"href":"https:\/\/kirsten-derma.de\/tr\/wp-json\/wp\/v2\/tags?post=4036"}],"curies":[{"name":"wp","href":"https:\/\/api.w.org\/{rel}","templated":true}]}}