{"id":4135,"date":"2019-06-18T12:42:39","date_gmt":"2019-06-18T10:42:39","guid":{"rendered":"https:\/\/kirsten-derma.de\/?page_id=4135"},"modified":"2019-06-26T14:15:11","modified_gmt":"2019-06-26T12:15:11","slug":"schamlippenkorrektur-berlin-3","status":"publish","type":"page","link":"https:\/\/kirsten-derma.de\/tr\/deutsch-schamlippenkorrektur-berlin-2\/","title":{"rendered":"Schamlippenkorrektur Berlin"},"content":{"rendered":"<h1 class=\"heading\">Labia d\u00fczeltme \/ labia enjeksiyonu Berlin<\/h1>\n<p><img wpfc-lazyload-disable=\"true\" loading=\"lazy\" decoding=\"async\" class=\"alignnone wp-image-3749 size-full\" title=\"labia d\u00fczeltme - berlin'de labia enjeksiyonu\" src=\"https:\/\/kirsten-derma.de\/wp-content\/uploads\/2019\/05\/schamlippenkorrektur-schamlippen-unterspritzung-in-berlin.jpg\" alt=\"labia d\u00fczeltme - berlin'de labia enjeksiyonu\" width=\"724\" height=\"350\" srcset=\"https:\/\/kirsten-derma.de\/wp-content\/uploads\/2019\/05\/schamlippenkorrektur-schamlippen-unterspritzung-in-berlin.jpg 724w, https:\/\/kirsten-derma.de\/wp-content\/uploads\/2019\/05\/schamlippenkorrektur-schamlippen-unterspritzung-in-berlin-300x145.jpg 300w\" sizes=\"auto, (max-width: 724px) 100vw, 724px\" \/><\/p>\n<p>Hastalar\u0131m\u0131z da s\u0131kl\u0131kla ara\u015ft\u0131r\u0131yor: <strong>Schamlippenkorrektur, Schamlippen korrektur,\u00a0Schamlippenunterspritzung,\u00a0Schamlippen unterspritzen, Schamlippen unterspritzung,\u00a0scharmlippen korrektur,\u00a0labioplastik kosten, scharmlippenkorrektur, schammlippenkorrektur, Labioplastik, Schamlippenkorrektur vorher nachher, Schamlippenkorrektur berlin, Schamlippenkorrektur kosten<\/strong><\/p>\n<div>Bu sayfa \u015fu anda yap\u0131m a\u015famas\u0131nda<\/div>\n","protected":false},"excerpt":{"rendered":"<p>Labia d\u00fczeltme \/ labia enjeksiyonu Berlin Hastalar\u0131m\u0131z da s\u0131kl\u0131kla ara\u015ft\u0131r\u0131yor: Schamlippenkorrektur, Schamlippen korrektur,\u00a0Schamlippenunterspritzung,\u00a0Schamlippen unterspritzen, Schamlippen unterspritzung,\u00a0scharmlippen korrektur,\u00a0labioplastik kosten, scharmlippenkorrektur, schammlippenkorrektur, Labioplastik, Schamlippenkorrektur vorher nachher, Schamlippenkorrektur berlin, Schamlippenkorrektur kosten Bu sayfa \u015fu anda yap\u0131m a\u015famas\u0131nda<\/p>\n","protected":false},"author":2,"featured_media":0,"parent":0,"menu_order":0,"comment_status":"closed","ping_status":"closed","template":"","meta":{"footnotes":""},"tags":[239],"class_list":["post-4135","page","type-page","status-publish","hentry","tag-intimchirurgie"],"yoast_head":"<!-- This site is optimized with the Yoast SEO Premium plugin v22.5 (Yoast SEO v16.4) - https:\/\/yoast.com\/wordpress\/plugins\/seo\/ -->\n<title>Schamlippenverkleinerung der inneren Schamlippen \/ Labioplastik in Berlin<\/title>\n<meta name=\"description\" content=\"Schamlippenverkleinerung der inneren Schamlippen \/ Labioplastik in Berlin beim Experten. Wir beraten Sie gerne in unserer Praxis am Wittenbergplatz.\" \/>\n<meta name=\"robots\" content=\"index, follow, max-snippet:-1, max-image-preview:large, max-video-preview:-1\" \/>\n<link rel=\"canonical\" href=\"https:\/\/kirsten-derma.de\/schamlippenverkleinerung-berlin\/\" \/>\n<meta property=\"og:locale\" content=\"tr_TR\" \/>\n<meta property=\"og:type\" content=\"article\" \/>\n<meta property=\"og:title\" content=\"Schamlippenverkleinerung der inneren Schamlippen \/ Labioplastik in Berlin\" \/>\n<meta property=\"og:description\" content=\"Schamlippenverkleinerung der inneren Schamlippen \/ Labioplastik in Berlin beim Experten. Wir beraten Sie gerne in unserer Praxis am Wittenbergplatz.\" \/>\n<meta property=\"og:url\" content=\"https:\/\/kirsten-derma.de\/schamlippenverkleinerung-berlin\/\" \/>\n<meta property=\"og:site_name\" content=\"Praxis Juri Kirsten\" \/>\n<meta property=\"article:modified_time\" content=\"2019-06-26T12:15:11+00:00\" \/>\n<meta property=\"og:image\" content=\"https:\/\/kirsten-derma.de\/wp-content\/uploads\/2019\/06\/intimchirurgie-Schamlippenverkleinerung-in-Berlin.jpg\" \/>\n<meta name=\"twitter:card\" content=\"summary\" \/>\n<script type=\"application\/ld+json\" class=\"yoast-schema-graph\">{\"@context\":\"https:\/\/schema.org\",\"@graph\":[{\"@type\":\"WebSite\",\"@id\":\"https:\/\/kirsten-derma.de\/#website\",\"url\":\"https:\/\/kirsten-derma.de\/\",\"name\":\"Praxis Juri Kirsten\",\"description\":\"Facharzt f\\u00fcr Dermatologie und Allergologie Juri Kirsten Berlin\",\"potentialAction\":[{\"@type\":\"SearchAction\",\"target\":\"https:\/\/kirsten-derma.de\/?s={search_term_string}\",\"query-input\":\"required name=search_term_string\"}],\"inLanguage\":\"tr\"},{\"@type\":\"ImageObject\",\"@id\":\"https:\/\/kirsten-derma.de\/schamlippenverkleinerung-berlin\/#primaryimage\",\"inLanguage\":\"tr\",\"url\":\"https:\/\/kirsten-derma.de\/wp-content\/uploads\/2019\/05\/schamlippenkorrektur-schamlippen-unterspritzung-in-berlin.jpg\",\"contentUrl\":\"https:\/\/kirsten-derma.de\/wp-content\/uploads\/2019\/05\/schamlippenkorrektur-schamlippen-unterspritzung-in-berlin.jpg\",\"width\":724,\"height\":350,\"caption\":\"schamlippenkorrektur -schamlippen unterspritzung in berlin\"},{\"@type\":\"WebPage\",\"@id\":\"https:\/\/kirsten-derma.de\/schamlippenverkleinerung-berlin\/#webpage\",\"url\":\"https:\/\/kirsten-derma.de\/schamlippenverkleinerung-berlin\/\",\"name\":\"Schamlippenverkleinerung der inneren Schamlippen \/ Labioplastik in Berlin\",\"isPartOf\":{\"@id\":\"https:\/\/kirsten-derma.de\/#website\"},\"primaryImageOfPage\":{\"@id\":\"https:\/\/kirsten-derma.de\/schamlippenverkleinerung-berlin\/#primaryimage\"},\"datePublished\":\"2019-06-18T10:42:39+00:00\",\"dateModified\":\"2019-06-26T12:15:11+00:00\",\"description\":\"Schamlippenverkleinerung der inneren Schamlippen \/ Labioplastik in Berlin beim Experten. Wir beraten Sie gerne in unserer Praxis am Wittenbergplatz.\",\"breadcrumb\":{\"@id\":\"https:\/\/kirsten-derma.de\/schamlippenverkleinerung-berlin\/#breadcrumb\"},\"inLanguage\":\"tr\",\"potentialAction\":[{\"@type\":\"ReadAction\",\"target\":[\"https:\/\/kirsten-derma.de\/schamlippenverkleinerung-berlin\/\"]}]},{\"@type\":\"BreadcrumbList\",\"@id\":\"https:\/\/kirsten-derma.de\/schamlippenverkleinerung-berlin\/#breadcrumb\",\"itemListElement\":[{\"@type\":\"ListItem\",\"position\":1,\"item\":{\"@type\":\"WebPage\",\"@id\":\"https:\/\/kirsten-derma.de\/\",\"url\":\"https:\/\/kirsten-derma.de\/\",\"name\":\"Startseite\"}},{\"@type\":\"ListItem\",\"position\":2,\"item\":{\"@id\":\"https:\/\/kirsten-derma.de\/schamlippenverkleinerung-berlin\/#webpage\"}}]}]}<\/script>\n<!-- \/ Yoast SEO Premium plugin. -->","_links":{"self":[{"href":"https:\/\/kirsten-derma.de\/tr\/wp-json\/wp\/v2\/pages\/4135","targetHints":{"allow":["GET"]}}],"collection":[{"href":"https:\/\/kirsten-derma.de\/tr\/wp-json\/wp\/v2\/pages"}],"about":[{"href":"https:\/\/kirsten-derma.de\/tr\/wp-json\/wp\/v2\/types\/page"}],"author":[{"embeddable":true,"href":"https:\/\/kirsten-derma.de\/tr\/wp-json\/wp\/v2\/users\/2"}],"replies":[{"embeddable":true,"href":"https:\/\/kirsten-derma.de\/tr\/wp-json\/wp\/v2\/comments?post=4135"}],"version-history":[{"count":0,"href":"https:\/\/kirsten-derma.de\/tr\/wp-json\/wp\/v2\/pages\/4135\/revisions"}],"wp:attachment":[{"href":"https:\/\/kirsten-derma.de\/tr\/wp-json\/wp\/v2\/media?parent=4135"}],"wp:term":[{"taxonomy":"post_tag","embeddable":true,"href":"https:\/\/kirsten-derma.de\/tr\/wp-json\/wp\/v2\/tags?post=4135"}],"curies":[{"name":"wp","href":"https:\/\/api.w.org\/{rel}","templated":true}]}}