{"id":49,"date":"2017-02-12T15:57:00","date_gmt":"2017-02-12T14:57:00","guid":{"rendered":"http:\/\/kd.myderma.de\/?page_id=49"},"modified":"2021-06-13T18:42:53","modified_gmt":"2021-06-13T16:42:53","slug":"nichtoperative-lidstraffung-berlin-in-unserer-praxis-fuer-aesthetische-medizin-und-schoenheitschirurgie","status":"publish","type":"page","link":"https:\/\/kirsten-derma.de\/tr\/ameliyatsiz-goez-kapagi-kaldirma-berlin\/","title":{"rendered":"Ameliyatsiz G\u00f6z Kapagi"},"content":{"rendered":"<h1 class=\"heading\">Ameliyatsiz G\u00f6z Kapagi<\/h1>\n<h1><img wpfc-lazyload-disable=\"true\" loading=\"lazy\" decoding=\"async\" width=\"724\" height=\"350\" class=\"alignnone size-full wp-image-1881\" src=\"https:\/\/kirsten-derma.de\/wp-content\/uploads\/2017\/02\/Nichtoperative-Lidstraffung.jpg\" alt=\"Nichtoperative-Lidstraffung-Berlin\" srcset=\"https:\/\/kirsten-derma.de\/wp-content\/uploads\/2017\/02\/Nichtoperative-Lidstraffung.jpg 724w, https:\/\/kirsten-derma.de\/wp-content\/uploads\/2017\/02\/Nichtoperative-Lidstraffung-300x145.jpg 300w\" sizes=\"auto, (max-width: 724px) 100vw, 724px\" \/><\/h1>\n<p>\u00d6zellikle bu zamanlarda profesyonel G\u00f6z Kapagi germesi, minimal invaziv skalpel olmayan gerceklesebilir, simdi atilmasi icin daha iyi y\u00f6ntemleri vardir, daha \u00f6ncesinden cok daha etkili ve daha az risklidir.<\/p>\n<h2>Cerrahi ameliyati icin bir alternativ varmidir, en azindan k\u00fcc\u00fck bir basari edebebilecegim?<\/h2>\n<p>Yeni HiFu Ultraschall Ger\u00e4t Doublo odaklanmis ultrason dalgalari ild kaslarinin derine bit gerne yapabiliriz,drei y\u00fczeyine zarar vermeden.<\/p>\n<p><img wpfc-lazyload-disable=\"true\" loading=\"lazy\" decoding=\"async\" title=\"Alt G\u00f6z kapak amliyatsiz.\" src=\"https:\/\/kirsten-derma.de\/tl_files\/tiny_templates\/kirsten-derma\/Augenlidkorrekturen\/Unterlidstraffung%20ohne%20Operation.png\" alt=\"Alt G\u00f6z kapak amliyatsiz.\" width=\"239\" height=\"170\" \/><\/p>\n<p>Odaklanmis HiFu ultrason vasitasi ile yapilan fazla kas lifleri Musculus orbicularis oculi (Bir kars orbita acikligin alaninda, d\u00f6nel g\u00f6z\u00fc y\u00f6r\u00fcnler) hem de parcalarin zygomatico-cutaneous ligaments gerdirir.<\/p>\n<p><img wpfc-lazyload-disable=\"true\" loading=\"lazy\" decoding=\"async\" title=\"Kas sarkmasi alt torbada.\" src=\"https:\/\/kirsten-derma.de\/tl_files\/tiny_templates\/kirsten-derma\/Augenlidkorrekturen\/Muskelerschlaffung%20am%20Unterlid.png\" alt=\"Kas sarkmasi alt torbada.\" width=\"239\" height=\"170\" \/><\/p>\n<p>G\u00f6z kapagin cildindeki Kollajen kat odaklanmis termal etkisi nedeniyle HiFu ultrasonuyla g\u00fcclendirir.<\/p>\n<p><img wpfc-lazyload-disable=\"true\" loading=\"lazy\" decoding=\"async\" title=\"Alt torbada Doublo tedavisinden sonra.\" src=\"https:\/\/kirsten-derma.de\/tl_files\/tiny_templates\/kirsten-derma\/Augenlidkorrekturen\/Unterlid%20nach%20Doublo%20Behandlung.png\" alt=\"Alt torbada Doublo tedavisinden sonra.\" width=\"239\" height=\"170\" \/><\/p>\n<p>Bir G\u00f6z kapak gerdirmesiyle kesirli ile CO2 lazer k\u00fcc\u00fck, mevcut kirisikliklar olabilir alt kapakta m\u00fckemmel ortadan kaldirabilinir, dikkatli bir sekilde cilt katindaki hasarlari kisimlari alinirsa. Lazerlerin termal etkisi ile kolajen-veya elastin \u00fcretimi yeniden canlandi.<\/p>\n<p>G\u00f6z kirisikliklarindaki Azaltilmasi icin ve kaz ayagi, \u00f6zellikle g\u00fccl\u00fc olmayan tarafi, \u00f6zellikle radyofrekans islemi uygundur. Burada,radyo dalgalarinin hedeflenen isi enerjesi gecirilir ve derin cilt katinda elde edilir, sarkmaya b\u00f6ylece dogal ve saglam g\u00f6r\u00fcn\u00fcm elde edilir. G\u00fccl\u00fc G\u00f6z torbalara ve asik G\u00f6z liderle iyi bir cerrahi m\u00fcdahale ile elde edebilir.<\/p>\n<h2>Kirisiklari tedavi ile veya enjeksyonlarla tedavi edilir mi?<\/h2>\n<p>Ek olarak, yukaridaki tedavi y\u00f6ntemlerden tabi ki ayni zamanda botox-enjeksiyonlari G\u00f6z kapagi kivriminda \u00f6nemli \u00f6lc\u00fcde iyilestirmek icin. Kas kasilmalari,mimiklerden neden oldugu, botulinum toksini ile bloke edilebilir. Yogun doldurma hazirliklari hyaluronik asiti gibi kirisikliklari \u00f6nemli \u00f6lc\u00fcde eksik maddeyi azaltmak yerine yer alablilir.<\/p>\n<p>T\u00fcm tedavi konseptleri size g\u00f6re yapiyoruz ve ayarliyoruz.severek Bey Doktor Kirsten, size zaman ayirip ve sizin isteklerinizi konusmak icin.bu tedavi sohbeti Doktor Kirsten ile herzaman Onlinetermin veya telefonla bizim praximizda alabilirsiniz.<\/p>\n<div class=\"btn-pos\"><a href=\"https:\/\/kirsten-derma.de\/tr\/ulasim\/\">Istek gonder<\/a><\/div>\n","protected":false},"excerpt":{"rendered":"<p>Ameliyatsiz G\u00f6z Kapagi \u00d6zellikle bu zamanlarda profesyonel G\u00f6z Kapagi germesi, minimal invaziv skalpel olmayan gerceklesebilir, simdi atilmasi icin daha iyi y\u00f6ntemleri vardir, daha \u00f6ncesinden cok daha etkili ve daha az risklidir. Cerrahi ameliyati icin bir alternativ varmidir, en azindan k\u00fcc\u00fck bir basari edebebilecegim? Yeni HiFu Ultraschall Ger\u00e4t Doublo odaklanmis ultrason dalgalari ild kaslarinin derine bit gerne yapabiliriz,drei y\u00fczeyine zarar vermeden. Odaklanmis HiFu ultrason vasitasi ile yapilan fazla kas lifleri Musculus orbicularis oculi (Bir kars orbita acikligin alaninda, d\u00f6nel g\u00f6z\u00fc y\u00f6r\u00fcnler) [&hellip;]<\/p>\n","protected":false},"author":2,"featured_media":0,"parent":0,"menu_order":0,"comment_status":"closed","ping_status":"closed","template":"","meta":{"footnotes":""},"tags":[],"class_list":["post-49","page","type-page","status-publish","hentry"],"yoast_head":"<!-- This site is optimized with the Yoast SEO Premium plugin v22.5 (Yoast SEO v16.4) - https:\/\/yoast.com\/wordpress\/plugins\/seo\/ -->\n<title>Ameliyatsiz (Ameliyat olmadan) - Berlin-Uygulama muyane Doktor Juri Kirsten Ameliyatsiz (Ameliyat olmadan) - Berlin-Uygulama muyane Doktor Juri Kirsten<\/title>\n<meta name=\"description\" content=\"Ameliyat Gerektirmeyen Gen\u00e7lik Form\u00fcl\u00fc Form\u00fcle y\u00f6nelik incelikleri anlatan Dr. Kirsten En bilinen tan\u0131m\u0131yla anne karn\u0131ndaki fet\u00fcs\u00fc izlemeye imkan tan\u0131yan Ultrasound teknolojisi, \u015fimdi esnekli\u011fini kaybeden sarkm\u0131\u015f ciltler, d\u00fc\u015f\u00fck ka\u015flar ve y\u0131llar\u0131n arma\u011fan\u0131 k\u0131r\u0131\u015f\u0131kl\u0131klar\u0131 germe uygulamas\u0131nda kullan\u0131l\u0131yor. Bu pencereden bakt\u0131\u011f\u0131n\u0131zda Berlin&#039;deki fiyatlar\u0131n olduk\u00e7a uygun ve ucuz estetik sunumyla oldu\u011funu fark edeceksiniz.\" \/>\n<meta name=\"robots\" content=\"index, follow, max-snippet:-1, max-image-preview:large, max-video-preview:-1\" \/>\n<link rel=\"canonical\" href=\"https:\/\/kirsten-derma.de\/lidstraffung-ohne-op-berlin\/\" \/>\n<meta property=\"og:locale\" content=\"tr_TR\" \/>\n<meta property=\"og:type\" content=\"article\" \/>\n<meta property=\"og:title\" content=\"[:de]Augenlidstraffung ohne OP, Augenlidstraffung ohne OP Berlin - Juri Kirsten[:ru]\u0411\u0435\u0437\u043e\u043f\u0435\u0440\u0430\u0446\u0438\u043e\u043d\u043d\u0430\u044f \u043f\u043e\u0434\u0442\u044f\u0436\u043a\u0430 \u0432\u0435\u043a \u0432 \u0411\u0435\u0440\u043b\u0438\u043d\u0435. \u041a\u043b\u0438\u043d\u0438\u043a\u0430 \u042e\u0440\u0438\u044f \u041a\u0438\u0440\u0441\u0442\u0435\u043d\u0430.\u0411\u0435\u0437\u043e\u043f\u0435\u0440\u0430\u0446\u0438\u043e\u043d\u043d\u0430\u044f \u043f\u043e\u0434\u0442\u044f\u0436\u043a\u0430 \u0432\u0435\u043a \u0432 \u0411\u0435\u0440\u043b\u0438\u043d\u0435. \u041a\u043b\u0438\u043d\u0438\u043a\u0430 \u042e\u0440\u0438\u044f \u041a\u0438\u0440\u0441\u0442\u0435\u043d\u0430.[:tr]Ameliyatsiz (Ameliyat olmadan) - Berlin-Uygulama muyane Doktor Juri Kirsten Ameliyatsiz (Ameliyat olmadan) - Berlin-Uygulama muyane Doktor Juri Kirsten [:]\" \/>\n<meta property=\"og:description\" content=\"{:de}Lidstraffung ohne OP, Augenlidstraffung, nichtoperative Lidstraffung in Berlin \u25ba Minimal invasiv \u2713Ohne Skalpell \u2713Bessere Methoden \u25ba Herr Juri Kirsten{:ru}\u0411\u0435\u0437\u043e\u043f\u0435\u0440\u0430\u0446\u0438\u043e\u043d\u043d\u0430\u044f \u043f\u043e\u0434\u0442\u044f\u0436\u043a\u0430 \u0432\u0435\u043a \u0432 \u0411\u0435\u0440\u043b\u0438\u043d\u0435 \u25ba \u041c\u0438\u043d\u0438\u043c\u0430\u043b\u044c\u043d\u043e \u0438\u043d\u0432\u0430\u0437\u0438\u0432\u043d\u043e\u0435 \u2713\u0411\u0435\u0437 \u0441\u043a\u0430\u043b\u044c\u043f\u0435\u043b\u044f \u2713\u042f\u0432\u043b\u044f\u0435\u0442\u0441\u044f \u043d\u0430\u0438\u043b\u0443\u0447\u0448\u0435\u0439 \u043c\u0435\u0442\u043e\u0434\u0438\u043a\u043e\u0439 \u25ba \u041a\u043b\u0438\u043d\u0438\u043a\u0430 \u042e\u0440\u0438\u044f \u041a\u0438\u0440\u0441\u0442\u0435\u043d\u0430. Tel. 03023621292{:tr}Ameliyat Gerektirmeyen Gen\u00e7lik Form\u00fcl\u00fc Form\u00fcle y\u00f6nelik incelikleri anlatan Dr. Kirsten En bilinen tan\u0131m\u0131yla anne karn\u0131ndaki fet\u00fcs\u00fc izlemeye imkan tan\u0131yan Ultrasound teknolojisi, \u015fimdi esnekli\u011fini kaybeden sarkm\u0131\u015f ciltler, d\u00fc\u015f\u00fck ka\u015flar ve y\u0131llar\u0131n arma\u011fan\u0131 k\u0131r\u0131\u015f\u0131kl\u0131klar\u0131 germe uygulamas\u0131nda kullan\u0131l\u0131yor. Bu pencereden bakt\u0131\u011f\u0131n\u0131zda Berlin&#039;deki fiyatlar\u0131n olduk\u00e7a uygun ve ucuz estetik sunumyla oldu\u011funu fark edeceksiniz. {:}\" \/>\n<meta property=\"og:url\" content=\"https:\/\/kirsten-derma.de\/lidstraffung-ohne-op-berlin\/\" \/>\n<meta property=\"og:site_name\" content=\"Praxis Juri Kirsten\" \/>\n<meta property=\"article:modified_time\" content=\"2021-06-13T16:42:53+00:00\" \/>\n<meta property=\"og:image\" content=\"https:\/\/kirsten-derma.de\/wp-content\/uploads\/2019\/07\/Nichtoperative-Lidstraffung-min.jpg\" \/>\n<meta name=\"twitter:card\" content=\"summary\" \/>\n<meta name=\"twitter:label1\" content=\"Tahmini okuma s\u00fcresi\" \/>\n\t<meta name=\"twitter:data1\" content=\"3 dakika\" \/>\n<script type=\"application\/ld+json\" class=\"yoast-schema-graph\">{\"@context\":\"https:\/\/schema.org\",\"@graph\":[{\"@type\":\"WebSite\",\"@id\":\"https:\/\/kirsten-derma.de\/#website\",\"url\":\"https:\/\/kirsten-derma.de\/\",\"name\":\"Praxis Juri Kirsten\",\"description\":\"Facharzt f\\u00fcr Dermatologie und Allergologie Juri Kirsten Berlin\",\"potentialAction\":[{\"@type\":\"SearchAction\",\"target\":\"https:\/\/kirsten-derma.de\/?s={search_term_string}\",\"query-input\":\"required name=search_term_string\"}],\"inLanguage\":\"tr\"},{\"@type\":\"ImageObject\",\"@id\":\"https:\/\/kirsten-derma.de\/lidstraffung-ohne-op-berlin\/#primaryimage\",\"inLanguage\":\"tr\",\"url\":\"https:\/\/kirsten-derma.de\/wp-content\/uploads\/2017\/02\/Nichtoperative-Lidstraffung.jpg\",\"contentUrl\":\"https:\/\/kirsten-derma.de\/wp-content\/uploads\/2017\/02\/Nichtoperative-Lidstraffung.jpg\",\"width\":724,\"height\":350,\"caption\":\"Nichtoperative-Lidstraffung-Berlin\"},{\"@type\":\"WebPage\",\"@id\":\"https:\/\/kirsten-derma.de\/lidstraffung-ohne-op-berlin\/#webpage\",\"url\":\"https:\/\/kirsten-derma.de\/lidstraffung-ohne-op-berlin\/\",\"name\":\"[:de]Augenlidstraffung ohne OP, Augenlidstraffung ohne OP Berlin - Juri Kirsten[:ru]\\u0411\\u0435\\u0437\\u043e\\u043f\\u0435\\u0440\\u0430\\u0446\\u0438\\u043e\\u043d\\u043d\\u0430\\u044f \\u043f\\u043e\\u0434\\u0442\\u044f\\u0436\\u043a\\u0430 \\u0432\\u0435\\u043a \\u0432 \\u0411\\u0435\\u0440\\u043b\\u0438\\u043d\\u0435. \\u041a\\u043b\\u0438\\u043d\\u0438\\u043a\\u0430 \\u042e\\u0440\\u0438\\u044f \\u041a\\u0438\\u0440\\u0441\\u0442\\u0435\\u043d\\u0430.\\u0411\\u0435\\u0437\\u043e\\u043f\\u0435\\u0440\\u0430\\u0446\\u0438\\u043e\\u043d\\u043d\\u0430\\u044f \\u043f\\u043e\\u0434\\u0442\\u044f\\u0436\\u043a\\u0430 \\u0432\\u0435\\u043a \\u0432 \\u0411\\u0435\\u0440\\u043b\\u0438\\u043d\\u0435. \\u041a\\u043b\\u0438\\u043d\\u0438\\u043a\\u0430 \\u042e\\u0440\\u0438\\u044f \\u041a\\u0438\\u0440\\u0441\\u0442\\u0435\\u043d\\u0430.[:tr]Ameliyatsiz (Ameliyat olmadan) - Berlin-Uygulama muyane Doktor Juri Kirsten Ameliyatsiz (Ameliyat olmadan) - Berlin-Uygulama muyane Doktor Juri Kirsten [:]\",\"isPartOf\":{\"@id\":\"https:\/\/kirsten-derma.de\/#website\"},\"primaryImageOfPage\":{\"@id\":\"https:\/\/kirsten-derma.de\/lidstraffung-ohne-op-berlin\/#primaryimage\"},\"datePublished\":\"2017-02-12T14:57:00+00:00\",\"dateModified\":\"2021-06-13T16:42:53+00:00\",\"description\":\"{:de}Lidstraffung ohne OP, Augenlidstraffung, nichtoperative Lidstraffung in Berlin \\u25ba Minimal invasiv \\u2713Ohne Skalpell \\u2713Bessere Methoden \\u25ba Herr Juri Kirsten{:ru}\\u0411\\u0435\\u0437\\u043e\\u043f\\u0435\\u0440\\u0430\\u0446\\u0438\\u043e\\u043d\\u043d\\u0430\\u044f \\u043f\\u043e\\u0434\\u0442\\u044f\\u0436\\u043a\\u0430 \\u0432\\u0435\\u043a \\u0432 \\u0411\\u0435\\u0440\\u043b\\u0438\\u043d\\u0435 \\u25ba \\u041c\\u0438\\u043d\\u0438\\u043c\\u0430\\u043b\\u044c\\u043d\\u043e \\u0438\\u043d\\u0432\\u0430\\u0437\\u0438\\u0432\\u043d\\u043e\\u0435 \\u2713\\u0411\\u0435\\u0437 \\u0441\\u043a\\u0430\\u043b\\u044c\\u043f\\u0435\\u043b\\u044f \\u2713\\u042f\\u0432\\u043b\\u044f\\u0435\\u0442\\u0441\\u044f \\u043d\\u0430\\u0438\\u043b\\u0443\\u0447\\u0448\\u0435\\u0439 \\u043c\\u0435\\u0442\\u043e\\u0434\\u0438\\u043a\\u043e\\u0439 \\u25ba \\u041a\\u043b\\u0438\\u043d\\u0438\\u043a\\u0430 \\u042e\\u0440\\u0438\\u044f \\u041a\\u0438\\u0440\\u0441\\u0442\\u0435\\u043d\\u0430. Tel. 03023621292{:tr}Ameliyat Gerektirmeyen Gen\\u00e7lik Form\\u00fcl\\u00fc Form\\u00fcle y\\u00f6nelik incelikleri anlatan Dr. Kirsten En bilinen tan\\u0131m\\u0131yla anne karn\\u0131ndaki fet\\u00fcs\\u00fc izlemeye imkan tan\\u0131yan Ultrasound teknolojisi, \\u015fimdi esnekli\\u011fini kaybeden sarkm\\u0131\\u015f ciltler, d\\u00fc\\u015f\\u00fck ka\\u015flar ve y\\u0131llar\\u0131n arma\\u011fan\\u0131 k\\u0131r\\u0131\\u015f\\u0131kl\\u0131klar\\u0131 germe uygulamas\\u0131nda kullan\\u0131l\\u0131yor. Bu pencereden bakt\\u0131\\u011f\\u0131n\\u0131zda Berlin'deki fiyatlar\\u0131n olduk\\u00e7a uygun ve ucuz estetik sunumyla oldu\\u011funu fark edeceksiniz. {:}\",\"breadcrumb\":{\"@id\":\"https:\/\/kirsten-derma.de\/lidstraffung-ohne-op-berlin\/#breadcrumb\"},\"inLanguage\":\"tr\",\"potentialAction\":[{\"@type\":\"ReadAction\",\"target\":[\"https:\/\/kirsten-derma.de\/lidstraffung-ohne-op-berlin\/\"]}]},{\"@type\":\"BreadcrumbList\",\"@id\":\"https:\/\/kirsten-derma.de\/lidstraffung-ohne-op-berlin\/#breadcrumb\",\"itemListElement\":[{\"@type\":\"ListItem\",\"position\":1,\"item\":{\"@type\":\"WebPage\",\"@id\":\"https:\/\/kirsten-derma.de\/\",\"url\":\"https:\/\/kirsten-derma.de\/\",\"name\":\"Startseite\"}},{\"@type\":\"ListItem\",\"position\":2,\"item\":{\"@id\":\"https:\/\/kirsten-derma.de\/lidstraffung-ohne-op-berlin\/#webpage\"}}]}]}<\/script>\n<!-- \/ Yoast SEO Premium plugin. -->","_links":{"self":[{"href":"https:\/\/kirsten-derma.de\/tr\/wp-json\/wp\/v2\/pages\/49","targetHints":{"allow":["GET"]}}],"collection":[{"href":"https:\/\/kirsten-derma.de\/tr\/wp-json\/wp\/v2\/pages"}],"about":[{"href":"https:\/\/kirsten-derma.de\/tr\/wp-json\/wp\/v2\/types\/page"}],"author":[{"embeddable":true,"href":"https:\/\/kirsten-derma.de\/tr\/wp-json\/wp\/v2\/users\/2"}],"replies":[{"embeddable":true,"href":"https:\/\/kirsten-derma.de\/tr\/wp-json\/wp\/v2\/comments?post=49"}],"version-history":[{"count":2,"href":"https:\/\/kirsten-derma.de\/tr\/wp-json\/wp\/v2\/pages\/49\/revisions"}],"predecessor-version":[{"id":4976,"href":"https:\/\/kirsten-derma.de\/tr\/wp-json\/wp\/v2\/pages\/49\/revisions\/4976"}],"wp:attachment":[{"href":"https:\/\/kirsten-derma.de\/tr\/wp-json\/wp\/v2\/media?parent=49"}],"wp:term":[{"taxonomy":"post_tag","embeddable":true,"href":"https:\/\/kirsten-derma.de\/tr\/wp-json\/wp\/v2\/tags?post=49"}],"curies":[{"name":"wp","href":"https:\/\/api.w.org\/{rel}","templated":true}]}}