{"id":4929,"date":"2019-11-24T23:11:08","date_gmt":"2019-11-24T22:11:08","guid":{"rendered":"https:\/\/kirsten-derma.de\/?page_id=4929"},"modified":"2019-11-24T23:12:44","modified_gmt":"2019-11-24T22:12:44","slug":"%d0%b4%d0%be%d0%ba%d1%82%d0%be%d1%80-%d1%8e%d1%80%d0%b8%d0%b9-%d0%ba%d0%b8%d1%80%d1%81%d1%82%d0%b5%d0%bd-%d1%87%d0%b0%d1%81%d1%82%d0%bd%d0%b0%d1%8f-%d0%ba%d0%bb%d0%b8%d0%bd%d0%b8%d0%ba%d0%b0-%d0%b2-2","status":"publish","type":"page","link":"https:\/\/kirsten-derma.de\/tr\/uygulama-muyane-doktor-kirsten-berlin-2-2-2-2\/","title":{"rendered":"Praxis f\u00fcr \u00c4sthetische Medizin und Sch\u00f6nheitsoperationen"},"content":{"rendered":"<div id=\"einfuehrung\" class=\"mod_article block\">\n<h1 class=\"ce_text haupttext block\">Klinik Juri Kirsten<\/h1>\n<\/div>\n<h1>&#8211; estetik t\u0131p ve plastik cerrahi<\/h1>\n<div class=\"section-end unterstrich-kurz\"><\/div>\n<div class=\"mtheme-supercell clearfix my-slider-selector\"><div id=\"metaslider-id-2266\" style=\"max-width: 724px;\" class=\"ml-slider-3-70-2 metaslider metaslider-flex metaslider-2266 ml-slider ms-theme-blend has-dots-nav\" role=\"region\" aria-roledescription=\"Slideshow\" aria-label=\"Neue Diashow\">\n    <div id=\"metaslider_container_2266\">\n        <div id=\"metaslider_2266\">\n            <ul aria-live=\"polite\" class=\"slides\">\n                <li style=\"display: block; width: 100%;\" class=\"slide-2267 ms-image \" aria-roledescription=\"slide\" aria-label=\"slide-2267\"><img wpfc-lazyload-disable=\"true\" loading=\"lazy\" decoding=\"async\" src=\"https:\/\/kirsten-derma.de\/wp-content\/uploads\/2019\/05\/praxis-juri-kirsten-berlin-anti-ageing.jpg\" height=\"350\" width=\"724\" alt=\"praxis juri kirsten berlin anti ageing\" class=\"slider-2266 slide-2267\" title=\"praxis juri kirsten berlin anti ageing\" \/><\/li>\n                <li style=\"display: none; width: 100%;\" class=\"slide-3332 ms-image \" aria-roledescription=\"slide\" aria-label=\"slide-3332\"><img wpfc-lazyload-disable=\"true\" loading=\"lazy\" decoding=\"async\" src=\"https:\/\/kirsten-derma.de\/wp-content\/uploads\/2019\/05\/Beratungsgespr\u00e4ch-in-Praixs-von-Juri-Kristen-in-Berlin-nahe-Wittenbergplatz.jpg\" height=\"350\" width=\"724\" alt=\"Beratungsgespr\u00e4ch mit Herr Juri Kristen in Berlin nahe Wittenbergplatz\" class=\"slider-2266 slide-3332\" title=\"Beratungsgespr\u00e4ch mit Herr Juri Kristen in Berlin nahe Wittenbergplatz\" \/><\/li>\n                <li style=\"display: none; width: 100%;\" class=\"slide-2268 ms-image \" aria-roledescription=\"slide\" aria-label=\"slide-2268\"><img wpfc-lazyload-disable=\"true\" loading=\"lazy\" decoding=\"async\" src=\"https:\/\/kirsten-derma.de\/wp-content\/uploads\/2019\/05\/praxis-juri-kirsten-in-berlin-begr\u00fc\u00dft-patienten.jpg\" height=\"350\" width=\"724\" alt=\"juri kirsten-in berlin-begr\u00fc\u00dft patienten\" class=\"slider-2266 slide-2268\" title=\"juri kirsten-in berlin-begr\u00fc\u00dft patienten\" \/><\/li>\n                <li style=\"display: none; width: 100%;\" class=\"slide-3335 ms-image \" aria-roledescription=\"slide\" aria-label=\"slide-3335\"><img wpfc-lazyload-disable=\"true\" loading=\"lazy\" decoding=\"async\" src=\"https:\/\/kirsten-derma.de\/wp-content\/uploads\/2019\/05\/praxis-juri-kirsten-berlin-rezeption-empfang.jpg\" height=\"350\" width=\"724\" alt=\"praxis juri kirsten berlin rezeption-empfang-terminvereinbarung zum botox\" class=\"slider-2266 slide-3335\" title=\"praxis juri kirsten berlin rezeption-empfang-terminvereinbarung zum botox\" \/><\/li>\n                <li style=\"display: none; width: 100%;\" class=\"slide-2269 ms-image \" aria-roledescription=\"slide\" aria-label=\"slide-2269\"><img wpfc-lazyload-disable=\"true\" loading=\"lazy\" decoding=\"async\" src=\"https:\/\/kirsten-derma.de\/wp-content\/uploads\/2019\/05\/praxis-juri-kirsten-hautdiagnostik-hautanalyse-in-berlin-berlin.jpg\" height=\"350\" width=\"724\" alt=\"praxis-juri-kirsten-hautdiagnostik-hautanalyse mit computer in berlin\" class=\"slider-2266 slide-2269\" title=\"praxis-juri-kirsten-hautdiagnostik-hautanalyse mit computer in berlin\" \/><\/li>\n                <li style=\"display: none; width: 100%;\" class=\"slide-2271 ms-image \" aria-roledescription=\"slide\" aria-label=\"slide-2271\"><img wpfc-lazyload-disable=\"true\" loading=\"lazy\" decoding=\"async\" src=\"https:\/\/kirsten-derma.de\/wp-content\/uploads\/2019\/05\/praxis-juri-kirsten-in-berlin-analyse.jpg\" height=\"350\" width=\"724\" alt=\"juri-kirsten-in berlin-genaue analyse\" class=\"slider-2266 slide-2271\" title=\"juri-kirsten-in berlin-genaue analyse\" \/><\/li>\n            <\/ul>\n        <\/div>\n        \n    <\/div>\n<\/div><\/div>\n<div class=\"mtheme-supercell clearfix \">\n<div id=\"trennlinie-main\" class=\"mtheme-cell-wrap\">\n<div id=\"mtheme-block-3\" class=\"mtheme-block mtheme-block-em_hline span12 mtheme-first-cell \" data-width=\"12\">\n<div class=\"clearfix hline-common hline-dashed\" style=\"margin-top: 30px; margin-bottom: 40px; border-color: #b5b5b5; border-width: 1px;\"><\/div>\n<\/div>\n<\/div>\n<\/div>\n<div class=\"mtheme-supercell clearfix my-selector\">\n<div id=\"%c3%bcber-uns\" class=\"mtheme-cell-wrap\">\n<div id=\"mtheme-block-4\" class=\"mtheme-block mtheme-block-em_infoboxes span4 mtheme-first-cell \" data-width=\"4\">\n<div class=\"service-column service-item \"><a class=\"service-image-link\" href=\"https:\/\/kirsten-derma.de\/uber-praxisklinik-doktor-kirsten\/\"><\/p>\n<p><\/a><a class=\"service-image-link\" href=\"https:\/\/kirsten-derma.de\/uber-praxisklinik-doktor-kirsten\/\"><img wpfc-lazyload-disable=\"true\" loading=\"lazy\" decoding=\"async\" class=\"alignnone wp-image-3686 size-full\" title=\"pratikte h\u0131zl\u0131 randevular berlin'deki juri kirsten- wittenbergplatz\" src=\"https:\/\/kirsten-derma.de\/wp-content\/uploads\/2019\/05\/schnelle-Terminvergabe-in-praxis-juri-kirsten-in-berlin-am-wittenbergplatz.png\" alt=\"pratikte h\u0131zl\u0131 randevular berlin'deki juri kirsten- wittenbergplatz\" width=\"540\" height=\"290\" srcset=\"https:\/\/kirsten-derma.de\/wp-content\/uploads\/2019\/05\/schnelle-Terminvergabe-in-praxis-juri-kirsten-in-berlin-am-wittenbergplatz.png 540w, https:\/\/kirsten-derma.de\/wp-content\/uploads\/2019\/05\/schnelle-Terminvergabe-in-praxis-juri-kirsten-in-berlin-am-wittenbergplatz-300x161.png 300w\" sizes=\"auto, (max-width: 540px) 100vw, 540px\" \/><\/a><\/p>\n<div class=\"service-content\">\n<h4>Hakkimizda<\/h4>\n<div class=\"service-details\">\n<p>Berlinin Merkezinde bizim praxis.<br \/>\n<a href=\"https:\/\/kirsten-derma.de\/Hakkimizda.html\">Devam okuyunuz &gt;&gt;<\/a><\/p>\n<\/div>\n<\/div>\n<\/div>\n<\/div>\n<\/div>\n<div id=\"news\" class=\"mtheme-cell-wrap\">\n<div id=\"mtheme-block-5\" class=\"mtheme-block mtheme-block-em_infoboxes span4 mtheme-following-cell \" data-width=\"4\">\n<div class=\"service-column service-item \"><a class=\"service-image-link\" href=\"https:\/\/kirsten-derma.de\/news-praxisklinik-doktor-kirsten-berlin\/\"><\/p>\n<p><\/a><a class=\"service-image-link\" href=\"https:\/\/kirsten-derma.de\/news-praxisklinik-doktor-kirsten-berlin\/\"><img wpfc-lazyload-disable=\"true\" loading=\"lazy\" decoding=\"async\" class=\"alignnone wp-image-3684 size-full\" title=\"Uygulamada yeni tedavi se\u00e7enekleri hakk\u0131nda haberler ve haberler juri kirsten berlin\" src=\"https:\/\/kirsten-derma.de\/wp-content\/uploads\/2019\/05\/news-und-aktuelles-\u00fcber-neue-behandlungsm\u00f6glichkeiten-in-praxis-juri-kirsten-berlin.jpg\" alt=\"Uygulamada yeni tedavi se\u00e7enekleri hakk\u0131nda haberler ve haberler juri kirsten berlin\" width=\"540\" height=\"290\" srcset=\"https:\/\/kirsten-derma.de\/wp-content\/uploads\/2019\/05\/news-und-aktuelles-\u00fcber-neue-behandlungsm\u00f6glichkeiten-in-praxis-juri-kirsten-berlin.jpg 540w, https:\/\/kirsten-derma.de\/wp-content\/uploads\/2019\/05\/news-und-aktuelles-\u00fcber-neue-behandlungsm\u00f6glichkeiten-in-praxis-juri-kirsten-berlin-300x161.jpg 300w\" sizes=\"auto, (max-width: 540px) 100vw, 540px\" \/><\/a><\/p>\n<div class=\"service-content\">\n<h4>Haberler<\/h4>\n<div class=\"service-details\">\n<p>Haberler ve \u00f6neriler bizim uygulama muyanede Berlinde hem bayan ve erkekler icin.<br \/>\n<a href=\"https:\/\/kirsten-derma.de\/haberler-uygulama-muyane-doktor-kirsten.html\">Devam okuyunuz &gt;&gt;<\/a><\/p>\n<\/div>\n<\/div>\n<\/div>\n<\/div>\n<\/div>\n<div id=\"arztbewertungen\" class=\"mtheme-cell-wrap\">\n<div id=\"mtheme-block-6\" class=\"mtheme-block mtheme-block-em_infoboxes span4 mtheme-following-cell \" data-width=\"4\">\n<div class=\"service-column service-item \"><a class=\"service-image-link\" href=\"https:\/\/kirsten-derma.de\/bewertungen-praxisklinik-doktor-kirsten-berlin\/\"><\/p>\n<p><\/a><a class=\"service-image-link\" href=\"https:\/\/kirsten-derma.de\/bewertungen-praxisklinik-doktor-kirsten-berlin\/\"><img wpfc-lazyload-disable=\"true\" loading=\"lazy\" decoding=\"async\" class=\"alignnone wp-image-3680 size-full\" title=\"m\u00fcnhas\u0131ran olumlu yorumlar-uygulama-juri kirsten-berlin\" src=\"https:\/\/kirsten-derma.de\/wp-content\/uploads\/2019\/05\/ausschlie\u00dflich-positive-bewertungen-der-praxis-juri-kirsten-berlin.jpg\" alt=\"m\u00fcnhas\u0131ran olumlu yorumlar-uygulama-juri kirsten-berlin\" width=\"226\" height=\"121\" \/><\/a><\/p>\n<div class=\"service-content\">\n<h4>Doktoryorumlari<\/h4>\n<div class=\"service-details\">\n<p>Burada Yorumlarinizi bizim Uygulama muyane hakkinda g\u00f6re veya verebilirsiniz.<br \/>\n<a href=\"https:\/\/kirsten-derma.de\/Doktoryorumlari.html\">Devam okuyunuz &gt;&gt;<\/a><\/p>\n<\/div>\n<\/div>\n<\/div>\n<\/div>\n<\/div>\n<\/div>\n<div class=\"mtheme-supercell clearfix my-selector\">\n<div id=\"finanzierung\" class=\"mtheme-cell-wrap\">\n<div id=\"mtheme-block-7\" class=\"mtheme-block mtheme-block-em_infoboxes span4 mtheme-first-cell \" data-width=\"4\">\n<div class=\"service-column service-item \"><a class=\"service-image-link\" href=\"https:\/\/kirsten-derma.de\/finanzierung-behandlung-praxisklinik-doktor-kirsten-berlin\/\"><\/p>\n<p><\/a><a class=\"service-image-link\" href=\"https:\/\/kirsten-derma.de\/finanzierung-behandlung-praxisklinik-doktor-kirsten-berlin\/\"><img wpfc-lazyload-disable=\"true\" loading=\"lazy\" decoding=\"async\" class=\"alignnone wp-image-3681 size-full\" title=\" tedavilerin finansman\u0131 -praksi-juri-kirsten-berlin\" src=\"https:\/\/kirsten-derma.de\/wp-content\/uploads\/2019\/05\/finansierung-praxiss-jur-kirsten-berlin.jpg\" alt=\" tedavilerin finansman\u0131 -praksi-juri-kirsten-berlin\" width=\"226\" height=\"121\" \/><\/a><\/p>\n<div class=\"service-content\">\n<h4>Finansman<\/h4>\n<div class=\"service-details\">\n<p>Bizim uygulama muyanede Dr. Kirsten Berlinde secenekleriniz vardir, Tedavi\u00fccretinizi rahat, aylik taksitlerle \u00f6demeye.<br \/>\n<a href=\"https:\/\/kirsten-derma.de\/Finansman.html\">Devam okuyunuz &gt;&gt;<\/a><\/p>\n<\/div>\n<\/div>\n<\/div>\n<\/div>\n<\/div>\n<div id=\"mitgliedschaften\" class=\"mtheme-cell-wrap\">\n<div id=\"mtheme-block-8\" class=\"mtheme-block mtheme-block-em_infoboxes span4 mtheme-following-cell \" data-width=\"4\">\n<div class=\"service-column service-item \"><a class=\"service-image-link\" href=\"https:\/\/kirsten-derma.de\/mitgliedschaften-doktor-kirsten-berlin\/\"><\/p>\n<p><\/a><a class=\"service-image-link\" href=\"https:\/\/kirsten-derma.de\/mitgliedschaften-doktor-kirsten-berlin\/\"><img wpfc-lazyload-disable=\"true\" loading=\"lazy\" decoding=\"async\" class=\"alignnone wp-image-3683 size-full\" title=\"juri kirsten \u00fcyelikleri\" src=\"https:\/\/kirsten-derma.de\/wp-content\/uploads\/2019\/05\/mitgliedschaften-von-juri-kirsten.jpg\" alt=\"juri kirsten \u00fcyelikleri\" width=\"226\" height=\"121\" \/><\/a><\/p>\n<div class=\"service-content\">\n<h4>\u00dcyelikleri<\/h4>\n<div class=\"service-details\">\n<p>Burada profossiyonel, Doktor Kirstenin \u00fcyelere dahil oldugunu g\u00f6rebilirsiniz.<br \/>\n<a href=\"https:\/\/kirsten-derma.de\/uyelikleri.html\">Devam okuyunuz &gt;&gt;<\/a><\/p>\n<\/div>\n<\/div>\n<\/div>\n<\/div>\n<\/div>\n<div id=\"publikationen\" class=\"mtheme-cell-wrap\">\n<div id=\"mtheme-block-9\" class=\"mtheme-block mtheme-block-em_infoboxes span4 mtheme-following-cell \" data-width=\"4\">\n<div class=\"service-column service-item \"><a class=\"service-image-link\" href=\"https:\/\/kirsten-derma.de\/publikationen-doktor-kirsten-berlin\/\"><\/p>\n<p><\/a><a class=\"service-image-link\" href=\"https:\/\/kirsten-derma.de\/publikationen-doktor-kirsten-berlin\/\"><img wpfc-lazyload-disable=\"true\" loading=\"lazy\" decoding=\"async\" class=\"alignnone wp-image-3685 size-full\" title=\"dergilerde yay\u0131n yapanlar juri kirsten\" src=\"https:\/\/kirsten-derma.de\/wp-content\/uploads\/2019\/05\/publikationen-in-zeitschriften-praxis-juri-kirsten.jpg\" alt=\"dergilerde yay\u0131n yapanlar juri kirsten\" width=\"226\" height=\"121\" \/><\/a><\/p>\n<div class=\"service-content\">\n<h4>Yayinlar<\/h4>\n<div class=\"service-details\">\n<p>Burada \u00f6grenirsiniz hangi, yeni ve modeern tibbi Tedaviy\u00f6ntemleri Bey Kirsten yayinlandi ve arastirdigini.<br \/>\n<a href=\"https:\/\/kirsten-derma.de\/Yayinlar.html\">Devam okuyunuz &gt;&gt;<\/a><\/p>\n<\/div>\n<\/div>\n<\/div>\n<\/div>\n<\/div>\n<\/div>\n<div class=\"mtheme-supercell clearfix \">\n<div id=\"fortbildungen\" class=\"mtheme-cell-wrap\">\n<div id=\"mtheme-block-10\" class=\"mtheme-block mtheme-block-em_infoboxes span6 mtheme-first-cell \" data-width=\"6\">\n<div class=\"service-column service-item \"><a class=\"service-image-link\" href=\"https:\/\/kirsten-derma.de\/workshops-seminare-schulungen-berlin\/\"><\/p>\n<p><\/a><a class=\"service-image-link\" href=\"https:\/\/kirsten-derma.de\/workshops-seminare-schulungen-berlin\/\"><img wpfc-lazyload-disable=\"true\" loading=\"lazy\" decoding=\"async\" class=\"alignnone wp-image-3687 size-full\" title=\"at\u00f6lyeler-seminer-e\u011fitimler-prp-iplik kald\u0131rma-berlin\" src=\"https:\/\/kirsten-derma.de\/wp-content\/uploads\/2019\/05\/workshops-seminare-trainings-prp-fadenlifting-berlin-min.jpg\" alt=\"at\u00f6lyeler-seminer-e\u011fitimler-prp-iplik kald\u0131rma-berlin\" width=\"351\" height=\"188\" srcset=\"https:\/\/kirsten-derma.de\/wp-content\/uploads\/2019\/05\/workshops-seminare-trainings-prp-fadenlifting-berlin-min.jpg 351w, https:\/\/kirsten-derma.de\/wp-content\/uploads\/2019\/05\/workshops-seminare-trainings-prp-fadenlifting-berlin-min-300x161.jpg 300w\" sizes=\"auto, (max-width: 351px) 100vw, 351px\" \/><\/a><\/p>\n<div class=\"service-content\">\n<h4>Fortbildungen<\/h4>\n<div class=\"service-details\">\n<p>Eigenbluttherapie Workshops, Seminare zur Faltenunterspritzung, Trainings f\u00fcr Fadenlifting f\u00fcr die \u00c4rzte und Heilpraktiker.<br \/>\n<a href=\"https:\/\/kirsten-derma.de\/workshops-seminare-schulungen_berlin.html\">weiterlesen &gt;&gt;<\/a><\/p>\n<\/div>\n<\/div>\n<\/div>\n<\/div>\n<\/div>\n<\/div>\n<p>&nbsp;<\/p>\n<hr \/>\n<p>&nbsp;<\/p>\n<p>Berlin semptinde bizim \u00f6zel muyanemiz estetik cerrahi icin bu g\u00fczellik tedavileri sunuyor, Mesela alt kat enjeksiyonu, yag aldirma, g\u00f6z kapak d\u00fczeltmesi, asiri terleme.<\/p>\n","protected":false},"excerpt":{"rendered":"<p>Klinik Juri Kirsten &#8211; estetik t\u0131p ve plastik cerrahi Hakkimizda Berlinin Merkezinde bizim praxis. Devam okuyunuz &gt;&gt; Haberler Haberler ve \u00f6neriler bizim uygulama muyanede Berlinde hem bayan ve erkekler icin. Devam okuyunuz &gt;&gt; Doktoryorumlari Burada Yorumlarinizi bizim Uygulama muyane hakkinda g\u00f6re veya verebilirsiniz. Devam okuyunuz &gt;&gt; Finansman Bizim uygulama muyanede Dr. Kirsten Berlinde secenekleriniz vardir, Tedavi\u00fccretinizi rahat, aylik taksitlerle \u00f6demeye. Devam okuyunuz &gt;&gt; \u00dcyelikleri Burada profossiyonel, Doktor Kirstenin \u00fcyelere dahil oldugunu g\u00f6rebilirsiniz. Devam okuyunuz &gt;&gt; Yayinlar Burada \u00f6grenirsiniz hangi, yeni [&hellip;]<\/p>\n","protected":false},"author":4,"featured_media":0,"parent":0,"menu_order":0,"comment_status":"closed","ping_status":"closed","template":"","meta":{"footnotes":""},"tags":[],"class_list":["post-4929","page","type-page","status-publish","hentry"],"yoast_head":"<!-- This site is optimized with the Yoast SEO Premium plugin v22.5 (Yoast SEO v16.4) - https:\/\/yoast.com\/wordpress\/plugins\/seo\/ -->\n<title>Praxis Juri Kirsten \u2013 \u00e4sthetische Medizin und Operationen. 03023621292<\/title>\n<meta name=\"description\" content=\"Praxis Juri Kirsten. \u00c4sthetische Medizin seit 20 Jahren in Berlin \u00bb 030 236 212 92 \u00bb Fettabsaugung\u2714 Lidstraffung\u2714 Facelift\u2714 Laser\u2714 Botox\u00ae\u2714 Faltenbehandlung\" \/>\n<meta name=\"robots\" content=\"index, follow, max-snippet:-1, max-image-preview:large, max-video-preview:-1\" \/>\n<link rel=\"canonical\" href=\"https:\/\/kirsten-derma.de\/profil-home-praxisklinik-doktor-kirsten-berlin-2-2-2-2\/\" \/>\n<meta property=\"og:locale\" content=\"tr_TR\" \/>\n<meta property=\"og:type\" content=\"article\" \/>\n<meta property=\"og:title\" content=\"Praxis Juri Kirsten \u2013 \u00e4sthetische Medizin und Operationen. 03023621292\" \/>\n<meta property=\"og:description\" content=\"Praxis Juri Kirsten. \u00c4sthetische Medizin seit 20 Jahren in Berlin \u00bb 030 236 212 92 \u00bb Fettabsaugung\u2714 Lidstraffung\u2714 Facelift\u2714 Laser\u2714 Botox\u00ae\u2714 Faltenbehandlung\" \/>\n<meta property=\"og:url\" content=\"https:\/\/kirsten-derma.de\/profil-home-praxisklinik-doktor-kirsten-berlin-2-2-2-2\/\" \/>\n<meta property=\"og:site_name\" content=\"Praxis Juri Kirsten\" \/>\n<meta property=\"article:modified_time\" content=\"2019-11-24T22:12:44+00:00\" \/>\n<meta property=\"og:image\" content=\"https:\/\/kirsten-derma.de\/wp-content\/uploads\/2019\/05\/schnelle-Terminvergabe-in-praxis-juri-kirsten-in-berlin-am-wittenbergplatz.png\" \/>\n<meta name=\"twitter:card\" content=\"summary\" \/>\n<meta name=\"twitter:label1\" content=\"Tahmini okuma s\u00fcresi\" \/>\n\t<meta name=\"twitter:data1\" content=\"1 dakika\" \/>\n<script type=\"application\/ld+json\" class=\"yoast-schema-graph\">{\"@context\":\"https:\/\/schema.org\",\"@graph\":[{\"@type\":\"WebSite\",\"@id\":\"https:\/\/kirsten-derma.de\/#website\",\"url\":\"https:\/\/kirsten-derma.de\/\",\"name\":\"Praxis Juri Kirsten\",\"description\":\"Facharzt f\\u00fcr Dermatologie und Allergologie Juri Kirsten Berlin\",\"potentialAction\":[{\"@type\":\"SearchAction\",\"target\":\"https:\/\/kirsten-derma.de\/?s={search_term_string}\",\"query-input\":\"required name=search_term_string\"}],\"inLanguage\":\"tr\"},{\"@type\":\"ImageObject\",\"@id\":\"https:\/\/kirsten-derma.de\/profil-home-praxisklinik-doktor-kirsten-berlin-2-2-2-2\/#primaryimage\",\"inLanguage\":\"tr\",\"url\":\"https:\/\/kirsten-derma.de\/wp-content\/uploads\/2019\/05\/schnelle-Terminvergabe-in-praxis-juri-kirsten-in-berlin-am-wittenbergplatz.png\",\"contentUrl\":\"https:\/\/kirsten-derma.de\/wp-content\/uploads\/2019\/05\/schnelle-Terminvergabe-in-praxis-juri-kirsten-in-berlin-am-wittenbergplatz.png\",\"width\":540,\"height\":290,\"caption\":\"schnelle Terminvergabe in praxis juri kirsten in berlin am wittenbergplatz\"},{\"@type\":\"WebPage\",\"@id\":\"https:\/\/kirsten-derma.de\/profil-home-praxisklinik-doktor-kirsten-berlin-2-2-2-2\/#webpage\",\"url\":\"https:\/\/kirsten-derma.de\/profil-home-praxisklinik-doktor-kirsten-berlin-2-2-2-2\/\",\"name\":\"Praxis Juri Kirsten \\u2013 \\u00e4sthetische Medizin und Operationen. 03023621292\",\"isPartOf\":{\"@id\":\"https:\/\/kirsten-derma.de\/#website\"},\"primaryImageOfPage\":{\"@id\":\"https:\/\/kirsten-derma.de\/profil-home-praxisklinik-doktor-kirsten-berlin-2-2-2-2\/#primaryimage\"},\"datePublished\":\"2019-11-24T22:11:08+00:00\",\"dateModified\":\"2019-11-24T22:12:44+00:00\",\"description\":\"Praxis Juri Kirsten. \\u00c4sthetische Medizin seit 20 Jahren in Berlin \\u00bb 030 236 212 92 \\u00bb Fettabsaugung\\u2714 Lidstraffung\\u2714 Facelift\\u2714 Laser\\u2714 Botox\\u00ae\\u2714 Faltenbehandlung\",\"breadcrumb\":{\"@id\":\"https:\/\/kirsten-derma.de\/profil-home-praxisklinik-doktor-kirsten-berlin-2-2-2-2\/#breadcrumb\"},\"inLanguage\":\"tr\",\"potentialAction\":[{\"@type\":\"ReadAction\",\"target\":[\"https:\/\/kirsten-derma.de\/profil-home-praxisklinik-doktor-kirsten-berlin-2-2-2-2\/\"]}]},{\"@type\":\"BreadcrumbList\",\"@id\":\"https:\/\/kirsten-derma.de\/profil-home-praxisklinik-doktor-kirsten-berlin-2-2-2-2\/#breadcrumb\",\"itemListElement\":[{\"@type\":\"ListItem\",\"position\":1,\"item\":{\"@type\":\"WebPage\",\"@id\":\"https:\/\/kirsten-derma.de\/\",\"url\":\"https:\/\/kirsten-derma.de\/\",\"name\":\"Startseite\"}},{\"@type\":\"ListItem\",\"position\":2,\"item\":{\"@id\":\"https:\/\/kirsten-derma.de\/profil-home-praxisklinik-doktor-kirsten-berlin-2-2-2-2\/#webpage\"}}]}]}<\/script>\n<!-- \/ Yoast SEO Premium plugin. -->","_links":{"self":[{"href":"https:\/\/kirsten-derma.de\/tr\/wp-json\/wp\/v2\/pages\/4929","targetHints":{"allow":["GET"]}}],"collection":[{"href":"https:\/\/kirsten-derma.de\/tr\/wp-json\/wp\/v2\/pages"}],"about":[{"href":"https:\/\/kirsten-derma.de\/tr\/wp-json\/wp\/v2\/types\/page"}],"author":[{"embeddable":true,"href":"https:\/\/kirsten-derma.de\/tr\/wp-json\/wp\/v2\/users\/4"}],"replies":[{"embeddable":true,"href":"https:\/\/kirsten-derma.de\/tr\/wp-json\/wp\/v2\/comments?post=4929"}],"version-history":[{"count":1,"href":"https:\/\/kirsten-derma.de\/tr\/wp-json\/wp\/v2\/pages\/4929\/revisions"}],"predecessor-version":[{"id":4930,"href":"https:\/\/kirsten-derma.de\/tr\/wp-json\/wp\/v2\/pages\/4929\/revisions\/4930"}],"wp:attachment":[{"href":"https:\/\/kirsten-derma.de\/tr\/wp-json\/wp\/v2\/media?parent=4929"}],"wp:term":[{"taxonomy":"post_tag","embeddable":true,"href":"https:\/\/kirsten-derma.de\/tr\/wp-json\/wp\/v2\/tags?post=4929"}],"curies":[{"name":"wp","href":"https:\/\/api.w.org\/{rel}","templated":true}]}}