{"id":54,"date":"2017-02-12T16:05:48","date_gmt":"2017-02-12T15:05:48","guid":{"rendered":"http:\/\/kd.myderma.de\/?page_id=54"},"modified":"2021-06-13T18:18:04","modified_gmt":"2021-06-13T16:18:04","slug":"augenlidstraffung-berlin-unterlidstraffung-in-unserer-praxisklinik","status":"publish","type":"page","link":"https:\/\/kirsten-derma.de\/tr\/goez-kapagi-duezeltme-gozkapagi-ameliyatlari\/","title":{"rendered":"G\u00f6z kapak altinda Germesi"},"content":{"rendered":"<h1 class=\"heading\">G\u00f6z kapak altinda Germesi<\/h1>\n<p><img wpfc-lazyload-disable=\"true\" loading=\"lazy\" decoding=\"async\" width=\"724\" height=\"350\" class=\"alignnone size-full wp-image-1885\" src=\"https:\/\/kirsten-derma.de\/wp-content\/uploads\/2017\/02\/unterlidstraffung-1.jpg\" alt=\"unterlidstraffung-berlin\" srcset=\"https:\/\/kirsten-derma.de\/wp-content\/uploads\/2017\/02\/unterlidstraffung-1.jpg 724w, https:\/\/kirsten-derma.de\/wp-content\/uploads\/2017\/02\/unterlidstraffung-1-300x145.jpg 300w\" sizes=\"auto, (max-width: 724px) 100vw, 724px\" \/><\/p>\n<p>Synonyme: G\u00f6zyas torbanin alinmasi, Alt G\u00f6z kapagi lifting, alt Blefaroplasti, Blefaroplastik alt g\u00f6z kapaginin.<\/p>\n<h2>Genel<\/h2>\n<p>G\u00f6z kapagi cildi cok narin ve hassasdir. Yaslanma s\u00fcrecinde kapaklarinda oldukca erken g\u00f6zlemlenebiliriz,b\u00f6ylece bazi hastalarimiz erken yasta bir Alt G\u00f6z kapak gerdirmesi d\u00fcs\u00fcnebilirler. G\u00f6z Kapak cilt sarkmasi yasla ilgili ve kisinin cilt dokusuyla alakali.<\/p>\n<p>Klasik G\u00f6z yasi torbalari nedeni yag dokusunun cikintisi,bu nedeniyle G\u00f6z yuvasinda doku sarkmasi \u00f6ne cikiyor.G\u00f6z kars, veya kapama karsda alt kapaklarda sarkma ayrica cok gevsek veAlt G\u00f6z kapak gerdirmesinde cok \u00f6nemlidir.<\/p>\n<p><img wpfc-lazyload-disable=\"true\" loading=\"lazy\" decoding=\"async\" class=\"alignnone size-full wp-image-279\" src=\"https:\/\/kirsten-derma.de\/wp-content\/uploads\/2017\/02\/unterlidstraffung_frau.jpg\" alt=\"\" width=\"753\" height=\"300\" srcset=\"https:\/\/kirsten-derma.de\/wp-content\/uploads\/2017\/02\/unterlidstraffung_frau.jpg 753w, https:\/\/kirsten-derma.de\/wp-content\/uploads\/2017\/02\/unterlidstraffung_frau-300x120.jpg 300w\" sizes=\"auto, (max-width: 753px) 100vw, 753px\" \/><\/p>\n<h3>Alt G\u00f6z kapak ameliyat \u00f6ncesi nasil hazirlanir?<\/h3>\n<p>Alt G\u00f6z kapak gerdirmesinden iki hafta \u00f6ncesindeaspirin veya vitamin iceren ilaclar e preparatlar alinmayacaktir. Bir Agri durumunda alternativ olarak parasetamol alabilirsiniz.[nbsp] Ameliyatdan iki hafta \u00f6nce alkol ve nikotinden vazgeciniz.1 ile 2 hafta iyilesmeye plan ediniz.<\/p>\n<h3>Hangi anestetik kullanilir?<\/h3>\n<p>Alt G\u00f6z kapak gerdirmesi ambulant hemen aninda yapilir. \u00dcst kapak germesine g\u00f6re Alt G\u00f6z kapak gerdirmesi biraz daha zametlidir. Onun icin anestetik yaninda sakinlestirme (Yari uyku) tavsiye edilir.M\u00fcdahale 1,5-2 saat s\u00fcr\u00fcyor.<\/p>\n<h3>Alt G\u00f6z kapak gerdirme ameliyati nasil geciyor?<\/h3>\n<p>Yardimiyla cilt sonra <a href=\"http:\/\/www.dmt-med.de\/index.php\/rf-chirurgie.html\" target=\"_blank\" rel=\"noopener noreferrer\">radio cihaz yardimiyla<\/a> kesilir ve deri-kasbezine hazirlanmis, fazla olan Yag dokusu dagitabilir ve kismen kaldirilir, s\u00f6zde elmacik kemer \u00fczerinde gerceklesen.<\/p>\n<p>G\u00f6z halka kars gerdirilir. B\u00f6ylece fazla olan cilt serit benzerinde alinir. Ektropiyon \u00f6nlemesi icin (Alt kapagin rulosu) bir canthopexy (gecici olarak G\u00f6z halka karsi kemik derisine yan olan Kemik G\u00f6z yuvasinda yapilir.<\/p>\n<p>Dikkatli kan durdurmasindan sonra radio cerrahi yardimcisiyla,estetik yardimcisiyla dikis dikilir. Yara sonradan nerdeyse hic g\u00f6r\u00fcnmiyecek.<\/p>\n<h3>Ameliyat sonrasinda neler olur?<\/h3>\n<p>Komple Alt G\u00f6z kapagi,g\u00fccl\u00fc yapiskanlarla yapistirilir, Sislikleri cok d\u00fcs\u00fck tutmaya. Yapisklanlar dikisler alindiginda alinir. Alt G\u00f6z kapagi Ameliyat sonrasinda iki saat kontroll altinda yanimizda kaliyorsunusuz. Bu zaman icinde G\u00f6z kapaklariniz sogutulur. Doktorla konustuktan sonra yardimcinizla eve gidebilirsiniz.<\/p>\n<h3>Ameliyat sonrasina \u00f6zellikle neye dikkat etmek gerekir?<\/h3>\n<p>Bizim size olan tavsiyemiz.ameliyat sonrasinda bir kac g\u00fcn dinlenmeye. Basinizi fazla derecede cok alcak tutmamaya dikkat ediniz, ve yatarkende ayni sekilde dikkat ediniz ki basiniz y\u00fcksek olsun (fazla yastiklarla mesela). Massajlar sakin yapmayiniz. Ameliyat sonrasi ertesi g\u00fcn hemen dusch alabilirsiniz.<\/p>\n<p>Yaz G\u00fcnlerde G\u00f6zl\u00fck takmaniz cok \u00f6nemlidir, yaralarinin G\u00fcnes isigindan korunmasi icin.<\/p>\n<p>Kis aylarinda da fazla asiri sohuktan korununuz.<\/p>\n<p>Kacinilmaz Sislikler ve Kan dolasimlar yaklasik sizi bir hafta eslik edicektir. Onlari azaltmak icin, size Bey Doktor Kirsten \u00f6ner kagidi elinize vericektir. Yaklasik 2 hafta lens takmayiniz. 5-7 G\u00fcn arasi dikisler alinir. On G\u00fcn sonra daha g\u00fccl\u00fc ve eski halinize d\u00f6n\u00fcyorsunuz.<\/p>\n<h3>Alt kapak d\u00fczeltmesinde G\u00f6z seklim degisiyor mu?<\/h3>\n<p>Nein, die Augenform wird nicht ver\u00e4ndert. Nur das \u00fcbersch\u00fcssige Haut- und Fettgewebe wird entfernt. Eine Unterlidstraffung hat nat\u00fcrlich einen Einfluss auf den Gesichtsausdruck, denn die Augenpartie erh\u00e4lt wieder mehr Frische und Spannkraft.<\/p>\n<p>Hayir, G\u00f6z sekliniz degismiyor. Sadece fazla olan Cilt-, Kars-veya Yag doku aliniyor. \u00dcst G\u00f6z kapak gerdirmesi elbette y\u00fcz ifadesinde bir etki ediyor, c\u00fcnk\u00fc g\u00f6z cevresinde yeni tazelik ve g\u00fccl\u00fck kazaniyor.<\/p>\n<h3>Alt G\u00f6z kapak gerdirmesi kalici mi?<\/h3>\n<p>Altt G\u00f6z kapak gerdirmesindeki sonuu uzun senelerle kalicidir. Dogal yaslanma prozedere devam ediyor, ama G\u00f6z gerdirmesi yapilan gitmiyor. Genetik veya fazla yaslanma sonucuyla etkisi gidersi 7-10sene sonra terar bu tedavi uygulanabilir.<\/p>\n<h3>Spora tekrar nezaman basliyabilirim?<\/h3>\n<p>Alt G\u00f6z kapak gerdirmesinden sonra 4-6 hafta sport yapmayiniz.<\/p>\n<h3>G\u00f6z kapak d\u00fczeltmesinin riskleri nedir?<\/h3>\n<p>T\u00fcm tedavi konseptleri size g\u00f6re yapiyoruz ve ayarliyoruz.severek Bey Doktor Kirsten, size zaman ayirip ve sizin isteklerinizi konusmak icin.bu tedavi sohbeti Doktor Kirsten ile herzaman <a href=\"{{link_url::271}}\">Onlinetermin<\/a> veya telefonla bizim praximizda alabilirsiniz.<\/p>\n","protected":false},"excerpt":{"rendered":"<p>G\u00f6z kapak altinda Germesi Synonyme: G\u00f6zyas torbanin alinmasi, Alt G\u00f6z kapagi lifting, alt Blefaroplasti, Blefaroplastik alt g\u00f6z kapaginin. Genel G\u00f6z kapagi cildi cok narin ve hassasdir. Yaslanma s\u00fcrecinde kapaklarinda oldukca erken g\u00f6zlemlenebiliriz,b\u00f6ylece bazi hastalarimiz erken yasta bir Alt G\u00f6z kapak gerdirmesi d\u00fcs\u00fcnebilirler. G\u00f6z Kapak cilt sarkmasi yasla ilgili ve kisinin cilt dokusuyla alakali. Klasik G\u00f6z yasi torbalari nedeni yag dokusunun cikintisi,bu nedeniyle G\u00f6z yuvasinda doku sarkmasi \u00f6ne cikiyor.G\u00f6z kars, veya kapama karsda alt kapaklarda sarkma ayrica cok gevsek veAlt G\u00f6z [&hellip;]<\/p>\n","protected":false},"author":2,"featured_media":0,"parent":0,"menu_order":0,"comment_status":"closed","ping_status":"closed","template":"","meta":{"footnotes":""},"tags":[74,73],"class_list":["post-54","page","type-page","status-publish","hentry","tag-augenlidstraffung-berlin","tag-unterlidstraffung-berlin"],"yoast_head":"<!-- This site is optimized with the Yoast SEO Premium plugin v22.5 (Yoast SEO v16.4) - https:\/\/yoast.com\/wordpress\/plugins\/seo\/ -->\n<title>G\u00f6z kapagi d\u00fczeltmesi (Alt Kapak gerdirmesi) - Berlin-Uygulama muyane Doktor Juri Kirsten<\/title>\n<meta name=\"description\" content=\"G\u00f6zler bir\u00e7ok insan i\u00e7in ruh halinin, duygular\u0131n ve mutlulu\u011fun ifadesidir. G\u00f6zleriniz taze, gen\u00e7 ve daha canl\u0131 bir g\u00f6r\u00fcn\u00fcme kavu\u015farak size yepyeni bir ya\u015fam duygusu kazand\u0131racakt\u0131r. Genellikle g\u00f6z kapa\u011f\u0131 d\u00fczeltme uygulamalar\u0131n\u0131n sonu\u00e7lar\u0131 kal\u0131c\u0131d\u0131r. Transkonjunktival g\u00f6z kapa\u011f\u0131 \u00f6rt\u00fcs\u00fc ile ilgili bir kesi, biri alt g\u00f6z kapa\u011f\u0131n\u0131n i\u00e7inde gizli olacak bi\u00e7imde, alt g\u00f6z kapa\u011f\u0131 sorunlar\u0131n\u0131 d\u00fczeltmede ve ya\u011f.\" \/>\n<meta name=\"robots\" content=\"index, follow, max-snippet:-1, max-image-preview:large, max-video-preview:-1\" \/>\n<link rel=\"canonical\" href=\"https:\/\/kirsten-derma.de\/unterlidstraffung-berlin\/\" \/>\n<meta property=\"og:locale\" content=\"tr_TR\" \/>\n<meta property=\"og:type\" content=\"article\" \/>\n<meta property=\"og:title\" content=\"[:de]Unterlidstraffung in Berlin | Augenlidstraffung unten in Berlin Praxis Kirsten[:ru]\u041f\u043e\u0434\u0442\u044f\u0436\u043a\u0430 \u043d\u0438\u0436\u043d\u0438\u0445 \u0432\u0435\u043a - \u043a\u043e\u0440\u0440\u0435\u043a\u0446\u0438\u044f \u043d\u0438\u0436\u043d\u0438\u0445 \u0432\u0435\u043a \u0432 \u0411\u0435\u0440\u043b\u0438\u043d\u0435[:tr]G\u00f6z kapagi d\u00fczeltmesi (Alt Kapak gerdirmesi) - Berlin-Uygulama muyane Doktor Juri Kirsten [:]\" \/>\n<meta property=\"og:description\" content=\"{:de}Unterlidstraffung Berlin \u25baAugenlidstraffung OP in unserer Praxis in Berlin \u2713 Onlinetermin oder telefonisch einen Beratungstermin vereinbaren. {:ru}\u041f\u043e\u0434\u0442\u044f\u0436\u043a\u0430 \u043d\u0438\u0436\u043d\u0438\u0445 \u0432\u0435\u043a - \u043a\u043e\u0440\u0440\u0435\u043a\u0446\u0438\u044f \u043d\u0438\u0436\u043d\u0438\u0445 \u0432\u0435\u043a \u0432 \u0411\u0435\u0440\u043b\u0438\u043d\u0435 \u0443 \u044d\u043a\u0446\u043f\u0435\u0440\u0442\u0430 \u0432 \u043a\u043b\u0438\u043d\u0438\u043a\u0435 \u042e\u0440\u0438\u044f \u041a\u0438\u0440\u0441\u0442\u0435\u043d. \u0417\u0430\u043f\u0438\u0448\u0438\u0442\u0435\u0441\u044c \u043d\u0430 \u043a\u043e\u043d\u0441\u0443\u043b\u044c\u0442\u0430\u0446\u0438\u043e\u043d\u043d\u044b\u0439 \u043f\u0440\u0438\u0435\u043c.{:tr}G\u00f6zler bir\u00e7ok insan i\u00e7in ruh halinin, duygular\u0131n ve mutlulu\u011fun ifadesidir. G\u00f6zleriniz taze, gen\u00e7 ve daha canl\u0131 bir g\u00f6r\u00fcn\u00fcme kavu\u015farak size yepyeni bir ya\u015fam duygusu kazand\u0131racakt\u0131r. Genellikle g\u00f6z kapa\u011f\u0131 d\u00fczeltme uygulamalar\u0131n\u0131n sonu\u00e7lar\u0131 kal\u0131c\u0131d\u0131r. Transkonjunktival g\u00f6z kapa\u011f\u0131 \u00f6rt\u00fcs\u00fc ile ilgili bir kesi, biri alt g\u00f6z kapa\u011f\u0131n\u0131n i\u00e7inde gizli olacak bi\u00e7imde, alt g\u00f6z kapa\u011f\u0131 sorunlar\u0131n\u0131 d\u00fczeltmede ve ya\u011f. {:}\" \/>\n<meta property=\"og:url\" content=\"https:\/\/kirsten-derma.de\/unterlidstraffung-berlin\/\" \/>\n<meta property=\"og:site_name\" content=\"Praxis Juri Kirsten\" \/>\n<meta property=\"article:modified_time\" content=\"2021-06-13T16:18:04+00:00\" \/>\n<meta property=\"og:image\" content=\"https:\/\/kirsten-derma.de\/wp-content\/uploads\/2019\/06\/Unterlidstraffung-Augenlidkorrektur-in-Berlin-beim-Experten.jpg\" \/>\n<meta name=\"twitter:card\" content=\"summary\" \/>\n<meta name=\"twitter:label1\" content=\"Tahmini okuma s\u00fcresi\" \/>\n\t<meta name=\"twitter:data1\" content=\"5 dakika\" \/>\n<script type=\"application\/ld+json\" class=\"yoast-schema-graph\">{\"@context\":\"https:\/\/schema.org\",\"@graph\":[{\"@type\":\"WebSite\",\"@id\":\"https:\/\/kirsten-derma.de\/#website\",\"url\":\"https:\/\/kirsten-derma.de\/\",\"name\":\"Praxis Juri Kirsten\",\"description\":\"Facharzt f\\u00fcr Dermatologie und Allergologie Juri Kirsten Berlin\",\"potentialAction\":[{\"@type\":\"SearchAction\",\"target\":\"https:\/\/kirsten-derma.de\/?s={search_term_string}\",\"query-input\":\"required name=search_term_string\"}],\"inLanguage\":\"tr\"},{\"@type\":\"ImageObject\",\"@id\":\"https:\/\/kirsten-derma.de\/unterlidstraffung-berlin\/#primaryimage\",\"inLanguage\":\"tr\",\"url\":\"https:\/\/kirsten-derma.de\/wp-content\/uploads\/2017\/02\/unterlidstraffung-1.jpg\",\"contentUrl\":\"https:\/\/kirsten-derma.de\/wp-content\/uploads\/2017\/02\/unterlidstraffung-1.jpg\",\"width\":724,\"height\":350,\"caption\":\"unterlidstraffung-berlin\"},{\"@type\":\"WebPage\",\"@id\":\"https:\/\/kirsten-derma.de\/unterlidstraffung-berlin\/#webpage\",\"url\":\"https:\/\/kirsten-derma.de\/unterlidstraffung-berlin\/\",\"name\":\"[:de]Unterlidstraffung in Berlin | Augenlidstraffung unten in Berlin Praxis Kirsten[:ru]\\u041f\\u043e\\u0434\\u0442\\u044f\\u0436\\u043a\\u0430 \\u043d\\u0438\\u0436\\u043d\\u0438\\u0445 \\u0432\\u0435\\u043a - \\u043a\\u043e\\u0440\\u0440\\u0435\\u043a\\u0446\\u0438\\u044f \\u043d\\u0438\\u0436\\u043d\\u0438\\u0445 \\u0432\\u0435\\u043a \\u0432 \\u0411\\u0435\\u0440\\u043b\\u0438\\u043d\\u0435[:tr]G\\u00f6z kapagi d\\u00fczeltmesi (Alt Kapak gerdirmesi) - Berlin-Uygulama muyane Doktor Juri Kirsten [:]\",\"isPartOf\":{\"@id\":\"https:\/\/kirsten-derma.de\/#website\"},\"primaryImageOfPage\":{\"@id\":\"https:\/\/kirsten-derma.de\/unterlidstraffung-berlin\/#primaryimage\"},\"datePublished\":\"2017-02-12T15:05:48+00:00\",\"dateModified\":\"2021-06-13T16:18:04+00:00\",\"description\":\"{:de}Unterlidstraffung Berlin \\u25baAugenlidstraffung OP in unserer Praxis in Berlin \\u2713 Onlinetermin oder telefonisch einen Beratungstermin vereinbaren. {:ru}\\u041f\\u043e\\u0434\\u0442\\u044f\\u0436\\u043a\\u0430 \\u043d\\u0438\\u0436\\u043d\\u0438\\u0445 \\u0432\\u0435\\u043a - \\u043a\\u043e\\u0440\\u0440\\u0435\\u043a\\u0446\\u0438\\u044f \\u043d\\u0438\\u0436\\u043d\\u0438\\u0445 \\u0432\\u0435\\u043a \\u0432 \\u0411\\u0435\\u0440\\u043b\\u0438\\u043d\\u0435 \\u0443 \\u044d\\u043a\\u0446\\u043f\\u0435\\u0440\\u0442\\u0430 \\u0432 \\u043a\\u043b\\u0438\\u043d\\u0438\\u043a\\u0435 \\u042e\\u0440\\u0438\\u044f \\u041a\\u0438\\u0440\\u0441\\u0442\\u0435\\u043d. \\u0417\\u0430\\u043f\\u0438\\u0448\\u0438\\u0442\\u0435\\u0441\\u044c \\u043d\\u0430 \\u043a\\u043e\\u043d\\u0441\\u0443\\u043b\\u044c\\u0442\\u0430\\u0446\\u0438\\u043e\\u043d\\u043d\\u044b\\u0439 \\u043f\\u0440\\u0438\\u0435\\u043c.{:tr}G\\u00f6zler bir\\u00e7ok insan i\\u00e7in ruh halinin, duygular\\u0131n ve mutlulu\\u011fun ifadesidir. G\\u00f6zleriniz taze, gen\\u00e7 ve daha canl\\u0131 bir g\\u00f6r\\u00fcn\\u00fcme kavu\\u015farak size yepyeni bir ya\\u015fam duygusu kazand\\u0131racakt\\u0131r. Genellikle g\\u00f6z kapa\\u011f\\u0131 d\\u00fczeltme uygulamalar\\u0131n\\u0131n sonu\\u00e7lar\\u0131 kal\\u0131c\\u0131d\\u0131r. Transkonjunktival g\\u00f6z kapa\\u011f\\u0131 \\u00f6rt\\u00fcs\\u00fc ile ilgili bir kesi, biri alt g\\u00f6z kapa\\u011f\\u0131n\\u0131n i\\u00e7inde gizli olacak bi\\u00e7imde, alt g\\u00f6z kapa\\u011f\\u0131 sorunlar\\u0131n\\u0131 d\\u00fczeltmede ve ya\\u011f. {:}\",\"breadcrumb\":{\"@id\":\"https:\/\/kirsten-derma.de\/unterlidstraffung-berlin\/#breadcrumb\"},\"inLanguage\":\"tr\",\"potentialAction\":[{\"@type\":\"ReadAction\",\"target\":[\"https:\/\/kirsten-derma.de\/unterlidstraffung-berlin\/\"]}]},{\"@type\":\"BreadcrumbList\",\"@id\":\"https:\/\/kirsten-derma.de\/unterlidstraffung-berlin\/#breadcrumb\",\"itemListElement\":[{\"@type\":\"ListItem\",\"position\":1,\"item\":{\"@type\":\"WebPage\",\"@id\":\"https:\/\/kirsten-derma.de\/\",\"url\":\"https:\/\/kirsten-derma.de\/\",\"name\":\"Startseite\"}},{\"@type\":\"ListItem\",\"position\":2,\"item\":{\"@id\":\"https:\/\/kirsten-derma.de\/unterlidstraffung-berlin\/#webpage\"}}]}]}<\/script>\n<!-- \/ Yoast SEO Premium plugin. -->","_links":{"self":[{"href":"https:\/\/kirsten-derma.de\/tr\/wp-json\/wp\/v2\/pages\/54","targetHints":{"allow":["GET"]}}],"collection":[{"href":"https:\/\/kirsten-derma.de\/tr\/wp-json\/wp\/v2\/pages"}],"about":[{"href":"https:\/\/kirsten-derma.de\/tr\/wp-json\/wp\/v2\/types\/page"}],"author":[{"embeddable":true,"href":"https:\/\/kirsten-derma.de\/tr\/wp-json\/wp\/v2\/users\/2"}],"replies":[{"embeddable":true,"href":"https:\/\/kirsten-derma.de\/tr\/wp-json\/wp\/v2\/comments?post=54"}],"version-history":[{"count":1,"href":"https:\/\/kirsten-derma.de\/tr\/wp-json\/wp\/v2\/pages\/54\/revisions"}],"predecessor-version":[{"id":4974,"href":"https:\/\/kirsten-derma.de\/tr\/wp-json\/wp\/v2\/pages\/54\/revisions\/4974"}],"wp:attachment":[{"href":"https:\/\/kirsten-derma.de\/tr\/wp-json\/wp\/v2\/media?parent=54"}],"wp:term":[{"taxonomy":"post_tag","embeddable":true,"href":"https:\/\/kirsten-derma.de\/tr\/wp-json\/wp\/v2\/tags?post=54"}],"curies":[{"name":"wp","href":"https:\/\/api.w.org\/{rel}","templated":true}]}}