{"id":56,"date":"2017-02-12T16:07:38","date_gmt":"2017-02-12T15:07:38","guid":{"rendered":"http:\/\/kd.myderma.de\/?page_id=56"},"modified":"2021-06-13T19:24:06","modified_gmt":"2021-06-13T17:24:06","slug":"ohrenkorrektur-berlin-ohrlaeppchenkorrektur-in-unserer-praxisklinik","status":"publish","type":"page","link":"https:\/\/kirsten-derma.de\/tr\/estetik-kulak-tedavisi-berlin\/","title":{"rendered":"Ohrenkorrektur Berlin \/ Ohrl\u00e4ppchenkorrektur in unserer Praxisklinik"},"content":{"rendered":"<h1 class=\"heading\">Kulak meme d\u00fczeltmesi<\/h1>\n<p><img wpfc-lazyload-disable=\"true\" loading=\"lazy\" decoding=\"async\" width=\"724\" height=\"350\" class=\"alignnone size-full wp-image-1887\" src=\"https:\/\/kirsten-derma.de\/wp-content\/uploads\/2017\/02\/ohrlaeppchen-1.jpg\" alt=\"ohrlaeppchen-korrektur-berlin\" srcset=\"https:\/\/kirsten-derma.de\/wp-content\/uploads\/2017\/02\/ohrlaeppchen-1.jpg 724w, https:\/\/kirsten-derma.de\/wp-content\/uploads\/2017\/02\/ohrlaeppchen-1-300x145.jpg 300w\" sizes=\"auto, (max-width: 724px) 100vw, 724px\" \/><\/p>\n<p>Uygulama Klinigi Berlin.<\/p>\n<p>Tanidik Kelimeler:Yirtik Kulak memeler.<\/p>\n<h2>Genel<\/h2>\n<p>Bizim uygulama klinige sik sik Bayan ve Erkekler temas kuruyor bu istekle, K\u00fcpe ile yirtilan veya yaralanan Kulak memeler tekrar d\u00fczeltmeye veya yeniden olusturulmasi icin ve b\u00fcy\u00fck kulaklari k\u00fcc\u00fcltmesine.<\/p>\n<p>Genc Hastalarda agir K\u00fcpeler veya Kulak T\u00fcneli d\u00fczeltme nedeni.<\/p>\n<p>Yasli Hastalarda ilerleyen yaslarda Kulak memeler dolguyu kaybediyor ve bu y\u00fczden inceliyor ve sarkmaya basliyor.<\/p>\n<p>Kulak memesinde Bir d\u00fczeltme icin degisik cesitli cerrahi teknikler ve y\u00f6ntemler vardir.<\/p>\n<h2>Kulak memenin d\u00fczeltmesi Yirtik kulak deliklerinde<\/h2>\n<p>Ameliyatdan \u00f6nce bir \u00f6nce hazirlik Kulak meme d\u00fczeltmesinde nasil yapilir?D\u00fczeltmeden iki hafta \u00f6nce yirtik Kulak memelerde hic bir Aspirin\u00aeiceren Ilaclar veya Vitamin E Preparatlar alinmamali.Sanci durumlarda alternatif olarak parasetamol alabilirsiniz.Ameliyatdan iki hafta \u00f6nce Alkol dan uzak durunuz ve Sigara t\u00fcketimini azaltin.Ameliyat sonrasi Kulak meme yirtik tedavisinden sonra 1 ile 2 Hafta dinlenmeye ayarlayin.Ilk g\u00fcnlerde Ameliatdan sonra tam fiziksel g\u00fccl\u00fc degilsiniz ve kulak memeyi s\u00fcrekli sogutmalisiniz.<\/p>\n<h3>Hangi anestetik kullanilir?<\/h3>\n<p>Dikkatli kan durulmasindan radyo cerrahi yardimiyla sonrasi, doku hasari ve estetik dikilir.Dikisler ameliyat sonrasi yarada nekadar s\u00fcre kalir?Genelde dikisler 10 ile 12 G\u00fcn icinde yaranin icinde kalir ve sonra alinilir.Bu s\u00fcrecde yaralar yapiskanlarla kapatilir.<\/p>\n<h3>Ameliyat sonrasi \u00f6zellikle neye dikkat etmem gerekir?<\/h3>\n<p>Anestetikden \u00f6nce Bey Doktor Kirsten orta y\u00fcr\u00fctmesi iyi yapisan kalemle cizer.Bir cimbiz dneme ile fazla olan cilt isaretlenilir ve sonradan anestetik yapilir.Orta y\u00fcr\u00fctmesi degisik cesitlerle yapilir ve yaralama noktada ve yirtiklarinin miktarina bagli.<\/p>\n<p><img wpfc-lazyload-disable=\"true\" loading=\"lazy\" decoding=\"async\" class=\"alignnone size-full wp-image-643\" src=\"https:\/\/kirsten-derma.de\/wp-content\/uploads\/2017\/02\/ohrlaeppchen_korr.jpg\" alt=\"\" width=\"400\" height=\"868\" srcset=\"https:\/\/kirsten-derma.de\/wp-content\/uploads\/2017\/02\/ohrlaeppchen_korr.jpg 400w, https:\/\/kirsten-derma.de\/wp-content\/uploads\/2017\/02\/ohrlaeppchen_korr-138x300.jpg 138w\" sizes=\"auto, (max-width: 400px) 100vw, 400px\" \/><\/p>\n<p>Ilk g\u00fcnlerde cok sogutma daha az Sisliklere neden oluyor ve yara iylesimini hizlandiriyor.Sirt \u00fcst\u00fc yatmaniza dikkat edin.Bu yatma ile enfeksiyonlar ve hematomlar \u00f6nlemlenebilirsiniz.Ameliyatdan \u00fcc G\u00fcn sonrasi dusch alabilirsiniz.Yaz mevsiminde yapiskanlari kullanilmasi cok \u00f6nemlidir, yaralarinin g\u00fcnes isigindan korumasi icin.<\/p>\n<p>Kis aylarinda cok sohuk \u00f6nlemlenmeli.<\/p>\n<h3>Ameliyat sonrasi \u00f6zellikle neye dikkat etmem gerekir?<\/h3>\n<p>Ilk g\u00fcnlerde cok sogutma daha az Sisliklere neden oluyor ve yara iylesimini hizlandiriyor.Sirt \u00fcst\u00fc yatmaniza dikkat edin.Bu yatma ile enfeksiyonlar ve hematomlar \u00f6nlemlenebilirsiniz.Ameliyatdan \u00fcc G\u00fcn sonrasi dusch alabilirsiniz.Yaz mevsiminde yapiskanlari kullanilmasi cok \u00f6nemlidir, yaralarinin g\u00fcnes isigindan korumasi icin.<\/p>\n<p>Kis aylarinda cok sohuk \u00f6nlemlenmeli.<\/p>\n<h3>Hangi riskler ve komplikasyonlar bir Kulakmeme-D\u00fczelmesinde cikabilir?<\/h3>\n<p>Prensip olarak her ameliyat risklidir(mesela Ilacuyusmazi, morarmalar, yara iyilesme sorunlari, iltihaplar veya lekesorunlari).Bey Doktor Kirsten olabilir riskleri sizinle bir danisma randevuda konusacaktir.Cok seyrek Kulak d\u00fczeltilmesinde atrofik(d\u00fcsm\u00fcs)veya hiperatrofik (fazla olan)yaralar cikar.Bunun icin \u00f6nemli, postoperatif terminler bir Muyane danisma Doktor Kirsten dikkat etmenize, yaralarini tedavi edilmesine.Tedavi edilir bu sorunlar.<\/p>\n<h3>Kulak takilari nezaman tekrar tasiyabilirim?<\/h3>\n<p>Yara iyilesmesinden sonra 3-6 Ay sonra tekrar bir kulak delik yapilabilinir.<\/p>\n<p>T\u00fcm Tedavi secenekleri sizin icin yapilmistir ve sizin isteklerinize g\u00f6re.Doktor Kirsten size severek zaman ayiriyor ve sizinle isteklerinizi ve sorunlarizi bir Mezoterapisi danismada konusacaktir.Isterseniz telefonla veya <a href=\"{{link_url::271}}\">Onlinetermin<\/a> bizim Belinde olan muyaenemizde alabilirsiniz.<\/p>\n","protected":false},"excerpt":{"rendered":"<p>Kulak meme d\u00fczeltmesi Uygulama Klinigi Berlin. Tanidik Kelimeler:Yirtik Kulak memeler. Genel Bizim uygulama klinige sik sik Bayan ve Erkekler temas kuruyor bu istekle, K\u00fcpe ile yirtilan veya yaralanan Kulak memeler tekrar d\u00fczeltmeye veya yeniden olusturulmasi icin ve b\u00fcy\u00fck kulaklari k\u00fcc\u00fcltmesine. Genc Hastalarda agir K\u00fcpeler veya Kulak T\u00fcneli d\u00fczeltme nedeni. Yasli Hastalarda ilerleyen yaslarda Kulak memeler dolguyu kaybediyor ve bu y\u00fczden inceliyor ve sarkmaya basliyor. Kulak memesinde Bir d\u00fczeltme icin degisik cesitli cerrahi teknikler ve y\u00f6ntemler vardir. Kulak memenin d\u00fczeltmesi Yirtik [&hellip;]<\/p>\n","protected":false},"author":2,"featured_media":0,"parent":0,"menu_order":0,"comment_status":"closed","ping_status":"closed","template":"","meta":{"footnotes":""},"tags":[],"class_list":["post-56","page","type-page","status-publish","hentry"],"yoast_head":"<!-- This site is optimized with the Yoast SEO Premium plugin v22.5 (Yoast SEO v16.4) - https:\/\/yoast.com\/wordpress\/plugins\/seo\/ -->\n<title>Kulak Meme D\u00fczeltmesi - Berlin-Uygulama muyane Doktor Juri Kirsten Kulak Meme D\u00fczeltmesi - Berlin-Uygulama muyane Doktor Juri Kirsten<\/title>\n<meta name=\"description\" content=\"Kepce kulak d\u00fczeltme operasyonu,Sarkan kulak memesi,cesitli sekillerde d\u00fczeltilebilir.\u00d6ncelikle bu m\u00fcdahale lokal anestezi altinda yapilabilir. Bu pencereden bakt\u0131\u011f\u0131n\u0131zda Berlin&#039;deki fiyatlar\u0131n olduk\u00e7a uygun ve ucuz estetik sunumyla oldu\u011funu fark edeceksiniz. Kepce kulak d\u00fczeltme operasyonu,Sarkan kulak memesi,cesitli sekillerde d\u00fczeltilebilir.\u00d6ncelikle bu m\u00fcdahale lokal anestezi altinda yapilabilir. Bu pencereden bakt\u0131\u011f\u0131n\u0131zda Berlin&#039;deki fiyatlar\u0131n olduk\u00e7a uygun ve ucuz estetik sunumyla oldu\u011funu fark edeceksiniz.\" \/>\n<meta name=\"robots\" content=\"index, follow, max-snippet:-1, max-image-preview:large, max-video-preview:-1\" \/>\n<link rel=\"canonical\" href=\"https:\/\/kirsten-derma.de\/ohrlaeppchenkorrektur-op-berlin\/\" \/>\n<meta property=\"og:locale\" content=\"tr_TR\" \/>\n<meta property=\"og:type\" content=\"article\" \/>\n<meta property=\"og:title\" content=\"[:de][:de]Ohrl\u00e4ppchenkorrektur Berlin, Ohrl\u00e4ppchenverkleinerung Berlin[:ru]\u041a\u043e\u0440\u0440\u0435\u043a\u0442\u0443\u0440\u044b \u043c\u043e\u0447\u0435\u043a \u0443\u0445\u0430 - \u043e\u043f\u0435\u0440\u0430\u0446\u0438\u044f \u043f\u043e \u043a\u043e\u0440\u0440\u0435\u043a\u0446\u0438\u0438 \u043c\u043e\u0447\u0435\u043a \u0443 \u0432\u0440\u0430\u0447\u0430[:tr]Kulak Meme D\u00fczeltmesi - Berlin-Uygulama muyane Doktor Juri Kirsten [:][:ru]\u041a\u043e\u0440\u0440\u0435\u043a\u0442\u0443\u0440\u044b \u043c\u043e\u0447\u0435\u043a \u0443\u0445\u0430 - \u043e\u043f\u0435\u0440\u0430\u0446\u0438\u044f \u043f\u043e \u043a\u043e\u0440\u0440\u0435\u043a\u0446\u0438\u0438 \u043c\u043e\u0447\u0435\u043a \u0443 \u0432\u0440\u0430\u0447\u0430[:tr]Kulak Meme D\u00fczeltmesi - Berlin-Uygulama muyane Doktor Juri Kirsten [:]\" \/>\n<meta property=\"og:description\" content=\"{:de}{:de}Ohrl\u00e4ppchenkorrektur Berlin, Ohrl\u00e4ppchenverkleinerung Berlin beim Arzt Juri Kirsten im Zentrum von Berlin am Wittenbergplatz. Telefon: 03023621292{:ru}\u043a\u043e\u0440\u0440\u0435\u043a\u0442\u0443\u0440\u044b \u043c\u043e\u0447\u0435\u043a \u0443\u0445\u0430, \u043f\u043b\u0430\u0441\u0442\u0438\u0447\u0435\u0441\u043a\u0430\u044f \u043e\u043f\u0435\u0440\u0430\u0446\u0438\u044f \u043f\u043e \u043a\u043e\u0440\u0440\u0435\u043a\u0446\u0438\u0438 \u0443\u0445\u0430, \u0443\u043c\u0435\u043d\u044c\u0448\u0435\u043d\u0438\u0435 \u0440\u0430\u0441\u0441\u0442\u044f\u043d\u0443\u0442\u044b\u0445 \u043c\u043e\u0447\u0435\u043a \u0432 \u0411\u0435\u0440\u043b\u0438\u043d\u0435 \u0412\u0438\u0442\u0442\u0435\u043d\u0431\u0435\u0440\u0433\u043f\u043b\u0430\u0446, \u0422\u0435\u043b\u0435\u0444\u043e\u043d: 03023621292{:tr}Kepce kulak d\u00fczeltme operasyonu,Sarkan kulak memesi,cesitli sekillerde d\u00fczeltilebilir.\u00d6ncelikle bu m\u00fcdahale lokal anestezi altinda yapilabilir. Bu pencereden bakt\u0131\u011f\u0131n\u0131zda Berlin&#039;deki fiyatlar\u0131n olduk\u00e7a uygun ve ucuz estetik sunumyla oldu\u011funu fark edeceksiniz. {:}{:ru}\u043a\u043e\u0440\u0440\u0435\u043a\u0442\u0443\u0440\u044b \u043c\u043e\u0447\u0435\u043a \u0443\u0445\u0430, \u043f\u043b\u0430\u0441\u0442\u0438\u0447\u0435\u0441\u043a\u0430\u044f \u043e\u043f\u0435\u0440\u0430\u0446\u0438\u044f \u043f\u043e \u043a\u043e\u0440\u0440\u0435\u043a\u0446\u0438\u0438 \u0443\u0445\u0430, \u0443\u043c\u0435\u043d\u044c\u0448\u0435\u043d\u0438\u0435 \u0440\u0430\u0441\u0441\u0442\u044f\u043d\u0443\u0442\u044b\u0445 \u043c\u043e\u0447\u0435\u043a \u0432 \u0411\u0435\u0440\u043b\u0438\u043d\u0435 \u0412\u0438\u0442\u0442\u0435\u043d\u0431\u0435\u0440\u0433\u043f\u043b\u0430\u0446, \u0422\u0435\u043b\u0435\u0444\u043e\u043d: 03023621292{:tr}Kepce kulak d\u00fczeltme operasyonu,Sarkan kulak memesi,cesitli sekillerde d\u00fczeltilebilir.\u00d6ncelikle bu m\u00fcdahale lokal anestezi altinda yapilabilir. Bu pencereden bakt\u0131\u011f\u0131n\u0131zda Berlin&#039;deki fiyatlar\u0131n olduk\u00e7a uygun ve ucuz estetik sunumyla oldu\u011funu fark edeceksiniz. {:}\" \/>\n<meta property=\"og:url\" content=\"https:\/\/kirsten-derma.de\/ohrlaeppchenkorrektur-op-berlin\/\" \/>\n<meta property=\"og:site_name\" content=\"Praxis Juri Kirsten\" \/>\n<meta property=\"article:modified_time\" content=\"2021-06-13T17:24:06+00:00\" \/>\n<meta property=\"og:image\" content=\"https:\/\/kirsten-derma.de\/wp-content\/uploads\/2019\/07\/ohrl\u00e4ppchen-korrektur-berlin.jpg\" \/>\n<meta name=\"twitter:card\" content=\"summary\" \/>\n<meta name=\"twitter:label1\" content=\"Tahmini okuma s\u00fcresi\" \/>\n\t<meta name=\"twitter:data1\" content=\"3 dakika\" \/>\n<script type=\"application\/ld+json\" class=\"yoast-schema-graph\">{\"@context\":\"https:\/\/schema.org\",\"@graph\":[{\"@type\":\"WebSite\",\"@id\":\"https:\/\/kirsten-derma.de\/#website\",\"url\":\"https:\/\/kirsten-derma.de\/\",\"name\":\"Praxis Juri Kirsten\",\"description\":\"Facharzt f\\u00fcr Dermatologie und Allergologie Juri Kirsten Berlin\",\"potentialAction\":[{\"@type\":\"SearchAction\",\"target\":\"https:\/\/kirsten-derma.de\/?s={search_term_string}\",\"query-input\":\"required name=search_term_string\"}],\"inLanguage\":\"tr\"},{\"@type\":\"ImageObject\",\"@id\":\"https:\/\/kirsten-derma.de\/ohrlaeppchenkorrektur-op-berlin\/#primaryimage\",\"inLanguage\":\"tr\",\"url\":\"https:\/\/kirsten-derma.de\/wp-content\/uploads\/2017\/02\/ohrlaeppchen-1.jpg\",\"contentUrl\":\"https:\/\/kirsten-derma.de\/wp-content\/uploads\/2017\/02\/ohrlaeppchen-1.jpg\",\"width\":724,\"height\":350,\"caption\":\"ohrlaeppchen-korrektur-berlin\"},{\"@type\":\"WebPage\",\"@id\":\"https:\/\/kirsten-derma.de\/ohrlaeppchenkorrektur-op-berlin\/#webpage\",\"url\":\"https:\/\/kirsten-derma.de\/ohrlaeppchenkorrektur-op-berlin\/\",\"name\":\"[:de][:de]Ohrl\\u00e4ppchenkorrektur Berlin, Ohrl\\u00e4ppchenverkleinerung Berlin[:ru]\\u041a\\u043e\\u0440\\u0440\\u0435\\u043a\\u0442\\u0443\\u0440\\u044b \\u043c\\u043e\\u0447\\u0435\\u043a \\u0443\\u0445\\u0430 - \\u043e\\u043f\\u0435\\u0440\\u0430\\u0446\\u0438\\u044f \\u043f\\u043e \\u043a\\u043e\\u0440\\u0440\\u0435\\u043a\\u0446\\u0438\\u0438 \\u043c\\u043e\\u0447\\u0435\\u043a \\u0443 \\u0432\\u0440\\u0430\\u0447\\u0430[:tr]Kulak Meme D\\u00fczeltmesi - Berlin-Uygulama muyane Doktor Juri Kirsten [:][:ru]\\u041a\\u043e\\u0440\\u0440\\u0435\\u043a\\u0442\\u0443\\u0440\\u044b \\u043c\\u043e\\u0447\\u0435\\u043a \\u0443\\u0445\\u0430 - \\u043e\\u043f\\u0435\\u0440\\u0430\\u0446\\u0438\\u044f \\u043f\\u043e \\u043a\\u043e\\u0440\\u0440\\u0435\\u043a\\u0446\\u0438\\u0438 \\u043c\\u043e\\u0447\\u0435\\u043a \\u0443 \\u0432\\u0440\\u0430\\u0447\\u0430[:tr]Kulak Meme D\\u00fczeltmesi - Berlin-Uygulama muyane Doktor Juri Kirsten [:]\",\"isPartOf\":{\"@id\":\"https:\/\/kirsten-derma.de\/#website\"},\"primaryImageOfPage\":{\"@id\":\"https:\/\/kirsten-derma.de\/ohrlaeppchenkorrektur-op-berlin\/#primaryimage\"},\"datePublished\":\"2017-02-12T15:07:38+00:00\",\"dateModified\":\"2021-06-13T17:24:06+00:00\",\"description\":\"{:de}{:de}Ohrl\\u00e4ppchenkorrektur Berlin, Ohrl\\u00e4ppchenverkleinerung Berlin beim Arzt Juri Kirsten im Zentrum von Berlin am Wittenbergplatz. Telefon: 03023621292{:ru}\\u043a\\u043e\\u0440\\u0440\\u0435\\u043a\\u0442\\u0443\\u0440\\u044b \\u043c\\u043e\\u0447\\u0435\\u043a \\u0443\\u0445\\u0430, \\u043f\\u043b\\u0430\\u0441\\u0442\\u0438\\u0447\\u0435\\u0441\\u043a\\u0430\\u044f \\u043e\\u043f\\u0435\\u0440\\u0430\\u0446\\u0438\\u044f \\u043f\\u043e \\u043a\\u043e\\u0440\\u0440\\u0435\\u043a\\u0446\\u0438\\u0438 \\u0443\\u0445\\u0430, \\u0443\\u043c\\u0435\\u043d\\u044c\\u0448\\u0435\\u043d\\u0438\\u0435 \\u0440\\u0430\\u0441\\u0441\\u0442\\u044f\\u043d\\u0443\\u0442\\u044b\\u0445 \\u043c\\u043e\\u0447\\u0435\\u043a \\u0432 \\u0411\\u0435\\u0440\\u043b\\u0438\\u043d\\u0435 \\u0412\\u0438\\u0442\\u0442\\u0435\\u043d\\u0431\\u0435\\u0440\\u0433\\u043f\\u043b\\u0430\\u0446, \\u0422\\u0435\\u043b\\u0435\\u0444\\u043e\\u043d: 03023621292{:tr}Kepce kulak d\\u00fczeltme operasyonu,Sarkan kulak memesi,cesitli sekillerde d\\u00fczeltilebilir.\\u00d6ncelikle bu m\\u00fcdahale lokal anestezi altinda yapilabilir. Bu pencereden bakt\\u0131\\u011f\\u0131n\\u0131zda Berlin'deki fiyatlar\\u0131n olduk\\u00e7a uygun ve ucuz estetik sunumyla oldu\\u011funu fark edeceksiniz. {:}{:ru}\\u043a\\u043e\\u0440\\u0440\\u0435\\u043a\\u0442\\u0443\\u0440\\u044b \\u043c\\u043e\\u0447\\u0435\\u043a \\u0443\\u0445\\u0430, \\u043f\\u043b\\u0430\\u0441\\u0442\\u0438\\u0447\\u0435\\u0441\\u043a\\u0430\\u044f \\u043e\\u043f\\u0435\\u0440\\u0430\\u0446\\u0438\\u044f \\u043f\\u043e \\u043a\\u043e\\u0440\\u0440\\u0435\\u043a\\u0446\\u0438\\u0438 \\u0443\\u0445\\u0430, \\u0443\\u043c\\u0435\\u043d\\u044c\\u0448\\u0435\\u043d\\u0438\\u0435 \\u0440\\u0430\\u0441\\u0441\\u0442\\u044f\\u043d\\u0443\\u0442\\u044b\\u0445 \\u043c\\u043e\\u0447\\u0435\\u043a \\u0432 \\u0411\\u0435\\u0440\\u043b\\u0438\\u043d\\u0435 \\u0412\\u0438\\u0442\\u0442\\u0435\\u043d\\u0431\\u0435\\u0440\\u0433\\u043f\\u043b\\u0430\\u0446, \\u0422\\u0435\\u043b\\u0435\\u0444\\u043e\\u043d: 03023621292{:tr}Kepce kulak d\\u00fczeltme operasyonu,Sarkan kulak memesi,cesitli sekillerde d\\u00fczeltilebilir.\\u00d6ncelikle bu m\\u00fcdahale lokal anestezi altinda yapilabilir. Bu pencereden bakt\\u0131\\u011f\\u0131n\\u0131zda Berlin'deki fiyatlar\\u0131n olduk\\u00e7a uygun ve ucuz estetik sunumyla oldu\\u011funu fark edeceksiniz. {:}\",\"breadcrumb\":{\"@id\":\"https:\/\/kirsten-derma.de\/ohrlaeppchenkorrektur-op-berlin\/#breadcrumb\"},\"inLanguage\":\"tr\",\"potentialAction\":[{\"@type\":\"ReadAction\",\"target\":[\"https:\/\/kirsten-derma.de\/ohrlaeppchenkorrektur-op-berlin\/\"]}]},{\"@type\":\"BreadcrumbList\",\"@id\":\"https:\/\/kirsten-derma.de\/ohrlaeppchenkorrektur-op-berlin\/#breadcrumb\",\"itemListElement\":[{\"@type\":\"ListItem\",\"position\":1,\"item\":{\"@type\":\"WebPage\",\"@id\":\"https:\/\/kirsten-derma.de\/\",\"url\":\"https:\/\/kirsten-derma.de\/\",\"name\":\"Startseite\"}},{\"@type\":\"ListItem\",\"position\":2,\"item\":{\"@id\":\"https:\/\/kirsten-derma.de\/ohrlaeppchenkorrektur-op-berlin\/#webpage\"}}]}]}<\/script>\n<!-- \/ Yoast SEO Premium plugin. -->","_links":{"self":[{"href":"https:\/\/kirsten-derma.de\/tr\/wp-json\/wp\/v2\/pages\/56","targetHints":{"allow":["GET"]}}],"collection":[{"href":"https:\/\/kirsten-derma.de\/tr\/wp-json\/wp\/v2\/pages"}],"about":[{"href":"https:\/\/kirsten-derma.de\/tr\/wp-json\/wp\/v2\/types\/page"}],"author":[{"embeddable":true,"href":"https:\/\/kirsten-derma.de\/tr\/wp-json\/wp\/v2\/users\/2"}],"replies":[{"embeddable":true,"href":"https:\/\/kirsten-derma.de\/tr\/wp-json\/wp\/v2\/comments?post=56"}],"version-history":[{"count":2,"href":"https:\/\/kirsten-derma.de\/tr\/wp-json\/wp\/v2\/pages\/56\/revisions"}],"predecessor-version":[{"id":4980,"href":"https:\/\/kirsten-derma.de\/tr\/wp-json\/wp\/v2\/pages\/56\/revisions\/4980"}],"wp:attachment":[{"href":"https:\/\/kirsten-derma.de\/tr\/wp-json\/wp\/v2\/media?parent=56"}],"wp:term":[{"taxonomy":"post_tag","embeddable":true,"href":"https:\/\/kirsten-derma.de\/tr\/wp-json\/wp\/v2\/tags?post=56"}],"curies":[{"name":"wp","href":"https:\/\/api.w.org\/{rel}","templated":true}]}}