{"id":58,"date":"2017-02-12T16:08:57","date_gmt":"2017-02-12T15:08:57","guid":{"rendered":"http:\/\/kd.myderma.de\/?page_id=58"},"modified":"2021-06-13T19:59:30","modified_gmt":"2021-06-13T17:59:30","slug":"lippenvergroesserung-ohne-operation","status":"publish","type":"page","link":"https:\/\/kirsten-derma.de\/tr\/ameliyatsiz-dudak-dolgusu\/","title":{"rendered":"Ameliyatsiz Dudak Sisirmesi"},"content":{"rendered":"<h1 class=\"heading\">Ameliyatsiz Dudak Sisirmesi<\/h1>\n<p><img wpfc-lazyload-disable=\"true\" loading=\"lazy\" decoding=\"async\" width=\"724\" height=\"350\" class=\"alignnone size-full wp-image-1889\" src=\"https:\/\/kirsten-derma.de\/wp-content\/uploads\/2017\/02\/lippenvergroesserung_ohne_op-1.jpg\" alt=\"Lippenvergr\u00f6\u00dferung-ohne-Operation-Berlin\" srcset=\"https:\/\/kirsten-derma.de\/wp-content\/uploads\/2017\/02\/lippenvergroesserung_ohne_op-1.jpg 724w, https:\/\/kirsten-derma.de\/wp-content\/uploads\/2017\/02\/lippenvergroesserung_ohne_op-1-300x145.jpg 300w\" sizes=\"auto, (max-width: 724px) 100vw, 724px\" \/><\/p>\n<p>Tanidik Kelimeler: Dudaklarin Sisirmesi, Ameliyatsiz dudak d\u00fczeltmesi, Dudaklifti, Dudak d\u00f6semesi.<\/p>\n<blockquote><p>Kadinlarin Dudaklari onlarin ruhuna en g\u00fczel kapisi<\/p><\/blockquote>\n<p>Bu cin bilgelik \u00f6nemi her zaman ve her yerde g\u00fczel dudaklari yansitmaktadir.<\/p>\n<p>Kadin Dudaklarin g\u00fczellik ideali dolu, formlu,yumusak Dudaklar, ince olan kenar sekillendirme bedensel ve kadina ithap eder. Bu kriterleri tanimak icin,muayene eden Doktor tam anatomik, geometrik ve matematiksel bilgiye sahip olmali. Ayrica Dudak Sisirmesinde estetik his ve ince parmak ucu cok \u00f6nemsiz degildir. Uzun kalici Ameliyatsiz Dudak b\u00fcy\u00fctmesinde Doktorun \u00f6zel teknik ihtiyaclari vardir, kapasitesine sahip olan, t\u00fcm \u00dcst Dudagi kisaltmaya ve kaldirmaya.<\/p>\n<h2>Ameliyatsiz Dudak b\u00fcy\u00fctmesi bu durumda uygundur?<\/h2>\n<ul class=\"allgemein-li-1\">\n<li>G\u00fczel dudaklarda,biraz daha fazla vurgu gerekli olan,daha cok genc kadinlarda;<\/li>\n<li>her yasta ince Dudaklarda;<\/li>\n<li>orantili olmayan veya asimetrik olamayan dudaklarda;<\/li>\n<li>bozulmus,yasla ilgili ince dudaklarda;<\/li>\n<li>\u00d6nceden yaslanan cilt perioral b\u00f6lgede;<\/li>\n<li>degisik dudak kirisikliklarin t\u00fcrleri.<\/li>\n<\/ul>\n<h2>Hangi ameliyatsiz tedavi secenekleri vardir?<\/h2>\n<p>Hastalrinin arzusu Dudak b\u00f6lgesinde p\u00fcr\u00fczs\u00fcz, elastik yogunlugunda genc bir ciltdir. Ihtimaller arasinda: kozmetik, kalici make up, hyaluronik asit Alt enjeksiyonu, Botox\u00ae, lazer-terapi, plasmalifting, 3D dikislifting.<\/p>\n<p><img wpfc-lazyload-disable=\"true\" loading=\"lazy\" decoding=\"async\" class=\"size-full wp-image-614 aligncenter\" src=\"https:\/\/kirsten-derma.de\/wp-content\/uploads\/2017\/02\/lippen_tur.jpg\" alt=\"\" width=\"325\" height=\"170\" srcset=\"https:\/\/kirsten-derma.de\/wp-content\/uploads\/2017\/02\/lippen_tur.jpg 325w, https:\/\/kirsten-derma.de\/wp-content\/uploads\/2017\/02\/lippen_tur-300x157.jpg 300w\" sizes=\"auto, (max-width: 325px) 100vw, 325px\" \/><\/p>\n<p>Bu t\u00fcm Y\u00f6ntemler kabul edilebilir sonuclar elde eder, ama kisaltmaz burun k\u00f6k\u00fc arasindaki mesafeyi \u00dcst Dudak kenarini,volumlu \u00dcst dudagi yansitabilir. Y\u00fczdeki b\u00f6lge Philitrum denilir. Ancak yeni bir uygulama tarafindan ile odaklanmis <a href=\"http:\/\/mesowelt.de\/produkte\/gerate\/hifu-doublo\/\" target=\"_blank\" rel=\"noopener noreferrer\">HiFi Ultraschall Doublo\u00ae <\/a>veya Ulthera\u00aekisaltmasi icin yapilir. Uzman uygun seciminden veya anlamli kombinle size Bey Doktor Kirsten \u00f6nerilir.<\/p>\n<h2>Bir Dudak tedavisi odaklanmis HiFu ultrason Doublo\u00aeveya Ulthera\u00aenasil yapilir?<\/h2>\n<p>Ilk adimdan sonra odaklanmis HiFu ultrason veya Ulthera\u00ae nokta-benzeri termal olarak bagli b\u00f6lgeler (TiZ) y\u00fczey kaslar \u00fczerinde. Kas lifleri <em>Musculus orbicularis oris<\/em> (Agiz etrafinda bir kars, dairesel agiz y\u00f6r\u00fcngelerde) gerdirilir. Ikinci adim ile TiZ olan yerde cildin derine yerlestirilir, cildin kollajen iskelesini g\u00fcclendirir. Cilt der y\u00fczeyinin bozulmadan kalir.<\/p>\n<p><img wpfc-lazyload-disable=\"true\" loading=\"lazy\" decoding=\"async\" width=\"452\" height=\"300\" class=\"size-full wp-image-2986 aligncenter\" src=\"https:\/\/kirsten-derma.de\/wp-content\/uploads\/2017\/12\/Straffung-der-Oberlippe-mit-doublo.png\" alt=\"Straffung-der-Oberlippe-mit-doublo-berlin\" srcset=\"https:\/\/kirsten-derma.de\/wp-content\/uploads\/2017\/12\/Straffung-der-Oberlippe-mit-doublo.png 452w, https:\/\/kirsten-derma.de\/wp-content\/uploads\/2017\/12\/Straffung-der-Oberlippe-mit-doublo-300x199.png 300w\" sizes=\"auto, (max-width: 452px) 100vw, 452px\" \/><\/p>\n<h2>Odaklanmis HiFu ultrason Doublo\u00ae veya Ulthera Dudak tedavisi nasil geciyor?<\/h2>\n<p>Ilk basta dudaklar icten(dis doktorundaki gibi)uyusturulur, dudaklar cok hassas oldugu icin.Bu devre anestezi hic acitmaz ve hastamizin bu Dudak d\u00fczeltmesi tedavisi agrisiz gecirmesini saglar. Uyusturulu kremler Dudak d\u00fczeltmesinde fazla etki g\u00f6stermez ve hastamiza sadece daha fazla diger tedavilerde korku yapar.8-10 Dakika, Anesttezik hareket ettigi zaman, dudaklar dezenfekte edilir ve ultrason-transducer serit benzeri ile tedavi edilir. Muayene sirasinda dislerinizde hafif bir sicaklama hissedebilirsiniz.<\/p>\n<h2>Odaklanmis HiFu ultrason Doublo\u00aeveya Ulthera\u00ae Dudak d\u00fczeltmesi tedavisinden sonra neye dikkat etmek gerekir?<\/h2>\n<p>Dudak cilti cok hassas ve incedir. Onun icin bir kac g\u00fcn icin sislikler olabilir, ama morarmalar cok nadirdir. Ama bu s\u00fcrecde hafif bir gerginlik duygusu olabilir. Dudak lifting den hemen sonra alansal tedavi b\u00f6lgeleri buz torbalariyla sogutmalisiniz, mormarlara ve sisliklere \u00f6nlemlemek icin. Doku yerleri fazla mimiklerle ve sauna ziyaretlerle zorlastirmayiniz. G\u00fcnese ikiyla \u00fcc g\u00fcn cikmayiniz. Iki ve \u00dcc hafta sonra veya 8-12 hafta saglik kontr\u00f6le Bey Doktor Kirsten randevu aliniz.<\/p>\n<h2>Baska yan etkileri veya komplikasyonlar cikabilir mi?<\/h2>\n<p>Dudak b\u00fcy\u00fctmesi odaklanmis HiFu ultrason Doublo\u00ae veya Ulthera\u00aek\u00fcc\u00fck ve komplikasyonsuz gecen ambulant bir tedavidir. En cok yan etkisi dudagin sismesi,1-2 G\u00fcn icin s\u00fcrebilir. Cok nadir olan tedaviden sonra daha cok hassas ve bir kac yerlerinde uyusuk hisi olabilir. En cok cikan hematomlar(mavi morarmalar)g\u00f6r\u00fcnen dudak b\u00f6lgesinde cok nadirdir. Ama bazen de olan,hele en cok daha \u00f6nce alinan kan inceltme ilaclardan Aspirin\u00ae, ibuprofen veya vitamin E.Danisma randevunuzda l\u00fctfen Bey Doktor Kirsten bildirin ki, hangi ilaclar suan aldiginiz veya \u00f6nceden aldiginiz.<\/p>\n<h2>Sonuclari nezaman g\u00f6rebilirim?<\/h2>\n<p>Yaklasik sekiz ile on hafta icinde \u00dcst Dudak volumenden kazaniyor. Son sonucu g\u00f6rmek icin \u00fcc ile d\u00f6rt ay bekleyiniz.<\/p>\n<h2>Odaklanmis HiFu ultrason Doublo\u00ae veya Ulthera Dudak d\u00fczeltmesi hangi siklikta tekrarlanabilir?<\/h2>\n<p>Odaklanmis HiFu ultrason Doublo\u00ae veya Ulthera\u00ae Dudak lifti 18 ile 20 Ay sonra tekrarlanabilir.Bazi durumlarda 6 ile 7 Ay sonra da olabilir.<\/p>\n<h2>Odaklanmis HiFu ultrason Doublo\u00aeveya Ulthera\u00ae Dudak lifti neyle kombinlenebilir?<\/h2>\n<p>Bir genclestirme etkisi elde edebilmek icin ve periolae cilti canlandirmak icin, tedaviye ek olarak odaklanmis HiFu Ultraschall Doublo veya Ulthera\u00aebir plasma lifti kenditrombosit plasma PRP gerceklestirebilir. Iki ile \u00dcc Toplantidan 3 Hafta arayiyla kendi b\u00fcy\u00fcme faktl\u00f6rleri aktive ve cilti dudagi revital edilir. Farkli periol kirisiklarda (Plisse kirisklari veya Tabak kirisiklari denilir) Ek olarak Botox\u00ae, lazer-3DDikis lifti-terapisi, bir mikrodermabrazyon veya radyofrekans-Resurfacing tavsiye edilebilir. T\u00fcm tedavi konseptleri size g\u00f6re yapiyoruz ve ayarliyoruz.severek Bey Doktor Kirsten, size zaman ayirip ve sizin isteklerinizi konusmak icin.bu tedavi sohbeti Doktor Kirsten ile herzaman Onlinetermin veya telefonla bizim praximizda alabilirsiniz<\/p>\n<div class=\"btn-pos\"><a href=\"https:\/\/kirsten-derma.de\/tr\/ulasim\/\">Istek gonder<\/a><\/div>\n","protected":false},"excerpt":{"rendered":"<p>Ameliyatsiz Dudak Sisirmesi Tanidik Kelimeler: Dudaklarin Sisirmesi, Ameliyatsiz dudak d\u00fczeltmesi, Dudaklifti, Dudak d\u00f6semesi. Kadinlarin Dudaklari onlarin ruhuna en g\u00fczel kapisi Bu cin bilgelik \u00f6nemi her zaman ve her yerde g\u00fczel dudaklari yansitmaktadir. Kadin Dudaklarin g\u00fczellik ideali dolu, formlu,yumusak Dudaklar, ince olan kenar sekillendirme bedensel ve kadina ithap eder. Bu kriterleri tanimak icin,muayene eden Doktor tam anatomik, geometrik ve matematiksel bilgiye sahip olmali. Ayrica Dudak Sisirmesinde estetik his ve ince parmak ucu cok \u00f6nemsiz degildir. Uzun kalici Ameliyatsiz Dudak b\u00fcy\u00fctmesinde Doktorun [&hellip;]<\/p>\n","protected":false},"author":2,"featured_media":0,"parent":0,"menu_order":0,"comment_status":"closed","ping_status":"closed","template":"","meta":{"footnotes":""},"tags":[50,49],"class_list":["post-58","page","type-page","status-publish","hentry","tag-lippenvergroesserung-ohne-operation","tag-straffung-der-oberlippe"],"yoast_head":"<!-- This site is optimized with the Yoast SEO Premium plugin v22.5 (Yoast SEO v16.4) - https:\/\/yoast.com\/wordpress\/plugins\/seo\/ -->\n<title>Dudak Dolgusu (Ameliyatsiz Dudak Dolgusu) - Berlin-Uygulama muyane Doktor Juri Kirsten<\/title>\n<meta name=\"description\" content=\"Direk dudak dokusuna yap\u0131lacak dudak dolgunla\u015ft\u0131rma i\u015flemi ile duda\u011fa hacim kazand\u0131r\u0131lmas\u0131 ve bunun sonucu olarak dudaklar\u0131n bir miktar \u00f6ne do\u011fru \u00e7\u0131karak belirginle\u015fmesi sa\u011flan\u0131r.\" \/>\n<meta name=\"robots\" content=\"index, follow, max-snippet:-1, max-image-preview:large, max-video-preview:-1\" \/>\n<link rel=\"canonical\" href=\"https:\/\/kirsten-derma.de\/lippenvergroesserung-ohne-op-berlin\/\" \/>\n<meta property=\"og:locale\" content=\"tr_TR\" \/>\n<meta property=\"og:type\" content=\"article\" \/>\n<meta property=\"og:title\" content=\"[:de]Lippenverg\u00f6\u00dferung ohne OP in Berlin mit HiFu Ultraschall beim Arzt[:ru]\u0423\u0432\u0435\u043b\u0438\u0447\u0435\u043d\u0438\u0435 \u0433\u0443\u0431 \u0431\u0435\u0437 \u043e\u043f\u0435\u0440\u0430\u0446\u0438\u0438 \u0432 \u0447\u0430\u0441\u0442\u043d\u043e\u0439 \u043a\u043b\u0438\u043d\u0438\u043a\u0435 \u0434\u043e\u043a\u0442\u043e\u0440\u0430 \u042e.\u041a\u0438\u0440\u0441\u0442\u0435\u043d\u0430 \u0432 \u0446\u0435\u043d\u0442\u0440\u0435 \u0411\u0435\u0440\u043b\u0438\u043d\u0430, \u043d\u0430 \u041a\u0443\u0434\u0430\u043c\u043c\u0435 - \u041f\u043b\u0430\u0441\u0442\u0438\u0447\u0435\u0441\u043a\u0430\u044f \u0445\u0438\u0440\u0443\u0440\u0433\u0438\u044f | \u041a\u043e\u0441\u043c\u0435\u0442\u043e\u043b\u043e\u0433\u0438\u044f | \u0414\u0435\u0440\u043c\u0430\u0442\u043e\u043b\u043e\u0433\u0438\u044f | \u0410\u043b\u043b\u0435\u0440\u0433\u043e\u043b\u043e\u0433\u0438\u044f | \u042d\u0441\u0442\u0435\u0442\u0438\u0447\u0435\u0441\u043a\u0430\u044f \u043c\u0435\u0434\u0438\u0446\u0438\u043d\u0430 | \u0410\u043c\u0431\u0443\u043b\u0430\u0442\u043e\u0440\u043d\u044b\u0435 \u043e\u043f\u0435\u0440\u0430\u0446\u0438\u0438 | \u041b\u0430\u0437\u0435\u0440 | www.kirsten-derma.de [:tr]Dudak Dolgusu (Ameliyatsiz Dudak Dolgusu) - Berlin-Uygulama muyane Doktor Juri Kirsten [:]\" \/>\n<meta property=\"og:description\" content=\"{:de}Lippenverg\u00f6\u00dferung ohne op mit minmalem Aufwand. Mit der Hifu Technologie lassen sich Lippen nicht invasiv vergr\u00f6\u00dfern. Lassen Sie sich beraten. Tel 23621292{:ru}\u0414\u043e\u043a\u0442\u043e\u0440 \u042e\u0440\u0438\u0439 \u041a\u0438\u0440\u0441\u0442\u0435\u043d, \u0432\u0440\u0430\u0447 \u0434\u0435\u0440\u043c\u0430\u0442\u043e\u043b\u043e\u0433, \u043a\u043e\u0441\u043c\u0435\u0442\u0438\u0447\u0435\u0441\u043a\u0438\u0439 \u0445\u0438\u0440\u0443\u0440\u0433, \u0430\u043b\u043b\u0435\u0440\u0433\u043e\u043b\u043e\u0433, \u0447\u0430\u0441\u0442\u043d\u0430\u044f \u043a\u043b\u0438\u043d\u0438\u043a\u0430 \u043a\u043e\u0441\u043c\u0435\u0442\u0438\u0447\u0435\u0441\u043a\u043e\u0439 \u0445\u0438\u0440\u0443\u0440\u0433\u0438\u0438 \u0432 \u0411\u0435\u0440\u043b\u0438\u043d\u0435, \u043a\u043b\u0438\u043d\u0438\u043a\u0430 \u044d\u0441\u0442\u0435\u0442\u0438\u0447\u0435\u0441\u043a\u043e\u0439 \u043c\u0435\u0434\u0438\u0446\u0438\u043d\u044b \u0432 \u0446\u0435\u043d\u0442\u0440\u0435 \u0411\u0435\u0440\u043b\u0438\u043d\u0430, \u0441\u043f\u0435\u0446\u0438\u0430\u043b\u0438\u0437\u0430\u0446\u0438\u044f \u043a\u043b\u0438\u043d\u0438\u043a\u0438 \u0432 \u0411\u0435\u0440\u043b\u0438\u043d\u0435 \u043b\u0438\u043f\u043e\u0441\u0430\u043a\u0446\u0438\u044f, \u043b\u0435\u0447\u0435\u043d\u0438\u0435 \u043c\u043e\u0440\u0449\u0438\u043d \u0432 \u0411\u0435\u0440\u043b\u0438\u043d\u0435, \u0443\u0432\u0435\u043b\u0438\u0447\u0435\u043d\u0438\u0435 \u0433\u0443\u0431 \u0433\u0438\u0430\u043b\u0443\u0440\u043e\u043d\u043e\u0432\u043e\u0439 \u043a\u0438\u0441\u043b\u043e\u0442\u043e\u0439 \u043a\u043b\u0438\u043d\u0438\u043a\u0430 \u0432 \u0411\u0435\u0440\u043b\u0438\u043d\u0435, \u043f\u043b\u0430\u0437\u043c\u043e\u043b\u0438\u0444\u0442\u0438\u043d\u0433, \u0432\u0441\u0435 \u0432\u0438\u0434\u044b \u043d\u0435\u0445\u0438\u0440\u0443\u0440\u0433\u0438\u0447\u0435\u0441\u043a\u043e\u0433\u043e \u043b\u0438\u0444\u0442\u0438\u043d\u0433\u0430, \u043f\u043b\u0430\u0441\u0442\u0438\u043a\u0430 \u0432\u0435\u0440\u0445\u043d\u0438\u0445 \u0438 \u043d\u0438\u0436\u043d\u0438\u0445 \u0432\u0435\u043a \u0432 \u0411\u0435\u0440\u043b\u0438\u043d\u0435, \u043b\u0430\u0437\u0435\u0440 \u0444\u0440\u0430\u043a\u0441\u0435\u043b\u044c, \u0443\u0434\u0430\u043b\u0435\u043d\u0438\u0435 \u0432\u043e\u043b\u043e\u0441 \u043b\u0430\u0437\u0435\u0440\u043e\u043c, \u043b\u0430\u0437\u0435\u0440\u043d\u0430\u044f \u044d\u043f\u0438\u043b\u044f\u0446\u0438\u044f, \u0445\u0438\u043c\u0438\u0447\u0435\u0441\u043a\u0438\u0439 \u043f\u0438\u043b\u0438\u043d\u0433, \u043d\u0438\u0442\u0435\u0432\u0430\u044f \u043f\u043e\u0434\u0442\u044f\u0436\u043a\u0430 \u043b\u0438\u0446\u0430, \u043d\u0438\u0442\u0435\u0432\u043e\u0439 \u043b\u0438\u0444\u0442\u0438\u043d\u0433, \u0443\u043b\u044c\u0442\u0440\u0430\u0437\u0432\u0443\u043a\u043e\u0432\u043e\u0439 \u043b\u0438\u0444\u0442\u0438\u043d\u0433 \u043b\u0438\u0446\u0430 \u0410\u043b\u044c\u0442\u0435\u0440\u0430 \u0414\u043e\u0431\u043b\u043e Ulthera Doublo \u0432 \u0411\u0435\u0440\u043b\u0438\u043d\u0435. {:tr}Direk dudak dokusuna yap\u0131lacak dudak dolgunla\u015ft\u0131rma i\u015flemi ile duda\u011fa hacim kazand\u0131r\u0131lmas\u0131 ve bunun sonucu olarak dudaklar\u0131n bir miktar \u00f6ne do\u011fru \u00e7\u0131karak belirginle\u015fmesi sa\u011flan\u0131r. {:}\" \/>\n<meta property=\"og:url\" content=\"https:\/\/kirsten-derma.de\/lippenvergroesserung-ohne-op-berlin\/\" \/>\n<meta property=\"og:site_name\" content=\"Praxis Juri Kirsten\" \/>\n<meta property=\"article:modified_time\" content=\"2021-06-13T17:59:30+00:00\" \/>\n<meta property=\"og:image\" content=\"https:\/\/kirsten-derma.de\/wp-content\/uploads\/2019\/07\/lippenvergroesserung_ohne_Berlin.jpg\" \/>\n<meta name=\"twitter:card\" content=\"summary\" \/>\n<meta name=\"twitter:label1\" content=\"Tahmini okuma s\u00fcresi\" \/>\n\t<meta name=\"twitter:data1\" content=\"5 dakika\" \/>\n<script type=\"application\/ld+json\" class=\"yoast-schema-graph\">{\"@context\":\"https:\/\/schema.org\",\"@graph\":[{\"@type\":\"WebSite\",\"@id\":\"https:\/\/kirsten-derma.de\/#website\",\"url\":\"https:\/\/kirsten-derma.de\/\",\"name\":\"Praxis Juri Kirsten\",\"description\":\"Facharzt f\\u00fcr Dermatologie und Allergologie Juri Kirsten Berlin\",\"potentialAction\":[{\"@type\":\"SearchAction\",\"target\":\"https:\/\/kirsten-derma.de\/?s={search_term_string}\",\"query-input\":\"required name=search_term_string\"}],\"inLanguage\":\"tr\"},{\"@type\":\"ImageObject\",\"@id\":\"https:\/\/kirsten-derma.de\/lippenvergroesserung-ohne-op-berlin\/#primaryimage\",\"inLanguage\":\"tr\",\"url\":\"https:\/\/kirsten-derma.de\/wp-content\/uploads\/2017\/02\/lippenvergroesserung_ohne_op-1.jpg\",\"contentUrl\":\"https:\/\/kirsten-derma.de\/wp-content\/uploads\/2017\/02\/lippenvergroesserung_ohne_op-1.jpg\",\"width\":724,\"height\":350,\"caption\":\"Lippenvergr\\u00f6\\u00dferung-ohne-Operation-Berlin\"},{\"@type\":\"WebPage\",\"@id\":\"https:\/\/kirsten-derma.de\/lippenvergroesserung-ohne-op-berlin\/#webpage\",\"url\":\"https:\/\/kirsten-derma.de\/lippenvergroesserung-ohne-op-berlin\/\",\"name\":\"[:de]Lippenverg\\u00f6\\u00dferung ohne OP in Berlin mit HiFu Ultraschall beim Arzt[:ru]\\u0423\\u0432\\u0435\\u043b\\u0438\\u0447\\u0435\\u043d\\u0438\\u0435 \\u0433\\u0443\\u0431 \\u0431\\u0435\\u0437 \\u043e\\u043f\\u0435\\u0440\\u0430\\u0446\\u0438\\u0438 \\u0432 \\u0447\\u0430\\u0441\\u0442\\u043d\\u043e\\u0439 \\u043a\\u043b\\u0438\\u043d\\u0438\\u043a\\u0435 \\u0434\\u043e\\u043a\\u0442\\u043e\\u0440\\u0430 \\u042e.\\u041a\\u0438\\u0440\\u0441\\u0442\\u0435\\u043d\\u0430 \\u0432 \\u0446\\u0435\\u043d\\u0442\\u0440\\u0435 \\u0411\\u0435\\u0440\\u043b\\u0438\\u043d\\u0430, \\u043d\\u0430 \\u041a\\u0443\\u0434\\u0430\\u043c\\u043c\\u0435 - \\u041f\\u043b\\u0430\\u0441\\u0442\\u0438\\u0447\\u0435\\u0441\\u043a\\u0430\\u044f \\u0445\\u0438\\u0440\\u0443\\u0440\\u0433\\u0438\\u044f | \\u041a\\u043e\\u0441\\u043c\\u0435\\u0442\\u043e\\u043b\\u043e\\u0433\\u0438\\u044f | \\u0414\\u0435\\u0440\\u043c\\u0430\\u0442\\u043e\\u043b\\u043e\\u0433\\u0438\\u044f | \\u0410\\u043b\\u043b\\u0435\\u0440\\u0433\\u043e\\u043b\\u043e\\u0433\\u0438\\u044f | \\u042d\\u0441\\u0442\\u0435\\u0442\\u0438\\u0447\\u0435\\u0441\\u043a\\u0430\\u044f \\u043c\\u0435\\u0434\\u0438\\u0446\\u0438\\u043d\\u0430 | \\u0410\\u043c\\u0431\\u0443\\u043b\\u0430\\u0442\\u043e\\u0440\\u043d\\u044b\\u0435 \\u043e\\u043f\\u0435\\u0440\\u0430\\u0446\\u0438\\u0438 | \\u041b\\u0430\\u0437\\u0435\\u0440 | www.kirsten-derma.de [:tr]Dudak Dolgusu (Ameliyatsiz Dudak Dolgusu) - Berlin-Uygulama muyane Doktor Juri Kirsten [:]\",\"isPartOf\":{\"@id\":\"https:\/\/kirsten-derma.de\/#website\"},\"primaryImageOfPage\":{\"@id\":\"https:\/\/kirsten-derma.de\/lippenvergroesserung-ohne-op-berlin\/#primaryimage\"},\"datePublished\":\"2017-02-12T15:08:57+00:00\",\"dateModified\":\"2021-06-13T17:59:30+00:00\",\"description\":\"{:de}Lippenverg\\u00f6\\u00dferung ohne op mit minmalem Aufwand. Mit der Hifu Technologie lassen sich Lippen nicht invasiv vergr\\u00f6\\u00dfern. Lassen Sie sich beraten. Tel 23621292{:ru}\\u0414\\u043e\\u043a\\u0442\\u043e\\u0440 \\u042e\\u0440\\u0438\\u0439 \\u041a\\u0438\\u0440\\u0441\\u0442\\u0435\\u043d, \\u0432\\u0440\\u0430\\u0447 \\u0434\\u0435\\u0440\\u043c\\u0430\\u0442\\u043e\\u043b\\u043e\\u0433, \\u043a\\u043e\\u0441\\u043c\\u0435\\u0442\\u0438\\u0447\\u0435\\u0441\\u043a\\u0438\\u0439 \\u0445\\u0438\\u0440\\u0443\\u0440\\u0433, \\u0430\\u043b\\u043b\\u0435\\u0440\\u0433\\u043e\\u043b\\u043e\\u0433, \\u0447\\u0430\\u0441\\u0442\\u043d\\u0430\\u044f \\u043a\\u043b\\u0438\\u043d\\u0438\\u043a\\u0430 \\u043a\\u043e\\u0441\\u043c\\u0435\\u0442\\u0438\\u0447\\u0435\\u0441\\u043a\\u043e\\u0439 \\u0445\\u0438\\u0440\\u0443\\u0440\\u0433\\u0438\\u0438 \\u0432 \\u0411\\u0435\\u0440\\u043b\\u0438\\u043d\\u0435, \\u043a\\u043b\\u0438\\u043d\\u0438\\u043a\\u0430 \\u044d\\u0441\\u0442\\u0435\\u0442\\u0438\\u0447\\u0435\\u0441\\u043a\\u043e\\u0439 \\u043c\\u0435\\u0434\\u0438\\u0446\\u0438\\u043d\\u044b \\u0432 \\u0446\\u0435\\u043d\\u0442\\u0440\\u0435 \\u0411\\u0435\\u0440\\u043b\\u0438\\u043d\\u0430, \\u0441\\u043f\\u0435\\u0446\\u0438\\u0430\\u043b\\u0438\\u0437\\u0430\\u0446\\u0438\\u044f \\u043a\\u043b\\u0438\\u043d\\u0438\\u043a\\u0438 \\u0432 \\u0411\\u0435\\u0440\\u043b\\u0438\\u043d\\u0435 \\u043b\\u0438\\u043f\\u043e\\u0441\\u0430\\u043a\\u0446\\u0438\\u044f, \\u043b\\u0435\\u0447\\u0435\\u043d\\u0438\\u0435 \\u043c\\u043e\\u0440\\u0449\\u0438\\u043d \\u0432 \\u0411\\u0435\\u0440\\u043b\\u0438\\u043d\\u0435, \\u0443\\u0432\\u0435\\u043b\\u0438\\u0447\\u0435\\u043d\\u0438\\u0435 \\u0433\\u0443\\u0431 \\u0433\\u0438\\u0430\\u043b\\u0443\\u0440\\u043e\\u043d\\u043e\\u0432\\u043e\\u0439 \\u043a\\u0438\\u0441\\u043b\\u043e\\u0442\\u043e\\u0439 \\u043a\\u043b\\u0438\\u043d\\u0438\\u043a\\u0430 \\u0432 \\u0411\\u0435\\u0440\\u043b\\u0438\\u043d\\u0435, \\u043f\\u043b\\u0430\\u0437\\u043c\\u043e\\u043b\\u0438\\u0444\\u0442\\u0438\\u043d\\u0433, \\u0432\\u0441\\u0435 \\u0432\\u0438\\u0434\\u044b \\u043d\\u0435\\u0445\\u0438\\u0440\\u0443\\u0440\\u0433\\u0438\\u0447\\u0435\\u0441\\u043a\\u043e\\u0433\\u043e \\u043b\\u0438\\u0444\\u0442\\u0438\\u043d\\u0433\\u0430, \\u043f\\u043b\\u0430\\u0441\\u0442\\u0438\\u043a\\u0430 \\u0432\\u0435\\u0440\\u0445\\u043d\\u0438\\u0445 \\u0438 \\u043d\\u0438\\u0436\\u043d\\u0438\\u0445 \\u0432\\u0435\\u043a \\u0432 \\u0411\\u0435\\u0440\\u043b\\u0438\\u043d\\u0435, \\u043b\\u0430\\u0437\\u0435\\u0440 \\u0444\\u0440\\u0430\\u043a\\u0441\\u0435\\u043b\\u044c, \\u0443\\u0434\\u0430\\u043b\\u0435\\u043d\\u0438\\u0435 \\u0432\\u043e\\u043b\\u043e\\u0441 \\u043b\\u0430\\u0437\\u0435\\u0440\\u043e\\u043c, \\u043b\\u0430\\u0437\\u0435\\u0440\\u043d\\u0430\\u044f \\u044d\\u043f\\u0438\\u043b\\u044f\\u0446\\u0438\\u044f, \\u0445\\u0438\\u043c\\u0438\\u0447\\u0435\\u0441\\u043a\\u0438\\u0439 \\u043f\\u0438\\u043b\\u0438\\u043d\\u0433, \\u043d\\u0438\\u0442\\u0435\\u0432\\u0430\\u044f \\u043f\\u043e\\u0434\\u0442\\u044f\\u0436\\u043a\\u0430 \\u043b\\u0438\\u0446\\u0430, \\u043d\\u0438\\u0442\\u0435\\u0432\\u043e\\u0439 \\u043b\\u0438\\u0444\\u0442\\u0438\\u043d\\u0433, \\u0443\\u043b\\u044c\\u0442\\u0440\\u0430\\u0437\\u0432\\u0443\\u043a\\u043e\\u0432\\u043e\\u0439 \\u043b\\u0438\\u0444\\u0442\\u0438\\u043d\\u0433 \\u043b\\u0438\\u0446\\u0430 \\u0410\\u043b\\u044c\\u0442\\u0435\\u0440\\u0430 \\u0414\\u043e\\u0431\\u043b\\u043e Ulthera Doublo \\u0432 \\u0411\\u0435\\u0440\\u043b\\u0438\\u043d\\u0435. {:tr}Direk dudak dokusuna yap\\u0131lacak dudak dolgunla\\u015ft\\u0131rma i\\u015flemi ile duda\\u011fa hacim kazand\\u0131r\\u0131lmas\\u0131 ve bunun sonucu olarak dudaklar\\u0131n bir miktar \\u00f6ne do\\u011fru \\u00e7\\u0131karak belirginle\\u015fmesi sa\\u011flan\\u0131r. {:}\",\"breadcrumb\":{\"@id\":\"https:\/\/kirsten-derma.de\/lippenvergroesserung-ohne-op-berlin\/#breadcrumb\"},\"inLanguage\":\"tr\",\"potentialAction\":[{\"@type\":\"ReadAction\",\"target\":[\"https:\/\/kirsten-derma.de\/lippenvergroesserung-ohne-op-berlin\/\"]}]},{\"@type\":\"BreadcrumbList\",\"@id\":\"https:\/\/kirsten-derma.de\/lippenvergroesserung-ohne-op-berlin\/#breadcrumb\",\"itemListElement\":[{\"@type\":\"ListItem\",\"position\":1,\"item\":{\"@type\":\"WebPage\",\"@id\":\"https:\/\/kirsten-derma.de\/\",\"url\":\"https:\/\/kirsten-derma.de\/\",\"name\":\"Startseite\"}},{\"@type\":\"ListItem\",\"position\":2,\"item\":{\"@id\":\"https:\/\/kirsten-derma.de\/lippenvergroesserung-ohne-op-berlin\/#webpage\"}}]}]}<\/script>\n<!-- \/ Yoast SEO Premium plugin. -->","_links":{"self":[{"href":"https:\/\/kirsten-derma.de\/tr\/wp-json\/wp\/v2\/pages\/58","targetHints":{"allow":["GET"]}}],"collection":[{"href":"https:\/\/kirsten-derma.de\/tr\/wp-json\/wp\/v2\/pages"}],"about":[{"href":"https:\/\/kirsten-derma.de\/tr\/wp-json\/wp\/v2\/types\/page"}],"author":[{"embeddable":true,"href":"https:\/\/kirsten-derma.de\/tr\/wp-json\/wp\/v2\/users\/2"}],"replies":[{"embeddable":true,"href":"https:\/\/kirsten-derma.de\/tr\/wp-json\/wp\/v2\/comments?post=58"}],"version-history":[{"count":1,"href":"https:\/\/kirsten-derma.de\/tr\/wp-json\/wp\/v2\/pages\/58\/revisions"}],"predecessor-version":[{"id":4981,"href":"https:\/\/kirsten-derma.de\/tr\/wp-json\/wp\/v2\/pages\/58\/revisions\/4981"}],"wp:attachment":[{"href":"https:\/\/kirsten-derma.de\/tr\/wp-json\/wp\/v2\/media?parent=58"}],"wp:term":[{"taxonomy":"post_tag","embeddable":true,"href":"https:\/\/kirsten-derma.de\/tr\/wp-json\/wp\/v2\/tags?post=58"}],"curies":[{"name":"wp","href":"https:\/\/api.w.org\/{rel}","templated":true}]}}