{"id":60,"date":"2017-02-12T16:10:01","date_gmt":"2017-02-12T15:10:01","guid":{"rendered":"http:\/\/kd.myderma.de\/?page_id=60"},"modified":"2021-06-13T20:20:51","modified_gmt":"2021-06-13T18:20:51","slug":"lippen-aufspritzen-mit-hyaluronsaeure-in-unserer-praxisk-fuer-aesthetische-medizin","status":"publish","type":"page","link":"https:\/\/kirsten-derma.de\/tr\/dudak-sisirmesi-hyaluronik-ameliyatsiz-berlin\/","title":{"rendered":"Dudak B\u00fcy\u00fctmesi hyaluronik asitiyle"},"content":{"rendered":"<h1 class=\"heading\">Dudak B\u00fcy\u00fctmesi hyaluronik asitiyle<\/h1>\n<p><img wpfc-lazyload-disable=\"true\" loading=\"lazy\" decoding=\"async\" width=\"724\" height=\"350\" class=\"alignnone size-full wp-image-1891\" src=\"https:\/\/kirsten-derma.de\/wp-content\/uploads\/2017\/02\/hyaluronsaure-1.jpg\" alt=\"Lippen aufspritzen-mit-Hyalurons\u00e4ure-in-Berlin\" srcset=\"https:\/\/kirsten-derma.de\/wp-content\/uploads\/2017\/02\/hyaluronsaure-1.jpg 724w, https:\/\/kirsten-derma.de\/wp-content\/uploads\/2017\/02\/hyaluronsaure-1-300x145.jpg 300w\" sizes=\"auto, (max-width: 724px) 100vw, 724px\" \/><\/p>\n<p>Berlinde Dudak B\u00fcy\u00fctmesi.<\/p>\n<p>Verwandte Begriffe: Lippenaugmentation, Lippen vergr\u00f6\u00dfern, Lippen korrigieren, Lippenauff\u00fcllung, volle Lippen, Lippenkorrektur, Sexylippen.<\/p>\n<h2>Dudak B\u00fcy\u00fctmesi<\/h2>\n<p>Dudaklari sisirmek-Dudak B\u00fcy\u00fctmesi: Berlindeki Praximizde.<\/p>\n<h2>M\u00fckemmel Dudaklar<\/h2>\n<p>Klasik sekil ve oranlar hakkinda fikirlerimiz Dudaklardan m\u00fckemmel \u00dcst-ve Alt dudak &#8211; 2:3.<\/p>\n<p><img wpfc-lazyload-disable=\"true\" loading=\"lazy\" decoding=\"async\" class=\"alignnone size-full wp-image-609\" src=\"https:\/\/kirsten-derma.de\/wp-content\/uploads\/2017\/02\/Sybille.jpg\" alt=\"\" width=\"300\" height=\"344\" srcset=\"https:\/\/kirsten-derma.de\/wp-content\/uploads\/2017\/02\/Sybille.jpg 300w, https:\/\/kirsten-derma.de\/wp-content\/uploads\/2017\/02\/Sybille-262x300.jpg 262w\" sizes=\"auto, (max-width: 300px) 100vw, 300px\" \/><\/p>\n<p>Net bir cizgi ve \u00fcc boyutlu Profil seklini vurgular.Dudaklarin M\u00fckemmel formu \u00fcnl\u00fc ustalardan telaffuz ve \u00f6l\u00fcms\u00fczlestirdi.Michelangelo anlasilmaz Sibille klasik bir \u00f6rnektir.Ideal oranlarda genc,duygulu dudaklar ve formu bug\u00fcne kadar insanlarin kalbini tasimak ve estetik referanslarin en iyisi.<\/p>\n<p>&#8220;Kadinlarin Dudaklari onlarin ruhuna en g\u00fczel kapisi&#8221;.Bu cin bilgelik \u00f6nemi her zaman ve her yerde g\u00fczel dudaklari yansitmaktadir.<\/p>\n<p><img wpfc-lazyload-disable=\"true\" loading=\"lazy\" decoding=\"async\" class=\"alignnone size-full wp-image-605\" src=\"https:\/\/kirsten-derma.de\/wp-content\/uploads\/2017\/02\/Lippen-19775913_m.jpg\" alt=\"\" width=\"640\" height=\"458\" srcset=\"https:\/\/kirsten-derma.de\/wp-content\/uploads\/2017\/02\/Lippen-19775913_m.jpg 640w, https:\/\/kirsten-derma.de\/wp-content\/uploads\/2017\/02\/Lippen-19775913_m-300x215.jpg 300w\" sizes=\"auto, (max-width: 640px) 100vw, 640px\" \/><\/p>\n<p>Dudak sekli Arkasinda M\u00fckemmel bir modelleme ayrintili anatomik sikismis vardir,geometrik ve matematiksel Bilgiler.Yunanlar der ki,her g\u00fczellik matematik oldugunu.<\/p>\n<h3>Bu dogruysa,bir y\u00fcz g\u00fczelligini tanimlamak icin matematiksel bir kod veya form\u00fcl varmidir?<\/h3>\n<p>Evet,vardir!Matematiksel yardimiyla,bilgisayar ve genis veri tabani Cekici y\u00fczleri,bu oldugu Dr.Stephan R.Marquardt california y\u00f6netilen bir&#8221;G\u00fczellik maskesi&#8221;hesaplamasi.G\u00fczel y\u00fczleri Maskesi hem antik herkezede inanilmaz uyuyor.<\/p>\n<p>Amerikan g\u00fczellik cerrahi Steven Hoeffin bu bulunmustur,belirli bir,y\u00fcz g\u00fczelligi aci-bagimli oranlari oldugunu.Dudaklarin maksimum g\u00fczellik asagidaki acilardan olmasi gerekir iken.<\/p>\n<p>a=20\u00b0veya b=30\u00b0<\/p>\n<p><img wpfc-lazyload-disable=\"true\" loading=\"lazy\" decoding=\"async\" class=\"alignnone size-full wp-image-610\" src=\"https:\/\/kirsten-derma.de\/wp-content\/uploads\/2017\/02\/Winkel_der_Schoenheit.jpg\" alt=\"\" width=\"438\" height=\"300\" srcset=\"https:\/\/kirsten-derma.de\/wp-content\/uploads\/2017\/02\/Winkel_der_Schoenheit.jpg 438w, https:\/\/kirsten-derma.de\/wp-content\/uploads\/2017\/02\/Winkel_der_Schoenheit-300x205.jpg 300w\" sizes=\"auto, (max-width: 438px) 100vw, 438px\" \/><\/p>\n<p>Yani sira,o da kesfetti,cekici y\u00fczleri b\u00f6lgelerinde meydana cikmasi,oval ve g\u00fczel y\u00fcz\u00fc temsil etmek icin.Elmacik kemikleri,G\u00f6zler ve cene alanlari ve dudaklar bu oval b\u00f6lgeleri temsil eder.Yukaridaki gibi nedenlerle sadece deneyimli uzman doktor dudaklar tarafindan tavsiye edilir ve b\u00fcy\u00fctmesi icin,ve degil amat\u00f6r tarafindan,\u00f6nemli damarlari ve sinirleri nerden calistigini.<\/p>\n<h3>Nezaman Bir dudak tedavisi g\u00f6r\u00fcn\u00fcr?<\/h3>\n<ul>\n<li>G\u00fczel dudaklarda,biraz daha fazla vurgu gerekli olan,daha cok genc kadinlarda;<\/li>\n<li>her yasta ince Dudaklarda;<\/li>\n<li>orantili olmayan veya asimetrik olamayan dudaklarda;<\/li>\n<li>bozulmus,yasla ilgili ince dudaklarda;<\/li>\n<li>\u00d6nceden yaslanan cilt perioral b\u00f6lgede;<\/li>\n<\/ul>\n<h3>Dudak b\u00f6lgesinde hangi kirisik tipi enjeksiyon edilir?<\/h3>\n<p>Dudaklarin cevresinde Kirisiklikar t\u00fcrleri vardir hyaluronik asitiyle enjeksiyon-jel b\u00fcy\u00fck bir basariyla enjeksiyon edilir.<\/p>\n<p><img wpfc-lazyload-disable=\"true\" loading=\"lazy\" decoding=\"async\" class=\"alignnone size-full wp-image-613\" src=\"https:\/\/kirsten-derma.de\/wp-content\/uploads\/2017\/02\/Lippen_tuerk.jpg\" alt=\"\" width=\"598\" height=\"182\" srcset=\"https:\/\/kirsten-derma.de\/wp-content\/uploads\/2017\/02\/Lippen_tuerk.jpg 598w, https:\/\/kirsten-derma.de\/wp-content\/uploads\/2017\/02\/Lippen_tuerk-300x91.jpg 300w\" sizes=\"auto, (max-width: 598px) 100vw, 598px\" \/><\/p>\n<p><img wpfc-lazyload-disable=\"true\" loading=\"lazy\" decoding=\"async\" class=\"alignnone size-full wp-image-616\" src=\"https:\/\/kirsten-derma.de\/wp-content\/uploads\/2017\/02\/Amorbogen_tur.jpg\" alt=\"\" width=\"170\" height=\"182\" \/><\/p>\n<h3>Nekadar Hyaluronik asiti Dudak B\u00fcy\u00fctmesi icin gerekir?<\/h3>\n<p>Her zaman Dudaklar t\u00fcm y\u00fcz kavramininda d\u00fcs\u00fcn\u00fcn,dogru sekilde ve boyutda birlikte uyum da oldugunu.Doktorun bircok deneyimiparmak uc hisi,estetik bilgisi ve sanatsal yetenek.Bu \u00f6nkossular olmadan,her zaman vardir &#8220;Botlar&#8221;,&#8221;knubbeln&#8221;,\u00f6rdek ayagi&#8221;veya istenmeyen sarkik Dudak b\u00f6lgeleri.<\/p>\n<p>Dudaklari biraz vurgulamak icin\/veya bir azalma \u00dcst Dudagi kirisikliklari ulasmak icin,yasa bagli olarak,enjeksiyon altinda Dudak d\u00fczeltmesinde yapilir.\u00dcst Dudagi icin geren yaklasik 0,4 kadar 0,6 ml hyaluronik asiti.Alt Dudagiicin gerekn asagi yukari ayni olabilir.<\/p>\n<p>Ince dudaklarda enjeksyon \u00dcst Dudakta \u00dcst-Alt Dudaklar iliski kurulabilir.Yarim milimetre ile basladi hyaluronik asiti baslamak icin dudak yapimi baslanabilir.<\/p>\n<p>Alt Dudagi cok b\u00fcy\u00fck bir bakim gerektirir ve geometrik Bilgilere,daha \u00f6nce,yukarida tarif ettigimiz gibi.Alt Dudaginin orta genisleme de olabilir,0,5ml hyaluronik asiti baslana bilir.<\/p>\n<p>Cok ince Dudaklarda tam bir ampul\u00fc gerekir yarim milimetre hyaluronik asitiyle bazi durumlarda daha da cok.<\/p>\n<h3>Dudaklar neyle enjeksyon edilir?<\/h3>\n<p>Bug\u00fcnlerde genis dolgu bir yelpazede vardir \u00f6zel Dudak enjeksyonlarla koordine edilmektedir.Tercihen,Jel stabilize edilmis ve capraz baglanmis hyaluronik asiti.S\u00fcrekli dolgu Dudaklara tavsiye edilmez,C\u00fcnk\u00fc s\u00fcrekli d\u00fcg\u00fcmler veya intolerans reaksiyonlari g\u00f6r\u00fcnebilir.Bey Kirsten yirmi yildir Dudak ve Dudak kirisikliklar meslek sahibidir,bizi etkili yaninda zayif ve zarif Dudak tedavisi teklif ediyoruz.<\/p>\n<p><img wpfc-lazyload-disable=\"true\" loading=\"lazy\" decoding=\"async\" class=\"alignnone size-full wp-image-611\" src=\"https:\/\/kirsten-derma.de\/wp-content\/uploads\/2017\/02\/Lippen-vorher-nachher-duenn-und-voll_TUR.jpg\" alt=\"\" width=\"599\" height=\"350\" srcset=\"https:\/\/kirsten-derma.de\/wp-content\/uploads\/2017\/02\/Lippen-vorher-nachher-duenn-und-voll_TUR.jpg 599w, https:\/\/kirsten-derma.de\/wp-content\/uploads\/2017\/02\/Lippen-vorher-nachher-duenn-und-voll_TUR-300x175.jpg 300w\" sizes=\"auto, (max-width: 599px) 100vw, 599px\" \/><\/p>\n<h3>Hyaluronik asiti alerji yapar mi?<\/h3>\n<p>Hayvansal olmayan terkiplerde(bakterilerden)elde edilen hyaluronik asiti,Bizim uyguladigimiz ve klinigimizde kulandigimiz,hicbir alerji testi gerekli degildir,hicbir hayvansal proteinler icermedigi icin.Bu nedenle t\u00fcm alerjik reaksiyonlar nerdeyse imkansiz.<\/p>\n<h3>Dudak d\u00fczeltmesinden sonra neye dikkat etmek gerekir?<\/h3>\n<p>Tedaviden hemen sonra tedavi edilen b\u00f6lgelere buz torbalarla,morarmalari olmamasi icin.Tedavi g\u00fcn\u00fcn\u00fcnde Dudak enjeksyonunundan sonra evinizde 4-6 devam sogutunuz.1-2 hafta sonra kontroll randevunuzu Bey Doktor Kirstende aliniz.Bu randevunuzda terapi gerekli midir degil midir bakilir.<\/p>\n<h3>Hangi riskler Dudak d\u00fczeltmesinden hyaluronik asitiyle olur?<\/h3>\n<p>Hyaluronik asiti dogru b\u00f6lgeye ve dogru yerde enjekse edildiyse,sagligi ilgili riskler olmaz.Yalnis enjeksyon-tekniklerle veya dogru malzeme secimi Dudak B\u00fcy\u00fctmesi uzun kalici estetik ve ruh sagligi sorunu olur.<\/p>\n<p>Dudagin En cok riskleri Sislikleridir.K\u00fcc\u00fck enjeksyonlarla Sisliklerle az saatlerlece kalir.Cok fazla volum enjekyonlarla Sislikler 1-2 G\u00fcn kalir.<\/p>\n<p>Cikan Hematomlar(mavi morarmalar)g\u00f6r\u00fcnen Dudak b\u00f6lgesinde nadirdir.Daha \u00f6nce alinan kan inceltme ilaclardan Aspirin\u00ae,Ibuprofen ve Vitamin E hematomlar \u00f6nceden programlanmistir.Danismanlik g\u00f6r\u00fcsme sirasinda Bey Doktor Kirsten l\u00fctfen bilgi verin,hangi ilaclari aldiginiz veya daha \u00f6nce aldiginiz.<\/p>\n<p>Deyimli bir Doktor da bile olunabiliyor,-vardir veya Alt d\u00fczeltmelerde veya asimetriler.Bu yan etkiler hafifca kaldirabilinir.Hatta bir asiri doz dramatik degildir:Hyaluronik asitine care vardir,Enzym Hylase,hyaluronik asitini yine bir kac saat icinde kaybeder.<\/p>\n<h3>Hyaluronik asiti alerji yapar mi?<\/h3>\n<p>Hayvansal olmayan terkiplerde(bakterilerden)elde edilen hyaluronik asiti,Bizim uyguladigimiz ve klinigimizde kulandigimiz,hicbir alerji testi gerekli degildir,hicbir hayvansal proteinler icermedigi icin.Bu nedenle t\u00fcm alerjik reaksiyonlar nerdeyse imkansiz.<\/p>\n<h3>Dudak B\u00fcy\u00fctmesi kac para dir?<\/h3>\n<p>Bir Dudak modelleme hyaluronik asitiyle cok bireyseldir.Dudak B\u00fcy\u00fctmesi Bir moda t\u00fcr\u00fc,yari veya dolu ampul hyaluronik asitiyle kullanabilinir.Tedaviden \u00f6nce kabaca tahmin edilebilir,maliyeti ne kadardir.Danisma randevunuzda Bey Doktor Kirstenle sizi tedavinin size nekadar oldugunu bildirir.<\/p>\n<h3>Hyaluronik asiti nekadar kalicidir?<\/h3>\n<p>Hyalurnik asiti gecici bir jeldir,bakterilerden biyoteknolojik \u00fcretildigi.8-10Ay sonra maddenin yarisi gecmistir.Tedavin b\u00f6lgelerde cok hareketle,mesela Dudaklar,veya Sigara kullananlarda maddedaha cabuk gecebilir.Bizim size tavsiyemiz Dudak B\u00f6lgesinde 7-8 Ay bir taze Tedavi tekrarlanmasina.<\/p>\n","protected":false},"excerpt":{"rendered":"<p>Dudak B\u00fcy\u00fctmesi hyaluronik asitiyle Berlinde Dudak B\u00fcy\u00fctmesi. Verwandte Begriffe: Lippenaugmentation, Lippen vergr\u00f6\u00dfern, Lippen korrigieren, Lippenauff\u00fcllung, volle Lippen, Lippenkorrektur, Sexylippen. Dudak B\u00fcy\u00fctmesi Dudaklari sisirmek-Dudak B\u00fcy\u00fctmesi: Berlindeki Praximizde. M\u00fckemmel Dudaklar Klasik sekil ve oranlar hakkinda fikirlerimiz Dudaklardan m\u00fckemmel \u00dcst-ve Alt dudak &#8211; 2:3. Net bir cizgi ve \u00fcc boyutlu Profil seklini vurgular.Dudaklarin M\u00fckemmel formu \u00fcnl\u00fc ustalardan telaffuz ve \u00f6l\u00fcms\u00fczlestirdi.Michelangelo anlasilmaz Sibille klasik bir \u00f6rnektir.Ideal oranlarda genc,duygulu dudaklar ve formu bug\u00fcne kadar insanlarin kalbini tasimak ve estetik referanslarin en iyisi. &#8220;Kadinlarin Dudaklari onlarin [&hellip;]<\/p>\n","protected":false},"author":2,"featured_media":0,"parent":0,"menu_order":0,"comment_status":"closed","ping_status":"closed","template":"","meta":{"footnotes":""},"tags":[37],"class_list":["post-60","page","type-page","status-publish","hentry","tag-lippen-aufspritzen-berlin"],"yoast_head":"<!-- This site is optimized with the Yoast SEO Premium plugin v22.5 (Yoast SEO v16.4) - https:\/\/yoast.com\/wordpress\/plugins\/seo\/ -->\n<title>Lippenaufspritzung mit Hyalurons\u00e4ure Gel in Berlin, Lippen aufspritzen, Lippenvergr\u00f6\u00dferung ohne OP - Kirsten-dermaLippenaufspritzung mit Hyalurons\u00e4ure Gel in Berlin, Lippen aufspritzen, Lippenvergr\u00f6\u00dferung ohne OP - Kirsten-derma<\/title>\n<meta name=\"description\" content=\"Lippen Aufspritzen Berlin \u25b7 Lippenunterspritzung mit dem Hyalurons\u00e4ure-Gel \u2713 Perfekte Lippen in unserer Praxisklinik \u25b7 Herr Juri KirstenLippen aufspritzen Berlin \u25b7 Unterspritzung mit dem Hyalurons\u00e4ure-Gel \u2713 Perfekte Lippen in unserer Praxisklinik \u25b7 Herr Juri Kirsten\" \/>\n<meta name=\"robots\" content=\"index, follow, max-snippet:-1, max-image-preview:large, max-video-preview:-1\" \/>\n<link rel=\"canonical\" href=\"https:\/\/kirsten-derma.de\/lippen-aufspritzen-hyaluronsaeure-berlin\/\" \/>\n<meta property=\"og:locale\" content=\"tr_TR\" \/>\n<meta property=\"og:type\" content=\"article\" \/>\n<meta property=\"og:title\" content=\"[:de][:de]Lippen Aufspritzen mit Hyalurons\u00e4ure - volle Lippen aufspritzen in Berlin[:ru]\u0423\u0432\u0435\u043b\u0438\u0447\u0435\u043d\u0438\u0435 \u0433\u0443\u0431 \u0433\u0438\u0430\u043b\u0443\u0440\u043e\u043d\u043e\u0432\u043e\u0439 \u043a\u0438\u0441\u043b\u043e\u0442\u043e\u0439 - \u043f\u043e\u043b\u043d\u044b\u0435 \u0433\u0443\u0431\u044b \u0432 \u0411\u0435\u0440\u043b\u0438\u043d\u0435[:tr]Lippenaufspritzung mit Hyalurons\u00e4ure Gel in Berlin, Lippen aufspritzen, Lippenvergr\u00f6\u00dferung ohne OP - Kirsten-derma[:][:ru]\u0423\u0432\u0435\u043b\u0438\u0447\u0435\u043d\u0438\u0435 \u0433\u0443\u0431 \u0433\u0438\u0430\u043b\u0443\u0440\u043e\u043d\u043e\u0432\u043e\u0439 \u043a\u0438\u0441\u043b\u043e\u0442\u043e\u0439 - \u043f\u043e\u043b\u043d\u044b\u0435 \u0433\u0443\u0431\u044b \u0432 \u0411\u0435\u0440\u043b\u0438\u043d\u0435[:tr]Lippenaufspritzung mit Hyalurons\u00e4ure Gel in Berlin, Lippen aufspritzen, Lippenvergr\u00f6\u00dferung ohne OP - Kirsten-derma[:]\" \/>\n<meta property=\"og:description\" content=\"{:de}{:de}Lippen aufspritzen Berlin \u25b7 Lippenvergr\u00f6\u00dferung mit dem Hyalurons\u00e4ure-Gel \u2713 Perfekte Lippen in unserer Praxis in Berlin \u25b7 Herr Juri Kirsten{:ru}\u0423\u0432\u0435\u043b\u0438\u0447\u0435\u043d\u0438\u0435 \u0433\u0443\u0431 \u0433\u0438\u043b\u0430\u0443\u0440\u043e\u043d\u043e\u0432\u043e\u0439 \u043a\u0438\u0441\u043b\u043e\u0442\u043e\u0439 \u0432 \u0411\u0435\u0440\u043b\u0438\u043d\u0435 \u25b7 \u0418\u043d\u044a\u0435\u043a\u0446\u0438\u044f \u0441 \u043f\u043e\u043c\u043e\u0449\u044c\u044e \u0433\u0435\u043b\u044f \u0433\u0438\u0430\u043b\u0443\u0440\u043e\u043d\u043e\u0432\u043e\u0439 \u043a\u0438\u0441\u043b\u043e\u0442\u044b \u2713 \u0418\u0434\u0435\u0430\u043b\u044c\u043d\u044b\u0435 \u0433\u0443\u0431\u044b \u0432 \u043d\u0430\u0448\u0435\u0439 \u043a\u043b\u0438\u043d\u0438\u043a\u0435 \u0432 \u0411\u0435\u0440\u043b\u0438\u043d\u0435 \u25b7 \u0413-\u043d \u042e\u0440\u0438 \u041a\u0438\u0440\u0441\u0442\u0435\u043d{:tr}Lippen Aufspritzen Berlin \u25b7 Lippenunterspritzung mit dem Hyalurons\u00e4ure-Gel \u2713 Perfekte Lippen in unserer Praxisklinik \u25b7 Herr Juri Kirsten{:}{:ru}\u0423\u0432\u0435\u043b\u0438\u0447\u0435\u043d\u0438\u0435 \u0433\u0443\u0431 \u0433\u0438\u043b\u0430\u0443\u0440\u043e\u043d\u043e\u0432\u043e\u0439 \u043a\u0438\u0441\u043b\u043e\u0442\u043e\u0439 \u0432 \u0411\u0435\u0440\u043b\u0438\u043d\u0435 \u25b7 \u0418\u043d\u044a\u0435\u043a\u0446\u0438\u044f \u0441 \u043f\u043e\u043c\u043e\u0449\u044c\u044e \u0433\u0435\u043b\u044f \u0433\u0438\u0430\u043b\u0443\u0440\u043e\u043d\u043e\u0432\u043e\u0439 \u043a\u0438\u0441\u043b\u043e\u0442\u044b \u2713 \u0418\u0434\u0435\u0430\u043b\u044c\u043d\u044b\u0435 \u0433\u0443\u0431\u044b \u0432 \u043d\u0430\u0448\u0435\u0439 \u043a\u043b\u0438\u043d\u0438\u043a\u0435 \u0432 \u0411\u0435\u0440\u043b\u0438\u043d\u0435 \u25b7 \u0413-\u043d \u042e\u0440\u0438 \u041a\u0438\u0440\u0441\u0442\u0435\u043d{:tr}Lippen aufspritzen Berlin \u25b7 Unterspritzung mit dem Hyalurons\u00e4ure-Gel \u2713 Perfekte Lippen in unserer Praxisklinik \u25b7 Herr Juri Kirsten{:}\" \/>\n<meta property=\"og:url\" content=\"https:\/\/kirsten-derma.de\/lippen-aufspritzen-hyaluronsaeure-berlin\/\" \/>\n<meta property=\"og:site_name\" content=\"Praxis Juri Kirsten\" \/>\n<meta property=\"article:modified_time\" content=\"2021-06-13T18:20:51+00:00\" \/>\n<meta property=\"og:image\" content=\"https:\/\/kirsten-derma.de\/wp-content\/uploads\/2019\/05\/Lippen-aufspritzen-mit-Hyalurons\u00e4ure-Behandlung-in-Berlin-bei-Praxis-Juri-Kristen.jpg\" \/>\n<meta name=\"twitter:card\" content=\"summary\" \/>\n<meta name=\"twitter:label1\" content=\"Tahmini okuma s\u00fcresi\" \/>\n\t<meta name=\"twitter:data1\" content=\"7 dakika\" \/>\n<script type=\"application\/ld+json\" class=\"yoast-schema-graph\">{\"@context\":\"https:\/\/schema.org\",\"@graph\":[{\"@type\":\"WebSite\",\"@id\":\"https:\/\/kirsten-derma.de\/#website\",\"url\":\"https:\/\/kirsten-derma.de\/\",\"name\":\"Praxis Juri Kirsten\",\"description\":\"Facharzt f\\u00fcr Dermatologie und Allergologie Juri Kirsten Berlin\",\"potentialAction\":[{\"@type\":\"SearchAction\",\"target\":\"https:\/\/kirsten-derma.de\/?s={search_term_string}\",\"query-input\":\"required name=search_term_string\"}],\"inLanguage\":\"tr\"},{\"@type\":\"ImageObject\",\"@id\":\"https:\/\/kirsten-derma.de\/lippen-aufspritzen-hyaluronsaeure-berlin\/#primaryimage\",\"inLanguage\":\"tr\",\"url\":\"https:\/\/kirsten-derma.de\/wp-content\/uploads\/2017\/02\/hyaluronsaure-1.jpg\",\"contentUrl\":\"https:\/\/kirsten-derma.de\/wp-content\/uploads\/2017\/02\/hyaluronsaure-1.jpg\",\"width\":724,\"height\":350,\"caption\":\"Lippen aufspritzen-mit-Hyalurons\\u00e4ure-in-Berlin\"},{\"@type\":\"WebPage\",\"@id\":\"https:\/\/kirsten-derma.de\/lippen-aufspritzen-hyaluronsaeure-berlin\/#webpage\",\"url\":\"https:\/\/kirsten-derma.de\/lippen-aufspritzen-hyaluronsaeure-berlin\/\",\"name\":\"[:de][:de]Lippen Aufspritzen mit Hyalurons\\u00e4ure - volle Lippen aufspritzen in Berlin[:ru]\\u0423\\u0432\\u0435\\u043b\\u0438\\u0447\\u0435\\u043d\\u0438\\u0435 \\u0433\\u0443\\u0431 \\u0433\\u0438\\u0430\\u043b\\u0443\\u0440\\u043e\\u043d\\u043e\\u0432\\u043e\\u0439 \\u043a\\u0438\\u0441\\u043b\\u043e\\u0442\\u043e\\u0439 - \\u043f\\u043e\\u043b\\u043d\\u044b\\u0435 \\u0433\\u0443\\u0431\\u044b \\u0432 \\u0411\\u0435\\u0440\\u043b\\u0438\\u043d\\u0435[:tr]Lippenaufspritzung mit Hyalurons\\u00e4ure Gel in Berlin, Lippen aufspritzen, Lippenvergr\\u00f6\\u00dferung ohne OP - Kirsten-derma[:][:ru]\\u0423\\u0432\\u0435\\u043b\\u0438\\u0447\\u0435\\u043d\\u0438\\u0435 \\u0433\\u0443\\u0431 \\u0433\\u0438\\u0430\\u043b\\u0443\\u0440\\u043e\\u043d\\u043e\\u0432\\u043e\\u0439 \\u043a\\u0438\\u0441\\u043b\\u043e\\u0442\\u043e\\u0439 - \\u043f\\u043e\\u043b\\u043d\\u044b\\u0435 \\u0433\\u0443\\u0431\\u044b \\u0432 \\u0411\\u0435\\u0440\\u043b\\u0438\\u043d\\u0435[:tr]Lippenaufspritzung mit Hyalurons\\u00e4ure Gel in Berlin, Lippen aufspritzen, Lippenvergr\\u00f6\\u00dferung ohne OP - Kirsten-derma[:]\",\"isPartOf\":{\"@id\":\"https:\/\/kirsten-derma.de\/#website\"},\"primaryImageOfPage\":{\"@id\":\"https:\/\/kirsten-derma.de\/lippen-aufspritzen-hyaluronsaeure-berlin\/#primaryimage\"},\"datePublished\":\"2017-02-12T15:10:01+00:00\",\"dateModified\":\"2021-06-13T18:20:51+00:00\",\"description\":\"{:de}{:de}Lippen aufspritzen Berlin \\u25b7 Lippenvergr\\u00f6\\u00dferung mit dem Hyalurons\\u00e4ure-Gel \\u2713 Perfekte Lippen in unserer Praxis in Berlin \\u25b7 Herr Juri Kirsten{:ru}\\u0423\\u0432\\u0435\\u043b\\u0438\\u0447\\u0435\\u043d\\u0438\\u0435 \\u0433\\u0443\\u0431 \\u0433\\u0438\\u043b\\u0430\\u0443\\u0440\\u043e\\u043d\\u043e\\u0432\\u043e\\u0439 \\u043a\\u0438\\u0441\\u043b\\u043e\\u0442\\u043e\\u0439 \\u0432 \\u0411\\u0435\\u0440\\u043b\\u0438\\u043d\\u0435 \\u25b7 \\u0418\\u043d\\u044a\\u0435\\u043a\\u0446\\u0438\\u044f \\u0441 \\u043f\\u043e\\u043c\\u043e\\u0449\\u044c\\u044e \\u0433\\u0435\\u043b\\u044f \\u0433\\u0438\\u0430\\u043b\\u0443\\u0440\\u043e\\u043d\\u043e\\u0432\\u043e\\u0439 \\u043a\\u0438\\u0441\\u043b\\u043e\\u0442\\u044b \\u2713 \\u0418\\u0434\\u0435\\u0430\\u043b\\u044c\\u043d\\u044b\\u0435 \\u0433\\u0443\\u0431\\u044b \\u0432 \\u043d\\u0430\\u0448\\u0435\\u0439 \\u043a\\u043b\\u0438\\u043d\\u0438\\u043a\\u0435 \\u0432 \\u0411\\u0435\\u0440\\u043b\\u0438\\u043d\\u0435 \\u25b7 \\u0413-\\u043d \\u042e\\u0440\\u0438 \\u041a\\u0438\\u0440\\u0441\\u0442\\u0435\\u043d{:tr}Lippen Aufspritzen Berlin \\u25b7 Lippenunterspritzung mit dem Hyalurons\\u00e4ure-Gel \\u2713 Perfekte Lippen in unserer Praxisklinik \\u25b7 Herr Juri Kirsten{:}{:ru}\\u0423\\u0432\\u0435\\u043b\\u0438\\u0447\\u0435\\u043d\\u0438\\u0435 \\u0433\\u0443\\u0431 \\u0433\\u0438\\u043b\\u0430\\u0443\\u0440\\u043e\\u043d\\u043e\\u0432\\u043e\\u0439 \\u043a\\u0438\\u0441\\u043b\\u043e\\u0442\\u043e\\u0439 \\u0432 \\u0411\\u0435\\u0440\\u043b\\u0438\\u043d\\u0435 \\u25b7 \\u0418\\u043d\\u044a\\u0435\\u043a\\u0446\\u0438\\u044f \\u0441 \\u043f\\u043e\\u043c\\u043e\\u0449\\u044c\\u044e \\u0433\\u0435\\u043b\\u044f \\u0433\\u0438\\u0430\\u043b\\u0443\\u0440\\u043e\\u043d\\u043e\\u0432\\u043e\\u0439 \\u043a\\u0438\\u0441\\u043b\\u043e\\u0442\\u044b \\u2713 \\u0418\\u0434\\u0435\\u0430\\u043b\\u044c\\u043d\\u044b\\u0435 \\u0433\\u0443\\u0431\\u044b \\u0432 \\u043d\\u0430\\u0448\\u0435\\u0439 \\u043a\\u043b\\u0438\\u043d\\u0438\\u043a\\u0435 \\u0432 \\u0411\\u0435\\u0440\\u043b\\u0438\\u043d\\u0435 \\u25b7 \\u0413-\\u043d \\u042e\\u0440\\u0438 \\u041a\\u0438\\u0440\\u0441\\u0442\\u0435\\u043d{:tr}Lippen aufspritzen Berlin \\u25b7 Unterspritzung mit dem Hyalurons\\u00e4ure-Gel \\u2713 Perfekte Lippen in unserer Praxisklinik \\u25b7 Herr Juri Kirsten{:}\",\"breadcrumb\":{\"@id\":\"https:\/\/kirsten-derma.de\/lippen-aufspritzen-hyaluronsaeure-berlin\/#breadcrumb\"},\"inLanguage\":\"tr\",\"potentialAction\":[{\"@type\":\"ReadAction\",\"target\":[\"https:\/\/kirsten-derma.de\/lippen-aufspritzen-hyaluronsaeure-berlin\/\"]}]},{\"@type\":\"BreadcrumbList\",\"@id\":\"https:\/\/kirsten-derma.de\/lippen-aufspritzen-hyaluronsaeure-berlin\/#breadcrumb\",\"itemListElement\":[{\"@type\":\"ListItem\",\"position\":1,\"item\":{\"@type\":\"WebPage\",\"@id\":\"https:\/\/kirsten-derma.de\/\",\"url\":\"https:\/\/kirsten-derma.de\/\",\"name\":\"Startseite\"}},{\"@type\":\"ListItem\",\"position\":2,\"item\":{\"@id\":\"https:\/\/kirsten-derma.de\/lippen-aufspritzen-hyaluronsaeure-berlin\/#webpage\"}}]}]}<\/script>\n<!-- \/ Yoast SEO Premium plugin. -->","_links":{"self":[{"href":"https:\/\/kirsten-derma.de\/tr\/wp-json\/wp\/v2\/pages\/60","targetHints":{"allow":["GET"]}}],"collection":[{"href":"https:\/\/kirsten-derma.de\/tr\/wp-json\/wp\/v2\/pages"}],"about":[{"href":"https:\/\/kirsten-derma.de\/tr\/wp-json\/wp\/v2\/types\/page"}],"author":[{"embeddable":true,"href":"https:\/\/kirsten-derma.de\/tr\/wp-json\/wp\/v2\/users\/2"}],"replies":[{"embeddable":true,"href":"https:\/\/kirsten-derma.de\/tr\/wp-json\/wp\/v2\/comments?post=60"}],"version-history":[{"count":1,"href":"https:\/\/kirsten-derma.de\/tr\/wp-json\/wp\/v2\/pages\/60\/revisions"}],"predecessor-version":[{"id":4982,"href":"https:\/\/kirsten-derma.de\/tr\/wp-json\/wp\/v2\/pages\/60\/revisions\/4982"}],"wp:attachment":[{"href":"https:\/\/kirsten-derma.de\/tr\/wp-json\/wp\/v2\/media?parent=60"}],"wp:term":[{"taxonomy":"post_tag","embeddable":true,"href":"https:\/\/kirsten-derma.de\/tr\/wp-json\/wp\/v2\/tags?post=60"}],"curies":[{"name":"wp","href":"https:\/\/api.w.org\/{rel}","templated":true}]}}