{"id":62,"date":"2017-02-12T16:11:05","date_gmt":"2017-02-12T15:11:05","guid":{"rendered":"http:\/\/kd.myderma.de\/?page_id=62"},"modified":"2019-07-04T16:58:59","modified_gmt":"2019-07-04T14:58:59","slug":"%d1%83%d0%ba%d0%be%d0%bb%d1%8b-%d0%ba%d1%80%d0%b0%d1%81%d0%be%d1%82%d1%8b-%d0%b3%d0%b8%d0%b0%d0%bb%d1%83%d1%80%d0%be%d0%bd%d0%be%d0%b2%d0%b0%d1%8f-%d0%ba%d0%b8%d1%81%d0%bb%d0%be%d1%82%d0%b0","status":"publish","type":"page","link":"https:\/\/kirsten-derma.de\/tr\/hyaluronik-asit-dolgu-maddeleriyle-yuz-germe-berlin\/","title":{"rendered":"Hyaluronik asit tedavileri"},"content":{"rendered":"<h1 class=\"heading\">Hyaluronik asit tedavileri<\/h1>\n<p><img wpfc-lazyload-disable=\"true\" loading=\"lazy\" decoding=\"async\" class=\"alignnone wp-image-4347 size-full\" title=\"hyalurons\u00e4ure behandlung berlin HA-Filler\" src=\"https:\/\/kirsten-derma.de\/wp-content\/uploads\/2019\/07\/hyalurons\u00e4ure-behandlung-berlin-HA-Filler.jpg\" alt=\"hyalurons\u00e4ure behandlung berlin HA-Filler\" width=\"724\" height=\"350\" srcset=\"https:\/\/kirsten-derma.de\/wp-content\/uploads\/2019\/07\/hyalurons\u00e4ure-behandlung-berlin-HA-Filler.jpg 724w, https:\/\/kirsten-derma.de\/wp-content\/uploads\/2019\/07\/hyalurons\u00e4ure-behandlung-berlin-HA-Filler-300x145.jpg 300w\" sizes=\"auto, (max-width: 724px) 100vw, 724px\" \/><\/p>\n<p>Tanidiki Kelimeler: Alt kat Enjeksiyon Hyaluronik asit ile, Kirisiklik Tedaviler, Dolgu ve Kirisikliklar, Kirisiklik d\u00f6seme alti, Kirisiklik tedaviler dolgular ile.<\/p>\n<h2>Genel<\/h2>\n<p>Kirisiklik tedavilerin y\u00f6nelimi Hyaluronik asiti ile, cerrahi olmayan cilt durumu gelisme olarak (invaziv olmayan, k\u00fcc\u00fck invazivler) kirilir. Bizim estetik amacli uygulamada Berlinde Doktor Juri Kirsten talepler giderek artiyor ve tedavi secenekleri gelismeye devam ediyor. Bey Doktor Kirsten 20 senden fazla tecr\u00fcbeye sahiptir tedavi b\u00f6lgelerde Boyun-, Y\u00fcz-, Dekolte Kirisikliklar.90 yil basinda o Japon atelkollagen ile y\u00fcz kirisikliklari tedavi basaladi, optik cilt genclestirme gibi g\u00f6r\u00fcn\u00fcm hala bireysel kat azaltma sinirli kaldi daha ve Hyaluronik asiti Piyasa mevcut olmadiginda.<\/p>\n<p>G\u00fcn\u00fcm\u00fczde 80 farkli hyaluronik asit dolgu \u00fczerine Avrupa pazarinda var ve Kollagenler, nedeniyle, kisa \u00f6mr\u00fcyle, Doktor sinirindan kayboldu. Cilt genclestirme kavramlar, y\u00fcz\u00fcn disng\u00f6r\u00fcn\u00fcs\u00fc tefekk\u00fcr kendi odak y\u00f6nlendirdik, \u00f6zellikle hacmi kurtarma ve cilt g\u00f6r\u00fcn\u00fcm\u00fc bireysellestirilmesi. Yz Boyun ve dekolte ile bir birim olaral kabul edilmektedir cildin yaslanma stadyumlar dikkate alinarak ve elde edilen kabul terapi. Hyaluronik asit tedavisinde Bey Doktor Kirsten d\u00f6rt \u00f6nemli vardir:<\/p>\n<ul>\n<li>Yasiniza g\u00f6re uygun terapiler;<\/li>\n<li>Hyaluronik asiti preparatlar ile kombinlenlen farkli viskozite cesitli cilt d\u00fczeylerinin tedavisinde;<\/li>\n<li>Farkli enjeksiyon tekniklerinin uygulamasi;<\/li>\n<li>Amaci ile tedavi protokol\u00fcn\u00fcn optimizasyonu, onlari rejeneneratif y\u00fcz genclestirme sunmak icin diger islemler ile bir arada, cildinizin durumun ihtiyaclarina uygun hangisi oldugu.<\/li>\n<\/ul>\n<h3>Dolgu maddesinin egilimi<\/h3>\n<p>Dolgu malzemeleri, yada ingilizce &#8220;Dolgu&#8221; jel vardir.Dispersiyon tipi maddeler, deri altina enjekte edildigi, Cesitli arizali cilt, deri altina bag dokusu veya Yag dokusu d\u00fczeltmek.Dolgu maddesini \u00fcc ana kategori vardir.<\/p>\n<ul>\n<li>tamam emilebilir(parcalanabilinir);<\/li>\n<li>gecikmis emmesi;<\/li>\n<li>emilemeyen;<\/li>\n<\/ul>\n<p>Bizim uygulama muyenemizde Berlinde \u00f6zel olarak, sadece dolgu maddesi kullanmak, ilk iki kategoriye mensup olan. C\u00fcnk\u00fc bilinen gec izlem, biz kasitli olmayan parcalanabilinir dolgu maddelerinden kacinmaya.<\/p>\n<h3>Hyaluronik asiti nedir?<\/h3>\n<p>Hyaluronik asiti (HS)b\u00fct\u00fcn omurgali hayvanlarda cikan madde,<\/p>\n<p><img wpfc-lazyload-disable=\"true\" loading=\"lazy\" decoding=\"async\" class=\"aligncenter wp-image-4346\" title=\"Darstellung eines Hyalurons\u00e4ure molekuels\" src=\"https:\/\/kirsten-derma.de\/wp-content\/uploads\/2019\/07\/Darstellung-eines-Hyalurons\u00e4ure-molekuels.jpg\" alt=\"Darstellung eines Hyalurons\u00e4ure molekuels\" width=\"500\" height=\"310\" srcset=\"https:\/\/kirsten-derma.de\/wp-content\/uploads\/2019\/07\/Darstellung-eines-Hyalurons\u00e4ure-molekuels.jpg 698w, https:\/\/kirsten-derma.de\/wp-content\/uploads\/2019\/07\/Darstellung-eines-Hyalurons\u00e4ure-molekuels-300x186.jpg 300w\" sizes=\"auto, (max-width: 500px) 100vw, 500px\" \/><\/p>\n<p>Insan v\u00fcc\u00fcndunda deri de olan, bag dokusunda, Karsalarda ve eklemler ve g\u00f6zlerin icinde de olan.Hyaluronik asitin ana g\u00f6revi insanin v\u00fccudunda:<\/p>\n<ul>\n<li>Subaglayici (1 Molek\u00fcl HS 200 fazladadan Molek\u00fcller Suda baglayabilir);<\/li>\n<\/ul>\n<p><img wpfc-lazyload-disable=\"true\" loading=\"lazy\" decoding=\"async\" class=\"wp-image-4345 size-full aligncenter\" title=\"Animation der hyalurons\u00e4ure\" src=\"https:\/\/kirsten-derma.de\/wp-content\/uploads\/2019\/07\/Animation-der-hyalurons\u00e4ure.gif\" alt=\"Animation der hyalurons\u00e4ure\" width=\"500\" height=\"319\" \/><\/p>\n<ul>\n<li>D\u00fczeltme, Gerdirme ve desteklemek cilt altinda B\u00f6lgeler;<\/li>\n<\/ul>\n<p>Yeni kollajen promosyon kolajen stim\u00fclasyonu tarafindan \u00fcretilen bag dokusu h\u00fccreleri.<\/p>\n<p>Dokunun destegi g\u00fcclendirmeyi saglamak icin, Hyaluronik asit dolgusuyla gelisimi 90 Yillarindan bug\u00fcne kadar d\u00f6rt nesilden gecmistir. Dolgular t\u00fcr\u00fcne g\u00f6re farklidir ve baglanma derecesi, Partik\u00fcl boyutu ve fazlar (Bi-faz ve mono-faz).<\/p>\n<p>Hyaluronik asit malzemeler vardir degisen baglama derecelerde:<\/p>\n<ul>\n<li>Hafif capraz baglanmis:Cok yumasaktir, ince \u00dcst dudak kirisikliklari d\u00fczeltir, Boyunda yan kat;<\/li>\n<li>Daha fazla baglanmis:Daha Saglam ve Derin Kirisikliklarin tedavisine kolay hacim icin endikasyon daha uygundur.<\/li>\n<li>Siddetli capraz baglama:Bu Hyaluronik asit Preparatlar cok saglam, daha az vizkoz ve cok derin cilt katmanlarinda yerlestirme icin ve deri altindaki d\u00fcs\u00fcnmektedir.<\/li>\n<\/ul>\n<p>Hafif capraz baglanmis dolgu yaklasik 4-5 ay sonra bozulur, daha az caprazlanmis baglanan Hyaluronik asit Preparatlar cilt alti ile dokuz ay yaklasik kalir, daha baglanan maddeler 1,5-2 yila kadar s\u00fcrer.<\/p>\n<p>Genel Konusulan: Nekadar cok fazla capraz baglanma derecesi, o kadar da y\u00fcksek:<\/p>\n<ul>\n<li>Daha y\u00fcksek su tutma potansiyeli,<\/li>\n<li>Bozulma s\u00fcreci yavastir,<\/li>\n<li>Viskozitesi y\u00fcksektir,<\/li>\n<li>Destek etkisi daha fazladir,<\/li>\n<li>Nod\u00fcl olusumu icin egilimli y\u00fczeysel enjeksiyonlar daha y\u00fcksektir;<\/li>\n<li>Enjeksiyon yoluyla artan agir direncdir (Kalin kan\u00fcl ile enjekte edilmelidir).<\/li>\n<\/ul>\n<h3>Hyaluronik asit dolgular ne icin kullanilir?<\/h3>\n<p>Berlin de olan subemizde Doktor Juri Kirsten farkli Hyaluronik asit Preparatlar bu tedaviler icin kullaniyor:<\/p>\n<table class=\"mceItemTable\" style=\"width: 100%;\" border=\"0\" cellspacing=\"0\" cellpadding=\"0\">\n<tbody>\n<tr>\n<td style=\"width: 50%;\">\n<ul>\n<li>Karslarinin Kaldirilmasi D\u00fcs\u00fck G\u00f6z-torbalarda, kombinle Iplik gerdirmesinde ve Doublo-Lifting de;<\/li>\n<li>Karslar hatlarinin D\u00fczeltmesi(Karslarininarasi) Botox ile kombin\u00ae;<\/li>\n<li>G\u00f6z Torbalarinin Tedavisi;<\/li>\n<li>Nazolabial kivrimin altinda, ici de ayni sekilde;<\/li>\n<li>Elmacik yapma;<\/li>\n<li>Yanaklar yapma, ince kirisiklik yanaklarda enjeksiyon altinda, ipliklerle de kombinlenebilinir;<\/li>\n<li>Enjeksiyon \u00dcst Dudak b\u00f6lgesinde (d\u00fczeltme arasinda (D\u00fczeltme Dudak D\u00fczeltmesi ve Dudak Dolgusu d\u00fczeltmesi icin Hacmi ve formu icin);<\/li>\n<li>Agiz kat cevresi ve Agiz cevrenin kaldirlmasi kaldirilmasi;<\/li>\n<li>Dudak d\u00fczeltmesi ve Dudak Dolgusu d\u00fczeltmesi icin Hacmi ve formu icin;<\/li>\n<li>Agiz kat cevresi ve Agiz cevrenin Mezoterapi cildi yenilemek icin ve y\u00fczeysel kombinasyonuna kirisik iplik gerdirmesiyle radyo dalgalarla-gerdirmesi, Botox\u00ae.<\/li>\n<\/ul>\n<\/td>\n<td><img loading=\"lazy\" decoding=\"async\" class=\"alignnone wp-image-4348 size-medium\" title=\"Hyaluronsaure-Faltenunterspritzung-und Lippenauffuellung Berlin\" src=\"https:\/\/kirsten-derma.de\/wp-content\/uploads\/2019\/07\/Hyaluronsaure-Faltenunterspritzung-und-Lippenauffuellung-Berlin-232x300.jpg\" alt=\"Hyaluronsaure-Faltenunterspritzung-und Lippenauffuellung Berlin\" width=\"232\" height=\"300\" srcset=\"https:\/\/kirsten-derma.de\/wp-content\/uploads\/2019\/07\/Hyaluronsaure-Faltenunterspritzung-und-Lippenauffuellung-Berlin-232x300.jpg 232w, https:\/\/kirsten-derma.de\/wp-content\/uploads\/2019\/07\/Hyaluronsaure-Faltenunterspritzung-und-Lippenauffuellung-Berlin.jpg 386w\" sizes=\"auto, (max-width: 232px) 100vw, 232px\" \/><\/p>\n<ul>\n<li>\u00dcst Dudagin Enjeksiyon;<\/li>\n<li>Dudak d\u00fczeltmesi ve Dudak Dolgusu d\u00fczeltmesi icin Hacmi ve formu icin;<\/li>\n<li>Agiz kat cevresi ve Agiz cevrenin Mezoterapi cildi yenilemek icin ve y\u00fczeysel kombinasyonuna kirisik iplik gerdirmesiyle radyo dalgalarla-gerdirmesi, Botox\u00ae.<\/li>\n<\/ul>\n<\/td>\n<\/tr>\n<\/tbody>\n<\/table>\n<h3>Tedavi Hyaluronik asiti ile nasil yapilir?<\/h3>\n<p>Make up silinmesinden sonra yerel agri kesici icin bir anestezik krem cilt alt katinda enjeksiyon edilen b\u00f6lgede s\u00fcr\u00fcl\u00fcr. Bir 30 Dakika kalma s\u00fcreyi bekleyiniz. Sonra Doktor Kirsten ince kan\u00fcllerle, Jelin viskozitesine bagli olarak ve b\u00fcy\u00fckl\u00fcg\u00fcne g\u00f6re, Dolgulari \u00fcst ve alt Dermis tabakasina enjeksiyon edilir. Degisik enjeksiyon y\u00f6ntemler teknikler vardir, mesela puanli, dogrusal veya direk teknik ile (DirekTeknik) kullanilir.<\/p>\n<h3>Enjeksioyn altindaki kat sonra kesinti nekadar s\u00fcr\u00fcyor?<\/h3>\n<p>Tedavi ambulant yapilir ve 10 ile 20 Dakika s\u00fcr\u00fcyor. Hafif Sislikler ve Kizariklar olabilir ve ilk saatlerde tamamen geri iniyor.Bir k\u00fcc\u00fck sogutma enjeksioyn edilen alt kat b\u00f6lgesinde Berlin muyanemizde tavsiye ederiz. K\u00fcc\u00fck enjeksiyonlarda hemen kendinizdesiniz, hacim yapmada daha g\u00fccl\u00fc Sislikler ve hematomlarda olabilir ve biraz isirat geretirebilir.<\/p>\n<h3>Hyaluronik asit g\u00fcvenli bir Madde midir?<\/h3>\n<p>Hyaluronik asit uzun zamandir altin maddedir Dolgu malzemelerden:<\/p>\n<ul>\n<li>Hyaluronik asit aninda enjeksiyon edilebilir, hicbir alerjik reaksiyonlar olmadigi icin;<\/li>\n<li>D\u00fczeltmeler \u00fczerinde olma durumunda veya yalnis enjeksiyonlarda Hyaluronik asit bir panzehir (Care\/Panzehir) bir kac saat icinde tamamen yok edilebilinir.<\/li>\n<\/ul>\n<h3>Hangi Kontrendikasyonlar Hyaluronik asit Dolgulara vardir?<\/h3>\n<ul>\n<li>Cildin Mevcut enfeksiyonlarda Tedavi b\u00f6lgede (Mesela Ucuk);<\/li>\n<li>Alerjiler anestezik karsi, anestezik kremlerde olan veya enjeksiyonlarda olan;<\/li>\n<li>Gebellik ve emzime d\u00f6neminde;<\/li>\n<li>Ayni zamanda Tedaviler imm\u00fcn mod\u00fclat\u00f6rleri ile mesela Kortizon;<\/li>\n<\/ul>\n<p>Dikkat ediniz, kan incelten ilaclar aliyorsaniz, Doktor Kirsteni l\u00fctfen bilgilendiriniz.Aspirin alinmasi yaklasik 8-10 G\u00fcn \u00f6nceden birakilmali, Ibuprofen ve vitamin E \u00fcc g\u00fcn \u00f6nce. Marcumar Hastalar Tedaviden \u00f6nce Doktor ile konusmalidir.<\/p>\n<h3>Hangi yan etkileri cika bilir?<\/h3>\n<p>Bazi durumlarda tedavi sirasinda enjeksiyon ile ilgili cilt reaksiyonlarda, hafif bir baski hissi yada bir yanma, baski acisi, kasima, hafif sislik ve bir kac puanli hematomlar delinme b\u00f6lgede. Ama hemen sonra bu durumlar geciyor ve gidyor.<\/p>\n<h3>Tedaviden \u00f6nce nasil davranmaliyim?<\/h3>\n<p>Tedaviden sonra \u00fcc ile d\u00f6rt g\u00fcn spor yapmamalisiniz, Y\u00fcz masajlarda ve Buhar banyolar (kozmetik tedavilerde) yapmamlisiniz.UV-Isigi (G\u00fcnes, Solarium) ayni sekilde. Sauna ziyaretleri on g\u00fcn icin l\u00fctfen gitmeyiniz.<\/p>\n<h3>Kontr\u00f6le tekrar gelmeli miyim?<\/h3>\n<p>Bir sonuc derhal enjeksiyon sonrasinda Hyaluronik asiti ile belli oluyor. Ama Sisme etkisi sonraki g\u00fcnlerde olabilir, secilen maddeye g\u00f6re, fazla Sislik de olabilir, ama bir kac g\u00fcne giden. Iki hafta sonra tekrar bir kontr\u00f6le bizim Berlin de olan muyanemizde yapilir, Sislikler ve hematomlar gittikten sonra.<\/p>\n<h3>Etkileyen Hyaluronik asiti t\u00fcketen nedir?<\/h3>\n<p>Hyaluronik asiti v\u00fccudun enzim hiyal\u00fcrondiaz oldugunu k\u00fcc\u00fcl\u00fcr, ama lokalizasyonuna g\u00f6re ve enjeksiyon preparatlar yavas yavas degisir.Hizlandirilmis bozulma de g\u00f6zlemlenebilir:Sigara kullanlar, bronzalsmis ciltde, fazla g\u00fcnes g\u00f6rm\u00fcs yada UV-Sergi, asiri fazla mimikli ve, tecr\u00fcbelerimile, erkeklerde.<\/p>\n<h3>Neyle katlarda enjeksiyon Hyaluronik asiti ile kombinlenebilinir?<\/h3>\n<p>\u00dccretsiz danisma sirasinda Berlin de olan muyanemizde size Doktor Kirsten t\u00fcm Secenekleri modern ameliyatsiz Kirisik tedavileri anlatacaktir. C\u00fcnk\u00fc Kirisikliklarin gercekten bir d\u00fczelmesi istiyorsaniz, tedavi tek tek Kirisiklikara bir t\u00fcm Genel kavrama sigmali.Yeni bir parcasi olarak &#8220;Tam-Y\u00fcz-Yaklasim&#8221; fazla degsik tedavi secenekleri t\u00fcm y\u00fcz\u00fcn genclesmesine kullanimi: HIFU ultrason Doublo gerdirmesi, Gerdirmesi radyo dalagalar ile, iplik gerdirmesi, kedni kan plasma-terapi PRP, mesotherapi, mikro needling ve Botox\u00ae.<\/p>\n<h3>G\u00fczellik uzmani Hyaluronik asitini enjeksiyon edebilir mi?<\/h3>\n<p>Katlarda enejskiyon Hyaluronik asiti ile \u00f6nceden b\u00fcy\u00fck anatomik bilgi gereklidir ve sadece deneyimli hekimler tarafindan yapilir. G\u00fczellik uzmanlar Y\u00fcz\u00fcn anatomisini cok detayli \u00f6grenmiyorlar. Genede y\u00fcksek b\u00f6lgesel mahkeme(OLG) 2012 Karlsruhe da karar verilmistir, katlarda enjeksiyon Hyaluronik asiti ile g\u00fczellik uzmanlrindan yapilmasina karar verilmistir. Mahkemenin karari ile kesinlikle estetisyenler tarafindan yasaklanmistir, resmi izin olmadan katlar arasinda enjeksiyon Hyaluronik asitli maddeler ile yapilmasina, teklif veya tanitimini yapilmasina.Mahkeme anlayisina sonra tedaviyi temsil hyaluronik asit ileri kanunu anlaminda bir dis hekimligi izni egzersiz gerektirir. Bir izni egzersiz gerektirir hekimlik anlaminda yasasi her zaman verildi, eger tibbi faaliyetler veya tibbi uzmanlik bilgisine ihtiyac ve tedavi Saglik hasar sadece g\u00f6z ardi edilmeyecek \u00f6lc\u00fcde neden olabilir.<\/p>\n<p>Bir ilk Danisma Doktor Kirsten Berlin muyanede ile yapiniz. T\u00fcm tedavi konseptleri size g\u00f6re yapilmistir sizin ihtiyaclaarinizin yapilmasina. Doktor Kirsten size zaman ayiriyor sakince sizinle istediklerinizi yapmaya katlarinin altinda enjeksiyon konusmaya. Berlin de olan subemiz telefon ile veya <a href=\"{{link_url::271}}\">Onlinetermin<\/a> bir Danisma randevuz alabilirsiniz.<\/p>\n","protected":false},"excerpt":{"rendered":"<p>Hyaluronik asit tedavileri Tanidiki Kelimeler: Alt kat Enjeksiyon Hyaluronik asit ile, Kirisiklik Tedaviler, Dolgu ve Kirisikliklar, Kirisiklik d\u00f6seme alti, Kirisiklik tedaviler dolgular ile. Genel Kirisiklik tedavilerin y\u00f6nelimi Hyaluronik asiti ile, cerrahi olmayan cilt durumu gelisme olarak (invaziv olmayan, k\u00fcc\u00fck invazivler) kirilir. Bizim estetik amacli uygulamada Berlinde Doktor Juri Kirsten talepler giderek artiyor ve tedavi secenekleri gelismeye devam ediyor. Bey Doktor Kirsten 20 senden fazla tecr\u00fcbeye sahiptir tedavi b\u00f6lgelerde Boyun-, Y\u00fcz-, Dekolte Kirisikliklar.90 yil basinda o Japon atelkollagen ile y\u00fcz kirisikliklari [&hellip;]<\/p>\n","protected":false},"author":2,"featured_media":0,"parent":0,"menu_order":0,"comment_status":"closed","ping_status":"closed","template":"","meta":{"footnotes":""},"tags":[],"class_list":["post-62","page","type-page","status-publish","hentry"],"yoast_head":"<!-- This site is optimized with the Yoast SEO Premium plugin v22.5 (Yoast SEO v16.4) - https:\/\/yoast.com\/wordpress\/plugins\/seo\/ -->\n<title>Faltenunterspritzung Berlin mit Hyalurons\u00e4ure - Praxis von Juri Kirsten<\/title>\n<meta name=\"description\" content=\"Faltenunterspritzung Berlin mit Hyalurons\u00e4ure in Berlin Sch\u00f6neberg, Hyalurons\u00e4ure Injektion \u25ba Beim Arzt \u25ba Herr Juri Kirsten \u25ba Tel: 03023621292\" \/>\n<meta name=\"robots\" content=\"index, follow, max-snippet:-1, max-image-preview:large, max-video-preview:-1\" \/>\n<link rel=\"canonical\" href=\"https:\/\/kirsten-derma.de\/faltenunterspitzung-hyaluronsaeure-berlin\/\" \/>\n<meta property=\"og:locale\" content=\"tr_TR\" \/>\n<meta property=\"og:type\" content=\"article\" \/>\n<meta property=\"og:title\" content=\"Faltenunterspritzung Berlin mit Hyalurons\u00e4ure - Praxis von Juri Kirsten\" \/>\n<meta property=\"og:description\" content=\"Faltenunterspritzung Berlin mit Hyalurons\u00e4ure in Berlin Sch\u00f6neberg, Hyalurons\u00e4ure Injektion \u25ba Beim Arzt \u25ba Herr Juri Kirsten \u25ba Tel: 03023621292\" \/>\n<meta property=\"og:url\" content=\"https:\/\/kirsten-derma.de\/faltenunterspitzung-hyaluronsaeure-berlin\/\" \/>\n<meta property=\"og:site_name\" content=\"Praxis Juri Kirsten\" \/>\n<meta property=\"article:modified_time\" content=\"2019-07-04T14:58:59+00:00\" \/>\n<meta property=\"og:image\" content=\"https:\/\/kirsten-derma.de\/wp-content\/uploads\/2019\/07\/hyalurons%C3%A4ure-behandlung-berlin-HA-Filler.jpg\" \/>\n<meta name=\"twitter:card\" content=\"summary\" \/>\n<meta name=\"twitter:label1\" content=\"Tahmini okuma s\u00fcresi\" \/>\n\t<meta name=\"twitter:data1\" content=\"7 dakika\" \/>\n<script type=\"application\/ld+json\" class=\"yoast-schema-graph\">{\"@context\":\"https:\/\/schema.org\",\"@graph\":[{\"@type\":\"WebSite\",\"@id\":\"https:\/\/kirsten-derma.de\/#website\",\"url\":\"https:\/\/kirsten-derma.de\/\",\"name\":\"Praxis Juri Kirsten\",\"description\":\"Facharzt f\\u00fcr Dermatologie und Allergologie Juri Kirsten Berlin\",\"potentialAction\":[{\"@type\":\"SearchAction\",\"target\":\"https:\/\/kirsten-derma.de\/?s={search_term_string}\",\"query-input\":\"required name=search_term_string\"}],\"inLanguage\":\"tr\"},{\"@type\":\"ImageObject\",\"@id\":\"https:\/\/kirsten-derma.de\/faltenunterspitzung-hyaluronsaeure-berlin\/#primaryimage\",\"inLanguage\":\"tr\",\"url\":\"https:\/\/kirsten-derma.de\/wp-content\/uploads\/2019\/07\/hyalurons\\u00e4ure-behandlung-berlin-HA-Filler.jpg\",\"contentUrl\":\"https:\/\/kirsten-derma.de\/wp-content\/uploads\/2019\/07\/hyalurons\\u00e4ure-behandlung-berlin-HA-Filler.jpg\",\"width\":724,\"height\":350},{\"@type\":\"WebPage\",\"@id\":\"https:\/\/kirsten-derma.de\/faltenunterspitzung-hyaluronsaeure-berlin\/#webpage\",\"url\":\"https:\/\/kirsten-derma.de\/faltenunterspitzung-hyaluronsaeure-berlin\/\",\"name\":\"Faltenunterspritzung Berlin mit Hyalurons\\u00e4ure - Praxis von Juri Kirsten\",\"isPartOf\":{\"@id\":\"https:\/\/kirsten-derma.de\/#website\"},\"primaryImageOfPage\":{\"@id\":\"https:\/\/kirsten-derma.de\/faltenunterspitzung-hyaluronsaeure-berlin\/#primaryimage\"},\"datePublished\":\"2017-02-12T15:11:05+00:00\",\"dateModified\":\"2019-07-04T14:58:59+00:00\",\"description\":\"Faltenunterspritzung Berlin mit Hyalurons\\u00e4ure in Berlin Sch\\u00f6neberg, Hyalurons\\u00e4ure Injektion \\u25ba Beim Arzt \\u25ba Herr Juri Kirsten \\u25ba Tel: 03023621292\",\"breadcrumb\":{\"@id\":\"https:\/\/kirsten-derma.de\/faltenunterspitzung-hyaluronsaeure-berlin\/#breadcrumb\"},\"inLanguage\":\"tr\",\"potentialAction\":[{\"@type\":\"ReadAction\",\"target\":[\"https:\/\/kirsten-derma.de\/faltenunterspitzung-hyaluronsaeure-berlin\/\"]}]},{\"@type\":\"BreadcrumbList\",\"@id\":\"https:\/\/kirsten-derma.de\/faltenunterspitzung-hyaluronsaeure-berlin\/#breadcrumb\",\"itemListElement\":[{\"@type\":\"ListItem\",\"position\":1,\"item\":{\"@type\":\"WebPage\",\"@id\":\"https:\/\/kirsten-derma.de\/\",\"url\":\"https:\/\/kirsten-derma.de\/\",\"name\":\"Startseite\"}},{\"@type\":\"ListItem\",\"position\":2,\"item\":{\"@id\":\"https:\/\/kirsten-derma.de\/faltenunterspitzung-hyaluronsaeure-berlin\/#webpage\"}}]}]}<\/script>\n<!-- \/ Yoast SEO Premium plugin. -->","_links":{"self":[{"href":"https:\/\/kirsten-derma.de\/tr\/wp-json\/wp\/v2\/pages\/62","targetHints":{"allow":["GET"]}}],"collection":[{"href":"https:\/\/kirsten-derma.de\/tr\/wp-json\/wp\/v2\/pages"}],"about":[{"href":"https:\/\/kirsten-derma.de\/tr\/wp-json\/wp\/v2\/types\/page"}],"author":[{"embeddable":true,"href":"https:\/\/kirsten-derma.de\/tr\/wp-json\/wp\/v2\/users\/2"}],"replies":[{"embeddable":true,"href":"https:\/\/kirsten-derma.de\/tr\/wp-json\/wp\/v2\/comments?post=62"}],"version-history":[{"count":0,"href":"https:\/\/kirsten-derma.de\/tr\/wp-json\/wp\/v2\/pages\/62\/revisions"}],"wp:attachment":[{"href":"https:\/\/kirsten-derma.de\/tr\/wp-json\/wp\/v2\/media?parent=62"}],"wp:term":[{"taxonomy":"post_tag","embeddable":true,"href":"https:\/\/kirsten-derma.de\/tr\/wp-json\/wp\/v2\/tags?post=62"}],"curies":[{"name":"wp","href":"https:\/\/api.w.org\/{rel}","templated":true}]}}