{"id":64,"date":"2017-02-12T16:13:32","date_gmt":"2017-02-12T15:13:32","guid":{"rendered":"http:\/\/kd.myderma.de\/?page_id=64"},"modified":"2019-07-04T18:04:10","modified_gmt":"2019-07-04T16:04:10","slug":"faltenbehandlung-berlin-faltenunterspritzen","status":"publish","type":"page","link":"https:\/\/kirsten-derma.de\/tr\/kirisiklari-tedavi-yontemleri-berlin\/","title":{"rendered":"Faltenbehandlungen Berlin \/ Faltenunterspritzen"},"content":{"rendered":"<h1 class=\"heading\">Kirisiklik Tedavileri<\/h1>\n<p><img wpfc-lazyload-disable=\"true\" loading=\"lazy\" decoding=\"async\" width=\"724\" height=\"350\" class=\"alignnone size-full wp-image-1893\" src=\"https:\/\/kirsten-derma.de\/wp-content\/uploads\/2017\/02\/faltenbehandlung-1.jpg\" alt=\"Faltenbehandlungen-Berlin-Faltenunterspritzen-Berlin\" srcset=\"https:\/\/kirsten-derma.de\/wp-content\/uploads\/2017\/02\/faltenbehandlung-1.jpg 724w, https:\/\/kirsten-derma.de\/wp-content\/uploads\/2017\/02\/faltenbehandlung-1-300x145.jpg 300w\" sizes=\"auto, (max-width: 724px) 100vw, 724px\" \/><\/p>\n<p>Tanidik Kelimeler:alt katinda hyaluronik asiti ile enjeksiyon, Kirisiklik Tedavisi, Kirisikliklara Dolgu, Kirisikliklar dolgularla, Botox, Kirisiklik tedavisi Botox ile, Mesobotox.<\/p>\n<p>Sadece Kirisikliklar degil, ancak b\u00fct\u00fcn y\u00fcz!Artik bu slogana daha \u00f6nem veriliyor, c\u00fcnk\u00fc doktorlar artik cok daha fazla teknik olanaklara sahipler, yaslanma nedenleri etki altina alinmasi icin. Y\u00fcz Boynuna bir birim olarak kullanilir ve algilanan Dekolte oldugunu dikatte cilt yaslanmasinin stadyumlari alarak ve koordine tedavisi.<\/p>\n<p>Y\u00fcz\u00fcn Tedavisinde bizim estetik odakli uygulama klinikte Berlinde Bey kat tedavi Juri Kirsten odakta d\u00f6rt temel g\u00f6revleri vardir:<\/p>\n<ul>\n<li>Onu eski \u00fczerindeki tedaviyi ayarlayin;<\/li>\n<li>dolgu maddesi preparatlarinin kombine degisik Malzemelerden(Hyaluronik asiti, Laktik asiti, kalsiyum hidroksiapatit mikrok\u00fcre) cesitli cilt tedavileri icin;<\/li>\n<li>kisa yolla tedavi dolgularla botox farkli cilt alansal olarak.<\/li>\n<\/ul>\n<p>Amaci ile tek bir muyaneyle kavraminin gelisimi, onlari bir arada bunlar regenar icin baska y\u00f6ntemler ile bir arada onlari diger y\u00f6ntemlerle bir arada rejenartiv y\u00fcz genclestirme sunmak icin,onlarin cilt durumun ihtiyaclarini gelistirmek.<\/p>\n<p>Yaslanma s\u00fcrecinin tabi zamanla bizim cilt kaltesi degisiyor:\u00dcretilen daha az endojen hyaluronik asit \u00fcretilir, kollajen ayirir,kaslar ve SMAS sarkmaya basliyor, y\u00fcz\u00fcn orta b\u00f6gesinde hacim kaybolur ve y\u00fcz\u00fcn alt yarisinda azalir (Tombul yanak ve cift cene olusumu).<\/p>\n<p>Berlin`de bizim uygulama klinik Doktor Juri Kirsten biz cihazlarin genis bir yelpazemiz var ve cildin yaslanmaya karsi bir y\u00f6ntem tedavimiz edilebilmek icin vardir. Tedavi \u00f6nlemleri almadan \u00f6nce, Bey Doktor Kirsten \u00fccretsiz bilgilendireceksiniz. Bir bilgisayarli cilt analizi bir tani sonra, bu tespit edildiginde, kirisikliklar kaynaklar her hangi oldugu, hacim eksikliler varsa nerede ve cilt kalitesini yatismis.<\/p>\n<h3>Kollajen restorasyon<\/h3>\n<p>\u00dcretilen h\u00fccreler kendi kollajen uyarilmasiyla (fibroblastlar) tekrar uygun cilt yapilari kurmayi edilebilirsiniz. Bu Mezoterapi kullanilarak yapilir, Trombosit kendi plasma PRP, mikroneedlings, radyo dalga tedavisi, cok odakli ultrason tedavisi ulthera cihazla veya doublo ile.<\/p>\n<p>Aparat y\u00f6ntemleri paralel bir tedavi y\u00f6ntemidir hormon iceren kremler sunulmaktadir.<\/p>\n<p>Bu bilimsel k\u00f6kleri vardir:bu uzun s\u00fcredir bilinmektedir, bu progestteron eksikligi, perimenopozun durum genellikle budur, s\u00fcrekli olarak kolajen bozulmusdur. Progesteron kollajen bozundurucu ederken, estradiol kollajen yapisidir.Bizim, tek tek imal kremler bu maddeleri icerir, sadece cilde uyumlu olandir.<\/p>\n<h3>Kas ve SMAS sarkmasi<\/h3>\n<p>Dogal yaslanma s\u00fcrecinde yer aliyor derin deride kolajen degradasyonu ve bag dokusunnda yer aliyor.Cilt esniyor, sarkiyor ve asaga iniyor.Y\u00fcz de W-seklinde olusumu oluyor.<\/p>\n<p><img wpfc-lazyload-disable=\"true\" loading=\"lazy\" decoding=\"async\" class=\"alignnone size-full wp-image-457\" src=\"https:\/\/kirsten-derma.de\/wp-content\/uploads\/2017\/02\/Alterung-des-Gesichtes-Evolution-Praxisklinik-Dr-Kirsten-Berlin.png\" alt=\"\" width=\"500\" height=\"177\" srcset=\"https:\/\/kirsten-derma.de\/wp-content\/uploads\/2017\/02\/Alterung-des-Gesichtes-Evolution-Praxisklinik-Dr-Kirsten-Berlin.png 500w, https:\/\/kirsten-derma.de\/wp-content\/uploads\/2017\/02\/Alterung-des-Gesichtes-Evolution-Praxisklinik-Dr-Kirsten-Berlin-300x106.png 300w\" sizes=\"auto, (max-width: 500px) 100vw, 500px\" \/><\/p>\n<p>Doublo-terapide olanaklari \u00f6zel kullanim icin bu b\u00f6lgelerde kullanilir. Doublo ultrasonik dalgalarla dogal yenilenme s\u00fcreclerini kollajen amaciyla cilt ve elastin sarj etmek icin.<\/p>\n<p>Doublo-Terapisi b\u00fcy\u00fck bir etkisi, konuyla ilgili \u00f6zellikle katman plastik cerrahi ele SMAS-Katinda(Y\u00fczeysel kas Aponevrotik Sistem). Bu dis tabaka,cildin temel yapisini destek olarak da adilandirilir.<\/p>\n<p><img wpfc-lazyload-disable=\"true\" loading=\"lazy\" decoding=\"async\" class=\"alignnone size-full wp-image-458\" src=\"https:\/\/kirsten-derma.de\/wp-content\/uploads\/2017\/02\/Doublo-Lifting-Praxisklinik-Dr-Kirsten-in-Berlin.png\" alt=\"\" width=\"450\" height=\"402\" srcset=\"https:\/\/kirsten-derma.de\/wp-content\/uploads\/2017\/02\/Doublo-Lifting-Praxisklinik-Dr-Kirsten-in-Berlin.png 450w, https:\/\/kirsten-derma.de\/wp-content\/uploads\/2017\/02\/Doublo-Lifting-Praxisklinik-Dr-Kirsten-in-Berlin-300x268.png 300w\" sizes=\"auto, (max-width: 450px) 100vw, 450px\" \/><\/p>\n<p>Zayiflamis kolajen tedavi sirasinda yenilenilir ve yeni kolajen liflerin olusumu ile g\u00fcclendirilmisdir. Sarkan cilt bu gelisme ile sikilir ve kaldirilir-derece, tabiki icden disa dogru.<\/p>\n<h3>Dolgu kurma Y\u00fcz orta b\u00f6lge ile<\/h3>\n<p>Yaslanma s\u00fcrecinde yaklasik 30 Yas dan sonra herkez insan madde de kemik kaybetmeye baslar.Hangi zamanda, y\u00fcz, kafatasi etkileridir. Deride bir yavas su kaybi cildin icinde. Cildimiz daha az parlamaya baslar, Yumusak parcalar yavas asaga kayiyor.Bu nedenle katda Kirisikliklar asaga iner ve yaslanma etksi g\u00f6sterir, \u00fcz\u00fcnt\u00fc ve ilgisizlik ortaya cikar.Biz hedefleniyoruz dolgu artirmak ile yine kayip yag her k\u00fcbik milimetre \u00fcretmek icin orijinal konumuna kazanmasi.<\/p>\n<p>Bu endikasyonda dolgu maddesi kullanilabilir, \u00f6zel \u00f6zelliklere sahiptir, yani y\u00fcksek elastikiyet ve viskozite. Bu su avantaji saglar, orda dolgu kalmasini, Doktordan nerede yerlestirdigini.<\/p>\n<p>Kirisikliklarin ikinci tedavi y\u00f6ntemi Doktor Kirsten Berlindeki klinkte \u00f6z\u00fcnde yag transplantasyonu veya Lipo dolgusu. Yag transplantasyonunda bu yag g\u00f6mme seklidir bu amacla, olan dolgu aciklari iz kalmadan doldurmaya. En cok iyi sonuclar Karslarda elde ediyoruz, ve g\u00f6z cevresinde.<\/p>\n<p><img wpfc-lazyload-disable=\"true\" loading=\"lazy\" decoding=\"async\" class=\"alignnone size-full wp-image-459\" src=\"https:\/\/kirsten-derma.de\/wp-content\/uploads\/2017\/02\/Fetttransplantation-im-Gesicht-Praxisklinik-Dr-Kirsten-in-Berlin.png\" alt=\"\" width=\"327\" height=\"452\" srcset=\"https:\/\/kirsten-derma.de\/wp-content\/uploads\/2017\/02\/Fetttransplantation-im-Gesicht-Praxisklinik-Dr-Kirsten-in-Berlin.png 327w, https:\/\/kirsten-derma.de\/wp-content\/uploads\/2017\/02\/Fetttransplantation-im-Gesicht-Praxisklinik-Dr-Kirsten-in-Berlin-217x300.png 217w\" sizes=\"auto, (max-width: 327px) 100vw, 327px\" \/><\/p>\n<p>Lipo dolgusuyla ve diger estetik tedavi ile birlikte modelleme y\u00f6ntemler gibi Botox\u00ae, ultrason germesi, radyo dalgalar germesi ve iplik germesi istedigimiz sonuca varabiliyoruz.<\/p>\n<h3>Tombul yanak ve cift cene<\/h3>\n<p>Bizim uygulama Doktor Juri Kirsten klinkde Berlin semptinde size cesitli cihaz sunumlar veriyoruz, mandibula hatti tekrar kazanmasi icin, Y\u00fcz belirginligi d\u00fczelmesi icin ve yag toplamalari yada cilt sarkmasini cift cene b\u00f6lgesinde tedavi edilir. Bir mikro needling radyo frekans cihaziyla ince altinlanmis igine yardimiyla, yag depolarinda k\u00fcc\u00fck yerel uyusturma eritmek icin ve cildi gerdirmekdir.<\/p>\n<p><img wpfc-lazyload-disable=\"true\" loading=\"lazy\" decoding=\"async\" class=\"alignnone size-full wp-image-456\" src=\"https:\/\/kirsten-derma.de\/wp-content\/uploads\/2017\/02\/Secret-nichtoperative-Fettentfernung-1.jpg\" alt=\"\" width=\"500\" height=\"263\" srcset=\"https:\/\/kirsten-derma.de\/wp-content\/uploads\/2017\/02\/Secret-nichtoperative-Fettentfernung-1.jpg 500w, https:\/\/kirsten-derma.de\/wp-content\/uploads\/2017\/02\/Secret-nichtoperative-Fettentfernung-1-300x158.jpg 300w\" sizes=\"auto, (max-width: 500px) 100vw, 500px\" \/><\/p>\n<p>Daha iyi cikis icin sivilastirilmis yag bir monopolar radyo dalgasi ardindan cihaz takilir.bir veya iki seans sonra y\u00fcz beligiler tekrar kazanliyor ve tombul yanaklar alinir. T\u00fcm tedavi konseptleri size g\u00f6re yapiyoruz ve ayarliyoruz.severek Bey Doktor Kirsten, size zaman ayirip ve sizin isteklerinizi konusmak icin.bu tedavi sohbeti Doktor Kirsten ile herzaman <a href=\"{{link_url::271}}\">Onlinetermin<\/a> veya telefonla bizim praximizda alabilirsiniz<\/p>\n","protected":false},"excerpt":{"rendered":"<p>Kirisiklik Tedavileri Tanidik Kelimeler:alt katinda hyaluronik asiti ile enjeksiyon, Kirisiklik Tedavisi, Kirisikliklara Dolgu, Kirisikliklar dolgularla, Botox, Kirisiklik tedavisi Botox ile, Mesobotox. Sadece Kirisikliklar degil, ancak b\u00fct\u00fcn y\u00fcz!Artik bu slogana daha \u00f6nem veriliyor, c\u00fcnk\u00fc doktorlar artik cok daha fazla teknik olanaklara sahipler, yaslanma nedenleri etki altina alinmasi icin. Y\u00fcz Boynuna bir birim olarak kullanilir ve algilanan Dekolte oldugunu dikatte cilt yaslanmasinin stadyumlari alarak ve koordine tedavisi. Y\u00fcz\u00fcn Tedavisinde bizim estetik odakli uygulama klinikte Berlinde Bey kat tedavi Juri Kirsten odakta d\u00f6rt [&hellip;]<\/p>\n","protected":false},"author":2,"featured_media":0,"parent":0,"menu_order":0,"comment_status":"closed","ping_status":"closed","template":"","meta":{"footnotes":""},"tags":[],"class_list":["post-64","page","type-page","status-publish","hentry"],"yoast_head":"<!-- This site is optimized with the Yoast SEO Premium plugin v22.5 (Yoast SEO v16.4) - https:\/\/yoast.com\/wordpress\/plugins\/seo\/ -->\n<title>Faltenbehandlung Berlin, verschiedene Technologien beim Arzt - J. Kirsten<\/title>\n<meta name=\"description\" content=\"Faltenbehandlung Berlin mit modernen Ger\u00e4ten \u25ba verschiedene Technologien und individuelle Beratung \u25ba Hautarzt Juri Kirsten \u25ba Tel. 03023621292\" \/>\n<meta name=\"robots\" content=\"index, follow, max-snippet:-1, max-image-preview:large, max-video-preview:-1\" \/>\n<link rel=\"canonical\" href=\"https:\/\/kirsten-derma.de\/faltenbehandlung-berlin\/\" \/>\n<meta property=\"og:locale\" content=\"tr_TR\" \/>\n<meta property=\"og:type\" content=\"article\" \/>\n<meta property=\"og:title\" content=\"Faltenbehandlung Berlin, verschiedene Technologien beim Arzt - J. Kirsten\" \/>\n<meta property=\"og:description\" content=\"Faltenbehandlung Berlin mit modernen Ger\u00e4ten \u25ba verschiedene Technologien und individuelle Beratung \u25ba Hautarzt Juri Kirsten \u25ba Tel. 03023621292\" \/>\n<meta property=\"og:url\" content=\"https:\/\/kirsten-derma.de\/faltenbehandlung-berlin\/\" \/>\n<meta property=\"og:site_name\" content=\"Praxis Juri Kirsten\" \/>\n<meta property=\"article:modified_time\" content=\"2019-07-04T16:04:10+00:00\" \/>\n<meta property=\"og:image\" content=\"https:\/\/kirsten-derma.de\/wp-content\/uploads\/2019\/07\/Faltenbehanldung-Berlin.jpg\" \/>\n<meta name=\"twitter:card\" content=\"summary\" \/>\n<meta name=\"twitter:label1\" content=\"Tahmini okuma s\u00fcresi\" \/>\n\t<meta name=\"twitter:data1\" content=\"4 dakika\" \/>\n<script type=\"application\/ld+json\" class=\"yoast-schema-graph\">{\"@context\":\"https:\/\/schema.org\",\"@graph\":[{\"@type\":\"WebSite\",\"@id\":\"https:\/\/kirsten-derma.de\/#website\",\"url\":\"https:\/\/kirsten-derma.de\/\",\"name\":\"Praxis Juri Kirsten\",\"description\":\"Facharzt f\\u00fcr Dermatologie und Allergologie Juri Kirsten Berlin\",\"potentialAction\":[{\"@type\":\"SearchAction\",\"target\":\"https:\/\/kirsten-derma.de\/?s={search_term_string}\",\"query-input\":\"required name=search_term_string\"}],\"inLanguage\":\"tr\"},{\"@type\":\"ImageObject\",\"@id\":\"https:\/\/kirsten-derma.de\/faltenbehandlung-berlin\/#primaryimage\",\"inLanguage\":\"tr\",\"url\":\"https:\/\/kirsten-derma.de\/wp-content\/uploads\/2017\/02\/faltenbehandlung-1.jpg\",\"contentUrl\":\"https:\/\/kirsten-derma.de\/wp-content\/uploads\/2017\/02\/faltenbehandlung-1.jpg\",\"width\":724,\"height\":350,\"caption\":\"Faltenbehandlungen-Berlin-Faltenunterspritzen-Berlin\"},{\"@type\":\"WebPage\",\"@id\":\"https:\/\/kirsten-derma.de\/faltenbehandlung-berlin\/#webpage\",\"url\":\"https:\/\/kirsten-derma.de\/faltenbehandlung-berlin\/\",\"name\":\"Faltenbehandlung Berlin, verschiedene Technologien beim Arzt - J. Kirsten\",\"isPartOf\":{\"@id\":\"https:\/\/kirsten-derma.de\/#website\"},\"primaryImageOfPage\":{\"@id\":\"https:\/\/kirsten-derma.de\/faltenbehandlung-berlin\/#primaryimage\"},\"datePublished\":\"2017-02-12T15:13:32+00:00\",\"dateModified\":\"2019-07-04T16:04:10+00:00\",\"description\":\"Faltenbehandlung Berlin mit modernen Ger\\u00e4ten \\u25ba verschiedene Technologien und individuelle Beratung \\u25ba Hautarzt Juri Kirsten \\u25ba Tel. 03023621292\",\"breadcrumb\":{\"@id\":\"https:\/\/kirsten-derma.de\/faltenbehandlung-berlin\/#breadcrumb\"},\"inLanguage\":\"tr\",\"potentialAction\":[{\"@type\":\"ReadAction\",\"target\":[\"https:\/\/kirsten-derma.de\/faltenbehandlung-berlin\/\"]}]},{\"@type\":\"BreadcrumbList\",\"@id\":\"https:\/\/kirsten-derma.de\/faltenbehandlung-berlin\/#breadcrumb\",\"itemListElement\":[{\"@type\":\"ListItem\",\"position\":1,\"item\":{\"@type\":\"WebPage\",\"@id\":\"https:\/\/kirsten-derma.de\/\",\"url\":\"https:\/\/kirsten-derma.de\/\",\"name\":\"Startseite\"}},{\"@type\":\"ListItem\",\"position\":2,\"item\":{\"@id\":\"https:\/\/kirsten-derma.de\/faltenbehandlung-berlin\/#webpage\"}}]}]}<\/script>\n<!-- \/ Yoast SEO Premium plugin. -->","_links":{"self":[{"href":"https:\/\/kirsten-derma.de\/tr\/wp-json\/wp\/v2\/pages\/64","targetHints":{"allow":["GET"]}}],"collection":[{"href":"https:\/\/kirsten-derma.de\/tr\/wp-json\/wp\/v2\/pages"}],"about":[{"href":"https:\/\/kirsten-derma.de\/tr\/wp-json\/wp\/v2\/types\/page"}],"author":[{"embeddable":true,"href":"https:\/\/kirsten-derma.de\/tr\/wp-json\/wp\/v2\/users\/2"}],"replies":[{"embeddable":true,"href":"https:\/\/kirsten-derma.de\/tr\/wp-json\/wp\/v2\/comments?post=64"}],"version-history":[{"count":0,"href":"https:\/\/kirsten-derma.de\/tr\/wp-json\/wp\/v2\/pages\/64\/revisions"}],"wp:attachment":[{"href":"https:\/\/kirsten-derma.de\/tr\/wp-json\/wp\/v2\/media?parent=64"}],"wp:term":[{"taxonomy":"post_tag","embeddable":true,"href":"https:\/\/kirsten-derma.de\/tr\/wp-json\/wp\/v2\/tags?post=64"}],"curies":[{"name":"wp","href":"https:\/\/api.w.org\/{rel}","templated":true}]}}