{"id":78,"date":"2017-02-12T16:18:03","date_gmt":"2017-02-12T15:18:03","guid":{"rendered":"http:\/\/kd.myderma.de\/?page_id=78"},"modified":"2019-06-24T15:31:23","modified_gmt":"2019-06-24T13:31:23","slug":"wangenauffuellen-in-der-praxis-doktor-juri-kirsten-in-berlin","status":"publish","type":"page","link":"https:\/\/kirsten-derma.de\/tr\/yanak-ve-elmacik-kemigi-dolgusu-berlin\/","title":{"rendered":"Wangenauff\u00fcllen in der Praxis Doktor Juri Kirsten in Berlin"},"content":{"rendered":"<h1 class=\"heading\">Yanak-Doldurma Praxis Doktor Juri Kirstende Berlinde<\/h1>\n<p><img wpfc-lazyload-disable=\"true\" loading=\"lazy\" decoding=\"async\" width=\"724\" height=\"350\" class=\"alignnone size-full wp-image-1897\" src=\"https:\/\/kirsten-derma.de\/wp-content\/uploads\/2017\/02\/Wangenauffuehlen-Titelbild-Praxis-Juri-Kirsten-in-Berlin-1.jpg\" alt=\"Wangenauffuehlen-Titelbild-Praxis-Juri-Kirsten-in-Berlin\" srcset=\"https:\/\/kirsten-derma.de\/wp-content\/uploads\/2017\/02\/Wangenauffuehlen-Titelbild-Praxis-Juri-Kirsten-in-Berlin-1.jpg 724w, https:\/\/kirsten-derma.de\/wp-content\/uploads\/2017\/02\/Wangenauffuehlen-Titelbild-Praxis-Juri-Kirsten-in-Berlin-1-300x145.jpg 300w\" sizes=\"auto, (max-width: 724px) 100vw, 724px\" \/><\/p>\n<p>Tanidik Kelimeler: Yanak B\u00fcy\u00fctmesi, Elmacik B\u00fcy\u00fctmesi, Yanak Doldurmasi, Yanak tazemeleri.<\/p>\n<h2>Genel<\/h2>\n<p>Genc ve g\u00fczel g\u00f6r\u00fcn\u00fcm icin Yanaklar y\u00fcz\u00fcn anahtaridir. \u00d6mr\u00fc Boyunca cildin ya\u015flanmasi nedeniyle kafatasi kemikleri d\u00fc\u00fcyor. Die \u00e4u\u00dferlichen Noxen bu t\u00fcr asiri g\u00fcnes isinlari gibi, Sigara kullanmak, Yalnis diyet Y\u00fcz\u00fcn t\u00fcm yumusak doku yapilarini orta, y\u00fcz sarma neden olabiliyor.<\/p>\n<p><img wpfc-lazyload-disable=\"true\" loading=\"lazy\" decoding=\"async\" class=\"wp-image-2796 size-full aligncenter\" src=\"https:\/\/kirsten-derma.de\/wp-content\/uploads\/2017\/12\/Absacken-des-Gesichtes-Wangenauffuellen-in-Praxis-Dr-Juri-Kirsten-in-Berlin.png\" alt=\"Absacken-des-Gesichtes-Wangenauffuellen-in-Praxis-Dr-Juri-Kirsten-in-Berlin\" width=\"350\" height=\"510\" srcset=\"https:\/\/kirsten-derma.de\/wp-content\/uploads\/2017\/12\/Absacken-des-Gesichtes-Wangenauffuellen-in-Praxis-Dr-Juri-Kirsten-in-Berlin.png 350w, https:\/\/kirsten-derma.de\/wp-content\/uploads\/2017\/12\/Absacken-des-Gesichtes-Wangenauffuellen-in-Praxis-Dr-Juri-Kirsten-in-Berlin-206x300.png 206w\" sizes=\"auto, (max-width: 350px) 100vw, 350px\" \/><\/p>\n<p>&nbsp;<\/p>\n<p>Tecr\u00fcbeli ellerde bir Augmentation yanaklarda (Yanak B\u00fcy\u00fctmesinde) ambulant 20 Dakikada hyaluronik asiti yardimiyla yapilabilir.<\/p>\n<p>Dolgun Yanaklar y\u00fcz\u00fcn\u00fcz\u00fc daha seksi ve genc g\u00f6sterebilir.<\/p>\n<h2>Hangi maddeler Yanak Doldurmasinda kullanilir?<\/h2>\n<p>Dolgu Malzemesi olarak onayli hyaluronik asiti hazirliklari y\u00fcksek Viskosit\u00e4tsderecesi kullanilir.<\/p>\n<p><img wpfc-lazyload-disable=\"true\" loading=\"lazy\" decoding=\"async\" width=\"724\" height=\"350\" class=\"size-full wp-image-2798 aligncenter\" src=\"https:\/\/kirsten-derma.de\/wp-content\/uploads\/2017\/12\/Wangenauff\u00fclen-mit-Hyalurons\u00e4ure-Filler-Praxisklinik-Juri-Kirsten-1.png\" alt=\"Wangenauff\u00fclen-mit-Hyalurons\u00e4ure-Filler-Praxisklinik-Juri-Kirsten-1\" srcset=\"https:\/\/kirsten-derma.de\/wp-content\/uploads\/2017\/12\/Wangenauff\u00fclen-mit-Hyalurons\u00e4ure-Filler-Praxisklinik-Juri-Kirsten-1.png 724w, https:\/\/kirsten-derma.de\/wp-content\/uploads\/2017\/12\/Wangenauff\u00fclen-mit-Hyalurons\u00e4ure-Filler-Praxisklinik-Juri-Kirsten-1-300x145.png 300w\" sizes=\"auto, (max-width: 724px) 100vw, 724px\" \/><\/p>\n<p>&nbsp;<\/p>\n<p>Bir kendi yag ile doldurma da olabilir,ama daha b\u00fcy\u00fck bir masraf ve ilgili calisma kosullarini gerektirir.<\/p>\n<h2>Yanaklari Doldurmak neye yarar ve nekadar enjekte gerekir?<\/h2>\n<p>Yanaklarin Doldurmasindan sonra Y\u00fcz\u00fcn\u00fcz hemen daha genc ve dolgun g\u00f6r\u00fcn\u00fcr. Derin Nasolabialkirisiklari elmacik b\u00f6lgede enjeksiyon arasinda daha az g\u00f6r\u00fcn\u00fcr.<\/p>\n<h2>Yanaklari Doldurmak neye yarar ve nekadar enjekte gerekir?<\/h2>\n<p>Yanaklarin Doldurmasindan sonra Y\u00fcz\u00fcn\u00fcz hemen daha genc ve dolgun g\u00f6r\u00fcn\u00fcr. Derin Nasolabialkirisiklari elmacik b\u00f6lgede enjeksiyon arasinda daha az g\u00f6r\u00fcn\u00fcr.<\/p>\n<p><img wpfc-lazyload-disable=\"true\" loading=\"lazy\" decoding=\"async\" width=\"724\" height=\"350\" class=\"size-full wp-image-2802 aligncenter\" src=\"https:\/\/kirsten-derma.de\/wp-content\/uploads\/2017\/12\/Faltenunterspritzung-Hyaluronsaeure-im-Wangenbereich-Berlin.png\" alt=\"Faltenunterspritzung-Hyaluronsaeure-im-Wangenbereich-Berlin\" srcset=\"https:\/\/kirsten-derma.de\/wp-content\/uploads\/2017\/12\/Faltenunterspritzung-Hyaluronsaeure-im-Wangenbereich-Berlin.png 724w, https:\/\/kirsten-derma.de\/wp-content\/uploads\/2017\/12\/Faltenunterspritzung-Hyaluronsaeure-im-Wangenbereich-Berlin-300x145.png 300w\" sizes=\"auto, (max-width: 724px) 100vw, 724px\" \/><\/p>\n<p>&nbsp;<\/p>\n<p>Bu derin Tedavi y\u00fclsek oranda capraz baglanmis olan &#8220;siki&#8221; hyaluronik asiti ayrim yapilmalidir ve yanak alaninda enjeksiyon altinda y\u00fczeysel bir kivrimin. Hyalunuronik asitiyle kullanilan m\u00fcstahzarlar,zayif enine ag var ve kim&#8221;ince&#8221; oldugu. Bir yanak dolgu ihtiyaci icin gerek 2 ile 4 millilitre (2-4 bitmis enjeksiyon) Hyaluronik asiti. K\u00fcc\u00fck bir miktar ile icinde en az 2 ml bir dolgu yanaklari gerceklestirilebilir yapilanamaz.<\/p>\n<h2>Yanak Doldurmasi nekadar s\u00fcredir kalicidir?<\/h2>\n<p>Bir Ilk tedavisi herzaman bir sonrasi tedaviden daha az s\u00fcrelidir, bu ilk kez,genellikle sonra en az alti Ay yer alir.<\/p>\n<h2>Yan etkileri olabilir mi?<\/h2>\n<p>Kosullar altinda tedavi sirasinda enfeksiyonu ile ilgili hyaluronik asiti, gibi hafif bir basinc dugusu Yanma gibi, basinc agri, kasinti, hafif bir sisme ve delinme alaninda zaman zaman nokta benzeri hematom olabilir. Ama zamanla bu reaksiyonlar gecicidir.<\/p>\n<h2>Yanak Dolgunlamasindan sonra neye dikkat emem gerekir?<\/h2>\n<p>Tedaviden sonra \u00fcc ile d\u00f6rt G\u00fcn sport yapmayiniz,y\u00fcz masajlari ve saunalar(kozmetik maskeler dahil)yapmayiniz.Dogrudan(G\u00fcnes,Solarium)gitmeyiniz ve cimayiniz.Saunaya 10 G\u00fcn gitmeyiniz.<\/p>\n<p>Dolgun yanaklar sagligin dogal ve gencligin isaretidir.<\/p>\n<p>T\u00fcm tedavi konseptleri size g\u00f6re yapiyoruz ve ayarliyoruz.severek Bey Doktor Kirsten,size zaman ayirip ve sizin isteklerinizi konusmak icin.bu tedavi sohbeti Doktor Kirsten ile herzaman <a href=\"https:\/\/kirsten-derma.de\/tr\/ulasim\/\">Onlinetermin<\/a> veya telefonla bizim praximizda alabilirsiniz<\/p>\n<div class=\"btn-pos\"><a href=\"https:\/\/kirsten-derma.de\/kontakt-praxisklinik-doktor-kirsten\/\">Anfrage senden<\/a><\/div>\n","protected":false},"excerpt":{"rendered":"<p>Yanak-Doldurma Praxis Doktor Juri Kirstende Berlinde Tanidik Kelimeler: Yanak B\u00fcy\u00fctmesi, Elmacik B\u00fcy\u00fctmesi, Yanak Doldurmasi, Yanak tazemeleri. Genel Genc ve g\u00fczel g\u00f6r\u00fcn\u00fcm icin Yanaklar y\u00fcz\u00fcn anahtaridir. \u00d6mr\u00fc Boyunca cildin ya\u015flanmasi nedeniyle kafatasi kemikleri d\u00fc\u00fcyor. Die \u00e4u\u00dferlichen Noxen bu t\u00fcr asiri g\u00fcnes isinlari gibi, Sigara kullanmak, Yalnis diyet Y\u00fcz\u00fcn t\u00fcm yumusak doku yapilarini orta, y\u00fcz sarma neden olabiliyor. &nbsp; Tecr\u00fcbeli ellerde bir Augmentation yanaklarda (Yanak B\u00fcy\u00fctmesinde) ambulant 20 Dakikada hyaluronik asiti yardimiyla yapilabilir. Dolgun Yanaklar y\u00fcz\u00fcn\u00fcz\u00fc daha seksi ve genc g\u00f6sterebilir. Hangi [&hellip;]<\/p>\n","protected":false},"author":2,"featured_media":0,"parent":0,"menu_order":0,"comment_status":"closed","ping_status":"closed","template":"","meta":{"footnotes":""},"tags":[],"class_list":["post-78","page","type-page","status-publish","hentry"],"yoast_head":"<!-- This site is optimized with the Yoast SEO Premium plugin v22.5 (Yoast SEO v16.4) - https:\/\/yoast.com\/wordpress\/plugins\/seo\/ -->\n<title>Wangenauff\u00fcllung in Berlin, Wangenvergr\u00f6\u00dferung - Kirsten-derma<\/title>\n<meta name=\"description\" content=\"Herr Juri Kirsten in Berlin ist Facharzt f\u00fcr Dermatologie, kompetenter Facharzt, Behandlungsqualit\u00e4t auf hohem Niveau, informiert \u00fcber Sch\u00f6nheitsoperationen wie die Fettabsaugung in Berlin, Fettabsaugen, Eigenfetttransplantation, Faltenbehandlung in Berlin, Stammzellen, Plasmalifting, Facelifting ohne Skalpell, Fadenlifting, Faltenunterspritzung in Berlin, Facelifting in Berlin mit fokussiertem Ultraschall, Augenlidkorrekturen in Berlin, Schlupflider entfernen in Berlin, Tr\u00e4nens\u00e4cke operieren in Berlin, tr\u00e4nens\u00e4cke entfernen in Berlin, Fadenlifting in Berlin, Dehnungsstreifen entfernen laser, Schwangerschaftsstreifen entfernen Berlin.\" \/>\n<meta name=\"robots\" content=\"index, follow, max-snippet:-1, max-image-preview:large, max-video-preview:-1\" \/>\n<link rel=\"canonical\" href=\"https:\/\/kirsten-derma.de\/wangenauffuellung-wangenvergroesserung-berlin\/\" \/>\n<meta property=\"og:locale\" content=\"tr_TR\" \/>\n<meta property=\"og:type\" content=\"article\" \/>\n<meta property=\"og:title\" content=\"Wangenauff\u00fcllung in Berlin, Wangenvergr\u00f6\u00dferung - Kirsten-derma\" \/>\n<meta property=\"og:description\" content=\"Herr Juri Kirsten in Berlin ist Facharzt f\u00fcr Dermatologie, kompetenter Facharzt, Behandlungsqualit\u00e4t auf hohem Niveau, informiert \u00fcber Sch\u00f6nheitsoperationen wie die Fettabsaugung in Berlin, Fettabsaugen, Eigenfetttransplantation, Faltenbehandlung in Berlin, Stammzellen, Plasmalifting, Facelifting ohne Skalpell, Fadenlifting, Faltenunterspritzung in Berlin, Facelifting in Berlin mit fokussiertem Ultraschall, Augenlidkorrekturen in Berlin, Schlupflider entfernen in Berlin, Tr\u00e4nens\u00e4cke operieren in Berlin, tr\u00e4nens\u00e4cke entfernen in Berlin, Fadenlifting in Berlin, Dehnungsstreifen entfernen laser, Schwangerschaftsstreifen entfernen Berlin.\" \/>\n<meta property=\"og:url\" content=\"https:\/\/kirsten-derma.de\/wangenauffuellung-wangenvergroesserung-berlin\/\" \/>\n<meta property=\"og:site_name\" content=\"Praxis Juri Kirsten\" \/>\n<meta property=\"article:modified_time\" content=\"2019-06-24T13:31:23+00:00\" \/>\n<meta property=\"og:image\" content=\"https:\/\/kirsten-derma.de\/wp-content\/uploads\/2017\/02\/Wangenauffuehlen-Titelbild-Praxis-Juri-Kirsten-in-Berlin-1.jpg\" \/>\n<meta name=\"twitter:card\" content=\"summary\" \/>\n<meta name=\"twitter:label1\" content=\"Tahmini okuma s\u00fcresi\" \/>\n\t<meta name=\"twitter:data1\" content=\"2 dakika\" \/>\n<script type=\"application\/ld+json\" class=\"yoast-schema-graph\">{\"@context\":\"https:\/\/schema.org\",\"@graph\":[{\"@type\":\"WebSite\",\"@id\":\"https:\/\/kirsten-derma.de\/#website\",\"url\":\"https:\/\/kirsten-derma.de\/\",\"name\":\"Praxis Juri Kirsten\",\"description\":\"Facharzt f\\u00fcr Dermatologie und Allergologie Juri Kirsten Berlin\",\"potentialAction\":[{\"@type\":\"SearchAction\",\"target\":\"https:\/\/kirsten-derma.de\/?s={search_term_string}\",\"query-input\":\"required name=search_term_string\"}],\"inLanguage\":\"tr\"},{\"@type\":\"ImageObject\",\"@id\":\"https:\/\/kirsten-derma.de\/wangenauffuellung-wangenvergroesserung-berlin\/#primaryimage\",\"inLanguage\":\"tr\",\"url\":\"https:\/\/kirsten-derma.de\/wp-content\/uploads\/2017\/02\/Wangenauffuehlen-Titelbild-Praxis-Juri-Kirsten-in-Berlin-1.jpg\",\"contentUrl\":\"https:\/\/kirsten-derma.de\/wp-content\/uploads\/2017\/02\/Wangenauffuehlen-Titelbild-Praxis-Juri-Kirsten-in-Berlin-1.jpg\",\"width\":724,\"height\":350,\"caption\":\"Wangenauffuehlen-Titelbild-Praxis-Juri-Kirsten-in-Berlin\"},{\"@type\":\"WebPage\",\"@id\":\"https:\/\/kirsten-derma.de\/wangenauffuellung-wangenvergroesserung-berlin\/#webpage\",\"url\":\"https:\/\/kirsten-derma.de\/wangenauffuellung-wangenvergroesserung-berlin\/\",\"name\":\"Wangenauff\\u00fcllung in Berlin, Wangenvergr\\u00f6\\u00dferung - Kirsten-derma\",\"isPartOf\":{\"@id\":\"https:\/\/kirsten-derma.de\/#website\"},\"primaryImageOfPage\":{\"@id\":\"https:\/\/kirsten-derma.de\/wangenauffuellung-wangenvergroesserung-berlin\/#primaryimage\"},\"datePublished\":\"2017-02-12T15:18:03+00:00\",\"dateModified\":\"2019-06-24T13:31:23+00:00\",\"description\":\"Herr Juri Kirsten in Berlin ist Facharzt f\\u00fcr Dermatologie, kompetenter Facharzt, Behandlungsqualit\\u00e4t auf hohem Niveau, informiert \\u00fcber Sch\\u00f6nheitsoperationen wie die Fettabsaugung in Berlin, Fettabsaugen, Eigenfetttransplantation, Faltenbehandlung in Berlin, Stammzellen, Plasmalifting, Facelifting ohne Skalpell, Fadenlifting, Faltenunterspritzung in Berlin, Facelifting in Berlin mit fokussiertem Ultraschall, Augenlidkorrekturen in Berlin, Schlupflider entfernen in Berlin, Tr\\u00e4nens\\u00e4cke operieren in Berlin, tr\\u00e4nens\\u00e4cke entfernen in Berlin, Fadenlifting in Berlin, Dehnungsstreifen entfernen laser, Schwangerschaftsstreifen entfernen Berlin.\",\"breadcrumb\":{\"@id\":\"https:\/\/kirsten-derma.de\/wangenauffuellung-wangenvergroesserung-berlin\/#breadcrumb\"},\"inLanguage\":\"tr\",\"potentialAction\":[{\"@type\":\"ReadAction\",\"target\":[\"https:\/\/kirsten-derma.de\/wangenauffuellung-wangenvergroesserung-berlin\/\"]}]},{\"@type\":\"BreadcrumbList\",\"@id\":\"https:\/\/kirsten-derma.de\/wangenauffuellung-wangenvergroesserung-berlin\/#breadcrumb\",\"itemListElement\":[{\"@type\":\"ListItem\",\"position\":1,\"item\":{\"@type\":\"WebPage\",\"@id\":\"https:\/\/kirsten-derma.de\/\",\"url\":\"https:\/\/kirsten-derma.de\/\",\"name\":\"Startseite\"}},{\"@type\":\"ListItem\",\"position\":2,\"item\":{\"@id\":\"https:\/\/kirsten-derma.de\/wangenauffuellung-wangenvergroesserung-berlin\/#webpage\"}}]}]}<\/script>\n<!-- \/ Yoast SEO Premium plugin. -->","_links":{"self":[{"href":"https:\/\/kirsten-derma.de\/tr\/wp-json\/wp\/v2\/pages\/78","targetHints":{"allow":["GET"]}}],"collection":[{"href":"https:\/\/kirsten-derma.de\/tr\/wp-json\/wp\/v2\/pages"}],"about":[{"href":"https:\/\/kirsten-derma.de\/tr\/wp-json\/wp\/v2\/types\/page"}],"author":[{"embeddable":true,"href":"https:\/\/kirsten-derma.de\/tr\/wp-json\/wp\/v2\/users\/2"}],"replies":[{"embeddable":true,"href":"https:\/\/kirsten-derma.de\/tr\/wp-json\/wp\/v2\/comments?post=78"}],"version-history":[{"count":0,"href":"https:\/\/kirsten-derma.de\/tr\/wp-json\/wp\/v2\/pages\/78\/revisions"}],"wp:attachment":[{"href":"https:\/\/kirsten-derma.de\/tr\/wp-json\/wp\/v2\/media?parent=78"}],"wp:term":[{"taxonomy":"post_tag","embeddable":true,"href":"https:\/\/kirsten-derma.de\/tr\/wp-json\/wp\/v2\/tags?post=78"}],"curies":[{"name":"wp","href":"https:\/\/api.w.org\/{rel}","templated":true}]}}