{"id":95,"date":"2017-02-12T16:39:29","date_gmt":"2017-02-12T15:39:29","guid":{"rendered":"http:\/\/kd.myderma.de\/?page_id=95"},"modified":"2019-09-23T17:02:05","modified_gmt":"2019-09-23T15:02:05","slug":"hifu-lifting-berlin-ultraschall-lifting-2","status":"publish","type":"page","link":"https:\/\/kirsten-derma.de\/tr\/hifu-lifting-berlin\/","title":{"rendered":"Doublo Ultraschall Lifting"},"content":{"rendered":"<h1 class=\"heading\">Doublo Lipo Lifting<\/h1>\n<p><img wpfc-lazyload-disable=\"true\" loading=\"lazy\" decoding=\"async\" width=\"724\" height=\"350\" class=\"alignnone size-full wp-image-1905\" src=\"https:\/\/kirsten-derma.de\/wp-content\/uploads\/2017\/02\/lipo_lifting-1.jpg\" alt=\"Doublo-Ultraschall-Lifting\" srcset=\"https:\/\/kirsten-derma.de\/wp-content\/uploads\/2017\/02\/lipo_lifting-1.jpg 724w, https:\/\/kirsten-derma.de\/wp-content\/uploads\/2017\/02\/lipo_lifting-1-300x145.jpg 300w\" sizes=\"auto, (max-width: 724px) 100vw, 724px\" \/><\/p>\n<p>Tanidik Kelimeler:Skalpelsiz gerdirme,cerrahi olmayan y\u00fcz gerdirmesi,Y\u00fcz gerdirmesi.<\/p>\n<h2>Genel<\/h2>\n<p>Bug\u00fcnlerde insanlar daha fazla genc g\u00f6r\u00fcnmek istiyorlar,ama cok yara izi olmadan ve abartili bir y\u00fcz belirtileri olmadan.Hedefi,Doktor Kirsten gelismis Doublo Lipo Y\u00fcz gerdirmesi bir vizyon ulasmasi oldugu,eger s\u00f6ylenebilen sey:<\/p>\n<p>&#8220;Daha genc g\u00f6r\u00fcn\u00fcyorsun,ama anlamadigim nasil\u2026&#8221;<\/p>\n<p>\u00dcc \u00f6nemli Degisim Diregi y\u00fcz\u00fcn yasini belirler:<\/p>\n<ul>\n<li>Cilt elastikiyet kaybi ve kas tonusu;<\/li>\n<li>Photoaging,derinin kollajen matrix cilt degisiklikleri;<\/li>\n<li>Y\u00fcz\u00fcn en \u00f6nemli ayrintisi yag d\u00fcsmesi en \u00f6nemli b\u00f6lgelerde.<\/li>\n<\/ul>\n<p>Yeni Doublo Lipo Y\u00fcz gerdirmesi odaklanmis etkilerini icerir HiFu ultrason yag k\u00f6k h\u00fccreleri ile kendini yag nakli ile birlikte ve \u00f6zel trombosit Plasma PRP<\/p>\n<h2>Etkileme Bicimi<\/h2>\n<p>Ilk adim Doublo Lipo Y\u00fcz gerdirmesi y\u00fcz ve boynun bir tedavi y\u00f6ntemdir odaklanmis HiFu ultrasonla yapilir.<\/p>\n<p>Bir monit\u00f6rde Bey Doktor Kirsten g\u00f6r\u00fcyor, ultrasonografi olarak, o ultrason kafalari nerede kullanmasi gerekdigini.O iki farkli derinlikler cilt katmanlarinin hedeflenen birlikte ultrason dalgalariyla uygulanir.<\/p>\n<p><img wpfc-lazyload-disable=\"true\" loading=\"lazy\" decoding=\"async\" class=\"alignnone size-full wp-image-444\" src=\"https:\/\/kirsten-derma.de\/wp-content\/uploads\/2017\/02\/HiFi-Ultraschall-Transducer-D4-M7.jpg\" alt=\"\" width=\"498\" height=\"450\" srcset=\"https:\/\/kirsten-derma.de\/wp-content\/uploads\/2017\/02\/HiFi-Ultraschall-Transducer-D4-M7.jpg 498w, https:\/\/kirsten-derma.de\/wp-content\/uploads\/2017\/02\/HiFi-Ultraschall-Transducer-D4-M7-300x271.jpg 300w\" sizes=\"auto, (max-width: 498px) 100vw, 498px\" \/><\/p>\n<p>Deri b\u00f6lgesi altinda bag dokusu ve derinlemesi 4,5 mm (SMAS Kat)ve3, 0mm(Deri cildi)isitilabilir (SMAS-y\u00fczeysel bir kas-aponeurotisches Sistem. Bu katdaki temel yapici destekleyen olarak y\u00fcz cilt denir). Hedef katina TiZ (termal olarak bagli b\u00f6lgeler)konulur. Sarkik SMAS-Yapilar sikilir ve cilt darbe alir edilecek, kendini yenilemek icin.<\/p>\n<p><img wpfc-lazyload-disable=\"true\" loading=\"lazy\" decoding=\"async\" class=\"alignnone size-full wp-image-450\" src=\"https:\/\/kirsten-derma.de\/wp-content\/uploads\/2017\/02\/Vor-und-nach-der-Behandlung_TUR.jpg\" alt=\"\" width=\"424\" height=\"184\" srcset=\"https:\/\/kirsten-derma.de\/wp-content\/uploads\/2017\/02\/Vor-und-nach-der-Behandlung_TUR.jpg 424w, https:\/\/kirsten-derma.de\/wp-content\/uploads\/2017\/02\/Vor-und-nach-der-Behandlung_TUR-300x130.jpg 300w\" sizes=\"auto, (max-width: 424px) 100vw, 424px\" \/><\/p>\n<p>Cilt tekrardan elastik olur, bu yeni kollajen olusumunu yakalar. \u00d6rten deri tabakalari ve cilt y\u00fczeyi yarali bile etkilenen veya degil.<\/p>\n<p><iframe loading=\"lazy\" width=\"756\" height=\"425\" src=\"https:\/\/www.youtube.com\/embed\/FgrUWa1zcPg?feature=oembed\" frameborder=\"0\" allow=\"autoplay; encrypted-media\" allowfullscreen><\/iframe><\/p>\n<p>Ikinci adimiyla, ya ile ayni oturumda odaklanmis HiFi Ultraschall Doublo veya iki hafta sonra gerceklestirilen, belirtileri Photoagings \u00dcst cilt y\u00fczeyinin ve \u00fcsteki orta deri cilt katlari.<\/p>\n<p><img wpfc-lazyload-disable=\"true\" loading=\"lazy\" decoding=\"async\" class=\"alignnone size-full wp-image-451\" src=\"https:\/\/kirsten-derma.de\/wp-content\/uploads\/2017\/02\/Face-Frau-mit-Lupe-alt-und-jung-shutterstock_73437751.jpg\" alt=\"\" width=\"520\" height=\"400\" srcset=\"https:\/\/kirsten-derma.de\/wp-content\/uploads\/2017\/02\/Face-Frau-mit-Lupe-alt-und-jung-shutterstock_73437751.jpg 520w, https:\/\/kirsten-derma.de\/wp-content\/uploads\/2017\/02\/Face-Frau-mit-Lupe-alt-und-jung-shutterstock_73437751-300x231.jpg 300w\" sizes=\"auto, (max-width: 520px) 100vw, 520px\" \/><\/p>\n<p>Bir orta derin Kimyasal peeling TCA (Trikloroasetik) pigment bozukluklari karsi \u00f6zel bir soyma c\u00f6z\u00fcm kullanilir. Alternativ olarak indikations pozisyon teshis ile fraksiyone lazer soyulmus olabilir ayrintili bilgisayarli cilt analizi ile yapabilirsiniz.<\/p>\n<p>Son \u00dcc\u00fcnc\u00fc Adim kaybedilen yag insaati Y\u00fcz\u00fcn en \u00f6nemli farkli yerlerde k\u00f6k h\u00fccre ile tedavi ve birlikte h\u00fccre ile zenginlestirilmis yag transferi \u00f6zel thrombosit ile Plasma PRP.<\/p>\n<h3>K\u00f6k h\u00fccreleri ile ve yapilan k\u00f6k h\u00fccre ile zenginlestirilmis yag tedavi nasil yapilir?<\/h3>\n<p>Hastanin kendi yag k\u00f6k h\u00fccreler \u00f6zel bir cihaz yardimi ile olabilir ve usul kazandi ve tedavi sonrasi bu k\u00f6k h\u00fccreler eklendi kendi yag y\u00fczdesini kazandi.<\/p>\n<p>Bu yeni y\u00f6ntem,y\u00fcz genclestirme icin m\u00fckemmel uygundur,Dekollete de genclestirme,kirisiklik tedavisi ve hacim aciklarinin d\u00fczeltmesi,karin b\u00f6lgede usus\u00fczl\u00fckler, \u00dcst bacakda usuls\u00fczl\u00fckler, kalca ve diger v\u00fccut alanlarda.Bu nedenle eller de genclestirebilirsiniz.<\/p>\n<p><img wpfc-lazyload-disable=\"true\" loading=\"lazy\" decoding=\"async\" class=\"alignnone size-full wp-image-447\" src=\"https:\/\/kirsten-derma.de\/wp-content\/uploads\/2017\/02\/Stammzellengewinnung-mit-Zentrifuge.jpg\" alt=\"\" width=\"600\" height=\"485\" srcset=\"https:\/\/kirsten-derma.de\/wp-content\/uploads\/2017\/02\/Stammzellengewinnung-mit-Zentrifuge.jpg 600w, https:\/\/kirsten-derma.de\/wp-content\/uploads\/2017\/02\/Stammzellengewinnung-mit-Zentrifuge-300x243.jpg 300w\" sizes=\"auto, (max-width: 600px) 100vw, 600px\" \/><\/p>\n<p>Birlikte bu konsantre k\u00f6k h\u00fccreleri kendi yag ile birkac katlarda enjekte edilir ve y\u00fcz genclestirme,kirisiklik tedavisi,v\u00fccut sekillendirme kullanilir. Diger dolgu malzemelerine kiyasla g\u00f6vdesi vardir ve g\u00fccl\u00fc bir genclestirici ve yenileyici etkisidir, c\u00fcnk\u00fc deri h\u00fccrelerinin b\u00fcy\u00fcme (Fibroblast) tesvik ve k\u00fcc\u00fck damarlari uyarir.<\/p>\n<p>Doublo Lipo kaldirma biraz uzatilabilir, ayrica y\u00fcz ile liposculpture birlestirilebilir.Burada Yanaklarda-ve Boyun-ve cene b\u00f6lgesi mesela (cifte gerdan) yag yastigi vardir, aldirmayla mikro kan\u00fcl teknikle cikarilir ve y\u00fcz sekilli. \u00d6nemli bir genclestirme t\u00fcm bu sonuclari ve gerdirme Yanak-ve Bogaz b\u00f6lgesi,dogal olmayan bir y\u00fcz ifadesi ortaya cikar. \u00d6z\u00fcnde yag k\u00f6k h\u00fccre tedavsinin avantiji gibi geleneksel kendi kendine yag nakli ile karsilastirildiginda &#8220;doldurucu&#8221;uzun s\u00fcre dayaniklilik hayatta kalma y\u00fcksek derece ve yag h\u00fccrelerinin b\u00fcy\u00fcmesi, c\u00fcnk\u00fc k\u00f6k h\u00fccreler olgun, canli yag ve cilt h\u00fccrelerini ortaya cikar.<\/p>\n<p>T\u00fcm tedavi konseptleri size g\u00f6re yapiyoruz ve ayarliyoruz.severek Bey Doktor Kirsten,size zaman ayirip ve sizin isteklerinizi konusmak icin.bu tedavi sohbeti Doktor Kirsten ile herzaman <a href=\"{{link_url::271}}\">Onlinetermin<\/a> veya telefonla bizim praximizda alabilirsiniz<\/p>\n","protected":false},"excerpt":{"rendered":"<p>Doublo Lipo Lifting Tanidik Kelimeler:Skalpelsiz gerdirme,cerrahi olmayan y\u00fcz gerdirmesi,Y\u00fcz gerdirmesi. Genel Bug\u00fcnlerde insanlar daha fazla genc g\u00f6r\u00fcnmek istiyorlar,ama cok yara izi olmadan ve abartili bir y\u00fcz belirtileri olmadan.Hedefi,Doktor Kirsten gelismis Doublo Lipo Y\u00fcz gerdirmesi bir vizyon ulasmasi oldugu,eger s\u00f6ylenebilen sey: &#8220;Daha genc g\u00f6r\u00fcn\u00fcyorsun,ama anlamadigim nasil\u2026&#8221; \u00dcc \u00f6nemli Degisim Diregi y\u00fcz\u00fcn yasini belirler: Cilt elastikiyet kaybi ve kas tonusu; Photoaging,derinin kollajen matrix cilt degisiklikleri; Y\u00fcz\u00fcn en \u00f6nemli ayrintisi yag d\u00fcsmesi en \u00f6nemli b\u00f6lgelerde. Yeni Doublo Lipo Y\u00fcz gerdirmesi odaklanmis etkilerini icerir [&hellip;]<\/p>\n","protected":false},"author":2,"featured_media":0,"parent":0,"menu_order":0,"comment_status":"closed","ping_status":"closed","template":"","meta":{"footnotes":""},"tags":[53,64,60,61,66,65,67,68,62,63],"class_list":["post-95","page","type-page","status-publish","hentry","tag-gesichtsstraffung-ohne-op","tag-hifu-gesichtsstraffung","tag-hifu-lifting","tag-hifu-lifting-berlin","tag-ulthera","tag-ultherapy","tag-ultraschall-gesicht","tag-ultraschall-gesicht-berlin","tag-ultraschall-lifting","tag-ultraschall-lifting-berlin"],"yoast_head":"<!-- This site is optimized with the Yoast SEO Premium plugin v22.5 (Yoast SEO v16.4) - https:\/\/yoast.com\/wordpress\/plugins\/seo\/ -->\n<title>Hifu Lifting Berlin \/ Ultraschall-Lifting in Berlin - Hautstraffung ohne OP<\/title>\n<meta name=\"description\" content=\"Hifu Lifting Berlin \/ Ultraschall-Lifting in Berlin. Gesichtslifting und Fettreduktion an lokalen Fettdepos beim Arzt in Berlin. Telefon: 03023621292.\" \/>\n<meta name=\"robots\" content=\"index, follow, max-snippet:-1, max-image-preview:large, max-video-preview:-1\" \/>\n<link rel=\"canonical\" href=\"https:\/\/kirsten-derma.de\/tr\/hifu-lifting-berlin\/\" \/>\n<meta property=\"og:locale\" content=\"tr_TR\" \/>\n<meta property=\"og:type\" content=\"article\" \/>\n<meta property=\"og:title\" content=\"Hifu Lifting Berlin \/ Ultraschall-Lifting in Berlin - Hautstraffung ohne OP\" \/>\n<meta property=\"og:description\" content=\"Hifu Lifting Berlin \/ Ultraschall-Lifting in Berlin. Gesichtslifting und Fettreduktion an lokalen Fettdepos beim Arzt in Berlin. Telefon: 03023621292.\" \/>\n<meta property=\"og:url\" content=\"https:\/\/kirsten-derma.de\/tr\/hifu-lifting-berlin\/\" \/>\n<meta property=\"og:site_name\" content=\"Praxis Juri Kirsten\" \/>\n<meta property=\"article:modified_time\" content=\"2019-09-23T15:02:05+00:00\" \/>\n<meta property=\"og:image\" content=\"https:\/\/kirsten-derma.de\/wp-content\/uploads\/2019\/06\/Hifu-Lifting-Hifu-Behandlung-Ultraschall-Lifting-Ultherapy-in-Berlin.jpg\" \/>\n<meta name=\"twitter:card\" content=\"summary\" \/>\n<meta name=\"twitter:label1\" content=\"Tahmini okuma s\u00fcresi\" \/>\n\t<meta name=\"twitter:data1\" content=\"3 dakika\" \/>\n<script type=\"application\/ld+json\" class=\"yoast-schema-graph\">{\"@context\":\"https:\/\/schema.org\",\"@graph\":[{\"@type\":\"WebSite\",\"@id\":\"https:\/\/kirsten-derma.de\/#website\",\"url\":\"https:\/\/kirsten-derma.de\/\",\"name\":\"Praxis Juri Kirsten\",\"description\":\"Facharzt f\\u00fcr Dermatologie und Allergologie Juri Kirsten Berlin\",\"potentialAction\":[{\"@type\":\"SearchAction\",\"target\":\"https:\/\/kirsten-derma.de\/?s={search_term_string}\",\"query-input\":\"required name=search_term_string\"}],\"inLanguage\":\"tr\"},{\"@type\":\"ImageObject\",\"@id\":\"https:\/\/kirsten-derma.de\/tr\/hifu-lifting-berlin\/#primaryimage\",\"inLanguage\":\"tr\",\"url\":\"https:\/\/kirsten-derma.de\/wp-content\/uploads\/2017\/02\/lipo_lifting-1.jpg\",\"contentUrl\":\"https:\/\/kirsten-derma.de\/wp-content\/uploads\/2017\/02\/lipo_lifting-1.jpg\",\"width\":724,\"height\":350,\"caption\":\"Doublo-Ultraschall-Lifting\"},{\"@type\":\"WebPage\",\"@id\":\"https:\/\/kirsten-derma.de\/tr\/hifu-lifting-berlin\/#webpage\",\"url\":\"https:\/\/kirsten-derma.de\/tr\/hifu-lifting-berlin\/\",\"name\":\"Hifu Lifting Berlin \/ Ultraschall-Lifting in Berlin - Hautstraffung ohne OP\",\"isPartOf\":{\"@id\":\"https:\/\/kirsten-derma.de\/#website\"},\"primaryImageOfPage\":{\"@id\":\"https:\/\/kirsten-derma.de\/tr\/hifu-lifting-berlin\/#primaryimage\"},\"datePublished\":\"2017-02-12T15:39:29+00:00\",\"dateModified\":\"2019-09-23T15:02:05+00:00\",\"description\":\"Hifu Lifting Berlin \/ Ultraschall-Lifting in Berlin. Gesichtslifting und Fettreduktion an lokalen Fettdepos beim Arzt in Berlin. Telefon: 03023621292.\",\"breadcrumb\":{\"@id\":\"https:\/\/kirsten-derma.de\/tr\/hifu-lifting-berlin\/#breadcrumb\"},\"inLanguage\":\"tr\",\"potentialAction\":[{\"@type\":\"ReadAction\",\"target\":[\"https:\/\/kirsten-derma.de\/tr\/hifu-lifting-berlin\/\"]}]},{\"@type\":\"BreadcrumbList\",\"@id\":\"https:\/\/kirsten-derma.de\/tr\/hifu-lifting-berlin\/#breadcrumb\",\"itemListElement\":[{\"@type\":\"ListItem\",\"position\":1,\"item\":{\"@type\":\"WebPage\",\"@id\":\"https:\/\/kirsten-derma.de\/\",\"url\":\"https:\/\/kirsten-derma.de\/\",\"name\":\"Startseite\"}},{\"@type\":\"ListItem\",\"position\":2,\"item\":{\"@id\":\"https:\/\/kirsten-derma.de\/tr\/hifu-lifting-berlin\/#webpage\"}}]}]}<\/script>\n<!-- \/ Yoast SEO Premium plugin. -->","_links":{"self":[{"href":"https:\/\/kirsten-derma.de\/tr\/wp-json\/wp\/v2\/pages\/95","targetHints":{"allow":["GET"]}}],"collection":[{"href":"https:\/\/kirsten-derma.de\/tr\/wp-json\/wp\/v2\/pages"}],"about":[{"href":"https:\/\/kirsten-derma.de\/tr\/wp-json\/wp\/v2\/types\/page"}],"author":[{"embeddable":true,"href":"https:\/\/kirsten-derma.de\/tr\/wp-json\/wp\/v2\/users\/2"}],"replies":[{"embeddable":true,"href":"https:\/\/kirsten-derma.de\/tr\/wp-json\/wp\/v2\/comments?post=95"}],"version-history":[{"count":0,"href":"https:\/\/kirsten-derma.de\/tr\/wp-json\/wp\/v2\/pages\/95\/revisions"}],"wp:attachment":[{"href":"https:\/\/kirsten-derma.de\/tr\/wp-json\/wp\/v2\/media?parent=95"}],"wp:term":[{"taxonomy":"post_tag","embeddable":true,"href":"https:\/\/kirsten-derma.de\/tr\/wp-json\/wp\/v2\/tags?post=95"}],"curies":[{"name":"wp","href":"https:\/\/api.w.org\/{rel}","templated":true}]}}