{"id":98,"date":"2017-02-12T16:41:08","date_gmt":"2017-02-12T15:41:08","guid":{"rendered":"http:\/\/kd.myderma.de\/?page_id=98"},"modified":"2019-06-26T13:41:13","modified_gmt":"2019-06-26T11:41:13","slug":"liquid-lifting-%d0%b6%d0%b8%d0%b4%d0%ba%d0%b8%d0%b9-%d0%bb%d0%b8%d1%84%d1%82%d0%b8%d0%bd%d0%b3","status":"publish","type":"page","link":"https:\/\/kirsten-derma.de\/tr\/sivi-kaldirma-berlin\/","title":{"rendered":"Liquid Lifting in der Praxisklinik Doktor Kirsten in Berlin"},"content":{"rendered":"<div id=\"sivi-kaldirma\" class=\"mod_article block\">\n<div class=\"ce_text haupttext block\">\n<h1 class=\"heading\">Berlin`de uygulama klinigi Doktor Kirsten Liquid sivi kaldirma<\/h1>\n<p><img wpfc-lazyload-disable=\"true\" loading=\"lazy\" decoding=\"async\" width=\"724\" height=\"350\" class=\"alignnone size-full wp-image-1907\" src=\"https:\/\/kirsten-derma.de\/wp-content\/uploads\/2017\/02\/liquid_lifting-1.jpg\" alt=\"Liquid Lifting in der Praxisklinik Doktor Kirsten in Berlin\" srcset=\"https:\/\/kirsten-derma.de\/wp-content\/uploads\/2017\/02\/liquid_lifting-1.jpg 724w, https:\/\/kirsten-derma.de\/wp-content\/uploads\/2017\/02\/liquid_lifting-1-300x145.jpg 300w\" sizes=\"auto, (max-width: 724px) 100vw, 724px\" \/><\/p>\n<p>Tanidik Kelimeler: Laktik asit y\u00fczdeki cildin gerdirme icin arasina enjeksiyon, kirisiklik tedavisi Poly-L-Laktik asitiyle, Laktik asit hacmi bilesim.<\/p>\n<h2>Genel<\/h2>\n<p>Cilt yaslanmasi ile baglantili olarak yillardir cesitli ic de dis fakt\u00f6rler bag dokusunda kolajen \u00fcretimini artirmak azalir. B\u00f6ylece, cilt daha ince ve daha az esnek, cilt y\u00fczeyinde k\u00fcc\u00fck cizgiler ve kirisikliklar daha cok g\u00f6r\u00fcn\u00fcr.<\/p>\n<h3>Bir sivi lifting nedir?<\/h3>\n<p>Sivi Lifting uygulama klinigi Doktor Kirsten Berlinde alternativ olarak y\u00fcz gerdirme cerrahi. Aksine enjeksiyon altina,zamanla o kirisikliklar ayri ayri enjekte edilir,b\u00fct\u00fcnsel y\u00fcz kaldirma sivi icinde kabul edilir ve kat olusumu neden oldugu belirlenir. Orta y\u00fcz b\u00f6lgesinde \u00f6zellikle enjekte edilmis deri alanlari vardir,bu nedenle de yanak alaninda ve agiz bir kaldirma etkisi etrafinda cikar. B\u00f6ylece y\u00fcz sivi kaldirma da b\u00fct\u00fcnsel olarak yenilenmesi icin genclestirir. Sivi kaldirma cilt elastikiyet kaybi olan,hacim kaybi ve elde edilen kati olusumunu icin kullanilir.<\/p>\n<h3>Sivi kaldirma nasil calisir?<\/h3>\n<p>Sivi kaldirma ile tedavi Preparatin Sculptra enejeksiyonlar gerceklestirilmektedir, polilaktik asitten olusan, v\u00fccutta dogal olarak olusan bir maddedir.<\/p>\n<p><img wpfc-lazyload-disable=\"true\" loading=\"lazy\" decoding=\"async\" title=\"Liquid Lifting Sculptramit Kan\u00fcle\" src=\"https:\/\/kirsten-derma.de\/tl_files\/tiny_templates\/kirsten-derma\/Liquid-Lifting\/1%20Liquid%20Lifting%20Sculptra%20Praxis%20Dr%20Kirsten%20in%20Berlin.png\" alt=\"Liquid Lifting Sculptramit Kan\u00fcle\" width=\"300\" height=\"169\" \/><\/p>\n<p>Bir kac g\u00fcn icinde, Sculptra sulu terkip maddeleri v\u00fccut tarafindan emmilir ve tedaviden sonra sisme azaliyor. Bu tedavi \u00f6ncesi mevcut olan kendi g\u00f6r\u00fcn\u00fcm g\u00f6r\u00fcnt\u00fcn\u00fcn bir \u00f6ncesiye geriye getirir.<\/p>\n<p>Bununla birlikte, en mikroparcaciklar Poly-L-Laktik asiti (PLLA), Sculptra cilt madde, derin yapilarda calismaya basliyor ve yeniden b\u00fcy\u00fcmesini kaybetti kolajen yeniden b\u00fcy\u00fcmesini tesvik etmek icin ve cilt iskelesi g\u00fcclendirmek icin.<\/p>\n<p><img wpfc-lazyload-disable=\"true\" loading=\"lazy\" decoding=\"async\" title=\"Liquid Lifting Kollagenwachstum\" src=\"https:\/\/kirsten-derma.de\/tl_files\/tiny_templates\/kirsten-derma\/Liquid-Lifting\/2%20Liquid%20Lifting%20mit%20Sculptra%20Praxis%20Kirsten%20in%20Berlin%20Kollagenwachstum.png\" alt=\"Liquid Lifting Kollagenwachstum\" width=\"300\" height=\"169\" \/><\/p>\n<p>Mikroparcaciklar Poly-L-Laktik asiti (PLLA) emmildiginde, bir kollajen iskele ortaya cikmistir, y\u00fcz\u00fcn\u00fcze yogunluk kazandirir ve y\u00fczdeki konturlar, criss-cross enjeksiyon teknolojisi sayesinde iki yila kadar boyunca s\u00fcrd\u00fcg\u00fcn\u00fc.<\/p>\n<p>Enjekte edilen Laktik asiti kirisiklilarin d\u00fczeltilmesini neden olur.Bunu ek olarak, Sivi kaldirma cildin kendi kolajen \u00fcretimini stim\u00fcle eder, sekil ve konturlari kusurlu kat sayede telafi edilebilir. Sivi kaldirma cild gerdirmesi cerrahi m\u00fcdahale gerekmeden, cildi injeksiyon ile Laktik asitiyle adim adim genclestirirlir. Sivi kaldirma ile tekrar genc cizgiler \u00fcretilebilinir.<\/p>\n<h3>Sivi geridirmenin avantajlari nelerdir?<\/h3>\n<p>Sivi gerdirmenin \u00f6ncelikle dolgu d\u00fczenleme ve Kirisiklik azalmasi icin orta y\u00fcz b\u00f6lgesinde ve agiz cevresinde Sivi gerdirme \u00f6zellikle uyum icin tavsiye edilir ve y\u00fcz\u00fcn kontur gelismesi icin. Cukurlar,nazolabial kirisikliklar ve kukla kirisikliklar, cene acisina agzindan calistirdiginiz ve y\u00fcz\u00fcn orta b\u00f6lgede ve dusus ortaya cikan ve y\u00fcz\u00fc \u00fczg\u00fcn bir ifade verecektir,\u00f6nemli \u00f6lc\u00fcde yumusak sekilde azaltilabilir. Basari icin \u00d6nkosul sivi gerdirmesi Sculptra ile hic ya da sadece hafif bir fazla ciltdir. Cilt sarkdiysa, bir ayrintili \u00fccretsiz danisma randevu icin Doktor Kirsten bizim klinigi Berlin sivi gerdirmesi baska ameliyatsiz Y\u00fcz tedavisi birlestirmek gerekir.<\/p>\n<h3>Sivi gerdirme durumu nezaman yararli?<\/h3>\n<p>Sivi gerdirme \u00f6zellikle yogunluk d\u00fczenlemesi ve kirisiklik azalmasi orta y\u00fcz b\u00f6gesinde ve agiz cevresindeyararli.Iyi sonuclar,y\u00fcz cildin sikistirma kuvveti tekrar kazaniliyor, ve b\u00f6ylece dderin Kirisiklarin azalmasi.<\/p>\n<p><img wpfc-lazyload-disable=\"true\" loading=\"lazy\" decoding=\"async\" title=\"Tedaviden \u00f6nce\/Tedaviden sonra\" src=\"https:\/\/kirsten-derma.de\/tl_files\/tiny_templates\/kirsten-derma\/Liquid-Lifting\/liqlifting_vergleich_TUR.jpg\" alt=\"Tedaviden \u00f6nce\/Tedaviden sonra\" width=\"560\" height=\"179\" \/><\/p>\n<p>Sivi gerdirmenin \u00f6ncelikle dolgu d\u00fczenleme ve Kirisiklik azalmasi icin orta y\u00fcz b\u00f6lgesinde ve agiz cevresinde Sivi gerdirme \u00f6zellikle uyum icin tavsiye edilir ve y\u00fcz\u00fcn kontur gelismesi icin. Cukurlar, nazolabial kirisikliklar ve kukla kirisikliklar, cene acisina agzindan calistirdiginiz ve y\u00fcz\u00fcn orta b\u00f6lgede ve dusus ortaya cikan ve y\u00fcz\u00fc \u00fczg\u00fcn bir ifade verecektir, \u00f6nemli \u00f6lc\u00fcde yumusak sekilde azaltilabilir. Basari icin \u00d6nkosul sivi gerdirmesi Sculptra ile hic ya da sadece hafif bir fazla ciltdir. Cilt sarkdiysa, bir ayrintili \u00fccretsiz danisma randevu icin Doktor Kirsten bizim klinigi Berlin sivi gerdirmesi baska ameliyatsiz Y\u00fcz tedavisi birlestirmek gerekir.<\/p>\n<h3>Sivi gerdirmesi nezaman baslanmasi gerekir?<\/h3>\n<p>Nekadar erken Kirsikilik tedavisine baslanirsa, okadar kolay, y\u00fcz\u00fc uzun s\u00fcre genclestirmesi icin. Ayna zamanda bir sivi gerdirme kirisiklik olsumu \u00f6nleyici etki eder.<\/p>\n<h3>Sivi gerdirmesi acitir mi?<\/h3>\n<p>Sivi geridrme fazla aci vermez,c\u00fcnk\u00fc c\u00f6z\u00fcm\u00fcn icin Laktik asitinde bir uyusturucu karisiminda oldugu icin.Sadece tedavinin baslangicinda sadece delikler hissedilir. Tedavi genellikle sadece 20 dakika s\u00fcr\u00fcyor ve yan etkileri olmadan gecer.<\/p>\n<h3>Sivi gerdirmesi tedavisine kac seans gerekir?<\/h3>\n<p>Bir seansdan sonra bile istenen y\u00fcz konturda bir gelisme ve kirisiklik derinliginde \u00f6nemli bir azalma g\u00f6r\u00fcn\u00fcr. Bircok durumda, ikinci bir islem sadece 6-10 hafta yararli. 12 hafta sonra ile sici gerdirmesi cilt dokusu genellikle, bir baska gelisme g\u00f6r\u00fcn\u00fcr ve t\u00fcm y\u00fcz b\u00f6lgesinde. V\u00fccudun kendi kolajen \u00fcretiminin dogal aktivasyonu ile sivi gerdirmenin sonuclari uzun s\u00fcre etkilidir. Bir tekrarlama genellikle 18-24 Ay yararli. Sivi gerdirmenin Laktik asit Sculptra ile tedavinin sonrasinda ben tekrar nezaman calisabilirim? Genellikle ertesi G\u00fcn isinize geri d\u00f6nebilirsiniz ve insanlarin arasina girebilirsiniz.Kizariklamalar, k\u00fcc\u00fck hematomlar ve hafif Sislikler cikabilir,ama make up yardimiyla kapatabilirsiniz.<\/p>\n<h3>Sivi gerdirmenin Laktik asit Sculptra ile yan etkileri nedir?<\/h3>\n<p>Injeksiyon sonrasi kizariklar olabilir,hafif Sislikler veya mavi lekelere tedavi b\u00f6lgesinde,ama cok uzun s\u00fcre s\u00fcrm\u00fcyorlar. Bey Doktor Kirsten sizi bizim klinige ayrintili bilgilendirir.<\/p>\n<h3>G\u00f6r\u00fcnecen Sivi gerdirme Sculpra ile varmidir?<\/h3>\n<p>Sivi gerdirme Sculptra ile asagidaki kontredikasyonlar altinda gerceklesemez:oto-bagisiklik hastaliklari, alerji veya tanidik asiri hassaslik laktik asit karsi, hipertrofik izleri veya keloid,iltihap veya enfeksiyon enjeksiyon b\u00f6lgesinde (mesela akne veya herpes vezik\u00fcller), gebelik ve emzirme. L\u00fctfen Bey Doktor Kirsten bizim klinikde berlinde bilgilendirin, yukaridakilerin herhangi bir durum veya hastalik sizde varsa.<\/p>\n<h3>Sivi gerdirme Sculptra ile \u00f6nceden neyye dikkat etmek gerekir?<\/h3>\n<p>Sivi gerdirme iki hafta \u00f6nce hicbir aspirin iceren ilaclar veya citam E preparatlar uzun s\u00fcre alinmasi gerekiyor.L\u00fctfen Bey Doktor Kirsten nizim klinikde berlinde, bu tip ilaclardan aliyorsaniz. Agri durumunda alternativ olarak parasetamol alinanilinir. 3-4 G\u00fcn sivi gerdirmenin \u00f6ncesinde alkoldan vazgeciniz. Saglikli beslenin ve kendinize dikkat edin ki cildiniz sivi gerdirmesinden sonra saglikli ve g\u00fczel g\u00f6r\u00fcns\u00fcn.<\/p>\n<h3>Sivi gerdirmesi Sculptra ile sonrasinda nasil davranmaliyim?<\/h3>\n<p>Ilk g\u00fcnlerde tedaviden sonra b\u00f6lgeler parmaklarla hafif masajla yapilabilir, esit laktik asit parcaciklari dagitmak gerekir. Sonra ilk iki hafta sivi gerdirmesi Sculptra ile gerektigi sicaklik 0\u00b0C, g\u00fcnes ya da isi (UV isinlari, sauna, buhar banyosu)\u00f6nlenebilir.<\/p>\n<h3>Svi gerdirmesi neyle birlestirebilirim?<\/h3>\n<p>Diger y\u00fcz genclestirme ile kombinasyonlar \u00f6nlemler, b\u00f6yle bir kismi gibi-lazer tedavisi, kimyasal peeling, plasma gerdirme kendi ile trombosit acisindan zengin Plasma PRP her zaman m\u00fcmk\u00fcnd\u00fcr.<\/p>\n<p>\u00d6zellikle yararli bir kombinasyon odaklanmis <a href=\"http:\/\/mesowelt.de\/produkte\/gerate\/hifu-doublo\/\" target=\"_blank\" rel=\"noopener noreferrer\">HiFu Ultraschall Doublo\u00ae<\/a> veya Ulthera\u00ae. B\u00f6ylece odaklanmis ultrasonik dalgalarla bir germe bulunan kaslarda derine yapilir, cilt y\u00fczeye zarar vermeden. Cilt y\u00fcz\u00fcn Kolajen katina odaklanmis termal etkisi HiFu ultrasonikle g\u00fcclendirilir ve y\u00fcz\u00fcn\u00fcz daha g\u00fccl\u00fc gerdirilir. Tedavinin odaklanmis <a href=\"http:\/\/mesowelt.de\/produkte\/gerate\/hifu-doublo\/\" target=\"_blank\" rel=\"noopener noreferrer\">HiFu Ultraschall Doublo\u00ae<\/a> sivi gerdirmesinden \u00f6nce yapilmalidir.<\/p>\n<h3>Sivi gerdirmes Sculptra ile nekadar \u00fccretlidir?<\/h3>\n<p>Sivi gerdirmenin fiyati Sculptra ile tamam baglidir, hangi b\u00f6lgeler tedavi edildigini ve nekadar miktarda Polylaktik asiti gereklidir. Bey Doktor Kirsten bizim Berlindeki Klinikde size detayli bir danisma cercevesinde, fiyatini s\u00f6yliyebilir.<\/p>\n<p>T\u00fcm tedavi konseptleri size g\u00f6re yapiyoruz ve ayarliyoruz.severek Bey Doktor Kirsten, size zaman ayirip ve sizin isteklerinizi konusmak icin.bu tedavi sohbeti Doktor Kirsten ile herzaman <a href=\"https:\/\/kirsten-derma.de\/sivi-kaldirma-berlin.html\">Onlinetermin<\/a> veya telefonla bizim praximizda alabilirsiniz.<\/p>\n<\/div>\n<\/div>\n","protected":false},"excerpt":{"rendered":"<p>Berlin`de uygulama klinigi Doktor Kirsten Liquid sivi kaldirma Tanidik Kelimeler: Laktik asit y\u00fczdeki cildin gerdirme icin arasina enjeksiyon, kirisiklik tedavisi Poly-L-Laktik asitiyle, Laktik asit hacmi bilesim. Genel Cilt yaslanmasi ile baglantili olarak yillardir cesitli ic de dis fakt\u00f6rler bag dokusunda kolajen \u00fcretimini artirmak azalir. B\u00f6ylece, cilt daha ince ve daha az esnek, cilt y\u00fczeyinde k\u00fcc\u00fck cizgiler ve kirisikliklar daha cok g\u00f6r\u00fcn\u00fcr. Bir sivi lifting nedir? Sivi Lifting uygulama klinigi Doktor Kirsten Berlinde alternativ olarak y\u00fcz gerdirme cerrahi. Aksine enjeksiyon altina,zamanla [&hellip;]<\/p>\n","protected":false},"author":2,"featured_media":0,"parent":0,"menu_order":0,"comment_status":"closed","ping_status":"closed","template":"","meta":{"footnotes":""},"tags":[],"class_list":["post-98","page","type-page","status-publish","hentry"],"yoast_head":"<!-- This site is optimized with the Yoast SEO Premium plugin v22.5 (Yoast SEO v16.4) - https:\/\/yoast.com\/wordpress\/plugins\/seo\/ -->\n<title>Liquid Lifting\/Liquidlift (Hyaluron + Polymilchs\u00e4ure) in Berlin - Hautstraffung ohne OP- Kirsten-dermaLiquid Lifting\/Liquidlift (Hyaluron + Polymilchs\u00e4ure) in Berlin - Hautstraffung ohne OP - Kirsten-derma<\/title>\n<meta name=\"description\" content=\"Herr Kirsten in Berlin ist Facharzt f\u00fcr Dermatologie, kompetenter Facharzt, Behandlungsqualit\u00e4t auf hohem Niveau, und informiert \u00fcber Sch\u00f6nheitsoperationen wie die Fettabsaugung, Fettabsaugen, Eigenfetttransplantation, Faltenbehandlung, Stammzellen, Plasmalifting, Facelifting ohne Skalpell, Fadenlifting und Faltenunterspritzung.Dr. Kirsten in Berlin ist Facharzt f\u00fcr Dermatologie, kompetenter Facharzt, Behandlungsqualit\u00e4t auf hohem Niveau, und informiert \u00fcber Sch\u00f6nheitsoperationen wie die Fettabsaugung, Fettabsaugen, Eigenfetttransplantation, Faltenbehandlung, Stammzellen, Plasmalifting, Facelifting ohne Skalpell, Fadenlifting und Faltenunterspritzung.\" \/>\n<meta name=\"robots\" content=\"index, follow, max-snippet:-1, max-image-preview:large, max-video-preview:-1\" \/>\n<link rel=\"canonical\" href=\"https:\/\/kirsten-derma.de\/liquid-lifting-ohne-op-berlin\/\" \/>\n<meta property=\"og:locale\" content=\"tr_TR\" \/>\n<meta property=\"og:type\" content=\"article\" \/>\n<meta property=\"og:title\" content=\"Liquid Lifting\/Liquidlift (Hyaluron + Polymilchs\u00e4ure) in Berlin - Hautstraffung ohne OP- Kirsten-dermaLiquid Lifting\/Liquidlift (Hyaluron + Polymilchs\u00e4ure) in Berlin - Hautstraffung ohne OP - Kirsten-derma\" \/>\n<meta property=\"og:description\" content=\"Herr Kirsten in Berlin ist Facharzt f\u00fcr Dermatologie, kompetenter Facharzt, Behandlungsqualit\u00e4t auf hohem Niveau, und informiert \u00fcber Sch\u00f6nheitsoperationen wie die Fettabsaugung, Fettabsaugen, Eigenfetttransplantation, Faltenbehandlung, Stammzellen, Plasmalifting, Facelifting ohne Skalpell, Fadenlifting und Faltenunterspritzung.Dr. Kirsten in Berlin ist Facharzt f\u00fcr Dermatologie, kompetenter Facharzt, Behandlungsqualit\u00e4t auf hohem Niveau, und informiert \u00fcber Sch\u00f6nheitsoperationen wie die Fettabsaugung, Fettabsaugen, Eigenfetttransplantation, Faltenbehandlung, Stammzellen, Plasmalifting, Facelifting ohne Skalpell, Fadenlifting und Faltenunterspritzung.\" \/>\n<meta property=\"og:url\" content=\"https:\/\/kirsten-derma.de\/liquid-lifting-ohne-op-berlin\/\" \/>\n<meta property=\"og:site_name\" content=\"Praxis Juri Kirsten\" \/>\n<meta property=\"article:modified_time\" content=\"2019-06-26T11:41:13+00:00\" \/>\n<meta property=\"og:image\" content=\"https:\/\/kirsten-derma.de\/wp-content\/uploads\/2017\/02\/liquid_lifting-1.jpg\" \/>\n<meta name=\"twitter:card\" content=\"summary\" \/>\n<meta name=\"twitter:label1\" content=\"Tahmini okuma s\u00fcresi\" \/>\n\t<meta name=\"twitter:data1\" content=\"6 dakika\" \/>\n<script type=\"application\/ld+json\" class=\"yoast-schema-graph\">{\"@context\":\"https:\/\/schema.org\",\"@graph\":[{\"@type\":\"WebSite\",\"@id\":\"https:\/\/kirsten-derma.de\/#website\",\"url\":\"https:\/\/kirsten-derma.de\/\",\"name\":\"Praxis Juri Kirsten\",\"description\":\"Facharzt f\\u00fcr Dermatologie und Allergologie Juri Kirsten Berlin\",\"potentialAction\":[{\"@type\":\"SearchAction\",\"target\":\"https:\/\/kirsten-derma.de\/?s={search_term_string}\",\"query-input\":\"required name=search_term_string\"}],\"inLanguage\":\"tr\"},{\"@type\":\"ImageObject\",\"@id\":\"https:\/\/kirsten-derma.de\/liquid-lifting-ohne-op-berlin\/#primaryimage\",\"inLanguage\":\"tr\",\"url\":\"https:\/\/kirsten-derma.de\/wp-content\/uploads\/2017\/02\/liquid_lifting-1.jpg\",\"contentUrl\":\"https:\/\/kirsten-derma.de\/wp-content\/uploads\/2017\/02\/liquid_lifting-1.jpg\",\"width\":724,\"height\":350,\"caption\":\"Liquid Lifting in der Praxisklinik Doktor Kirsten in Berlin\"},{\"@type\":\"WebPage\",\"@id\":\"https:\/\/kirsten-derma.de\/liquid-lifting-ohne-op-berlin\/#webpage\",\"url\":\"https:\/\/kirsten-derma.de\/liquid-lifting-ohne-op-berlin\/\",\"name\":\"Liquid Lifting\/Liquidlift (Hyaluron + Polymilchs\\u00e4ure) in Berlin - Hautstraffung ohne OP- Kirsten-dermaLiquid Lifting\/Liquidlift (Hyaluron + Polymilchs\\u00e4ure) in Berlin - Hautstraffung ohne OP - Kirsten-derma\",\"isPartOf\":{\"@id\":\"https:\/\/kirsten-derma.de\/#website\"},\"primaryImageOfPage\":{\"@id\":\"https:\/\/kirsten-derma.de\/liquid-lifting-ohne-op-berlin\/#primaryimage\"},\"datePublished\":\"2017-02-12T15:41:08+00:00\",\"dateModified\":\"2019-06-26T11:41:13+00:00\",\"description\":\"Herr Kirsten in Berlin ist Facharzt f\\u00fcr Dermatologie, kompetenter Facharzt, Behandlungsqualit\\u00e4t auf hohem Niveau, und informiert \\u00fcber Sch\\u00f6nheitsoperationen wie die Fettabsaugung, Fettabsaugen, Eigenfetttransplantation, Faltenbehandlung, Stammzellen, Plasmalifting, Facelifting ohne Skalpell, Fadenlifting und Faltenunterspritzung.Dr. Kirsten in Berlin ist Facharzt f\\u00fcr Dermatologie, kompetenter Facharzt, Behandlungsqualit\\u00e4t auf hohem Niveau, und informiert \\u00fcber Sch\\u00f6nheitsoperationen wie die Fettabsaugung, Fettabsaugen, Eigenfetttransplantation, Faltenbehandlung, Stammzellen, Plasmalifting, Facelifting ohne Skalpell, Fadenlifting und Faltenunterspritzung.\",\"breadcrumb\":{\"@id\":\"https:\/\/kirsten-derma.de\/liquid-lifting-ohne-op-berlin\/#breadcrumb\"},\"inLanguage\":\"tr\",\"potentialAction\":[{\"@type\":\"ReadAction\",\"target\":[\"https:\/\/kirsten-derma.de\/liquid-lifting-ohne-op-berlin\/\"]}]},{\"@type\":\"BreadcrumbList\",\"@id\":\"https:\/\/kirsten-derma.de\/liquid-lifting-ohne-op-berlin\/#breadcrumb\",\"itemListElement\":[{\"@type\":\"ListItem\",\"position\":1,\"item\":{\"@type\":\"WebPage\",\"@id\":\"https:\/\/kirsten-derma.de\/\",\"url\":\"https:\/\/kirsten-derma.de\/\",\"name\":\"Startseite\"}},{\"@type\":\"ListItem\",\"position\":2,\"item\":{\"@id\":\"https:\/\/kirsten-derma.de\/liquid-lifting-ohne-op-berlin\/#webpage\"}}]}]}<\/script>\n<!-- \/ Yoast SEO Premium plugin. -->","_links":{"self":[{"href":"https:\/\/kirsten-derma.de\/tr\/wp-json\/wp\/v2\/pages\/98","targetHints":{"allow":["GET"]}}],"collection":[{"href":"https:\/\/kirsten-derma.de\/tr\/wp-json\/wp\/v2\/pages"}],"about":[{"href":"https:\/\/kirsten-derma.de\/tr\/wp-json\/wp\/v2\/types\/page"}],"author":[{"embeddable":true,"href":"https:\/\/kirsten-derma.de\/tr\/wp-json\/wp\/v2\/users\/2"}],"replies":[{"embeddable":true,"href":"https:\/\/kirsten-derma.de\/tr\/wp-json\/wp\/v2\/comments?post=98"}],"version-history":[{"count":0,"href":"https:\/\/kirsten-derma.de\/tr\/wp-json\/wp\/v2\/pages\/98\/revisions"}],"wp:attachment":[{"href":"https:\/\/kirsten-derma.de\/tr\/wp-json\/wp\/v2\/media?parent=98"}],"wp:term":[{"taxonomy":"post_tag","embeddable":true,"href":"https:\/\/kirsten-derma.de\/tr\/wp-json\/wp\/v2\/tags?post=98"}],"curies":[{"name":"wp","href":"https:\/\/api.w.org\/{rel}","templated":true}]}}