{"id":996,"date":"2017-02-19T15:17:49","date_gmt":"2017-02-19T14:17:49","guid":{"rendered":"http:\/\/kd.myderma.de\/?page_id=996"},"modified":"2017-02-19T15:17:49","modified_gmt":"2017-02-19T14:17:49","slug":"sitemap","status":"publish","type":"page","link":"https:\/\/kirsten-derma.de\/tr\/site-haritasi\/","title":{"rendered":"Sitemap"},"content":{"rendered":"\n<!-- Page-list plugin v.4.3 wordpress.org\/plugins\/page-list\/ -->\n<ul class=\"page-list \">\n<li class=\"page_item page-item-130\"><a href=\"https:\/\/kirsten-derma.de\/tr\/kan-cilt-lekeleri-tedavisi-berlin\/\">Blutschw\u00e4mmchen entfernen in Berlin<\/a><\/li>\n<li class=\"page_item page-item-3281\"><a href=\"https:\/\/kirsten-derma.de\/tr\/datenschutz\/\">Datenschutzerkl\u00e4rung<\/a><\/li>\n<li class=\"page_item page-item-1002\"><a href=\"https:\/\/kirsten-derma.de\/tr\/impressum\/\">Impressum<\/a><\/li>\n<li class=\"page_item page-item-954\"><a href=\"https:\/\/kirsten-derma.de\/tr\/yol\/\">Kontakt\/Anfahrt<\/a><\/li>\n<li class=\"page_item page-item-996\"><a href=\"https:\/\/kirsten-derma.de\/tr\/site-haritasi\/\">Sitemap<\/a><\/li>\n<li class=\"page_item page-item-981\"><a href=\"https:\/\/kirsten-derma.de\/tr\/videolar\/\">Videos<\/a><\/li>\n<li class=\"page_item page-item-43\"><a href=\"https:\/\/kirsten-derma.de\/tr\/goz-alti-morluklari-lazer-hyaluronik\/\">G\u00f6z Halkalari<\/a><\/li>\n<li class=\"page_item page-item-179\"><a href=\"https:\/\/kirsten-derma.de\/tr\/deutsch-behandlung-der-hyperhidrose-in-der-praxisklinik-doktor-kirsten-in-berlin\/\">Hiperhidrozun Herr Kirsten uygulama muyanesinde Berlin tedavisi<\/a><\/li>\n<li class=\"page_item page-item-185\"><a href=\"https:\/\/kirsten-derma.de\/tr\/hiperhidrozun-radio-dalgali-termo-terapisi\/\">Hiperhidrozun radio dalgali-Termo terapisi (RFTT) ile tedavisi bizim ugulama muyanede Juri Kirsten Berlinde<\/a><\/li>\n<li class=\"page_item page-item-177\"><a href=\"https:\/\/kirsten-derma.de\/tr\/catlak-tedavisi-berlin\/\">Gebellik catlaklar ve yirtiklarin tedavisi<\/a><\/li>\n<li class=\"page_item page-item-107\"><a href=\"https:\/\/kirsten-derma.de\/tr\/iplikgerdirmesi-silhoutte-yumusak-lift-berlin\/\">Bidirektionales resorbierbares Silhouette Soft\u2122 Fadenlifting in der Praxisklinik in Berlin<\/a><\/li>\n<li class=\"page_item page-item-124\"><a href=\"https:\/\/kirsten-derma.de\/tr\/kimyasal-peeling-berlin\/\">Kimyasal peeling uygulama Doktor Kirsten<\/a><\/li>\n<li class=\"page_item page-item-32\"><a href=\"https:\/\/kirsten-derma.de\/tr\/cilt-analizi-ve-bilgisayar-berlin\/\">Computergesteurte Hautanalyse<\/a><\/li>\n<li class=\"page_item page-item-149\"><a href=\"https:\/\/kirsten-derma.de\/tr\/tombul-yanaklardan-ve-gidiktan-nasil-kurtulmak-berlin\/\">Gidik yok etme\/Tombul Yanaklar yok etme<\/a><\/li>\n<li class=\"page_item page-item-128\"><a href=\"https:\/\/kirsten-derma.de\/tr\/yuzde-kilcal-damar-catlamasi-berlin\/\">Y\u00fczdeki kilcal genislemis damarlarin KTP Lazer ile alinmasi Berlin muyanemizde<\/a><\/li>\n<li class=\"page_item page-item-64\"><a href=\"https:\/\/kirsten-derma.de\/tr\/kirisiklari-tedavi-yontemleri-berlin\/\">Faltenbehandlungen Berlin \/ Faltenunterspritzen<\/a><\/li>\n<li class=\"page_item page-item-62\"><a href=\"https:\/\/kirsten-derma.de\/tr\/hyaluronik-asit-dolgu-maddeleriyle-yuz-germe-berlin\/\">Hyaluronik asit tedavileri<\/a><\/li>\n<li class=\"page_item page-item-171\"><a href=\"https:\/\/kirsten-derma.de\/tr\/fazla-yaglardan-kurtaran-yontem-enjeksiyon-lipoliz-berlin\/\">Yok-etme-Siringa<\/a><\/li>\n<li class=\"page_item page-item-169\"><a href=\"https:\/\/kirsten-derma.de\/tr\/yag-aldirma-berlin\/\">Liposuction (Yag Aldirma)<\/a><\/li>\n<li class=\"page_item page-item-126\"><a href=\"https:\/\/kirsten-derma.de\/tr\/lazerle-akne-izi-tedavisi-berlin\/\">Cildin Fraksiyonel CO2 Lazer Tedavisi uygulama Doktor Kirsten Juri Berlinde Kirisikliklarda, isik hasar g\u00f6ren ciltde, akne izleri ve atrofik yaralarda<\/a><\/li>\n<li class=\"page_item page-item-41\"><a href=\"https:\/\/kirsten-derma.de\/tr\/yuz\/\">Y\u00fcz<\/a><\/li>\n<li class=\"page_item page-item-145\"><a href=\"https:\/\/kirsten-derma.de\/tr\/boyun\/\">Boyun<\/a><\/li>\n<li class=\"page_item page-item-155\"><a href=\"https:\/\/kirsten-derma.de\/tr\/eller\/\">H\u00e4nde<\/a><\/li>\n<li class=\"page_item page-item-163\"><a href=\"https:\/\/kirsten-derma.de\/tr\/el-genclestirme-berlin\/\">El genclestirme<\/a><\/li>\n<li class=\"page_item page-item-95\"><a href=\"https:\/\/kirsten-derma.de\/tr\/hifu-lifting-berlin\/\">Doublo Ultraschall Lifting<\/a><\/li>\n<li class=\"page_item page-item-167\"><a href=\"https:\/\/kirsten-derma.de\/tr\/vucut\/\">V\u00fccut<\/a><\/li>\n<li class=\"page_item page-item-60\"><a href=\"https:\/\/kirsten-derma.de\/tr\/dudak-sisirmesi-hyaluronik-ameliyatsiz-berlin\/\">Dudak B\u00fcy\u00fctmesi hyaluronik asitiyle<\/a><\/li>\n<li class=\"page_item page-item-58\"><a href=\"https:\/\/kirsten-derma.de\/tr\/ameliyatsiz-dudak-dolgusu\/\">Ameliyatsiz Dudak Sisirmesi<\/a><\/li>\n<li class=\"page_item page-item-98\"><a href=\"https:\/\/kirsten-derma.de\/tr\/sivi-kaldirma-berlin\/\">Liquid Lifting in der Praxisklinik Doktor Kirsten in Berlin<\/a><\/li>\n<li class=\"page_item page-item-132\"><a href=\"https:\/\/kirsten-derma.de\/tr\/estetik-yuz-mezoterapisi-berlin\/\">Mesotherapie in der Praxis Herr Juri Kirsten in Berlin<\/a><\/li>\n<li class=\"page_item page-item-175\"><a href=\"https:\/\/kirsten-derma.de\/tr\/yara-tedavileri-berlin\/\">Herr Kirstenin uygulama kliniginde Iz tedavileri Berlinde<\/a><\/li>\n<li class=\"page_item page-item-147\"><a href=\"https:\/\/kirsten-derma.de\/tr\/boyun-kirisikliklar-ultherapy-uygulamasi-berlin\/\">Ameliyatsiz Boyun germe<\/a><\/li>\n<li class=\"page_item page-item-49\"><a href=\"https:\/\/kirsten-derma.de\/tr\/ameliyatsiz-goez-kapagi-kaldirma-berlin\/\">Ameliyatsiz G\u00f6z Kapagi<\/a><\/li>\n<li class=\"page_item page-item-173\"><a href=\"https:\/\/kirsten-derma.de\/tr\/ust-kol-germe-berlin\/\">\u00dcst kol germesi<\/a><\/li>\n<li class=\"page_item page-item-52\"><a href=\"https:\/\/kirsten-derma.de\/tr\/goz-kapagi-estetigi-berlin-gozkapagi-ameliyatlari\/\">Schlupflider \/ Oberlidstraffung Berlin \/ Augenlidstraffung in unserer Praxisklinik<\/a><\/li>\n<li class=\"page_item page-item-56\"><a href=\"https:\/\/kirsten-derma.de\/tr\/estetik-kulak-tedavisi-berlin\/\">Ohrenkorrektur Berlin \/ Ohrl\u00e4ppchenkorrektur in unserer Praxisklinik<\/a><\/li>\n<li class=\"page_item page-item-183\"><a href=\"https:\/\/kirsten-derma.de\/tr\/terleme-tedavisi-icin-estetik-ameliyatlar-berlin\/\">Hiperhidrosun operatif tedaviler Yag aldirma ve Koltuk altlarinin Ter bezlerinin K\u00fcrtaji Uygulama muyane Berlin Juri Kirsten<\/a><\/li>\n<li class=\"page_item page-item-23\"><a href=\"https:\/\/kirsten-derma.de\/tr\/\">Praxis f\u00fcr \u00c4sthetische Medizin und Sch\u00f6nheitsoperationen<\/a><\/li>\n<li class=\"page_item page-item-4929\"><a href=\"https:\/\/kirsten-derma.de\/tr\/uygulama-muyane-doktor-kirsten-berlin-2-2-2-2\/\">Praxis f\u00fcr \u00c4sthetische Medizin und Sch\u00f6nheitsoperationen<\/a><\/li>\n<li class=\"page_item page-item-3471\"><a href=\"https:\/\/kirsten-derma.de\/tr\/prp-ile-yuz-genclestirme-berlin\/\">Plasma ile y\u00fcz genclestirme<\/a><\/li>\n<li class=\"page_item page-item-209\"><a href=\"https:\/\/kirsten-derma.de\/tr\/deutsch-schamlippenkorrektur-berlin\/\">Schamlippenkorrektur Berlin<\/a><\/li>\n<li class=\"page_item page-item-4135\"><a href=\"https:\/\/kirsten-derma.de\/tr\/deutsch-schamlippenkorrektur-berlin-2\/\">Schamlippenkorrektur Berlin<\/a><\/li>\n<li class=\"page_item page-item-3534\"><a href=\"https:\/\/kirsten-derma.de\/tr\/deutsch-test-fuer-builder\/\">Olu\u015fturucu i\u00e7in test<\/a><\/li>\n<li class=\"page_item page-item-54\"><a href=\"https:\/\/kirsten-derma.de\/tr\/goez-kapagi-duezeltme-gozkapagi-ameliyatlari\/\">G\u00f6z kapak altinda Germesi<\/a><\/li>\n<li class=\"page_item page-item-3738\"><a href=\"https:\/\/kirsten-derma.de\/tr\/deutsch-vaginismus-behandlung-berlin\/\">Berlin&#8217;de vajinismus tedavisi<\/a><\/li>\n<li class=\"page_item page-item-153\"><a href=\"https:\/\/kirsten-derma.de\/tr\/gergin-dekolte-tedavisi-berlin\/\">Dekoltenin Genclestirmesi<\/a><\/li>\n<li class=\"page_item page-item-78\"><a href=\"https:\/\/kirsten-derma.de\/tr\/yanak-ve-elmacik-kemigi-dolgusu-berlin\/\">Wangenauff\u00fcllen in der Praxis Doktor Juri Kirsten in Berlin<\/a><\/li>\n\n<\/ul>\n","protected":false},"excerpt":{"rendered":"","protected":false},"author":2,"featured_media":0,"parent":0,"menu_order":0,"comment_status":"closed","ping_status":"closed","template":"template-both-sidebar.php","meta":{"footnotes":""},"tags":[],"class_list":["post-996","page","type-page","status-publish","hentry"],"yoast_head":"<!-- This site is optimized with the Yoast SEO Premium plugin v22.5 (Yoast SEO v16.4) - https:\/\/yoast.com\/wordpress\/plugins\/seo\/ -->\n<title>Sitemap - Praxis Juri Kirsten<\/title>\n<meta name=\"robots\" content=\"index, follow, max-snippet:-1, max-image-preview:large, max-video-preview:-1\" \/>\n<link rel=\"canonical\" href=\"https:\/\/kirsten-derma.de\/sitemap\/\" \/>\n<meta property=\"og:locale\" content=\"tr_TR\" \/>\n<meta property=\"og:type\" content=\"article\" \/>\n<meta property=\"og:title\" content=\"Sitemap - Praxis Juri Kirsten\" \/>\n<meta property=\"og:url\" content=\"https:\/\/kirsten-derma.de\/sitemap\/\" \/>\n<meta property=\"og:site_name\" content=\"Praxis Juri Kirsten\" \/>\n<meta name=\"twitter:card\" content=\"summary\" \/>\n<script type=\"application\/ld+json\" class=\"yoast-schema-graph\">{\"@context\":\"https:\/\/schema.org\",\"@graph\":[{\"@type\":\"WebSite\",\"@id\":\"https:\/\/kirsten-derma.de\/#website\",\"url\":\"https:\/\/kirsten-derma.de\/\",\"name\":\"Praxis Juri Kirsten\",\"description\":\"Facharzt f\\u00fcr Dermatologie und Allergologie Juri Kirsten Berlin\",\"potentialAction\":[{\"@type\":\"SearchAction\",\"target\":\"https:\/\/kirsten-derma.de\/?s={search_term_string}\",\"query-input\":\"required name=search_term_string\"}],\"inLanguage\":\"tr\"},{\"@type\":\"WebPage\",\"@id\":\"https:\/\/kirsten-derma.de\/sitemap\/#webpage\",\"url\":\"https:\/\/kirsten-derma.de\/sitemap\/\",\"name\":\"Sitemap - Praxis Juri Kirsten\",\"isPartOf\":{\"@id\":\"https:\/\/kirsten-derma.de\/#website\"},\"datePublished\":\"2017-02-19T14:17:49+00:00\",\"dateModified\":\"2017-02-19T14:17:49+00:00\",\"breadcrumb\":{\"@id\":\"https:\/\/kirsten-derma.de\/sitemap\/#breadcrumb\"},\"inLanguage\":\"tr\",\"potentialAction\":[{\"@type\":\"ReadAction\",\"target\":[\"https:\/\/kirsten-derma.de\/sitemap\/\"]}]},{\"@type\":\"BreadcrumbList\",\"@id\":\"https:\/\/kirsten-derma.de\/sitemap\/#breadcrumb\",\"itemListElement\":[{\"@type\":\"ListItem\",\"position\":1,\"item\":{\"@type\":\"WebPage\",\"@id\":\"https:\/\/kirsten-derma.de\/\",\"url\":\"https:\/\/kirsten-derma.de\/\",\"name\":\"Startseite\"}},{\"@type\":\"ListItem\",\"position\":2,\"item\":{\"@id\":\"https:\/\/kirsten-derma.de\/sitemap\/#webpage\"}}]}]}<\/script>\n<!-- \/ Yoast SEO Premium plugin. -->","_links":{"self":[{"href":"https:\/\/kirsten-derma.de\/tr\/wp-json\/wp\/v2\/pages\/996","targetHints":{"allow":["GET"]}}],"collection":[{"href":"https:\/\/kirsten-derma.de\/tr\/wp-json\/wp\/v2\/pages"}],"about":[{"href":"https:\/\/kirsten-derma.de\/tr\/wp-json\/wp\/v2\/types\/page"}],"author":[{"embeddable":true,"href":"https:\/\/kirsten-derma.de\/tr\/wp-json\/wp\/v2\/users\/2"}],"replies":[{"embeddable":true,"href":"https:\/\/kirsten-derma.de\/tr\/wp-json\/wp\/v2\/comments?post=996"}],"version-history":[{"count":0,"href":"https:\/\/kirsten-derma.de\/tr\/wp-json\/wp\/v2\/pages\/996\/revisions"}],"wp:attachment":[{"href":"https:\/\/kirsten-derma.de\/tr\/wp-json\/wp\/v2\/media?parent=996"}],"wp:term":[{"taxonomy":"post_tag","embeddable":true,"href":"https:\/\/kirsten-derma.de\/tr\/wp-json\/wp\/v2\/tags?post=996"}],"curies":[{"name":"wp","href":"https:\/\/api.w.org\/{rel}","templated":true}]}}